{"id":19336,"date":"2025-04-07T06:27:43","date_gmt":"2025-04-07T06:27:43","guid":{"rendered":"https:\/\/www.hydraulic-cylinders.net\/product\/boom-cylinder-for-lonking-middle-excavator-lg6235\/"},"modified":"2025-04-07T06:27:45","modified_gmt":"2025-04-07T06:27:45","slug":"boom-cylinder-for-lonking-middle-excavator-lg6235","status":"publish","type":"product","link":"https:\/\/www.hydraulic-cylinders.net\/ro\/produs\/boom-cylinder-for-lonking-middle-excavator-lg6235\/","title":{"rendered":"Cilindru de bra\u021b pentru excavatorul mijlociu Lonking LG6235"},"content":{"rendered":"<h1>Cilindru de bra\u021b pentru excavatorul mijlociu Lonking LG6235<\/h1>\n<h2>Prezentare general\u0103 a produsului<\/h2>\n<p>Cilindrul bra\u021bului pentru excavatorul Lonking LG6235 este o component\u0103 critic\u0103 \u00een sistemele hidraulice concepute pentru utilaje grele. Acest cilindru hidraulic controleaz\u0103 \u00een mod specific mi\u0219carea bra\u021bului excavatorului, fiind esen\u021bial pentru diverse aplica\u021bii \u00een lucr\u0103ri de construc\u021bii \u0219i excavare. Cilindrul bra\u021bului permite reglarea unghiului bra\u021bului, permi\u021b\u00e2nd operatorului s\u0103 ridice, s\u0103 coboare \u0219i s\u0103 \u00eencline bra\u021bul dup\u0103 cum este necesar pentru o manipulare eficient\u0103 a materialelor. Acest cilindru hidraulic este o parte esen\u021bial\u0103 a excavatorului, deoarece faciliteaz\u0103 s\u0103parea, \u00eenc\u0103rcarea \u0219i mutarea materialelor precum murd\u0103ria \u0219i resturile.<\/p>\n<p><img decoding=\"async\" src=\"https:\/\/www.hydraulic-cylinders.net\/wp-content\/uploads\/2025\/04\/songte-company-1.webp\" alt=\"Cilindru hidraulic\"><\/p>\n<h2>Caracteristicile cilindrului bra\u021bului<\/h2>\n<ul>\n<li><strong>Rezisten\u021b\u0103 \u0219i durabilitate ridicate:<\/strong> Fabricat din o\u021bel sau aluminiu de \u00eenalt\u0103 rezisten\u021b\u0103, poate suporta presiuni mari \u0219i sarcini grele, fiind potrivit pentru medii de lucru dure. Designul \u00eencorporeaz\u0103 rezisten\u021b\u0103 la uzur\u0103 \u0219i la coroziune, prelungindu-i durata de via\u021b\u0103.<\/li>\n<li><strong>Func\u021bionare hidraulic\u0103 eficient\u0103:<\/strong> Utilizeaz\u0103 presiunea uleiului hidraulic pentru a ob\u021bine o extensie \u0219i o retragere lin\u0103, oferind r\u0103spunsuri rapide la comenzile opera\u021bionale \u0219i furniz\u00e2nd for\u021be puternice de \u00eempingere-tragere pentru manipularea materialelor grele.<\/li>\n<li><strong>Diverse tipuri:<\/strong> Disponibile \u00een configura\u021bii cu ac\u021biune simpl\u0103 (ac\u021biune hidraulic\u0103 \u00eentr-o direc\u021bie) sau cu ac\u021biune dubl\u0103 (ac\u021biune hidraulic\u0103 \u00een ambele direc\u021bii) pentru a se potrivi diverselor nevoi opera\u021bionale. Anumite modele sunt telescopice, permi\u021b\u00e2nd o extensie mai mare f\u0103r\u0103 a cre\u0219te dimensiunile exterioare, perfecte pentru aplica\u021bii cu spa\u021biu limitat.<\/li>\n<li><strong>Capacitate de produc\u021bie personalizat\u0103:<\/strong> Putem fabrica acest produs pentru a \u00eenlocui perfect ace\u0219ti cilindri hidraulici, asigur\u00e2nd compatibilitate \u0219i performan\u021b\u0103.<\/li>\n<li><strong>Tehnologie avansat\u0103 de fabrica\u021bie:<\/strong> Procesele noastre de fabrica\u021bie utilizeaz\u0103 tehnologie de ultim\u0103 genera\u021bie pentru a asigura precizia \u0219i calitatea fiec\u0103rui cilindru al bra\u021bului produs.<\/li>\n<\/ul>\n<p><img decoding=\"async\" src=\"https:\/\/www.hydraulic-cylinders.net\/wp-content\/uploads\/2025\/04\/songte-cylinder-head-with-all-kinds-excavator-models.webp\" alt=\"Modele de excavatoare\"><\/p>\n<h2>Aplica\u021bii ale cilindrului bra\u021bului<\/h2>\n<h3>Echipamente de construc\u021bii<\/h3>\n<p>\u00cen excavatoare, cilindrii bra\u021bului sunt vitali pentru s\u0103pare, \u00eenc\u0103rcare \u0219i mutarea solului sau a resturilor. Capacitatea bra\u021bului de a se extinde \u0219i retrage permite operatorilor s\u0103 ajung\u0103 ad\u00e2nc \u00een p\u0103m\u00e2nt \u0219i s\u0103 ridice \u0219i s\u0103 \u00eencarce eficient materiale \u00een camioane sau gr\u0103mezi. Aceast\u0103 func\u021bionalitate este crucial\u0103 pe \u0219antierele de construc\u021bii unde sunt necesare s\u0103p\u0103turi extinse pentru funda\u021bii, s\u0103pare de \u0219an\u021buri \u0219i alte sarcini.<\/p>\n<h3>Ma\u0219ini agricole<\/h3>\n<p>\u00cen \u00eenc\u0103rc\u0103toarele frontale, cilindrii bra\u021bului sunt esen\u021biali pentru scoaterea, ridicarea \u0219i transportul solului, f\u00e2nului \u0219i altor materiale. Capacitatea de a controla \u00een\u0103l\u021bimea \u0219i unghiul bra\u021bului spore\u0219te eficien\u021ba \u00eenc\u0103rc\u0103torului \u00een diverse sarcini agricole, cum ar fi \u00eenc\u0103rcarea proviziilor sau cur\u0103\u021barea terenurilor, ceea ce \u00eel face un instrument indispensabil \u00een opera\u021biunile agricole.<\/p>\n<h3>Excavatoare<\/h3>\n<p>Cilindrul bra\u021bului permite excavatoarelor s\u0103 p\u0103trund\u0103 \u00een sol, facilit\u00e2nd ac\u021biunile de s\u0103pare. Pe m\u0103sur\u0103 ce bra\u021bul coboar\u0103, unghiul \u0219i ad\u00e2ncimea pot fi ajustate \u00een mod corespunz\u0103tor, permi\u021b\u00e2nd excava\u021bii precise. Aceast\u0103 adaptabilitate este vital\u0103 atunci c\u00e2nd se lucreaz\u0103 \u00een diferite condi\u021bii \u0219i ad\u00e2ncimi de sol, asigur\u00e2nd c\u0103 proiectele de construc\u021bii sau de amenajare a teritoriului se desf\u0103\u0219oar\u0103 f\u0103r\u0103 probleme.<\/p>\n<h3>\u00cenc\u0103rc\u0103toare<\/h3>\n<p>La \u00eenc\u0103rc\u0103toarele frontale, cilindrii bra\u021bului ajut\u0103 la ridicarea \u0219i desc\u0103rcarea eficient\u0103 a \u00eenc\u0103rc\u0103turilor. Capacitatea de a ridica cupa suficient de sus pentru a cur\u0103\u021ba platformele sau gr\u0103mezile camioanelor spore\u0219te productivitatea pe \u0219antiere. Mai mult, controlul hidraulic permite operatorilor s\u0103 gestioneze \u00eenc\u0103rc\u0103turile grele \u00een siguran\u021b\u0103 \u0219i cu precizie, reduc\u00e2nd riscul de accidente sau de deteriorare a echipamentelor.<\/p>\n<h2>Considera\u021bii de proiectare \u0219i criterii de selec\u021bie<\/h2>\n<h3>Capacitate de \u00eenc\u0103rcare<\/h3>\n<p>Atunci c\u00e2nd se selecteaz\u0103 un cilindru pentru bra\u021b, capacitatea de \u00eenc\u0103rcare este o considera\u021bie primordial\u0103. Cilindrul trebuie s\u0103 fie capabil s\u0103 suporte sarcina maxim\u0103 f\u0103r\u0103 a compromite siguran\u021ba sau performan\u021ba. Supra\u00eenc\u0103rcarea poate duce la uzur\u0103 prematur\u0103, defec\u021biuni sau chiar accidente catastrofale. Prin urmare, este crucial s\u0103 alege\u021bi un cilindru care s\u0103 \u00eendeplineasc\u0103 sau s\u0103 dep\u0103\u0219easc\u0103 cerin\u021bele opera\u021bionale ale echipamentului.<\/p>\n<h3>Performan\u021ba de etan\u0219are<\/h3>\n<p>Etan\u0219area eficient\u0103 previne scurgerile de fluid hidraulic \u0219i men\u021bine presiunea, crucial\u0103 pentru o performan\u021b\u0103 constant\u0103. Etan\u0219\u0103rile de \u00eenalt\u0103 calitate asigur\u0103 fiabilitatea \u0219i longevitatea sistemului hidraulic. Inspec\u021bia \u0219i \u00eentre\u021binerea regulat\u0103 a etan\u0219\u0103rilor sunt necesare pentru a preveni pierderile de fluid, ceea ce poate duce la performan\u021be reduse \u0219i la cre\u0219terea costurilor opera\u021bionale.<\/p>\n<h3>Durabilitate<\/h3>\n<p>Durabilitatea este esen\u021bial\u0103 pentru cilindrii hidraulici utiliza\u021bi \u00een medii solicitante. Ace\u0219tia trebuie s\u0103 reziste la condi\u021bii dure, inclusiv temperaturi extreme, umiditate \u0219i materiale abrazive. Selectarea materialelor care rezist\u0103 la coroziune \u0219i uzur\u0103, cum ar fi o\u021belul de \u00eenalt\u0103 rezisten\u021b\u0103 sau acoperirile specializate, \u00eembun\u0103t\u0103\u021be\u0219te durata de via\u021b\u0103 \u0219i fiabilitatea cilindrului.<\/p>\n<h3>Caracteristici de siguran\u021b\u0103<\/h3>\n<p>Incorporarea caracteristicilor de siguran\u021b\u0103 \u00een proiectarea cilindrilor bra\u021bului este esen\u021bial\u0103. Caracteristici precum supapele de suprapresiune previn suprapresurizarea, reduc\u00e2nd riscul de accidente. \u00cen plus, asigurarea faptului c\u0103 cilindrul este echipat cu mecanisme de siguran\u021b\u0103 spore\u0219te siguran\u021ba opera\u021bional\u0103 pentru operator \u0219i personalul din jur.<\/p>\n<h3>Accesibilitate pentru \u00eentre\u021binere<\/h3>\n<p>Proiectarea cilindrilor hidraulici av\u00e2nd \u00een vedere accesibilitatea pentru \u00eentre\u021binere simplific\u0103 verific\u0103rile \u0219i service-ul de rutin\u0103. Caracteristici precum garniturile u\u0219or \u00eenlocuibile \u0219i orificiile accesibile pentru lubrifiere simplific\u0103 procedurile de \u00eentre\u021binere, asigur\u00e2nd c\u0103 cilindrul r\u0103m\u00e2ne \u00een stare optim\u0103 de func\u021bionare \u0219i \u00eei prelunge\u0219te ciclul de via\u021b\u0103.<\/p>\n<p><img decoding=\"async\" src=\"https:\/\/www.hydraulic-cylinders.net\/wp-content\/uploads\/2025\/04\/songte-oil-pipes-and-spare-parts.webp\" alt=\"Conducte de petrol \u0219i piese de schimb\"><\/p>\n<h2>Etan\u0219are \u0219i lubrifiere<\/h2>\n<p>Etan\u0219area \u0219i lubrifierea cilindrilor hidraulici sunt vitale pentru func\u021bionalitatea \u0219i longevitatea acestora. Diverse garnituri, inclusiv garnituri pentru piston \u0219i garnituri pentru tij\u0103, sunt utilizate pentru a preveni scurgerile \u0219i a men\u021bine presiunea. Garniturile fabricate din materiale durabile, cum ar fi poliuretanul \u0219i cauciucul nitrilic, sunt ideale pentru a rezista la uzur\u0103. \u00cen plus, corpul cilindrului \u0219i capetele filetate sunt supuse unor prelucr\u0103ri fine pentru a spori rezisten\u021ba la uzur\u0103. Lubrifierea regulat\u0103 cu un ulei hidraulic adecvat este esen\u021bial\u0103 pentru a asigura o func\u021bionare lin\u0103 \u0219i a preveni deteriorarea cauzat\u0103 de frecare.<\/p>\n<h2>Inspec\u021bie regulat\u0103 \u0219i m\u0103suri de \u00eentre\u021binere preventiv\u0103<\/h2>\n<ul>\n<li><strong>Inspec\u021bii regulate:<\/strong> Efectuarea inspec\u021biilor de rutin\u0103 ale sistemului hidraulic, inclusiv ale cilindrului bra\u021bului, este crucial\u0103 pentru a identifica orice semne de uzur\u0103, scurgeri sau deteriorare. Verificarea scurgerilor de ulei \u0219i asigurarea integrit\u0103\u021bii garniturilor pot preveni probleme mai semnificative pe viitor.<\/li>\n<li><strong>Lubrifiere adecvat\u0103:<\/strong> Asigurarea lubrifierii adecvate a cilindrului hidraulic ajut\u0103 la prevenirea uzurii \u0219i a frec\u0103rii. Verificarea \u0219i completarea regulat\u0103 a uleiului hidraulic sunt esen\u021biale pentru men\u021binerea performan\u021belor optime.<\/li>\n<li><strong>\u00cenlocuirea garniturii:<\/strong> Garniturile trebuie inspectate periodic \u0219i \u00eenlocuite dup\u0103 cum este necesar pentru a men\u021bine integritatea sistemului hidraulic. Garniturile deteriorate pot duce la scurgeri \u0219i la performan\u021be reduse, ceea ce face ca \u00eenlocuirea la timp s\u0103 fie crucial\u0103.<\/li>\n<\/ul>\n<h2>Instruc\u021biuni de instalare<\/h2>\n<p>Instalarea corect\u0103 a cilindrului bra\u021bului este esen\u021bial\u0103 pentru o performan\u021b\u0103 optim\u0103. \u00cencepe\u021bi prin a v\u0103 asigura c\u0103 cilindrul \u0219i punctele de montare sunt curate \u0219i f\u0103r\u0103 resturi. Alinia\u021bi cilindrul cu precizie cu consolele de montare, utiliz\u00e2nd suporturi de montare adecvate pentru a fixa cilindrul \u00een pozi\u021bie. Str\u00e2nge\u021bi toate \u0219uruburile conform specifica\u021biilor produc\u0103torului, asigur\u00e2ndu-v\u0103 c\u0103 cilindrul este sus\u021binut \u0219i aliniat \u00een mod adecvat. Dup\u0103 instalare, efectua\u021bi o inspec\u021bie am\u0103nun\u021bit\u0103 pentru a verifica dac\u0103 exist\u0103 nealinieri sau poten\u021biale obstruc\u021bii. Alinierea corect\u0103 este crucial\u0103 pentru a preveni solicitarea excesiv\u0103 a cilindrului \u0219i a componentelor aferente.<\/p>\n<h2>Sarcini comune de \u00eentre\u021binere<\/h2>\n<ul>\n<li><strong>Inspec\u021bii regulate:<\/strong> Verific\u0103rile frecvente pentru scurgeri, uzur\u0103 \u0219i func\u021bionalitate general\u0103 sunt esen\u021biale pentru a asigura func\u021bionarea eficient\u0103 a cilindrului hidraulic. Inspectarea furtunurilor \u0219i conexiunilor pentru semne de uzur\u0103 este, de asemenea, critic\u0103.<\/li>\n<li><strong>Lubrifiere adecvat\u0103:<\/strong> Asigura\u021bi-v\u0103 c\u0103 sistemul hidraulic este lubrifiat periodic cu uleiul hidraulic recomandat pentru a preveni frecarea \u0219i uzura. Men\u021binerea unui nivel adecvat de ulei este crucial\u0103 pentru o func\u021bionare corect\u0103.<\/li>\n<li><strong>\u00cenlocuirea garniturii:<\/strong> Evalua\u021bi periodic starea garniturilor \u0219i \u00eenlocui\u021bi-le dup\u0103 cum este necesar. Deteriorarea garniturilor poate duce la scurgeri \u0219i probleme de performan\u021b\u0103, a\u0219adar \u00eentre\u021binerea proactiv\u0103 este esen\u021bial\u0103.<\/li>\n<\/ul>\n<p>Instalarea, lubrifierea \u0219i reglajele corecte sunt vitale pentru longevitatea cilindrului bra\u021bului. Se recomand\u0103 utilizarea unor console de montare adecvate pentru a fixa cilindrul \u0219i a asigura o aliniere corect\u0103. Respectarea instruc\u021biunilor produc\u0103torului pentru inspec\u021bie, reparare \u0219i \u00eenlocuire va ajuta la maximizarea duratei de via\u021b\u0103 \u0219i a eficien\u021bei cilindrului.<\/p>\n<p><img decoding=\"async\" src=\"https:\/\/www.hydraulic-cylinders.net\/wp-content\/uploads\/2025\/04\/songte-chushion-collar.webp\" alt=\"Guler de pern\u0103\"><\/p>\n<h2>Considera\u021bii de siguran\u021b\u0103 \u0219i factori de mediu<\/h2>\n<p>M\u0103surile de siguran\u021b\u0103 sunt primordiale atunci c\u00e2nd se opereaz\u0103 sisteme hidraulice, inclusiv cilindrii bra\u021bului. Operatorii trebuie instrui\u021bi s\u0103 recunoasc\u0103 pericolele poten\u021biale asociate cu ma\u0219inile hidraulice, cum ar fi presiunea ridicat\u0103 \u0219i piesele mobile. \u00cen timpul func\u021bion\u0103rii \u0219i \u00eentre\u021binerii, trebuie purtat echipament individual de protec\u021bie (EIP) adecvat. \u00cen plus, trebuie acordat\u0103 aten\u021bie factorilor de mediu, cum ar fi scurgerile de fluide, care pot afecta at\u00e2t siguran\u021ba personalului, c\u00e2t \u0219i mediul \u00eenconjur\u0103tor. Implementarea m\u0103surilor de izolare a scurgerilor \u0219i eliminarea corect\u0103 a fluidelor hidraulice protejeaz\u0103 at\u00e2t operatorii, c\u00e2t \u0219i mediul \u00eenconjur\u0103tor.<\/p>\n<h2>Diagnosticarea defec\u021biunilor \u0219i probleme frecvente<\/h2>\n<ul>\n<li><strong>Scurgere de lichid hidraulic:<\/strong> Scurgerile pot indica uzura garniturilor de etan\u0219are sau deteriorarea cilindrului. Este esen\u021bial s\u0103 inspecta\u021bi garniturile \u00een mod regulat \u0219i s\u0103 le \u00eenlocui\u021bi atunci c\u00e2nd este necesar pentru a preveni pierderea de lichid.<\/li>\n<li><strong>Performan\u021b\u0103 redus\u0103:<\/strong> Dac\u0103 cilindrul bra\u021bului nu func\u021bioneaz\u0103 conform a\u0219tept\u0103rilor, acest lucru poate indica uzur\u0103 intern\u0103 sau niveluri sc\u0103zute de lichid hidraulic. Verific\u0103rile \u0219i \u00eentre\u021binerea regulat\u0103 pot ajuta la identificarea \u0219i rezolvarea prompt\u0103 a acestor probleme.<\/li>\n<li><strong>Func\u021bionare zgomotoas\u0103:<\/strong> Zgomotele neobi\u0219nuite \u00een timpul func\u021bion\u0103rii pot semnala probleme mecanice \u00een interiorul cilindrului. Inspectarea pentru depistarea de\u0219eurilor sau a deterior\u0103rii poate ajuta la diagnosticarea cauzei zgomotului.<\/li>\n<\/ul>\n<h2>Sfaturi de depanare<\/h2>\n<p>Pentru a diagnostica \u0219i remedia eficient defec\u021biunile cilindrului bra\u021bului, operatorii ar trebui s\u0103 urmeze aceste sfaturi: \u00cencepe\u021bi prin a verifica nivelurile fluidului hidraulic \u0219i reumple\u021bi-l dac\u0103 este necesar. Inspecta\u021bi garniturile pentru uzur\u0103 sau deteriorare, \u00eenlocuindu-le pentru a preveni scurgerile. Dac\u0103 problemele de performan\u021b\u0103 persist\u0103, examina\u021bi sistemul hidraulic pentru blocaje sau componente deteriorate. M\u0103surile preventive regulate, cum ar fi inspec\u021biile \u0219i \u00eentre\u021binerea la timp, pot reduce semnificativ probabilitatea apari\u021biei problemelor, asigur\u00e2nd o func\u021bionare f\u0103r\u0103 probleme.<\/p>\n<p><img decoding=\"async\" src=\"https:\/\/www.hydraulic-cylinders.net\/wp-content\/uploads\/2025\/04\/songte-bushings-with-all-kinds-of-excavator-models.webp\" alt=\"Buc\u0219e cu modele de excavatoare\"><\/p>\n<h2>Despre compania noastr\u0103<\/h2>\n<p>Suntem un produc\u0103tor specializat \u00een alternative pentru cilindri hidraulici. Cu o gam\u0103 divers\u0103 de produse, am devenit unul dintre principalii produc\u0103tori \u0219i angrosi\u0219ti \u200b\u200bde cilindri hidraulici at\u00e2t pe pia\u021ba intern\u0103, c\u00e2t \u0219i pe cea interna\u021bional\u0103. Ader\u0103m la principiul calit\u0103\u021bii excelente, baz\u00e2ndu-ne pe un atelier de fabrica\u021bie rafinat \u0219i o strategie de management al produc\u021biei industriale. Compania noastr\u0103 \u00ee\u0219i \u00eembun\u0103t\u0103\u021be\u0219te continuu platforma de produc\u021bie prin utilizarea talentelor tehnice, a echipamentelor digitale avansate de fabrica\u021bie \u0219i a sistemelor de testare profesionale, ating\u00e2nd un nivel ridicat de precizie \u0219i calitate.<\/p>\n<p><img decoding=\"async\" src=\"https:\/\/www.hydraulic-cylinders.net\/wp-content\/uploads\/2025\/04\/songte-company-4.webp\" alt=\"Prezentare general\u0103 a companiei\"><br \/>\n<img decoding=\"async\" src=\"https:\/\/www.hydraulic-cylinders.net\/wp-content\/uploads\/2025\/04\/songte-company-3.webp\" alt=\"Facilit\u0103\u021bi ale companiei\"><\/p>\n<p>Cu accent pe profesionalism, certific\u0103ri interna\u021bionale \u0219i servicii personalizate, oferim solu\u021bii complete adaptate nevoilor clien\u021bilor no\u0219tri. Echipamentele noastre de produc\u021bie sunt de ultim\u0103 genera\u021bie, asigur\u00e2nd \u00eendeplinirea celor mai \u00eenalte standarde din industrie. \u00cen plus, serviciul nostru post-v\u00e2nzare este dedicat satisfac\u021biei clien\u021bilor, oferind asisten\u021b\u0103 \u0219i solu\u021bii mult timp dup\u0103 v\u00e2nzarea ini\u021bial\u0103.<\/p>\n<p>Autor: lyl<\/p>","protected":false},"excerpt":{"rendered":"<p>Boom Cylinder For Lonking Middle Excavator LG6235 Product Overview The Boom Cylinder for Lonking Middle Excavator LG6235 is a critical component in hydraulic systems designed for heavy machinery. This hydraulic cylinder specifically controls the movement of the excavator&#8217;s boom, making it essential for various applications in construction and excavation tasks. The boom cylinder allows for [&hellip;]<\/p>","protected":false},"featured_media":17871,"comment_status":"open","ping_status":"closed","template":"","meta":{"_et_pb_use_builder":"","_et_pb_old_content":"","_et_gb_content_width":""},"product_brand":[],"product_cat":[1546],"product_tag":[1547,1496],"class_list":{"0":"post-19336","1":"product","2":"type-product","3":"status-publish","4":"has-post-thumbnail","6":"product_cat-boom-cylinders","7":"product_tag-boom-cylinders","8":"product_tag-hydraulic-cylinders","10":"first","11":"instock","12":"shipping-taxable","13":"product-type-simple"},"amp_enabled":true,"_links":{"self":[{"href":"https:\/\/www.hydraulic-cylinders.net\/ro\/wp-json\/wp\/v2\/product\/19336","targetHints":{"allow":["GET"]}}],"collection":[{"href":"https:\/\/www.hydraulic-cylinders.net\/ro\/wp-json\/wp\/v2\/product"}],"about":[{"href":"https:\/\/www.hydraulic-cylinders.net\/ro\/wp-json\/wp\/v2\/types\/product"}],"replies":[{"embeddable":true,"href":"https:\/\/www.hydraulic-cylinders.net\/ro\/wp-json\/wp\/v2\/comments?post=19336"}],"wp:featuredmedia":[{"embeddable":true,"href":"https:\/\/www.hydraulic-cylinders.net\/ro\/wp-json\/wp\/v2\/media\/17871"}],"wp:attachment":[{"href":"https:\/\/www.hydraulic-cylinders.net\/ro\/wp-json\/wp\/v2\/media?parent=19336"}],"wp:term":[{"taxonomy":"product_brand","embeddable":true,"href":"https:\/\/www.hydraulic-cylinders.net\/ro\/wp-json\/wp\/v2\/product_brand?post=19336"},{"taxonomy":"product_cat","embeddable":true,"href":"https:\/\/www.hydraulic-cylinders.net\/ro\/wp-json\/wp\/v2\/product_cat?post=19336"},{"taxonomy":"product_tag","embeddable":true,"href":"https:\/\/www.hydraulic-cylinders.net\/ro\/wp-json\/wp\/v2\/product_tag?post=19336"}],"curies":[{"name":"wp","href":"https:\/\/api.w.org\/{rel}","templated":true}]}}