{"id":19337,"date":"2025-04-07T06:27:45","date_gmt":"2025-04-07T06:27:45","guid":{"rendered":"https:\/\/www.hydraulic-cylinders.net\/product\/boom-cylinder-for-lonking-middle-excavator-lg6235h\/"},"modified":"2025-04-07T06:27:47","modified_gmt":"2025-04-07T06:27:47","slug":"boom-cylinder-for-lonking-middle-excavator-lg6235h","status":"publish","type":"product","link":"https:\/\/www.hydraulic-cylinders.net\/ro\/produs\/boom-cylinder-for-lonking-middle-excavator-lg6235h\/","title":{"rendered":"Cilindru de bra\u021b pentru excavatorul mijlociu Lonking LG6235H"},"content":{"rendered":"<h1>Cilindru de bra\u021b pentru excavatorul mijlociu Lonking LG6235H<\/h1>\n<h2>Prezentare general\u0103 a produsului<\/h2>\n<p>Cilindrul bra\u021bului pentru excavatorul Lonking LG6235H este o component\u0103 vital\u0103 \u00een sistemele hidraulice, special conceput pentru controlul mi\u0219c\u0103rii cupelor pentru diverse utilaje grele, cum ar fi excavatoarele \u0219i \u00eenc\u0103rc\u0103toarele basculante. Ace\u0219ti cilindri hidraulici permit ridicarea, cobor\u00e2rea \u0219i \u00eenclinarea cupei, facilit\u00e2nd sarcini eficiente de manipulare a materialelor. Cilindrul cupei joac\u0103 un rol esen\u021bial \u00een func\u021bionarea echipamentelor grele, asigur\u00e2nd precizie \u0219i putere \u00een excavare, \u00eenc\u0103rcare \u0219i transportul materialelor. Datorit\u0103 designului s\u0103u robust, acesta \u00eendepline\u0219te cerin\u021bele condi\u021biilor de lucru dificile, oferind \u00een acela\u0219i timp for\u021ba necesar\u0103 pentru manevrarea sarcinilor grele.<\/p>\n<p><img decoding=\"async\" src=\"https:\/\/www.hydraulic-cylinders.net\/wp-content\/uploads\/2025\/04\/songte-company-1.webp\" alt=\"Imaginea cilindrului bra\u021bului\"><\/p>\n<h2>Caracteristici cheie<\/h2>\n<ul>\n<li><strong>Rezisten\u021b\u0103 \u0219i durabilitate ridicate:<\/strong> De obicei, construi\u021bi din o\u021bel sau aluminiu de \u00eenalt\u0103 rezisten\u021b\u0103, ace\u0219ti cilindri pot rezista la presiuni ridicate \u0219i sarcini grele, ceea ce \u00eei face potrivi\u021bi pentru medii de lucru dure, asigur\u00e2nd \u00een acela\u0219i timp longevitatea prin rezisten\u021ba la uzur\u0103 \u0219i protec\u021bia \u00eempotriva coroziunii.<\/li>\n<li><strong>Func\u021bionare hidraulic\u0103 eficient\u0103:<\/strong> Cilindrul utilizeaz\u0103 presiunea uleiului hidraulic pentru a realiza o extensie \u0219i o retragere lin\u0103, r\u0103spunz\u00e2nd rapid la comenzile de control, furniz\u00e2nd for\u021be puternice de \u00eempingere \u0219i tragere, esen\u021biale pentru gestionarea sarcinilor grele \u0219i complexe.<\/li>\n<li><strong>Varietate de tipuri:<\/strong> Clien\u021bii pot alege \u00eentre cilindri cu ac\u021biune simpl\u0103 (sistem hidraulic utilizat \u00eentr-o singur\u0103 direc\u021bie) sau cu ac\u021biune dubl\u0103 (sistem hidraulic utilizat \u00een ambele direc\u021bii), unele modele av\u00e2nd designuri telescopice care permit o extensie mai mare f\u0103r\u0103 a cre\u0219te dimensiunile exterioare, ideale pentru spa\u021bii \u00eenguste.<\/li>\n<\/ul>\n<p>Suntem m\u00e2ndri s\u0103 fabric\u0103m acest produs, oferind cilindri hidraulici care \u00eenlocuiesc perfect modelele existente pe pia\u021b\u0103.<\/p>\n<p><img decoding=\"async\" src=\"https:\/\/www.hydraulic-cylinders.net\/wp-content\/uploads\/2025\/04\/songte-cylinder-head-with-all-kinds-excavator-models.webp\" alt=\"Imagine cu modele de excavatoare\"><\/p>\n<h2>Aplica\u021bii<\/h2>\n<h3>Echipamente de construc\u021bii<\/h3>\n<p>\u00cen domeniul echipamentelor de construc\u021bii, cilindrii bra\u021bului sunt parte integrant\u0103 a excavatoarelor, unde sunt cruciali pentru s\u0103pare, \u00eenc\u0103rcare \u0219i mutarea solului sau a resturilor. \u00cen cazul \u00eenc\u0103rc\u0103toarelor excavatoare, cilindrul cupei ajut\u0103 nu numai la s\u0103pare, ci \u0219i la ridicarea sarcinilor grele, sporind eficien\u021ba opera\u021bional\u0103. F\u0103r\u0103 ace\u0219ti cilindri, func\u021bionalitatea utilajelor de construc\u021bii ar fi semnificativ afectat\u0103, ceea ce \u00eei face esen\u021biali pentru proiectele de construc\u021bii moderne.<\/p>\n<h3>Ma\u0219ini agricole<\/h3>\n<p>\u00cenc\u0103rc\u0103toarele frontale utilizeaz\u0103 cilindri ai cupei pentru a scoate, ridica \u0219i transporta sol, f\u00e2n \u0219i alte materiale. Ace\u0219ti cilindri optimizeaz\u0103 opera\u021biunile agricole prin facilitarea mi\u0219c\u0103rii rapide a materialelor, \u00eembun\u0103t\u0103\u021bind semnificativ productivitatea sarcinilor agricole. Capacitatea lor de a oferi o putere de ridicare puternic\u0103 asigur\u0103 c\u0103 sarcinile grele pot fi gestionate cu u\u0219urin\u021b\u0103, ceea ce le face nepre\u021buite \u00een mediile agricole.<\/p>\n<h3>Excavatoare<\/h3>\n<p>\u00cen cazul excavatoarelor, cilindrii cupei permit cupei s\u0103 p\u0103trund\u0103 eficient \u00een sol, permi\u021b\u00e2nd ac\u021biuni puternice de s\u0103pare. Aceast\u0103 caracteristic\u0103 este esen\u021bial\u0103 pentru diverse sarcini de excavare, asigur\u00e2nd c\u0103 echipamentul poate func\u021biona eficient \u0219i poate ob\u021bine rezultatele dorite \u00een \u00eendep\u0103rtarea solului \u0219i preg\u0103tirea \u0219antierului.<\/p>\n<h3>\u00cenc\u0103rc\u0103toare<\/h3>\n<p>\u00cen cazul \u00eenc\u0103rc\u0103toarelor frontale, cilindrii cupei joac\u0103 un rol vital \u00een ridicarea \u0219i desc\u0103rcarea eficient\u0103 a materialelor. Ace\u0219ti cilindri ofer\u0103 for\u021ba necesar\u0103 pentru gestionarea sarcinilor grele, asigur\u00e2nd c\u0103 \u00eenc\u0103rc\u0103torul poate func\u021biona f\u0103r\u0103 probleme, maximiz\u00e2nd \u00een acela\u0219i timp productivitatea \u00een sarcinile de \u00eenc\u0103rcare.<\/p>\n<h2>Considera\u021bii de proiectare \u0219i criterii de selec\u021bie<\/h2>\n<h3>Capacitate de \u00eenc\u0103rcare<\/h3>\n<p>Atunci c\u00e2nd se selecteaz\u0103 un cilindru pentru bra\u021b, capacitatea de \u00eenc\u0103rcare este un factor critic. Cilindrul trebuie s\u0103 fie capabil s\u0103 suporte sarcinile maxime a\u0219teptate \u00een timpul func\u021bion\u0103rii, asigur\u00e2nd siguran\u021ba \u0219i eficien\u021ba. Un cilindru cu o capacitate de \u00eenc\u0103rcare inadecvat\u0103 risc\u0103 s\u0103 se deterioreze, ceea ce poate duce la poten\u021biale accidente \u0219i la timpi de nefunc\u021bionare costisitori.<\/p>\n<h3>Performan\u021ba de etan\u0219are<\/h3>\n<p>Performan\u021ba de etan\u0219are este esen\u021bial\u0103 \u00een cilindrii hidraulici pentru a preveni scurgerile \u0219i a men\u021bine eficien\u021ba opera\u021bional\u0103. Etan\u0219\u0103rile de \u00eenalt\u0103 calitate sunt cruciale pentru a asigura re\u021binerea fluidului hidraulic, sporind performan\u021ba \u0219i longevitatea cilindrului. Inspec\u021bia \u0219i \u00eenlocuirea regulat\u0103 a etan\u0219\u0103rilor sunt necesare pentru a men\u021bine o func\u021bionalitate optim\u0103.<\/p>\n<h3>Durabilitate<\/h3>\n<p>Durabilitatea este esen\u021bial\u0103 pentru fiabilitatea opera\u021bional\u0103, \u00een special \u00een condi\u021bii dificile de lucru. Materialele \u0219i procesele de fabrica\u021bie utilizate \u00een crearea cilindrului bra\u021bului au un impact semnificativ asupra capacit\u0103\u021bii sale de a rezista la uzur\u0103, coroziune \u0219i solicit\u0103ri opera\u021bionale extreme. Alegerea unui cilindru cu durabilitate dovedit\u0103 asigur\u0103 performan\u021b\u0103 pe termen lung \u0219i costuri de \u00eentre\u021binere reduse.<\/p>\n<h3>Caracteristici de siguran\u021b\u0103<\/h3>\n<p>Caracteristicile de siguran\u021b\u0103 sunt vitale pentru a proteja at\u00e2t operatorul, c\u00e2t \u0219i echipamentul. Cilindrii hidraulici trebuie s\u0103 fie echipa\u021bi cu supape de siguran\u021b\u0103 \u0219i mecanisme robuste de blocare pentru a preveni mi\u0219carea accidental\u0103 \u0219i a asigura o func\u021bionare sigur\u0103. Considera\u021biile de siguran\u021b\u0103 adecvate \u00een faza de proiectare pot preveni accidentele \u0219i pot \u00eembun\u0103t\u0103\u021bi siguran\u021ba general\u0103 a ma\u0219inii.<\/p>\n<h3>Accesibilitate pentru \u00eentre\u021binere<\/h3>\n<p>U\u0219urin\u021ba \u00eentre\u021binerii este un criteriu important de selec\u021bie. Un cilindru al bra\u021bului bine proiectat ar trebui s\u0103 permit\u0103 accesul facil la componentele critice pentru inspec\u021bie, lubrifiere \u0219i repara\u021bii. Aceast\u0103 considera\u021bie ajut\u0103 la minimizarea timpilor de nefunc\u021bionare, deoarece sarcinile de \u00eentre\u021binere pot fi efectuate eficient, asigur\u00e2nd func\u021bionarea continu\u0103 a utilajelor.<\/p>\n<p><img decoding=\"async\" src=\"https:\/\/www.hydraulic-cylinders.net\/wp-content\/uploads\/2025\/04\/songte-oil-pipes-and-spare-parts.webp\" alt=\"Imagine cu \u021bevi de petrol \u0219i piese de schimb\"><\/p>\n<h2>Etan\u0219are \u0219i lubrifiere<\/h2>\n<p>Etan\u0219area \u0219i lubrifierea eficiente sunt esen\u021biale pentru performan\u021ba optim\u0103 \u0219i longevitatea cilindrilor hidraulici. Diverse etan\u0219\u0103ri, cum ar fi etan\u0219\u0103rile pistonului \u0219i etan\u0219\u0103rile tijei, sunt utilizate pentru a preveni scurgerile \u0219i a men\u021bine presiunea hidraulic\u0103. Materiale precum poliuretanul \u0219i cauciucul nitrilic sunt adesea selectate pentru propriet\u0103\u021bile lor de rezisten\u021b\u0103 la uzur\u0103. Corpul cilindrului \u0219i suprafe\u021bele filetate ale cap\u0103tului sunt supuse unor prelucr\u0103ri de precizie pentru a spori durabilitatea \u0219i rezisten\u021ba la uzur\u0103. Lubrifierea regulat\u0103 cu ulei hidraulic este crucial\u0103, necesit\u00e2nd verific\u0103ri periodice pentru a asigura buna func\u021bionare a cilindrului \u0219i pentru a preveni poten\u021bialele defec\u021biuni.<\/p>\n<h2>M\u0103suri de \u00eentre\u021binere preventiv\u0103<\/h2>\n<ul>\n<li><strong>Inspec\u021bii regulate:<\/strong> Efectua\u021bi inspec\u021bii de rutin\u0103 ale sistemului hidraulic pentru a identifica uzura \u0219i poten\u021bialele probleme \u00eenainte ca acestea s\u0103 escaladeze.<\/li>\n<li><strong>Lubrifiere adecvat\u0103:<\/strong> Asigura\u021bi-v\u0103 c\u0103 nivelurile uleiului hidraulic sunt men\u021binute corect \u0219i c\u0103 sistemul este lubrifiat corespunz\u0103tor pentru a reduce la minimum frecarea \u0219i uzura.<\/li>\n<li><strong>\u00cenlocuiri de garnituri:<\/strong> \u00cenlocui\u021bi periodic garniturile \u0219i verifica\u021bi dac\u0103 exist\u0103 scurgeri, asigur\u00e2nd integritatea sistemului hidraulic.<\/li>\n<\/ul>\n<h2>Instruc\u021biuni de instalare<\/h2>\n<p>Instalarea corect\u0103 este esen\u021bial\u0103 pentru performan\u021ba \u0219i siguran\u021ba cilindrului bra\u021bului. \u00cenainte de instalare, asigura\u021bi-v\u0103 c\u0103 spa\u021biul de lucru este curat \u0219i f\u0103r\u0103 resturi. Alinia\u021bi cilindrul cu precizie cu punctele de montare pentru a preveni solicitarea excesiv\u0103 a cilindrului. Folosi\u021bi consolele de instalare adecvate pentru a fixa cilindrul \u00een pozi\u021bie. Dup\u0103 instalare, efectua\u021bi un test func\u021bional am\u0103nun\u021bit pentru a verifica func\u021bionarea sistemului hidraulic, efectu\u00e2nd ajust\u0103rile necesare pentru a asigura o performan\u021b\u0103 optim\u0103.<\/p>\n<h2>Sarcini comune de \u00eentre\u021binere<\/h2>\n<ul>\n<li><strong>Inspec\u021bii regulate:<\/strong> Inspecta\u021bi frecvent cilindrul hidraulic pentru a depista semne de uzur\u0103 sau deteriorare, asigur\u00e2ndu-v\u0103 c\u0103 orice problem\u0103 este remediat\u0103 prompt pentru a evita defec\u021biunile func\u021bionale.<\/li>\n<li><strong>Lubrifiere adecvat\u0103:<\/strong> Men\u021bine\u021bi niveluri adecvate de lubrifiere \u0219i asigura\u021bi-v\u0103 c\u0103 se utilizeaz\u0103 tipul corect de ulei hidraulic pentru a facilita o func\u021bionare f\u0103r\u0103 probleme.<\/li>\n<li><strong>\u00cenlocuirea garniturii:<\/strong> \u00cenlocui\u021bi la timp garniturile uzate pentru a preveni scurgerile \u0219i a men\u021bine presiunea hidraulic\u0103, asigur\u00e2nd func\u021bionarea eficient\u0103 a sistemului.<\/li>\n<\/ul>\n<p>Respectarea acestor sarcini de \u00eentre\u021binere este esen\u021bial\u0103 pentru prelungirea duratei de via\u021b\u0103 a cilindrului bra\u021bului \u0219i asigurarea unei performan\u021be fiabile \u00een aplica\u021bii solicitante.<\/p>\n<p><img decoding=\"async\" src=\"https:\/\/www.hydraulic-cylinders.net\/wp-content\/uploads\/2025\/04\/songte-chushion-collar.webp\" alt=\"Imagine cu guler de pern\u0103\"><\/p>\n<h2>Considera\u021bii de siguran\u021b\u0103 \u0219i factori de mediu<\/h2>\n<p>Atunci c\u00e2nd se utilizeaz\u0103 cilindri hidraulici, m\u0103surile de siguran\u021b\u0103 sunt primordiale pentru a preveni accidentele \u0219i v\u0103t\u0103m\u0103rile corporale. Operatorii trebuie s\u0103 fie instrui\u021bi cu privire la utilizarea corect\u0103 a echipamentelor hidraulice, inclusiv \u00een\u021belegerea riscurilor asociate cu sistemele hidraulice. Implementarea protocoalelor de siguran\u021b\u0103, cum ar fi utilizarea echipamentului de protec\u021bie \u0219i efectuarea de inform\u0103ri privind siguran\u021ba, poate ajuta la atenuarea poten\u021bialelor pericole. Considera\u021biile de mediu, cum ar fi eliminarea corect\u0103 a fluidelor hidraulice \u0219i utilizarea materialelor ecologice, ar trebui, de asemenea, prioritizate pentru a minimiza impactul opera\u021biunilor hidraulice asupra mediului.<\/p>\n<h2>Depanare \u0219i probleme frecvente<\/h2>\n<ul>\n<li><strong>Scurgere de lichid hidraulic:<\/strong> O problem\u0103 frecvent\u0103, adesea cauzat\u0103 de garnituri uzate sau componente deteriorate. Inspec\u021biile regulate pot identifica din timp poten\u021bialele scurgeri.<\/li>\n<li><strong>Mi\u0219care inconsistent\u0103 a cilindrului:<\/strong> Poate fi atribuit\u0103 lipsei de lichid hidraulic sau aerului prins \u00een sistem. Aerisirea sistemului poate rezolva aceast\u0103 problem\u0103.<\/li>\n<li><strong>Supra\u00eenc\u0103lzire:<\/strong> De obicei, din cauza sarcinii excesive sau a lubrifierii inadecvate. Monitorizarea condi\u021biilor de func\u021bionare este crucial\u0103 pentru a preveni supra\u00eenc\u0103lzirea.<\/li>\n<\/ul>\n<p>Implementarea acestor sfaturi de depanare poate ajuta operatorii s\u0103 diagnosticheze \u0219i s\u0103 rezolve problemele rapid \u0219i eficient, sporind fiabilitatea sistemelor hidraulice.<\/p>\n<h2>Concluzie<\/h2>\n<p>Compania noastr\u0103 este specializat\u0103 \u00een fabricarea de cilindri hidraulici care \u00eendeplinesc standarde \u00eenalte de calitate \u0219i performan\u021b\u0103. \u00cen calitate de produc\u0103tor \u0219i angrosist de top at\u00e2t pe pie\u021bele interne, c\u00e2t \u0219i pe cele interna\u021bionale, ader\u0103m la excelen\u021b\u0103 \u00een strategiile de management al calit\u0103\u021bii \u0219i al produc\u021biei de precizie. \u00cembun\u0103t\u0103\u021bim continuu platforma noastr\u0103 de produc\u021bie prin tehnologie avansat\u0103, profesioni\u0219ti califica\u021bi \u0219i sisteme riguroase de control al calit\u0103\u021bii pentru a satisface diversele nevoi ale clien\u021bilor.<\/p>\n<p><img decoding=\"async\" src=\"https:\/\/www.hydraulic-cylinders.net\/wp-content\/uploads\/2025\/04\/songte-company-4.webp\" alt=\"Imaginea companiei 1\"><br \/>\n<img decoding=\"async\" src=\"https:\/\/www.hydraulic-cylinders.net\/wp-content\/uploads\/2025\/04\/songte-company-3.webp\" alt=\"Imaginea companiei 2\"><\/p>\n<p>Autor: lyl<\/p>","protected":false},"excerpt":{"rendered":"<p>Boom Cylinder For Lonking Middle Excavator LG6235H Product Overview The Boom Cylinder for Lonking Middle Excavator LG6235H is a vital component in hydraulic systems, specifically designed for controlling the movement of various heavy machinery&#8217;s buckets, such as excavators and backhoe loaders. These hydraulic cylinders enable the bucket to lift, lower, and tilt, facilitating efficient material [&hellip;]<\/p>","protected":false},"featured_media":17872,"comment_status":"open","ping_status":"closed","template":"","meta":{"_et_pb_use_builder":"","_et_pb_old_content":"","_et_gb_content_width":""},"product_brand":[],"product_cat":[1546],"product_tag":[1547,1496],"class_list":{"0":"post-19337","1":"product","2":"type-product","3":"status-publish","4":"has-post-thumbnail","6":"product_cat-boom-cylinders","7":"product_tag-boom-cylinders","8":"product_tag-hydraulic-cylinders","10":"first","11":"instock","12":"shipping-taxable","13":"product-type-simple"},"amp_enabled":true,"_links":{"self":[{"href":"https:\/\/www.hydraulic-cylinders.net\/ro\/wp-json\/wp\/v2\/product\/19337","targetHints":{"allow":["GET"]}}],"collection":[{"href":"https:\/\/www.hydraulic-cylinders.net\/ro\/wp-json\/wp\/v2\/product"}],"about":[{"href":"https:\/\/www.hydraulic-cylinders.net\/ro\/wp-json\/wp\/v2\/types\/product"}],"replies":[{"embeddable":true,"href":"https:\/\/www.hydraulic-cylinders.net\/ro\/wp-json\/wp\/v2\/comments?post=19337"}],"wp:featuredmedia":[{"embeddable":true,"href":"https:\/\/www.hydraulic-cylinders.net\/ro\/wp-json\/wp\/v2\/media\/17872"}],"wp:attachment":[{"href":"https:\/\/www.hydraulic-cylinders.net\/ro\/wp-json\/wp\/v2\/media?parent=19337"}],"wp:term":[{"taxonomy":"product_brand","embeddable":true,"href":"https:\/\/www.hydraulic-cylinders.net\/ro\/wp-json\/wp\/v2\/product_brand?post=19337"},{"taxonomy":"product_cat","embeddable":true,"href":"https:\/\/www.hydraulic-cylinders.net\/ro\/wp-json\/wp\/v2\/product_cat?post=19337"},{"taxonomy":"product_tag","embeddable":true,"href":"https:\/\/www.hydraulic-cylinders.net\/ro\/wp-json\/wp\/v2\/product_tag?post=19337"}],"curies":[{"name":"wp","href":"https:\/\/api.w.org\/{rel}","templated":true}]}}