{"id":19365,"date":"2025-04-07T06:30:26","date_gmt":"2025-04-07T06:30:26","guid":{"rendered":"https:\/\/www.hydraulic-cylinders.net\/product\/boom-cylinder-for-sdlg-small-excavator-lg685\/"},"modified":"2025-04-07T06:30:29","modified_gmt":"2025-04-07T06:30:29","slug":"boom-cylinder-for-sdlg-small-excavator-lg685","status":"publish","type":"product","link":"https:\/\/www.hydraulic-cylinders.net\/ro\/produs\/boom-cylinder-for-sdlg-small-excavator-lg685\/","title":{"rendered":"Cilindru de bra\u021b pentru excavatorul mic SDLG LG685"},"content":{"rendered":"<h1>Cilindru de bra\u021b pentru excavatorul mic SDLG LG685<\/h1>\n<h2>\u00cen\u021belegerea cilindrului bra\u021bului<\/h2>\n<p>Cel\/Cea\/Cei\/Cele <strong>Cilindru de bra\u021b<\/strong> Pentru excavatorul mic SDLG, LG685 este o component\u0103 hidraulic\u0103 esen\u021bial\u0103, conceput\u0103 pentru a controla mi\u0219carea bra\u021bului bra\u021bului. Ace\u0219ti cilindri sunt cruciali \u00een excavatoare, \u00eenc\u0103rc\u0103toare frontale \u0219i excavatoare, permi\u021b\u00e2nd ridicarea, cobor\u00e2rea \u0219i \u00eenclinarea cupei, facilit\u00e2nd sarcinile eficiente de manipulare a materialelor. Cilindrul bra\u021bului func\u021bioneaz\u0103 ca un cilindru hidraulic, utiliz\u00e2nd fluid hidraulic sub presiune pentru a genera for\u021b\u0103, permi\u021b\u00e2nd astfel mi\u0219c\u0103ri line \u0219i controlate ale cupei ata\u0219ate.<\/p>\n<p>\u00cen esen\u021b\u0103, cilindrul bra\u021bului este un actuator hidraulic care traduce presiunea hidraulic\u0103 \u00een mi\u0219care mecanic\u0103. Ac\u021biunea controlat\u0103 asigurat\u0103 de acest cilindru este vital\u0103 pentru efectuarea diverselor sarcini, inclusiv s\u0103parea, ridicarea \u0219i transportul materialelor. Acesta asigur\u0103 c\u0103 materialele grele pot fi mutate eficient, contribuind la productivitatea general\u0103 a opera\u021biunilor de construc\u021bie \u0219i excavare.<\/p>\n<p><img decoding=\"async\" src=\"https:\/\/www.hydraulic-cylinders.net\/wp-content\/uploads\/2025\/04\/songte-company-1.webp\" alt=\"Cilindru de bra\u021b\" \/><\/p>\n<h2>Caracteristicile cilindrului bra\u021bului<\/h2>\n<ul>\n<li><strong>Rezisten\u021b\u0103 \u0219i durabilitate ridicate:<\/strong> Fabrica\u021bi din o\u021bel sau aluminiu de \u00eenalt\u0103 rezisten\u021b\u0103, ace\u0219ti cilindri pot rezista la presiuni ridicate \u0219i sarcini grele, fiind potrivi\u021bi pentru medii de lucru dure.<\/li>\n<li><strong>Func\u021bionare hidraulic\u0103 eficient\u0103:<\/strong> Cilindrul bra\u021bului utilizeaz\u0103 presiunea uleiului hidraulic pentru o extindere \u0219i retragere lin\u0103, permi\u021b\u00e2nd un r\u0103spuns rapid la comenzile de control \u0219i oferind o for\u021b\u0103 substan\u021bial\u0103 de \u00eempingere \u0219i tragere.<\/li>\n<li><strong>Diverse tipuri:<\/strong> Op\u021biunile includ cilindri cu ac\u021biune simpl\u0103 (care func\u021bioneaz\u0103 \u00eentr-o singur\u0103 direc\u021bie) sau cu ac\u021biune dubl\u0103 (care func\u021bioneaz\u0103 \u00een ambele direc\u021bii), anumite modele oferind designuri telescopice pentru o extensie mai mare f\u0103r\u0103 a cre\u0219te dimensiunile exterioare.<\/li>\n<\/ul>\n<h2>Capacitatea noastr\u0103 de produc\u021bie<\/h2>\n<p>Ne specializ\u0103m \u00een producerea de cilindri hidraulici de \u00eenalt\u0103 calitate pentru bra\u021b, care \u00eenlocuiesc perfect cilindrii hidraulici existen\u021bi din diverse ma\u0219ini.<\/p>\n<p><img decoding=\"async\" src=\"https:\/\/www.hydraulic-cylinders.net\/wp-content\/uploads\/2025\/04\/songte-cylinder-head-with-all-kinds-excavator-models.webp\" alt=\"Modele de excavatoare\" \/><\/p>\n<h2>Scenarii de aplica\u021bii<\/h2>\n<h3>Echipamente de construc\u021bii<\/h3>\n<p>\u00cen excavatoare, cilindrii bra\u021bului sunt vitali pentru s\u0103pare, \u00eenc\u0103rcare \u0219i mutarea solului sau a resturilor. Ace\u0219tia ofer\u0103 for\u021ba necesar\u0103 pentru a p\u0103trunde \u00een sol, f\u0103c\u00e2nd sarcinile de excavare eficiente \u0219i eficace. \u00cen cazul \u00eenc\u0103rc\u0103toarelor basculante, ace\u0219ti cilindri ajut\u0103 at\u00e2t la s\u0103pare, c\u00e2t \u0219i la ridicare, permi\u021b\u00e2nd operatorilor s\u0103 efectueze mai multe sarcini cu o singur\u0103 ma\u0219in\u0103.<\/p>\n<h3>Ma\u0219ini agricole<\/h3>\n<p>\u00cen \u00eenc\u0103rc\u0103toarele frontale, cilindrii bra\u021bului sunt utiliza\u021bi pentru a transporta, transporta \u0219i transporta materiale precum p\u0103m\u00e2nt, f\u00e2n \u0219i alte bunuri. Capacitatea lor de a oferi o putere de ridicare semnificativ\u0103 \u00eei face esen\u021biali \u00een opera\u021biunile agricole unde ridicarea de sarcini grele este frecvent\u0103.<\/p>\n<h3>Excavatoare<\/h3>\n<p>La excavatoare, cilindrul bra\u021bului permite cupei s\u0103 p\u0103trund\u0103 \u00een sol, facilit\u00e2nd opera\u021biunile de s\u0103pare. Aceast\u0103 capacitate este crucial\u0103 pentru sarcini precum s\u0103parea de \u0219an\u021buri, s\u0103parea funda\u021biilor \u0219i alte activit\u0103\u021bi de terasament.<\/p>\n<h3>\u00cenc\u0103rc\u0103toare<\/h3>\n<p>La \u00eenc\u0103rc\u0103toarele frontale, cilindrii bra\u021bului ajut\u0103 la ridicarea \u0219i desc\u0103rcarea eficient\u0103 a \u00eenc\u0103rc\u0103turilor. Ac\u021biunea lor puternic\u0103 permite o gestionare rapid\u0103 \u0219i eficient\u0103 a materialelor, \u00eembun\u0103t\u0103\u021bind productivitatea general\u0103 pe \u0219antierele de construc\u021bii.<\/p>\n<h2>Considera\u021bii de proiectare \u0219i criterii de selec\u021bie<\/h2>\n<h3>Capacitate de \u00eenc\u0103rcare<\/h3>\n<p>The load capacity of a boom cylinder is a critical factor in its design and selection. It must be able to handle the maximum weight it will encounter during operation, which is determined by the hydraulic system&#8217;s specifications and the machine&#8217;s design. A cylinder with insufficient load capacity can lead to failure and unsafe operating conditions.<\/p>\n<h3>Sigilare<\/h3>\n<p>Etan\u0219area eficient\u0103 este crucial\u0103 \u00een cilindrii hidraulici pentru a preveni scurgerile de fluid \u0219i a men\u021bine presiunea. Garnituri de \u00eenalt\u0103 calitate fabricate din materiale precum poliuretanul \u0219i cauciucul nitrilic sunt utilizate pentru a asigura durabilitatea \u0219i rezisten\u021ba la uzur\u0103. Etan\u0219area corect\u0103 prelunge\u0219te durata de via\u021b\u0103 a cilindrului \u0219i \u00eembun\u0103t\u0103\u021be\u0219te performan\u021ba.<\/p>\n<h3>Durabilitate<\/h3>\n<p>Durabilitatea este o considera\u021bie primordial\u0103 atunci c\u00e2nd se proiecteaz\u0103 cilindrii bra\u021bului. Ace\u0219tia trebuie s\u0103 reziste la medii de lucru dure, inclusiv expunerea la murd\u0103rie, umiditate \u0219i temperaturi extreme. Utilizarea materialelor de \u00eenalt\u0103 calitate \u0219i a acoperirilor protectoare poate spori durabilitatea, asigur\u00e2nd performan\u021be fiabile \u00een timp.<\/p>\n<h3>Siguran\u0163\u0103<\/h3>\n<p>Siguran\u021ba este o prioritate absolut\u0103 \u00een proiectarea cilindrilor bra\u021bului. Caracteristici precum supapele de suprapresiune \u0219i construc\u021bia robust\u0103 ajut\u0103 la prevenirea accidentelor \u0219i a defec\u021biunilor. Asigurarea faptului c\u0103 cilindrul respect\u0103 standardele de siguran\u021b\u0103 este esen\u021bial\u0103 pentru func\u021bionarea \u00een siguran\u021b\u0103 \u00een diverse aplica\u021bii.<\/p>\n<h3>Mentenabilitate<\/h3>\n<p>U\u0219urin\u021ba \u00eentre\u021binerii este o considera\u021bie important\u0103 \u00een ceea ce prive\u0219te proiectarea. Cilindrii bra\u021bului ar trebui s\u0103 fie proiecta\u021bi pentru acces facil la garnituri \u0219i alte componente care necesit\u0103 inspec\u021bii sau \u00eenlocuiri regulate. Acest lucru faciliteaz\u0103 \u00eentre\u021binerea la timp, ceea ce este crucial pentru prelungirea duratei de via\u021b\u0103 a echipamentului.<\/p>\n<p><img decoding=\"async\" src=\"https:\/\/www.hydraulic-cylinders.net\/wp-content\/uploads\/2025\/04\/songte-oil-pipes-and-spare-parts.webp\" alt=\"Conducte de petrol \u0219i piese de schimb\" \/><\/p>\n<h2>Etan\u0219are \u0219i lubrifiere<\/h2>\n<p>Etan\u0219area \u0219i lubrifierea cilindrilor bra\u021bului sunt esen\u021biale pentru o func\u021bionare eficient\u0103. Diverse componente de etan\u0219are, cum ar fi etan\u0219\u0103rile pistonului \u0219i etan\u0219\u0103rile tijei, sunt esen\u021biale \u00een prevenirea scurgerilor de fluid hidraulic. Selectarea etan\u0219\u0103rilor fabricate din materiale rezistente la uzur\u0103, cum ar fi poliuretanul \u0219i cauciucul nitrilic, spore\u0219te longevitatea cilindrului. Corpul cilindrului \u0219i capetele filetate sunt prelucrate cu precizie pentru a \u00eembun\u0103t\u0103\u021bi rezisten\u021ba la uzur\u0103, asigur\u00e2nd performan\u021be fiabile.<\/p>\n<p>Lubrifierea regulat\u0103 cu ulei hidraulic este, de asemenea, necesar\u0103 pentru a minimiza frecarea \u0219i uzura dintre piesele mobile. Operatorii ar trebui s\u0103 verifice \u0219i s\u0103 reumple \u00een mod constant nivelurile de ulei hidraulic pentru a men\u021bine performan\u021be optime \u0219i a preveni defec\u021biuni premature.<\/p>\n<h2>Inspec\u021bie regulat\u0103 \u0219i \u00eentre\u021binere preventiv\u0103<\/h2>\n<ul>\n<li><strong>Inspec\u021bii regulate:<\/strong> Efectua\u021bi verific\u0103ri de rutin\u0103 pentru scurgeri, uzur\u0103 \u0219i deteriorare a cilindrului hidraulic \u0219i a componentelor acestuia pentru a depista din timp poten\u021bialele probleme.<\/li>\n<li><strong>Lubrifiere adecvat\u0103:<\/strong> Asigura\u021bi-v\u0103 c\u0103 cilindrul hidraulic este lubrifiat corespunz\u0103tor pentru a reduce frecarea \u0219i a-i prelungi durata de via\u021b\u0103.<\/li>\n<li><strong>\u00cenlocuirea garniturii:<\/strong> \u00cenlocui\u021bi prompt garniturile uzate pentru a preveni scurgerile \u0219i a men\u021bine presiunea hidraulic\u0103.<\/li>\n<\/ul>\n<h2>Instruc\u021biuni de instalare<\/h2>\n<p>When installing the boom cylinder, it\u2019s essential to align the cylinder properly to avoid undue strain on the components. Utilize appropriate mounting brackets to secure the cylinder in place. Follow the manufacturer&#8217;s guidelines to ensure correct installation procedures, including torque specifications for bolts. Conduct alignment checks during installation to ensure that the cylinder operates smoothly within its designed range of motion.<\/p>\n<h2>Sarcini comune de \u00eentre\u021binere<\/h2>\n<ul>\n<li><strong>Verific\u0103ri regulate:<\/strong> Inspecta\u021bi periodic cilindrul bra\u021bului pentru a depista semne de uzur\u0103 sau deteriorare. Depistarea timpurie a problemelor poate preveni repara\u021bii costisitoare ulterioare.<\/li>\n<li><strong>Lubrifiere adecvat\u0103:<\/strong> Men\u021binerea lubrifierii corespunz\u0103toare a cilindrului este vital\u0103 pentru prevenirea frec\u0103rii \u0219i uzurii. Urma\u021bi programele de lubrifiere recomandate.<\/li>\n<li><strong>\u00cenlocuirea \u0219i calibrarea garniturii:<\/strong> \u00cenlocuirea la timp a garniturilor \u0219i verific\u0103rile regulate de calibrare sunt cruciale pentru men\u021binerea performan\u021bei \u0219i siguran\u021bei hidraulice. Ne\u00eendeplinirea acestor sarcini poate duce la probleme semnificative.<\/li>\n<\/ul>\n<h2>Considera\u021bii de siguran\u021b\u0103 \u0219i factori de mediu<\/h2>\n<p>M\u0103surile de siguran\u021b\u0103 sunt primordiale atunci c\u00e2nd se utilizeaz\u0103 cilindri ai bra\u021bului \u00een diverse aplica\u021bii. Operatorii trebuie s\u0103 fie instrui\u021bi s\u0103 recunoasc\u0103 pericolele asociate cu sistemele hidraulice, inclusiv riscurile legate de presiune. Implementarea protocoalelor de siguran\u021b\u0103 \u0219i utilizarea echipamentului individual de protec\u021bie pot reduce la minimum riscul de accidente \u00een timpul func\u021bion\u0103rii.<\/p>\n<h2>Diagnosticarea defec\u021biunilor \u0219i probleme frecvente<\/h2>\n<ul>\n<li><strong>Scurgeri hidraulice:<\/strong> Scurgerile pot ap\u0103rea din cauza garniturilor uzate sau a componentelor deteriorate. Identificarea sursei scurgerii este esen\u021bial\u0103 pentru repara\u021bii la timp.<\/li>\n<li><strong>Performan\u021b\u0103 slab\u0103:<\/strong> Dac\u0103 cilindrul bra\u021bului nu func\u021bioneaz\u0103 corespunz\u0103tor, acest lucru poate indica niveluri sc\u0103zute de lichid hidraulic, contaminare sau componente defecte.<\/li>\n<li><strong>Zgomote neobi\u0219nuite:<\/strong> Zgomotele ciudate \u00een timpul func\u021bion\u0103rii pot semnala probleme \u00een sistemul hidraulic, cum ar fi aerul prins \u00een conducte sau rulmen\u021bii defec\u021bi.<\/li>\n<\/ul>\n<h2>Sfaturi de depanare<\/h2>\n<p>Pentru a diagnostica \u0219i rezolva eficient problemele legate de cilindrul bra\u021bului, operatorii ar trebui s\u0103 efectueze \u00eentre\u021binere \u0219i inspec\u021bii regulate. Monitorizarea atent\u0103 a performan\u021bei \u0219i rezolvarea prompt\u0103 a problemelor pot preveni daune suplimentare. Implementarea unor m\u0103suri preventive, cum ar fi lubrifierea regulat\u0103 \u0219i inspec\u021biile garniturilor, reduce semnificativ probabilitatea \u00eent\u00e2mpin\u0103rii unor probleme majore.<\/p>\n<p><img decoding=\"async\" src=\"https:\/\/www.hydraulic-cylinders.net\/wp-content\/uploads\/2025\/04\/songte-bushings-with-all-kinds-of-excavator-models.webp\" alt=\"Buc\u0219e cu modele de excavatoare\" \/><\/p>\n<h2>Prezentare general\u0103 a companiei<\/h2>\n<p>Suntem un produc\u0103tor \u0219i distribuitor angro de top de cilindri hidraulici, recunoscu\u021bi at\u00e2t pe pie\u021bele interne, c\u00e2t \u0219i pe cele interna\u021bionale. Angajamentul nostru fa\u021b\u0103 de excelen\u021b\u0103 garanteaz\u0103 c\u0103 oferim o gam\u0103 larg\u0103 de produse de \u00eenalt\u0103 calitate. Concentr\u00e2ndu-ne pe strategii de fabrica\u021bie rafinate \u0219i utiliz\u00e2nd echipamente digitale avansate de fabrica\u021bie, ne \u00eembun\u0103t\u0103\u021bim continuu capacit\u0103\u021bile de produc\u021bie. For\u021ba noastr\u0103 de munc\u0103 calificat\u0103, combinat\u0103 cu un sistem robust de control al calit\u0103\u021bii, ne permite s\u0103 satisfacem diversele nevoi ale clien\u021bilor cu o eficien\u021b\u0103 \u0219i o precizie ridicate.<\/p>\n<p>Compania noastr\u0103 se distinge prin mai mul\u021bi factori, inclusiv expertiz\u0103 profesional\u0103, certific\u0103ri interna\u021bionale, servicii personalizate, echipamente de produc\u021bie avansate \u0219i asisten\u021b\u0103 post-v\u00e2nzare fiabil\u0103.<\/p>\n<p><img decoding=\"async\" src=\"https:\/\/www.hydraulic-cylinders.net\/wp-content\/uploads\/2025\/04\/songte-company-4.webp\" alt=\"Prezentare general\u0103 a companiei\" \/><br \/>\n<img decoding=\"async\" src=\"https:\/\/www.hydraulic-cylinders.net\/wp-content\/uploads\/2025\/04\/songte-company-3.webp\" alt=\"Produc\u021bia companiei\" \/><\/p>\n<p>Autor: lyl<\/p>","protected":false},"excerpt":{"rendered":"<p>Boom Cylinder For SDLG Small Excavator LG685 Understanding the Boom Cylinder The Boom Cylinder for the SDLG Small Excavator LG685 is an essential hydraulic component designed to control the movement of the boom arm. These cylinders are crucial in excavators, backhoe loaders, and front loaders, allowing the bucket to lift, lower, and tilt, facilitating effective [&hellip;]<\/p>","protected":false},"featured_media":17870,"comment_status":"open","ping_status":"closed","template":"","meta":{"_et_pb_use_builder":"","_et_pb_old_content":"","_et_gb_content_width":""},"product_brand":[],"product_cat":[1546],"product_tag":[1547,1496],"class_list":{"0":"post-19365","1":"product","2":"type-product","3":"status-publish","4":"has-post-thumbnail","6":"product_cat-boom-cylinders","7":"product_tag-boom-cylinders","8":"product_tag-hydraulic-cylinders","10":"first","11":"instock","12":"shipping-taxable","13":"product-type-simple"},"amp_enabled":true,"_links":{"self":[{"href":"https:\/\/www.hydraulic-cylinders.net\/ro\/wp-json\/wp\/v2\/product\/19365","targetHints":{"allow":["GET"]}}],"collection":[{"href":"https:\/\/www.hydraulic-cylinders.net\/ro\/wp-json\/wp\/v2\/product"}],"about":[{"href":"https:\/\/www.hydraulic-cylinders.net\/ro\/wp-json\/wp\/v2\/types\/product"}],"replies":[{"embeddable":true,"href":"https:\/\/www.hydraulic-cylinders.net\/ro\/wp-json\/wp\/v2\/comments?post=19365"}],"wp:featuredmedia":[{"embeddable":true,"href":"https:\/\/www.hydraulic-cylinders.net\/ro\/wp-json\/wp\/v2\/media\/17870"}],"wp:attachment":[{"href":"https:\/\/www.hydraulic-cylinders.net\/ro\/wp-json\/wp\/v2\/media?parent=19365"}],"wp:term":[{"taxonomy":"product_brand","embeddable":true,"href":"https:\/\/www.hydraulic-cylinders.net\/ro\/wp-json\/wp\/v2\/product_brand?post=19365"},{"taxonomy":"product_cat","embeddable":true,"href":"https:\/\/www.hydraulic-cylinders.net\/ro\/wp-json\/wp\/v2\/product_cat?post=19365"},{"taxonomy":"product_tag","embeddable":true,"href":"https:\/\/www.hydraulic-cylinders.net\/ro\/wp-json\/wp\/v2\/product_tag?post=19365"}],"curies":[{"name":"wp","href":"https:\/\/api.w.org\/{rel}","templated":true}]}}