{"id":19408,"date":"2025-04-07T06:33:03","date_gmt":"2025-04-07T06:33:03","guid":{"rendered":"https:\/\/www.hydraulic-cylinders.net\/product\/boom-cylinder-for-bobcat-small-excavator-e50\/"},"modified":"2025-04-07T06:33:06","modified_gmt":"2025-04-07T06:33:06","slug":"boom-cylinder-for-bobcat-small-excavator-e50","status":"publish","type":"product","link":"https:\/\/www.hydraulic-cylinders.net\/ro\/produs\/boom-cylinder-for-bobcat-small-excavator-e50\/","title":{"rendered":"Cilindru bra\u021b pentru excavatorul mic Bobcat E50"},"content":{"rendered":"<h1>Cilindru bra\u021b pentru excavatorul mic Bobcat E50<\/h1>\n<h2>Prezentare general\u0103 a produsului<\/h2>\n<p>Cilindrul bra\u021bului este o component\u0103 esen\u021bial\u0103 \u00een sistemul hidraulic al utilajelor grele, special conceput pentru controlul mi\u0219c\u0103rii cupelor echipamentelor. Acest cilindru hidraulic permite ridicarea, cobor\u00e2rea \u0219i \u00eenclinarea precis\u0103 a cupei, facilit\u00e2nd sarcini eficiente de manipulare a materialelor \u00een diverse industrii.<\/p>\n<p><img decoding=\"async\" src=\"https:\/\/www.hydraulic-cylinders.net\/wp-content\/uploads\/2025\/04\/songte-company-1.webp\" alt=\"Cilindru de bra\u021b\"><\/p>\n<h3>Defini\u021bie \u0219i func\u021bie<\/h3>\n<p>Cilindrul cupei este un tip de cilindru hidraulic care joac\u0103 un rol crucial \u00een excavatoare, excavatoare \u0219i \u00eenc\u0103rc\u0103toare frontale. Acesta este responsabil pentru generarea for\u021bei necesare pentru a mi\u0219ca cupa \u00een diferite direc\u021bii, ceea ce o face indispensabil\u0103 pentru excavare, \u00eenc\u0103rcare \u0219i transportul materialelor. Cilindrul func\u021bioneaz\u0103 utiliz\u00e2nd fluid hidraulic sub presiune, permi\u021b\u00e2nd operatorilor s\u0103 efectueze sarcini complexe cu u\u0219urin\u021b\u0103.<\/p>\n<h2>Caracteristicile cilindrului bra\u021bului<\/h2>\n<ul>\n<li><strong>Rezisten\u021b\u0103 \u0219i durabilitate ridicate:<\/strong> De obicei, construi\u021bi din o\u021bel sau aluminiu de \u00eenalt\u0103 rezisten\u021b\u0103, ace\u0219ti cilindri rezist\u0103 la presiuni ridicate \u0219i sarcini grele, ceea ce \u00eei face potrivi\u021bi pentru medii de lucru dure.<\/li>\n<li><strong>Func\u021bionare hidraulic\u0103 eficient\u0103:<\/strong> Acestea utilizeaz\u0103 presiunea uleiului hidraulic pentru mi\u0219c\u0103ri line de extensie \u0219i retragere, oferind un r\u0103spuns rapid la comenzile de control \u0219i o for\u021b\u0103 substan\u021bial\u0103 de \u00eempingere \u0219i tragere.<\/li>\n<li><strong>Diverse tipuri:<\/strong> Disponibil at\u00e2t \u00een \u200b\u200bversiuni cu ac\u021biune simpl\u0103, c\u00e2t \u0219i cu ac\u021biune dubl\u0103, care pot satisface diverse nevoi opera\u021bionale, unele modele fiind dotate cu designuri telescopice pentru o raz\u0103 de ac\u021biune extins\u0103 f\u0103r\u0103 a cre\u0219te dimensiunile exterioare.<\/li>\n<li><strong>Rezisten\u021b\u0103 la coroziune:<\/strong> Proiectat cu materiale care rezist\u0103 la coroziune \u0219i uzur\u0103, prelungind durata de via\u021b\u0103 a cilindrului chiar \u0219i \u00een condi\u021bii dificile.<\/li>\n<li><strong>Fabrica\u021bie personalizat\u0103:<\/strong> Putem produce ace\u0219ti cilindri perfect potrivi\u021bi pentru a \u00eenlocui cilindrii hidraulici existen\u021bi din echipamentele dumneavoastr\u0103.<\/li>\n<\/ul>\n<p><img decoding=\"async\" src=\"https:\/\/www.hydraulic-cylinders.net\/wp-content\/uploads\/2025\/04\/songte-cylinder-head-with-all-kinds-excavator-models.webp\" alt=\"Modele de cilindri hidraulici\"><\/p>\n<h2>Aplica\u021bii ale cilindrului bra\u021bului<\/h2>\n<h3>Echipamente de construc\u021bii<\/h3>\n<p>\u00cen excavatoare, cilindrii bra\u021bului sunt vitali pentru s\u0103pare, \u00eenc\u0103rcare \u0219i mutarea p\u0103m\u00e2ntului sau a molozului. Ace\u0219tia permit controlul precis al mi\u0219c\u0103rii cupei, sporind considerabil productivitatea pe \u0219antierele de construc\u021bii.<\/p>\n<h3>Ma\u0219ini agricole<\/h3>\n<p>Utiliza\u021bi \u00een \u00eenc\u0103rc\u0103toarele frontale, ace\u0219ti cilindri \u00eendeplinesc sarcini precum scoaterea, ridicarea \u0219i transportul solului, f\u00e2nului \u0219i al altor materiale esen\u021biale pentru opera\u021biunile agricole, \u00eembun\u0103t\u0103\u021bind eficien\u021ba activit\u0103\u021bilor agricole.<\/p>\n<h3>Excavatoare<\/h3>\n<p>Cilindrii bra\u021bului permit cupei s\u0103 p\u0103trund\u0103 eficient \u00een sol, facilit\u00e2nd opera\u021biunile de excavare. Designul lor permite operatorilor s\u0103 manevreze cupa cu precizie, facilit\u00e2nd excavarea eficient\u0103 a materialelor.<\/p>\n<h3>\u00cenc\u0103rc\u0103toare<\/h3>\n<p>La \u00eenc\u0103rc\u0103toarele frontale, cilindrii bra\u021bului ajut\u0103 la ridicarea \u0219i desc\u0103rcarea sarcinilor, asigur\u00e2nd transferul \u00een siguran\u021b\u0103 al materialelor dintr-o loca\u021bie \u00een alta, cu efort minim \u0219i control maxim.<\/p>\n<h2>Considera\u021bii de proiectare \u0219i standarde de selec\u021bie<\/h2>\n<h3>Capacitate de \u00eenc\u0103rcare<\/h3>\n<p>Alegerea cilindrului potrivit pentru bra\u021b \u00eencepe cu \u00een\u021belegerea capacit\u0103\u021bii sale de \u00eenc\u0103rcare, care trebuie s\u0103 fie aliniat\u0103 cu cerin\u021bele utilajului \u00een care va fi utilizat. Un cilindru trebuie s\u0103 poat\u0103 suporta greutatea maxim\u0103 a materialelor pe care le va ridica f\u0103r\u0103 riscul de defec\u021biune.<\/p>\n<h3>Etan\u0219are \u0219i durabilitate<\/h3>\n<p>Garniturile sunt esen\u021biale pentru men\u021binerea presiunii \u00een interiorul cilindrului \u0219i prevenirea scurgerilor. Alegerea unor garnituri de \u00eenalt\u0103 calitate influen\u021beaz\u0103 longevitatea \u0219i performan\u021ba cilindrului. Materiale precum poliuretanul sau cauciucul nitrilic sunt utilizate \u00een mod obi\u0219nuit pentru rezisten\u021ba lor la uzur\u0103.<\/p>\n<h3>Caracteristici de siguran\u021b\u0103<\/h3>\n<p>Proiectele ar trebui s\u0103 includ\u0103 caracteristici de siguran\u021b\u0103 pentru a preveni accidentele \u00een timpul func\u021bion\u0103rii. Acestea includ supape de suprapresiune \u0219i o construc\u021bie robust\u0103 pentru a rezista la sarcini nea\u0219teptate.<\/p>\n<h3>Considera\u021bii privind \u00eentre\u021binerea<\/h3>\n<p>U\u0219urin\u021ba \u00eentre\u021binerii este un alt factor de luat \u00een considerare. Un cilindru bine proiectat ar trebui s\u0103 faciliteze accesul facil pentru inspec\u021bii \u0219i repara\u021bii, reduc\u00e2nd la minimum timpii de nefunc\u021bionare \u0219i \u00eentreruperile opera\u021bionale.<\/p>\n<p><img decoding=\"async\" src=\"https:\/\/www.hydraulic-cylinders.net\/wp-content\/uploads\/2025\/04\/songte-oil-pipes-and-spare-parts.webp\" alt=\"Piese hidraulice\"><\/p>\n<h2>Etan\u0219are \u0219i lubrifiere<\/h2>\n<p>Etan\u0219area \u0219i lubrifierea eficiente sunt esen\u021biale pentru longevitatea cilindrilor bra\u021bului. Diverse etan\u0219\u0103ri, cum ar fi etan\u0219\u0103rile pistonului \u0219i etan\u0219\u0103rile tijei, utilizeaz\u0103 materiale durabile precum poliuretanul \u0219i cauciucul nitrilic pentru a rezista la uzur\u0103. Corpul cilindrului \u0219i suprafe\u021bele filetate ale cap\u0103tului sunt supuse unor prelucr\u0103ri fine pentru a spori rezisten\u021ba la uzur\u0103. Lubrifierea regulat\u0103 cu ulei hidraulic este necesar\u0103 pentru a asigura o func\u021bionare lin\u0103 \u0219i a preveni uzura componentelor.<\/p>\n<h2>M\u0103suri de \u00eentre\u021binere preventiv\u0103<\/h2>\n<ul>\n<li>Efectua\u021bi inspec\u021bii periodice pentru a identifica uzura.<\/li>\n<li>Asigura\u021bi o lubrifiere adecvat\u0103 pentru a reduce la minimum frecarea \u0219i c\u0103ldura.<\/li>\n<li>\u00cenlocui\u021bi garniturile \u0219i efectua\u021bi verific\u0103ri de calibrare \u00een mod regulat.<\/li>\n<\/ul>\n<h2>Instruc\u021biuni de instalare<\/h2>\n<p>Instalarea corect\u0103 a cilindrului bra\u021bului este esen\u021bial\u0103 pentru performan\u021ba acestuia. Asigura\u021bi-v\u0103 c\u0103 cilindrul este aliniat corect cu utilajul pentru a evita solicit\u0103ri excesive \u0219i poten\u021biale daune. Folosi\u021bi console de montare adecvate pentru a fixa cilindrul \u00een pozi\u021bie \u0219i urma\u021bi specifica\u021biile produc\u0103torului pentru conexiunile hidraulice. Dup\u0103 instalare, testa\u021bi sistemul pentru scurgeri \u0219i func\u021bionalitate \u00eenainte de a-l pune \u00een func\u021biune regulat\u0103.<\/p>\n<h2>Sarcini comune de \u00eentre\u021binere<\/h2>\n<ul>\n<li><strong>Inspec\u021bii regulate:<\/strong> Inspec\u021biile frecvente ajut\u0103 la detectarea timpurie a poten\u021bialelor probleme, permi\u021b\u00e2nd repara\u021bii la timp \u00eenainte ca acestea s\u0103 se transforme \u00een probleme mai semnificative.<\/li>\n<li><strong>Lubrifiere adecvat\u0103:<\/strong> Lubrifierea constant\u0103 este esen\u021bial\u0103 pentru a reduce frecarea \u0219i uzura pieselor mobile, asigur\u00e2nd func\u021bionarea f\u0103r\u0103 probleme a cilindrului.<\/li>\n<li><strong>\u00cenlocuiri de garnituri:<\/strong> \u00cenlocuirea periodic\u0103 a garniturilor este necesar\u0103 pentru a men\u021bine performan\u021ba optim\u0103 \u0219i a preveni scurgerile de fluid hidraulic.<\/li>\n<\/ul>\n<h2>Considera\u021bii de siguran\u021b\u0103 \u0219i factori de mediu<\/h2>\n<p>Atunci c\u00e2nd se utilizeaz\u0103 cilindri ai bra\u021bului, respectarea protocoalelor de siguran\u021b\u0103 este crucial\u0103. Operatorii trebuie instrui\u021bi s\u0103 recunoasc\u0103 poten\u021bialele pericole asociate cu sistemele hidraulice, inclusiv acumularea de presiune \u0219i posibilele scurgeri. Implementarea considera\u021biilor de mediu, cum ar fi eliminarea corect\u0103 a fluidelor \u0219i gestionarea scurgerilor, este esen\u021bial\u0103 pentru a minimiza impactul ecologic.<\/p>\n<h2>Depanare \u0219i probleme frecvente<\/h2>\n<ul>\n<li><strong>Scurgeri de fluid hidraulic:<\/strong> Verifica\u021bi garniturile \u0219i conexiunile pentru a depista semne de uzur\u0103 sau deteriorare; \u00eenlocui\u021bi garniturile dac\u0103 este necesar.<\/li>\n<li><strong>Performan\u021b\u0103 slab\u0103:<\/strong> Verifica\u021bi nivelurile fluidului hidraulic \u0219i starea filtrelor; asigura\u021bi-v\u0103 c\u0103 lubrifierea este men\u021binut\u0103 corespunz\u0103tor.<\/li>\n<li><strong>Schimbare nea\u0219teptat\u0103:<\/strong> Evalua\u021bi alinierea \u0219i montarea; asigura\u021bi-v\u0103 c\u0103 cilindrul este fixat \u0219i reglat corespunz\u0103tor.<\/li>\n<\/ul>\n<h2>Sfaturi \u0219i solu\u021bii de \u00eentre\u021binere<\/h2>\n<p>Pentru a diagnostica \u0219i remedia eficient problemele legate de cilindrii bra\u021bului, adopta\u021bi o abordare proactiv\u0103 a \u00eentre\u021binerii. Verifica\u021bi periodic dac\u0103 exist\u0103 semne de uzur\u0103 \u0219i remedia\u021bi-le rapid pentru a evita repara\u021bii costisitoare. Implementarea unor m\u0103suri preventive, cum ar fi asigurarea lubrifierii adecvate \u0219i a inspec\u021biilor regulate, va reduce la minimum probabilitatea complica\u021biilor care decurg din neglijen\u021b\u0103.<\/p>\n<p><img decoding=\"async\" src=\"https:\/\/www.hydraulic-cylinders.net\/wp-content\/uploads\/2025\/04\/songte-bushings-with-all-kinds-of-excavator-models.webp\" alt=\"Modele de buc\u0219e\"><\/p>\n<h2>Prezentare general\u0103 a companiei<\/h2>\n<p>Suntem un produc\u0103tor important de cilindri hidraulici de schimb, oferind o gam\u0103 larg\u0103 de produse pentru a deservi at\u00e2t pie\u021bele interne, c\u00e2t \u0219i cele interna\u021bionale. Dedica\u021bi excelen\u021bei, implement\u0103m strategii de fabrica\u021bie rafinate \u0219i punem accent pe calitate prin resurse tehnologice avansate \u0219i o for\u021b\u0103 de munc\u0103 competent\u0103. Dedica\u021bia noastr\u0103 fa\u021b\u0103 de eficien\u021b\u0103 ridicat\u0103, precizie \u0219i calitate garanteaz\u0103 c\u0103 satisfacem eficient diversele nevoi ale clien\u021bilor.<\/p>\n<p><img decoding=\"async\" src=\"https:\/\/www.hydraulic-cylinders.net\/wp-content\/uploads\/2025\/04\/songte-company-4.webp\" alt=\"Prezentare general\u0103 a companiei 1\"><br \/>\n<img decoding=\"async\" src=\"https:\/\/www.hydraulic-cylinders.net\/wp-content\/uploads\/2025\/04\/songte-company-3.webp\" alt=\"Prezentare general\u0103 a companiei 2\"><\/p>\n<p>Autor: lyl<\/p>","protected":false},"excerpt":{"rendered":"<p>Boom Cylinder For Bobcat Small Excavator E50 Product Overview The boom cylinder is an essential component in the hydraulic system of heavy machinery, specifically designed for controlling the movement of equipment buckets. This hydraulic cylinder allows for precise lifting, lowering, and tilting of the bucket, facilitating efficient material handling tasks across various industries. Definition and [&hellip;]<\/p>","protected":false},"featured_media":17868,"comment_status":"open","ping_status":"closed","template":"","meta":{"_et_pb_use_builder":"","_et_pb_old_content":"","_et_gb_content_width":""},"product_brand":[],"product_cat":[1546],"product_tag":[1547,1496],"class_list":{"0":"post-19408","1":"product","2":"type-product","3":"status-publish","4":"has-post-thumbnail","6":"product_cat-boom-cylinders","7":"product_tag-boom-cylinders","8":"product_tag-hydraulic-cylinders","10":"first","11":"instock","12":"shipping-taxable","13":"product-type-simple"},"amp_enabled":true,"_links":{"self":[{"href":"https:\/\/www.hydraulic-cylinders.net\/ro\/wp-json\/wp\/v2\/product\/19408","targetHints":{"allow":["GET"]}}],"collection":[{"href":"https:\/\/www.hydraulic-cylinders.net\/ro\/wp-json\/wp\/v2\/product"}],"about":[{"href":"https:\/\/www.hydraulic-cylinders.net\/ro\/wp-json\/wp\/v2\/types\/product"}],"replies":[{"embeddable":true,"href":"https:\/\/www.hydraulic-cylinders.net\/ro\/wp-json\/wp\/v2\/comments?post=19408"}],"wp:featuredmedia":[{"embeddable":true,"href":"https:\/\/www.hydraulic-cylinders.net\/ro\/wp-json\/wp\/v2\/media\/17868"}],"wp:attachment":[{"href":"https:\/\/www.hydraulic-cylinders.net\/ro\/wp-json\/wp\/v2\/media?parent=19408"}],"wp:term":[{"taxonomy":"product_brand","embeddable":true,"href":"https:\/\/www.hydraulic-cylinders.net\/ro\/wp-json\/wp\/v2\/product_brand?post=19408"},{"taxonomy":"product_cat","embeddable":true,"href":"https:\/\/www.hydraulic-cylinders.net\/ro\/wp-json\/wp\/v2\/product_cat?post=19408"},{"taxonomy":"product_tag","embeddable":true,"href":"https:\/\/www.hydraulic-cylinders.net\/ro\/wp-json\/wp\/v2\/product_tag?post=19408"}],"curies":[{"name":"wp","href":"https:\/\/api.w.org\/{rel}","templated":true}]}}