{"id":19414,"date":"2025-04-07T06:33:22","date_gmt":"2025-04-07T06:33:22","guid":{"rendered":"https:\/\/www.hydraulic-cylinders.net\/product\/boom-cylinder-for-bobcat-small-excavator-e55\/"},"modified":"2025-04-07T06:33:25","modified_gmt":"2025-04-07T06:33:25","slug":"boom-cylinder-for-bobcat-small-excavator-e55","status":"publish","type":"product","link":"https:\/\/www.hydraulic-cylinders.net\/ro\/produs\/boom-cylinder-for-bobcat-small-excavator-e55\/","title":{"rendered":"Cilindru bra\u021b pentru excavatorul mic Bobcat E55"},"content":{"rendered":"<h1>Cilindru bra\u021b pentru excavatorul mic Bobcat E55<\/h1>\n<h2>Prezentare general\u0103 a produsului<\/h2>\n<p>Cilindrul bra\u021bului pentru excavatorul mic Bobcat E55 este o component\u0103 crucial\u0103 \u00een sistemele hidraulice ale utilajelor grele. Conceput special pentru a controla mi\u0219carea bra\u021bului excavatoarelor, acest cilindru hidraulic permite ridicarea, cobor\u00e2rea \u0219i \u00eenclinarea bra\u021bului, facilit\u00e2nd sarcinile eficiente de manipulare a materialelor.<\/p>\n<p><img decoding=\"async\" src=\"https:\/\/www.hydraulic-cylinders.net\/wp-content\/uploads\/2025\/04\/songte-company-1.webp\" alt=\"Cilindru de bra\u021b pentru Bobcat E55\" \/><\/p>\n<h3>Defini\u021bie \u0219i func\u021bie<\/h3>\n<p>Un cilindru hidraulic este un tip de cilindru hidraulic special conceput pentru ac\u021bionarea bra\u021bului echipamentelor grele, cum ar fi excavatoarele, \u00eenc\u0103rc\u0103toarele excavatoare \u0219i \u00eenc\u0103rc\u0103toarele frontale. Acesta joac\u0103 un rol vital \u00een sistemele hidraulice, deoarece transform\u0103 energia hidraulic\u0103 \u00een energie mecanic\u0103, permi\u021b\u00e2nd bra\u021bului s\u0103 se mi\u0219te cu precizie. Presiunea fluidului hidraulic din interiorul acestui cilindru \u00eei permite s\u0103 se extind\u0103 \u0219i s\u0103 se retrag\u0103 lin, ceea ce este esen\u021bial pentru diverse sarcini de construc\u021bie \u0219i excavare. Func\u021bionalitatea cilindrului bra\u021bului contribuie semnificativ la eficien\u021ba \u0219i eficacitatea general\u0103 a utilajelor grele \u00een opera\u021biuni variind de la s\u0103pare \u0219i ridicare p\u00e2n\u0103 la transportul materialelor.<\/p>\n<h2>Caracteristicile cilindrului bra\u021bului<\/h2>\n<ul>\n<li><strong>Rezisten\u021b\u0103 \u0219i durabilitate ridicate:<\/strong> De obicei fabricate din o\u021bel sau aluminiu de \u00eenalt\u0103 rezisten\u021b\u0103, aceste cilindri pot rezista la presiuni ridicate \u0219i sarcini grele, ceea ce le face potrivite pentru medii de lucru dure. Designul ia \u00een considerare \u0219i rezisten\u021ba la uzur\u0103 \u0219i la coroziune, prelungindu-le durata de via\u021b\u0103.<\/li>\n<li><strong>Func\u021bionare hidraulic\u0103 eficient\u0103:<\/strong> Utiliz\u00e2nd presiunea uleiului hidraulic pentru mi\u0219c\u0103ri line de extensie \u0219i retragere, acesta poate r\u0103spunde rapid la comenzile operatorului, oferind o for\u021b\u0103 semnificativ\u0103 de \u00eempingere \u0219i tragere, ideal\u0103 pentru gestionarea sarcinilor grele \u0219i complexe.<\/li>\n<li><strong>Diverse tipuri:<\/strong> Disponibili \u00een configura\u021bii cu ac\u021biune simpl\u0103 (ac\u021biune hidraulic\u0103 \u00eentr-o singur\u0103 direc\u021bie) sau cu ac\u021biune dubl\u0103 (ac\u021biune hidraulic\u0103 \u00een ambele direc\u021bii), ace\u0219ti cilindri \u00eendeplinesc diverse nevoi opera\u021bionale. Unele modele sunt telescopice, permi\u021b\u00e2nd o extensie mai mare f\u0103r\u0103 a cre\u0219te dimensiunile exterioare, ceea ce le face potrivite pentru aplica\u021bii cu spa\u021biu limitat.<\/li>\n<\/ul>\n<p>Compania noastr\u0103 produce aceste produse, oferind \u00eenlocuitori perfecte pentru cilindrii hidraulici existen\u021bi.<\/p>\n<p><img decoding=\"async\" src=\"https:\/\/www.hydraulic-cylinders.net\/wp-content\/uploads\/2025\/04\/songte-cylinder-head-with-all-kinds-excavator-models.webp\" alt=\"Modele de excavatoare\" \/><\/p>\n<h2>Aplica\u021bii ale cilindrului bra\u021bului<\/h2>\n<ul>\n<li><strong>Echipamente de construc\u021bii:<\/strong> Cilindrii bra\u021bului sunt esen\u021biali \u00een excavatoare pentru s\u0103pare, \u00eenc\u0103rcare \u0219i mutarea p\u0103m\u00e2ntului sau a resturilor. Ace\u0219tia ajut\u0103 nu doar la excavare, ci \u0219i la ridicarea materialelor, ceea ce \u00eei face vitali \u00een \u0219antierele de construc\u021bii unde eficien\u021ba este primordial\u0103.<\/li>\n<li><strong>Ma\u0219ini agricole:<\/strong> \u00cen \u00eenc\u0103rc\u0103toarele frontale, cilindrii bra\u021bului sunt utiliza\u021bi pentru a r\u0103zui, ridica \u0219i transporta solul, f\u00e2nul \u0219i alte materiale. Capacitatea lor de a manipula diverse sarcini le face indispensabile \u00een opera\u021biunile agricole.<\/li>\n<li><strong>Excavatoare:<\/strong> Cilindrul bra\u021bului permite cupei s\u0103 p\u0103trund\u0103 eficient \u00een sol, facilit\u00e2nd astfel opera\u021biunile eficiente de excavare. Aceast\u0103 component\u0103 hidraulic\u0103 este crucial\u0103 pentru atingerea unor ad\u00e2ncimi de excavare mai mari \u0219i manipularea materialelor vrac.<\/li>\n<li><strong>\u00cenc\u0103rc\u0103toare:<\/strong> \u00cen cazul \u00eenc\u0103rc\u0103toarelor frontale, acestea ajut\u0103 la ridicarea \u0219i desc\u0103rcarea eficient\u0103 a \u00eenc\u0103rc\u0103turilor. Rolul lor \u00een opera\u021biunile de construc\u021bii \u0219i manipulare a materialelor nu poate fi supraestimat, deoarece sporesc semnificativ productivitatea \u0219i viteza de operare.<\/li>\n<\/ul>\n<h2>Considera\u021bii de proiectare \u0219i criterii de selec\u021bie<\/h2>\n<ul>\n<li><strong>Capacitate de \u00eenc\u0103rcare:<\/strong> Proiectarea cilindrului bra\u021bului trebuie s\u0103 \u021bin\u0103 cont de sarcina maxim\u0103 pe care o va suporta. \u00cen\u021belegerea greut\u0103\u021bii materialelor manipulate, precum \u0219i a limitelor opera\u021bionale ale echipamentului, este crucial\u0103 pentru selectarea cilindrului potrivit. Supra\u00eenc\u0103rcarea poate duce la defectarea cilindrului, ceea ce prezint\u0103 riscuri de siguran\u021b\u0103.<\/li>\n<li><strong>Etan\u0219are:<\/strong> Asigurarea etan\u0219eit\u0103\u021bii cilindrului hidraulic este vital\u0103 pentru o performan\u021b\u0103 optim\u0103. Alegerea unor etan\u0219\u0103ri de \u00eenalt\u0103 calitate, precum etan\u0219\u0103rile pistonului \u0219i etan\u0219\u0103rile tijei, fabricate din materiale durabile, cum ar fi poliuretanul \u0219i cauciucul nitrilic, poate ajuta la prevenirea scurgerilor \u0219i la men\u021binerea presiunii.<\/li>\n<li><strong>Durabilitate:<\/strong> Materialele utilizate la fabricarea cilindrului bra\u021bului trebuie s\u0103 fie rezistente la uzur\u0103. Suprafa\u021ba cilindrului trebuie s\u0103 fie supus\u0103 unui tratament fin pentru a \u00eembun\u0103t\u0103\u021bi rezisten\u021ba la uzur\u0103, asigur\u00e2ndu-se c\u0103 acesta rezist\u0103 rigorilor func\u021bion\u0103rii \u00een timp.<\/li>\n<li><strong>Siguran\u0163\u0103:<\/strong> Caracteristicile de siguran\u021b\u0103 ar trebui integrate \u00een proiectarea cilindrului pentru a preveni mi\u0219c\u0103rile neinten\u021bionate. Acestea includ caracteristici precum protec\u021bia la suprapresiune \u0219i mecanisme de siguran\u021b\u0103 care permit func\u021bionarea controlat\u0103 \u00een diverse condi\u021bii.<\/li>\n<li><strong>Mentenabilitate:<\/strong> Un design care faciliteaz\u0103 \u00eentre\u021binerea \u0219i repararea u\u0219oar\u0103 este esen\u021bial. Componentele ar trebui s\u0103 fie u\u0219or accesibile pentru inspec\u021bie \u0219i ar trebui s\u0103 permit\u0103 o lubrifiere simpl\u0103 pentru a prelungi durata de via\u021b\u0103.<\/li>\n<\/ul>\n<p><img decoding=\"async\" src=\"https:\/\/www.hydraulic-cylinders.net\/wp-content\/uploads\/2025\/04\/songte-oil-pipes-and-spare-parts.webp\" alt=\"Piese hidraulice\" \/><\/p>\n<h2>Etan\u0219are \u0219i lubrifiere<\/h2>\n<p>Eficacitatea unui cilindru al bra\u021bului depinde \u00een mare m\u0103sur\u0103 de sistemele sale de etan\u0219are \u0219i lubrifiere. Diverse etan\u0219\u0103ri, cum ar fi etan\u0219\u0103rile pistonului \u0219i etan\u0219\u0103rile tijei, sunt esen\u021biale pentru prevenirea scurgerilor de fluid hidraulic. Alegerea materialelor rezistente la uzur\u0103, cum ar fi poliuretanul \u0219i cauciucul nitrilic, pentru aceste etan\u0219\u0103ri este esen\u021bial\u0103. \u00cen plus, corpul cilindrului \u0219i capetele filetate trebuie tratate fin pentru a spori durabilitatea \u0219i rezisten\u021ba la uzur\u0103. Lubrifierea regulat\u0103 cu ulei hidraulic este necesar\u0103 pentru a minimiza frecarea, a reduce uzura \u0219i a asigura o func\u021bionare lin\u0103. Garniturile \u0219i lubrifierea \u00eentre\u021binute corespunz\u0103tor nu numai c\u0103 \u00eembun\u0103t\u0103\u021besc performan\u021ba, ci prelungesc \u0219i durata de via\u021b\u0103 a cilindrului hidraulic.<\/p>\n<h2>Inspec\u021bie regulat\u0103 \u0219i \u00eentre\u021binere preventiv\u0103<\/h2>\n<ul>\n<li><strong>Verific\u0103ri regulate:<\/strong> Efectuarea inspec\u021biilor regulate ale cilindrului bra\u021bului este esen\u021bial\u0103 pentru a identifica din timp orice uzur\u0103 sau deteriorare. Aceasta include verificarea scurgerilor, examinarea etan\u0219\u0103rilor \u0219i evaluarea st\u0103rii generale a cilindrului. Verific\u0103rile regulate pot ajuta la prevenirea repara\u021biilor costisitoare \u0219i a timpilor de nefunc\u021bionare.<\/li>\n<li><strong>Lubrifiere:<\/strong> Pentru a men\u021bine performan\u021be optime, lubrifierea adecvat\u0103 a cilindrului este vital\u0103. Ad\u0103ugarea regulat\u0103 de ulei hidraulic, conform recomand\u0103rilor produc\u0103torului, ajut\u0103 la reducerea frec\u0103rii \u0219i a uzurii, asigur\u00e2nd o func\u021bionare lin\u0103.<\/li>\n<li><strong>\u00cenlocuirea garniturii:<\/strong> \u00cen timp, garniturile se pot uza \u0219i pot necesita \u00eenlocuire. \u00cenlocuirea regulat\u0103 a garniturilor previne scurgerile \u0219i men\u021bine presiunea \u00een sistemul hidraulic. Aceast\u0103 abordare proactiv\u0103 poate prelungi semnificativ durata de via\u021b\u0103 a cilindrului bra\u021bului.<\/li>\n<\/ul>\n<h2>Instruc\u021biuni de instalare<\/h2>\n<p>Instalarea corect\u0103 a cilindrului bra\u021bului este crucial\u0103 pentru asigurarea unei performan\u021be optime. \u00cencepe\u021bi prin a v\u0103 asigura c\u0103 suprafe\u021bele de montare ale cilindrului sunt curate \u0219i f\u0103r\u0103 resturi. Alinia\u021bi cilindrul cu precizie cu punctele de montare de pe utilaj, asigur\u00e2ndu-v\u0103 c\u0103 este orientat corect \u00een func\u021bie de cerin\u021bele opera\u021bionale. Utiliza\u021bi console de instalare adecvate pentru a fixa cilindrul \u00een pozi\u021bie. Este important s\u0103 evita\u021bi str\u00e2ngerea excesiv\u0103 a \u0219uruburilor, deoarece acest lucru poate duce la nealiniere sau deteriorare. Dup\u0103 fixarea cilindrului, verifica\u021bi func\u021bionarea lin\u0103 prin rotirea acestuia prin gama sa de mi\u0219care. Alinierea corect\u0103 \u0219i instalarea sigur\u0103 ajut\u0103 la maximizarea duratei de via\u021b\u0103 a cilindrului \u0219i a eficien\u021bei opera\u021bionale.<\/p>\n<h2>Sarcini de \u00eentre\u021binere<\/h2>\n<ul>\n<li><strong>Inspec\u021bii regulate:<\/strong> Inspec\u021biile frecvente sunt necesare pentru a detecta din timp orice semne de uzur\u0103 sau deteriorare. Identificarea prompt\u0103 a problemelor poate preveni complica\u021bii ulterioare \u0219i poate men\u021bine performan\u021ba cilindrului.<\/li>\n<li><strong>Lubrifiere adecvat\u0103:<\/strong> Asigurarea unei lubrifieri adecvate a cilindrului bra\u021bului este crucial\u0103 pentru func\u021bionarea acestuia. Ad\u0103ugarea regulat\u0103 a tipului corect de ulei hidraulic, conform specifica\u021biilor produc\u0103torului, va ajuta la men\u021binerea eficien\u021bei \u0219i la reducerea uzurii.<\/li>\n<li><strong>\u00cenlocuirea garniturii:<\/strong> Evalua\u021bi periodic starea garniturilor \u0219i \u00eenlocui\u021bi-le dup\u0103 cum este necesar. Acest lucru este important pentru a preveni scurgerile \u0219i a men\u021bine o presiune hidraulic\u0103 optim\u0103 \u00een sistem. \u00centre\u021binerea regulat\u0103 a garniturilor este un aspect critic al longevit\u0103\u021bii cilindrului hidraulic.<\/li>\n<\/ul>\n<p><img decoding=\"async\" src=\"https:\/\/www.hydraulic-cylinders.net\/wp-content\/uploads\/2025\/04\/songte-chushion-collar.webp\" alt=\"Guler de pern\u0103\" \/><\/p>\n<h2>Considera\u021bii de siguran\u021b\u0103 \u0219i factori de mediu<\/h2>\n<p>Atunci c\u00e2nd se utilizeaz\u0103 componente hidraulice, cum ar fi cilindrul bra\u021bului, implementarea m\u0103surilor de siguran\u021b\u0103 este esen\u021bial\u0103. Operatorii trebuie s\u0103 fie instrui\u021bi cu privire la func\u021bionarea \u00een siguran\u021b\u0103 a echipamentelor \u0219i con\u0219tien\u021bi de pericolele poten\u021biale asociate cu sistemele hidraulice. \u00cen plus, trebuie purtat echipament de siguran\u021b\u0103 adecvat \u00een timpul func\u021bion\u0103rii \u0219i \u00eentre\u021binerii. Din punct de vedere ecologic, fluidele hidraulice trebuie manipulate cu aten\u021bie pentru a preveni scurgerile \u0219i contaminarea. Verific\u0103rile regulate pentru scurgeri \u0219i eliminarea \u00een siguran\u021b\u0103 a fluidelor hidraulice sunt necesare pentru a minimiza impactul asupra mediului.<\/p>\n<h2>Diagnosticarea defec\u021biunilor \u0219i probleme frecvente<\/h2>\n<ul>\n<li><strong>Scurgere:<\/strong> Una dintre cele mai frecvente probleme \u00eent\u00e2lnite la cilindrii hidraulici este scurgerea. Aceasta se poate datora garniturilor uzate sau componentelor deteriorate. Inspec\u021biile regulate pot ajuta la identificarea timpurie a scurgerilor, permi\u021b\u00e2nd repara\u021bii la timp.<\/li>\n<li><strong>Performan\u021b\u0103 redus\u0103:<\/strong> Dac\u0103 cilindrul bra\u021bului nu func\u021bioneaz\u0103 optim, acest lucru se poate datora unei lipse de lichid hidraulic, aerului prins \u00een sistem sau unor deterior\u0103ri interne. Verificarea nivelului de lichid hidraulic \u0219i aerisirea sistemului pot rezolva adesea aceast\u0103 problem\u0103.<\/li>\n<li><strong>Zgomot \u0219i vibra\u021bii:<\/strong> Zgomotele sau vibra\u021biile neobi\u0219nuite \u00een timpul func\u021bion\u0103rii pot fi un semn de uzur\u0103 intern\u0103 sau de nealiniere. Rezolvarea prompt\u0103 a acestor probleme este esen\u021bial\u0103 pentru a preveni deteriorarea ulterioar\u0103 \u0219i a asigura func\u021bionarea \u00een siguran\u021b\u0103.<\/li>\n<\/ul>\n<h2>Sfaturi \u0219i solu\u021bii pentru depanare<\/h2>\n<p>Pentru a diagnostica \u0219i rezolva eficient problemele legate de cilindrul bra\u021bului, lua\u021bi \u00een considerare urm\u0103toarele sfaturi de depanare. Pentru scurgeri, verifica\u021bi garniturile \u0219i fitingurile pentru uzur\u0103 sau deteriorare; \u00eenlocuirea lor, dup\u0103 cum este necesar, poate adesea rezolva problema. \u00cen cazurile de performan\u021b\u0103 redus\u0103, asigura\u021bi-v\u0103 c\u0103 fluidul hidraulic este la nivelul corect \u0219i c\u0103 sistemul nu con\u021bine aer. \u00centre\u021binerea regulat\u0103 \u0219i aten\u021bia la detalii pot reduce semnificativ probabilitatea apari\u021biei problemelor. \u00cen plus, implementarea unor m\u0103suri preventive, cum ar fi inspec\u021biile de rutin\u0103 \u0219i repara\u021biile la timp, poate ajuta la atenuarea poten\u021bialelor probleme \u00eenainte ca acestea s\u0103 escaladeze.<\/p>\n<p><img decoding=\"async\" src=\"https:\/\/www.hydraulic-cylinders.net\/wp-content\/uploads\/2025\/04\/songte-bushings-with-all-kinds-of-excavator-models.webp\" alt=\"Buc\u0219e pentru excavatoare\" \/><\/p>\n<h2>Despre compania noastr\u0103<\/h2>\n<p>Suntem un produc\u0103tor important de cilindri hidraulici de schimb, oferind o gam\u0103 larg\u0103 de produse care deservesc at\u00e2t pie\u021bele interne, c\u00e2t \u0219i cele interna\u021bionale. Angajamentul nostru fa\u021b\u0103 de excelen\u021b\u0103 este evident \u00een procesele noastre de fabrica\u021bie meticuloase \u0219i standardele de \u00eenalt\u0103 calitate. Utiliz\u0103m strategii avansate de management al produc\u021biei \u0219i am investit \u00een tehnologie de ultim\u0103 genera\u021bie, personal calificat \u0219i un sistem de testare profesional pentru a ne \u00eembun\u0103t\u0103\u021bi continuu capacit\u0103\u021bile de produc\u021bie.<\/p>\n<h3>Servicii specializate<\/h3>\n<ul>\n<li><strong>Profesionalism:<\/strong> Echipa noastr\u0103 este dedicat\u0103 furniz\u0103rii de cilindri hidraulici de \u00eenalt\u0103 calitate, adapta\u021bi specifica\u021biilor clien\u021bilor.<\/li>\n<li><strong>Certific\u0103ri interna\u021bionale:<\/strong> Respect\u0103m standardele interna\u021bionale, asigur\u00e2ndu-ne c\u0103 produsele noastre respect\u0103 standarde riguroase de calitate \u0219i siguran\u021b\u0103.<\/li>\n<li><strong>Servicii personalizate:<\/strong> Oferim op\u021biuni de personalizare pentru a satisface nevoile specifice ale clien\u021bilor no\u0219tri, asigur\u00e2ndu-ne c\u0103 ace\u0219tia primesc solu\u021bia perfect\u0103 pentru aplica\u021biile lor.<\/li>\n<li><strong>Echipamente avansate de produc\u021bie:<\/strong> Facilit\u0103\u021bile noastre de ultim\u0103 genera\u021bie ne permit s\u0103 men\u021binem o eficien\u021b\u0103 ridicat\u0103 \u0219i precizie \u00een procesul nostru de fabrica\u021bie.<\/li>\n<li><strong>Serviciu post-v\u00e2nzare:<\/strong> Ne angaj\u0103m s\u0103 oferim asisten\u021b\u0103 post-v\u00e2nzare excep\u021bional\u0103, asigur\u00e2nd satisfac\u021bia clien\u021bilor \u0219i \u00eencrederea \u00een produsele noastre.<\/li>\n<\/ul>\n<p><img decoding=\"async\" src=\"https:\/\/www.hydraulic-cylinders.net\/wp-content\/uploads\/2025\/04\/songte-company-4.webp\" alt=\"Prezentare general\u0103 a companiei\" \/><br \/>\n<img decoding=\"async\" src=\"https:\/\/www.hydraulic-cylinders.net\/wp-content\/uploads\/2025\/04\/songte-company-3.webp\" alt=\"Unitate de produc\u021bie\" \/><\/p>\n<p>Autor: lyl<\/p>","protected":false},"excerpt":{"rendered":"<p>Boom Cylinder For Bobcat Small Excavator E55 Product Overview The Boom Cylinder for Bobcat Small Excavator E55 is a crucial component in the hydraulic systems of heavy machinery. Specifically designed to control the movement of the boom on excavators, this hydraulic cylinder allows for the lifting, lowering, and tilting of the boom, facilitating efficient material [&hellip;]<\/p>","protected":false},"featured_media":17874,"comment_status":"open","ping_status":"closed","template":"","meta":{"_et_pb_use_builder":"","_et_pb_old_content":"","_et_gb_content_width":""},"product_brand":[],"product_cat":[1546],"product_tag":[1547,1496],"class_list":{"0":"post-19414","1":"product","2":"type-product","3":"status-publish","4":"has-post-thumbnail","6":"product_cat-boom-cylinders","7":"product_tag-boom-cylinders","8":"product_tag-hydraulic-cylinders","10":"first","11":"instock","12":"shipping-taxable","13":"product-type-simple"},"amp_enabled":true,"_links":{"self":[{"href":"https:\/\/www.hydraulic-cylinders.net\/ro\/wp-json\/wp\/v2\/product\/19414","targetHints":{"allow":["GET"]}}],"collection":[{"href":"https:\/\/www.hydraulic-cylinders.net\/ro\/wp-json\/wp\/v2\/product"}],"about":[{"href":"https:\/\/www.hydraulic-cylinders.net\/ro\/wp-json\/wp\/v2\/types\/product"}],"replies":[{"embeddable":true,"href":"https:\/\/www.hydraulic-cylinders.net\/ro\/wp-json\/wp\/v2\/comments?post=19414"}],"wp:featuredmedia":[{"embeddable":true,"href":"https:\/\/www.hydraulic-cylinders.net\/ro\/wp-json\/wp\/v2\/media\/17874"}],"wp:attachment":[{"href":"https:\/\/www.hydraulic-cylinders.net\/ro\/wp-json\/wp\/v2\/media?parent=19414"}],"wp:term":[{"taxonomy":"product_brand","embeddable":true,"href":"https:\/\/www.hydraulic-cylinders.net\/ro\/wp-json\/wp\/v2\/product_brand?post=19414"},{"taxonomy":"product_cat","embeddable":true,"href":"https:\/\/www.hydraulic-cylinders.net\/ro\/wp-json\/wp\/v2\/product_cat?post=19414"},{"taxonomy":"product_tag","embeddable":true,"href":"https:\/\/www.hydraulic-cylinders.net\/ro\/wp-json\/wp\/v2\/product_tag?post=19414"}],"curies":[{"name":"wp","href":"https:\/\/api.w.org\/{rel}","templated":true}]}}