{"id":19415,"date":"2025-04-07T06:33:25","date_gmt":"2025-04-07T06:33:25","guid":{"rendered":"https:\/\/www.hydraulic-cylinders.net\/product\/boom-cylinder-for-bobcat-small-excavator-e85\/"},"modified":"2025-04-07T06:33:28","modified_gmt":"2025-04-07T06:33:28","slug":"boom-cylinder-for-bobcat-small-excavator-e85","status":"publish","type":"product","link":"https:\/\/www.hydraulic-cylinders.net\/ro\/produs\/boom-cylinder-for-bobcat-small-excavator-e85\/","title":{"rendered":"Cilindru bra\u021b pentru excavatorul mic Bobcat E85"},"content":{"rendered":"<h1>Cilindru bra\u021b pentru excavatorul mic Bobcat E85<\/h1>\n<h2>Prezentare general\u0103 a produsului<\/h2>\n<p>Cilindrul bra\u021bului pentru excavatorul mic Bobcat E85 este o component\u0103 hidraulic\u0103 vital\u0103 care joac\u0103 un rol crucial \u00een performan\u021ba utilajelor grele. Acest cilindru hidraulic este special conceput pentru a controla mi\u0219carea bra\u021bului excavatoarelor, excavatoarelor \u0219i \u00eenc\u0103rc\u0103toarelor frontale. Acesta permite ridicarea, cobor\u00e2rea \u0219i \u00eenclinarea bra\u021bului, facilit\u00e2nd sarcini eficiente de manipulare a materialelor. \u00cen esen\u021b\u0103, cilindrul cupei este un tip de cilindru hidraulic care transform\u0103 presiunea hidraulic\u0103 \u00een for\u021b\u0103 mecanic\u0103, permi\u021b\u00e2nd mi\u0219c\u0103ri line \u0219i controlate. Acest lucru este deosebit de important \u00een aplica\u021biile de construc\u021bii \u0219i excava\u021bii unde sunt necesare precizie \u0219i putere.<\/p>\n<p><img decoding=\"async\" src=\"https:\/\/www.hydraulic-cylinders.net\/wp-content\/uploads\/2025\/04\/songte-company-1.webp\" alt=\"Imagine cilindru hidraulic\"><\/p>\n<h2>Caracteristicile cilindrului bra\u021bului<\/h2>\n<ul>\n<li><strong>Rezisten\u021b\u0103 \u0219i durabilitate ridicate:<\/strong> Constructed from high-strength steel or aluminum, this cylinder can withstand high pressure and heavy loads, making it suitable for harsh working environments. The design considers wear resistance and corrosion resistance to prolong the product&#8217;s lifespan.<\/li>\n<li><strong>Func\u021bionare hidraulic\u0103 eficient\u0103:<\/strong> Utilizeaz\u0103 presiunea fluidului hidraulic pentru o extensie \u0219i retragere lin\u0103, permi\u021b\u00e2nd un r\u0103spuns rapid la comenzile de control, oferind o for\u021b\u0103 puternic\u0103 de \u00eempingere \u0219i tragere pentru gestionarea sarcinilor grele \u0219i complexe.<\/li>\n<li><strong>Diverse tipuri:<\/strong> Disponibile \u00een cilindri cu ac\u021biune simpl\u0103 (utilizare hidraulic\u0103 \u00eentr-o singur\u0103 direc\u021bie) sau cu ac\u021biune dubl\u0103 (utilizare hidraulic\u0103 \u00een ambele direc\u021bii) pentru a satisface diverse nevoi opera\u021bionale. Unele modele sunt dotate cu designuri telescopice pentru o extensie mai mare f\u0103r\u0103 a cre\u0219te dimensiunile exterioare, ideale pentru aplica\u021bii cu spa\u021biu limitat.<\/li>\n<li><strong>Compatibilitate:<\/strong> Produsele noastre \u00eenlocuiesc perfect ace\u0219ti cilindri hidraulici, asigur\u00e2nd o integrare \u0219i o func\u021bionare f\u0103r\u0103 probleme.<\/li>\n<li><strong>Aplica\u021bii versatile:<\/strong> Poate fi utilizat \u00een diverse utilaje, \u00eembun\u0103t\u0103\u021bind productivitatea \u0219i eficien\u021ba general\u0103 a sarcinilor.<\/li>\n<\/ul>\n<p><img decoding=\"async\" src=\"https:\/\/www.hydraulic-cylinders.net\/wp-content\/uploads\/2025\/04\/songte-cylinder-head-with-all-kinds-excavator-models.webp\" alt=\"Cilindru model excavator\"><\/p>\n<h2>Aplica\u021bii ale cilindrului bra\u021bului<\/h2>\n<h3>Echipamente de construc\u021bii<\/h3>\n<p>\u00cen excavatoare, cilindrii bra\u021bului sunt esen\u021biali pentru s\u0103parea, \u00eenc\u0103rcarea \u0219i mutarea eficient\u0103 a solului sau a resturilor. Ace\u0219tia faciliteaz\u0103 mi\u0219c\u0103rile precise necesare pentru excavarea \u0219an\u021burilor ad\u00e2nci sau ridicarea sarcinilor grele. Capacitatea de extindere \u0219i retragere rapid\u0103 asigur\u0103 finalizarea eficient\u0103 a sarcinilor de construc\u021bie, ceea ce le face nepre\u021buite \u00een orice \u0219antier.<\/p>\n<h3>Ma\u0219ini agricole<\/h3>\n<p>Utiliza\u021bi \u00een \u00eenc\u0103rc\u0103toarele frontale, cilindrii bra\u021bului ajut\u0103 la scobere, ridicare \u0219i transportul solului, f\u00e2nului \u0219i altor materiale. Capacitatea lor de a manipula sarcini grele, oferind \u00een acela\u0219i timp un control fin, este crucial\u0103 \u00een mediile agricole, unde opera\u021biunile efectuate la timp \u0219i precise pot avea un impact semnificativ asupra productivit\u0103\u021bii.<\/p>\n<h3>Excavatoare<\/h3>\n<p>La excavatoare, cilindrul bra\u021bului permite cupei s\u0103 p\u0103trund\u0103 eficient \u00een sol, permi\u021b\u00e2nd o excavare eficient\u0103. Aceast\u0103 func\u021bionalitate este vital\u0103 \u00een diverse aplica\u021bii, de la amenajarea peisagistic\u0103 la proiecte de construc\u021bii la scar\u0103 larg\u0103, unde capacitatea de a excava rapid \u0219i precis este primordial\u0103.<\/p>\n<h3>\u00cenc\u0103rc\u0103toare<\/h3>\n<p>\u00cen cazul \u00eenc\u0103rc\u0103toarelor frontale, cilindrii bra\u021bului joac\u0103 un rol crucial \u00een ridicarea \u0219i desc\u0103rcarea eficient\u0103 a \u00eenc\u0103rc\u0103turilor. Rezisten\u021ba \u0219i viteza lor de reac\u021bie le fac ideale pentru manipularea materialelor \u00een depozite, \u0219antiere de construc\u021bii \u0219i c\u00e2mpuri agricole, unde manipularea rapid\u0103 \u0219i eficient\u0103 a materialelor este esen\u021bial\u0103.<\/p>\n<h2>Considera\u021bii de proiectare \u0219i criterii de selec\u021bie<\/h2>\n<h3>Capacitate de \u00eenc\u0103rcare<\/h3>\n<p>The load capacity of a boom cylinder is a critical consideration. It must be designed to handle the maximum load it will encounter in operation. This ensures the cylinder operates safely and effectively under pressure without failure. Choosing a cylinder with sufficient capacity is vital to avoid equipment damage and maintain operational efficiency. Proper calculations based on the machine&#8217;s specifications and expected loads are essential in making the right choice.<\/p>\n<h3>Sigilare<\/h3>\n<p>Etan\u0219area eficient\u0103 este crucial\u0103 pentru men\u021binerea presiunii hidraulice \u0219i prevenirea scurgerilor. Selec\u021bia etan\u0219\u0103rilor ar trebui s\u0103 acorde prioritate materialelor care pot rezista la uzur\u0103 \u0219i la mediul \u00een care func\u021bioneaz\u0103. Se recomand\u0103 etan\u0219\u0103ri de \u00eenalt\u0103 calitate din poliuretan sau cauciuc nitrilic pentru durabilitatea \u0219i rezisten\u021ba lor la substan\u021be chimice. Proiectarea adecvat\u0103 a etan\u0219\u0103rilor contribuie semnificativ la fiabilitatea \u0219i longevitatea general\u0103 a cilindrului.<\/p>\n<h3>Durabilitate<\/h3>\n<p>Durability is essential for boom cylinders, particularly in demanding applications. The materials used should resist wear and corrosion, ensuring that the cylinder can withstand the rigors of heavy use. Regular inspections and maintenance can help identify signs of wear early, prolonging the product&#8217;s lifespan. Investing in high-quality materials and construction techniques can mitigate issues associated with frequent replacements and downtime.<\/p>\n<h3>Siguran\u0163\u0103<\/h3>\n<p>Caracteristicile de siguran\u021b\u0103 trebuie integrate \u00een proiectare pentru a proteja operatorii \u0219i utilajele. Aceasta include \u00eencorporarea de supape de suprapresiune \u0219i asigurarea func\u021bion\u0103rii \u00een siguran\u021b\u0103 a cilindrului \u00een condi\u021bii extreme. Auditurile regulate de siguran\u021b\u0103 \u0219i respectarea protocoalelor de siguran\u021b\u0103 sunt necesare pentru a atenua riscurile asociate cu defec\u021biunile hidraulice.<\/p>\n<h3>Mentenabilitate<\/h3>\n<p>U\u0219urin\u021ba \u00eentre\u021binerii ar trebui s\u0103 fie o considera\u021bie principal\u0103 atunci c\u00e2nd se alege un cilindru pentru bra\u021b. Caracteristicile de proiectare care permit accesul facil la componente pentru lubrifiere, inspec\u021bie \u0219i repara\u021bii pot economisi timp \u0219i costuri. Implementarea unui program de \u00eentre\u021binere preventiv\u0103 poate spori fiabilitatea cilindrului, asigur\u00e2ndu-se c\u0103 acesta func\u021bioneaz\u0103 eficient pe toat\u0103 durata sa de via\u021b\u0103.<\/p>\n<p><img decoding=\"async\" src=\"https:\/\/www.hydraulic-cylinders.net\/wp-content\/uploads\/2025\/04\/songte-oil-pipes-and-spare-parts.webp\" alt=\"Imagine piese hidraulice\"><\/p>\n<h2>Etan\u0219are \u0219i lubrifiere<\/h2>\n<p>Etan\u0219area corect\u0103 este vital\u0103 \u00een sistemele hidraulice. Diverse garnituri, cum ar fi garniturile pistonului \u0219i garniturile tijei, previn scurgerile fluidului hidraulic \u0219i men\u021bin presiunea \u00een interiorul cilindrului. Garniturile trebuie s\u0103 fie compuse din materiale durabile, cum ar fi poliuretanul sau cauciucul nitrilic, pentru a rezista la uzur\u0103 \u0219i la condi\u021biile de mediu. \u00cen plus, corpul cilindrului \u0219i suprafe\u021bele filetate ale cap\u0103tului trebuie prelucrate fin pentru a cre\u0219te rezisten\u021ba la uzur\u0103. Lubrifierea regulat\u0103 cu uleiul hidraulic adecvat este necesar\u0103 pentru a minimiza frecarea \u0219i a \u00eembun\u0103t\u0103\u021bi performan\u021ba. Acest lucru nu numai c\u0103 prelunge\u0219te durata de via\u021b\u0103 a garniturilor, dar asigur\u0103 \u0219i o func\u021bionare lin\u0103 a sistemului hidraulic.<\/p>\n<h2>Inspec\u021bie regulat\u0103 \u0219i \u00eentre\u021binere preventiv\u0103<\/h2>\n<ul>\n<li><strong>Controale regulate:<\/strong> Programa\u021bi inspec\u021bii de rutin\u0103 pentru a identifica orice semne de uzur\u0103 sau deteriorare. Aceast\u0103 abordare proactiv\u0103 poate ajuta la detectarea problemelor din timp, \u00eenainte ca acestea s\u0103 se transforme \u00een probleme semnificative.<\/li>\n<li><strong>Lubrifiere adecvat\u0103:<\/strong> Asigura\u021bi-v\u0103 c\u0103 uleiul hidraulic este men\u021binut la nivelurile corecte \u0219i c\u0103 este de tipul potrivit pentru o performan\u021b\u0103 optim\u0103. Verifica\u021bi \u0219i \u00eenlocui\u021bi uleiul \u00een mod regulat, dup\u0103 cum este necesar, pentru a evita problemele legate de defec\u021biunile lubrifierii.<\/li>\n<li><strong>\u00cenlocuirea garniturii:<\/strong> Monitoriza\u021bi uzura garniturilor \u0219i \u00eenlocui\u021bi-le dup\u0103 cum este necesar pentru a preveni scurgerile \u0219i a men\u021bine presiunea \u00een sistem. Verific\u0103rile regulate ale garniturilor sunt esen\u021biale pentru longevitatea cilindrului hidraulic.<\/li>\n<\/ul>\n<h2>Instruc\u021biuni de instalare<\/h2>\n<p>Instalarea corect\u0103 a cilindrului bra\u021bului este crucial\u0103 pentru o performan\u021b\u0103 optim\u0103. \u00cencepe\u021bi prin a v\u0103 asigura c\u0103 cilindrul este aliniat corect cu suporturile de montare, deoarece nealinierea poate provoca uzur\u0103 excesiv\u0103 \u0219i poten\u021biale defec\u021biuni. Folosi\u021bi accesoriile de montare adecvate pentru a fixa cilindrul \u00een pozi\u021bie \u0219i evita\u021bi str\u00e2ngerea excesiv\u0103, care ar putea deteriora componentele. Respecta\u021bi specifica\u021biile produc\u0103torului pentru conexiunile hidraulice \u0219i asigura\u021bi-v\u0103 c\u0103 toate fitingurile sunt str\u00e2nse pentru a preveni scurgerile. Dup\u0103 instalare, efectua\u021bi o prob\u0103 de func\u021bionare pentru a verifica dac\u0103 exist\u0103 nereguli \u00een func\u021bionare. Monitoriza\u021bi periodic cilindrul \u00een timpul func\u021bion\u0103rii ini\u021biale pentru a v\u0103 asigura c\u0103 totul func\u021bioneaz\u0103 corect \u0219i \u00een siguran\u021b\u0103.<\/p>\n<h2>Sarcini comune de \u00eentre\u021binere<\/h2>\n<h3>Inspec\u021bii regulate<\/h3>\n<p>Efectuarea inspec\u021biilor regulate este esen\u021bial\u0103 pentru a identifica poten\u021bialele probleme \u00eenainte ca acestea s\u0103 devin\u0103 grave. Verifica\u021bi dac\u0103 exist\u0103 semne de scurgeri, uzur\u0103 \u0219i func\u021bionalitatea general\u0103. O inspec\u021bie vizual\u0103 poate dezv\u0103lui adesea probleme care trebuie remediate. Documentarea constat\u0103rilor \u0219i abordarea prompt\u0103 a acestora pot ajuta la men\u021binerea eficien\u021bei opera\u021bionale.<\/p>\n<h3>Lubrifiere adecvat\u0103<\/h3>\n<p>Lubricating the hydraulic system regularly is vital for minimizing friction and wear. Use the recommended hydraulic oil and ensure that all moving parts receive adequate lubrication. This practice not only extends the life of the components but also enhances the system&#8217;s overall performance. Establishing a lubrication schedule can help maintain consistency in this task.<\/p>\n<h3>\u00cenlocuirea garniturii<\/h3>\n<p>\u00cenlocuirea garniturilor ca parte a \u00eentre\u021binerii regulate este crucial\u0103 pentru prevenirea scurgerilor. Monitoriza\u021bi starea garniturilor \u0219i \u00eenlocui\u021bi-le \u00eenainte ca acestea s\u0103 prezinte o uzur\u0103 semnificativ\u0103. \u00centre\u021binerea corect\u0103 a garniturilor asigur\u0103 men\u021binerea presiunii \u0219i func\u021bionarea corect\u0103 a sistemului, evit\u00e2nd astfel repara\u021biile costisitoare asociate cu defec\u021biunile hidraulice.<\/p>\n<p><img decoding=\"async\" src=\"https:\/\/www.hydraulic-cylinders.net\/wp-content\/uploads\/2025\/04\/songte-chushion-collar.webp\" alt=\"Imagine cu guler de pern\u0103\"><\/p>\n<h2>Considera\u021bii de siguran\u021b\u0103 \u0219i factori de mediu<\/h2>\n<p>Atunci c\u00e2nd se lucreaz\u0103 cu sisteme hidraulice, m\u0103surile de siguran\u021b\u0103 sunt primordiale. Operatorii trebuie s\u0103 fie instrui\u021bi cu privire la utilizarea \u00een siguran\u021b\u0103 a echipamentelor \u0219i s\u0103 fie con\u0219tien\u021bi de pericolele poten\u021biale asociate cu defec\u021biunile hidraulice. Echipamentul individual de protec\u021bie (EIP) trebuie utilizat pentru a minimiza riscurile \u00een timpul func\u021bion\u0103rii \u0219i \u00eentre\u021binerii. \u00cen plus, trebuie luate \u00een considerare considera\u021biile de mediu, concentr\u00e2ndu-se pe manipularea \u0219i eliminarea corect\u0103 a fluidelor \u0219i materialelor hidraulice pentru a preveni contaminarea \u0219i a asigura respectarea reglement\u0103rilor de mediu.<\/p>\n<h2>Depanare \u0219i probleme frecvente<\/h2>\n<ul>\n<li><strong>Scurgere:<\/strong> De obicei, cauzate de garnituri uzate sau instalare necorespunz\u0103toare. Verifica\u021bi garniturile \u0219i fitingurile \u0219i \u00eenlocui\u021bi-le dup\u0103 cum este necesar.<\/li>\n<li><strong>Joas\u0103 presiune:<\/strong> Poate indica scurgeri \u00een sistem, lichid hidraulic insuficient sau probleme cu pompa. Inspecta\u021bi sistemul cu aten\u021bie pentru a identifica sursa problemei.<\/li>\n<li><strong>Cilindru nereactiv:<\/strong> Acest lucru ar putea fi cauzat de aer blocat \u00een conductele hidraulice, niveluri sc\u0103zute de lichid sau blocaje. Aerisi\u021bi sistemul, verifica\u021bi nivelurile de lichid \u0219i \u00eendep\u0103rta\u021bi orice obstruc\u021bii.<\/li>\n<\/ul>\n<h2>Sfaturi de depanare<\/h2>\n<p>C\u00e2nd diagnostica\u021bi probleme, \u00eencepe\u021bi prin a revizui parametrii opera\u021bionali \u0219i inspecta\u021bi pentru orice deteriorare vizibil\u0103. Verificarea nivelurilor \u0219i calit\u0103\u021bii fluidelor poate adesea dezv\u0103lui cauza defec\u021biunilor. Implementa\u021bi o abordare sistematic\u0103 a depan\u0103rii, document\u00e2nd constat\u0103rile \u0219i ac\u021biunile \u00eentreprinse pentru a crea un istoric complet al \u00eentre\u021binerii. M\u0103surile preventive, cum ar fi \u00eentre\u021binerea regulat\u0103 \u0219i verific\u0103rile sistemului, pot reduce semnificativ probabilitatea apari\u021biei unor probleme viitoare.<\/p>\n<p><img decoding=\"async\" src=\"https:\/\/www.hydraulic-cylinders.net\/wp-content\/uploads\/2025\/04\/songte-bushings-with-all-kinds-of-excavator-models.webp\" alt=\"Imagine buc\u0219e excavator\"><\/p>\n<h2>Prezentare general\u0103 a companiei<\/h2>\n<p>Suntem un produc\u0103tor important de cilindri hidraulici de schimb, oferind o gam\u0103 complet\u0103 de produse at\u00e2t pentru pie\u021bele interne, c\u00e2t \u0219i pentru cele interna\u021bionale. Angajamentul nostru fa\u021b\u0103 de excelen\u021ba \u00een calitate este sus\u021binut de strategiile noastre meticuloase de fabrica\u021bie \u0219i de sistemele avansate de management al produc\u021biei. Valorific\u00e2nd personal tehnic calificat \u0219i echipamente digitale de fabrica\u021bie de ultim\u0103 genera\u021bie, ne \u00eembun\u0103t\u0103\u021bim continuu platformele de produc\u021bie pentru a spori calitatea produselor. Capacit\u0103\u021bile noastre ne permit s\u0103 satisfacem diverse cerin\u021be ale clien\u021bilor \u00een mod eficient \u0219i precis, asigur\u00e2nd niveluri ridicate de satisfac\u021bie a clien\u021bilor.<\/p>\n<p>Profesionalismul nostru se reflect\u0103 \u00een certific\u0103rile interna\u021bionale \u0219i \u00een serviciile personalizate pe care le oferim. Folosim echipamente de produc\u021bie de ultim\u0103 genera\u021bie \u0219i men\u021binem un suport robust post-v\u00e2nzare pentru a r\u0103spunde solicit\u0103rilor \u0219i preocup\u0103rilor clien\u021bilor. Prin dedicarea noastr\u0103 fa\u021b\u0103 de calitate \u0219i servicii, ne str\u0103duim s\u0103 fim alegerea preferat\u0103 pentru cilindrii hidraulici din industrie.<\/p>\n<p><img decoding=\"async\" src=\"https:\/\/www.hydraulic-cylinders.net\/wp-content\/uploads\/2025\/04\/songte-company-4.webp\" alt=\"Imaginea companiei\"><br \/>\n<img decoding=\"async\" src=\"https:\/\/www.hydraulic-cylinders.net\/wp-content\/uploads\/2025\/04\/songte-company-3.webp\" alt=\"Imaginea companiei\"><\/p>\n<p>Autor: lyl<\/p>","protected":false},"excerpt":{"rendered":"<p>Boom Cylinder For Bobcat Small Excavator E85 Product Overview The Boom Cylinder for Bobcat Small Excavator E85 is a vital hydraulic component that plays a crucial role in the performance of heavy machinery. This hydraulic cylinder is specifically designed to control the movement of the boom in excavators, backhoes, and front loaders. It enables the [&hellip;]<\/p>","protected":false},"featured_media":17875,"comment_status":"open","ping_status":"closed","template":"","meta":{"_et_pb_use_builder":"","_et_pb_old_content":"","_et_gb_content_width":""},"product_brand":[],"product_cat":[1546],"product_tag":[1547,1496],"class_list":{"0":"post-19415","1":"product","2":"type-product","3":"status-publish","4":"has-post-thumbnail","6":"product_cat-boom-cylinders","7":"product_tag-boom-cylinders","8":"product_tag-hydraulic-cylinders","10":"first","11":"instock","12":"shipping-taxable","13":"product-type-simple"},"amp_enabled":true,"_links":{"self":[{"href":"https:\/\/www.hydraulic-cylinders.net\/ro\/wp-json\/wp\/v2\/product\/19415","targetHints":{"allow":["GET"]}}],"collection":[{"href":"https:\/\/www.hydraulic-cylinders.net\/ro\/wp-json\/wp\/v2\/product"}],"about":[{"href":"https:\/\/www.hydraulic-cylinders.net\/ro\/wp-json\/wp\/v2\/types\/product"}],"replies":[{"embeddable":true,"href":"https:\/\/www.hydraulic-cylinders.net\/ro\/wp-json\/wp\/v2\/comments?post=19415"}],"wp:featuredmedia":[{"embeddable":true,"href":"https:\/\/www.hydraulic-cylinders.net\/ro\/wp-json\/wp\/v2\/media\/17875"}],"wp:attachment":[{"href":"https:\/\/www.hydraulic-cylinders.net\/ro\/wp-json\/wp\/v2\/media?parent=19415"}],"wp:term":[{"taxonomy":"product_brand","embeddable":true,"href":"https:\/\/www.hydraulic-cylinders.net\/ro\/wp-json\/wp\/v2\/product_brand?post=19415"},{"taxonomy":"product_cat","embeddable":true,"href":"https:\/\/www.hydraulic-cylinders.net\/ro\/wp-json\/wp\/v2\/product_cat?post=19415"},{"taxonomy":"product_tag","embeddable":true,"href":"https:\/\/www.hydraulic-cylinders.net\/ro\/wp-json\/wp\/v2\/product_tag?post=19415"}],"curies":[{"name":"wp","href":"https:\/\/api.w.org\/{rel}","templated":true}]}}