{"id":19419,"date":"2025-04-07T06:33:36","date_gmt":"2025-04-07T06:33:36","guid":{"rendered":"https:\/\/www.hydraulic-cylinders.net\/product\/boom-cylinder-for-der-der323-8\/"},"modified":"2025-04-07T06:33:39","modified_gmt":"2025-04-07T06:33:39","slug":"boom-cylinder-for-der-der323-8","status":"publish","type":"product","link":"https:\/\/www.hydraulic-cylinders.net\/ro\/produs\/boom-cylinder-for-der-der323-8\/","title":{"rendered":"Cilindru bra\u021b pentru DER DER323-8"},"content":{"rendered":"<h1>Cilindru bra\u021b pentru DER DER323-8<\/h1>\n<h2>Prezentare general\u0103 a produsului<\/h2>\n<p>Cilindrul bra\u021bului pentru DER DER323-8 este o component\u0103 hidraulic\u0103 vital\u0103 care joac\u0103 un rol crucial \u00een func\u021bionarea utilajelor grele. Acest tip de cilindru hidraulic este special conceput pentru a controla mi\u0219carea cupei \u00een diverse echipamente grele, cum ar fi excavatoarele, \u00eenc\u0103rc\u0103toarele cu buldoexcavatoare \u0219i \u00eenc\u0103rc\u0103toarele frontale. Permi\u021b\u00e2nd ridicarea, cobor\u00e2rea \u0219i \u00eenclinarea cupei, cilindrul bra\u021bului faciliteaz\u0103 sarcinile eficiente de manipulare a materialelor.<\/p>\n<p><img decoding=\"async\" src=\"https:\/\/www.hydraulic-cylinders.net\/wp-content\/uploads\/2025\/04\/songte-company-1.webp\" alt=\"Cilindru de bra\u021b\" \/><\/p>\n<h3>Defini\u021bie \u0219i func\u021bionare<\/h3>\n<p>Un cilindru al cupei este un cilindru hidraulic utilizat pentru a gestiona mi\u0219carea cupelor ata\u0219ate la utilaje grele. \u00cen sistemele hidraulice, ace\u0219ti cilindri func\u021bioneaz\u0103 prin transformarea energiei hidraulice \u00een energie mecanic\u0103, permi\u021b\u00e2nd un control precis asupra mi\u0219c\u0103rilor cupei. Designul \u0219i func\u021bionalitatea cilindrilor bra\u021bului sunt cruciale pentru s\u0103parea, ridicarea \u0219i transportul eficient al materialelor, ceea ce \u00eei face indispensabili \u00een diverse industrii.<\/p>\n<h2>Caracteristici ale cilindrului bra\u021bului pentru DER DER323-8<\/h2>\n<ul>\n<li><strong>Rezisten\u021b\u0103 \u0219i durabilitate ridicate:<\/strong> Construi\u021bi din o\u021bel sau aluminiu de \u00eenalt\u0103 rezisten\u021b\u0103, ace\u0219ti cilindri sunt concepu\u021bi pentru a rezista la presiuni ridicate \u0219i sarcini grele, asigur\u00e2nd longevitatea chiar \u0219i \u00een cele mai dificile condi\u021bii de lucru.<\/li>\n<li><strong>Func\u021bionare hidraulic\u0103 eficient\u0103:<\/strong> Acestea utilizeaz\u0103 presiunea uleiului hidraulic pentru o extensie \u0219i retragere lin\u0103, oferind un r\u0103spuns rapid la comenzile de control \u0219i o for\u021b\u0103 semnificativ\u0103 de \u00eempingere \u0219i tragere pentru manipularea materialelor grele.<\/li>\n<li><strong>Diverse tipuri:<\/strong> Disponibil \u00een configura\u021bii cu ac\u021biune simpl\u0103 (func\u021bioneaz\u0103 \u00eentr-o singur\u0103 direc\u021bie) sau cu ac\u021biune dubl\u0103 (func\u021bioneaz\u0103 \u00een ambele direc\u021bii), unele modele oferind un design telescopic pentru o extensie mai mare f\u0103r\u0103 a cre\u0219te dimensiunile exterioare.<\/li>\n<li><strong>Inginerie de precizie:<\/strong> Proiecta\u021bi cu toleran\u021be ridicate pentru a asigura performan\u021be optime \u0219i a minimiza uzura, ace\u0219ti cilindri sunt echipa\u021bi cu tehnologii avansate de etan\u0219are pentru a preveni scurgerile.<\/li>\n<li><strong>Solu\u021bii personalizabile:<\/strong> Putem fabrica cilindri care \u00eenlocuiesc perfect cilindrii hidraulici existen\u021bi, adapta\u021bi cerin\u021belor specifice ale utilajelor.<\/li>\n<\/ul>\n<p><img decoding=\"async\" src=\"https:\/\/www.hydraulic-cylinders.net\/wp-content\/uploads\/2025\/04\/songte-cylinder-head-with-all-kinds-excavator-models.webp\" alt=\"Chiulas\u0103\" \/><\/p>\n<h2>Scenarii de aplica\u021bii<\/h2>\n<h3>Echipamente de construc\u021bii<\/h3>\n<p>\u00cen excavatoare, cilindrii bra\u021bului sunt esen\u021biali pentru s\u0103pare, \u00eenc\u0103rcare \u0219i mutarea solului sau a resturilor. Ace\u0219tia permit operatorului s\u0103 efectueze mi\u0219c\u0103ri precise, care sunt esen\u021biale pentru sarcinile de excavare. \u00cen cazul \u00eenc\u0103rc\u0103toarelor basculante, ace\u0219ti cilindri ajut\u0103 at\u00e2t la opera\u021biunile de s\u0103pare, c\u00e2t \u0219i la cele de ridicare, sporind versatilitatea ma\u0219inii. Capacitatea de a controla cu precizie pozi\u021bia cupei face ca ace\u0219ti cilindri s\u0103 fie indispensabili \u00een \u0219antierele de construc\u021bii.<\/p>\n<h3>Ma\u0219ini agricole<\/h3>\n<p>\u00cen cazul \u00eenc\u0103rc\u0103toarelor frontale, cilindrii bra\u021bului sunt vitali pentru scobere, ridicare \u0219i transportul solului, f\u00e2nului \u0219i altor materiale. Func\u021bionarea lor puternic\u0103 permite fermierilor s\u0103 manipuleze cu u\u0219urin\u021b\u0103 sarcini grele, optimiz\u00e2nd productivitatea \u00een timpul activit\u0103\u021bilor agricole. Func\u021bionarea hidraulic\u0103 lin\u0103 permite manevre delicate, cruciale atunci c\u00e2nd se lucreaz\u0103 \u00een zone sensibile.<\/p>\n<h3>Excavatoare<\/h3>\n<p>Cilindrii bra\u021bului permit excavatoarelor s\u0103 p\u0103trund\u0103 eficient \u00een sol, facilit\u00e2nd ac\u021biunile de s\u0103pare esen\u021biale pentru diverse proiecte de construc\u021bii. Permi\u021b\u00e2nd cupei s\u0103 men\u021bin\u0103 unghiuri optime \u00een timpul func\u021bion\u0103rii, ace\u0219ti cilindri sporesc eficien\u021ba \u00een excavarea materialelor, f\u0103c\u00e2ndu-i o component\u0103 cheie \u00een utilajele de terasament.<\/p>\n<h3>\u00cenc\u0103rc\u0103toare<\/h3>\n<p>\u00cen cazul \u00eenc\u0103rc\u0103toarelor frontale, cilindrii bra\u021bului contribuie la ridicarea \u0219i desc\u0103rcarea eficient\u0103 a materialelor. Ace\u0219tia ofer\u0103 for\u021ba necesar\u0103 pentru a ridica sarcinile \u0219i a asigura desc\u0103rcarea lin\u0103, aspect esen\u021bial pentru manipularea materialelor \u00een aplica\u021biile de construc\u021bii \u0219i amenaj\u0103ri peisagistice. Performan\u021ba lor fiabil\u0103 asigur\u0103 func\u021bionarea la eficien\u021b\u0103 maxim\u0103 a \u00eenc\u0103rc\u0103toarelor f\u0103r\u0103 a compromite siguran\u021ba.<\/p>\n<h2>Considera\u021bii de proiectare \u0219i standarde de selec\u021bie<\/h2>\n<h3>Capacitate de \u00eenc\u0103rcare<\/h3>\n<p>Capacitatea de \u00eenc\u0103rcare a unui cilindru al bra\u021bului este o considera\u021bie critic\u0103, deoarece determin\u0103 c\u00e2t\u0103 greutate poate ridica \u0219i sus\u021bine \u00een siguran\u021b\u0103 cilindrul. Este esen\u021bial s\u0103 selecta\u021bi un cilindru care dep\u0103\u0219e\u0219te cerin\u021bele maxime de \u00eenc\u0103rcare ale aplica\u021biei pentru a asigura siguran\u021ba \u0219i func\u021bionalitatea. Integritatea structural\u0103 \u0219i compozi\u021bia materialului influen\u021beaz\u0103 semnificativ capacitatea de \u00eenc\u0103rcare, materialele de \u00eenalt\u0103 rezisten\u021b\u0103 oferind o performan\u021b\u0103 mai bun\u0103 sub stres.<\/p>\n<h3>Etan\u0219are \u0219i durabilitate<\/h3>\n<p>Etan\u0219area eficient\u0103 este crucial\u0103 pentru prevenirea scurgerilor de fluid hidraulic, care pot duce la probleme de performan\u021b\u0103 \u0219i pericole pentru mediu. Garniturile de \u00eenalt\u0103 calitate, fabricate din materiale durabile, precum poliuretanul sau cauciucul nitrilic, sunt esen\u021biale. Corpul \u0219i capetele filetate ale cilindrului trebuie s\u0103 fie supuse unor procese precise de finisare pentru a spori rezisten\u021ba la uzur\u0103, asigur\u00e2nd o durat\u0103 de via\u021b\u0103 mai lung\u0103 \u0219i o func\u021bionare fiabil\u0103.<\/p>\n<h3>Siguran\u021b\u0103 \u0219i \u00eentre\u021binere<\/h3>\n<p>Siguran\u021ba trebuie s\u0103 fie o considera\u021bie primordial\u0103 \u00een proiectarea cilindrilor bra\u021bului. Caracteristici precum supapele de suprapresiune \u0219i construc\u021bia robust\u0103 pot preveni defec\u021biunile catastrofale. Rutinele regulate de \u00eentre\u021binere, inclusiv inspec\u021biile \u0219i \u00eenlocuirea pieselor, sunt esen\u021biale pentru men\u021binerea cilindrului \u00een stare optim\u0103 de func\u021bionare, ceea ce, \u00een cele din urm\u0103, protejeaz\u0103 at\u00e2t operatorii, c\u00e2t \u0219i utilajele.<\/p>\n<p><img decoding=\"async\" src=\"https:\/\/www.hydraulic-cylinders.net\/wp-content\/uploads\/2025\/04\/songte-oil-pipes-and-spare-parts.webp\" alt=\"Conducte de petrol \u0219i piese de schimb\" \/><\/p>\n<h2>Etan\u0219are \u0219i lubrifiere<\/h2>\n<p>Utilizarea diverselor componente de etan\u0219are, cum ar fi etan\u0219\u0103rile pistonului \u0219i etan\u0219\u0103rile tijei, este esen\u021bial\u0103 pentru men\u021binerea eficien\u021bei hidraulice. Etan\u0219\u0103rile fabricate din materiale rezistente la uzur\u0103 asigur\u0103 longevitate \u0219i performan\u021b\u0103. Corpul cilindrului \u0219i suprafe\u021bele filetate necesit\u0103 prelucrare fin\u0103 pentru a spori durabilitatea \u0219i a reduce frecarea. Lubrifierea regulat\u0103 cu uleiul hidraulic adecvat este necesar\u0103 pentru a men\u021bine o func\u021bionare optim\u0103 \u0219i a preveni uzura.<\/p>\n<h2>Inspec\u021bie regulat\u0103 \u0219i \u00eentre\u021binere preventiv\u0103<\/h2>\n<ul>\n<li><strong>Verific\u0103ri regulate:<\/strong> Inspec\u021biile de rutin\u0103 ale sistemului hidraulic pot identifica scurgeri, uzur\u0103 \u0219i alte probleme \u00eenainte ca acestea s\u0103 duc\u0103 la defec\u021biuni. P\u0103strarea unui jurnal al inspec\u021biilor ajut\u0103 la men\u021binerea unei abord\u0103ri proactive a \u00eentre\u021binerii.<\/li>\n<li><strong>Lubrifiere adecvat\u0103:<\/strong> Asigurarea lubrifierii adecvate a cilindrului reduce frecarea \u0219i uzura, prelungind durata de via\u021b\u0103 a componentelor hidraulice. Utilizarea tipului corect de ulei hidraulic este crucial\u0103.<\/li>\n<li><strong>\u00cenlocuirea garniturii:<\/strong> \u00cen timp, garniturile se pot uza \u0219i necesit\u0103 \u00eenlocuire pentru a men\u021bine eficien\u021ba hidraulic\u0103 \u0219i a preveni scurgerile. \u00cenlocuirea prompt\u0103 a garniturilor uzate este esen\u021bial\u0103 pentru a evita deteriorarea extins\u0103 a sistemului.<\/li>\n<\/ul>\n<h2>Instruc\u021biuni de instalare<\/h2>\n<p>Instalarea corect\u0103 a cilindrului bra\u021bului este crucial\u0103 pentru performan\u021ba \u0219i durata sa de via\u021b\u0103. \u00cencepe\u021bi prin a v\u0103 asigura c\u0103 punctele de montare sunt curate \u0219i f\u0103r\u0103 resturi. Alinia\u021bi cilindrul cu aten\u021bie cu consolele de montare \u0219i utiliza\u021bi suporturi adecvate pentru a-l fixa. Asigura\u021bi-v\u0103 c\u0103 toate conexiunile hidraulice sunt str\u00e2nse \u0219i f\u0103r\u0103 scurgeri \u0219i verifica\u021bi din nou dac\u0103 raza de mi\u0219care a cilindrului este liber\u0103 \u00eenainte de utilizare. Respectarea specifica\u021biilor produc\u0103torului privind set\u0103rile de cuplu \u0219i aliniere este esen\u021bial\u0103 pentru o performan\u021b\u0103 optim\u0103.<\/p>\n<h2>Sarcini comune de \u00eentre\u021binere<\/h2>\n<ul>\n<li><strong>Inspec\u021bii regulate:<\/strong> Efectuarea inspec\u021biilor regulate ajut\u0103 la identificarea din timp a poten\u021bialelor probleme. C\u0103uta\u021bi semne de uzur\u0103, scurgeri \u0219i nealiniere. Men\u021binerea unui program de \u00eentre\u021binere poate reduce semnificativ timpul de nefunc\u021bionare.<\/li>\n<li><strong>Lubrifiere adecvat\u0103:<\/strong> Men\u021binerea unor niveluri adecvate de lubrifiere este esen\u021bial\u0103 pentru buna func\u021bionare a cilindrilor hidraulici. Folosi\u021bi uleiul hidraulic recomandat \u0219i urma\u021bi instruc\u021biunile produc\u0103torului privind frecven\u021ba de lubrifiere.<\/li>\n<li><strong>\u00cenlocuirea garniturii:<\/strong> Verifica\u021bi periodic garniturile pentru uzur\u0103 \u0219i \u00eenlocui\u021bi-le dup\u0103 cum este necesar pentru a men\u021bine presiunea hidraulic\u0103 \u0219i a preveni scurgerile. Aceast\u0103 sarcin\u0103 este esen\u021bial\u0103 pentru longevitatea sistemului hidraulic.<\/li>\n<\/ul>\n<p><img decoding=\"async\" src=\"https:\/\/www.hydraulic-cylinders.net\/wp-content\/uploads\/2025\/04\/songte-chushion-collar.webp\" alt=\"Guler de pern\u0103\" \/><\/p>\n<h2>Considera\u021bii de siguran\u021b\u0103 \u0219i factori de mediu<\/h2>\n<p>Implementarea m\u0103surilor de siguran\u021b\u0103 atunci c\u00e2nd se lucreaz\u0103 cu cilindri hidraulici este vital\u0103. Operatorii trebuie s\u0103 fie instrui\u021bi cu privire la func\u021bionarea \u00een siguran\u021b\u0103 a utilajelor \u0219i la importan\u021ba respect\u0103rii protocoalelor de siguran\u021b\u0103. Utilizarea echipamentului individual de protec\u021bie (EIP) corect minimizeaz\u0103 riscurile. \u00cen plus, luarea \u00een considerare a factorilor de mediu, cum ar fi prevenirea scurgerilor \u0219i eliminarea corect\u0103 a fluidelor hidraulice, este crucial\u0103 pentru men\u021binerea unor opera\u021biuni sustenabile.<\/p>\n<h2>Diagnosticarea defec\u021biunilor \u0219i probleme frecvente<\/h2>\n<ul>\n<li><strong>Scurgere:<\/strong> Una dintre cele mai frecvente probleme este scurgerea de fluid hidraulic. Aceasta poate indica garnituri uzate sau furtunuri deteriorate. Este necesar\u0103 o aten\u021bie imediat\u0103 pentru a preveni deteriorarea ulterioar\u0103.<\/li>\n<li><strong>Mi\u0219care lent\u0103 sau neregulat\u0103:<\/strong> Dac\u0103 cilindrul func\u021bioneaz\u0103 lent sau neregulat, acest lucru poate indica niveluri sc\u0103zute de lichid hidraulic sau aer \u00een sistem. Verific\u0103rile \u0219i \u00eentre\u021binerea regulat\u0103 pot ajuta la atenuarea acestei probleme.<\/li>\n<li><strong>Distribu\u021bia inegal\u0103 a sarcinii:<\/strong> Dac\u0103 cilindrul nu func\u021bioneaz\u0103 uniform, este posibil s\u0103 fie nealiniat sau s\u0103 necesite recalibrare. Asigurarea unei instal\u0103ri corecte este esen\u021bial\u0103 pentru evitarea acestei probleme.<\/li>\n<\/ul>\n<h2>Sfaturi de depanare<\/h2>\n<p>Pentru a diagnostica \u0219i depana eficient problemele, \u00eencepe\u021bi prin verificarea nivelurilor de fluid hidraulic \u0219i inspectarea pentru scurgeri. Dac\u0103 apar mi\u0219c\u0103ri neregulate, aerisi\u021bi sistemul pentru a elimina aerul prins. Pentru o distribu\u021bie neuniform\u0103 a sarcinii, verifica\u021bi alinierea cilindrului \u0219i a suporturilor sale de montare. \u00centre\u021binerea regulat\u0103 \u0219i respectarea instruc\u021biunilor de operare pot reduce semnificativ apari\u021bia acestor probleme \u0219i pot cre\u0219te durata de via\u021b\u0103 a sistemului hidraulic.<\/p>\n<p><img decoding=\"async\" src=\"https:\/\/www.hydraulic-cylinders.net\/wp-content\/uploads\/2025\/04\/songte-bushings-with-all-kinds-of-excavator-models.webp\" alt=\"Buc\u0219e\" \/><\/p>\n<h2>Despre compania noastr\u0103<\/h2>\n<p>Suntem un produc\u0103tor \u0219i distribuitor angro de top de cilindri hidraulici de schimb, oferind o gam\u0103 complet\u0103 de produse at\u00e2t pentru pie\u021bele interne, c\u00e2t \u0219i pentru cele interna\u021bionale. Dedica\u021bi excelen\u021bei, folosim o strategie rafinat\u0103 de management al produc\u021biei pentru a asigura o produc\u021bie de \u00eenalt\u0103 calitate. Echipa noastr\u0103 de exper\u021bi tehnici, combinat\u0103 cu echipamente digitale avansate de produc\u021bie \u0219i un sistem riguros de testare, ne \u00eembun\u0103t\u0103\u021be\u0219te continuu capacit\u0103\u021bile de produc\u021bie. Ne m\u00e2ndrim cu capacitatea noastr\u0103 de a satisface diversele cerin\u021be ale clien\u021bilor cu eficien\u021b\u0103, precizie \u0219i calitate ridicate.<\/p>\n<h3>Profesionalism \u0219i servicii personalizate<\/h3>\n<p>Compania noastr\u0103 ofer\u0103 o gam\u0103 larg\u0103 de servicii personalizate, adaptate pentru a satisface cerin\u021bele unice ale clien\u021bilor no\u0219tri. De\u021binem certific\u0103ri interna\u021bionale pentru a ne asigura c\u0103 produsele noastre \u00eendeplinesc standardele globale. Facilit\u0103\u021bile noastre de produc\u021bie utilizeaz\u0103 echipamente de ultim\u0103 genera\u021bie, permi\u021b\u00e2ndu-ne s\u0103 producem butelii care respect\u0103 cele mai \u00eenalte standarde de calitate. Echipa noastr\u0103 dedicat\u0103 de servicii post-v\u00e2nzare este \u00eentotdeauna disponibil\u0103 pentru a ajuta clien\u021bii cu nevoile lor, asigur\u00e2nd satisfac\u021bia pe tot parcursul ciclului de via\u021b\u0103 al produsului.<\/p>\n<p><img decoding=\"async\" src=\"https:\/\/www.hydraulic-cylinders.net\/wp-content\/uploads\/2025\/04\/songte-company-4.webp\" alt=\"Prezentare general\u0103 a companiei\" \/><br \/>\n<img decoding=\"async\" src=\"https:\/\/www.hydraulic-cylinders.net\/wp-content\/uploads\/2025\/04\/songte-company-3.webp\" alt=\"Facilit\u0103\u021bi ale companiei\" \/><\/p>\n<p>Autor: lyl<\/p>","protected":false},"excerpt":{"rendered":"<p>Boom Cylinder For DER DER323-8 Product Overview The Boom Cylinder for DER DER323-8 is a vital hydraulic component that plays a crucial role in the operation of heavy machinery. This type of hydraulic cylinder is specifically designed to control the movement of the bucket in various heavy-duty equipment, such as excavators, backhoe loaders, and front [&hellip;]<\/p>","protected":false},"featured_media":17879,"comment_status":"open","ping_status":"closed","template":"","meta":{"_et_pb_use_builder":"","_et_pb_old_content":"","_et_gb_content_width":""},"product_brand":[],"product_cat":[1546],"product_tag":[1547,1496],"class_list":{"0":"post-19419","1":"product","2":"type-product","3":"status-publish","4":"has-post-thumbnail","6":"product_cat-boom-cylinders","7":"product_tag-boom-cylinders","8":"product_tag-hydraulic-cylinders","10":"first","11":"instock","12":"shipping-taxable","13":"product-type-simple"},"amp_enabled":true,"_links":{"self":[{"href":"https:\/\/www.hydraulic-cylinders.net\/ro\/wp-json\/wp\/v2\/product\/19419","targetHints":{"allow":["GET"]}}],"collection":[{"href":"https:\/\/www.hydraulic-cylinders.net\/ro\/wp-json\/wp\/v2\/product"}],"about":[{"href":"https:\/\/www.hydraulic-cylinders.net\/ro\/wp-json\/wp\/v2\/types\/product"}],"replies":[{"embeddable":true,"href":"https:\/\/www.hydraulic-cylinders.net\/ro\/wp-json\/wp\/v2\/comments?post=19419"}],"wp:featuredmedia":[{"embeddable":true,"href":"https:\/\/www.hydraulic-cylinders.net\/ro\/wp-json\/wp\/v2\/media\/17879"}],"wp:attachment":[{"href":"https:\/\/www.hydraulic-cylinders.net\/ro\/wp-json\/wp\/v2\/media?parent=19419"}],"wp:term":[{"taxonomy":"product_brand","embeddable":true,"href":"https:\/\/www.hydraulic-cylinders.net\/ro\/wp-json\/wp\/v2\/product_brand?post=19419"},{"taxonomy":"product_cat","embeddable":true,"href":"https:\/\/www.hydraulic-cylinders.net\/ro\/wp-json\/wp\/v2\/product_cat?post=19419"},{"taxonomy":"product_tag","embeddable":true,"href":"https:\/\/www.hydraulic-cylinders.net\/ro\/wp-json\/wp\/v2\/product_tag?post=19419"}],"curies":[{"name":"wp","href":"https:\/\/api.w.org\/{rel}","templated":true}]}}