{"id":19443,"date":"2025-04-07T06:47:47","date_gmt":"2025-04-07T06:47:47","guid":{"rendered":"https:\/\/www.hydraulic-cylinders.net\/product\/boom-cylinder-for-case-middle-excavator-cx21b-em\/"},"modified":"2025-04-07T06:47:49","modified_gmt":"2025-04-07T06:47:49","slug":"boom-cylinder-for-case-middle-excavator-cx21b-em","status":"publish","type":"product","link":"https:\/\/www.hydraulic-cylinders.net\/ro\/produs\/boom-cylinder-for-case-middle-excavator-cx21b-em\/","title":{"rendered":"Cilindru bra\u021b pentru excavatorul central Case CX21B-EM"},"content":{"rendered":"<h1>Cilindru bra\u021b pentru excavatorul central Case CX21B-EM<\/h1>\n<h2>\u00cen\u021belegerea cilindrilor bra\u021bului<\/h2>\n<p>Cilindrul bra\u021bului pentru excavatorul intermediar Case CX21B-EM este o component\u0103 vital\u0103 a sistemelor hidraulice utilizate \u00een utilajele grele. Ace\u0219ti cilindri hidraulici sunt special concepu\u021bi pentru a controla mi\u0219carea cupelor \u00een excavatoare, \u00eenc\u0103rc\u0103toare frontale \u0219i \u00eenc\u0103rc\u0103toare. Ace\u0219tia permit ridicarea, cobor\u00e2rea \u0219i \u00eenclinarea cupei, facilit\u00e2nd sarcinile eficiente de manipulare a materialelor.<\/p>\n<p><img decoding=\"async\" src=\"https:\/\/www.hydraulic-cylinders.net\/wp-content\/uploads\/2025\/04\/songte-company-1.webp\" alt=\"Cilindru hidraulic\" \/><\/p>\n<p>De obicei, un cilindru de cup\u0103 este un tip de cilindru hidraulic care func\u021bioneaz\u0103 prin valorificarea presiunii uleiului hidraulic. Acest lucru permite mi\u0219c\u0103ri line de extensie \u0219i retragere, r\u0103spunz\u00e2nd rapid la comenzile operatorului, oferind \u00een acela\u0219i timp for\u021be puternice de tragere \u0219i \u00eempingere. Acestea sunt proiectate pentru durabilitate \u0219i performan\u021b\u0103, ceea ce le face esen\u021biale \u00eentr-o varietate de aplica\u021bii, de la construc\u021bii la utilaje agricole.<\/p>\n<h2>Caracteristicile cilindrului bra\u021bului<\/h2>\n<ul>\n<li><strong>Rezisten\u021b\u0103 \u0219i durabilitate ridicate:<\/strong> Construi\u021bi din o\u021bel sau aluminiu de \u00eenalt\u0103 rezisten\u021b\u0103, ace\u0219ti cilindri rezist\u0103 la presiuni ridicate \u0219i sarcini grele, fiind potrivi\u021bi pentru medii de lucru dure. Sunt proiecta\u021bi av\u00e2nd \u00een vedere rezisten\u021ba la uzur\u0103 \u0219i la coroziune, prelungindu-le durata de via\u021b\u0103.<\/li>\n<li><strong>Func\u021bionare hidraulic\u0103 eficient\u0103:<\/strong> Utiliz\u00e2nd presiunea uleiului hidraulic, ace\u0219ti cilindri asigur\u0103 o extensie \u0219i o retragere lin\u0103. Ace\u0219tia r\u0103spund rapid la comenzi, oferind o putere mare de tragere \u0219i \u00eempingere, esen\u021bial\u0103 pentru manipularea obiectelor grele \u0219i a sarcinilor complexe.<\/li>\n<li><strong>Diverse tipuri:<\/strong> Disponibili cu ac\u021biune simpl\u0103 (func\u021bioneaz\u0103 hidraulic \u00eentr-o singur\u0103 direc\u021bie) sau cu ac\u021biune dubl\u0103 (func\u021bioneaz\u0103 \u00een ambele direc\u021bii), ace\u0219ti cilindri pot fi adapta\u021bi pentru a satisface nevoi opera\u021bionale specifice. Anumite modele sunt telescopice, permi\u021b\u00e2nd o extensie mai mare f\u0103r\u0103 a cre\u0219te dimensiunile exterioare, ceea ce este ideal pentru aplica\u021bii cu spa\u021biu limitat.<\/li>\n<li><strong>Construc\u021bie robust\u0103:<\/strong> Designul cilindrului bra\u021bului ia \u00een considerare cerin\u021bele riguroase ale opera\u021biunilor grele, asigur\u00e2nd fiabilitate \u0219i performan\u021be optime \u00een diverse condi\u021bii de func\u021bionare.<\/li>\n<li><strong>Integrare u\u0219oar\u0103:<\/strong> Cilindrul nostru de bra\u021b poate \u00eenlocui perfect cilindrii hidraulici existen\u021bi, asigur\u00e2nd compatibilitate \u0219i instalare f\u0103r\u0103 probleme.<\/li>\n<\/ul>\n<p><img decoding=\"async\" src=\"https:\/\/www.hydraulic-cylinders.net\/wp-content\/uploads\/2025\/04\/songte-cylinder-head-with-all-kinds-excavator-models.webp\" alt=\"Modele de excavatoare\" \/><\/p>\n<h2>Aplica\u021bii ale cilindrului bra\u021bului<\/h2>\n<h3>Echipamente de construc\u021bii<\/h3>\n<p>\u00cen echipamentele de construc\u021bii, cilindrul bra\u021bului este crucial pentru excavatoare. Acesta joac\u0103 un rol semnificativ \u00een s\u0103parea, \u00eenc\u0103rcarea \u0219i mutarea solului sau a resturilor. Puterea hidraulic\u0103 pe care o genereaz\u0103 permite excavatorului s\u0103 \u00eendeplineasc\u0103 aceste sarcini eficient, ceea ce \u00eel face un instrument indispensabil pe orice \u0219antier. \u00cen cazul \u00eenc\u0103rc\u0103toarelor excavatoare, cilindrul cupei ajut\u0103 at\u00e2t la sarcinile de excavare, c\u00e2t \u0219i la opera\u021biunile de ridicare, oferind versatilitate \u00een manipularea diferitelor materiale.<\/p>\n<h3>Ma\u0219ini agricole<\/h3>\n<p>\u00cen utilajele agricole, cilindrul bra\u021bului se g\u0103se\u0219te adesea la \u00eenc\u0103rc\u0103toarele frontale. Aici, acesta este responsabil pentru scoberea, ridicarea \u0219i transportul solului, f\u00e2nului \u0219i altor materiale. Ac\u021biunea hidraulic\u0103 permite acestor ma\u0219ini s\u0103 efectueze cu u\u0219urin\u021b\u0103 ridic\u0103ri grele, eficientiz\u00e2nd opera\u021biunile din ferme \u0219i din mediul agricol.<\/p>\n<h3>Excavatoare<\/h3>\n<p>La excavatoare, cilindrul bra\u021bului faciliteaz\u0103 s\u0103parea permi\u021b\u00e2nd cupei s\u0103 p\u0103trund\u0103 eficient \u00een sol. Aceast\u0103 func\u021bie hidraulic\u0103 este esen\u021bial\u0103 pentru executarea diverselor sarcini de excavare, de la s\u0103parea de \u0219an\u021buri la s\u0103parea funda\u021biilor, asigur\u00e2ndu-se c\u0103 operatorii pot realiza ac\u021biuni de excavare precise \u0219i puternice.<\/p>\n<h3>\u00cenc\u0103rc\u0103toare<\/h3>\n<p>\u00cen cazul \u00eenc\u0103rc\u0103toarelor frontale, cilindrii bra\u021bului ajut\u0103 la ridicarea \u0219i desc\u0103rcarea eficient\u0103 a materialelor. Aceast\u0103 func\u021bionalitate este esen\u021bial\u0103 pentru sarcini precum \u00eenc\u0103rcarea camioanelor sau cur\u0103\u021barea \u0219antierelor, unde manipularea eficient\u0103 a materialelor poate avea un impact semnificativ asupra productivit\u0103\u021bii.<\/p>\n<h2>Considera\u021bii de proiectare \u0219i standarde de selec\u021bie<\/h2>\n<h3>Capacitate de \u00eenc\u0103rcare<\/h3>\n<p>La proiectarea unui cilindru de bra\u021b, capacitatea de \u00eenc\u0103rcare este o considera\u021bie primordial\u0103. Cilindrul trebuie s\u0103 poat\u0103 suporta greutatea maxim\u0103 pe care va trebui s\u0103 o ridice sau s\u0103 o deplaseze. Un cilindru cu o capacitate de \u00eenc\u0103rcare insuficient\u0103 se poate defecta sub presiune, duc\u00e2nd la deteriorarea echipamentelor sau la condi\u021bii de lucru nesigure. Prin urmare, produc\u0103torii efectueaz\u0103 adesea teste riguroase pentru a se asigura c\u0103 produsele lor \u00eendeplinesc sau dep\u0103\u0219esc specifica\u021biile de \u00eenc\u0103rcare necesare.<\/p>\n<h3>Sigilare<\/h3>\n<p>Etan\u0219area este un alt aspect crucial al proiect\u0103rii cilindrilor hidraulici. Etan\u0219\u0103rile eficiente previn scurgerile de fluid hidraulic, ceea ce poate reduce eficien\u021ba \u0219i poate duce la defectarea sistemului hidraulic. Etan\u0219\u0103rile de \u00eenalt\u0103 calitate sunt esen\u021biale pentru men\u021binerea presiunii \u0219i asigurarea longevit\u0103\u021bii cilindrului. Diverse materiale, cum ar fi poliuretanul \u0219i cauciucul nitrilic, sunt utilizate pentru a spori durabilitatea \u0219i rezisten\u021ba la uzur\u0103.<\/p>\n<h3>Durabilitate<\/h3>\n<p>Durabilitatea este un factor cheie \u00een proiectarea cilindrului bra\u021bului. Av\u00e2nd \u00een vedere condi\u021biile dificile \u00een care func\u021bioneaz\u0103 ace\u0219ti cilindri, ace\u0219tia trebuie construi\u021bi din materiale care pot rezista la uzur\u0103, coroziune \u0219i oboseal\u0103. Produc\u0103torii utilizeaz\u0103 adesea materiale \u0219i acoperiri avansate pentru a \u00eembun\u0103t\u0103\u021bi durata de via\u021b\u0103 a produselor lor, asigur\u00e2ndu-se c\u0103 acestea pot func\u021biona \u00een diverse condi\u021bii de mediu.<\/p>\n<h3>Siguran\u0163\u0103<\/h3>\n<p>Considera\u021biile de siguran\u021b\u0103 sunt primordiale la proiectarea cilindrilor hidraulici. Caracteristici precum supapele de suprapresiune \u0219i mecanismele de siguran\u021b\u0103 sunt esen\u021biale pentru prevenirea accidentelor cauzate de suprapresiuni bru\u0219te sau defec\u021biuni ale cilindrilor. Produc\u0103torii trebuie s\u0103 respecte standardele \u0219i reglement\u0103rile de siguran\u021b\u0103 pentru a se asigura c\u0103 produsele lor sunt sigure pentru utilizarea \u00een utilaje grele.<\/p>\n<h3>\u00centre\u0163inere<\/h3>\n<p>\u00centre\u021binerea este o considera\u021bie esen\u021bial\u0103 de proiectare pentru cilindrul bra\u021bului. Accesul facil la componente pentru service \u0219i repara\u021bii poate reduce semnificativ timpul de nefunc\u021bionare \u0219i costurile de \u00eentre\u021binere. Produc\u0103torii proiecteaz\u0103 adesea cilindri cu caracteristici care permit inspec\u021bii \u0219i service simple, asigur\u00e2nd fiabilitate \u0219i performan\u021b\u0103 pe termen lung.<\/p>\n<p><img decoding=\"async\" src=\"https:\/\/www.hydraulic-cylinders.net\/wp-content\/uploads\/2025\/04\/songte-oil-pipes-and-spare-parts.webp\" alt=\"Conducte de petrol \u0219i piese de schimb\" \/><\/p>\n<h2>Etan\u0219are \u0219i lubrifiere<\/h2>\n<p>Etan\u0219area \u0219i lubrifierea eficiente sunt vitale pentru performan\u021ba \u0219i longevitatea cilindrilor hidraulici. Diverse componente de etan\u0219are, cum ar fi etan\u0219\u0103rile pistonului \u0219i etan\u0219\u0103rile tijei, sunt esen\u021biale pentru a preveni scurgerile de fluid hidraulic. Alegerea materialelor de etan\u0219are, cum ar fi poliuretanul \u0219i cauciucul nitrilic, joac\u0103 un rol semnificativ \u00een durabilitatea general\u0103 \u0219i rezisten\u021ba la uzur\u0103.<\/p>\n<p>Corpul cilindrului \u0219i suprafe\u021bele filetate ale cap\u0103tului sunt supuse unor prelucr\u0103ri de precizie pentru a spori rezisten\u021ba la uzur\u0103, asigur\u00e2nd c\u0103 cilindrul \u00ee\u0219i men\u021bine integritatea \u00een timp. Lubrifierea regulat\u0103 cu ulei hidraulic este necesar\u0103, deoarece reduce frecarea \u0219i previne uzura componentelor interne, optimiz\u00e2nd func\u021bionarea cilindrului.<\/p>\n<h2>\u00centre\u021binere regulat\u0103 \u0219i m\u0103suri preventive<\/h2>\n<ul>\n<li><strong>Inspec\u021bii de rutin\u0103:<\/strong> Inspec\u021biile regulate ale cilindrului bra\u021bului sunt esen\u021biale pentru identificarea poten\u021bialelor probleme \u00eenainte ca acestea s\u0103 se agraveze. Operatorii ar trebui s\u0103 verifice dac\u0103 exist\u0103 semne de uzur\u0103, scurgeri sau deteriorare \u0219i s\u0103 remedieze prompt aceste probleme pentru a men\u021bine performan\u021be optime.<\/li>\n<li><strong>Lubrifiere adecvat\u0103:<\/strong> Asigurarea unei lubrifieri adecvate a cilindrului este crucial\u0103 pentru o func\u021bionare f\u0103r\u0103 probleme. Operatorii trebuie s\u0103 respecte recomand\u0103rile produc\u0103torului privind intervalele de lubrifiere \u0219i s\u0103 utilizeze tipul adecvat de ulei hidraulic pentru a preveni uzura excesiv\u0103.<\/li>\n<li><strong>\u00cenlocuirea garniturii:<\/strong> \u00cen timp, garniturile se pot deteriora \u0219i pot necesita \u00eenlocuire. Verificarea regulat\u0103 a garniturilor pentru a depista semne de uzur\u0103 poate ajuta la prevenirea scurgerilor \u0219i la men\u021binerea eficien\u021bei sistemului hidraulic. Operatorii trebuie s\u0103 fie preg\u0103ti\u021bi s\u0103 \u00eenlocuiasc\u0103 garniturile ca parte a \u00eentre\u021binerii de rutin\u0103.<\/li>\n<\/ul>\n<h2>Instruc\u021biuni de instalare<\/h2>\n<p>Instalarea corect\u0103 a cilindrului bra\u021bului este vital\u0103 pentru performan\u021ba \u0219i longevitatea acestuia. \u00cencepe\u021bi prin a v\u0103 asigura c\u0103 suprafe\u021bele de montare sunt curate \u0219i f\u0103r\u0103 resturi. Alinia\u021bi cilindrul corect cu punctele de montare, utiliz\u00e2nd consolele de instalare corespunz\u0103toare pentru a-l fixa \u00een pozi\u021bie. Dup\u0103 aliniere, str\u00e2nge\u021bi \u0219uruburile de montare uniform pentru a evita stresul asupra cilindrului.<\/p>\n<p>Acorda\u021bi aten\u021bie conexiunilor hidraulice, asigur\u00e2ndu-v\u0103 c\u0103 sunt montate corect \u0219i nu prezint\u0103 scurgeri. Dup\u0103 instalare, efectua\u021bi un test de presiune pentru a verifica dac\u0103 sistemul hidraulic func\u021bioneaz\u0103 corect. Verifica\u021bi periodic instala\u021bia pentru a depista semne de uzur\u0103 sau nealiniere, deoarece chiar \u0219i abateri minore pot duce la probleme semnificative de performan\u021b\u0103 \u00een timp.<\/p>\n<h2>Sarcini de \u00eentre\u021binere<\/h2>\n<ul>\n<li><strong>Inspec\u021bii regulate:<\/strong> Programa\u021bi inspec\u021bii periodice pentru a evalua starea cilindrului bra\u021bului. C\u0103uta\u021bi semne de uzur\u0103, coroziune sau scurgeri de lichid hidraulic. Identificarea timpurie a problemelor poate preveni probleme mai semnificative pe viitor.<\/li>\n<li><strong>Lubrifiere adecvat\u0103:<\/strong> Asigura\u021bi-v\u0103 c\u0103 cilindrul este lubrifiat conform specifica\u021biilor produc\u0103torului. Folosi\u021bi ulei hidraulic de \u00eenalt\u0103 calitate \u0219i men\u021bine\u021bi niveluri adecvate de ulei pentru a minimiza frecarea \u0219i uzura.<\/li>\n<li><strong>\u00cenlocuirea garniturii \u0219i verific\u0103ri ale calibr\u0103rii:<\/strong> Monitoriza\u021bi uzura garniturilor \u0219i \u00eenlocui\u021bi-le atunci c\u00e2nd este necesar. Verific\u0103rile de calibrare trebuie efectuate periodic pentru a asigura func\u021bionarea cilindrului \u00een parametrii specifica\u021bi, sporind eficien\u021ba general\u0103.<\/li>\n<\/ul>\n<h2>Considera\u021bii de siguran\u021b\u0103 \u0219i factori de mediu<\/h2>\n<p>Atunci c\u00e2nd se utilizeaz\u0103 cilindri hidraulici precum cilindrul bra\u021bului, este esen\u021bial s\u0103 se acorde prioritate m\u0103surilor de siguran\u021b\u0103. Operatorii trebuie s\u0103 fie instrui\u021bi cu privire la tehnicile de manipulare adecvate pentru a minimiza riscul de accidente. Asigura\u021bi-v\u0103 \u00eentotdeauna c\u0103 purta\u021bi echipament de protec\u021bie \u00een timpul func\u021bion\u0103rii \u0219i respecta\u021bi toate reglement\u0103rile de siguran\u021b\u0103 pentru a proteja at\u00e2t personalul, c\u00e2t \u0219i echipamentele. \u00cen plus, lua\u021bi \u00een considerare factorii de mediu, cum ar fi condi\u021biile de func\u021bionare \u0219i pericolele poten\u021biale care ar putea afecta performan\u021ba sistemului hidraulic.<\/p>\n<h2>Diagnosticarea defec\u021biunilor \u0219i probleme frecvente<\/h2>\n<ul>\n<li><strong>Scurgere:<\/strong> O problem\u0103 frecvent\u0103 este scurgerea, care poate rezulta din uzura garniturilor de etan\u0219are sau instalarea necorespunz\u0103toare. Pentru a diagnostica, inspecta\u021bi garniturile \u0219i conexiunile pentru uzur\u0103 sau deteriorare \u0219i \u00eenlocui\u021bi-le dup\u0103 cum este necesar.<\/li>\n<li><strong>Performan\u021b\u0103 redus\u0103:<\/strong> Dac\u0103 cilindrul bra\u021bului prezint\u0103 o putere sau o reac\u021bie redus\u0103, acest lucru poate indica niveluri sc\u0103zute de lichid hidraulic sau contaminare. Verifica\u021bi nivelurile \u0219i calitatea lichidului \u0219i \u00eenlocui\u021bi-l dup\u0103 cum este necesar pentru a restabili performan\u021ba.<\/li>\n<li><strong>Zgomot neobi\u0219nuit:<\/strong> Zgomotele ciudate din timpul func\u021bion\u0103rii semnaleaz\u0103 adesea probleme mecanice. Inspecta\u021bi cilindrul pentru orice semne de uzur\u0103 sau deterior\u0103ri interne \u0219i remedia\u021bi prompt aceste probleme pentru a evita complica\u021bii ulterioare.<\/li>\n<\/ul>\n<h2>Sfaturi de depanare<\/h2>\n<p>Pentru a diagnostica \u0219i rezolva eficient problemele legate de cilindrul bra\u021bului, lua\u021bi \u00een considerare urm\u0103toarele sfaturi de depanare: identifica\u021bi orice semne de scurgeri \u0219i \u00eenlocui\u021bi prompt garniturile uzate, men\u021bine\u021bi niveluri adecvate de lichid pentru a preveni degradarea performan\u021bei \u0219i inspecta\u021bi periodic cilindrul pentru uzur\u0103 sau deteriorare. Implementa\u021bi m\u0103suri preventive, cum ar fi \u00eentre\u021binerea de rutin\u0103 \u0219i instruirea adecvat\u0103 a operatorilor, pentru a minimiza riscul unor probleme viitoare.<\/p>\n<p><img decoding=\"async\" src=\"https:\/\/www.hydraulic-cylinders.net\/wp-content\/uploads\/2025\/04\/songte-bushings-with-all-kinds-of-excavator-models.webp\" alt=\"Buc\u0219e cu modele de excavatoare\" \/><\/p>\n<h2>Prezentare general\u0103 a companiei<\/h2>\n<p>Suntem un produc\u0103tor important de cilindri hidraulici de schimb, oferind o gam\u0103 complet\u0103 de produse care deservesc at\u00e2t pie\u021bele interne, c\u00e2t \u0219i cele interna\u021bionale. Angajamentul nostru fa\u021b\u0103 de excelen\u021ba \u00een calitate este evident \u00een procesele noastre de fabrica\u021bie rafinate, care sunt sus\u021binute de tehnologie avansat\u0103 \u0219i profesioni\u0219ti califica\u021bi. Ne \u00eembun\u0103t\u0103\u021bim continuu capacit\u0103\u021bile de produc\u021bie pentru a satisface nevoile diverse ale clien\u021bilor cu eficien\u021b\u0103, precizie \u0219i calitate ridicate.<\/p>\n<p>Compania noastr\u0103 se m\u00e2ndre\u0219te cu oferirea de servicii personalizate, certific\u0103ri interna\u021bionale \u0219i asisten\u021b\u0103 post-v\u00e2nzare robust\u0103. Echipamentele noastre de produc\u021bie de ultim\u0103 genera\u021bie \u0219i m\u0103surile meticuloase de control al calit\u0103\u021bii asigur\u0103 c\u0103 fiecare produs \u00eendepline\u0219te cele mai \u00eenalte standarde. Cu un accent puternic pe inova\u021bie \u0219i satisfac\u021bia clien\u021bilor, ne dedic\u0103m furniz\u0103rii de solu\u021bii care s\u0103 sus\u021bin\u0103 opera\u021biunile clien\u021bilor no\u0219tri.<\/p>\n<p><img decoding=\"async\" src=\"https:\/\/www.hydraulic-cylinders.net\/wp-content\/uploads\/2025\/04\/songte-company-4.webp\" alt=\"Prezentare general\u0103 a companiei\" \/><br \/>\n<img decoding=\"async\" src=\"https:\/\/www.hydraulic-cylinders.net\/wp-content\/uploads\/2025\/04\/songte-company-3.webp\" alt=\"Echipamente ale companiei\" \/><\/p>\n<p>Autor: lyl<\/p>","protected":false},"excerpt":{"rendered":"<p>Boom Cylinder For Case Middle Excavator CX21B-EM Understanding Boom Cylinders The Boom Cylinder for Case Middle Excavator CX21B-EM is a vital component of hydraulic systems used in heavy machinery. These hydraulic cylinders are specifically designed to control the movement of buckets in excavators, backhoe loaders, and front loaders. They enable the bucket to lift, lower, [&hellip;]<\/p>","protected":false},"featured_media":17872,"comment_status":"open","ping_status":"closed","template":"","meta":{"_et_pb_use_builder":"","_et_pb_old_content":"","_et_gb_content_width":""},"product_brand":[],"product_cat":[1546],"product_tag":[1547,1496],"class_list":{"0":"post-19443","1":"product","2":"type-product","3":"status-publish","4":"has-post-thumbnail","6":"product_cat-boom-cylinders","7":"product_tag-boom-cylinders","8":"product_tag-hydraulic-cylinders","10":"first","11":"instock","12":"shipping-taxable","13":"product-type-simple"},"amp_enabled":true,"_links":{"self":[{"href":"https:\/\/www.hydraulic-cylinders.net\/ro\/wp-json\/wp\/v2\/product\/19443","targetHints":{"allow":["GET"]}}],"collection":[{"href":"https:\/\/www.hydraulic-cylinders.net\/ro\/wp-json\/wp\/v2\/product"}],"about":[{"href":"https:\/\/www.hydraulic-cylinders.net\/ro\/wp-json\/wp\/v2\/types\/product"}],"replies":[{"embeddable":true,"href":"https:\/\/www.hydraulic-cylinders.net\/ro\/wp-json\/wp\/v2\/comments?post=19443"}],"wp:featuredmedia":[{"embeddable":true,"href":"https:\/\/www.hydraulic-cylinders.net\/ro\/wp-json\/wp\/v2\/media\/17872"}],"wp:attachment":[{"href":"https:\/\/www.hydraulic-cylinders.net\/ro\/wp-json\/wp\/v2\/media?parent=19443"}],"wp:term":[{"taxonomy":"product_brand","embeddable":true,"href":"https:\/\/www.hydraulic-cylinders.net\/ro\/wp-json\/wp\/v2\/product_brand?post=19443"},{"taxonomy":"product_cat","embeddable":true,"href":"https:\/\/www.hydraulic-cylinders.net\/ro\/wp-json\/wp\/v2\/product_cat?post=19443"},{"taxonomy":"product_tag","embeddable":true,"href":"https:\/\/www.hydraulic-cylinders.net\/ro\/wp-json\/wp\/v2\/product_tag?post=19443"}],"curies":[{"name":"wp","href":"https:\/\/api.w.org\/{rel}","templated":true}]}}