{"id":19444,"date":"2025-04-07T06:47:49","date_gmt":"2025-04-07T06:47:49","guid":{"rendered":"https:\/\/www.hydraulic-cylinders.net\/product\/boom-cylinder-for-case-middle-excavator-cx220b\/"},"modified":"2025-04-07T06:47:52","modified_gmt":"2025-04-07T06:47:52","slug":"boom-cylinder-for-case-middle-excavator-cx220b","status":"publish","type":"product","link":"https:\/\/www.hydraulic-cylinders.net\/ro\/produs\/boom-cylinder-for-case-middle-excavator-cx220b\/","title":{"rendered":"Cilindru bra\u021b pentru excavatorul central Case CX220B"},"content":{"rendered":"<h1>Cilindru bra\u021b pentru excavatorul central Case CX220B<\/h1>\n<h2>Prezentare general\u0103 a produsului<\/h2>\n<p>Cilindrul hidraulic pentru excavatorul intermediar Case CX220B este un cilindru hidraulic specializat, conceput pentru a controla mi\u0219carea bra\u021bului excavatoarelor. Aceast\u0103 component\u0103 esen\u021bial\u0103 permite ridicarea, cobor\u00e2rea \u0219i \u00eenclinarea bra\u021bului, facilit\u00e2nd diverse sarcini de manipulare a materialelor \u00een aplica\u021bii de construc\u021bii \u0219i excava\u021bii.<\/p>\n<p>Cilindrii hidraulici, \u00een special cilindrii cupei, joac\u0103 un rol crucial \u00een sistemele hidraulice ale utilajelor grele. Prin transformarea presiunii fluidului hidraulic \u00een for\u021b\u0103 mecanic\u0103, ace\u0219tia ofer\u0103 rezisten\u021ba \u0219i precizia necesare pentru sarcini grele. Cilindrul bra\u021bului asigur\u0103 c\u0103 excavatorul \u00ee\u0219i poate \u00eendeplini func\u021biile eficient, fie c\u0103 este vorba de s\u0103pare, ridicare sau mutarea materialelor.<\/p>\n<p><img decoding=\"async\" src=\"https:\/\/www.hydraulic-cylinders.net\/wp-content\/uploads\/2025\/04\/songte-company-1.webp\" alt=\"Cilindru de bra\u021b\" \/><\/p>\n<h2>Caracteristici cheie<\/h2>\n<ul>\n<li><strong>Rezisten\u021b\u0103 \u0219i durabilitate ridicate:<\/strong> Construit din o\u021bel sau aluminiu de \u00eenalt\u0103 rezisten\u021b\u0103, acest cilindru este conceput s\u0103 reziste la presiuni ridicate \u0219i sarcini grele, adapt\u00e2ndu-se la medii de lucru dure, prelungindu-i \u00een acela\u0219i timp durata de via\u021b\u0103.<\/li>\n<li><strong>Func\u021bionare hidraulic\u0103 eficient\u0103:<\/strong> Cilindrul utilizeaz\u0103 presiunea uleiului hidraulic pentru o retragere \u0219i extindere lin\u0103, oferind r\u0103spunsuri rapide la comenzile de control \u0219i for\u021be puternice de \u00eempingere\/tragere, ideale pentru sarcini grele \u0219i complexe.<\/li>\n<li><strong>Diverse tipuri:<\/strong> Disponibil \u00een configura\u021bii cu ac\u021biune simpl\u0103 \u0219i dubl\u0103 pentru a satisface diverse nevoi opera\u021bionale. Anumite modele sunt dotate cu design telescopic, permi\u021b\u00e2nd o extensie mai mare f\u0103r\u0103 a cre\u0219te dimensiunile exterioare, perfecte pentru aplica\u021bii cu spa\u021biu limitat.<\/li>\n<li><strong>Integrare u\u0219oar\u0103:<\/strong> Produsele noastre pot \u00eenlocui f\u0103r\u0103 probleme cilindrii hidraulici existen\u021bi, asigur\u00e2nd compatibilitatea cu diverse modele de excavatoare.<\/li>\n<\/ul>\n<p><img decoding=\"async\" src=\"https:\/\/www.hydraulic-cylinders.net\/wp-content\/uploads\/2025\/04\/songte-cylinder-head-with-all-kinds-excavator-models.webp\" alt=\"Modele de excavatoare\" \/><\/p>\n<h2>Aplica\u021bii<\/h2>\n<h3>Echipamente de construc\u021bii<\/h3>\n<p>\u00cen excavatoare, cilindrii bra\u021bului sunt esen\u021biali pentru excavare, \u00eenc\u0103rcare \u0219i mutarea solului sau a resturilor. Ace\u0219tia asigur\u0103 controlul precis necesar pentru s\u0103parea \u0219i ridicarea eficient\u0103, ceea ce \u00eei face indispensabili \u00een proiectele de construc\u021bii. Eficien\u021ba acestor cilindri hidraulici are un impact direct asupra vitezei \u0219i eficacit\u0103\u021bii opera\u021biunilor ma\u0219inilor.<\/p>\n<h3>Ma\u0219ini agricole<\/h3>\n<p>Pentru \u00eenc\u0103rc\u0103toarele frontale, cilindrii bra\u021bului sunt utiliza\u021bi pentru a scoate, ridica \u0219i transporta solul, f\u00e2nul \u0219i alte materiale. Designul lor robust permite manipularea eficient\u0103 a sarcinilor grele, contribuind la cre\u0219terea productivit\u0103\u021bii \u00een opera\u021biunile agricole.<\/p>\n<h3>Opera\u021biuni de excavare<\/h3>\n<p>\u00cen excavatoare, cilindrii cupei permit bra\u021bului s\u0103 p\u0103trund\u0103 eficient \u00een sol, facilit\u00e2nd procesul de s\u0103pare. Aceast\u0103 capacitate este crucial\u0103 pentru industria construc\u021biilor, amenaj\u0103rii peisagistice \u0219i minier\u0103, unde precizia \u0219i puterea sunt necesare pentru o func\u021bionare reu\u0219it\u0103.<\/p>\n<h3>Aplica\u021bii pentru \u00eenc\u0103rc\u0103toare<\/h3>\n<p>La \u00eenc\u0103rc\u0103toarele frontale, cilindrii bra\u021bului ajut\u0103 la ridicarea \u0219i desc\u0103rcarea eficient\u0103 a materialelor. Designul lor permite o raz\u0103 de ac\u021biune \u0219i un control maxim, asigur\u00e2nd c\u0103 \u00eenc\u0103rc\u0103torul poate manipula diverse materiale cu u\u0219urin\u021b\u0103, \u00eembun\u0103t\u0103\u021bind astfel fluxul de lucru \u0219i productivitatea.<\/p>\n<h2>Considera\u021bii de proiectare<\/h2>\n<h3>Capacitate de \u00eenc\u0103rcare<\/h3>\n<p>Proiectarea cilindrului bra\u021bului trebuie s\u0103 reflecte capacitatea sa de \u00eenc\u0103rcare pentru a asigura o func\u021bionare sigur\u0103 \u0219i eficient\u0103. Un cilindru bine proiectat va rezista for\u021belor \u00eent\u00e2lnite \u00een timpul func\u021bion\u0103rii f\u0103r\u0103 risc de defec\u021biune. Inginerii iau \u00een considerare factori precum rezisten\u021ba materialului \u0219i dimensiunile cilindrului pentru a \u00eendeplini cerin\u021bele specifice de \u00eenc\u0103rcare.<\/p>\n<h3>Integritatea sigiliului<\/h3>\n<p>Integritatea etan\u0219\u0103rii este vital\u0103 pentru cilindrii hidraulici. Etan\u0219\u0103rile trebuie s\u0103 previn\u0103 scurgerile de fluid hidraulic, asigur\u00e2nd \u00een acela\u0219i timp o frecare minim\u0103. Alegerea materialelor potrivite, cum ar fi poliuretanul \u0219i cauciucul nitrilic, \u00eembun\u0103t\u0103\u021be\u0219te durabilitatea \u0219i performan\u021ba sub presiune, contribuind la eficien\u021ba general\u0103 a sistemelor hidraulice.<\/p>\n<h3>Durabilitate<\/h3>\n<p>Durabilitatea este un factor critic \u00een proiectarea cilindrilor hidraulici. Materialele utilizate trebuie s\u0103 reziste la uzur\u0103 \u0219i coroziune pentru a asigura o durat\u0103 lung\u0103 de via\u021b\u0103, \u00een special \u00een medii dure. Proiectele ar trebui s\u0103 \u00eencorporeze caracteristici care sporesc rezisten\u021ba la elementele externe \u0219i la solicit\u0103rile mecanice.<\/p>\n<h3>Caracteristici de siguran\u021b\u0103<\/h3>\n<p>Siguran\u021ba este primordial\u0103 \u00een proiectarea cilindrilor hidraulici. Caracteristici precum supapele de suprapresiune \u0219i mecanismele de protec\u021bie la suprasarcin\u0103 previn poten\u021bialele pericole \u00een timpul func\u021bion\u0103rii. Verific\u0103rile regulate de \u00eentre\u021binere contribuie, de asemenea, la func\u021bionalitatea sigur\u0103, asigur\u00e2ndu-se c\u0103 cilindrii func\u021bioneaz\u0103 \u00een limitele specificate.<\/p>\n<h3>Mentenabilitate<\/h3>\n<p>Considera\u021biile de proiectare ar trebui s\u0103 se concentreze \u0219i pe mentenan\u021b\u0103. Aceasta include accesul facil pentru inspec\u021bii \u0219i repara\u021bii, precum \u0219i disponibilitatea pieselor de schimb. Un cilindru bine proiectat permite o \u00eentre\u021binere simpl\u0103, asigur\u00e2nd c\u0103 timpul de nefunc\u021bionare este redus la minimum \u0219i productivitatea este maximizat\u0103.<\/p>\n<p><img decoding=\"async\" src=\"https:\/\/www.hydraulic-cylinders.net\/wp-content\/uploads\/2025\/04\/songte-oil-pipes-and-spare-parts.webp\" alt=\"Conducte de petrol \u0219i piese de schimb\" \/><\/p>\n<h2>Etan\u0219are \u0219i lubrifiere<\/h2>\n<p>Etan\u0219area \u0219i lubrifierea eficiente sunt esen\u021biale pentru performan\u021ba \u0219i longevitatea cilindrilor hidraulici. Diverse tipuri de etan\u0219\u0103ri, inclusiv etan\u0219\u0103ri pentru piston \u0219i etan\u0219\u0103ri pentru tij\u0103, sunt utilizate pentru a preveni scurgerile de fluid. Etan\u0219\u0103rile fabricate din materiale rezistente la uzur\u0103, cum ar fi poliuretanul \u0219i cauciucul nitrilic, asigur\u0103 o performan\u021b\u0103 fiabil\u0103 \u00een timp.<\/p>\n<p>Corpul cilindrului \u0219i suprafe\u021bele filetate ale cap\u0103tului sunt finisate cu precizie pentru a spori rezisten\u021ba la uzur\u0103. Lubrifierea regulat\u0103 cu ulei hidraulic este necesar\u0103 pentru a men\u021bine performan\u021be optime, reduc\u00e2nd frecarea \u0219i uzura componentelor \u00een mi\u0219care.<\/p>\n<h2>M\u0103suri de \u00eentre\u021binere preventiv\u0103<\/h2>\n<ul>\n<li><strong>Inspec\u021bii regulate:<\/strong> Efectua\u021bi verific\u0103ri vizuale regulate pentru scurgeri, uzur\u0103 sau deteriorare pentru a asigura identificarea la timp a poten\u021bialelor probleme.<\/li>\n<li><strong>Lubrifiere adecvat\u0103:<\/strong> Asigura\u021bi-v\u0103 c\u0103 nivelul uleiului hidraulic este corect \u0219i completa\u021bi dup\u0103 cum este necesar pentru a men\u021bine eficien\u021ba lubrifierii.<\/li>\n<li><strong>\u00cenlocuirea garniturii:<\/strong> Monitoriza\u021bi uzura garniturilor de etan\u0219are \u0219i \u00eenlocui\u021bi-le atunci c\u00e2nd este necesar pentru a preveni scurgerile \u0219i a men\u021bine performan\u021ba optim\u0103.<\/li>\n<\/ul>\n<h2>Instruc\u021biuni de instalare<\/h2>\n<p>Instalarea corect\u0103 a cilindrului bra\u021bului este crucial\u0103 pentru o performan\u021b\u0103 optim\u0103. Urma\u021bi aceste instruc\u021biuni pentru a asigura o instalare corect\u0103:<\/p>\n<ol>\n<li>Asigura\u021bi-v\u0103 c\u0103 zona de instalare este curat\u0103 \u0219i lipsit\u0103 de resturi care ar putea interfera cu func\u021bionarea cilindrului.<\/li>\n<li>Alinia\u021bi cilindrul cu precizie cu structura bra\u021bului pentru a preveni nealinierea \u00een timpul func\u021bion\u0103rii.<\/li>\n<li>Folosi\u021bi console \u0219i unelte de montare adecvate pentru a fixa \u00een siguran\u021b\u0103 cilindrul, asigur\u00e2nd stabilitatea \u00een timpul func\u021bion\u0103rii.<\/li>\n<li>Dup\u0103 instalare, verifica\u021bi nivelurile corecte ale lichidului \u0219i efectua\u021bi o prob\u0103 de func\u021bionare pentru a verifica func\u021bionalitatea corect\u0103.<\/li>\n<\/ol>\n<h2>Sarcini comune de \u00eentre\u021binere<\/h2>\n<ul>\n<li><strong>Inspec\u021bii regulate:<\/strong> Verific\u0103rile frecvente pot identifica poten\u021bialele probleme \u00eenainte ca acestea s\u0103 se agraveze. C\u0103uta\u021bi semne de uzur\u0103, scurgeri sau nealiniere.<\/li>\n<li><strong>Lubrifiere adecvat\u0103:<\/strong> Asigura\u021bi-v\u0103 c\u0103 cilindrul \u0219i piesele sale mobile sunt lubrifiate corespunz\u0103tor pentru a preveni deteriorarea cauzat\u0103 de frecare \u0219i a men\u021bine eficien\u021ba opera\u021bional\u0103.<\/li>\n<li><strong>\u00cenlocuirea garniturii:<\/strong> Verifica\u021bi periodic garniturile pentru uzur\u0103 \u0219i \u00eenlocui\u021bi-le dup\u0103 cum este necesar pentru a evita scurgerile de fluid hidraulic \u0219i a men\u021bine presiunea \u00een sistem.<\/li>\n<\/ul>\n<h2>Considera\u021bii de siguran\u021b\u0103 \u0219i factori de mediu<\/h2>\n<p>M\u0103surile de siguran\u021b\u0103 trebuie s\u0103 fie prioritare atunci c\u00e2nd se utilizeaz\u0103 cilindri hidraulici. Operatorii trebuie s\u0103 fie certifica\u021bi \u0219i instrui\u021bi cu privire la echipamentul specific pentru a asigura o manipulare corect\u0103. \u00cen plus, respectarea standardelor de mediu este crucial\u0103. Aceasta include gestionarea scurgerilor de fluid hidraulic \u0219i asigurarea faptului c\u0103 toate de\u0219eurile sunt eliminate \u00een mod responsabil.<\/p>\n<h2>Depanare \u0219i probleme frecvente<\/h2>\n<ul>\n<li><strong>Probleme de scurgeri:<\/strong> Verifica\u021bi garniturile \u0219i fitingurile pentru uzur\u0103; \u00eenlocui\u021bi-le dac\u0103 este necesar.<\/li>\n<li><strong>For\u021b\u0103 insuficient\u0103:<\/strong> Verifica\u021bi nivelurile de lichid, asigur\u00e2ndu-v\u0103 c\u0103 exist\u0103 suficient ulei hidraulic.<\/li>\n<li><strong>Mi\u0219c\u0103ri lente:<\/strong> Asigura\u021bi-v\u0103 c\u0103 sistemul hidraulic nu con\u021bine bule de aer \u0219i c\u0103 pompa func\u021bioneaz\u0103 corect.<\/li>\n<\/ul>\n<p>Rezolvarea prompt\u0103 a acestor probleme poate cre\u0219te longevitatea \u0219i performan\u021ba sistemului hidraulic.<\/p>\n<p><img decoding=\"async\" src=\"https:\/\/www.hydraulic-cylinders.net\/wp-content\/uploads\/2025\/04\/songte-bushings-with-all-kinds-of-excavator-models.webp\" alt=\"Buc\u0219e pentru excavator\" \/><\/p>\n<h2>Prezentare general\u0103 a companiei<\/h2>\n<p>Suntem un produc\u0103tor important de cilindri hidraulici alternativi, oferind o gam\u0103 complet\u0103 de produse care ne pozi\u021bioneaz\u0103 printre cei mai importan\u021bi produc\u0103tori \u0219i angrosi\u0219ti \u200b\u200bde cilindri hidraulici, at\u00e2t pe pie\u021bele interne, c\u00e2t \u0219i pe cele interna\u021bionale. Angajamentul nostru fa\u021b\u0103 de excelen\u021b\u0103 este consolidat de dedicarea noastr\u0103 fa\u021b\u0103 de practici de fabrica\u021bie de \u00eenalt\u0103 calitate.<\/p>\n<p>Concentr\u00e2ndu-ne pe fabrica\u021bia de precizie, utiliz\u0103m tehnologie avansat\u0103 \u0219i tehnicieni califica\u021bi pentru a ne \u00eembun\u0103t\u0103\u021bi continuu capacit\u0103\u021bile de produc\u021bie. Produsele noastre sunt concepute pentru a satisface diversele nevoi ale clien\u021bilor, fiind sus\u021binute de certific\u0103ri interna\u021bionale \u0219i servicii personalizate. Echipamentele noastre extinse de produc\u021bie, \u00eempreun\u0103 cu un sistem puternic de asisten\u021b\u0103 post-v\u00e2nzare, garanteaz\u0103 c\u0103 \u00eendeplinim \u0219i chiar dep\u0103\u0219im a\u0219tept\u0103rile clien\u021bilor.<\/p>\n<p><img decoding=\"async\" src=\"https:\/\/www.hydraulic-cylinders.net\/wp-content\/uploads\/2025\/04\/songte-company-4.webp\" alt=\"Prezentare general\u0103 a companiei\" \/><br \/>\n<img decoding=\"async\" src=\"https:\/\/www.hydraulic-cylinders.net\/wp-content\/uploads\/2025\/04\/songte-company-3.webp\" alt=\"Produc\u021bia companiei\" \/><\/p>\n<p>Autor: lyl<\/p>","protected":false},"excerpt":{"rendered":"<p>Boom Cylinder For Case Middle Excavator CX220B Product Overview The Boom Cylinder for Case Middle Excavator CX220B is a specialized hydraulic cylinder designed to control the movement of the boom on excavators. This essential component enables the boom to lift, lower, and tilt, facilitating various material handling tasks in construction and excavation applications. Hydraulic cylinders, [&hellip;]<\/p>","protected":false},"featured_media":17873,"comment_status":"open","ping_status":"closed","template":"","meta":{"_et_pb_use_builder":"","_et_pb_old_content":"","_et_gb_content_width":""},"product_brand":[],"product_cat":[1546],"product_tag":[1547,1496],"class_list":{"0":"post-19444","1":"product","2":"type-product","3":"status-publish","4":"has-post-thumbnail","6":"product_cat-boom-cylinders","7":"product_tag-boom-cylinders","8":"product_tag-hydraulic-cylinders","10":"first","11":"instock","12":"shipping-taxable","13":"product-type-simple"},"amp_enabled":true,"_links":{"self":[{"href":"https:\/\/www.hydraulic-cylinders.net\/ro\/wp-json\/wp\/v2\/product\/19444","targetHints":{"allow":["GET"]}}],"collection":[{"href":"https:\/\/www.hydraulic-cylinders.net\/ro\/wp-json\/wp\/v2\/product"}],"about":[{"href":"https:\/\/www.hydraulic-cylinders.net\/ro\/wp-json\/wp\/v2\/types\/product"}],"replies":[{"embeddable":true,"href":"https:\/\/www.hydraulic-cylinders.net\/ro\/wp-json\/wp\/v2\/comments?post=19444"}],"wp:featuredmedia":[{"embeddable":true,"href":"https:\/\/www.hydraulic-cylinders.net\/ro\/wp-json\/wp\/v2\/media\/17873"}],"wp:attachment":[{"href":"https:\/\/www.hydraulic-cylinders.net\/ro\/wp-json\/wp\/v2\/media?parent=19444"}],"wp:term":[{"taxonomy":"product_brand","embeddable":true,"href":"https:\/\/www.hydraulic-cylinders.net\/ro\/wp-json\/wp\/v2\/product_brand?post=19444"},{"taxonomy":"product_cat","embeddable":true,"href":"https:\/\/www.hydraulic-cylinders.net\/ro\/wp-json\/wp\/v2\/product_cat?post=19444"},{"taxonomy":"product_tag","embeddable":true,"href":"https:\/\/www.hydraulic-cylinders.net\/ro\/wp-json\/wp\/v2\/product_tag?post=19444"}],"curies":[{"name":"wp","href":"https:\/\/api.w.org\/{rel}","templated":true}]}}