{"id":19450,"date":"2025-04-07T06:48:09","date_gmt":"2025-04-07T06:48:09","guid":{"rendered":"https:\/\/www.hydraulic-cylinders.net\/product\/boom-cylinder-for-case-large-excavator-cx360bhr\/"},"modified":"2025-04-07T06:48:12","modified_gmt":"2025-04-07T06:48:12","slug":"boom-cylinder-for-case-large-excavator-cx360bhr","status":"publish","type":"product","link":"https:\/\/www.hydraulic-cylinders.net\/ro\/produs\/boom-cylinder-for-case-large-excavator-cx360bhr\/","title":{"rendered":"Cilindru de bra\u021b pentru excavatorul mare Case CX360BHR"},"content":{"rendered":"<h1>Cilindru de bra\u021b pentru excavatorul mare Case CX360BHR<\/h1>\n<h2>Introducere \u00een cilindrul bra\u021bului<\/h2>\n<p>Cilindrul bra\u021bului este o component\u0103 critic\u0103 \u00een sistemul hidraulic al utilajelor grele, conceput special pentru controlul mi\u0219c\u0103rii bra\u021bului la excavatoare precum Case CX360BHR. Acest cilindru hidraulic permite ridicarea, cobor\u00e2rea \u0219i \u00eenclinarea bra\u021bului, facilit\u00e2nd astfel diverse sarcini de manipulare a materialelor. Acesta joac\u0103 un rol vital \u00een eficien\u021ba opera\u021bional\u0103 a excavatoarelor, permi\u021b\u00e2ndu-le s\u0103 execute sarcini complexe cu precizie.<\/p>\n<p>\u00cen esen\u021b\u0103, cilindrul cupei este un cilindru hidraulic care func\u021bioneaz\u0103 \u00een sistemele hidraulice ale echipamentelor grele, cum ar fi excavatoarele, \u00eenc\u0103rc\u0103toarele cu excavator \u0219i \u00eenc\u0103rc\u0103toarele frontale. Func\u021bia sa principal\u0103 este de a controla mi\u0219carea cupei excavatorului, asigur\u00e2ndu-se c\u0103 operatorii pot excava, ridica \u0219i transporta eficient materiale precum solul, pietri\u0219ul \u0219i resturile. Cilindrii hidraulici sunt proiecta\u021bi s\u0103 reziste la presiuni ridicate \u0219i sarcini grele, ceea ce \u00eei face indispensabili \u00een construc\u021bii \u0219i agricultur\u0103.<\/p>\n<p><img decoding=\"async\" src=\"https:\/\/www.hydraulic-cylinders.net\/wp-content\/uploads\/2025\/04\/songte-company-1.webp\" alt=\"Cilindru de bra\u021b pentru excavator\"><\/p>\n<h2>Caracteristicile cilindrului bra\u021bului<\/h2>\n<ul>\n<li><strong>Rezisten\u021b\u0103 \u0219i durabilitate ridicate:<\/strong> De obicei fabricat din o\u021bel sau aluminiu de \u00eenalt\u0103 rezisten\u021b\u0103, cilindrul este capabil s\u0103 reziste la presiuni ridicate \u0219i sarcini grele. Designul s\u0103u ia \u00een considerare rezisten\u021ba la uzur\u0103 \u0219i la coroziune, prelungindu-i considerabil durata de via\u021b\u0103.<\/li>\n<li><strong>Func\u021bionare hidraulic\u0103 eficient\u0103:<\/strong> Utiliz\u00e2nd presiunea uleiului hidraulic, cilindrul bra\u021bului permite extinderea \u0219i retragerea lin\u0103 \u0219i rapid\u0103. Acesta r\u0103spunde rapid la comenzile operatorului, oferind o putere substan\u021bial\u0103 de \u00eempingere \u0219i tragere pentru gestionarea sarcinilor grele sau complexe.<\/li>\n<li><strong>Diverse tipuri:<\/strong> Cilindrul bra\u021bului poate fi selectat fie \u00een configura\u021bii cu ac\u021biune simpl\u0103 (func\u021bion\u00e2nd \u00eentr-o singur\u0103 direc\u021bie), fie \u00een configura\u021bii cu ac\u021biune dubl\u0103 (func\u021bion\u00e2nd \u00een ambele direc\u021bii) pentru a satisface diferite nevoi opera\u021bionale. Unele modele sunt telescopice, permi\u021b\u00e2nd o extensie mai mare f\u0103r\u0103 a cre\u0219te dimensiunile exterioare, ceea ce este ideal pentru aplica\u021bii cu constr\u00e2ngeri de spa\u021biu.<\/li>\n<li><strong>Design inovator:<\/strong> \u00cencorporeaz\u0103 solu\u021bii inginere\u0219ti avansate care sporesc eficien\u021ba \u0219i fiabilitatea \u00een diverse condi\u021bii de lucru.<\/li>\n<li><strong>Compatibilitate:<\/strong> Produsele noastre pot \u00eenlocui perfect cilindrii hidraulici existen\u021bi, asigur\u00e2nd o integrare \u0219i o performan\u021b\u0103 f\u0103r\u0103 probleme.<\/li>\n<\/ul>\n<p><img decoding=\"async\" src=\"https:\/\/www.hydraulic-cylinders.net\/wp-content\/uploads\/2025\/04\/songte-cylinder-head-with-all-kinds-excavator-models.webp\" alt=\"Modele de excavatoare compatibile cu cilindrul bra\u021bului\"><\/p>\n<h2>Aplica\u021bii ale cilindrului bra\u021bului<\/h2>\n<h3>Echipamente de construc\u021bii<\/h3>\n<p>\u00cen excavatoare, cilindrul bra\u021bului este esen\u021bial pentru s\u0103pare, \u00eenc\u0103rcare \u0219i mutarea solului sau a resturilor. Capacitatea sa de a controla mi\u0219carea bra\u021bului permite operatorilor s\u0103 execute sarcini cu precizie \u0219i eficien\u021b\u0103, ceea ce \u00eel face un element crucial \u00een proiectele de construc\u021bii. Fie c\u0103 este vorba de s\u0103parea de \u0219an\u021buri pentru utilit\u0103\u021bi sau de nivelarea terenului, func\u021bionalitatea cilindrului bra\u021bului asigur\u0103 c\u0103 utilajele grele pot func\u021biona la capacitate maxim\u0103.<\/p>\n<h3>Ma\u0219ini agricole<\/h3>\n<p>La \u00eenc\u0103rc\u0103toarele frontale, cilindrul bra\u021bului faciliteaz\u0103 ridicarea, scoaterea \u0219i transportul solului, f\u00e2nului \u0219i diverselor alte materiale. Puterea hidraulic\u0103 furnizat\u0103 de cilindrul bra\u021bului permite fermierilor s\u0103 manipuleze sarcini grele f\u0103r\u0103 efort, \u00eembun\u0103t\u0103\u021bind productivitatea \u0219i reduc\u00e2nd la minimum efortul fizic \u00een timpul sarcinilor precum \u00eenc\u0103rcarea \u0219i desc\u0103rcarea materialelor.<\/p>\n<h3>Lucr\u0103ri de excavare<\/h3>\n<p>Cilindrul bra\u021bului permite cupei s\u0103 p\u0103trund\u0103 eficient \u00een sol, sporind capacit\u0103\u021bile de s\u0103pare ale excavatorului. Aceast\u0103 caracteristic\u0103 este vital\u0103 pentru diverse sarcini de excavare, cum ar fi s\u0103parea funda\u021biilor, modelarea terenului \u0219i \u00eendep\u0103rtarea molozului. Controlul precis oferit de cilindrul bra\u021bului este esen\u021bial pentru a asigura siguran\u021ba \u0219i eficien\u021ba opera\u021biunilor de excavare.<\/p>\n<h3>Opera\u021biuni cu \u00eenc\u0103rc\u0103torul<\/h3>\n<p>\u00cen cazul \u00eenc\u0103rc\u0103toarelor frontale, cilindrul bra\u021bului este esen\u021bial pentru ridicarea \u0219i desc\u0103rcarea eficient\u0103 a materialelor. Designul s\u0103u robust \u00eei permite s\u0103 gestioneze for\u021bele considerabile implicate \u00een sarcinile de \u00eenc\u0103rcare \u0219i desc\u0103rcare, fiind indispensabil pentru opera\u021biunile de construc\u021bii \u0219i agricultur\u0103. Func\u021bionarea eficient\u0103 a cilindrului bra\u021bului contribuie la productivitatea general\u0103 a echipamentelor de \u00eenc\u0103rcare.<\/p>\n<h2>Considera\u021bii de proiectare \u0219i criterii de selec\u021bie<\/h2>\n<ul>\n<li><strong>Capacitate de \u00eenc\u0103rcare:<\/strong> Este esen\u021bial s\u0103 alege\u021bi un cilindru pentru bra\u021b care s\u0103 corespund\u0103 cerin\u021belor de sarcin\u0103 ale echipamentului dumneavoastr\u0103 specific. Cilindrul trebuie s\u0103 aib\u0103 capacit\u0103\u021bi portante adecvate pentru a asigura o func\u021bionare sigur\u0103 \u0219i eficient\u0103.<\/li>\n<li><strong>Mecanisme de etan\u0219are:<\/strong> Un sistem de etan\u0219are bine conceput este esen\u021bial pentru a preveni scurgerile de fluid hidraulic. Garniturile de \u00eenalt\u0103 calitate, fabricate din materiale durabile, precum poliuretanul sau cauciucul nitrilic, pot \u00eembun\u0103t\u0103\u021bi longevitatea \u0219i performan\u021ba cilindrului.<\/li>\n<li><strong>Durabilitate:<\/strong> Lua\u021bi \u00een considerare condi\u021biile de lucru \u00een care va fi utilizat cilindrul bra\u021bului. Un design durabil, care poate rezista la medii dure \u0219i condi\u021bii extreme de func\u021bionare, este esen\u021bial pentru fiabilitatea pe termen lung.<\/li>\n<li><strong>Caracteristici de siguran\u021b\u0103:<\/strong> Evalua\u021bi dac\u0103 cilindrul bra\u021bului include caracteristici de siguran\u021b\u0103, cum ar fi supape de suprapresiune, pentru a preveni supra\u00eenc\u0103rcarea, asigur\u00e2nd siguran\u021ba operatorului \u00een timpul func\u021bion\u0103rii.<\/li>\n<li><strong>U\u0219urin\u021b\u0103 \u00een \u00eentre\u021binere:<\/strong> Alegerea unui cilindru pentru bra\u021b u\u0219or de \u00eentre\u021binut poate reduce semnificativ timpul de nefunc\u021bionare \u0219i costurile de repara\u021bii. C\u0103uta\u021bi modele care permit accesul facil la componente pentru inspec\u021bii \u0219i service regulate.<\/li>\n<\/ul>\n<p><img decoding=\"async\" src=\"https:\/\/www.hydraulic-cylinders.net\/wp-content\/uploads\/2025\/04\/songte-oil-pipes-and-spare-parts.webp\" alt=\"Piese \u0219i accesorii hidraulice\"><\/p>\n<h2>Etan\u0219are \u0219i lubrifiere<\/h2>\n<p>Etan\u0219area \u0219i lubrifierea corespunz\u0103toare sunt fundamentale pentru func\u021bionarea eficient\u0103 a cilindrului bra\u021bului. Diverse etan\u0219\u0103ri, inclusiv etan\u0219\u0103ri ale pistonului \u0219i etan\u0219\u0103ri ale tijei, sunt utilizate pentru a men\u021bine integritatea hidraulic\u0103. Etan\u0219\u0103rile fabricate din materiale rezistente la uzur\u0103, cum ar fi poliuretanul sau cauciucul nitrilic, ajut\u0103 la prevenirea scurgerilor \u0219i protejeaz\u0103 \u00eempotriva contamin\u0103rii cu murd\u0103rie \u0219i umiditate. Corpul cilindrului \u0219i suprafe\u021bele filetate ale cap\u0103tului sunt supuse unor prelucr\u0103ri de precizie pentru a \u00eembun\u0103t\u0103\u021bi rezisten\u021ba la uzur\u0103 \u0219i performan\u021ba de etan\u0219are. \u00centre\u021binerea regulat\u0103, inclusiv completarea uleiului hidraulic, este vital\u0103 pentru asigurarea unei func\u021bion\u0103ri line \u0219i prelungirea duratei de via\u021b\u0103 a cilindrului.<\/p>\n<h2>M\u0103suri de \u00eentre\u021binere preventiv\u0103<\/h2>\n<ul>\n<li><strong>Inspec\u021bii regulate:<\/strong> Efectua\u021bi verific\u0103ri de rutin\u0103 ale cilindrului bra\u021bului pentru a depista semne de uzur\u0103, scurgeri sau deteriorare. Depistarea timpurie a problemelor poate preveni defec\u021biunile catastrofale \u0219i poate prelungi durata de via\u021b\u0103 a echipamentului.<\/li>\n<li><strong>Lubrifiere adecvat\u0103:<\/strong> Asigura\u021bi-v\u0103 c\u0103 cilindrul hidraulic este lubrifiat cu tipul \u0219i cantitatea adecvat\u0103 de ulei hidraulic. Acest lucru reduce frecarea \u0219i uzura pieselor mobile, promov\u00e2nd o func\u021bionare mai lin\u0103.<\/li>\n<li><strong>\u00cenlocuirea garniturii:<\/strong> Inspecta\u021bi garniturile \u00een mod regulat \u0219i \u00eenlocui\u021bi-le dup\u0103 cum este necesar. Garniturile uzate sau deteriorate pot duce la scurgeri, reduc\u00e2nd eficien\u021ba cilindrului \u0219i cresc\u00e2nd costurile de \u00eentre\u021binere.<\/li>\n<\/ul>\n<h2>Instruc\u021biuni de instalare<\/h2>\n<p>Instalarea unui cilindru al bra\u021bului necesit\u0103 o aten\u021bie deosebit\u0103 detaliilor pentru a asigura o performan\u021b\u0103 optim\u0103. \u00cencepe\u021bi prin a v\u0103 asigura c\u0103 zona de lucru este curat\u0103 \u0219i lipsit\u0103 de resturi. Alinia\u021bi cilindrul cu punctele de montare de pe excavator, asigur\u00e2ndu-v\u0103 c\u0103 este pozi\u021bionat corect. Folosi\u021bi console de montare adecvate pentru a fixa cilindrul \u00een pozi\u021bie, av\u00e2nd grij\u0103 s\u0103 evita\u021bi nealinierea. Dup\u0103 instalare, verifica\u021bi conexiunile hidraulice pentru scurgeri \u0219i asigura\u021bi-v\u0103 c\u0103 fluidul hidraulic este la nivelul recomandat. Dup\u0103 instalare, testa\u021bi func\u021bionarea cilindrului pentru a confirma c\u0103 func\u021bioneaz\u0103 f\u0103r\u0103 probleme \u0219i eficient. Verifica\u021bi periodic instalarea pentru a men\u021bine alinierea \u0219i func\u021bionalitatea corecte.<\/p>\n<p><img decoding=\"async\" src=\"https:\/\/www.hydraulic-cylinders.net\/wp-content\/uploads\/2025\/04\/songte-chushion-collar.webp\" alt=\"Guler de pern\u0103 pentru cilindru hidraulic\"><\/p>\n<h2>Sarcini comune de \u00eentre\u021binere<\/h2>\n<ul>\n<li><strong>Inspec\u021bii regulate:<\/strong> Efectua\u021bi inspec\u021bii periodice pentru a identifica din timp uzura \u0219i poten\u021bialele probleme. Aceast\u0103 abordare proactiv\u0103 minimizeaz\u0103 timpul de nefunc\u021bionare \u0219i spore\u0219te fiabilitatea.<\/li>\n<li><strong>Lubrifiere adecvat\u0103:<\/strong> Men\u021binerea nivelului corect de lubrifiere este esen\u021bial\u0103. Lubrifierea insuficient\u0103 poate duce la cre\u0219terea frec\u0103rii \u0219i a uzurii, compromi\u021b\u00e2nd performan\u021ba cilindrului.<\/li>\n<li><strong>\u00cenlocuirea garniturii:<\/strong> \u00cenlocuirea la timp a garniturilor previne scurgerile de fluid hidraulic, care sunt d\u0103un\u0103toare eficacit\u0103\u021bii cilindrului. Verific\u0103rile \u0219i \u00eenlocuirile regulate ajut\u0103 la men\u021binerea performan\u021bei.<\/li>\n<\/ul>\n<p>Asigurarea instal\u0103rii, lubrifierii \u0219i ajust\u0103rii corecte este vital\u0103 pentru o performan\u021b\u0103 optim\u0103. \u00cen timpul instal\u0103rii, alinia\u021bi cilindrul cu aten\u021bie pentru a evita problemele de nealiniere. Utilizarea unor console de montare adecvate poate oferi suportul \u0219i stabilitatea necesare. Recomand\u0103rile pentru procedurile de inspec\u021bie, reparare \u0219i \u00eenlocuire trebuie urmate cu stricte\u021be pentru a asigura func\u021bionalitatea \u0219i siguran\u021ba continue.<\/p>\n<h2>Considera\u021bii de siguran\u021b\u0103 \u0219i factori de mediu<\/h2>\n<p>Implementarea m\u0103surilor de siguran\u021b\u0103 atunci c\u00e2nd se lucreaz\u0103 cu cilindri hidraulici este esen\u021bial\u0103. Operatorii trebuie s\u0103 fie instrui\u021bi cu privire la utilizarea \u00een siguran\u021b\u0103 a utilajelor \u0219i s\u0103 \u00een\u021beleag\u0103 riscurile asociate cu sistemele hidraulice. \u00centre\u021binerea corespunz\u0103toare a cilindrului bra\u021bului poate preveni accidentele legate de defec\u021biunile hidraulice, asigur\u00e2nd siguran\u021ba personalului \u0219i a echipamentelor. \u00cen plus, trebuie adoptate practici ecologice pentru a reduce riscul de scurgeri de fluid hidraulic, care pot fi d\u0103un\u0103toare mediului.<\/p>\n<h2>Diagnosticarea defec\u021biunilor \u0219i probleme frecvente<\/h2>\n<ul>\n<li><strong>Scurgeri de fluid hidraulic:<\/strong> Identifica\u021bi loca\u021bia scurgerilor \u0219i evalua\u021bi dac\u0103 acestea sunt cauzate de garnituri uzate, furtunuri deteriorate sau fitinguri necorespunz\u0103toare. Repara\u021biile imediate sunt cruciale pentru a preveni pierderea de lichide.<\/li>\n<li><strong>Mi\u0219care inconsistent\u0103:<\/strong> Dac\u0103 cilindrul bra\u021bului prezint\u0103 mi\u0219c\u0103ri neregulate, verifica\u021bi dac\u0103 exist\u0103 aer \u00een sistemul hidraulic sau dac\u0103 nivelurile de lichid sunt insuficiente. Aerisirea sistemului poate fi necesar\u0103 pentru a elimina aerul prins.<\/li>\n<li><strong>Supra\u00eenc\u0103lzire:<\/strong> C\u0103ldura excesiv\u0103 poate indica o problem\u0103 la sistemul hidraulic. Verifica\u021bi dac\u0103 exist\u0103 filtre blocate sau niveluri sc\u0103zute de lichid, care pot \u00eempiedica circula\u021bia \u0219i r\u0103cirea fluidului.<\/li>\n<\/ul>\n<p>Rezolvarea prompt\u0103 a acestor probleme poate preveni deteriorarea ulterioar\u0103 \u0219i poate men\u021bine eficien\u021ba sistemului hidraulic. Implementarea unor m\u0103suri preventive poate ajuta la reducerea apari\u021biei acestor probleme, asigur\u00e2nd o func\u021bionare f\u0103r\u0103 probleme.<\/p>\n<p><img decoding=\"async\" src=\"https:\/\/www.hydraulic-cylinders.net\/wp-content\/uploads\/2025\/04\/songte-bushings-with-all-kinds-of-excavator-models.webp\" alt=\"Buc\u0219e pentru diverse modele de excavatoare\"><\/p>\n<h2>Despre compania noastr\u0103<\/h2>\n<p>Suntem un produc\u0103tor important de cilindri hidraulici de schimb, oferind o gam\u0103 complet\u0103 de produse care deservesc at\u00e2t pie\u021bele interne, c\u00e2t \u0219i cele interna\u021bionale. Angajamentul nostru fa\u021b\u0103 de excelen\u021b\u0103 este evident \u00een procesele noastre de fabrica\u021bie rafinate \u0219i standardele de control al calit\u0103\u021bii. Strategia noastr\u0103 de management al produc\u021biei valorific\u0103 personal tehnic calificat, echipamente de fabrica\u021bie de ultim\u0103 genera\u021bie \u0219i sisteme profesionale de testare pentru a ne \u00eembun\u0103t\u0103\u021bi capacit\u0103\u021bile de produc\u021bie.<\/p>\n<p>Concentr\u00e2ndu-ne pe eficien\u021b\u0103 ridicat\u0103, precizie \u0219i calitate, satisfacem nevoile diverse ale clien\u021bilor no\u0219tri. Expertiza noastr\u0103 include certific\u0103ri interna\u021bionale, servicii personalizate \u0219i un sistem robust de asisten\u021b\u0103 post-v\u00e2nzare, asigur\u00e2ndu-ne c\u0103 clien\u021bii no\u0219tri primesc nu doar produse de cea mai bun\u0103 calitate, ci \u0219i servicii de neegalat.<\/p>\n<p><img decoding=\"async\" src=\"https:\/\/www.hydraulic-cylinders.net\/wp-content\/uploads\/2025\/04\/songte-company-4.webp\" alt=\"Prezentare general\u0103 a companiei\"><br \/>\n<img decoding=\"async\" src=\"https:\/\/www.hydraulic-cylinders.net\/wp-content\/uploads\/2025\/04\/songte-company-3.webp\" alt=\"Facilit\u0103\u021bi de produc\u021bie\"><\/p>\n<p>Autor: lyl<\/p>","protected":false},"excerpt":{"rendered":"<p>Boom Cylinder For Case Large Excavator CX360BHR Introduction to the Boom Cylinder The Boom Cylinder is a critical component in the hydraulic system of heavy machinery, specifically designed for controlling the movement of the boom on excavators like the Case CX360BHR. This hydraulic cylinder allows the boom to lift, lower, and tilt, thereby facilitating various [&hellip;]<\/p>","protected":false},"featured_media":17879,"comment_status":"open","ping_status":"closed","template":"","meta":{"_et_pb_use_builder":"","_et_pb_old_content":"","_et_gb_content_width":""},"product_brand":[],"product_cat":[1546],"product_tag":[1547,1496],"class_list":{"0":"post-19450","1":"product","2":"type-product","3":"status-publish","4":"has-post-thumbnail","6":"product_cat-boom-cylinders","7":"product_tag-boom-cylinders","8":"product_tag-hydraulic-cylinders","10":"first","11":"instock","12":"shipping-taxable","13":"product-type-simple"},"amp_enabled":true,"_links":{"self":[{"href":"https:\/\/www.hydraulic-cylinders.net\/ro\/wp-json\/wp\/v2\/product\/19450","targetHints":{"allow":["GET"]}}],"collection":[{"href":"https:\/\/www.hydraulic-cylinders.net\/ro\/wp-json\/wp\/v2\/product"}],"about":[{"href":"https:\/\/www.hydraulic-cylinders.net\/ro\/wp-json\/wp\/v2\/types\/product"}],"replies":[{"embeddable":true,"href":"https:\/\/www.hydraulic-cylinders.net\/ro\/wp-json\/wp\/v2\/comments?post=19450"}],"wp:featuredmedia":[{"embeddable":true,"href":"https:\/\/www.hydraulic-cylinders.net\/ro\/wp-json\/wp\/v2\/media\/17879"}],"wp:attachment":[{"href":"https:\/\/www.hydraulic-cylinders.net\/ro\/wp-json\/wp\/v2\/media?parent=19450"}],"wp:term":[{"taxonomy":"product_brand","embeddable":true,"href":"https:\/\/www.hydraulic-cylinders.net\/ro\/wp-json\/wp\/v2\/product_brand?post=19450"},{"taxonomy":"product_cat","embeddable":true,"href":"https:\/\/www.hydraulic-cylinders.net\/ro\/wp-json\/wp\/v2\/product_cat?post=19450"},{"taxonomy":"product_tag","embeddable":true,"href":"https:\/\/www.hydraulic-cylinders.net\/ro\/wp-json\/wp\/v2\/product_tag?post=19450"}],"curies":[{"name":"wp","href":"https:\/\/api.w.org\/{rel}","templated":true}]}}