{"id":19455,"date":"2025-04-07T06:48:35","date_gmt":"2025-04-07T06:48:35","guid":{"rendered":"https:\/\/www.hydraulic-cylinders.net\/product\/boom-cylinder-for-zhenyu-small-excavator-zy330\/"},"modified":"2025-04-07T06:48:37","modified_gmt":"2025-04-07T06:48:37","slug":"boom-cylinder-for-zhenyu-small-excavator-zy330","status":"publish","type":"product","link":"https:\/\/www.hydraulic-cylinders.net\/ro\/produs\/boom-cylinder-for-zhenyu-small-excavator-zy330\/","title":{"rendered":"Cilindru de bra\u021b pentru excavatorul mic Zhenyu ZY330"},"content":{"rendered":"<h1>Cilindru de bra\u021b pentru excavatorul mic Zhenyu ZY330<\/h1>\n<h2>Introducere \u00een cilindrii bra\u021bului<\/h2>\n<p>Cilindrul bra\u021bului este o component\u0103 vital\u0103 \u00een sistemul hidraulic al utilajelor grele, special conceput pentru controlul mi\u0219c\u0103rii cupelor excavatoarelor. Acesta joac\u0103 un rol crucial \u00een efectuarea unor sarcini precum ridicarea, cobor\u00e2rea \u0219i \u00eenclinarea cupei, facilit\u00e2nd opera\u021biuni eficiente de manipulare a materialelor. Prin transformarea energiei hidraulice \u00een mi\u0219care mecanic\u0103, cilindrii bra\u021bului permit operatorilor s\u0103 \u00eendeplineasc\u0103 diverse func\u021bii cu precizie \u0219i vitez\u0103.<\/p>\n<p><img decoding=\"async\" src=\"https:\/\/www.hydraulic-cylinders.net\/wp-content\/uploads\/2025\/04\/songte-company-1.webp\" alt=\"Cilindru de bra\u021b\"><\/p>\n<h3>Defini\u021bie \u0219i prezentare general\u0103<\/h3>\n<p>Un cilindru hidraulic pentru bra\u021b este un tip de cilindru hidraulic special conceput pentru echipamente grele, cum ar fi excavatoarele, excavatoarele \u0219i \u00eenc\u0103rc\u0103toarele frontale. Func\u021bia sa principal\u0103 este de a controla mi\u0219carea cupei, permi\u021b\u00e2ndu-i s\u0103 \u00eendeplineasc\u0103 sarcini cruciale pentru excavare \u0219i transportul materialelor. Ace\u0219ti cilindri permit un control precis asupra mi\u0219c\u0103rilor cupei, oferind for\u021ba necesar\u0103 pentru ridicare \u0219i \u00eenclinare, ceea ce este esen\u021bial \u00een aplica\u021biile de construc\u021bii \u0219i agricultur\u0103.<\/p>\n<h2>Caracteristici cheie ale cilindrului bra\u021bului<\/h2>\n<ul>\n<li><strong>Rezisten\u021b\u0103 \u0219i durabilitate ridicate:<\/strong> De obicei, construi\u021bi din o\u021bel sau aluminiu de \u00eenalt\u0103 rezisten\u021b\u0103, cilindrii bra\u021bului sunt proiecta\u021bi s\u0103 reziste la presiuni ridicate \u0219i sarcini grele, fiind potrivi\u021bi pentru medii de lucru dure. Ace\u0219tia sunt proiecta\u021bi pentru rezisten\u021b\u0103 la uzur\u0103 \u0219i protec\u021bie \u00eempotriva coroziunii, prelungindu-le durata de via\u021b\u0103.<\/li>\n<li><strong>Func\u021bionare hidraulic\u0103 eficient\u0103:<\/strong> Utiliz\u00e2nd presiunea uleiului hidraulic, cilindrii bra\u021bului permit extinderea \u0219i retragerea lin\u0103, permi\u021b\u00e2nd un r\u0103spuns rapid la comenzile operatorului. Ace\u0219tia ofer\u0103 o for\u021b\u0103 puternic\u0103 de \u00eempingere \u0219i tragere, ideal\u0103 pentru manipularea materialelor grele \u0219i a sarcinilor complexe.<\/li>\n<li><strong>Diverse tipuri:<\/strong> Disponibile cu ac\u021biune simpl\u0103 (utiliz\u00e2nd sistemul hidraulic \u00eentr-o singur\u0103 direc\u021bie) sau cu ac\u021biune dubl\u0103 (utiliz\u00e2nd sistemul hidraulic \u00een ambele direc\u021bii), cilindrii bra\u021bului pot fi adapta\u021bi pentru a satisface diverse nevoi opera\u021bionale. Unele modele sunt dotate cu designuri telescopice, permi\u021b\u00e2nd o extensie sporit\u0103 f\u0103r\u0103 a m\u0103ri dimensiunile exterioare, perfec\u021bi pentru aplica\u021bii cu limit\u0103ri de spa\u021biu.<\/li>\n<li><strong>Compatibilitate:<\/strong> Produsele noastre sunt fabricate meticulos pentru a servi drept \u00eenlocuitori ideali pentru cilindrii hidraulici existen\u021bi, asigur\u00e2nd o integrare \u0219i o performan\u021b\u0103 perfecte.<\/li>\n<\/ul>\n<p><img decoding=\"async\" src=\"https:\/\/www.hydraulic-cylinders.net\/wp-content\/uploads\/2025\/04\/songte-cylinder-head-with-all-kinds-excavator-models.webp\" alt=\"Modele de excavatoare\"><\/p>\n<h2>Aplica\u021bii ale cilindrului bra\u021bului<\/h2>\n<h3>Echipamente de construc\u021bii<\/h3>\n<p>\u00cen utilajele de construc\u021bii, cilindrii bra\u021bului sunt parte integrant\u0103 a excavatoarelor, oferind for\u021ba necesar\u0103 pentru a s\u0103pa, \u00eenc\u0103rca \u0219i muta p\u0103m\u00e2nt sau moloz. Ace\u0219tia faciliteaz\u0103 procesele eficiente de excavare \u0219i contribuie la productivitatea general\u0103 pe \u0219antierele de construc\u021bii.<\/p>\n<h3>Ma\u0219ini agricole<\/h3>\n<p>Utiliza\u021bi \u00een \u00eenc\u0103rc\u0103toarele frontale, cilindrii bra\u021bului sunt esen\u021biali pentru scobere, ridicare \u0219i transportul solului, f\u00e2nului \u0219i altor materiale. Capacitatea lor de a manipula eficient sarcini grele \u00eei face indispensabili \u00een opera\u021biunile agricole.<\/p>\n<h3>Excavatoare<\/h3>\n<p>\u00cen cazul excavatoarelor, cilindrii bra\u021bului permit cupei s\u0103 p\u0103trund\u0103 \u00een sol, permi\u021b\u00e2nd opera\u021biuni eficiente de excavare. Aceast\u0103 capacitate este crucial\u0103 pentru diverse proiecte, de la amenajarea peisagistic\u0103 la excava\u021bii la scar\u0103 larg\u0103.<\/p>\n<h3>\u00cenc\u0103rc\u0103toare<\/h3>\n<p>La \u00eenc\u0103rc\u0103toarele frontale, cilindrii bra\u021bului ajut\u0103 la ridicarea \u0219i desc\u0103rcarea eficient\u0103 a \u00eenc\u0103rc\u0103turilor. Ace\u0219tia joac\u0103 un rol vital \u00een manipularea materialelor, sporind capacit\u0103\u021bile opera\u021bionale ale \u00eenc\u0103rc\u0103torului.<\/p>\n<h2>Considera\u021bii de proiectare \u0219i criterii de selec\u021bie<\/h2>\n<h3>Capacitate de \u00eenc\u0103rcare<\/h3>\n<p>La proiectarea unui cilindru pentru bra\u021b, capacitatea de \u00eenc\u0103rcare este un factor critic. Cilindrul trebuie s\u0103 poat\u0103 suporta greutatea maxim\u0103 pe care o poate ridica cupa, asigur\u00e2nd \u00een acela\u0219i timp siguran\u021ba \u0219i performan\u021ba. Printre aspectele luate \u00een considerare se num\u0103r\u0103 rezisten\u021ba materialului, dimensiunile cilindrului \u0219i valorile de presiune hidraulic\u0103 pentru a garanta fiabilitatea sub sarcini mari.<\/p>\n<h3>Sigilare<\/h3>\n<p>Etan\u0219area eficient\u0103 este esen\u021bial\u0103 \u00een sistemele hidraulice pentru a preveni scurgerile de fluide \u0219i contaminarea. Alegerea materialelor de etan\u0219are, cum ar fi poliuretanul \u0219i cauciucul nitrilic, este esen\u021bial\u0103 pentru asigurarea longevit\u0103\u021bii \u0219i performan\u021bei. Prelucrarea precis\u0103 a corpului cilindrului \u0219i a suprafe\u021belor filetate spore\u0219te eficacitatea etan\u0219\u0103rii, contribuind la fiabilitatea general\u0103 a sistemului.<\/p>\n<h3>Durabilitate<\/h3>\n<p>Durabilitatea este esen\u021bial\u0103 pentru cilindrii bra\u021bului, deoarece ace\u0219tia func\u021bioneaz\u0103 \u00een medii solicitante. Factori precum selec\u021bia materialelor, tratamentul suprafe\u021bei \u0219i caracteristicile de design trebuie optimiza\u021bi pentru a rezista la uzur\u0103 \u0219i coroziune, asigur\u00e2nd o durat\u0103 de via\u021b\u0103 mai lung\u0103 \u0219i costuri de \u00eentre\u021binere mai mici.<\/p>\n<h3>Siguran\u0163\u0103<\/h3>\n<p>Siguran\u021ba este o considera\u021bie crucial\u0103 \u00een proiectarea cilindrilor hidraulici. Caracteristici precum supapele de suprapresiune, protec\u021bia la suprasarcin\u0103 \u0219i o construc\u021bie robust\u0103 trebuie implementate pentru a preveni defec\u021biunile catastrofale, asigur\u00e2nd func\u021bionarea \u00een siguran\u021b\u0103 a echipamentului \u0219i a operatorilor acestuia.<\/p>\n<h3>\u00centre\u0163inere<\/h3>\n<p>Considera\u021biile privind \u00eentre\u021binerea includ u\u0219urin\u021ba accesului pentru inspec\u021bii \u0219i repara\u021bii, disponibilitatea pieselor de schimb \u0219i complexitatea dezasambl\u0103rii \u0219i reasambl\u0103rii. Un cilindru bine proiectat simplific\u0103 opera\u021biunile de \u00eentre\u021binere, reduc\u00e2nd timpii de nefunc\u021bionare \u0219i \u00eembun\u0103t\u0103\u021bind eficien\u021ba general\u0103.<\/p>\n<p><img decoding=\"async\" src=\"https:\/\/www.hydraulic-cylinders.net\/wp-content\/uploads\/2025\/04\/songte-oil-pipes-and-spare-parts.webp\" alt=\"Piese hidraulice\"><\/p>\n<h2>Etan\u0219are \u0219i lubrifiere<\/h2>\n<p>Sistemul de etan\u0219are al cilindrilor bra\u021bului este esen\u021bial pentru men\u021binerea integrit\u0103\u021bii hidraulice. Diverse etan\u0219\u0103ri, inclusiv etan\u0219\u0103ri ale pistonului \u0219i etan\u0219\u0103ri ale tijei, sunt utilizate pentru a asigura c\u0103 fluidul hidraulic r\u0103m\u00e2ne con\u021binut \u00een cilindru. Utilizarea materialelor durabile, precum poliuretanul \u0219i cauciucul nitrilic, spore\u0219te rezisten\u021ba la uzur\u0103 \u0219i la factorii de mediu. \u00cen plus, corpul cilindrului \u0219i capetele filetate sunt supuse unor procese de prelucrare fin\u0103 pentru a \u00eembun\u0103t\u0103\u021bi rezisten\u021ba la uzur\u0103, contribuind la eficien\u021ba general\u0103. Lubrifierea regulat\u0103 cu ulei hidraulic este vital\u0103 pentru a asigura o func\u021bionare lin\u0103 \u0219i a preveni uzura prematur\u0103, necesit\u00e2nd verific\u0103ri de rutin\u0103 pentru a men\u021bine performan\u021be optime.<\/p>\n<h2>Inspec\u021bii regulate \u0219i \u00eentre\u021binere preventiv\u0103<\/h2>\n<ul>\n<li><strong>Inspec\u021bii periodice:<\/strong> Efectuarea inspec\u021biilor vizuale \u0219i opera\u021bionale regulate poate ajuta la identificarea timpurie a semnelor de uzur\u0103 sau a deterior\u0103rii, prevenind complica\u021bii ulterioare.<\/li>\n<li><strong>Lubrifiere:<\/strong> Men\u021binerea unei lubrifieri adecvate este esen\u021bial\u0103 pentru o func\u021bionare f\u0103r\u0103 probleme \u0219i o lung\u0103 durat\u0103 de via\u021b\u0103. Asigura\u021bi-v\u0103 c\u0103 nivelurile de ulei hidraulic sunt monitorizate \u0219i completate dup\u0103 cum este necesar.<\/li>\n<li><strong>\u00cenlocuirea garniturii:<\/strong> Verifica\u021bi periodic garniturile pentru uzur\u0103 \u0219i \u00eenlocui\u021bi-le prompt pentru a preveni scurgerile de fluid \u0219i a men\u021bine eficien\u021ba hidraulic\u0103.<\/li>\n<\/ul>\n<h2>Instruc\u021biuni de instalare<\/h2>\n<p>Instalarea corect\u0103 a cilindrilor bra\u021bului este vital\u0103 pentru asigurarea unei performan\u021be optime. \u00cencepe\u021bi prin a v\u0103 asigura c\u0103 spa\u021biul de lucru este curat \u0219i f\u0103r\u0103 resturi. Alinia\u021bi cilindrul cu precizie cu punctele de montare, utiliz\u00e2nd console de instalare adecvate pentru a-l fixa \u00een pozi\u021bie. Urma\u021bi specifica\u021biile produc\u0103torului pentru set\u0103rile de cuplu pentru a asigura o fixare str\u00e2ns\u0103. Alinierea corect\u0103 este crucial\u0103 pentru a preveni solicitarea excesiv\u0103 asupra cilindrului \u00een timpul func\u021bion\u0103rii. Dup\u0103 instalare, efectua\u021bi o inspec\u021bie am\u0103nun\u021bit\u0103 \u0219i testa\u021bi sistemul hidraulic pentru a v\u0103 asigura c\u0103 totul func\u021bioneaz\u0103 corect. Pot fi necesare ajust\u0103ri pentru a optimiza performan\u021ba.<\/p>\n<h2>Sarcini de \u00eentre\u021binere<\/h2>\n<ul>\n<li><strong>Inspec\u021bii regulate:<\/strong> Efectua\u021bi verific\u0103ri de rutin\u0103 pentru scurgeri, uzur\u0103 \u0219i stare general\u0103. Depistarea timpurie a problemelor poate preveni defec\u021biuni majore \u0219i repara\u021bii costisitoare.<\/li>\n<li><strong>Lubrifiere adecvat\u0103:<\/strong> Asigura\u021bi-v\u0103 c\u0103 uleiul hidraulic este completat periodic pentru a men\u021bine o func\u021bionare lin\u0103 \u0219i a preveni uzura. Urma\u021bi instruc\u021biunile produc\u0103torului privind intervalele de lubrifiere.<\/li>\n<li><strong>\u00cenlocuirea garniturii \u0219i verific\u0103ri ale calibr\u0103rii:<\/strong> Verifica\u021bi periodic garniturile \u0219i \u00eenlocui\u021bi-le dup\u0103 cum este necesar. Calibrarea sistemului hidraulic asigur\u0103 o func\u021bionare precis\u0103 \u0219i poate ajuta la prevenirea problemelor viitoare.<\/li>\n<\/ul>\n<h2>Considera\u021bii de siguran\u021b\u0103 \u0219i factori de mediu<\/h2>\n<p>La operarea cilindrilor bra\u021bului, m\u0103surile de siguran\u021b\u0103 sunt primordiale. Operatorii trebuie instrui\u021bi pentru a \u00een\u021belege riscurile poten\u021biale asociate cu sistemele hidraulice. Echipamentul individual de protec\u021bie (EIP) adecvat trebuie utilizat \u00een permanen\u021b\u0103. Factorii de mediu, cum ar fi expunerea la temperaturi extreme \u0219i substan\u021be corozive, trebuie, de asemenea, lua\u021bi \u00een considerare la selectarea \u0219i \u00eentre\u021binerea cilindrilor bra\u021bului. Implementarea protocoalelor de siguran\u021b\u0103 \u0219i instruirea regulat\u0103 pot reduce semnificativ accidentele \u0219i pot spori siguran\u021ba la locul de munc\u0103.<\/p>\n<h2>Depanarea problemelor comune<\/h2>\n<ul>\n<li><strong>Scurgeri de fluide:<\/strong> Verifica\u021bi garniturile \u0219i conexiunile pentru uzur\u0103 sau deteriorare \u0219i asigura\u021bi-v\u0103 c\u0103 nivelurile fluidului hidraulic sunt men\u021binute.<\/li>\n<li><strong>Func\u021bionare lent\u0103:<\/strong> Acest lucru poate indica niveluri sc\u0103zute de lichid hidraulic sau aer \u00een sistem. Aerisi\u021bi sistemul \u0219i verifica\u021bi dac\u0103 exist\u0103 blocaje.<\/li>\n<li><strong>Cilindru nereactiv:<\/strong> Asigura\u021bi-v\u0103 c\u0103 presiunea hidraulic\u0103 este suficient\u0103 \u0219i c\u0103 toate conexiunile sunt sigure. Investiga\u021bi orice poten\u021biale blocaje \u00een conductele hidraulice.<\/li>\n<\/ul>\n<h2>Sfaturi de depanare<\/h2>\n<p>Pentru o depanare eficient\u0103, p\u0103stra\u021bi un jurnal detaliat de \u00eentre\u021binere pentru a urm\u0103ri problemele \u0219i repara\u021biile. Revizui\u021bi periodic datele privind performan\u021ba opera\u021bional\u0103 pentru a identifica tendin\u021bele care pot indica probleme subiacente. Implementa\u021bi m\u0103suri preventive, cum ar fi \u00eentre\u021binerea \u0219i inspec\u021biile de rutin\u0103, pentru a minimiza poten\u021bialele probleme. Educarea operatorilor cu privire la recunoa\u0219terea semnelor timpurii ale problemelor poate \u00eembun\u0103t\u0103\u021bi fiabilitatea general\u0103 a sistemului.<\/p>\n<p><img decoding=\"async\" src=\"https:\/\/www.hydraulic-cylinders.net\/wp-content\/uploads\/2025\/04\/songte-bushings-with-all-kinds-of-excavator-models.webp\" alt=\"Buc\u0219e pentru excavator\"><\/p>\n<h2>Despre compania noastr\u0103<\/h2>\n<p>Suntem produc\u0103tori de cilindri hidraulici de schimb, oferind o gam\u0103 complet\u0103 de produse care ne confer\u0103 pozi\u021bie de lider \u00een domeniul produc\u021biei \u0219i distribu\u021biei angro, at\u00e2t pe pia\u021ba intern\u0103, c\u00e2t \u0219i pe cea interna\u021bional\u0103. Respect\u0103m standarde excep\u021bionale de calitate, baz\u00e2ndu-ne pe un atelier de fabrica\u021bie rafinat \u0219i o strategie de management al produc\u021biei industriale. Compania noastr\u0103 \u00ee\u0219i \u00eembun\u0103t\u0103\u021be\u0219te continuu platforma de produc\u021bie prin aplicarea de talente tehnice, echipamente digitale de fabrica\u021bie de ultim\u0103 genera\u021bie \u0219i sisteme de testare specializate, asigur\u00e2nd rute de produc\u021bie eficiente \u0219i o calitate superioar\u0103 a produselor.<\/p>\n<p><img decoding=\"async\" src=\"https:\/\/www.hydraulic-cylinders.net\/wp-content\/uploads\/2025\/04\/songte-company-4.webp\" alt=\"Prezentare general\u0103 a companiei\"><br \/>\n<img decoding=\"async\" src=\"https:\/\/www.hydraulic-cylinders.net\/wp-content\/uploads\/2025\/04\/songte-company-3.webp\" alt=\"Procesul de fabrica\u021bie\"><\/p>\n<p>Angajamentul nostru fa\u021b\u0103 de specializare, certific\u0103ri interna\u021bionale, servicii personalizabile, echipamente de produc\u021bie avansate \u0219i asisten\u021b\u0103 post-v\u00e2nzare excep\u021bional\u0103 garanteaz\u0103 c\u0103 satisfacem eficient nevoile diverse ale clien\u021bilor no\u0219tri.<\/p>\n<p>Autor: lyl<\/p>","protected":false},"excerpt":{"rendered":"<p>Boom Cylinder For Zhenyu Small Excavator ZY330 Introduction to Boom Cylinders The Boom Cylinder is a vital component in the hydraulic system of heavy machinery, specifically designed for controlling the movement of excavator buckets. It plays a crucial role in enabling tasks such as lifting, lowering, and tilting the bucket, facilitating efficient material handling operations. [&hellip;]<\/p>","protected":false},"featured_media":17869,"comment_status":"open","ping_status":"closed","template":"","meta":{"_et_pb_use_builder":"","_et_pb_old_content":"","_et_gb_content_width":""},"product_brand":[],"product_cat":[1546],"product_tag":[1547,1496],"class_list":{"0":"post-19455","1":"product","2":"type-product","3":"status-publish","4":"has-post-thumbnail","6":"product_cat-boom-cylinders","7":"product_tag-boom-cylinders","8":"product_tag-hydraulic-cylinders","10":"first","11":"instock","12":"shipping-taxable","13":"product-type-simple"},"amp_enabled":true,"_links":{"self":[{"href":"https:\/\/www.hydraulic-cylinders.net\/ro\/wp-json\/wp\/v2\/product\/19455","targetHints":{"allow":["GET"]}}],"collection":[{"href":"https:\/\/www.hydraulic-cylinders.net\/ro\/wp-json\/wp\/v2\/product"}],"about":[{"href":"https:\/\/www.hydraulic-cylinders.net\/ro\/wp-json\/wp\/v2\/types\/product"}],"replies":[{"embeddable":true,"href":"https:\/\/www.hydraulic-cylinders.net\/ro\/wp-json\/wp\/v2\/comments?post=19455"}],"wp:featuredmedia":[{"embeddable":true,"href":"https:\/\/www.hydraulic-cylinders.net\/ro\/wp-json\/wp\/v2\/media\/17869"}],"wp:attachment":[{"href":"https:\/\/www.hydraulic-cylinders.net\/ro\/wp-json\/wp\/v2\/media?parent=19455"}],"wp:term":[{"taxonomy":"product_brand","embeddable":true,"href":"https:\/\/www.hydraulic-cylinders.net\/ro\/wp-json\/wp\/v2\/product_brand?post=19455"},{"taxonomy":"product_cat","embeddable":true,"href":"https:\/\/www.hydraulic-cylinders.net\/ro\/wp-json\/wp\/v2\/product_cat?post=19455"},{"taxonomy":"product_tag","embeddable":true,"href":"https:\/\/www.hydraulic-cylinders.net\/ro\/wp-json\/wp\/v2\/product_tag?post=19455"}],"curies":[{"name":"wp","href":"https:\/\/api.w.org\/{rel}","templated":true}]}}