{"id":19462,"date":"2025-04-07T06:48:53","date_gmt":"2025-04-07T06:48:53","guid":{"rendered":"https:\/\/www.hydraulic-cylinders.net\/product\/boom-cylinder-for-world-small-excavator-w2150-8\/"},"modified":"2025-04-07T06:48:55","modified_gmt":"2025-04-07T06:48:55","slug":"boom-cylinder-for-world-small-excavator-w2150-8","status":"publish","type":"product","link":"https:\/\/www.hydraulic-cylinders.net\/ro\/produs\/boom-cylinder-for-world-small-excavator-w2150-8\/","title":{"rendered":"Cilindru de bra\u021b pentru excavatorul mic mondial W2150-8"},"content":{"rendered":"<h1>Cilindru de bra\u021b pentru excavatorul mic mondial W2150-8<\/h1>\n<h2>Defini\u021bia cilindrului bra\u021bului<\/h2>\n<p>Cilindrul bra\u021bului este o component\u0103 hidraulic\u0103 vital\u0103, special conceput\u0103 pentru a gestiona mi\u0219carea cupelor \u00een utilaje grele, cum ar fi excavatoarele, \u00eenc\u0103rc\u0103toarele cu excavator \u0219i \u00eenc\u0103rc\u0103toarele frontale. Acest cilindru hidraulic permite ridicarea, cobor\u00e2rea \u0219i \u00eenclinarea cupei, facilit\u00e2nd sarcini eficiente de manipulare a materialelor. Acesta joac\u0103 un rol crucial \u00een sistemele hidraulice prin transformarea energiei hidraulice \u00een for\u021b\u0103 mecanic\u0103, permi\u021b\u00e2nd operatorilor s\u0103 efectueze diverse sarcini cu precizie \u0219i control. Cilindrul bra\u021bului este proiectat s\u0103 reziste la presiuni ridicate, asigur\u00e2nd performan\u021be fiabile \u00een medii solicitante.<\/p>\n<p><img decoding=\"async\" src=\"https:\/\/www.hydraulic-cylinders.net\/wp-content\/uploads\/2025\/04\/songte-company-1.webp\" alt=\"Cilindru hidraulic\"><\/p>\n<h2>Caracteristicile cilindrului bra\u021bului<\/h2>\n<ul>\n<li><strong>Rezisten\u021b\u0103 \u0219i durabilitate ridicate:<\/strong> Construite din o\u021bel sau aluminiu de \u00eenalt\u0103 rezisten\u021b\u0103 pentru a rezista la presiuni mari \u0219i sarcini grele, concepute pentru rezisten\u021b\u0103 la uzur\u0103 \u0219i protec\u021bie \u00eempotriva coroziunii pentru a \u00eembun\u0103t\u0103\u021bi durata de via\u021b\u0103.<\/li>\n<li><strong>Func\u021bionare hidraulic\u0103 eficient\u0103:<\/strong> Utilizeaz\u0103 presiunea uleiului hidraulic pentru o extensie \u0219i retragere lin\u0103, oferind un r\u0103spuns rapid la comenzile de control \u0219i capacit\u0103\u021bi puternice de \u00eempingere-tragere pentru gestionarea sarcinilor grele \u0219i complexe.<\/li>\n<li><strong>Varietate de tipuri:<\/strong> Disponibile \u00een cilindri cu ac\u021biune simpl\u0103 sau dubl\u0103 pentru a satisface diferite nevoi opera\u021bionale, unele modele sunt telescopice, permi\u021b\u00e2nd o extensie mai mare f\u0103r\u0103 a cre\u0219te dimensiunile exterioare, potrivite pentru aplica\u021bii \u00een spa\u021bii restr\u00e2nse.<\/li>\n<li><strong>Fabrica\u021bie personalizat\u0103:<\/strong> Produsele noastre \u00eenlocuiesc perfect diver\u0219i cilindri hidraulici, asigur\u00e2nd compatibilitate \u0219i performan\u021b\u0103.<\/li>\n<\/ul>\n<p><img decoding=\"async\" src=\"https:\/\/www.hydraulic-cylinders.net\/wp-content\/uploads\/2025\/04\/songte-cylinder-head-with-all-kinds-excavator-models.webp\" alt=\"Modele de excavatoare\"><\/p>\n<h2>Aplica\u021bii ale cilindrului bra\u021bului<\/h2>\n<h3>Echipamente de construc\u021bii<\/h3>\n<p>\u00cen excavatoare, cilindrii bra\u021bului sunt esen\u021biali pentru s\u0103pare, \u00eenc\u0103rcare \u0219i mutarea solului sau a resturilor. Ace\u0219tia permit cupei s\u0103 p\u0103trund\u0103 eficient \u00een sol, permi\u021b\u00e2nd operatorilor s\u0103 efectueze sarcinile de excavare cu eficien\u021b\u0103. \u00cen cazul \u00eenc\u0103rc\u0103toarelor excavatoare, cilindrul bra\u021bului faciliteaz\u0103 at\u00e2t s\u0103parea, c\u00e2t \u0219i ridicarea, fiind indispensabil pentru \u0219antierele de construc\u021bii.<\/p>\n<h3>Ma\u0219ini agricole<\/h3>\n<p>Utiliza\u021bi \u00een \u00eenc\u0103rc\u0103toarele frontale, cilindrii bra\u021bului ajut\u0103 la scobere, ridicare \u0219i transportul solului, f\u00e2nului \u0219i altor materiale. Capacitatea lor de a oferi un control precis \u00eei face ideali pentru gestionarea sarcinilor agricole \u00een care eficien\u021ba \u0219i eficacitatea sunt cruciale.<\/p>\n<h3>Excavatoare<\/h3>\n<p>La excavatoare, cilindrul bra\u021bului permite cupei s\u0103 p\u0103trund\u0103 \u00een p\u0103m\u00e2nt pentru opera\u021biuni de s\u0103pare. Acesta ofer\u0103 for\u021ba \u0219i controlul necesare pentru a manevra cupa prin diverse condi\u021bii de sol, ceea ce o face o component\u0103 cheie \u00een sarcinile de terasament.<\/p>\n<h3>\u00cenc\u0103rc\u0103toare<\/h3>\n<p>La \u00eenc\u0103rc\u0103toarele frontale, cilindrii bra\u021bului contribuie la ridicarea \u0219i desc\u0103rcarea eficient\u0103 a sarcinilor. Designul lor asigur\u0103 c\u0103 operatorii pot manipula materiale grele cu u\u0219urin\u021b\u0103, \u00eembun\u0103t\u0103\u021bind productivitatea general\u0103 pe \u0219antier.<\/p>\n<h2>Considera\u021bii de proiectare \u0219i criterii de selec\u021bie<\/h2>\n<h3>Capacitate de \u00eenc\u0103rcare<\/h3>\n<p>Capacitatea de \u00eenc\u0103rcare a unui cilindru al bra\u021bului este un factor critic. Aceasta trebuie adaptat\u0103 pentru a suporta greutatea preconizat\u0103 \u00een timpul func\u021bion\u0103rii. Supra\u00eenc\u0103rcarea poate duce la defectarea cilindrului, fiind esen\u021bial\u0103 evaluarea cu precizie a cerin\u021belor opera\u021bionale pentru a alege un cilindru care s\u0103 \u00eendeplineasc\u0103 sau chiar s\u0103 dep\u0103\u0219easc\u0103 aceste nevoi.<\/p>\n<h3>Sigilare<\/h3>\n<p>Etan\u0219area eficient\u0103 este vital\u0103 pentru men\u021binerea presiunii hidraulice \u0219i prevenirea scurgerilor de fluid. Materialele avansate de etan\u0219are, cum ar fi poliuretanul \u0219i cauciucul nitrilic, sunt adesea utilizate pentru a \u00eembun\u0103t\u0103\u021bi durabilitatea \u0219i performan\u021ba \u00een condi\u021bii de presiune ridicat\u0103, asigur\u00e2nd o durat\u0103 de via\u021b\u0103 mai lung\u0103 a cilindrului.<\/p>\n<h3>Durabilitate<\/h3>\n<p>Durabilitatea este o considera\u021bie cheie \u00een proiectarea cilindrilor bra\u021bului. Ace\u0219tia ar trebui s\u0103 fie construi\u021bi din materiale robuste pentru a rezista la medii de lucru dure. \u00centre\u021binerea regulat\u0103 \u0219i procesele de fabrica\u021bie de calitate contribuie semnificativ la longevitatea cilindrilor.<\/p>\n<h3>Siguran\u0163\u0103<\/h3>\n<p>Caracteristicile de siguran\u021b\u0103 trebuie integrate \u00een proiectarea cilindrilor bra\u021bului pentru a preveni accidentele \u0219i a proteja operatorii. Acestea includ mecanisme de eliberare a presiunii \u0219i bloc\u0103ri de siguran\u021b\u0103 care asigur\u0103 func\u021bionarea cilindrului \u00een limite de siguran\u021b\u0103, reduc\u00e2nd riscurile \u00een timpul func\u021bion\u0103rii.<\/p>\n<h3>Mentenabilitate<\/h3>\n<p>U\u0219urin\u021ba \u00eentre\u021binerii este un alt factor critic atunci c\u00e2nd se alege un cilindru pentru bra\u021b. Designul ar trebui s\u0103 permit\u0103 accesul facil la componente pentru inspec\u021bie \u0219i service. Acest lucru reduce timpul de nefunc\u021bionare \u0219i men\u021bine echipamentul func\u021bional.<\/p>\n<p><img decoding=\"async\" src=\"https:\/\/www.hydraulic-cylinders.net\/wp-content\/uploads\/2025\/04\/songte-oil-pipes-and-spare-parts.webp\" alt=\"Piese hidraulice\"><\/p>\n<h2>Etan\u0219area \u0219i lubrifierea cilindrului hidraulic<\/h2>\n<p>Etan\u0219area \u0219i lubrifierea corespunz\u0103toare sunt esen\u021biale pentru performan\u021ba optim\u0103 a cilindrilor bra\u021bului. Diverse componente de etan\u0219are, cum ar fi etan\u0219\u0103rile pistonului \u0219i etan\u0219\u0103rile tijei, sunt utilizate pentru a men\u021bine presiunea hidraulic\u0103 \u0219i a preveni scurgerile. Aceste etan\u0219\u0103ri sunt adesea fabricate din materiale durabile, cum ar fi poliuretanul \u0219i cauciucul nitrilic, pentru a rezista la uzur\u0103.<\/p>\n<p>Corpul cilindrului \u0219i suprafe\u021bele filetate ale cap\u0103tului sunt supuse unei prelucr\u0103ri precise pentru a spori rezisten\u021ba la uzur\u0103, iar \u00eentre\u021binerea regulat\u0103 implic\u0103 lubrifierea la timp cu ulei hidraulic pentru a asigura o func\u021bionare f\u0103r\u0103 probleme. Este esen\u021bial s\u0103 se monitorizeze nivelurile de lubrifiere \u0219i s\u0103 se aplice \u00een mod regulat cantitatea adecvat\u0103 de ulei hidraulic pentru a men\u021bine sistemul func\u021bional eficient.<\/p>\n<h2>Inspec\u021bie regulat\u0103 \u0219i m\u0103suri de \u00eentre\u021binere preventiv\u0103<\/h2>\n<ul>\n<li><strong>Inspec\u021bii regulate:<\/strong> Efectua\u021bi inspec\u021bii vizuale \u00een mod regulat pentru a verifica dac\u0103 exist\u0103 scurgeri, uzur\u0103 sau deteriorare. Acest lucru ajut\u0103 la identificarea timpurie a problemelor poten\u021biale care ar putea duce la defectarea cilindrului.<\/li>\n<li><strong>Lubrifiere adecvat\u0103:<\/strong> Asigura\u021bi-v\u0103 c\u0103 cilindrul este lubrifiat corespunz\u0103tor \u00een permanen\u021b\u0103 pentru a reduce frecarea \u0219i a preveni uzura prematur\u0103. Folosi\u021bi ulei hidraulic de \u00eenalt\u0103 calitate \u0219i respecta\u021bi recomand\u0103rile produc\u0103torului privind intervalele de lubrifiere.<\/li>\n<li><strong>\u00cenlocuirea garniturii:<\/strong> Monitoriza\u021bi starea garniturilor \u0219i \u00eenlocui\u021bi-le dup\u0103 cum este necesar pentru a men\u021bine presiunea \u0219i a preveni scurgerile. Verifica\u021bi periodic pentru semne de deteriorare sau deteriorare.<\/li>\n<\/ul>\n<h2>Instruc\u021biuni de instalare pentru cilindrul bra\u021bului<\/h2>\n<p>La instalarea unui cilindru al bra\u021bului, este esen\u021bial s\u0103 asigura\u021bi o aliniere corect\u0103 pentru a preveni stresul excesiv \u0219i poten\u021bialele defec\u021biuni. \u00cencepe\u021bi prin a fixa cilindrul \u00een pozi\u021bie folosind console \u0219i suporturi de montare adecvate. Nealinierea poate duce la uzur\u0103 neuniform\u0103 \u0219i poate afecta performan\u021ba cilindrului.<\/p>\n<p>Urma\u021bi cu aten\u021bie instruc\u021biunile de instalare ale produc\u0103torului, asigur\u00e2ndu-v\u0103 c\u0103 toate conexiunile hidraulice sunt str\u00e2nse \u0219i f\u0103r\u0103 scurgeri. Dup\u0103 instalare, efectua\u021bi o inspec\u021bie am\u0103nun\u021bit\u0103 pentru a confirma c\u0103 totul este configurat corect. Testa\u021bi func\u021bionarea cilindrului bra\u021bului \u00een condi\u021bii controlate \u00eenainte de desf\u0103\u0219urarea complet\u0103 pentru a asigura func\u021bionalitatea.<\/p>\n<h2>Sarcini comune de \u00eentre\u021binere<\/h2>\n<h3>Inspec\u021bii regulate<\/h3>\n<p>Inspec\u021biile regulate sunt vitale pentru identificarea poten\u021bialelor probleme \u00eenainte ca acestea s\u0103 se agraveze. Verificarea deterior\u0103rii sau uzurii vizibile poate ajuta la men\u021binerea func\u021bionalit\u0103\u021bii \u0219i la prevenirea timpilor de nefunc\u021bionare.<\/p>\n<h3>Lubrifiere adecvat\u0103<\/h3>\n<p>Lubrifierea regulat\u0103 este crucial\u0103 pentru longevitatea \u0219i performan\u021ba cilindrului bra\u021bului. Lubrifierea inadecvat\u0103 poate duce la cre\u0219terea frec\u0103rii \u0219i a uzurii, rezult\u00e2nd defec\u021biuni premature.<\/p>\n<h3>\u00cenlocuirea garniturii<\/h3>\n<p>\u00cenlocuirea garniturilor la primul semn de uzur\u0103 poate preveni scurgerile \u0219i poate men\u021bine presiunea hidraulic\u0103. \u00cenlocuirile regulate ale garniturilor, ca parte a rutinelor de \u00eentre\u021binere, sunt esen\u021biale pentru a asigura performan\u021be optime.<\/p>\n<h2>Considera\u021bii de siguran\u021b\u0103 \u0219i factori de mediu<\/h2>\n<p>M\u0103surile de siguran\u021b\u0103 sunt primordiale atunci c\u00e2nd se utilizeaz\u0103 cilindri hidraulici. Operatorii trebuie s\u0103 fie instrui\u021bi s\u0103 recunoasc\u0103 poten\u021bialele pericole asociate cu sistemele hidraulice, inclusiv riscurile de presiune \u00eenalt\u0103 \u0219i scurgeri de fluide. Implementarea protocoalelor de siguran\u021b\u0103 poate reduce la minimum accidentele la locul de munc\u0103 \u0219i poate asigura un mediu de lucru sigur.<\/p>\n<h2>Diagnosticarea defec\u021biunilor \u0219i probleme frecvente<\/h2>\n<ul>\n<li><strong>Scurgere:<\/strong> O problem\u0103 frecvent\u0103 care poate ap\u0103rea din cauza garniturilor uzate sau a instal\u0103rii necorespunz\u0103toare. Trebuie efectuate verific\u0103ri regulate pentru a detecta din timp scurgerile.<\/li>\n<li><strong>Performan\u021b\u0103 redus\u0103:<\/strong> Dac\u0103 cilindrul bra\u021bului nu func\u021bioneaz\u0103 conform a\u0219tept\u0103rilor, acest lucru poate indica o pierdere de fluid hidraulic sau o contaminare. Trebuie efectuate inspec\u021bii am\u0103nun\u021bite pentru a diagnostica cauza principal\u0103.<\/li>\n<li><strong>Zgomot \u00een timpul func\u021bion\u0103rii:<\/strong> Zgomotele neobi\u0219nuite pot semnala uzur\u0103 intern\u0103 sau niveluri sc\u0103zute de lichid. Rezolvarea prompt\u0103 a acestor probleme poate preveni daune suplimentare.<\/li>\n<\/ul>\n<h2>Sfaturi de depanare<\/h2>\n<p>Pentru a diagnostica \u0219i rezolva eficient problemele, operatorii ar trebui s\u0103 \u00eenceap\u0103 cu o inspec\u021bie vizual\u0103 pentru a identifica orice semne vizibile de deteriorare sau uzur\u0103. Verificarea nivelurilor \u0219i calit\u0103\u021bii fluidelor poate oferi, de asemenea, informa\u021bii despre problemele de performan\u021b\u0103. P\u0103strarea unui jurnal al activit\u0103\u021bilor de \u00eentre\u021binere \u0219i al problemelor poate ajuta la recunoa\u0219terea tiparelor \u0219i la abordarea problemelor recurente.<\/p>\n<p><img decoding=\"async\" src=\"https:\/\/www.hydraulic-cylinders.net\/wp-content\/uploads\/2025\/04\/songte-bushings-with-all-kinds-of-excavator-models.webp\" alt=\"Buc\u0219e pentru excavator\"><\/p>\n<h2>Despre compania noastr\u0103<\/h2>\n<p>Suntem un produc\u0103tor important de cilindri hidraulici de schimb, oferind o gam\u0103 complet\u0103 de produse \u0219i devenind un juc\u0103tor cheie at\u00e2t pe pie\u021bele interne, c\u00e2t \u0219i pe cele interna\u021bionale. Angajamentul nostru fa\u021b\u0103 de excelen\u021b\u0103 se reflect\u0103 \u00een strategiile noastre de fabrica\u021bie rafinate, utiliz\u00e2nd tehnologie avansat\u0103, personal calificat \u0219i un sistem robust de control al calit\u0103\u021bii. Ne concentr\u0103m pe eficien\u021b\u0103 ridicat\u0103, precizie \u0219i calitate pentru a satisface nevoile diverse ale clien\u021bilor.<\/p>\n<p>Expertiza noastr\u0103 se extinde la furnizarea de servicii personalizate, respectarea certific\u0103rilor interna\u021bionale \u0219i oferirea de asisten\u021b\u0103 post-v\u00e2nzare excep\u021bional\u0103, asigur\u00e2ndu-ne c\u0103 clien\u021bii no\u0219tri primesc produse de \u00eenalt\u0103 calitate, adaptate aplica\u021biilor lor specifice.<\/p>\n<p><img decoding=\"async\" src=\"https:\/\/www.hydraulic-cylinders.net\/wp-content\/uploads\/2025\/04\/songte-company-4.webp\" alt=\"Prezentare general\u0103 a companiei\"><br \/>\n<img decoding=\"async\" src=\"https:\/\/www.hydraulic-cylinders.net\/wp-content\/uploads\/2025\/04\/songte-company-3.webp\" alt=\"Procesul de fabrica\u021bie\"><\/p>\n<p>Autor: lyl<\/p>","protected":false},"excerpt":{"rendered":"<p>Boom Cylinder For World Small Excavator W2150-8 Definition of Boom Cylinder The Boom Cylinder is a vital hydraulic component specifically designed to manage the movement of buckets in heavy machinery such as excavators, backhoe loaders, and front loaders. This hydraulic cylinder allows the bucket to lift, lower, and tilt, facilitating efficient material handling tasks. It [&hellip;]<\/p>","protected":false},"featured_media":17876,"comment_status":"open","ping_status":"closed","template":"","meta":{"_et_pb_use_builder":"","_et_pb_old_content":"","_et_gb_content_width":""},"product_brand":[],"product_cat":[1546],"product_tag":[1547,1496],"class_list":{"0":"post-19462","1":"product","2":"type-product","3":"status-publish","4":"has-post-thumbnail","6":"product_cat-boom-cylinders","7":"product_tag-boom-cylinders","8":"product_tag-hydraulic-cylinders","10":"first","11":"instock","12":"shipping-taxable","13":"product-type-simple"},"amp_enabled":true,"_links":{"self":[{"href":"https:\/\/www.hydraulic-cylinders.net\/ro\/wp-json\/wp\/v2\/product\/19462","targetHints":{"allow":["GET"]}}],"collection":[{"href":"https:\/\/www.hydraulic-cylinders.net\/ro\/wp-json\/wp\/v2\/product"}],"about":[{"href":"https:\/\/www.hydraulic-cylinders.net\/ro\/wp-json\/wp\/v2\/types\/product"}],"replies":[{"embeddable":true,"href":"https:\/\/www.hydraulic-cylinders.net\/ro\/wp-json\/wp\/v2\/comments?post=19462"}],"wp:featuredmedia":[{"embeddable":true,"href":"https:\/\/www.hydraulic-cylinders.net\/ro\/wp-json\/wp\/v2\/media\/17876"}],"wp:attachment":[{"href":"https:\/\/www.hydraulic-cylinders.net\/ro\/wp-json\/wp\/v2\/media?parent=19462"}],"wp:term":[{"taxonomy":"product_brand","embeddable":true,"href":"https:\/\/www.hydraulic-cylinders.net\/ro\/wp-json\/wp\/v2\/product_brand?post=19462"},{"taxonomy":"product_cat","embeddable":true,"href":"https:\/\/www.hydraulic-cylinders.net\/ro\/wp-json\/wp\/v2\/product_cat?post=19462"},{"taxonomy":"product_tag","embeddable":true,"href":"https:\/\/www.hydraulic-cylinders.net\/ro\/wp-json\/wp\/v2\/product_tag?post=19462"}],"curies":[{"name":"wp","href":"https:\/\/api.w.org\/{rel}","templated":true}]}}