{"id":19464,"date":"2025-04-07T06:48:59","date_gmt":"2025-04-07T06:48:59","guid":{"rendered":"https:\/\/www.hydraulic-cylinders.net\/product\/boom-cylinder-for-world-middle-excavator-w2225lc-8\/"},"modified":"2025-04-07T06:49:02","modified_gmt":"2025-04-07T06:49:02","slug":"boom-cylinder-for-world-middle-excavator-w2225lc-8","status":"publish","type":"product","link":"https:\/\/www.hydraulic-cylinders.net\/ro\/produs\/boom-cylinder-for-world-middle-excavator-w2225lc-8\/","title":{"rendered":"Cilindru de bra\u021b pentru excavatorul World Middle W2225LC-8"},"content":{"rendered":"<h1>Cilindru de bra\u021b pentru excavatorul World Middle W2225LC-8<\/h1>\n<h2>Prezentare general\u0103 a cilindrului bra\u021bului<\/h2>\n<p>Cilindrul bra\u021bului, conceput special pentru utilaje grele, cum ar fi excavatoarele, joac\u0103 un rol esen\u021bial \u00een sistemele hidraulice. Acest tip de cilindru hidraulic este esen\u021bial pentru controlul mi\u0219c\u0103rii cupei la excavatoare, \u00eenc\u0103rc\u0103toare frontale \u0219i \u00eenc\u0103rc\u0103toare excavatoare. Cilindrul hidraulic permite ridicarea, cobor\u00e2rea \u0219i \u00eenclinarea cupei, facilit\u00e2nd gestionarea eficient\u0103 a sarcinilor de transport al materialelor.<\/p>\n<p><img decoding=\"async\" src=\"https:\/\/www.hydraulic-cylinders.net\/wp-content\/uploads\/2025\/04\/songte-company-1.webp\" alt=\"Cilindru de bra\u021b\"><\/p>\n<h3>Func\u021bia \u0219i aplicarea cilindrilor cu cup\u0103<\/h3>\n<p>Cilindrii cupei sunt cilindri hidraulici special proiecta\u021bi pentru a ac\u021biona utilaje grele. Ace\u0219tia sunt vitali \u00een procesul de excavare, permi\u021b\u00e2nd operatorilor s\u0103 sape \u0219i s\u0103 mute p\u0103m\u00e2ntul \u0219i molozul eficient. Func\u021bionalitatea acestor cilindri asigur\u0103 c\u0103 echipamentul poate efectua o varietate de sarcini, de la s\u0103pare la ridicare, toate acestea fiind cruciale pentru proiectele de construc\u021bii \u0219i excavare.<\/p>\n<h2>Caracteristicile cilindrului bra\u021bului<\/h2>\n<ul>\n<li><strong>Rezisten\u021b\u0103 \u0219i durabilitate ridicate:<\/strong> De obicei fabricate din o\u021bel sau aluminiu de \u00eenalt\u0103 rezisten\u021b\u0103, aceste cilindri pot rezista la presiuni ridicate \u0219i sarcini grele, ceea ce le face potrivite pentru medii de lucru dure.<\/li>\n<li><strong>Func\u021bionare hidraulic\u0103 eficient\u0103:<\/strong> Utiliz\u00e2nd presiunea uleiului hidraulic pentru o extindere \u0219i retragere lin\u0103, acestea r\u0103spund rapid la comenzile operatorului, oferind capacit\u0103\u021bi puternice de \u00eempingere \u0219i tragere.<\/li>\n<li><strong>Diverse tipuri:<\/strong> Disponibile \u00een cilindri cu ac\u021biune simpl\u0103 (func\u021bioneaz\u0103 \u00eentr-o singur\u0103 direc\u021bie) sau cu ac\u021biune dubl\u0103 (func\u021bioneaz\u0103 \u00een ambele direc\u021bii) pentru a satisface diferite nevoi opera\u021bionale; unele modele sunt telescopice, permi\u021b\u00e2nd o extensie mai mare f\u0103r\u0103 a cre\u0219te dimensiunile exterioare.<\/li>\n<li><strong>Op\u021biuni personalizabile:<\/strong> Sunt disponibile solu\u021bii personalizate pentru utilaje \u0219i aplica\u021bii specifice, asigur\u00e2nd performan\u021be optime \u00een diverse scenarii.<\/li>\n<li><strong>Design u\u0219or de \u00eentre\u021binut:<\/strong> Conceput pentru o \u00eentre\u021binere u\u0219oar\u0103, permi\u021b\u00e2nd operatorilor s\u0103 efectueze verific\u0103ri \u0219i repara\u021bii regulate f\u0103r\u0103 perioade lungi de nefunc\u021bionare.<\/li>\n<\/ul>\n<p>Producem acest produs, iar cilindrii no\u0219tri pot \u00eenlocui perfect cilindrii hidraulici existen\u021bi pe pia\u021b\u0103.<\/p>\n<p><img decoding=\"async\" src=\"https:\/\/www.hydraulic-cylinders.net\/wp-content\/uploads\/2025\/04\/songte-cylinder-head-with-all-kinds-excavator-models.webp\" alt=\"Modele de excavatoare\"><\/p>\n<h2>Aplica\u021bii ale cilindrilor bra\u021bului<\/h2>\n<h3>Echipamente de construc\u021bii<\/h3>\n<p>\u00cen echipamentele de construc\u021bii, precum excavatoarele, cilindrii bra\u021bului sunt esen\u021biali pentru s\u0103pare, \u00eenc\u0103rcare \u0219i mutarea solului sau a resturilor. Puterea hidraulic\u0103 permite operatorului s\u0103 controleze ad\u00e2ncimea \u0219i unghiul cupei, asigur\u00e2nd precizia \u00een sarcinile de excavare.<\/p>\n<h3>Ma\u0219ini agricole<\/h3>\n<p>\u00cenc\u0103rc\u0103toarele frontale utilizeaz\u0103 frecvent cilindri ai bra\u021bului pentru a scoate, ridica \u0219i transporta sol, f\u00e2n \u0219i alte materiale. Eficien\u021ba acestor cilindri are un impact direct asupra productivit\u0103\u021bii opera\u021biunilor agricole, ceea ce \u00eei face nepre\u021bui\u021bi \u00een tehnicile agricole moderne.<\/p>\n<h3>Excavatoare<\/h3>\n<p>La excavatoare, cilindrii bra\u021bului faciliteaz\u0103 mi\u0219carea de s\u0103pare permi\u021b\u00e2nd cupei s\u0103 p\u0103trund\u0103 \u00een sol. Aceast\u0103 func\u021bie este esen\u021bial\u0103 pentru o excavare eficient\u0103, asigur\u00e2nd c\u0103 utilajul \u00ee\u0219i poate \u00eendeplini sarcinile eficient, f\u0103r\u0103 a solicita excesiv sistemul hidraulic.<\/p>\n<h3>\u00cenc\u0103rc\u0103toare<\/h3>\n<p>La \u00eenc\u0103rc\u0103toarele frontale, cilindrii bra\u021bului ajut\u0103 la ridicarea \u0219i desc\u0103rcarea eficient\u0103 a \u00eenc\u0103rc\u0103turilor. Designul lor permite o tranzi\u021bie f\u0103r\u0103 probleme \u00eentre \u00eenc\u0103rcare \u0219i desc\u0103rcare, optimiz\u00e2nd fluxul de lucru pe \u0219antierele de construc\u021bii \u0219i \u00een alte medii de manipulare a materialelor.<\/p>\n<h2>Considera\u021bii de proiectare \u0219i criterii de selec\u021bie<\/h2>\n<ul>\n<li><strong>Capacitate de \u00eenc\u0103rcare:<\/strong> Proiectul trebuie s\u0103 suporte sarcina maxim\u0103 a\u0219teptat\u0103 f\u0103r\u0103 defec\u021biuni, asigur\u00e2ndu-se c\u0103 cilindrul poate func\u021biona sub presiune \u0219i \u00ee\u0219i poate men\u021bine integritatea structural\u0103 \u00een timp.<\/li>\n<li><strong>Etan\u0219are:<\/strong> Etan\u0219area eficient\u0103 este esen\u021bial\u0103 pentru a preveni scurgerile de fluid hidraulic, care pot duce la o eficien\u021b\u0103 redus\u0103 \u0219i la poten\u021biale defec\u021biuni ale sistemului. Etan\u0219\u0103rile adecvate asigur\u0103, de asemenea, c\u0103 contaminan\u021bii nu p\u0103trund \u00een sistemul hidraulic, prelungind durata de via\u021b\u0103 a cilindrului.<\/li>\n<li><strong>Durabilitate:<\/strong> Materialele trebuie selectate pentru rezisten\u021ba lor la uzur\u0103, asigur\u00e2ndu-se c\u0103 cilindrul poate face fa\u021b\u0103 rigorilor aplica\u021biilor grele. Aceasta include rezisten\u021ba la coroziune \u0219i abraziune, care pot avea un impact semnificativ asupra performan\u021bei.<\/li>\n<li><strong>Siguran\u0163\u0103:<\/strong> Proiectarea trebuie s\u0103 includ\u0103 elemente de siguran\u021b\u0103 pentru a preveni accidentele \u00een timpul func\u021bion\u0103rii. Acestea includ supape de suprapresiune \u0219i mecanisme de oprire de urgen\u021b\u0103 pentru a proteja operatorii \u0219i utilajele.<\/li>\n<li><strong>Mentenabilitate:<\/strong> Proiectarea ar trebui s\u0103 faciliteze accesul facil pentru \u00eentre\u021binere \u0219i repara\u021bii. Aceast\u0103 considera\u021bie ajut\u0103 la minimizarea timpilor de nefunc\u021bionare \u0219i asigur\u0103 c\u0103 sistemele hidraulice r\u0103m\u00e2n \u00een stare optim\u0103 de func\u021bionare.<\/li>\n<\/ul>\n<p><img decoding=\"async\" src=\"https:\/\/www.hydraulic-cylinders.net\/wp-content\/uploads\/2025\/04\/songte-oil-pipes-and-spare-parts.webp\" alt=\"Conducte de petrol \u0219i piese de schimb\"><\/p>\n<h2>Etan\u0219area \u0219i lubrifierea cilindrului bra\u021bului<\/h2>\n<p>Etan\u0219area \u0219i lubrifierea corespunz\u0103toare sunt cruciale pentru func\u021bionarea eficient\u0103 a cilindrilor bra\u021bului. Diverse componente de etan\u0219are, inclusiv etan\u0219\u0103rile pistonului \u0219i etan\u0219\u0103rile tijei, sunt utilizate pentru a asigura c\u0103 fluidul hidraulic r\u0103m\u00e2ne con\u021binut \u00een sistem. Etan\u0219\u0103rile pot fi fabricate din materiale precum poliuretanul \u0219i cauciucul nitrilic pentru a oferi durabilitate \u0219i rezisten\u021b\u0103 la uzur\u0103.<\/p>\n<p>Corpul cilindrului \u0219i suprafe\u021bele filetate ale cap\u0103tului trebuie prelucrate fin pentru a spori rezisten\u021ba la uzur\u0103. De asemenea, este esen\u021bial\u0103 o lubrifiere regulat\u0103, necesit\u00e2nd ca operatorii s\u0103 adauge periodic cantitatea corespunz\u0103toare de ulei hidraulic pentru a facilita o func\u021bionare lin\u0103 \u0219i a preveni uzura pieselor mobile.<\/p>\n<h2>M\u0103suri de \u00eentre\u021binere preventiv\u0103<\/h2>\n<ul>\n<li><strong>Inspec\u021bii regulate:<\/strong> Efectua\u021bi inspec\u021bii am\u0103nun\u021bite ale cilindrului bra\u021bului pentru a identifica orice semne de uzur\u0103, scurgeri sau deteriorare. Verific\u0103rile regulate ajut\u0103 la identificarea problemelor \u00eenainte ca acestea s\u0103 degenereze \u00een repara\u021bii costisitoare.<\/li>\n<li><strong>Lubrifiere adecvat\u0103:<\/strong> Asigura\u021bi-v\u0103 c\u0103 sistemul hidraulic este lubrifiat corespunz\u0103tor. Trebuie utilizat tipul \u0219i cantitatea corect\u0103 de ulei hidraulic pentru a men\u021bine performan\u021be optime \u0219i a preveni supra\u00eenc\u0103lzirea.<\/li>\n<li><strong>\u00cenlocuirea garniturii:<\/strong> Verifica\u021bi periodic garniturile pentru uzur\u0103 sau deteriorare \u0219i \u00eenlocui\u021bi-le dup\u0103 cum este necesar. Men\u021binerea etan\u0219\u0103rilor eficiente este vital\u0103 pentru a preveni scurgerile de fluid hidraulic \u0219i pentru a asigura o func\u021bionare eficient\u0103.<\/li>\n<\/ul>\n<h2>Instruc\u021biuni de instalare pentru cilindrul bra\u021bului<\/h2>\n<p>Instalarea corect\u0103 a cilindrului bra\u021bului este esen\u021bial\u0103 pentru o performan\u021b\u0103 optim\u0103. \u00cencepe\u021bi prin a v\u0103 asigura c\u0103 zona de instalare este curat\u0103 \u0219i lipsit\u0103 de resturi. Alinia\u021bi cilindrul corect pentru a evita stresul asupra suporturilor \u0219i a asigura o func\u021bionare lin\u0103.<\/p>\n<p>Utiliza\u021bi console de montare adecvate pentru a fixa cilindrul \u00een pozi\u021bie. Aceste console trebuie s\u0103 fie suficient de rezistente pentru a rezista la solicit\u0103rile opera\u021bionale f\u0103r\u0103 a se \u00eendoi sau rupe. Dup\u0103 instalare, verifica\u021bi alinierea \u0219i func\u021bionalitatea \u00eenainte de a pune echipamentul \u00een func\u021biune. Monitoriza\u021bi periodic performan\u021ba cilindrului dup\u0103 instalare pentru a asigura longevitatea \u0219i fiabilitatea.<\/p>\n<h2>Sarcini comune de \u00eentre\u021binere<\/h2>\n<ul>\n<li><strong>Verific\u0103ri regulate:<\/strong> Efectuarea unor verific\u0103ri de rutin\u0103 ale cilindrului bra\u021bului este esen\u021bial\u0103. Aceasta include inspec\u021bia pentru scurgeri, evaluarea st\u0103rii garniturilor de etan\u0219are \u0219i asigurarea func\u021bion\u0103rii corecte a tuturor componentelor.<\/li>\n<li><strong>Lubrifiere adecvat\u0103:<\/strong> Lubrifierea adecvat\u0103 este necesar\u0103 pentru men\u021binerea performan\u021bei cilindrului. Operatorii trebuie s\u0103 se asigure c\u0103 nivelurile de ulei hidraulic sunt suficiente \u0219i c\u0103 se utilizeaz\u0103 tipul corect de ulei pentru lubrifiere.<\/li>\n<li><strong>\u00cenlocuirea \u0219i calibrarea garniturii:<\/strong> \u00cenlocuirea regulat\u0103 a garniturilor uzate \u0219i asigurarea calibr\u0103rii corecte a sistemului hidraulic sunt vitale pentru a preveni defec\u021biunile opera\u021bionale. Calibrarea asigur\u0103 func\u021bionarea sistemului \u00een parametrii specifica\u021bi, sporind eficien\u021ba \u0219i siguran\u021ba.<\/li>\n<\/ul>\n<p><img decoding=\"async\" src=\"https:\/\/www.hydraulic-cylinders.net\/wp-content\/uploads\/2025\/04\/songte-chushion-collar.webp\" alt=\"Guler de pern\u0103\"><\/p>\n<h2>Considera\u021bii de siguran\u021b\u0103 \u0219i factori de mediu<\/h2>\n<p>Atunci c\u00e2nd se utilizeaz\u0103 cilindri ai bra\u021bului, implementarea m\u0103surilor de siguran\u021b\u0103 este esen\u021bial\u0103. Operatorii trebuie instrui\u021bi s\u0103 recunoasc\u0103 pericolele poten\u021biale \u0219i s\u0103 urmeze protocoalele de siguran\u021b\u0103 pentru a minimiza riscurile. Echipamentele trebuie inspectate periodic pentru a asigura condi\u021bii de lucru sigure. \u00cen plus, trebuie luate \u00een considerare aspectele legate de mediu, cum ar fi prevenirea scurgerilor de fluid hidraulic care ar putea d\u0103una zonei \u00eenconjur\u0103toare.<\/p>\n<h2>Diagnosticarea defec\u021biunilor \u0219i probleme frecvente<\/h2>\n<ul>\n<li><strong>Scurgere:<\/strong> Scurgerile de fluid hidraulic pot ap\u0103rea din cauza garniturilor uzate sau a furtunurilor deteriorate. Inspec\u021bia regulat\u0103 este necesar\u0103 pentru a identifica din timp scurgerile.<\/li>\n<li><strong>Pierdere de putere:<\/strong> O sc\u0103dere a puterii hidraulice poate indica niveluri sc\u0103zute de lichid sau blocaje \u00een sistemul hidraulic. Verificarea nivelurilor de lichid \u0219i a conductelor poate ajuta la rezolvarea acestei probleme.<\/li>\n<li><strong>Mi\u0219care inconsistent\u0103:<\/strong> Dac\u0103 cilindrul bra\u021bului nu se extinde sau nu se retrage lin, acest lucru se poate datora unei lubrifieri insuficiente sau unor deterior\u0103ri interne. Depanarea \u0219i \u00eentre\u021binerea sunt esen\u021biale pentru a remedia aceast\u0103 problem\u0103.<\/li>\n<\/ul>\n<p>Pentru a diagnostica \u0219i rezolva eficient problemele, operatorii ar trebui s\u0103 men\u021bin\u0103 o list\u0103 de verificare a depan\u0103rii. Aceast\u0103 list\u0103 de verificare ar trebui s\u0103 includ\u0103 pa\u0219i pentru identificarea simptomelor, evaluarea cauzelor poten\u021biale \u0219i implementarea ac\u021biunilor corective. M\u0103surile preventive, cum ar fi \u00eentre\u021binerea regulat\u0103 \u0219i monitorizarea atent\u0103, pot reduce semnificativ probabilitatea apari\u021biei problemelor.<\/p>\n<p><img decoding=\"async\" src=\"https:\/\/www.hydraulic-cylinders.net\/wp-content\/uploads\/2025\/04\/songte-bushings-with-all-kinds-of-excavator-models.webp\" alt=\"Buc\u0219e pentru modele de excavatoare\"><\/p>\n<h2>Prezentare general\u0103 a companiei<\/h2>\n<p>Suntem un produc\u0103tor important de cilindri hidraulici de schimb, oferind o gam\u0103 complet\u0103 de produse care deservesc at\u00e2t pie\u021bele interne, c\u00e2t \u0219i cele interna\u021bionale. Angajamentul nostru fa\u021b\u0103 de excelen\u021ba \u00een calitate este sus\u021binut de o strategie sofisticat\u0103 de management al produc\u021biei \u0219i de o integrare tehnologic\u0103 avansat\u0103.<\/p>\n<p>Ne m\u00e2ndrim cu expertiza noastr\u0103 tehnic\u0103 \u0219i cu investi\u021biile \u00een echipamente digitale de produc\u021bie de ultim\u0103 genera\u021bie, asigur\u00e2ndu-ne c\u0103 produsele noastre \u00eendeplinesc standarde stricte de calitate. Capacit\u0103\u021bile noastre robuste de cercetare \u0219i dezvoltare ne permit s\u0103 inov\u0103m continuu \u0219i oferim solu\u021bii personalizate, adaptate pentru a satisface diversele cerin\u021be ale clien\u021bilor.<\/p>\n<p><img decoding=\"async\" src=\"https:\/\/www.hydraulic-cylinders.net\/wp-content\/uploads\/2025\/04\/songte-company-4.webp\" alt=\"Prezentare general\u0103 a companiei 1\"><br \/>\n<img decoding=\"async\" src=\"https:\/\/www.hydraulic-cylinders.net\/wp-content\/uploads\/2025\/04\/songte-company-3.webp\" alt=\"Prezentare general\u0103 a companiei 2\"><\/p>\n<p>Dedica\u021bia noastr\u0103 de a oferi certific\u0103ri interna\u021bionale, servicii personalizate \u0219i asisten\u021b\u0103 post-v\u00e2nzare excep\u021bional\u0103 ne diferen\u021biaz\u0103 \u00een industria de produc\u021bie a cilindrilor hidraulici. Ne str\u0103duim s\u0103 ob\u021binem eficien\u021b\u0103 ridicat\u0103, precizie \u0219i calitate \u00een toate opera\u021biunile noastre pentru a satisface nevoile variate ale clien\u021bilor no\u0219tri.<\/p>\n<p>Autor: lyl<\/p>","protected":false},"excerpt":{"rendered":"<p>Boom Cylinder For World Middle Excavator W2225LC-8 Overview of the Boom Cylinder The boom cylinder, specifically designed for heavy machinery such as excavators, plays a critical role in hydraulic systems. This type of hydraulic cylinder is essential for controlling the movement of the bucket in excavators, backhoe loaders, and front loaders. The hydraulic cylinder enables [&hellip;]<\/p>","protected":false},"featured_media":17878,"comment_status":"open","ping_status":"closed","template":"","meta":{"_et_pb_use_builder":"","_et_pb_old_content":"","_et_gb_content_width":""},"product_brand":[],"product_cat":[1546],"product_tag":[1547,1496],"class_list":{"0":"post-19464","1":"product","2":"type-product","3":"status-publish","4":"has-post-thumbnail","6":"product_cat-boom-cylinders","7":"product_tag-boom-cylinders","8":"product_tag-hydraulic-cylinders","10":"first","11":"instock","12":"shipping-taxable","13":"product-type-simple"},"amp_enabled":true,"_links":{"self":[{"href":"https:\/\/www.hydraulic-cylinders.net\/ro\/wp-json\/wp\/v2\/product\/19464","targetHints":{"allow":["GET"]}}],"collection":[{"href":"https:\/\/www.hydraulic-cylinders.net\/ro\/wp-json\/wp\/v2\/product"}],"about":[{"href":"https:\/\/www.hydraulic-cylinders.net\/ro\/wp-json\/wp\/v2\/types\/product"}],"replies":[{"embeddable":true,"href":"https:\/\/www.hydraulic-cylinders.net\/ro\/wp-json\/wp\/v2\/comments?post=19464"}],"wp:featuredmedia":[{"embeddable":true,"href":"https:\/\/www.hydraulic-cylinders.net\/ro\/wp-json\/wp\/v2\/media\/17878"}],"wp:attachment":[{"href":"https:\/\/www.hydraulic-cylinders.net\/ro\/wp-json\/wp\/v2\/media?parent=19464"}],"wp:term":[{"taxonomy":"product_brand","embeddable":true,"href":"https:\/\/www.hydraulic-cylinders.net\/ro\/wp-json\/wp\/v2\/product_brand?post=19464"},{"taxonomy":"product_cat","embeddable":true,"href":"https:\/\/www.hydraulic-cylinders.net\/ro\/wp-json\/wp\/v2\/product_cat?post=19464"},{"taxonomy":"product_tag","embeddable":true,"href":"https:\/\/www.hydraulic-cylinders.net\/ro\/wp-json\/wp\/v2\/product_tag?post=19464"}],"curies":[{"name":"wp","href":"https:\/\/api.w.org\/{rel}","templated":true}]}}