{"id":19479,"date":"2025-04-07T06:49:55","date_gmt":"2025-04-07T06:49:55","guid":{"rendered":"https:\/\/www.hydraulic-cylinders.net\/product\/boom-cylinder-for-jingong-wheel-type-jcm909l\/"},"modified":"2025-04-07T06:49:57","modified_gmt":"2025-04-07T06:49:57","slug":"boom-cylinder-for-jingong-wheel-type-jcm909l","status":"publish","type":"product","link":"https:\/\/www.hydraulic-cylinders.net\/ro\/produs\/boom-cylinder-for-jingong-wheel-type-jcm909l\/","title":{"rendered":"Cilindru de bra\u021b pentru roat\u0103 Jingong tip JCM909L"},"content":{"rendered":"<h1>Cilindru de bra\u021b pentru roat\u0103 Jingong tip JCM909L<\/h1>\n<h2>Prezentare general\u0103 a produsului<\/h2>\n<p>Cilindrul bra\u021bului pentru ro\u021bile Jingong tip JCM909L este o component\u0103 vital\u0103 \u00een utilajele grele, special conceput pentru controlul mi\u0219c\u0103rii bra\u021belor excavatoarelor, buldoexcavatoarelor \u0219i \u00eenc\u0103rc\u0103toarelor frontale. Acest cilindru hidraulic faciliteaz\u0103 ridicarea, cobor\u00e2rea \u0219i \u00eenclinarea bra\u021bului, eficientiz\u00e2nd sarcinile de manipulare a materialelor. \u00cen sistemele hidraulice, cilindrii bra\u021bului joac\u0103 un rol crucial prin transformarea presiunii hidraulice \u00een mi\u0219care mecanic\u0103, permi\u021b\u00e2nd un control precis \u00een diverse opera\u021biuni.<\/p>\n<p>Ca tip de cilindru hidraulic, cilindrul bra\u021bului este proiectat s\u0103 reziste la presiuni ridicate \u0219i sarcini grele. De obicei, este fabricat din o\u021bel sau aluminiu de \u00eenalt\u0103 rezisten\u021b\u0103, asigur\u00e2nd durabilitate \u0219i performan\u021b\u0103 chiar \u0219i \u00een medii de lucru dure. Designul acestui cilindru se concentreaz\u0103 pe rezisten\u021ba la uzur\u0103 \u0219i protec\u021bia \u00eempotriva coroziunii, prelungindu-i semnificativ durata de via\u021b\u0103.<\/p>\n<p><img decoding=\"async\" src=\"https:\/\/www.hydraulic-cylinders.net\/wp-content\/uploads\/2025\/04\/songte-company-1.webp\" alt=\"Cilindru de bra\u021b\" \/><\/p>\n<h2>Caracteristicile cilindrului bra\u021bului<\/h2>\n<ul>\n<li>\n<h3>Rezisten\u021b\u0103 \u0219i durabilitate ridicate<\/h3>\n<p>        Construit de obicei din o\u021bel sau aluminiu de \u00eenalt\u0103 rezisten\u021b\u0103, acest cilindru poate rezista la presiuni ridicate \u0219i sarcini grele, fiind potrivit pentru condi\u021bii de lucru dificile, asigur\u00e2nd \u00een acela\u0219i timp o durat\u0103 lung\u0103 de via\u021b\u0103.<\/li>\n<li>\n<h3>Func\u021bionare hidraulic\u0103 eficient\u0103<\/h3>\n<p>        Cilindrul bra\u021bului utilizeaz\u0103 presiunea uleiului hidraulic pentru o extindere \u0219i retragere lin\u0103, r\u0103spunz\u00e2nd rapid la comenzile de control \u0219i oferind for\u021be robuste de \u00eempingere \u0219i tragere pentru gestionarea sarcinilor grele \u0219i complexe.<\/li>\n<li>\n<h3>Diverse tipuri disponibile<\/h3>\n<p>        Op\u021biunile includ cilindri cu ac\u021biune simpl\u0103 (care func\u021bioneaz\u0103 \u00eentr-o singur\u0103 direc\u021bie) sau cu ac\u021biune dubl\u0103 (care func\u021bioneaz\u0103 \u00een ambele direc\u021bii), unele modele av\u00e2nd designuri telescopice pentru o raz\u0103 de ac\u021biune extins\u0103 f\u0103r\u0103 a cre\u0219te dimensiunile exterioare, ideale pentru aplica\u021bii cu spa\u021biu limitat.<\/li>\n<li>\n<h3>Inginerie de precizie<\/h3>\n<p>        Fiecare cilindru este proiectat meticulos pentru performan\u021be optime, asigur\u00e2nd c\u0103 fiecare component\u0103 func\u021bioneaz\u0103 perfect \u00een cadrul sistemului hidraulic, sporind astfel eficien\u021ba general\u0103 a utilajelor.<\/li>\n<li>\n<h3>Capacit\u0103\u021bi de produc\u021bie personalizate<\/h3>\n<p>        Procesul nostru de fabrica\u021bie ne permite s\u0103 producem cilindri care \u00eenlocuiesc perfect cilindrii hidraulici existen\u021bi, asigur\u00e2nd compatibilitatea \u0219i func\u021bionalitatea pentru diverse m\u0103rci \u0219i modele de utilaje.<\/h3>\n<\/li>\n<\/ul>\n<p><img decoding=\"async\" src=\"https:\/\/www.hydraulic-cylinders.net\/wp-content\/uploads\/2025\/04\/songte-cylinder-head-with-all-kinds-excavator-models.webp\" alt=\"Modele de excavatoare\" \/><\/p>\n<h2>Aplica\u021bii ale cilindrului bra\u021bului<\/h2>\n<h3>Echipamente de construc\u021bii<\/h3>\n<p>\u00cen excavatoare, cilindrii bra\u021bului sunt esen\u021biali pentru s\u0103pare, \u00eenc\u0103rcare \u0219i mutarea solului sau a resturilor. Ace\u0219tia ofer\u0103 for\u021ba necesar\u0103 pentru a extinde bra\u021bul spre exterior \u0219i \u00een jos, permi\u021b\u00e2nd o excavare eficient\u0103. \u00cen cazul \u00eenc\u0103rc\u0103toarelor excavatoare, ace\u0219ti cilindri ajut\u0103 nu numai la excavare, ci \u0219i la opera\u021biunile de ridicare, \u00eembun\u0103t\u0103\u021bind versatilitatea \u0219i func\u021bionalitatea utilajelor.<\/p>\n<h3>Ma\u0219ini agricole<\/h3>\n<p>Pentru \u00eenc\u0103rc\u0103toarele frontale, cilindrii bra\u021bului permit ridicarea, transportul solului, f\u00e2nului \u0219i altor materiale \u00een medii agricole. Designul lor robust asigur\u0103 c\u0103 pot face fa\u021b\u0103 cerin\u021belor lucr\u0103rilor agricole, oferind fermierilor echipamente fiabile pentru sarcinile lor zilnice.<\/p>\n<h3>Excavatoare<\/h3>\n<p>\u00cen cazul excavatoarelor, cilindrii bra\u021bului faciliteaz\u0103 procesul de s\u0103pare permi\u021b\u00e2nd cupei s\u0103 p\u0103trund\u0103 eficient \u00een sol. Aceast\u0103 ac\u021biune este vital\u0103 pentru opera\u021biuni eficiente \u00een proiectele de construc\u021bii \u0219i demol\u0103ri, unde sunt necesare precizie \u0219i putere pentru a sparge materiale mai dure.<\/p>\n<h3>\u00cenc\u0103rc\u0103toare<\/h3>\n<p>La \u00eenc\u0103rc\u0103toarele frontale, cilindrii bra\u021bului ajut\u0103 la ridicarea \u0219i desc\u0103rcarea eficient\u0103 a \u00eenc\u0103rc\u0103turii. Designul lor permite tranzi\u021bii line \u00eentre pozi\u021biile de ridicare \u0219i desc\u0103rcare, permi\u021b\u00e2nd manipularea rapid\u0103 \u0219i eficient\u0103 a materialelor pe \u0219antiere.<\/p>\n<h2>Considera\u021bii de proiectare \u0219i criterii de selec\u021bie<\/h2>\n<h3>Capacitate de \u00eenc\u0103rcare<\/h3>\n<p>Atunci c\u00e2nd se selecteaz\u0103 un cilindru pentru bra\u021b, \u00een\u021belegerea capacit\u0103\u021bii sale de \u00eenc\u0103rcare este crucial\u0103. Cilindrul trebuie s\u0103 poat\u0103 suporta sarcina maxim\u0103 a\u0219teptat\u0103 f\u0103r\u0103 riscul de defec\u021biune. Aceasta implic\u0103 analizarea greut\u0103\u021bii sarcinilor ridicate \u0219i a mediului opera\u021bional. Alegerea unui cilindru cu o capacitate de \u00eenc\u0103rcare adecvat\u0103 asigur\u0103 siguran\u021b\u0103 \u0219i performan\u021be optime, reduc\u00e2nd \u0219ansele de defec\u021biuni mecanice.<\/p>\n<h3>Etan\u0219are \u0219i durabilitate<\/h3>\n<p>Sistemele de etan\u0219are eficiente sunt esen\u021biale pentru cilindrii hidraulici, deoarece previn scurgerile \u0219i men\u021bin presiunea. Garniturile de \u00eenalt\u0103 calitate, fabricate din materiale durabile, cum ar fi poliuretanul sau cauciucul nitrilic, sunt necesare pentru a rezista la uzur\u0103. Etan\u0219area corect\u0103 prelunge\u0219te durata de via\u021b\u0103 a fluidului hidraulic \u0219i asigur\u0103 func\u021bionarea f\u0103r\u0103 probleme a cilindrului \u00een timp.<\/p>\n<h3>Caracteristici de siguran\u021b\u0103<\/h3>\n<p>Siguran\u021ba este primordial\u0103 \u00een sistemele hidraulice. Cilindrii trebuie proiecta\u021bi cu caracteristici de siguran\u021b\u0103 integrate, cum ar fi supape de suprapresiune \u0219i o construc\u021bie robust\u0103, pentru a preveni accidentele \u00een timpul func\u021bion\u0103rii. Selectarea unui cilindru cu mecanisme de siguran\u021b\u0103 fiabile ajut\u0103 la atenuarea riscurilor asociate cu defec\u021biunile hidraulice \u0219i spore\u0219te \u00eencrederea operatorului.<\/p>\n<h3>Mentenabilitate<\/h3>\n<p>U\u0219urin\u021ba \u00eentre\u021binerii este o alt\u0103 considera\u021bie cheie. Un cilindru al bra\u021bului bine proiectat ar trebui s\u0103 permit\u0103 o inspec\u021bie \u0219i o \u00eentre\u021binere simple, permi\u021b\u00e2nd \u00eentre\u021binerea regulat\u0103 f\u0103r\u0103 dezasamblare extins\u0103. Acest lucru reduce timpul de nefunc\u021bionare \u0219i ajut\u0103 la men\u021binerea performan\u021bei echipamentului pe toat\u0103 durata sa de via\u021b\u0103.<\/p>\n<p><img decoding=\"async\" src=\"https:\/\/www.hydraulic-cylinders.net\/wp-content\/uploads\/2025\/04\/songte-oil-pipes-and-spare-parts.webp\" alt=\"Piese de schimb hidraulice\" \/><\/p>\n<h2>Etan\u0219are \u0219i lubrifiere<\/h2>\n<p>Etan\u0219area \u0219i lubrifierea eficiente sunt esen\u021biale pentru longevitatea \u0219i performan\u021ba cilindrilor bra\u021bului. Diverse etan\u0219\u0103ri, inclusiv etan\u0219\u0103ri pentru piston \u0219i etan\u0219\u0103ri pentru tij\u0103, sunt utilizate pentru a preveni scurgerile \u0219i a men\u021bine presiunea hidraulic\u0103. Etan\u0219\u0103rile fabricate din materiale rezistente la uzur\u0103, cum ar fi poliuretanul \u0219i cauciucul nitrilic, asigur\u0103 durabilitatea \u00een condi\u021bii dure. \u00cen plus, corpul cilindrului \u0219i suprafe\u021bele filetate ale cap\u0103tului sunt prelucrate fin pentru a spori rezisten\u021ba la uzur\u0103.<\/p>\n<p>Lubrifierea regulat\u0103 cu ulei hidraulic este esen\u021bial\u0103, deoarece reduce frecarea \u0219i uzura dintre piesele mobile. Lubrifierea adecvat\u0103 previne, de asemenea, supra\u00eenc\u0103lzirea, asigur\u00e2nd c\u0103 sistemul hidraulic func\u021bioneaz\u0103 f\u0103r\u0103 probleme \u0219i eficient.<\/p>\n<h2>Inspec\u021bie regulat\u0103 \u0219i \u00eentre\u021binere preventiv\u0103<\/h2>\n<ul>\n<li>\n<h3>Verifica\u021bi dac\u0103 exist\u0103 scurgeri<\/h3>\n<p>        Inspecta\u021bi periodic cilindrul hidraulic pentru a depista orice semne de scurgeri de ulei. Remedierea prompt\u0103 a scurgerilor poate preveni deteriorarea ulterioar\u0103 \u0219i poate men\u021bine integritatea sistemului.<\/h3>\n<\/li>\n<li>\n<h3>Program de lubrifiere<\/h3>\n<p>        Stabili\u021bi un program de lubrifiere regulat pentru a v\u0103 asigura c\u0103 toate piesele mobile sunt lubrifiate corespunz\u0103tor. Acest lucru ajut\u0103 la \u00eembun\u0103t\u0103\u021birea performan\u021bei \u0219i la prelungirea duratei de via\u021b\u0103 a cilindrului.<\/h3>\n<\/li>\n<li>\n<h3>\u00cenlocuirea garniturii<\/h3>\n<p>        Monitoriza\u021bi starea garniturilor \u0219i \u00eenlocui\u021bi-le dup\u0103 cum este necesar. Garniturile uzate pot duce la scurgeri de fluid hidraulic, compromi\u021b\u00e2nd eficien\u021ba cilindrului.<\/h3>\n<\/li>\n<\/ul>\n<h2>Instruc\u021biuni de instalare<\/h2>\n<p>Instalarea corect\u0103 a cilindrului bra\u021bului este crucial\u0103 pentru o performan\u021b\u0103 optim\u0103. \u00cencepe\u021bi prin a v\u0103 asigura c\u0103 toate suprafe\u021bele de montare sunt curate \u0219i f\u0103r\u0103 resturi. Alinia\u021bi cilindrul cu precizie cu punctele de montare pentru a preveni stresul excesiv asupra componentelor. Folosi\u021bi console de montare adecvate pentru a fixa cilindrul \u00een pozi\u021bie, asigur\u00e2ndu-v\u0103 c\u0103 este stabil \u0219i bine sus\u021binut.<\/p>\n<p>Dup\u0103 instalare, verifica\u021bi dac\u0103 liniile hidraulice sunt conectate corect \u0219i verifica\u021bi dac\u0103 exist\u0103 semne de scurgeri. \u00cen plus, testa\u021bi func\u021bionarea cilindrului \u00eenainte de desf\u0103\u0219urarea complet\u0103 pentru a v\u0103 asigura c\u0103 totul func\u021bioneaz\u0103 conform a\u0219tept\u0103rilor. Respectarea acestor instruc\u021biuni va ajuta la asigurarea performan\u021bei pe termen lung a cilindrului bra\u021bului dumneavoastr\u0103.<\/p>\n<h2>Sarcini comune de \u00eentre\u021binere<\/h2>\n<ul>\n<li>\n<h3>Inspec\u021bii regulate<\/h3>\n<p>        Efectuarea inspec\u021biilor frecvente permite identificarea timpurie a problemelor poten\u021biale. Aceast\u0103 abordare proactiv\u0103 ajut\u0103 la men\u021binerea integrit\u0103\u021bii sistemului hidraulic \u0219i previne repara\u021biile costisitoare.<\/h3>\n<\/li>\n<li>\n<h3>Lubrifiere adecvat\u0103<\/h3>\n<p>        Asigurarea unei lubrifieri corespunz\u0103toare a cilindrului este esen\u021bial\u0103 pentru buna func\u021bionare a acestuia. Verifica\u021bi \u0219i completa\u021bi periodic uleiul hidraulic, dup\u0103 cum este necesar, pentru a men\u021bine performan\u021be optime.<\/h3>\n<\/li>\n<li>\n<h3>\u00cenlocuirea \u0219i calibrarea etan\u0219\u0103rii<\/h3>\n<p>        \u00cenlocuirea la timp a garniturilor uzate \u0219i verific\u0103rile de calibrare sunt vitale pentru men\u021binerea eficien\u021bei hidraulice. Sistemele calibrate corect func\u021bioneaz\u0103 mai eficient \u0219i cu o siguran\u021b\u0103 sporit\u0103.<\/h3>\n<\/li>\n<\/ul>\n<p>Instalarea, lubrifierea \u0219i reglarea corect\u0103 sunt vitale pentru asigurarea longevit\u0103\u021bii cilindrului bra\u021bului. \u00cen timpul instal\u0103rii, asigura\u021bi alinierea corect\u0103 a cilindrului pentru a evita problemele de nealiniere. Utilizarea suporturilor de montare adecvate va fixa eficient cilindrul. Urma\u021bi procedurile recomandate pentru inspec\u021bie, reparare \u0219i \u00eenlocuire pentru a maximiza performan\u021ba sistemului dumneavoastr\u0103 hidraulic.<\/p>\n<p><img decoding=\"async\" src=\"https:\/\/www.hydraulic-cylinders.net\/wp-content\/uploads\/2025\/04\/songte-chushion-collar.webp\" alt=\"Guler de pern\u0103\" \/><\/p>\n<h2>Considera\u021bii privind siguran\u021ba \u0219i mediul<\/h2>\n<p>Atunci c\u00e2nd se lucreaz\u0103 cu cilindri hidraulici, implementarea m\u0103surilor de siguran\u021b\u0103 este esen\u021bial\u0103 pentru a preveni accidentele \u0219i v\u0103t\u0103m\u0103rile corporale. Operatorii trebuie s\u0103 fie instrui\u021bi cu privire la manipularea \u0219i func\u021bionarea corect\u0103 a echipamentelor hidraulice. Auditurile de siguran\u021b\u0103 \u0219i verific\u0103rile de \u00eentre\u021binere regulate pot ajuta la identificarea pericolelor poten\u021biale, asigur\u00e2nd un mediu de lucru sigur. \u00cen plus, lua\u021bi \u00een considerare impactul fluidelor hidraulice asupra mediului, opt\u00e2nd pentru alternative biodegradabile acolo unde este posibil pentru a minimiza daunele ecologice.<\/p>\n<h2>Depanare \u0219i probleme frecvente<\/h2>\n<ul>\n<li>\n<h3>Probleme de scurgeri<\/h3>\n<p>        Cauzate frecvent de garnituri uzate sau componente deteriorate, scurgerile hidraulice pot afecta semnificativ performan\u021ba. Inspec\u021biile regulate pot ajuta la detectarea \u0219i remedierea acestor probleme \u00eenainte ca acestea s\u0103 se agraveze.<\/h3>\n<\/li>\n<li>\n<h3>Timp de r\u0103spuns lent<\/h3>\n<p>        Dac\u0103 cilindrul bra\u021bului reac\u021bioneaz\u0103 lent la comenzile de comand\u0103, acest lucru poate indica niveluri sc\u0103zute de lichid hidraulic sau aer \u00een sistem. Verificarea nivelurilor de lichid \u0219i purjarea aerului pot rezolva aceste probleme.<\/h3>\n<\/li>\n<li>\n<h3>Zgomot sau vibra\u021bii excesive<\/h3>\n<p>        Zgomotele sau vibra\u021biile neobi\u0219nuite din timpul func\u021bion\u0103rii pot semnala probleme mecanice, cum ar fi nealinierea sau piesele uzate. Investigarea prompt\u0103 a acestor simptome poate preveni deteriorarea ulterioar\u0103.<\/h3>\n<\/li>\n<\/ul>\n<p>Prin \u00een\u021belegerea problemelor comune \u0219i a rezolv\u0103rilor acestora, operatorii pot depana eficient problemele \u0219i pot men\u021bine func\u021bionarea optim\u0103 a cilindrilor. M\u0103surile preventive, cum ar fi inspec\u021biile regulate \u0219i repara\u021biile la timp, vor ajuta la minimizarea problemelor poten\u021biale \u0219i la \u00eembun\u0103t\u0103\u021birea performan\u021bei generale.<\/p>\n<p><img decoding=\"async\" src=\"https:\/\/www.hydraulic-cylinders.net\/wp-content\/uploads\/2025\/04\/songte-bushings-with-all-kinds-of-excavator-models.webp\" alt=\"Buc\u0219e pentru modele de excavatoare\" \/><\/p>\n<h2>Introducerea companiei<\/h2>\n<p>Suntem un produc\u0103tor \u0219i distribuitor angro de top de cilindri hidraulici, oferind o gam\u0103 larg\u0103 de produse pe pie\u021bele interne \u0219i interna\u021bionale. Angajamentul nostru fa\u021b\u0103 de excelen\u021ba \u00een calitate este sus\u021binut de un proces de fabrica\u021bie rafinat \u0219i strategii avansate de management al produc\u021biei. Concentr\u00e2ndu-ne pe talentul tehnic, echipamente digitale de fabrica\u021bie de ultim\u0103 genera\u021bie \u0219i sisteme de testare robuste, ne \u00eembun\u0103t\u0103\u021bim continuu platforma de fabrica\u021bie pentru a \u00eembun\u0103t\u0103\u021bi calitatea produselor.<\/p>\n<p>Capacit\u0103\u021bile noastre ne permit s\u0103 satisfacem nevoile diverse ale clien\u021bilor \u00een mod eficient \u0219i precis. Ne m\u00e2ndrim cu faptul c\u0103 oferim solu\u021bii personalizate, certific\u0103ri interna\u021bionale \u0219i asisten\u021b\u0103 post-v\u00e2nzare excep\u021bional\u0103, asigur\u00e2ndu-ne c\u0103 clien\u021bii no\u0219tri primesc cele mai \u00eenalte standarde de servicii. Facilit\u0103\u021bile noastre de produc\u021bie de ultim\u0103 genera\u021bie ne permit s\u0103 men\u021binem precizia \u0219i eficien\u021ba pe tot parcursul procesului de fabrica\u021bie.<\/p>\n<p><img decoding=\"async\" src=\"https:\/\/www.hydraulic-cylinders.net\/wp-content\/uploads\/2025\/04\/songte-company-4.webp\" alt=\"Prezentare general\u0103 a companiei\" \/><br \/>\n<img decoding=\"async\" src=\"https:\/\/www.hydraulic-cylinders.net\/wp-content\/uploads\/2025\/04\/songte-company-3.webp\" alt=\"Procesul de fabrica\u021bie\" \/><\/p>\n<p>Autor: lyl<\/p>","protected":false},"excerpt":{"rendered":"<p>Boom Cylinder For Jingong Wheel Type JCM909L Product Overview The Boom Cylinder for Jingong Wheel Type JCM909L is a vital component in heavy machinery, specifically designed for controlling the movement of booms in excavators, backhoe loaders, and front loaders. This hydraulic cylinder facilitates the lifting, lowering, and tilting of the boom, making material handling tasks [&hellip;]<\/p>","protected":false},"featured_media":17878,"comment_status":"open","ping_status":"closed","template":"","meta":{"_et_pb_use_builder":"","_et_pb_old_content":"","_et_gb_content_width":""},"product_brand":[],"product_cat":[1546],"product_tag":[1547,1496],"class_list":{"0":"post-19479","1":"product","2":"type-product","3":"status-publish","4":"has-post-thumbnail","6":"product_cat-boom-cylinders","7":"product_tag-boom-cylinders","8":"product_tag-hydraulic-cylinders","10":"first","11":"instock","12":"shipping-taxable","13":"product-type-simple"},"amp_enabled":true,"_links":{"self":[{"href":"https:\/\/www.hydraulic-cylinders.net\/ro\/wp-json\/wp\/v2\/product\/19479","targetHints":{"allow":["GET"]}}],"collection":[{"href":"https:\/\/www.hydraulic-cylinders.net\/ro\/wp-json\/wp\/v2\/product"}],"about":[{"href":"https:\/\/www.hydraulic-cylinders.net\/ro\/wp-json\/wp\/v2\/types\/product"}],"replies":[{"embeddable":true,"href":"https:\/\/www.hydraulic-cylinders.net\/ro\/wp-json\/wp\/v2\/comments?post=19479"}],"wp:featuredmedia":[{"embeddable":true,"href":"https:\/\/www.hydraulic-cylinders.net\/ro\/wp-json\/wp\/v2\/media\/17878"}],"wp:attachment":[{"href":"https:\/\/www.hydraulic-cylinders.net\/ro\/wp-json\/wp\/v2\/media?parent=19479"}],"wp:term":[{"taxonomy":"product_brand","embeddable":true,"href":"https:\/\/www.hydraulic-cylinders.net\/ro\/wp-json\/wp\/v2\/product_brand?post=19479"},{"taxonomy":"product_cat","embeddable":true,"href":"https:\/\/www.hydraulic-cylinders.net\/ro\/wp-json\/wp\/v2\/product_cat?post=19479"},{"taxonomy":"product_tag","embeddable":true,"href":"https:\/\/www.hydraulic-cylinders.net\/ro\/wp-json\/wp\/v2\/product_tag?post=19479"}],"curies":[{"name":"wp","href":"https:\/\/api.w.org\/{rel}","templated":true}]}}