{"id":19489,"date":"2025-04-07T06:50:23","date_gmt":"2025-04-07T06:50:23","guid":{"rendered":"https:\/\/www.hydraulic-cylinders.net\/product\/boom-cylinder-for-sinomach-zg3065-9\/"},"modified":"2025-04-07T06:50:25","modified_gmt":"2025-04-07T06:50:25","slug":"boom-cylinder-for-sinomach-zg3065-9","status":"publish","type":"product","link":"https:\/\/www.hydraulic-cylinders.net\/ro\/produs\/boom-cylinder-for-sinomach-zg3065-9\/","title":{"rendered":"Cilindru de bra\u021b pentru Sinomach ZG3065-9"},"content":{"rendered":"<h1>Cilindru de bra\u021b pentru Sinomach ZG3065-9<\/h1>\n<h2>Introducere \u00een cilindrul bra\u021bului<\/h2>\n<p>Cilindrul bra\u021bului este o component\u0103 vital\u0103 \u00een sistemele hidraulice, special conceput pentru controlul mi\u0219c\u0103rii cupelor \u00een utilaje grele, cum ar fi excavatoarele, \u00eenc\u0103rc\u0103toarele cu excavator \u0219i \u00eenc\u0103rc\u0103toarele frontale. Acest cilindru hidraulic permite ridicarea, cobor\u00e2rea \u0219i \u00eenclinarea cupei, facilit\u00e2nd sarcini eficiente de manipulare a materialelor. Acesta joac\u0103 un rol crucial \u00een func\u021bionarea diverselor utilaje de construc\u021bii \u0219i agricole, asigur\u00e2nd c\u0103 sarcinile grele pot fi manipulate cu precizie \u0219i u\u0219urin\u021b\u0103.<\/p>\n<p><img decoding=\"async\" src=\"https:\/\/www.hydraulic-cylinders.net\/wp-content\/uploads\/2025\/04\/songte-company-1.webp\" alt=\"Imaginea cilindrului bra\u021bului\" \/><\/p>\n<h2>Caracteristicile cilindrului bra\u021bului<\/h2>\n<ul>\n<li><strong>Rezisten\u021b\u0103 \u0219i durabilitate ridicate:<\/strong> Construit din o\u021bel sau aluminiu de \u00eenalt\u0103 rezisten\u021b\u0103, cilindrul bra\u021bului este conceput s\u0103 reziste la presiuni ridicate \u0219i sarcini grele, fiind potrivit pentru medii de lucru dure. Designul s\u0103u \u00eencorporeaz\u0103 rezisten\u021b\u0103 la uzur\u0103 \u0219i la coroziune, prelungindu-i semnificativ durata de via\u021b\u0103.<\/li>\n<li><strong>Func\u021bionare hidraulic\u0103 eficient\u0103:<\/strong> Cilindrul bra\u021bului utilizeaz\u0103 presiunea uleiului hidraulic pentru a realiza o extensie \u0219i retragere lin\u0103, r\u0103spunz\u00e2nd rapid la comenzile operatorului \u0219i oferind o for\u021b\u0103 robust\u0103 de \u00eempingere \u0219i tragere, fiind ideal pentru manipularea materialelor grele \u0219i a sarcinilor complexe.<\/li>\n<li><strong>Diverse tipuri:<\/strong> \u00cen func\u021bie de nevoile opera\u021bionale, clien\u021bii pot alege \u00eentre cilindri cu ac\u021biune simpl\u0103 (hidraulic utilizat \u00eentr-o singur\u0103 direc\u021bie) sau cu ac\u021biune dubl\u0103 (hidraulic utilizat \u00een ambele direc\u021bii). Unele modele sunt telescopice, permi\u021b\u00e2nd o extensie mai mare f\u0103r\u0103 a cre\u0219te dimensiunile exterioare, perfecte pentru aplica\u021bii cu spa\u021biu limitat.<\/li>\n<\/ul>\n<p>Suntem capabili s\u0103 fabric\u0103m aceste produse, iar produsele noastre pot \u00eenlocui perfect cilindrii hidraulici existen\u021bi.<\/p>\n<p><img decoding=\"async\" src=\"https:\/\/www.hydraulic-cylinders.net\/wp-content\/uploads\/2025\/04\/songte-cylinder-head-with-all-kinds-excavator-models.webp\" alt=\"Imagine cu modele de excavatoare\" \/><\/p>\n<h2>Aplica\u021bii ale cilindrului bra\u021bului<\/h2>\n<ul>\n<li><strong>Echipamente de construc\u021bii:<\/strong> \u00cen excavatoare, cilindrii bra\u021bului sunt esen\u021biali pentru s\u0103pare, \u00eenc\u0103rcare \u0219i mutarea solului sau a resturilor. \u00cen cazul \u00eenc\u0103rc\u0103toarelor excavatoare, cilindrul cupei ajut\u0103 at\u00e2t la sarcinile de excavare, c\u00e2t \u0219i la cele de ridicare, sporind productivitatea pe \u0219antierele de construc\u021bii.<\/li>\n<li><strong>Ma\u0219ini agricole:<\/strong> Utiliza\u021bi \u00een \u00eenc\u0103rc\u0103toarele frontale, cilindrii bra\u021bului sunt cruciali pentru scobere, ridicare \u0219i transportul solului, f\u00e2nului \u0219i altor materiale, \u00eembun\u0103t\u0103\u021bind eficien\u021ba opera\u021biunilor agricole.<\/li>\n<li><strong>Excavatoare:<\/strong> Cilindrul bra\u021bului permite cupei s\u0103 p\u0103trund\u0103 eficient \u00een sol, facilit\u00e2nd procese eficiente de excavare.<\/li>\n<li><strong>\u00cenc\u0103rc\u0103toare:<\/strong> La \u00eenc\u0103rc\u0103toarele frontale, cilindrii bra\u021bului ajut\u0103 la ridicarea \u0219i desc\u0103rcarea eficient\u0103 a \u00eenc\u0103rc\u0103turilor, asigur\u00e2nd opera\u021biuni de manipulare f\u0103r\u0103 probleme a materialelor.<\/li>\n<\/ul>\n<h2>Considera\u021bii de proiectare<\/h2>\n<h3>Capacitate de \u00eenc\u0103rcare<\/h3>\n<p>Capacitatea de \u00eenc\u0103rcare a unui cilindru al bra\u021bului este o considera\u021bie critic\u0103 de proiectare care are un impact direct asupra performan\u021bei sale. Acesta trebuie proiectat pentru a gestiona sarcina maxim\u0103 a\u0219teptat\u0103 \u00een timpul opera\u021biunilor, asigur\u00e2nd siguran\u021ba \u0219i fiabilitatea. Un cilindru al bra\u021bului bine proiectat poate suporta sarcini grele f\u0103r\u0103 a se \u00eendoi sau a ceda, ceea ce este esen\u021bial pentru func\u021bionarea eficient\u0103 a utilajelor.<\/p>\n<h3>Sigilare<\/h3>\n<p>Etan\u0219area eficient\u0103 este esen\u021bial\u0103 pentru a preveni scurgerile de fluid \u0219i a men\u021bine presiunea \u00een sistemul hidraulic. Garniturile de \u00eenalt\u0103 calitate asigur\u0103 re\u021binerea fluidului hidraulic, ceea ce este esen\u021bial pentru func\u021bionarea cilindrului bra\u021bului. Inspec\u021bia \u0219i \u00eenlocuirea regulat\u0103 a garniturilor pot preveni timpii de nefunc\u021bionare \u0219i repara\u021biile costisitoare.<\/p>\n<h3>Durabilitate<\/h3>\n<p>Durabilitatea este un factor cheie \u00een proiectarea cilindrilor bra\u021bului. Aceste componente trebuie s\u0103 reziste la condi\u021bii extreme de lucru, inclusiv presiuni ridicate, temperaturi variabile \u0219i expunerea la medii dure. Utilizarea materialelor care rezist\u0103 la uzur\u0103 \u0219i coroziune contribuie la longevitatea cilindrului, reduc\u00e2nd la minimum costurile de \u00eentre\u021binere \u0219i \u00eenlocuire.<\/p>\n<h3>Siguran\u0163\u0103<\/h3>\n<p>Caracteristicile de siguran\u021b\u0103 \u00een proiectarea cilindrilor bra\u021bului sunt cruciale pentru prevenirea accidentelor \u00een timpul func\u021bion\u0103rii. Incorporarea supapelor de siguran\u021b\u0103, a sistemelor de eliberare a presiunii \u0219i a sistemelor redundante spore\u0219te siguran\u021ba, asigur\u00e2nd c\u0103 utilajele func\u021bioneaz\u0103 \u00een limite de siguran\u021b\u0103. \u00centre\u021binerea regulat\u0103 \u0219i respectarea protocoalelor de siguran\u021b\u0103 atenueaz\u0103 \u00een continuare riscurile asociate sistemelor hidraulice.<\/p>\n<h3>Mentenabilitate<\/h3>\n<p>Proiectarea cilindrilor bra\u021bului pentru o \u00eentre\u021binere u\u0219oar\u0103 este esen\u021bial\u0103 pentru o func\u021bionare eficient\u0103. Componentele ar trebui s\u0103 fie u\u0219or accesibile pentru inspec\u021bie, lubrifiere \u0219i \u00eenlocuire. Un design care faciliteaz\u0103 repara\u021biile rapide poate reduce semnificativ timpul de nefunc\u021bionare, asigur\u00e2nd c\u0103 utilajele r\u0103m\u00e2n opera\u021bionale \u0219i productive.<\/p>\n<p><img decoding=\"async\" src=\"https:\/\/www.hydraulic-cylinders.net\/wp-content\/uploads\/2025\/04\/songte-oil-pipes-and-spare-parts.webp\" alt=\"Imagine cu \u021bevi de petrol \u0219i piese de schimb\" \/><\/p>\n<h2>Etan\u0219are \u0219i lubrifiere<\/h2>\n<p>Etan\u0219area \u0219i lubrifierea corespunz\u0103toare sunt esen\u021biale pentru performan\u021ba cilindrilor bra\u021bului. Diverse etan\u0219\u0103ri, cum ar fi etan\u0219\u0103rile pistonului \u0219i etan\u0219\u0103rile tijei, sunt cruciale pentru a preveni scurgerile de fluid hidraulic. Selectarea etan\u0219\u0103rilor fabricate din materiale rezistente la uzur\u0103, cum ar fi poliuretanul \u0219i cauciucul nitrilic, spore\u0219te durabilitatea. Corpul cilindrului \u0219i suprafe\u021bele filetate ale cap\u0103tului trebuie s\u0103 fie supuse unor prelucr\u0103ri fine pentru a \u00eembun\u0103t\u0103\u021bi rezisten\u021ba la uzur\u0103. \u00cen plus, lubrifierea regulat\u0103 cu ulei hidraulic este necesar\u0103 pentru a asigura o func\u021bionare lin\u0103 \u0219i a minimiza uzura.<\/p>\n<h2>M\u0103suri de \u00eentre\u021binere preventiv\u0103<\/h2>\n<ul>\n<li><strong>Inspec\u021bii regulate:<\/strong> Efectua\u021bi inspec\u021bii regulate ale cilindrului bra\u021bului pentru a identifica din timp orice semne de uzur\u0103 sau deteriorare. Aceast\u0103 abordare proactiv\u0103 poate ajuta la prevenirea defec\u021biunilor majore \u0219i a repara\u021biilor costisitoare.<\/li>\n<li><strong>Lubrifiere:<\/strong> Asigura\u021bi-v\u0103 c\u0103 nivelul fluidului hidraulic este la nivelul corespunz\u0103tor \u0219i c\u0103 lubrifian\u021bii sunt aplica\u021bi \u00een mod regulat pentru a men\u021bine o func\u021bionare f\u0103r\u0103 probleme.<\/li>\n<li><strong>\u00cenlocuirea garniturii:<\/strong> Monitoriza\u021bi uzura garniturilor de etan\u0219are \u0219i \u00eenlocui\u021bi-le dup\u0103 cum este necesar pentru a preveni scurgerile \u0219i a men\u021bine presiunea \u00een sistem.<\/li>\n<\/ul>\n<h2>Ghid de instalare<\/h2>\n<p>Instalarea corect\u0103 a unui cilindru al bra\u021bului este crucial\u0103 pentru performan\u021ba acestuia. \u00cencepe\u021bi prin a v\u0103 asigura c\u0103 suprafe\u021bele de montare sunt curate \u0219i f\u0103r\u0103 resturi. Folosi\u021bi consolele de montare corespunz\u0103toare pentru a fixa cilindrul \u00een pozi\u021bie, asigur\u00e2nd o aliniere corect\u0103 \u00eentre cilindru \u0219i utilaj. Urma\u021bi specifica\u021biile produc\u0103torului pentru str\u00e2ngerea \u0219uruburilor \u0219i instalarea conductelor hidraulice. Verifica\u021bi dac\u0103 toate conexiunile sunt sigure \u0219i f\u0103r\u0103 scurgeri \u00eenainte de a utiliza echipamentul. De asemenea, este esen\u021bial s\u0103 aerisi\u021bi sistemul hidraulic pentru a elimina orice bul\u0103 de aer care ar putea afecta performan\u021ba.<\/p>\n<h2>Sarcini comune de \u00eentre\u021binere<\/h2>\n<ul>\n<li><strong>Verific\u0103ri regulate:<\/strong> Programa\u021bi verific\u0103ri regulate pentru a monitoriza starea cilindrului bra\u021bului. C\u0103uta\u021bi semne de uzur\u0103, scurgeri sau deterior\u0103ri care ar putea afecta performan\u021ba.<\/li>\n<li><strong>Lubrifiere adecvat\u0103:<\/strong> Asigura\u021bi-v\u0103 c\u0103 cilindrul este lubrifiat corespunz\u0103tor pentru a facilita o func\u021bionare lin\u0103. Folosi\u021bi uleiul hidraulic recomandat pentru o performan\u021b\u0103 optim\u0103.<\/li>\n<li><strong>\u00cenlocuirea \u0219i calibrarea garniturii:<\/strong> \u00cenlocui\u021bi garniturile dup\u0103 cum este necesar \u0219i efectua\u021bi verific\u0103ri de calibrare pentru a v\u0103 asigura c\u0103 cilindrul func\u021bioneaz\u0103 \u00een parametrii specifica\u021bi.<\/li>\n<\/ul>\n<h2>Considera\u021bii de siguran\u021b\u0103 \u0219i factori de mediu<\/h2>\n<p>Atunci c\u00e2nd se utilizeaz\u0103 cilindri hidraulici, este vital s\u0103 se implementeze m\u0103suri de siguran\u021b\u0103 pentru a proteja operatorii \u0219i echipamentele. Aceasta include asigurarea faptului c\u0103 toate caracteristicile de siguran\u021b\u0103 sunt func\u021bionale \u0219i c\u0103 operatorii sunt instrui\u021bi s\u0103 manipuleze utilajele \u00een siguran\u021b\u0103. Considera\u021biile de mediu, cum ar fi prevenirea scurgerilor de fluid hidraulic, sunt esen\u021biale pentru men\u021binerea unui mediu de lucru sigur \u0219i curat. Eliminarea corect\u0103 a fluidelor \u0219i componentelor hidraulice contribuie, de asemenea, la sustenabilitate \u0219i la respectarea reglement\u0103rilor de mediu.<\/p>\n<h2>Depanare \u0219i probleme frecvente<\/h2>\n<ul>\n<li><strong>Pierdere de presiune:<\/strong> Dac\u0103 cilindrul bra\u021bului prezint\u0103 o pierdere de presiune, verifica\u021bi dac\u0103 exist\u0103 scurgeri la conductele sau etan\u0219\u0103rile hidraulice. Asigura\u021bi-v\u0103 c\u0103 nivelul fluidului hidraulic este adecvat \u0219i verifica\u021bi dac\u0103 exist\u0103 blocaje.<\/li>\n<li><strong>Func\u021bionare lent\u0103:<\/strong> Func\u021bionarea lent\u0103 poate indica o cantitate insuficient\u0103 de lichid hidraulic sau aer \u00een sistem. Aerisi\u021bi sistemul \u0219i verifica\u021bi nivelurile de lichid pentru a rezolva aceast\u0103 problem\u0103.<\/li>\n<li><strong>Mi\u0219care inegal\u0103:<\/strong> Dac\u0103 cilindrul bra\u021bului se mi\u0219c\u0103 neuniform, verifica\u021bi garniturile \u0219i conexiunile hidraulice pentru a depista eventuale deterior\u0103ri sau uzur\u0103. Asigura\u021bi-v\u0103 c\u0103 cilindrul este aliniat \u0219i calibrat corespunz\u0103tor.<\/li>\n<\/ul>\n<h2>Sfaturi de depanare<\/h2>\n<p>Pentru a diagnostica \u0219i rezolva eficient problemele legate de cilindrii bra\u021bului, \u00eencepe\u021bi prin a consulta manualul de utilizare pentru instruc\u021biuni de depanare. \u00centre\u021binerea regulat\u0103 poate preveni multe probleme comune, a\u0219adar respecta\u021bi inspec\u021biile programate \u0219i \u00eenlocui\u021bi prompt componentele uzate. Implementarea unei abord\u0103ri sistematice pentru monitorizarea performan\u021bei cilindrilor ajut\u0103 la identificarea problemelor poten\u021biale \u00eenainte ca acestea s\u0103 se agraveze, asigur\u00e2nd o func\u021bionare fiabil\u0103.<\/p>\n<p><img decoding=\"async\" src=\"https:\/\/www.hydraulic-cylinders.net\/wp-content\/uploads\/2025\/04\/songte-bushings-with-all-kinds-of-excavator-models.webp\" alt=\"Buc\u0219e cu imaginea modelelor de excavatoare\" \/><\/p>\n<h2>Despre compania noastr\u0103<\/h2>\n<p>Suntem un produc\u0103tor important de cilindri hidraulici de schimb, oferind o gam\u0103 divers\u0103 de produse at\u00e2t pe pie\u021bele interne, c\u00e2t \u0219i interna\u021bionale. Angajamentul nostru fa\u021b\u0103 de excelen\u021b\u0103 se reflect\u0103 \u00een procesele noastre meticuloase de fabrica\u021bie \u0219i strategiile de management. Ne \u00eembun\u0103t\u0103\u021bim continuu platforma de produc\u021bie prin valorificarea talentului tehnic, a echipamentelor digitale avansate de fabrica\u021bie \u0219i a sistemelor profesionale de testare, asigur\u00e2ndu-ne c\u0103 satisfacem diversele nevoi ale clien\u021bilor cu eficien\u021b\u0103, precizie \u0219i calitate ridicate.<\/p>\n<h3>Expertiz\u0103 \u0219i solu\u021bii personalizate<\/h3>\n<p>Cu cuno\u0219tin\u021bele noastre specializate, oferim solu\u021bii personalizate, adaptate pentru a \u00eendeplini cerin\u021be opera\u021bionale specifice. Certific\u0103rile noastre interna\u021bionale garanteaz\u0103 clien\u021bilor calitatea \u0219i fiabilitatea produselor noastre, ceea ce ne face un partener de \u00eencredere \u00een solu\u021bii hidraulice.<\/p>\n<h3>Echipamente avansate de produc\u021bie<\/h3>\n<p>Facilit\u0103\u021bile noastre sunt dotate cu echipamente de produc\u021bie de ultim\u0103 genera\u021bie, ceea ce ne permite s\u0103 producem cilindri hidraulici care \u00eendeplinesc standarde stricte de calitate. Procesele noastre riguroase de control al calit\u0103\u021bii garanteaz\u0103 c\u0103 toate produsele dep\u0103\u0219esc a\u0219tept\u0103rile clien\u021bilor.<\/p>\n<h3>Asisten\u021b\u0103 post-v\u00e2nzare<\/h3>\n<p>Ne m\u00e2ndrim cu faptul c\u0103 oferim asisten\u021b\u0103 post-v\u00e2nzare excep\u021bional\u0103, ajut\u00e2nd clien\u021bii cu instalarea, \u00eentre\u021binerea \u0219i depanarea. Echipa noastr\u0103 dedicat\u0103 de servicii pentru clien\u021bi este \u00eentotdeauna disponibil\u0103 pentru a v\u0103 ajuta cu orice \u00eentreb\u0103ri sau nel\u0103muriri.<\/p>\n<p><img decoding=\"async\" src=\"https:\/\/www.hydraulic-cylinders.net\/wp-content\/uploads\/2025\/04\/songte-company-4.webp\" alt=\"Imaginea companiei 1\" \/><br \/>\n<img decoding=\"async\" src=\"https:\/\/www.hydraulic-cylinders.net\/wp-content\/uploads\/2025\/04\/songte-company-3.webp\" alt=\"Imaginea companiei 2\" \/><\/p>\n<p>Autor: lyl<\/p>","protected":false},"excerpt":{"rendered":"<p>Boom Cylinder For Sinomach ZG3065-9 Introduction to Boom Cylinder The Boom Cylinder is a vital component in hydraulic systems, specifically designed for controlling the movement of buckets in heavy machinery such as excavators, backhoe loaders, and front loaders. This hydraulic cylinder allows the bucket to lift, lower, and tilt, facilitating efficient material handling tasks. It [&hellip;]<\/p>","protected":false},"featured_media":17873,"comment_status":"open","ping_status":"closed","template":"","meta":{"_et_pb_use_builder":"","_et_pb_old_content":"","_et_gb_content_width":""},"product_brand":[],"product_cat":[1546],"product_tag":[1547,1496],"class_list":{"0":"post-19489","1":"product","2":"type-product","3":"status-publish","4":"has-post-thumbnail","6":"product_cat-boom-cylinders","7":"product_tag-boom-cylinders","8":"product_tag-hydraulic-cylinders","10":"first","11":"instock","12":"shipping-taxable","13":"product-type-simple"},"amp_enabled":true,"_links":{"self":[{"href":"https:\/\/www.hydraulic-cylinders.net\/ro\/wp-json\/wp\/v2\/product\/19489","targetHints":{"allow":["GET"]}}],"collection":[{"href":"https:\/\/www.hydraulic-cylinders.net\/ro\/wp-json\/wp\/v2\/product"}],"about":[{"href":"https:\/\/www.hydraulic-cylinders.net\/ro\/wp-json\/wp\/v2\/types\/product"}],"replies":[{"embeddable":true,"href":"https:\/\/www.hydraulic-cylinders.net\/ro\/wp-json\/wp\/v2\/comments?post=19489"}],"wp:featuredmedia":[{"embeddable":true,"href":"https:\/\/www.hydraulic-cylinders.net\/ro\/wp-json\/wp\/v2\/media\/17873"}],"wp:attachment":[{"href":"https:\/\/www.hydraulic-cylinders.net\/ro\/wp-json\/wp\/v2\/media?parent=19489"}],"wp:term":[{"taxonomy":"product_brand","embeddable":true,"href":"https:\/\/www.hydraulic-cylinders.net\/ro\/wp-json\/wp\/v2\/product_brand?post=19489"},{"taxonomy":"product_cat","embeddable":true,"href":"https:\/\/www.hydraulic-cylinders.net\/ro\/wp-json\/wp\/v2\/product_cat?post=19489"},{"taxonomy":"product_tag","embeddable":true,"href":"https:\/\/www.hydraulic-cylinders.net\/ro\/wp-json\/wp\/v2\/product_tag?post=19489"}],"curies":[{"name":"wp","href":"https:\/\/api.w.org\/{rel}","templated":true}]}}