{"id":19490,"date":"2025-04-07T06:50:25","date_gmt":"2025-04-07T06:50:25","guid":{"rendered":"https:\/\/www.hydraulic-cylinders.net\/product\/boom-cylinder-for-sinomach-zg3150-9c\/"},"modified":"2025-04-07T06:50:31","modified_gmt":"2025-04-07T06:50:31","slug":"boom-cylinder-for-sinomach-zg3150-9c","status":"publish","type":"product","link":"https:\/\/www.hydraulic-cylinders.net\/ro\/produs\/boom-cylinder-for-sinomach-zg3150-9c\/","title":{"rendered":"Cilindru de bra\u021b pentru Sinomach ZG3150-9C"},"content":{"rendered":"<h1>Cilindru de bra\u021b pentru Sinomach ZG3150-9C<\/h1>\n<h2>Introducere \u00een cilindrul bra\u021bului<\/h2>\n<p>Cilindrul hidraulic pentru Sinomach ZG3150-9C este un cilindru hidraulic specializat, conceput pentru a controla mi\u0219carea cupelor \u00een utilajele grele. Ace\u0219ti cilindri hidraulici joac\u0103 un rol crucial \u00een sistemele hidraulice, permi\u021b\u00e2nd ridicarea, cobor\u00e2rea \u0219i \u00eenclinarea echipamentelor precum excavatoarele, \u00eenc\u0103rc\u0103toarele cu buldoexcavatoare \u0219i \u00eenc\u0103rc\u0103toarele frontale. Av\u00e2nd capacitatea de a facilita sarcinile de manipulare a materialelor, ace\u0219ti cilindri asigur\u0103 eficien\u021ba \u0219i eficacitatea opera\u021bional\u0103 pe \u0219antiere.<\/p>\n<p><img decoding=\"async\" src=\"https:\/\/www.hydraulic-cylinders.net\/wp-content\/uploads\/2025\/04\/songte-company-1.webp\" alt=\"Imagine cilindru hidraulic\"><\/p>\n<h3>Defini\u021bia \u0219i prezentarea general\u0103 a cilindrilor cupei<\/h3>\n<p>Cilindrii cupei, cunoscu\u021bi \u0219i sub denumirea de cilindri ai bra\u021bului, sunt cilindri hidraulici special concepu\u021bi pentru a gestiona mi\u0219carea cupelor \u00een diverse utilaje grele. Ace\u0219tia utilizeaz\u0103 presiunea hidraulic\u0103 pentru a ob\u021bine mi\u0219c\u0103ri line \u0219i controlate. Permi\u021b\u00e2nd ridicarea de sarcini grele \u0219i ajust\u0103ri precise ale unghiului, cilindrii cupei \u00eembun\u0103t\u0103\u021besc semnificativ func\u021bionalitatea echipamentelor, f\u0103c\u00e2ndu-i indispensabili \u00een construc\u021bii, agricultur\u0103 \u0219i alte aplica\u021bii grele.<\/p>\n<h2>Caracteristicile cilindrului bra\u021bului<\/h2>\n<ul>\n<li><strong>Rezisten\u021b\u0103 \u0219i durabilitate ridicate:<\/strong> De obicei, construi\u021bi din o\u021bel sau aluminiu de \u00eenalt\u0103 rezisten\u021b\u0103, ace\u0219ti cilindri sunt proiecta\u021bi s\u0103 reziste la presiuni ridicate \u0219i sarcini grele. Sunt proiecta\u021bi s\u0103 func\u021bioneze \u00een medii de lucru dure, cu caracteristici care sporesc rezisten\u021ba la uzur\u0103 \u0219i protec\u021bia \u00eempotriva coroziunii, asigur\u00e2nd o durat\u0103 lung\u0103 de via\u021b\u0103.<\/li>\n<li><strong>Func\u021bionare hidraulic\u0103 eficient\u0103:<\/strong> Utiliz\u00e2nd presiunea uleiului hidraulic, cilindrul bra\u021bului asigur\u0103 o extensie \u0219i o retragere lin\u0103. Acest r\u0103spuns rapid la comenzile operatorului ofer\u0103 capacit\u0103\u021bi puternice de \u00eempingere \u0219i tragere, fiind potrivit pentru manipularea materialelor grele \u0219i a sarcinilor opera\u021bionale complexe.<\/li>\n<li><strong>Varietate de tipuri:<\/strong> \u00cen func\u021bie de cerin\u021be, ace\u0219ti cilindri pot fi cu ac\u021biune simpl\u0103 (folosind for\u021ba hidraulic\u0103 \u00eentr-o singur\u0103 direc\u021bie) sau cu ac\u021biune dubl\u0103 (folosind for\u021ba hidraulic\u0103 \u00een ambele direc\u021bii). Unele modele sunt telescopice, permi\u021b\u00e2nd o extensie mai mare f\u0103r\u0103 a cre\u0219te dimensiunile exterioare, perfec\u021bi pentru aplica\u021bii cu spa\u021biu limitat.<\/li>\n<\/ul>\n<p>Noi fabric\u0103m acest produs, iar cilindrii no\u0219tri pot \u00eenlocui perfect ace\u0219ti cilindri hidraulici.<\/p>\n<p><img decoding=\"async\" src=\"https:\/\/www.hydraulic-cylinders.net\/wp-content\/uploads\/2025\/04\/songte-cylinder-head-with-all-kinds-excavator-models.webp\" alt=\"Modele de excavatoare\"><\/p>\n<h2>Aplica\u021bii ale cilindrilor bra\u021bului<\/h2>\n<h3>Echipamente de construc\u021bii<\/h3>\n<p>\u00cen utilajele de construc\u021bii, cilindrii bra\u021bului sunt componente esen\u021biale g\u0103site \u00een excavatoare. Sunt cruciali pentru s\u0103pare, \u00eenc\u0103rcare \u0219i mutarea p\u0103m\u00e2ntului sau a resturilor. \u00cen cazul \u00eenc\u0103rc\u0103toarelor basculante, ace\u0219ti cilindri nu numai c\u0103 ajut\u0103 la excavare, dar ajut\u0103 \u0219i la opera\u021biunile de ridicare.<\/p>\n<h3>Ma\u0219ini agricole<\/h3>\n<p>\u00cen cazul \u00eenc\u0103rc\u0103toarelor frontale, cilindrii bra\u021bului joac\u0103 un rol vital \u00een scoaterea, ridicarea \u0219i transportul solului, f\u00e2nului \u0219i altor materiale. Capacitatea lor de a gestiona eficient diverse sarcini agricole \u00eei face indispensabili \u00een sectorul agricol.<\/p>\n<h3>Excavatoare<\/h3>\n<p>Cilindrul bra\u021bului este responsabil pentru penetrarea eficient\u0103 a cupei \u00een sol \u00een timpul sarcinilor de excavare. Aceast\u0103 func\u021bionalitate este esen\u021bial\u0103 pentru ob\u021binerea unei ad\u00e2ncimi \u0219i a unei eficien\u021be optime de excavare.<\/p>\n<h3>\u00cenc\u0103rc\u0103toare<\/h3>\n<p>La \u00eenc\u0103rc\u0103toarele frontale, cilindrii bra\u021bului ajut\u0103 la ridicarea \u0219i desc\u0103rcarea eficient\u0103 a sarcinilor, sporind productivitatea \u0219i capacit\u0103\u021bile de manipulare a materialelor pe \u0219antiere.<\/p>\n<h2>Considera\u021bii de proiectare \u0219i criterii de selec\u021bie<\/h2>\n<h3>Capacitate de \u00eenc\u0103rcare<\/h3>\n<p>Atunci c\u00e2nd se selecteaz\u0103 un cilindru pentru bra\u021b, capacitatea de \u00eenc\u0103rcare este primordial\u0103. Cilindrul trebuie s\u0103 poat\u0103 suporta sarcina maxim\u0103 a\u0219teptat\u0103 \u00een timpul func\u021bion\u0103rii. Dimensionarea corect\u0103 asigur\u0103 func\u021bionarea sigur\u0103 \u0219i eficient\u0103 a echipamentului, reduc\u00e2nd riscul de defec\u021biune a cilindrului.<\/p>\n<h3>Sigilare<\/h3>\n<p>Etan\u0219area eficient\u0103 este crucial\u0103 pentru a preveni scurgerile de fluid hidraulic \u0219i pentru a men\u021bine o presiune optim\u0103 \u00een interiorul cilindrului. Etan\u0219\u0103rile de \u00eenalt\u0103 calitate sporesc durata de via\u021b\u0103 a cilindrului prin prevenirea contamin\u0103rii \u0219i reducerea uzurii.<\/p>\n<h3>Durabilitate<\/h3>\n<p>Durabilitatea este un factor critic, \u00een special \u00een medii solicitante. Materialele utilizate \u00een construc\u021bia cilindrului bra\u021bului ar trebui s\u0103 fie rezistente la uzur\u0103, coroziune \u0219i oboseal\u0103, asigur\u00e2nd fiabilitate \u0219i performan\u021b\u0103 pe termen lung.<\/p>\n<h3>Siguran\u0163\u0103<\/h3>\n<p>Siguran\u021ba este o considera\u021bie primordial\u0103 \u00een proiectarea cilindrilor hidraulici. Caracteristici precum supapele de suprapresiune \u0219i op\u021biunile robuste de montare reduc la minimum riscul de accidente \u0219i defec\u021biuni ale echipamentelor.<\/p>\n<h3>Mentenabilitate<\/h3>\n<p>Alegerea unui cilindru de bra\u021b u\u0219or de \u00eentre\u021binut \u00eei va cre\u0219te longevitatea. Caracteristicile de design care permit accesul facil la etan\u0219\u0103ri \u0219i componente interne simplific\u0103 \u0219i accelereaz\u0103 sarcinile de \u00eentre\u021binere, reduc\u00e2nd astfel timpul de nefunc\u021bionare.<\/p>\n<p><img decoding=\"async\" src=\"https:\/\/www.hydraulic-cylinders.net\/wp-content\/uploads\/2025\/04\/songte-oil-pipes-and-spare-parts.webp\" alt=\"Conducte de petrol \u0219i piese de schimb\"><\/p>\n<h2>Etan\u0219area \u0219i lubrifierea cilindrului hidraulic<\/h2>\n<p>Etan\u0219area \u0219i lubrifierea corespunz\u0103toare sunt esen\u021biale pentru func\u021bionarea \u0219i longevitatea cilindrului bra\u021bului. Diverse etan\u0219\u0103ri, cum ar fi etan\u0219\u0103rile pistonului \u0219i etan\u0219\u0103rile tijei, sunt utilizate pentru a men\u021bine presiunea hidraulic\u0103 \u0219i a preveni scurgerile de fluid. Selec\u021bia materialelor durabile, cum ar fi poliuretanul \u0219i cauciucul nitrilic, pentru etan\u0219\u0103ri spore\u0219te rezisten\u021ba la uzur\u0103 \u0219i la factorii de mediu.<\/p>\n<p>Corpul cilindrului \u0219i suprafe\u021bele filetate ale cap\u0103tului sunt supuse unui tratament meticulos pentru a \u00eembun\u0103t\u0103\u021bi rezisten\u021ba la uzur\u0103. Lubrifierea regulat\u0103 cu ulei hidraulic este necesar\u0103 pentru a minimiza frecarea \u0219i a asigura o func\u021bionare lin\u0103. Lubrifierea adecvat\u0103 contribuie la eficien\u021ba general\u0103 \u0219i la durata de via\u021b\u0103 a cilindrului hidraulic.<\/p>\n<h2>\u00centre\u021binere regulat\u0103 \u0219i m\u0103suri preventive<\/h2>\n<ul>\n<li><strong>Inspec\u021bii frecvente:<\/strong> Inspecta\u021bi periodic cilindrul bra\u021bului pentru a depista semne de uzur\u0103, scurgeri sau deteriorare. Depistarea timpurie a problemelor poate preveni complica\u021bii ulterioare \u0219i repara\u021bii costisitoare.<\/li>\n<li><strong>Lubrifiere adecvat\u0103:<\/strong> Asigura\u021bi-v\u0103 c\u0103 cilindrul este lubrifiat corespunz\u0103tor cu ulei hidraulic. Acest lucru reduce frecarea \u0219i uzura pieselor mobile, promov\u00e2nd o func\u021bionare lin\u0103.<\/li>\n<li><strong>\u00cenlocuirea garniturii:<\/strong> \u00cen timp, garniturile se pot uza \u0219i deveni ineficiente. Verifica\u021bi \u0219i \u00eenlocui\u021bi periodic garniturile, dup\u0103 cum este necesar, pentru a men\u021bine integritatea hidraulic\u0103.<\/li>\n<\/ul>\n<h2>Instruc\u021biuni de instalare pentru cilindrul bra\u021bului<\/h2>\n<p>Instalarea corect\u0103 a cilindrului bra\u021bului este esen\u021bial\u0103 pentru o performan\u021b\u0103 optim\u0103. \u00cencepe\u021bi prin a v\u0103 asigura c\u0103 toate componentele sunt curate \u0219i f\u0103r\u0103 resturi. Alinia\u021bi corect cilindrul cu punctele de montare, deoarece nealinierea poate duce la solicit\u0103ri \u0219i uzur\u0103 prematur\u0103.<\/p>\n<p>Folosi\u021bi console de montare adecvate pentru a fixa cilindrul \u00een pozi\u021bie, prevenind mi\u0219carea \u00een timpul func\u021bion\u0103rii. Respecta\u021bi specifica\u021biile de cuplu ale produc\u0103torului atunci c\u00e2nd str\u00e2nge\u021bi \u0219uruburile pentru a asigura o fixare sigur\u0103. Dup\u0103 instalare, verifica\u021bi de dou\u0103 ori alinierea \u0219i func\u021bionalitatea conexiunilor hidraulice.<\/p>\n<p>Dup\u0103 instalare, efectua\u021bi un test de func\u021bionare pentru a confirma buna func\u021bionare a cilindrului \u0219i efectua\u021bi orice ajust\u0103ri necesare pentru a asigura o performan\u021b\u0103 optim\u0103.<\/p>\n<h2>Sarcini comune de \u00eentre\u021binere<\/h2>\n<h3>Inspec\u021bii regulate<\/h3>\n<p>Inspec\u021biile regulate sunt cruciale pentru men\u021binerea eficien\u021bei opera\u021bionale a cilindrului bra\u021bului. C\u0103uta\u021bi orice semne de scurgeri, uzur\u0103 sau deteriorare. Identificarea problemelor din timp poate preveni probleme mai semnificative pe viitor. Programa\u021bi inspec\u021biile \u00een func\u021bie de frecven\u021ba de utilizare, asigur\u00e2ndu-v\u0103 c\u0103 orice probleme poten\u021biale sunt abordate \u00eenainte de a se agrava.<\/p>\n<h3>Lubrifiere adecvat\u0103<\/h3>\n<p>Lubrifierea trebuie efectuat\u0103 conform instruc\u021biunilor produc\u0103torului. Lubrifierea adecvat\u0103 minimizeaz\u0103 frecarea, prelungind durata de via\u021b\u0103 a cilindrului \u0219i asigur\u00e2nd performan\u021be optime. Folosi\u021bi \u00eentotdeauna tipul recomandat de ulei hidraulic \u0219i asigura\u021bi-v\u0103 c\u0103 garniturile r\u0103m\u00e2n intacte pentru a preveni contaminarea.<\/p>\n<h3>\u00cenlocuirea garniturii \u0219i verific\u0103ri ale calibr\u0103rii<\/h3>\n<p>Verifica\u021bi periodic garniturile pentru uzur\u0103 \u0219i \u00eenlocui\u021bi-le dup\u0103 cum este necesar. Etan\u0219area adecvat\u0103 men\u021bine presiunea hidraulic\u0103 \u0219i previne scurgerile. \u00cen plus, verific\u0103rile de calibrare sunt esen\u021biale pentru a asigura func\u021bionarea cilindrului \u00een parametrii specifica\u021bi. Calibrarea corect\u0103 spore\u0219te eficien\u021ba \u0219i siguran\u021ba sistemelor hidraulice.<\/p>\n<p><img decoding=\"async\" src=\"https:\/\/www.hydraulic-cylinders.net\/wp-content\/uploads\/2025\/04\/songte-chushion-collar.webp\" alt=\"Guler de pern\u0103\"><\/p>\n<h2>Considera\u021bii de siguran\u021b\u0103 \u0219i factori de mediu<\/h2>\n<p>Atunci c\u00e2nd se lucreaz\u0103 cu cilindri hidraulici, m\u0103surile de siguran\u021b\u0103 sunt primordiale. Operatorii trebuie s\u0103 fie instrui\u021bi cu privire la func\u021bionarea \u0219i \u00eentre\u021binerea \u00een siguran\u021b\u0103 a sistemelor hidraulice pentru a reduce riscurile. Purtarea echipamentului individual de protec\u021bie (EIP) adecvat este, de asemenea, esen\u021bial\u0103 pentru prevenirea accidentelor. \u00cen plus, lua\u021bi \u00een considerare impactul fluidelor hidraulice asupra mediului, asigur\u00e2nd eliminarea corespunz\u0103toare \u0219i reduc\u00e2nd la minimum scurgerile pentru a proteja ecosistemul.<\/p>\n<h2>Diagnosticarea defec\u021biunilor \u0219i probleme frecvente<\/h2>\n<ul>\n<li><strong>Scurgere:<\/strong> Scurgerile pot ap\u0103rea din cauza garniturilor uzate sau a furtunurilor deteriorate. Inspec\u021bia regulat\u0103 \u0219i repararea imediat\u0103 a scurgerilor sunt esen\u021biale pentru men\u021binerea presiunii \u0219i func\u021bionalit\u0103\u021bii hidraulice.<\/li>\n<li><strong>Mi\u0219care lent\u0103:<\/strong> Dac\u0103 cilindrul bra\u021bului se mi\u0219c\u0103 \u00eencet, acest lucru poate indica niveluri sc\u0103zute de fluid hidraulic, contaminare sau etan\u0219\u0103ri uzate. Rezolvarea prompt\u0103 a acestor probleme asigur\u0103 o func\u021bionare f\u0103r\u0103 probleme.<\/li>\n<li><strong>Zgomote neobi\u0219nuite:<\/strong> Sunetele neobi\u0219nuite din timpul func\u021bion\u0103rii pot semnala o defec\u021biune mecanic\u0103 sau o lubrifiere insuficient\u0103. Investigarea \u0219i remedierea acestor probleme este vital\u0103 pentru a preveni deteriorarea ulterioar\u0103.<\/li>\n<\/ul>\n<p>Pentru a depana aceste probleme, \u00eencepe\u021bi cu o inspec\u021bie am\u0103nun\u021bit\u0103 a tuturor componentelor. \u00cenlocui\u021bi piesele deteriorate, completa\u021bi cu lichid hidraulic dup\u0103 cum este necesar \u0219i asigura\u021bi o lubrifiere corespunz\u0103toare pentru a men\u021bine sistemul \u00een stare bun\u0103 de func\u021bionare.<\/p>\n<h2>Concluzie<\/h2>\n<p>Suntem un produc\u0103tor important de cilindri hidraulici alternativi, oferind o gam\u0103 complet\u0103 de produse. Angajamentul nostru fa\u021b\u0103 de excelen\u021b\u0103 \u0219i fabrica\u021bie de precizie garanteaz\u0103 c\u0103 satisfacem diversele nevoi ale clien\u021bilor at\u00e2t pe pie\u021bele interne, c\u00e2t \u0219i pe cele interna\u021bionale. Concentr\u00e2ndu-ne pe produc\u021bia de \u00eenalt\u0103 calitate, facilit\u0103\u021bile noastre avansate de produc\u021bie \u0219i sistemele profesionale de testare sporesc calitatea \u0219i fiabilitatea produselor.<\/p>\n<p>Expertiza noastr\u0103 se extinde la oferirea de solu\u021bii personalizate, iar certific\u0103rile noastre interna\u021bionale garanteaz\u0103 cele mai \u00eenalte standarde. Ne m\u00e2ndrim cu serviciul nostru post-v\u00e2nzare, asigur\u00e2nd satisfac\u021bia clien\u021bilor printr-un suport continuu.<\/p>\n<p><img decoding=\"async\" src=\"https:\/\/www.hydraulic-cylinders.net\/wp-content\/uploads\/2025\/04\/songte-company-4.webp\" alt=\"Imaginea companiei\"><br \/>\n<img decoding=\"async\" src=\"https:\/\/www.hydraulic-cylinders.net\/wp-content\/uploads\/2025\/04\/songte-company-3.webp\" alt=\"Imaginea companiei\"><\/p>\n<p>Autor: lyl<\/p>","protected":false},"excerpt":{"rendered":"<p>Boom Cylinder For Sinomach ZG3150-9C Introduction to Boom Cylinder The Boom Cylinder for Sinomach ZG3150-9C is a specialized hydraulic cylinder designed to control the movement of buckets in heavy machinery. These hydraulic cylinders play a crucial role in hydraulic systems, allowing for the lifting, lowering, and tilting of equipment such as excavators, backhoe loaders, and [&hellip;]<\/p>","protected":false},"featured_media":17874,"comment_status":"open","ping_status":"closed","template":"","meta":{"_et_pb_use_builder":"","_et_pb_old_content":"","_et_gb_content_width":""},"product_brand":[],"product_cat":[1546],"product_tag":[1547,1496],"class_list":{"0":"post-19490","1":"product","2":"type-product","3":"status-publish","4":"has-post-thumbnail","6":"product_cat-boom-cylinders","7":"product_tag-boom-cylinders","8":"product_tag-hydraulic-cylinders","10":"first","11":"instock","12":"shipping-taxable","13":"product-type-simple"},"amp_enabled":true,"_links":{"self":[{"href":"https:\/\/www.hydraulic-cylinders.net\/ro\/wp-json\/wp\/v2\/product\/19490","targetHints":{"allow":["GET"]}}],"collection":[{"href":"https:\/\/www.hydraulic-cylinders.net\/ro\/wp-json\/wp\/v2\/product"}],"about":[{"href":"https:\/\/www.hydraulic-cylinders.net\/ro\/wp-json\/wp\/v2\/types\/product"}],"replies":[{"embeddable":true,"href":"https:\/\/www.hydraulic-cylinders.net\/ro\/wp-json\/wp\/v2\/comments?post=19490"}],"wp:featuredmedia":[{"embeddable":true,"href":"https:\/\/www.hydraulic-cylinders.net\/ro\/wp-json\/wp\/v2\/media\/17874"}],"wp:attachment":[{"href":"https:\/\/www.hydraulic-cylinders.net\/ro\/wp-json\/wp\/v2\/media?parent=19490"}],"wp:term":[{"taxonomy":"product_brand","embeddable":true,"href":"https:\/\/www.hydraulic-cylinders.net\/ro\/wp-json\/wp\/v2\/product_brand?post=19490"},{"taxonomy":"product_cat","embeddable":true,"href":"https:\/\/www.hydraulic-cylinders.net\/ro\/wp-json\/wp\/v2\/product_cat?post=19490"},{"taxonomy":"product_tag","embeddable":true,"href":"https:\/\/www.hydraulic-cylinders.net\/ro\/wp-json\/wp\/v2\/product_tag?post=19490"}],"curies":[{"name":"wp","href":"https:\/\/api.w.org\/{rel}","templated":true}]}}