{"id":19491,"date":"2025-04-07T06:50:34","date_gmt":"2025-04-07T06:50:34","guid":{"rendered":"https:\/\/www.hydraulic-cylinders.net\/product\/boom-cylinder-for-sinomach-zg3085-9\/"},"modified":"2025-04-07T06:50:42","modified_gmt":"2025-04-07T06:50:42","slug":"boom-cylinder-for-sinomach-zg3085-9","status":"publish","type":"product","link":"https:\/\/www.hydraulic-cylinders.net\/ro\/produs\/boom-cylinder-for-sinomach-zg3085-9\/","title":{"rendered":"Cilindru de bra\u021b pentru Sinomach ZG3085-9"},"content":{"rendered":"<h1>Cilindru de bra\u021b pentru Sinomach ZG3085-9<\/h1>\n<h2>Prezentare general\u0103 a produsului<\/h2>\n<p>Cilindrul bra\u021bului pentru Sinomach ZG3085-9 este un cilindru hidraulic specializat, conceput pentru a controla mi\u0219carea cupei \u00een diverse utilaje grele, cum ar fi excavatoare, \u00eenc\u0103rc\u0103toare excavatoare \u0219i \u00eenc\u0103rc\u0103toare frontale. Acest cilindru hidraulic permite ridicarea, cobor\u00e2rea \u0219i \u00eenclinarea cupei, facilit\u00e2nd eficient sarcinile de manipulare a materialelor. Cilindrul cupei, un tip de cilindru hidraulic, joac\u0103 un rol crucial \u00een sistemele hidraulice, transform\u00e2nd energia hidraulic\u0103 \u00een energie mecanic\u0103 pentru a efectua lucr\u0103ri.<\/p>\n<p><img decoding=\"async\" src=\"https:\/\/www.hydraulic-cylinders.net\/wp-content\/uploads\/2025\/04\/songte-company-1.webp\" alt=\"Cilindru bra\u021b pentru Sinomach ZG3085-9\"><\/p>\n<h2>Caracteristicile cilindrului bra\u021bului<\/h2>\n<ul>\n<li>\n<h3>Rezisten\u021b\u0103 \u0219i durabilitate ridicate<\/h3>\n<p>Construit din o\u021bel sau aluminiu de \u00eenalt\u0103 rezisten\u021b\u0103, acest cilindru poate rezista la presiuni ridicate \u0219i sarcini grele, fiind potrivit pentru medii de lucru dure. Designul s\u0103u ia \u00een considerare \u0219i rezisten\u021ba la uzur\u0103 \u0219i la coroziune, prelungindu-i durata de via\u021b\u0103.<\/p>\n<\/li>\n<li>\n<h3>Func\u021bionare hidraulic\u0103 eficient\u0103<\/h3>\n<p>Cilindrul utilizeaz\u0103 presiunea uleiului hidraulic pentru a realiza o extensie \u0219i o retragere lin\u0103, permi\u021b\u00e2nd un r\u0103spuns rapid la comenzile opera\u021bionale \u0219i oferind o for\u021b\u0103 semnificativ\u0103 de \u00eempingere \u0219i tragere, ideal\u0103 pentru manipularea materialelor grele \u0219i a sarcinilor complexe.<\/p>\n<\/li>\n<li>\n<h3>Diverse tipuri disponibile<\/h3>\n<p>Ofertele includ cilindri cu ac\u021biune simpl\u0103 (care func\u021bioneaz\u0103 \u00eentr-o singur\u0103 direc\u021bie) \u0219i cu ac\u021biune dubl\u0103 (care func\u021bioneaz\u0103 \u00een ambele direc\u021bii), care r\u0103spund diverselor cerin\u021be opera\u021bionale. Anumite modele sunt telescopice, permi\u021b\u00e2nd o extensie mai mare f\u0103r\u0103 a cre\u0219te dimensiunile exterioare, perfecte pentru aplica\u021bii cu spa\u021biu limitat.<\/p>\n<\/li>\n<li>\n<h3>Solu\u021bii personalizabile<\/h3>\n<p>Fabric\u0103m acest produs, asigur\u00e2ndu-ne c\u0103 poate \u00eenlocui perfect cilindrii hidraulici existen\u021bi din echipamentul dumneavoastr\u0103.<\/p>\n<\/li>\n<\/ul>\n<p><img decoding=\"async\" src=\"https:\/\/www.hydraulic-cylinders.net\/wp-content\/uploads\/2025\/04\/songte-cylinder-head-with-all-kinds-excavator-models.webp\" alt=\"Chiulas\u0103 hidraulic\u0103 pentru excavatoare\"><\/p>\n<h2>Aplica\u021bii ale cilindrului bra\u021bului<\/h2>\n<ul>\n<li>\n<h3>Echipamente de construc\u021bii<\/h3>\n<p>\u00cen excavatoare, cilindrul bra\u021bului este vital pentru s\u0103pare, \u00eenc\u0103rcare \u0219i mutarea solului sau a resturilor. Acesta permite cupei s\u0103 p\u0103trund\u0103 eficient \u00een sol, fiind indispensabil\u0103 pentru sarcinile de construc\u021bie. Puterea hidraulic\u0103 ofer\u0103 for\u021ba necesar\u0103 pentru ridicarea sarcinilor grele, u\u0219ur\u00e2nd povara operatorilor \u0219i sporind eficien\u021ba pe \u0219antiere.<\/p>\n<\/li>\n<li>\n<h3>Ma\u0219ini agricole<\/h3>\n<p>Utilizat \u00een \u00eenc\u0103rc\u0103toarele frontale, cilindrul bra\u021bului exceleaz\u0103 \u00een scoaterea, ridicarea \u0219i transportul solului, f\u00e2nului \u0219i altor materiale. Fiabilitatea sa asigur\u0103 finalizarea eficient\u0103 a sarcinilor agricole, fie \u00een timpul sezonului de plantare, fie pentru \u00eentre\u021binerea general\u0103 a fermei, \u00eembun\u0103t\u0103\u021bind astfel productivitatea \u00een sectorul agricol.<\/p>\n<\/li>\n<li>\n<h3>Excavatoare<\/h3>\n<p>Capacitatea cilindrului bra\u021bului de a permite cupei s\u0103 p\u0103trund\u0103 \u00een sol contribuie la opera\u021biuni eficiente de excavare. Aceast\u0103 func\u021bionalitate este esen\u021bial\u0103 \u00een diverse proiecte, de la s\u0103parea de \u0219an\u021buri p\u00e2n\u0103 la preg\u0103tirea \u0219antierului, furniz\u00e2nd for\u021ba necesar\u0103 pentru a sparge diverse tipuri de sol.<\/p>\n<\/li>\n<li>\n<h3>\u00cenc\u0103rc\u0103toare<\/h3>\n<p>La \u00eenc\u0103rc\u0103toarele frontale, cilindrul bra\u021bului ajut\u0103 la ridicarea \u0219i desc\u0103rcarea eficient\u0103 a materialelor. Aceast\u0103 capacitate este crucial\u0103 pentru sarcini precum \u00eenc\u0103rcarea camioanelor sau transferul materialelor dintr-o loca\u021bie \u00een alta, asigur\u00e2nd opera\u021biuni rapide \u0219i f\u0103r\u0103 probleme.<\/p>\n<\/li>\n<\/ul>\n<h2>Considera\u021bii de proiectare \u0219i criterii de selec\u021bie<\/h2>\n<ul>\n<li>\n<h3>Capacitate de \u00eenc\u0103rcare<\/h3>\n<p>Capacitatea de \u00eenc\u0103rcare a cilindrului bra\u021bului este un factor critic, deoarece determin\u0103 greutatea maxim\u0103 pe care cilindrul o poate suporta f\u0103r\u0103 defec\u021biuni. O capacitate de \u00eenc\u0103rcare adecvat\u0103 asigur\u0103 siguran\u021ba \u0219i \u00eembun\u0103t\u0103\u021be\u0219te eficien\u021ba general\u0103 a opera\u021biunilor. Este esen\u021bial s\u0103 selecta\u021bi un cilindru care s\u0103 \u00eendeplineasc\u0103 sau s\u0103 dep\u0103\u0219easc\u0103 cerin\u021bele specifice de greutate ale sarcinilor respective.<\/p>\n<\/li>\n<li>\n<h3>Caracteristici de etan\u0219are<\/h3>\n<p>Etan\u0219area eficient\u0103 este vital\u0103 pentru prevenirea scurgerilor de fluid hidraulic \u0219i men\u021binerea presiunii \u00een sistem. Garniturile de \u00eenalt\u0103 calitate asigur\u0103 func\u021bionarea eficient\u0103 a cilindrului, reduc\u00e2nd timpii de nefunc\u021bionare \u0219i costurile de \u00eentre\u021binere. Verific\u0103rile \u0219i \u00eenlocuirile regulate ale garniturilor vor ajuta la men\u021binerea performan\u021bei optime \u0219i la prelungirea duratei de via\u021b\u0103 a cilindrului hidraulic.<\/p>\n<\/li>\n<li>\n<h3>Durabilitate<\/h3>\n<p>Durabilitatea este esen\u021bial\u0103 pentru cilindrii hidraulici care func\u021bioneaz\u0103 \u00een medii solicitante. Materialele utilizate \u00een fabrica\u021bie, \u00eempreun\u0103 cu caracteristicile de proiectare, ar trebui s\u0103 reziste la condi\u021bii dure, inclusiv temperaturi extreme \u0219i materiale abrazive. Investi\u021biile \u00een produse durabile atenueaz\u0103 riscul de defec\u021biuni premature \u0219i repara\u021bii costisitoare.<\/p>\n<\/li>\n<li>\n<h3>Caracteristici de siguran\u021b\u0103<\/h3>\n<p>Siguran\u021ba este primordial\u0103 atunci c\u00e2nd se aleg cilindri hidraulici. Caracteristici precum supapele de suprapresiune, blocajele de siguran\u021b\u0103 \u0219i mecanismele de oprire de urgen\u021b\u0103 ajut\u0103 la prevenirea accidentelor \u0219i a r\u0103nilor \u00een timpul func\u021bion\u0103rii. \u00cen\u021belegerea caracteristicilor de siguran\u021b\u0103 prezente \u00een cilindru ajut\u0103 la asigurarea conformit\u0103\u021bii cu standardele \u0219i reglement\u0103rile din industrie.<\/p>\n<\/li>\n<li>\n<h3>Accesibilitate pentru \u00eentre\u021binere<\/h3>\n<p>Luarea \u00een considerare a u\u0219urin\u021bei \u00eentre\u021binerii este crucial\u0103 atunci c\u00e2nd se aleg cilindrii hidraulici. Proiectele care faciliteaz\u0103 accesul facil la componentele critice permit inspec\u021bii \u0219i repara\u021bii de rutin\u0103 f\u0103r\u0103 dezasamblare extins\u0103. Aceast\u0103 considera\u021bie poate reduce semnificativ timpul \u0219i costurile de \u00eentre\u021binere, sporind eficien\u021ba opera\u021bional\u0103 general\u0103.<\/p>\n<\/li>\n<\/ul>\n<p><img decoding=\"async\" src=\"https:\/\/www.hydraulic-cylinders.net\/wp-content\/uploads\/2025\/04\/songte-oil-pipes-and-spare-parts.webp\" alt=\"Conducte de petrol \u0219i piese de schimb\"><\/p>\n<h2>Etan\u0219are \u0219i lubrifiere<\/h2>\n<p>Eficacitatea cilindrului bra\u021bului este puternic influen\u021bat\u0103 de calitatea etan\u0219\u0103rilor \u0219i lubrifierii sale. Utilizarea diverselor componente de etan\u0219are, cum ar fi etan\u0219\u0103rile pistonului \u0219i etan\u0219\u0103rile tijei, asigur\u0103 o performan\u021b\u0103 optim\u0103. Etan\u0219\u0103rile fabricate din materiale rezistente la uzur\u0103, cum ar fi poliuretanul \u0219i cauciucul nitrilic, sporesc longevitatea \u0219i fiabilitatea. Tratamentul atent al corpului cilindrului \u0219i al suprafe\u021belor filetate ale cap\u0103tului cre\u0219te rezisten\u021ba la uzur\u0103. Lubrifierea regulat\u0103 cu ulei hidraulic este necesar\u0103 pentru a men\u021bine o func\u021bionare lin\u0103 \u0219i a reduce frecarea, contribuind la eficien\u021ba general\u0103 a sistemului hidraulic. Verific\u0103rile de rutin\u0103 ale integrit\u0103\u021bii etan\u0219\u0103rilor \u0219i \u00eenlocuirea la timp pot preveni scurgerile costisitoare \u0219i pot men\u021bine performan\u021ba maxim\u0103.<\/p>\n<h2>M\u0103suri de \u00eentre\u021binere preventiv\u0103<\/h2>\n<ul>\n<li>\n<h3>Inspec\u021bii regulate<\/h3>\n<p>Efectuarea inspec\u021biilor regulate ale cilindrului bra\u021bului este esen\u021bial\u0103 pentru identificarea uzurii. O rutin\u0103 de inspec\u021bii programat\u0103 permite detectarea timpurie a poten\u021bialelor probleme, cum ar fi scurgerile sau nealinierile, ceea ce poate preveni repara\u021bii costisitoare \u0219i poate asigura func\u021bionarea optim\u0103 a cilindrului.<\/p>\n<\/li>\n<li>\n<h3>Lubrifiere adecvat\u0103<\/h3>\n<p>Asigurarea unei lubrifieri adecvate a cilindrului este vital\u0103. Ad\u0103ugarea regulat\u0103 a cantit\u0103\u021bii adecvate de ulei hidraulic ajut\u0103 la reducerea frec\u0103rii, \u00eembun\u0103t\u0103\u021bind performan\u021ba cilindrului \u0219i prelungindu-i durata de via\u021b\u0103. Este important s\u0103 respecta\u021bi recomand\u0103rile produc\u0103torului privind tipul \u0219i frecven\u021ba lubrifierii.<\/p>\n<\/li>\n<li>\n<h3>\u00cenlocuirea garniturii<\/h3>\n<p>\u00cen timp, garniturile se pot degrada, duc\u00e2nd la scurgeri \u0219i sc\u0103derea eficien\u021bei. Verific\u0103rile regulate ale st\u0103rii garniturilor ar trebui s\u0103 fac\u0103 parte din rutinele de \u00eentre\u021binere, cu \u00eenlocuiri la timp pentru a preveni pierderea de fluid \u0219i a men\u021bine presiunea \u00een sistemul hidraulic.<\/p>\n<\/li>\n<\/ul>\n<h2>Instruc\u021biuni de instalare<\/h2>\n<p>Instalarea corect\u0103 a cilindrului bra\u021bului este esen\u021bial\u0103 pentru asigurarea unei performan\u021be optime. \u00cencepe\u021bi prin alinierea corect\u0103 a cilindrului cu punctele de montare de pe ma\u0219in\u0103. Este recomandabil s\u0103 utiliza\u021bi console de montare adecvate pentru a fixa cilindrul \u00een pozi\u021bie, prevenind mi\u0219carea care poate duce la nealiniere \u0219i uzur\u0103 excesiv\u0103. Asigura\u021bi-v\u0103 c\u0103 toate conexiunile hidraulice sunt str\u00e2nse \u0219i f\u0103r\u0103 scurgeri. Dup\u0103 instalare, testa\u021bi func\u021bionarea cilindrului la presiune sc\u0103zut\u0103 \u00eenainte de a-l trece la func\u021bionare complet\u0103 pentru a confirma c\u0103 totul func\u021bioneaz\u0103 f\u0103r\u0103 probleme. Verifica\u021bi periodic alinierea \u0219i fixa\u021bi fitingurile \u00een timpul \u00eentre\u021binerii de rutin\u0103 pentru a asigura performan\u021ba \u0219i siguran\u021ba continue.<\/p>\n<h2>Sarcini comune de \u00eentre\u021binere<\/h2>\n<ul>\n<li>\n<h3>Verific\u0103ri regulate<\/h3>\n<p>Inspec\u021biile frecvente ale cilindrului bra\u021bului sunt esen\u021biale pentru a identifica orice semne de uzur\u0103 sau poten\u021biale probleme. Monitorizarea oric\u0103ror sunete neobi\u0219nuite \u00een timpul func\u021bion\u0103rii poate indica, de asemenea, probleme subiacente care ar putea necesita aten\u021bie.<\/p>\n<\/li>\n<li>\n<h3>Lubrifiere adecvat\u0103<\/h3>\n<p>Lubrifierea constant\u0103 este vital\u0103 pentru func\u021bionalitatea f\u0103r\u0103 probleme a cilindrului hidraulic. Respectarea instruc\u021biunilor produc\u0103torului privind intervalele \u0219i cantit\u0103\u021bile de lubrifiere poate ajuta la men\u021binerea performan\u021bei optime \u0219i la prelungirea duratei de via\u021b\u0103 a cilindrului.<\/p>\n<\/li>\n<li>\n<h3>\u00cenlocuirea garniturii \u0219i verific\u0103ri ale calibr\u0103rii<\/h3>\n<p>\u00cenlocuirea garniturilor uzate \u0219i efectuarea verific\u0103rilor de calibrare sunt cruciale pentru men\u021binerea integrit\u0103\u021bii sistemului. Ajust\u0103rile regulate pot ajuta la asigurarea func\u021bion\u0103rii cilindrului \u00een parametrii proiecta\u021bi, sporind siguran\u021ba \u0219i eficien\u021ba.<\/p>\n<\/li>\n<\/ul>\n<p><img decoding=\"async\" src=\"https:\/\/www.hydraulic-cylinders.net\/wp-content\/uploads\/2025\/04\/songte-chushion-collar.webp\" alt=\"Guler amortizor pentru sisteme hidraulice\"><\/p>\n<h2>Considera\u021bii de siguran\u021b\u0103 \u0219i factori de mediu<\/h2>\n<p>Atunci c\u00e2nd se utilizeaz\u0103 cilindri hidraulici, implementarea m\u0103surilor de siguran\u021b\u0103 este vital\u0103 pentru a preveni accidentele \u0219i v\u0103t\u0103m\u0103rile corporale. Operatorii trebuie s\u0103 fie instrui\u021bi cu privire la tehnicile de manipulare adecvate \u0219i s\u0103 fie con\u0219tien\u021bi de pericolele poten\u021biale asociate sistemelor hidraulice. \u00cen plus, factorii de mediu, cum ar fi fluctua\u021biile de temperatur\u0103 \u0219i expunerea la materiale corozive, trebuie lua\u021bi \u00een considerare \u00een timpul selec\u021biei \u0219i func\u021bion\u0103rii cilindrilor hidraulici pentru a asigura longevitatea \u0219i fiabilitatea.<\/p>\n<h2>Depanare \u0219i probleme frecvente<\/h2>\n<ul>\n<li>\n<h3>Scurgere<\/h3>\n<p>Scurgerile de fluid hidraulic pot ap\u0103rea din cauza garniturilor uzate sau a componentelor deteriorate. \u00centre\u021binerea \u0219i inspec\u021bia regulat\u0103 ajut\u0103 la identificarea timpurie a acestor probleme. Pentru a remedia o scurgere, inspecta\u021bi garniturile pentru uzur\u0103 \u0219i \u00eenlocui\u021bi-le dup\u0103 cum este necesar, verific\u00e2nd \u00een acela\u0219i timp dac\u0103 exist\u0103 deterior\u0103ri ale componentelor cilindrului.<\/p>\n<\/li>\n<li>\n<h3>Performan\u021b\u0103 redus\u0103<\/h3>\n<p>Dac\u0103 cilindrul nu r\u0103spunde corect la comenzile opera\u021bionale, acest lucru poate indica probleme cu sistemul hidraulic sau uzur\u0103 intern\u0103. Verifica\u021bi dac\u0103 exist\u0103 blocaje, asigura\u021bi-v\u0103 c\u0103 nivelurile de lichid sunt corecte \u0219i inspecta\u021bi dac\u0103 exist\u0103 deterior\u0103ri interne care ar putea afecta performan\u021ba.<\/p>\n<\/li>\n<li>\n<h3>Zgomote neobi\u0219nuite<\/h3>\n<p>Zgomotele ciudate din timpul func\u021bion\u0103rii pot indica uzur\u0103 intern\u0103 sau contaminare cu fluid. Rezolvarea acestei probleme poate implica inspectarea calit\u0103\u021bii uleiului hidraulic \u0219i \u00eenlocuirea acestuia, dac\u0103 este necesar, precum \u0219i verificarea oric\u0103ror defec\u021biuni mecanice din cilindru.<\/p>\n<\/li>\n<\/ul>\n<p><img decoding=\"async\" src=\"https:\/\/www.hydraulic-cylinders.net\/wp-content\/uploads\/2025\/04\/songte-bushings-with-all-kinds-of-excavator-models.webp\" alt=\"Buc\u0219e pentru modele de excavatoare\"><\/p>\n<h2>Concluzie: Despre compania noastr\u0103<\/h2>\n<p>Suntem un produc\u0103tor \u0219i distribuitor angro de top de cilindri hidraulici, oferind o gam\u0103 complet\u0103 de produse care \u00eenlocuiesc solu\u021biile hidraulice existente. Angajamentul nostru fa\u021b\u0103 de excelen\u021ba \u00een calitate este sus\u021binut de o strategie rafinat\u0103 de management al produc\u021biei, utiliz\u00e2nd echipamente de fabrica\u021bie avansate \u0219i un sistem robust de testare profesional\u0103. Concentr\u00e2ndu-ne pe expertiza tehnic\u0103, capacit\u0103\u021bile digitale de produc\u021bie de \u00eenalt\u0103 performan\u021b\u0103 \u0219i \u00eembun\u0103t\u0103\u021birea continu\u0103 a proceselor noastre de produc\u021bie, ne str\u0103duim s\u0103 satisfacem diversele nevoi ale clien\u021bilor cu eficien\u021b\u0103, precizie \u0219i calitate ridicate. Produsele noastre vin cu suport profesional, certific\u0103ri interna\u021bionale \u0219i solu\u021bii personalizabile, asigur\u00e2ndu-ne c\u0103 ne men\u021binem pozi\u021bia de lider at\u00e2t pe pie\u021bele interne, c\u00e2t \u0219i pe cele globale.<\/p>\n<p><img decoding=\"async\" src=\"https:\/\/www.hydraulic-cylinders.net\/wp-content\/uploads\/2025\/04\/songte-company-4.webp\" alt=\"Prezentare general\u0103 a companiei\"><br \/>\n<img decoding=\"async\" src=\"https:\/\/www.hydraulic-cylinders.net\/wp-content\/uploads\/2025\/04\/songte-company-3.webp\" alt=\"Facilit\u0103\u021bi ale companiei\"><\/p>\n<p>Autor: lyl<\/p>","protected":false},"excerpt":{"rendered":"<p>Boom Cylinder For Sinomach ZG3085-9 Product Overview The Boom Cylinder for Sinomach ZG3085-9 is a specialized hydraulic cylinder designed to control the movement of the bucket in various heavy machinery, such as excavators, backhoe loaders, and front-end loaders. This hydraulic cylinder allows the bucket to lift, lower, and tilt, facilitating material handling tasks efficiently. The [&hellip;]<\/p>","protected":false},"featured_media":17875,"comment_status":"open","ping_status":"closed","template":"","meta":{"_et_pb_use_builder":"","_et_pb_old_content":"","_et_gb_content_width":""},"product_brand":[],"product_cat":[1546],"product_tag":[1547,1496],"class_list":{"0":"post-19491","1":"product","2":"type-product","3":"status-publish","4":"has-post-thumbnail","6":"product_cat-boom-cylinders","7":"product_tag-boom-cylinders","8":"product_tag-hydraulic-cylinders","10":"first","11":"instock","12":"shipping-taxable","13":"product-type-simple"},"amp_enabled":true,"_links":{"self":[{"href":"https:\/\/www.hydraulic-cylinders.net\/ro\/wp-json\/wp\/v2\/product\/19491","targetHints":{"allow":["GET"]}}],"collection":[{"href":"https:\/\/www.hydraulic-cylinders.net\/ro\/wp-json\/wp\/v2\/product"}],"about":[{"href":"https:\/\/www.hydraulic-cylinders.net\/ro\/wp-json\/wp\/v2\/types\/product"}],"replies":[{"embeddable":true,"href":"https:\/\/www.hydraulic-cylinders.net\/ro\/wp-json\/wp\/v2\/comments?post=19491"}],"wp:featuredmedia":[{"embeddable":true,"href":"https:\/\/www.hydraulic-cylinders.net\/ro\/wp-json\/wp\/v2\/media\/17875"}],"wp:attachment":[{"href":"https:\/\/www.hydraulic-cylinders.net\/ro\/wp-json\/wp\/v2\/media?parent=19491"}],"wp:term":[{"taxonomy":"product_brand","embeddable":true,"href":"https:\/\/www.hydraulic-cylinders.net\/ro\/wp-json\/wp\/v2\/product_brand?post=19491"},{"taxonomy":"product_cat","embeddable":true,"href":"https:\/\/www.hydraulic-cylinders.net\/ro\/wp-json\/wp\/v2\/product_cat?post=19491"},{"taxonomy":"product_tag","embeddable":true,"href":"https:\/\/www.hydraulic-cylinders.net\/ro\/wp-json\/wp\/v2\/product_tag?post=19491"}],"curies":[{"name":"wp","href":"https:\/\/api.w.org\/{rel}","templated":true}]}}