{"id":19492,"date":"2025-04-07T06:50:42","date_gmt":"2025-04-07T06:50:42","guid":{"rendered":"https:\/\/www.hydraulic-cylinders.net\/product\/boom-cylinder-for-jove-jv55-7\/"},"modified":"2025-04-07T06:50:44","modified_gmt":"2025-04-07T06:50:44","slug":"boom-cylinder-for-jove-jv55-7","status":"publish","type":"product","link":"https:\/\/www.hydraulic-cylinders.net\/ro\/produs\/boom-cylinder-for-jove-jv55-7\/","title":{"rendered":"Cilindru bra\u021b pentru Jove JV55-7"},"content":{"rendered":"<h1>Cilindru bra\u021b pentru Jove JV55-7<\/h1>\n<h2>Defini\u021bia \u0219i prezentarea general\u0103 a cilindrului cupei<\/h2>\n<p>Cilindrul bra\u021bului pentru Jove JV55-7 este un cilindru hidraulic specializat, conceput pentru a controla mi\u0219carea cupelor \u00een diverse utilaje grele, cum ar fi excavatoare, excavatoare \u0219i \u00eenc\u0103rc\u0103toare frontale. Aceast\u0103 component\u0103 esen\u021bial\u0103 permite cupei s\u0103 se ridice, s\u0103 coboare \u0219i s\u0103 se \u00eencline, facilit\u00e2nd sarcini eficiente de manipulare a materialelor. Cilindrul cupei func\u021bioneaz\u0103 \u00een cadrul sistemelor hidraulice, utiliz\u00e2nd fluid hidraulic sub presiune pentru a crea mi\u0219care \u0219i for\u021b\u0103. Cilindrii cupei sunt cruciali pentru sarcinile care necesit\u0103 precizie \u0219i putere, ceea ce \u00eei face indispensabili \u00een multiple industrii.<\/p>\n<p><img decoding=\"async\" src=\"https:\/\/www.hydraulic-cylinders.net\/wp-content\/uploads\/2025\/04\/songte-company-1.webp\" alt=\"Imaginea cilindrului cupei\"><\/p>\n<h2>Caracteristicile cilindrului bra\u021bului<\/h2>\n<ul>\n<li><strong>Rezisten\u021b\u0103 \u0219i durabilitate ridicate:<\/strong> Fabricat din o\u021bel sau aluminiu de \u00eenalt\u0103 rezisten\u021b\u0103, cilindrul bra\u021bului poate rezista la presiuni ridicate \u0219i sarcini grele, fiind potrivit pentru medii de lucru dure. Designul ia \u00een considerare rezisten\u021ba la uzur\u0103 \u0219i protec\u021bia \u00eempotriva coroziunii, prelungindu-i durata de via\u021b\u0103.<\/li>\n<li><strong>Func\u021bionare hidraulic\u0103 eficient\u0103:<\/strong> Utilizeaz\u0103 presiunea uleiului hidraulic pentru o extensie \u0219i retragere lin\u0103, r\u0103spunz\u00e2nd rapid la comenzile de control, oferind for\u021be puternice de \u00eempingere \u0219i tragere potrivite pentru sarcini grele \u0219i complexe.<\/li>\n<li><strong>Diverse tipuri:<\/strong> Disponibil at\u00e2t \u00een \u200b\u200bconfigura\u021bii cu ac\u021biune simpl\u0103 (func\u021bioneaz\u0103 \u00eentr-o singur\u0103 direc\u021bie), c\u00e2t \u0219i cu ac\u021biune dubl\u0103 (func\u021bioneaz\u0103 \u00een ambele direc\u021bii) pentru a satisface diverse nevoi opera\u021bionale. Unele modele sunt telescopice, permi\u021b\u00e2nd o extensie mai mare f\u0103r\u0103 a cre\u0219te dimensiunile exterioare, ideale pentru aplica\u021bii cu spa\u021biu limitat.<\/li>\n<li><strong>Fabrica\u021bie personalizat\u0103:<\/strong> Produsele noastre pot \u00eenlocui perfect al\u021bi cilindri hidraulici, oferind solu\u021bii personalizate bazate pe cerin\u021be specifice.<\/li>\n<li><strong>Aplica\u021bii versatile:<\/strong> Cilindrul bra\u021bului este compatibil cu diverse utilaje, asigur\u00e2nd func\u021bionalitate \u00een diferite contexte opera\u021bionale.<\/li>\n<\/ul>\n<p><img decoding=\"async\" src=\"https:\/\/www.hydraulic-cylinders.net\/wp-content\/uploads\/2025\/04\/songte-cylinder-head-with-all-kinds-excavator-models.webp\" alt=\"Modele de excavatoare\"><\/p>\n<h2>Scenarii de aplicare a cilindrului bra\u021bului<\/h2>\n<h3>Echipamente de construc\u021bii<\/h3>\n<p>\u00cen excavatoare, cilindrii bra\u021bului sunt cruciali pentru s\u0103pare, \u00eenc\u0103rcare \u0219i mutarea p\u0103m\u00e2ntului sau a resturilor. Ace\u0219tia faciliteaz\u0103 ac\u021biunile esen\u021biale permi\u021b\u00e2nd cupei s\u0103 p\u0103trund\u0103 eficient \u00een sol, eficientiz\u00e2nd sarcinile de construc\u021bie. \u00cen cazul \u00eenc\u0103rc\u0103toarelor basculante, ace\u0219ti cilindri ajut\u0103 at\u00e2t la s\u0103pare, c\u00e2t \u0219i la ridicare, fiind esen\u021biali pentru o varietate de sarcini de construc\u021bie.<\/p>\n<h3>Ma\u0219ini agricole<\/h3>\n<p>\u00cenc\u0103rc\u0103toarele frontale se bazeaz\u0103 pe cilindrii bra\u021bului pentru \u00eenc\u0103rcarea, ridicarea \u0219i transportul solului, f\u00e2nului \u0219i altor materiale. Capacitatea lor de a regla \u00een\u0103l\u021bimea cupei permite o manipulare eficient\u0103 a sarcinilor agricole, sporind productivitatea \u00een opera\u021biunile agricole.<\/p>\n<h3>Excavatoare<\/h3>\n<p>La excavatoare, cilindrul cupei permite cupei s\u0103 p\u0103trund\u0103 eficient \u00een sol pentru sarcinile de excavare. Aceast\u0103 opera\u021biune este esen\u021bial\u0103 \u00een construc\u021bii \u0219i amenaj\u0103ri peisagistice, unde precizia \u0219i rezisten\u021ba sunt primordiale pentru succesul opera\u021biunilor.<\/p>\n<h3>\u00cenc\u0103rc\u0103toare<\/h3>\n<p>\u00cen cazul \u00eenc\u0103rc\u0103toarelor frontale, cilindrii bra\u021bului ajut\u0103 la ridicarea \u0219i desc\u0103rcarea eficient\u0103 a \u00eenc\u0103rc\u0103turilor. Designul lor permite o func\u021bionare rapid\u0103, fiind potrivi\u021bi pentru manipularea diverselor materiale, \u00eembun\u0103t\u0103\u021bind fluxul general de lucru pe \u0219antierele de construc\u021bii.<\/p>\n<h2>Considera\u021bii de proiectare \u0219i criterii de selec\u021bie<\/h2>\n<h3>Capacitate de \u00eenc\u0103rcare<\/h3>\n<p>Atunci c\u00e2nd se selecteaz\u0103 un cilindru pentru bra\u021b, \u00een\u021belegerea capacit\u0103\u021bii sale de \u00eenc\u0103rcare este crucial\u0103. Cilindrul trebuie s\u0103 poat\u0103 suporta sarcinile maxime a\u0219teptate \u00een timpul func\u021bion\u0103rii f\u0103r\u0103 riscul de defec\u021biune. Capacit\u0103\u021bi de \u00eenc\u0103rcare mari sunt ob\u021binute printr-un design robust \u0219i o selec\u021bie a materialelor, asigur\u00e2ndu-se c\u0103 acesta poate suporta sarcini riguroase \u00een siguran\u021b\u0103. Capacitatea de \u00eenc\u0103rcare are un impact direct asupra performan\u021bei \u0219i fiabilit\u0103\u021bii utilajelor, ceea ce o face un factor cheie \u00een procesul de proiectare.<\/p>\n<h3>Calitatea etan\u0219\u0103rii<\/h3>\n<p>Etan\u0219area eficient\u0103 este vital\u0103 pentru cilindrii hidraulici. Etan\u0219\u0103rile de calitate previn scurgerile de fluid hidraulic, ceea ce poate duce la pierderi de presiune \u0219i performan\u021be reduse. Tehnologiile avansate de etan\u0219are, cum ar fi etan\u0219\u0103rile pistonului \u0219i tijei fabricate din materiale durabile, sporesc eficien\u021ba \u0219i durata de via\u021b\u0103 a cilindrului. Asigurarea unei etan\u0219\u0103ri adecvate reduce, de asemenea, cerin\u021bele de \u00eentre\u021binere \u0219i timpul de nefunc\u021bionare opera\u021bional\u0103, contribuind la productivitatea general\u0103.<\/p>\n<h3>Durabilitate<\/h3>\n<p>Durabilitatea este o considera\u021bie principal\u0103 \u00een proiectarea cilindrilor bra\u021bului. Ace\u0219tia trebuie s\u0103 reziste la condi\u021bii dure de lucru, inclusiv temperaturi extreme, materiale abrazive \u0219i sarcini grele. Alegerea materialelor \u0219i a tratamentelor de suprafa\u021b\u0103 care rezist\u0103 la uzur\u0103 \u0219i coroziune prelunge\u0219te ciclul de via\u021b\u0103 al produsului, f\u0103c\u00e2nd din durabilitate un factor critic \u00een fabrica\u021bie \u0219i aplicare.<\/p>\n<h3>Caracteristici de siguran\u021b\u0103<\/h3>\n<p>Incorporarea caracteristicilor de siguran\u021b\u0103 \u00een proiectare este esen\u021bial\u0103 pentru a preveni accidentele \u0219i v\u0103t\u0103m\u0103rile corporale \u00een timpul func\u021bion\u0103rii. Aceasta include caracteristici precum supapele de suprapresiune, care protejeaz\u0103 \u00eempotriva suprapresuriz\u0103rii, \u0219i \u00eentrerup\u0103toarele de limit\u0103 care previn mi\u0219carea excesiv\u0103. Prioritizarea siguran\u021bei \u00een proiectare nu numai c\u0103 protejeaz\u0103 operatorii, ci \u0219i \u00eembun\u0103t\u0103\u021be\u0219te fiabilitatea general\u0103 a utilajelor.<\/p>\n<h3>Considera\u021bii privind \u00eentre\u021binerea<\/h3>\n<p>U\u0219urin\u021ba \u00eentre\u021binerii este un aspect important al designului. Cilindrii hidraulici ar trebui s\u0103 fie proiecta\u021bi pentru o \u00eentre\u021binere simpl\u0103, permi\u021b\u00e2nd accesul facil la componente pentru inspec\u021bie \u0219i repara\u021bii. Considera\u021bii precum etan\u0219\u0103rile deta\u0219abile, punctele de lubrifiere accesibile \u0219i designul modular simplific\u0103 sarcinile de \u00eentre\u021binere, promov\u00e2nd longevitatea \u0219i performan\u021ba optim\u0103.<\/p>\n<p><img decoding=\"async\" src=\"https:\/\/www.hydraulic-cylinders.net\/wp-content\/uploads\/2025\/04\/songte-oil-pipes-and-spare-parts.webp\" alt=\"Conducte de petrol \u0219i piese de schimb\"><\/p>\n<h2>Etan\u0219area \u0219i lubrifierea cilindrului<\/h2>\n<p>Etan\u0219area \u0219i lubrifierea corespunz\u0103toare a unui cilindru al bra\u021bului sunt esen\u021biale pentru performan\u021ba \u0219i longevitatea acestuia. Diverse componente de etan\u0219are, cum ar fi etan\u0219\u0103rile pistonului \u0219i etan\u0219\u0103rile tijei, sunt esen\u021biale pentru prevenirea scurgerilor de fluid hidraulic. Etan\u0219\u0103rile fabricate din poliuretan \u0219i cauciuc nitrilic sunt utilizate \u00een mod obi\u0219nuit pentru propriet\u0103\u021bile lor rezistente la uzur\u0103, asigur\u00e2nd o etan\u0219are eficient\u0103 pe tot parcursul ciclului de via\u021b\u0103 al cilindrului. \u00cen plus, corpul cilindrului \u0219i suprafe\u021bele filetate ale cap\u0103tului sunt supuse unei prelucr\u0103ri meticuloase pentru a le spori rezisten\u021ba la uzur\u0103.<\/p>\n<p>Lubrifierea regulat\u0103 este, de asemenea, crucial\u0103. Uleiul hidraulic trebuie completat periodic pentru a men\u021bine niveluri optime de lubrifiere, prevenind uzura pieselor \u00een mi\u0219care. Lubrifierea adecvat\u0103 ajut\u0103 la reducerea frec\u0103rii, asigur\u00e2nd o func\u021bionare lin\u0103 \u0219i prelungind durata de via\u021b\u0103 a componentelor hidraulice.<\/p>\n<h2>M\u0103suri de \u00eentre\u021binere preventiv\u0103<\/h2>\n<ul>\n<li><strong>Inspec\u021bii regulate:<\/strong> Efectuarea unor verific\u0103ri periodice ale cilindrului hidraulic pentru a depista scurgeri, uzur\u0103 sau deterior\u0103ri este crucial\u0103. Identificarea problemelor din timp poate preveni probleme mai semnificative \u0219i repara\u021bii costisitoare.<\/li>\n<li><strong>Lubrifiere adecvat\u0103:<\/strong> Asigurarea lubrifierii adecvate a pieselor mobile este esen\u021bial\u0103 pentru men\u021binerea unei func\u021bion\u0103ri line \u0219i minimizarea uzurii. Verifica\u021bi periodic nivelurile de ulei \u0219i completa\u021bi-le dup\u0103 cum este necesar.<\/li>\n<li><strong>\u00cenlocuirea garniturii:<\/strong> \u00cen timp, garniturile se pot uza. Verifica\u021bi periodic garniturile pentru a depista semne de uzur\u0103 \u0219i \u00eenlocui\u021bi-le prompt pentru a preveni scurgerile de fluid hidraulic \u0219i a men\u021bine performan\u021ba.<\/li>\n<\/ul>\n<h2>Instruc\u021biuni de instalare<\/h2>\n<p>Instalarea unui cilindru al bra\u021bului necesit\u0103 o aten\u021bie deosebit\u0103 la detalii pentru a asigura performan\u021be \u0219i siguran\u021b\u0103 optime. \u00cencepe\u021bi prin a v\u0103 asigura c\u0103 suporturile de montare sunt aliniate corect. Utilizarea dispozitivelor de instalare adecvate ajut\u0103 la fixarea cilindrului \u00een pozi\u021bie, prevenind nealinierea care ar putea duce la uzur\u0103 prematur\u0103.<\/p>\n<p>\u00cen timpul instal\u0103rii, este important s\u0103 verifica\u021bi dac\u0103 conexiunile hidraulice sunt str\u00e2nse \u0219i nu prezint\u0103 scurgeri. Urma\u021bi specifica\u021biile produc\u0103torului privind set\u0103rile de cuplu pentru a v\u0103 asigura c\u0103 toate fitingurile sunt fixate corect. Dup\u0103 instalare, testa\u021bi cilindrul pentru a confirma c\u0103 func\u021bioneaz\u0103 f\u0103r\u0103 probleme, f\u0103r\u0103 obstruc\u021bii sau scurgeri.<\/p>\n<p>Respectarea acestor instruc\u021biuni asigur\u0103 func\u021bionarea eficient\u0103 a cilindrului bra\u021bului \u0219i o durat\u0103 de via\u021b\u0103 prelungit\u0103.<\/p>\n<h2>Sarcini de \u00eentre\u021binere<\/h2>\n<h3>Verific\u0103ri regulate<\/h3>\n<p>Inspec\u021biile regulate sunt vitale pentru siguran\u021ba \u0219i eficien\u021ba cilindrului hidraulic. Aceste verific\u0103ri ar trebui s\u0103 se concentreze pe identificarea oric\u0103ror semne de uzur\u0103 sau deteriorare, inclusiv fisuri, scurgeri \u0219i uzur\u0103 extins\u0103 a garniturilor sau suprafe\u021belor. Depistarea timpurie a problemelor poate ajuta la prevenirea defec\u021biunilor catastrofale \u0219i a timpilor de nefunc\u021bionare, asigur\u00e2nd c\u0103 opera\u021biunile se desf\u0103\u0219oar\u0103 f\u0103r\u0103 probleme.<\/p>\n<h3>Lubrifiere adecvat\u0103<\/h3>\n<p>Lubrifierea este esen\u021bial\u0103 pentru men\u021binerea func\u021bionalit\u0103\u021bii cilindrului hidraulic. Asigura\u021bi-v\u0103 c\u0103 punctele de lubrifiere sunt u\u0219or accesibile \u0219i verifica\u021bi regulat nivelurile de ulei. Aplicarea tipului \u0219i cantit\u0103\u021bii corecte de fluid hidraulic ajut\u0103 la reducerea frec\u0103rii \u0219i a uzurii pieselor \u00een mi\u0219care, prelungind durata de via\u021b\u0103 a cilindrului.<\/p>\n<h3>\u00cenlocuirea \u0219i calibrarea etan\u0219\u0103rii<\/h3>\n<p>\u00cenlocuirea regulat\u0103 a garniturilor este crucial\u0103 pentru men\u021binerea integrit\u0103\u021bii hidraulice. \u00cenlocui\u021bi imediat garniturile uzate pentru a preveni scurgerile de fluid hidraulic. Verific\u0103rile de calibrare asigur\u0103 c\u0103 cilindrul func\u021bioneaz\u0103 \u00een parametrii specifica\u021bi, optimiz\u00e2nd performan\u021ba \u0219i prevenind deteriorarea ulterioar\u0103.<\/p>\n<p>Instalarea, lubrifierea \u0219i reglajele corecte sunt fundamentale pentru eficien\u021ba opera\u021bional\u0103. Asigura\u021bi alinierea corect\u0103 a cilindrului \u00een timpul procesului de instalare \u0219i utiliza\u021bi suporturi de montare adecvate pentru a-l stabiliza. Urma\u021bi procedurile recomandate pentru inspec\u021bie, reparare \u0219i \u00eenlocuire pentru a maximiza longevitatea \u0219i eficien\u021ba cilindrului bra\u021bului dumneavoastr\u0103.<\/p>\n<p><img decoding=\"async\" src=\"https:\/\/www.hydraulic-cylinders.net\/wp-content\/uploads\/2025\/04\/songte-chushion-collar.webp\" alt=\"Guler de pern\u0103\"><\/p>\n<h2>Considera\u021bii de siguran\u021b\u0103 \u0219i factori de mediu<\/h2>\n<p>Implementarea m\u0103surilor de siguran\u021b\u0103 \u00een timpul func\u021bion\u0103rii cilindrilor hidraulici este esen\u021bial\u0103. Operatorii trebuie instrui\u021bi s\u0103 recunoasc\u0103 pericolele poten\u021biale asociate cu sistemele hidraulice, inclusiv riscurile de eliberare a presiunii \u0219i scurgerile de fluide. Utilizarea echipamentului de protec\u021bie \u0219i respectarea instruc\u021biunilor opera\u021bionale ajut\u0103 la prevenirea accidentelor \u0219i a r\u0103nilor, asigur\u00e2nd un mediu de lucru sigur.<\/p>\n<h2>Depanarea problemelor comune<\/h2>\n<h3>Probleme comune<\/h3>\n<ul>\n<li><strong>Scurgere:<\/strong> Scurgerile de lichid hidraulic pot indica defec\u021biuni sau deterior\u0103ri ale etan\u0219\u0103rii. Inspec\u021biile regulate pot ajuta la depistarea timpurie a acestor probleme.<\/li>\n<li><strong>Func\u021bionare lent\u0103:<\/strong> Dac\u0103 cilindrul r\u0103spunde lent, acest lucru poate indica niveluri sc\u0103zute de lichid hidraulic sau contaminarea fluidului.<\/li>\n<li><strong>Mi\u0219care inconsistent\u0103:<\/strong> Fluctua\u021biile de mi\u0219care pot sugera prezen\u021ba aerului \u00een sistemul hidraulic sau componente uzate.<\/li>\n<\/ul>\n<h3>Sfaturi pentru depanare<\/h3>\n<p>Pentru a remedia problemele \u00een mod eficient, operatorii ar trebui s\u0103 efectueze o inspec\u021bie am\u0103nun\u021bit\u0103 pentru a identifica sursa acestora. Pentru scurgeri, verifica\u021bi garniturile \u0219i fitingurile, \u00eenlocuindu-le dup\u0103 cum este necesar. Dac\u0103 problemele de performan\u021b\u0103 persist\u0103, lua\u021bi \u00een considerare consultarea instruc\u021biunilor produc\u0103torului sau solicita\u021bi asisten\u021b\u0103 profesional\u0103 pentru a diagnostica probleme mecanice mai profunde.<\/p>\n<p>M\u0103surile preventive, cum ar fi \u00eentre\u021binerea \u0219i inspec\u021biile regulate, pot reduce semnificativ probabilitatea \u00eent\u00e2mpin\u0103rii acestor probleme, asigur\u00e2nd o func\u021bionare mai lin\u0103 \u0219i o durat\u0103 de via\u021b\u0103 mai lung\u0103 a cilindrului hidraulic.<\/p>\n<p><img decoding=\"async\" src=\"https:\/\/www.hydraulic-cylinders.net\/wp-content\/uploads\/2025\/04\/songte-bushings-with-all-kinds-of-excavator-models.webp\" alt=\"Buc\u0219e cu modele de excavatoare\"><\/p>\n<h2>Despre compania noastr\u0103<\/h2>\n<p>Suntem un produc\u0103tor important de cilindri hidraulici de schimb, oferind o gam\u0103 larg\u0103 de produse \u0219i devenind un angrosist de top at\u00e2t pe pie\u021bele interne, c\u00e2t \u0219i pe cele interna\u021bionale. Angajamentul nostru fa\u021b\u0103 de excelen\u021ba \u00een calitate este sus\u021binut de o strategie rafinat\u0103 de management al produc\u021biei. Investim \u00een echipamente de fabrica\u021bie avansate, tehnicieni califica\u021bi \u0219i un sistem robust de inspec\u021bie pentru a ne \u00eembun\u0103t\u0103\u021bi continuu capacit\u0103\u021bile de produc\u021bie.<\/p>\n<p>Concentr\u00e2ndu-ne pe eficien\u021b\u0103 ridicat\u0103, precizie \u0219i calitate, r\u0103spundem nevoilor diverse ale clien\u021bilor. Capacitatea noastr\u0103 de a oferi solu\u021bii personalizate, sus\u021binute de certific\u0103ri interna\u021bionale, garanteaz\u0103 c\u0103 \u00eendeplinim cele mai \u00eenalte standarde din industrie.<\/p>\n<p><img decoding=\"async\" src=\"https:\/\/www.hydraulic-cylinders.net\/wp-content\/uploads\/2025\/04\/songte-company-4.webp\" alt=\"Imaginea companiei 1\"><br \/>\n<img decoding=\"async\" src=\"https:\/\/www.hydraulic-cylinders.net\/wp-content\/uploads\/2025\/04\/songte-company-3.webp\" alt=\"Imaginea companiei 2\"><\/p>\n<p>Autor: lyl<\/p>","protected":false},"excerpt":{"rendered":"<p>Boom Cylinder For Jove JV55-7 Definition and Overview of the Bucket Cylinder The Boom Cylinder for Jove JV55-7 is a specialized hydraulic cylinder designed to control the movement of buckets in various heavy machinery, such as excavators, backhoes, and front loaders. This essential component enables the bucket to lift, lower, and tilt, facilitating efficient material [&hellip;]<\/p>","protected":false},"featured_media":17876,"comment_status":"open","ping_status":"closed","template":"","meta":{"_et_pb_use_builder":"","_et_pb_old_content":"","_et_gb_content_width":""},"product_brand":[],"product_cat":[1546],"product_tag":[1547,1496],"class_list":{"0":"post-19492","1":"product","2":"type-product","3":"status-publish","4":"has-post-thumbnail","6":"product_cat-boom-cylinders","7":"product_tag-boom-cylinders","8":"product_tag-hydraulic-cylinders","10":"first","11":"instock","12":"shipping-taxable","13":"product-type-simple"},"amp_enabled":true,"_links":{"self":[{"href":"https:\/\/www.hydraulic-cylinders.net\/ro\/wp-json\/wp\/v2\/product\/19492","targetHints":{"allow":["GET"]}}],"collection":[{"href":"https:\/\/www.hydraulic-cylinders.net\/ro\/wp-json\/wp\/v2\/product"}],"about":[{"href":"https:\/\/www.hydraulic-cylinders.net\/ro\/wp-json\/wp\/v2\/types\/product"}],"replies":[{"embeddable":true,"href":"https:\/\/www.hydraulic-cylinders.net\/ro\/wp-json\/wp\/v2\/comments?post=19492"}],"wp:featuredmedia":[{"embeddable":true,"href":"https:\/\/www.hydraulic-cylinders.net\/ro\/wp-json\/wp\/v2\/media\/17876"}],"wp:attachment":[{"href":"https:\/\/www.hydraulic-cylinders.net\/ro\/wp-json\/wp\/v2\/media?parent=19492"}],"wp:term":[{"taxonomy":"product_brand","embeddable":true,"href":"https:\/\/www.hydraulic-cylinders.net\/ro\/wp-json\/wp\/v2\/product_brand?post=19492"},{"taxonomy":"product_cat","embeddable":true,"href":"https:\/\/www.hydraulic-cylinders.net\/ro\/wp-json\/wp\/v2\/product_cat?post=19492"},{"taxonomy":"product_tag","embeddable":true,"href":"https:\/\/www.hydraulic-cylinders.net\/ro\/wp-json\/wp\/v2\/product_tag?post=19492"}],"curies":[{"name":"wp","href":"https:\/\/api.w.org\/{rel}","templated":true}]}}