{"id":19495,"date":"2025-04-07T06:50:50","date_gmt":"2025-04-07T06:50:50","guid":{"rendered":"https:\/\/www.hydraulic-cylinders.net\/product\/boom-cylinder-for-jove-jv150\/"},"modified":"2025-04-07T06:50:52","modified_gmt":"2025-04-07T06:50:52","slug":"boom-cylinder-for-jove-jv150","status":"publish","type":"product","link":"https:\/\/www.hydraulic-cylinders.net\/ro\/produs\/boom-cylinder-for-jove-jv150\/","title":{"rendered":"Cilindru bra\u021b pentru Jove JV150"},"content":{"rendered":"<h1>Cilindru bra\u021b pentru Jove JV150<\/h1>\n<h2>Prezentare general\u0103 a produsului<\/h2>\n<p>Cilindrul bra\u021bului pentru Jove JV150 este o component\u0103 crucial\u0103 \u00een sistemele hidraulice, special conceput pentru a controla mi\u0219carea cupelor pentru utilaje grele. Ace\u0219ti cilindri sunt utiliza\u021bi \u00een diverse aplica\u021bii, inclusiv excavatoare, \u00eenc\u0103rc\u0103toare frontale \u0219i \u00eenc\u0103rc\u0103toare, permi\u021b\u00e2nd cupei s\u0103 se ridice, s\u0103 coboare \u0219i s\u0103 se \u00eencline eficient pentru sarcinile de manipulare a materialelor. Definit ca un tip de cilindru hidraulic, cilindrul cupei joac\u0103 un rol semnificativ \u00een optimizarea performan\u021bei opera\u021bionale \u00een sectoarele construc\u021biilor \u0219i agriculturii.<\/p>\n<p><img decoding=\"async\" src=\"https:\/\/www.hydraulic-cylinders.net\/wp-content\/uploads\/2025\/04\/songte-company-1.webp\" alt=\"Cilindru de bra\u021b\" \/><\/p>\n<h3>Ce sunt cilindrii cu cup\u0103?<\/h3>\n<p>Cilindrii cupei sunt cilindri hidraulici special proiecta\u021bi pentru a gestiona mi\u0219carea cupelor pe utilaje grele. Ace\u0219ti cilindri func\u021bioneaz\u0103 prin transformarea energiei hidraulice \u00een for\u021b\u0103 mecanic\u0103, permi\u021b\u00e2nd controlul precis al sarcinilor grele. Sistemul hidraulic utilizeaz\u0103 fluid sub presiune pentru a crea mi\u0219carea necesar\u0103 pentru ridicarea, cobor\u00e2rea sau \u00eenclinarea cupei, ceea ce este esen\u021bial pentru diverse opera\u021biuni de manipulare a materialelor.<\/p>\n<h2>Caracteristicile cilindrului bra\u021bului<\/h2>\n<ul>\n<li><strong>Rezisten\u021b\u0103 \u0219i durabilitate ridicate:<\/strong> Construite din o\u021bel sau aluminiu de \u00eenalt\u0103 rezisten\u021b\u0103, concepute pentru a rezista la sarcini grele \u0219i presiuni ridicate, asigur\u00e2nd fiabilitate \u00een medii de lucru dure.<\/li>\n<li><strong>Func\u021bionare hidraulic\u0103 eficient\u0103:<\/strong> Ofer\u0103 extensie \u0219i retragere lin\u0103 \u0219i rapid\u0103, r\u0103spunz\u00e2nd rapid la comenzile operatorului cu o for\u021b\u0103 semnificativ\u0103 de \u00eempingere \u0219i tragere.<\/li>\n<li><strong>Diverse tipuri:<\/strong> Disponibil \u00een configura\u021bii cu ac\u021biune simpl\u0103 \u0219i dubl\u0103, cu modele specifice cu design telescopic pentru o raz\u0103 de ac\u021biune extins\u0103 f\u0103r\u0103 a cre\u0219te dimensiunile exterioare.<\/li>\n<li><strong>Rezisten\u021b\u0103 la coroziune:<\/strong> Proiectat s\u0103 reziste la uzur\u0103 \u0219i coroziune, prelungind durata de via\u021b\u0103 a cilindrului chiar \u0219i \u00een condi\u021bii dificile.<\/li>\n<li><strong>\u00centre\u021binere u\u0219oar\u0103:<\/strong> Conceput pentru \u00eentre\u021binere \u0219i repara\u021bii u\u0219oare, asigur\u00e2nd c\u0103 echipamentul r\u0103m\u00e2ne func\u021bional cu un timp de nefunc\u021bionare minim.<\/li>\n<\/ul>\n<p>Capacit\u0103\u021bile noastre de produc\u021bie ne permit s\u0103 producem acest produs, care poate \u00eenlocui perfect cilindrii hidraulici existen\u021bi.<\/p>\n<p><img decoding=\"async\" src=\"https:\/\/www.hydraulic-cylinders.net\/wp-content\/uploads\/2025\/04\/songte-cylinder-head-with-all-kinds-excavator-models.webp\" alt=\"Modele de excavatoare\" \/><\/p>\n<h2>Aplica\u021bii ale cilindrului bra\u021bului<\/h2>\n<h3>Echipamente de construc\u021bii<\/h3>\n<p>\u00cen excavatoare, cilindrii bra\u021bului sunt vitali pentru s\u0103pare, \u00eenc\u0103rcare \u0219i mutarea p\u0103m\u00e2ntului sau a resturilor. Capacitatea lor de a regla unghiul cupei spore\u0219te eficien\u021ba ma\u0219inii \u00een timpul sarcinilor de excavare. Pentru \u00eenc\u0103rc\u0103toarele excavatoare, ace\u0219ti cilindri nu numai c\u0103 ajut\u0103 la s\u0103pare, dar faciliteaz\u0103 \u0219i opera\u021biunile de ridicare, ceea ce \u00eei face indispensabili \u00een proiectele de construc\u021bii unde versatilitatea este esen\u021bial\u0103.<\/p>\n<h3>Ma\u0219ini agricole<\/h3>\n<p>\u00cen cazul \u00eenc\u0103rc\u0103toarelor frontale, cilindrul bra\u021bului joac\u0103 un rol esen\u021bial \u00een \u00eenc\u0103rcarea, ridicarea \u0219i transportul solului, f\u00e2nului \u0219i altor materiale. Ace\u0219ti cilindri \u00eembun\u0103t\u0103\u021besc performan\u021ba \u00eenc\u0103rc\u0103torului, permi\u021b\u00e2nd fermierilor s\u0103 manipuleze eficient cantit\u0103\u021bi mari de materiale, ceea ce este esen\u021bial pentru men\u021binerea productivit\u0103\u021bii \u00een opera\u021biunile agricole.<\/p>\n<h3>Excavatoare<\/h3>\n<p>Cilindrul bra\u021bului permite cupei s\u0103 p\u0103trund\u0103 eficient \u00een sol, facilit\u00e2nd excavarea materialelor. Aceast\u0103 func\u021bionalitate este crucial\u0103 pentru sarcini precum s\u0103parea de \u0219an\u021buri, s\u0103parea funda\u021biilor \u0219i preg\u0103tirea \u0219antierului, asigur\u00e2nd c\u0103 excavatorul func\u021bioneaz\u0103 la eficien\u021b\u0103 maxim\u0103.<\/p>\n<h3>\u00cenc\u0103rc\u0103toare<\/h3>\n<p>La \u00eenc\u0103rc\u0103toarele frontale, cilindrii bra\u021bului contribuie semnificativ la ridicarea \u0219i desc\u0103rcarea sarcinilor. Designul lor permite \u00een\u0103l\u021bimi de ridicare \u0219i unghiuri de desc\u0103rcare optime, facilit\u00e2nd opera\u021biuni rapide \u0219i eficiente de manipulare a materialelor pe \u0219antierele de construc\u021bii.<\/p>\n<h2>Considera\u021bii de proiectare \u0219i criterii de selec\u021bie<\/h2>\n<h3>Capacitate de \u00eenc\u0103rcare<\/h3>\n<p>Atunci c\u00e2nd se selecteaz\u0103 un cilindru pentru bra\u021b, capacitatea de \u00eenc\u0103rcare este primordial\u0103. Cilindrul trebuie s\u0103 fie capabil s\u0103 suporte greutatea maxim\u0103 pe care o poate ridica cupa. Inginerii iau \u00een considerare presiunea hidraulic\u0103 \u0219i propriet\u0103\u021bile materialului pentru a se asigura c\u0103 cilindrul poate func\u021biona \u00een condi\u021biile de lucru a\u0219teptate f\u0103r\u0103 defec\u021biuni, maximiz\u00e2nd siguran\u021ba \u0219i eficien\u021ba opera\u021bional\u0103.<\/p>\n<h3>Mecanisme de etan\u0219are<\/h3>\n<p>Etan\u0219area eficient\u0103 este esen\u021bial\u0103 pentru men\u021binerea presiunii hidraulice \u0219i prevenirea scurgerilor. Garniturile de \u00eenalt\u0103 calitate sunt proiectate s\u0103 reziste la condi\u021bii extreme \u0219i s\u0103 previn\u0103 p\u0103trunderea contaminan\u021bilor \u00een sistemul hidraulic. \u00centre\u021binerea regulat\u0103 a garniturilor este esen\u021bial\u0103 pentru a asigura longevitatea \u0219i fiabilitatea cilindrului bra\u021bului.<\/p>\n<h3>Durabilitate<\/h3>\n<p>Durabilitatea este un alt aspect cheie al proiect\u0103rii. Cilindrii bra\u021bului trebuie s\u0103 fie construi\u021bi din materiale care pot rezista la solicit\u0103rile opera\u021biunilor grele. Procesul de proiectare include analizarea modelelor de uzur\u0103 \u0219i \u00eencorporarea de materiale care sporesc longevitatea, cum ar fi o\u021belul c\u0103lit \u0219i acoperirile de protec\u021bie.<\/p>\n<h3>Caracteristici de siguran\u021b\u0103<\/h3>\n<p>Siguran\u021ba este o prioritate absolut\u0103 \u00een proiectarea cilindrilor hidraulici. Caracteristici precum supapele de suprapresiune, protec\u021bia la suprasarcin\u0103 \u0219i mecanismele de siguran\u021b\u0103 sunt esen\u021biale pentru a preveni accidentele \u00een timpul func\u021bion\u0103rii. Inginerii trebuie s\u0103 se asigure c\u0103 aceste caracteristici sunt integrate eficient pentru a proteja at\u00e2t utilajele, c\u00e2t \u0219i operatorii.<\/p>\n<h3>Accesibilitate pentru \u00eentre\u021binere<\/h3>\n<p>Proiectarea pentru accesibilitate \u00een vederea \u00eentre\u021binerii asigur\u0103 efectuarea u\u0219oar\u0103 a inspec\u021biilor \u0219i repara\u021biilor de rutin\u0103. Aceasta include luarea \u00een considerare a amplas\u0103rii orificiilor de lubrifiere, u\u0219urin\u021ba \u00eenlocuirii garniturilor \u0219i posibilitatea de a accesa cilindrul pentru repara\u021bii f\u0103r\u0103 a fi nevoie de demontarea extensiv\u0103 a utilajului.<\/p>\n<p><img decoding=\"async\" src=\"https:\/\/www.hydraulic-cylinders.net\/wp-content\/uploads\/2025\/04\/songte-oil-pipes-and-spare-parts.webp\" alt=\"Conducte de petrol \u0219i piese de schimb\" \/><\/p>\n<h2>Etan\u0219area \u0219i lubrifierea cilindrului hidraulic<\/h2>\n<p>Etan\u0219area \u0219i lubrifierea corespunz\u0103toare sunt cruciale pentru func\u021bionarea eficient\u0103 a cilindrului bra\u021bului. Diverse etan\u0219\u0103ri, cum ar fi etan\u0219\u0103rile pistonului \u0219i etan\u0219\u0103rile tijei, sunt utilizate pentru a men\u021bine integritatea hidraulic\u0103. Materiale precum poliuretanul \u0219i cauciucul nitrilic sunt utilizate \u00een mod obi\u0219nuit pentru propriet\u0103\u021bile lor rezistente la uzur\u0103. Corpul cilindrului \u0219i capetele filetate sunt supuse unor prelucr\u0103ri de precizie pentru a spori rezisten\u021ba la uzur\u0103. Lubrifierea regulat\u0103 cu ulei hidraulic este necesar\u0103 pentru a minimiza frecarea \u0219i uzura, asigur\u00e2nd o func\u021bionare lin\u0103 \u0219i prelungind durata de via\u021b\u0103 a cilindrului.<\/p>\n<h2>Inspec\u021bie regulat\u0103 \u0219i m\u0103suri de \u00eentre\u021binere preventiv\u0103<\/h2>\n<ul>\n<li><strong>Inspec\u021bii programate:<\/strong> Inspec\u021biile regulate ale cilindrilor hidraulici sunt esen\u021biale pentru a identifica uzura \u0219i poten\u021bialele probleme \u00eenainte ca acestea s\u0103 se agraveze. Verificarea semnelor de scurgeri, coroziune sau mi\u0219c\u0103ri neregulate poate preveni defec\u021biuni costisitoare.<\/li>\n<li><strong>\u00centre\u021binerea lubrifierii:<\/strong> Asigurarea lubrifierii corespunz\u0103toare este vital\u0103 pentru longevitatea cilindrilor hidraulici. Operatorii ar trebui s\u0103 respecte un program regulat de verificare \u0219i reumplere a uleiului hidraulic, reduc\u00e2nd la minimum riscul de uzur\u0103.<\/li>\n<li><strong>\u00cenlocuirea garniturii:<\/strong> Garniturile trebuie \u00eenlocuite la intervalele recomandate sau c\u00e2nd apar semne evidente de uzur\u0103. Aceast\u0103 m\u0103sur\u0103 proactiv\u0103 poate preveni scurgerile \u0219i poate men\u021bine eficien\u021ba hidraulic\u0103.<\/li>\n<\/ul>\n<h2>Instruc\u021biuni de instalare<\/h2>\n<p>Instalarea corect\u0103 a cilindrului bra\u021bului este crucial\u0103 pentru o performan\u021b\u0103 optim\u0103. \u00cencepe\u021bi prin a v\u0103 asigura c\u0103 cilindrul este aliniat corect cu punctele de montare de pe utilaj. Utiliza\u021bi console de montare adecvate pentru a fixa ferm cilindrul. Este esen\u021bial ca conexiunile hidraulice s\u0103 fie curate \u0219i f\u0103r\u0103 resturi pentru a evita contaminarea. Dup\u0103 instalare, testa\u021bi cilindrul la presiune sc\u0103zut\u0103 pentru a verifica dac\u0103 exist\u0103 scurgeri \u0219i dac\u0103 func\u021bioneaz\u0103 corect. Efectua\u021bi ajust\u0103rile necesare \u00eenainte de a trece la presiunea maxim\u0103 de func\u021bionare pentru a asigura siguran\u021ba \u0219i fiabilitatea.<\/p>\n<h2>Sarcini comune de \u00eentre\u021binere<\/h2>\n<ul>\n<li><strong>Inspec\u021bii regulate:<\/strong> Verific\u0103rile frecvente pentru uzur\u0103 \u0219i scurgeri ajut\u0103 la detectarea timpurie a problemelor, permi\u021b\u00e2nd repara\u021bii la timp \u0219i reduc\u00e2nd la minimum timpul de nefunc\u021bionare.<\/li>\n<li><strong>Lubrifiere adecvat\u0103:<\/strong> Asigurarea unei lubrifieri adecvate a cilindrului este vital\u0103 pentru o func\u021bionare f\u0103r\u0103 probleme \u0219i pentru prelungirea duratei de via\u021b\u0103 a acestuia.<\/li>\n<li><strong>\u00cenlocuirea garniturii:<\/strong> Verific\u0103rile de rutin\u0103 \u0219i \u00eenlocuirea la timp a garniturilor previn scurgerile de fluid hidraulic, asigur\u00e2nd eficien\u021ba \u0219i siguran\u021ba sistemului.<\/li>\n<\/ul>\n<h2>Considera\u021bii de siguran\u021b\u0103 \u0219i factori de mediu<\/h2>\n<p>La operarea cilindrilor hidraulici, implementarea m\u0103surilor de siguran\u021b\u0103 este esen\u021bial\u0103. Operatorii trebuie instrui\u021bi s\u0103 \u00een\u021beleag\u0103 limitele utilajelor \u0219i importan\u021ba respect\u0103rii protocoalelor de siguran\u021b\u0103. \u00cen plus, considera\u021biile de mediu, cum ar fi prevenirea scurgerilor de fluid hidraulic \u0219i asigurarea elimin\u0103rii corespunz\u0103toare a componentelor uzate, sunt esen\u021biale pentru a minimiza impactul ecologic.<\/p>\n<h2>Depanarea problemelor comune<\/h2>\n<ul>\n<li><strong>Scurgere:<\/strong> De obicei, cauzate de garnituri uzate sau furtunuri deteriorate. Verifica\u021bi garniturile pentru uzur\u0103 \u0219i \u00eenlocui\u021bi-le dup\u0103 cum este necesar. Asigura\u021bi-v\u0103 c\u0103 conexiunile sunt str\u00e2nse \u0219i nu sunt compromise.<\/li>\n<li><strong>Func\u021bionare lent\u0103:<\/strong> Adesea indic\u0103 niveluri sc\u0103zute de lichid hidraulic sau contaminare. Verifica\u021bi nivelurile \u0219i calitatea lichidului; \u00eenlocui\u021bi lichidul dac\u0103 este necesar.<\/li>\n<li><strong>Zgomote neobi\u0219nuite:<\/strong> Zgomotele pot semnala daune interne sau cavita\u021bie. Efectua\u021bi o inspec\u021bie am\u0103nun\u021bit\u0103 pentru a identifica \u0219i remedia problema subiacent\u0103.<\/li>\n<\/ul>\n<h2>Sfaturi de depanare<\/h2>\n<p>Pentru a diagnostica \u0219i rezolva eficient problemele, operatorii ar trebui s\u0103 \u021bin\u0103 un jurnal al simptomelor de performan\u021b\u0103 \u0219i s\u0103 efectueze verific\u0103ri regulate ale nivelurilor \u0219i calit\u0103\u021bii fluidului hidraulic. Implementeaz\u0103 m\u0103suri preventive, cum ar fi utilizarea fluidului hidraulic de \u00eenalt\u0103 calitate \u0219i asigurarea \u00eentre\u021binerii regulate pentru a minimiza poten\u021bialele probleme. De asemenea, service-ul profesional poate ajuta la identificarea problemelor care pot s\u0103 nu fie imediat evidente.<\/p>\n<p><img decoding=\"async\" src=\"https:\/\/www.hydraulic-cylinders.net\/wp-content\/uploads\/2025\/04\/songte-bushings-with-all-kinds-of-excavator-models.webp\" alt=\"Buc\u0219e\" \/><\/p>\n<h2>Despre compania noastr\u0103<\/h2>\n<p>Suntem produc\u0103tori de cilindri hidraulici de schimb, oferind o gam\u0103 larg\u0103 de produse care ne-au transformat \u00eentr-unul dintre principalii produc\u0103tori \u0219i angrosi\u0219ti \u200b\u200bpe pie\u021bele interne \u0219i interna\u021bionale. Ader\u0103m la principiul excelen\u021bei, utiliz\u00e2nd strategii de fabrica\u021bie rafinate \u0219i o abordare cuprinz\u0103toare a managementului produc\u021biei. Compania noastr\u0103 \u00ee\u0219i \u00eembun\u0103t\u0103\u021be\u0219te continuu capacit\u0103\u021bile de produc\u021bie prin tehnologii avansate \u0219i sisteme profesionale de testare, asigur\u00e2nd o eficien\u021b\u0103 ridicat\u0103, precizie \u0219i calitate pentru a satisface diversele nevoi ale clien\u021bilor.<\/p>\n<p><img decoding=\"async\" src=\"https:\/\/www.hydraulic-cylinders.net\/wp-content\/uploads\/2025\/04\/songte-company-4.webp\" alt=\"Prezentare general\u0103 a companiei\" \/><br \/>\n<img decoding=\"async\" src=\"https:\/\/www.hydraulic-cylinders.net\/wp-content\/uploads\/2025\/04\/songte-company-3.webp\" alt=\"Facilit\u0103\u021bi ale companiei\" \/><\/p>\n<p>Angajamentul nostru fa\u021b\u0103 de profesionalism, certific\u0103ri interna\u021bionale, servicii personalizate, echipamente de produc\u021bie avansate \u0219i asisten\u021b\u0103 post-v\u00e2nzare excep\u021bional\u0103 ne distinge pe pia\u021ba cilindrilor hidraulici.<\/p>\n<p>Autor: lyl<\/p>","protected":false},"excerpt":{"rendered":"<p>Boom Cylinder For Jove JV150 Product Overview The Boom Cylinder for Jove JV150 is a crucial component in hydraulic systems, specifically designed to control the movement of heavy machinery buckets. These cylinders are used in various applications, including excavators, backhoe loaders, and front-end loaders, allowing the bucket to lift, lower, and tilt efficiently for material [&hellip;]<\/p>","protected":false},"featured_media":17879,"comment_status":"open","ping_status":"closed","template":"","meta":{"_et_pb_use_builder":"","_et_pb_old_content":"","_et_gb_content_width":""},"product_brand":[],"product_cat":[1546],"product_tag":[1547,1496],"class_list":{"0":"post-19495","1":"product","2":"type-product","3":"status-publish","4":"has-post-thumbnail","6":"product_cat-boom-cylinders","7":"product_tag-boom-cylinders","8":"product_tag-hydraulic-cylinders","10":"first","11":"instock","12":"shipping-taxable","13":"product-type-simple"},"amp_enabled":true,"_links":{"self":[{"href":"https:\/\/www.hydraulic-cylinders.net\/ro\/wp-json\/wp\/v2\/product\/19495","targetHints":{"allow":["GET"]}}],"collection":[{"href":"https:\/\/www.hydraulic-cylinders.net\/ro\/wp-json\/wp\/v2\/product"}],"about":[{"href":"https:\/\/www.hydraulic-cylinders.net\/ro\/wp-json\/wp\/v2\/types\/product"}],"replies":[{"embeddable":true,"href":"https:\/\/www.hydraulic-cylinders.net\/ro\/wp-json\/wp\/v2\/comments?post=19495"}],"wp:featuredmedia":[{"embeddable":true,"href":"https:\/\/www.hydraulic-cylinders.net\/ro\/wp-json\/wp\/v2\/media\/17879"}],"wp:attachment":[{"href":"https:\/\/www.hydraulic-cylinders.net\/ro\/wp-json\/wp\/v2\/media?parent=19495"}],"wp:term":[{"taxonomy":"product_brand","embeddable":true,"href":"https:\/\/www.hydraulic-cylinders.net\/ro\/wp-json\/wp\/v2\/product_brand?post=19495"},{"taxonomy":"product_cat","embeddable":true,"href":"https:\/\/www.hydraulic-cylinders.net\/ro\/wp-json\/wp\/v2\/product_cat?post=19495"},{"taxonomy":"product_tag","embeddable":true,"href":"https:\/\/www.hydraulic-cylinders.net\/ro\/wp-json\/wp\/v2\/product_tag?post=19495"}],"curies":[{"name":"wp","href":"https:\/\/api.w.org\/{rel}","templated":true}]}}