{"id":19496,"date":"2025-04-07T06:50:52","date_gmt":"2025-04-07T06:50:52","guid":{"rendered":"https:\/\/www.hydraulic-cylinders.net\/product\/boom-cylinder-for-jove-jv235lc\/"},"modified":"2025-04-07T06:50:54","modified_gmt":"2025-04-07T06:50:54","slug":"boom-cylinder-for-jove-jv235lc","status":"publish","type":"product","link":"https:\/\/www.hydraulic-cylinders.net\/ro\/produs\/boom-cylinder-for-jove-jv235lc\/","title":{"rendered":"Cilindru bra\u021b pentru Jove JV235LC"},"content":{"rendered":"<h1>Cilindru bra\u021b pentru Jove JV235LC<\/h1>\n<h2>Prezentare general\u0103 a produsului<\/h2>\n<p>Cilindrul bra\u021bului pentru Jove JV235LC este un cilindru hidraulic specializat, conceput pentru a controla mi\u0219carea diverselor cupe pentru utilaje grele. Aceast\u0103 component\u0103 esen\u021bial\u0103 joac\u0103 un rol esen\u021bial \u00een sistemele hidraulice, \u00een special la excavatoare, \u00eenc\u0103rc\u0103toare excavatoare \u0219i \u00eenc\u0103rc\u0103toare frontale. Acesta permite ridicarea, cobor\u00e2rea \u0219i \u00eenclinarea cupei, facilit\u00e2nd sarcinile eficiente de manipulare a materialelor. Cilindrul cupei este special conceput pentru a rezista cerin\u021belor riguroase ale opera\u021biunilor grele \u0219i asigur\u0103 o func\u021bionalitate optim\u0103 \u00een medii dificile.<\/p>\n<p><img decoding=\"async\" src=\"https:\/\/www.hydraulic-cylinders.net\/wp-content\/uploads\/2025\/04\/songte-company-1.webp\" alt=\"Cilindru hidraulic\"><\/p>\n<h2>Caracteristicile cilindrului bra\u021bului<\/h2>\n<ul>\n<li>\n<h3>Rezisten\u021b\u0103 \u0219i durabilitate ridicate<\/h3>\n<p>    Fabricat de obicei din o\u021bel sau aluminiu de \u00eenalt\u0103 rezisten\u021b\u0103, cilindrul bra\u021bului poate rezista la presiuni ridicate \u0219i sarcini grele, fiind potrivit pentru condi\u021bii de lucru dure. Designul s\u0103u ia \u00een considerare rezisten\u021ba la uzur\u0103 \u0219i la coroziune, asigur\u00e2nd o durat\u0103 de via\u021b\u0103 prelungit\u0103.<\/li>\n<li>\n<h3>Func\u021bionare hidraulic\u0103 eficient\u0103<\/h3>\n<p>    Utiliz\u00e2nd presiunea uleiului hidraulic, cilindrul realizeaz\u0103 mi\u0219c\u0103ri line de extensie \u0219i retragere care r\u0103spund rapid la comenzile de control, oferind capacit\u0103\u021bi puternice de \u00eempingere \u0219i tragere, ideale pentru manipularea obiectelor grele \u0219i a sarcinilor complexe.<\/li>\n<li>\n<h3>Diverse tipuri<\/h3>\n<p>    Clien\u021bii pot alege \u00eentre cilindri cu ac\u021biune simpl\u0103 (ac\u021biune hidraulic\u0103 \u00eentr-o singur\u0103 direc\u021bie) \u0219i cilindri cu ac\u021biune dubl\u0103 (ac\u021biune hidraulic\u0103 \u00een ambele direc\u021bii) pentru a satisface diferite nevoi opera\u021bionale. Anumite modele sunt dotate cu designuri telescopice, permi\u021b\u00e2nd o extensie mai mare f\u0103r\u0103 a cre\u0219te dimensiunile exterioare, ceea ce este perfect pentru aplica\u021bii cu spa\u021biu limitat.<\/li>\n<li>\n<h3>Compatibilitate<\/h3>\n<p>    Produsele noastre sunt concepute pentru a \u00eenlocui perfect ace\u0219ti cilindri hidraulici, asigur\u00e2nd o integrare perfect\u0103 \u0219i func\u021bionalitate cu utilajele existente.<\/li>\n<li>\n<h3>Asigurarea calit\u0103\u021bii<\/h3>\n<p>    Procesele noastre de fabrica\u021bie respect\u0103 protocoale stricte de asigurare a calit\u0103\u021bii pentru a ne asigura c\u0103 fiecare cilindru al bra\u021bului \u00eendepline\u0219te standardele industriei de performan\u021b\u0103 \u0219i fiabilitate.<\/li>\n<\/ul>\n<p><img decoding=\"async\" src=\"https:\/\/www.hydraulic-cylinders.net\/wp-content\/uploads\/2025\/04\/songte-cylinder-head-with-all-kinds-excavator-models.webp\" alt=\"Modele de excavatoare\"><\/p>\n<h2>Scenarii de aplica\u021bii<\/h2>\n<ul>\n<li>\n<h3>Echipamente de construc\u021bii<\/h3>\n<p>    \u00cen excavatoare, cilindrul bra\u021bului este esen\u021bial pentru s\u0103pare, \u00eenc\u0103rcare \u0219i mutarea solului sau a resturilor. Acesta asigur\u0103 c\u0103 cupa poate p\u0103trunde eficient \u00een sol, oferind \u00een acela\u0219i timp for\u021ba de ridicare necesar\u0103 pentru a ridica materialele. \u00cen cazul \u00eenc\u0103rc\u0103toarelor excavatoare, cilindrul cupei ajut\u0103 nu numai la s\u0103pare, ci \u0219i la ridicarea materialelor \u00een timpul proiectelor de construc\u021bie.<\/h3>\n<\/li>\n<li>\n<h3>Ma\u0219ini agricole<\/h3>\n<p>    Utilizat \u00een \u00eenc\u0103rc\u0103toarele frontale, cilindrul bra\u021bului este esen\u021bial pentru scobere, ridicare \u0219i transportul solului, f\u00e2nului \u0219i altor materiale. Acesta asigur\u0103 func\u021bionarea eficient\u0103 a echipamentului, permi\u021b\u00e2nd fermierilor s\u0103 manipuleze cu u\u0219urin\u021b\u0103 volume mari de materiale.<\/h3>\n<\/li>\n<li>\n<h3>Excavatoare<\/h3>\n<p>    La excavatoare, cilindrul bra\u021bului faciliteaz\u0103 ac\u021biunile de s\u0103pare permi\u021b\u00e2nd cupei s\u0103 p\u0103trund\u0103 eficient \u00een sol, permi\u021b\u00e2nd operatorilor s\u0103 efectueze sarcinile de excavare rapid \u0219i eficient. Designul s\u0103u robust asigur\u0103 c\u0103 poate face fa\u021b\u0103 solicit\u0103rilor func\u021bion\u0103rii continue \u00een diverse condi\u021bii de sol.<\/h3>\n<\/li>\n<li>\n<h3>\u00cenc\u0103rc\u0103toare<\/h3>\n<p>    La \u00eenc\u0103rc\u0103toarele frontale, cilindrul bra\u021bului joac\u0103 un rol vital \u00een ridicarea \u0219i desc\u0103rcarea eficient\u0103 a sarcinilor, sporind productivitatea prin permiterea unor timpi de ciclu rapizi \u00een aplica\u021biile de manipulare a materialelor.<\/h3>\n<\/li>\n<\/ul>\n<h2>Considera\u021bii de proiectare \u0219i standarde de selec\u021bie<\/h2>\n<ul>\n<li>\n<h3>Capacitate de \u00eenc\u0103rcare<\/h3>\n<p>    Capacitatea de \u00eenc\u0103rcare este o considera\u021bie principal\u0103 atunci c\u00e2nd se alege un cilindru pentru bra\u021b. Acesta trebuie s\u0103 fie capabil s\u0103 suporte greutatea maxim\u0103 care va fi aplicat\u0103 \u00een timpul opera\u021biunilor f\u0103r\u0103 a compromite siguran\u021ba sau performan\u021ba. Aceasta implic\u0103 teste \u0219i analize riguroase pentru a se asigura c\u0103 cilindrul poate rezista la sarcini dinamice \u0219i solicit\u0103ri nea\u0219teptate.<\/h3>\n<\/li>\n<li>\n<h3>Performan\u021ba de etan\u0219are<\/h3>\n<p>    Etan\u0219area eficient\u0103 este crucial\u0103 pentru prevenirea scurgerilor de fluid hidraulic \u0219i men\u021binerea unei presiuni optime \u00een interiorul cilindrului. Garniturile de \u00eenalt\u0103 calitate, fabricate din materiale precum poliuretanul \u0219i cauciucul nitrilic, sunt esen\u021biale pentru a rezista rigorilor mediului hidraulic, asigur\u00e2nd \u00een acela\u0219i timp longevitate \u0219i fiabilitate.<\/h3>\n<\/li>\n<li>\n<h3>Durabilitate<\/h3>\n<p>    Materialele utilizate \u00een construc\u021bia cilindrului bra\u021bului trebuie s\u0103 fie rezistente la uzur\u0103 \u0219i coroziune. Alegerea o\u021belului sau aluminiului de \u00eenalt\u0103 rezisten\u021b\u0103, \u00eempreun\u0103 cu acoperiri protectoare, spore\u0219te durabilitatea \u0219i prelunge\u0219te durata de via\u021b\u0103 \u00een condi\u021bii dure de lucru.<\/h3>\n<\/li>\n<li>\n<h3>Caracteristici de siguran\u021b\u0103<\/h3>\n<p>    Siguran\u021ba este primordial\u0103 \u00een sistemele hidraulice. Proiectarea ar trebui s\u0103 includ\u0103 caracteristici care s\u0103 previn\u0103 supraextensia sau colapsul. \u00cen plus, supapele de siguran\u021b\u0103 care elibereaz\u0103 presiunea \u00een caz de defec\u021biune sunt esen\u021biale pentru a asigura protec\u021bia operatorului \u00een timpul utiliz\u0103rii.<\/h3>\n<\/li>\n<li>\n<h3>Accesibilitate pentru \u00eentre\u021binere<\/h3>\n<p>    Proiectarea cilindrului bra\u021bului pentru o \u00eentre\u021binere u\u0219oar\u0103 asigur\u0103 c\u0103 operatorii pot efectua verific\u0103ri \u0219i repara\u021bii de rutin\u0103 cu un timp de nefunc\u021bionare minim. Aceasta include luarea \u00een considerare a accesului la garnituri, puncte de lubrifiere \u0219i demontarea u\u0219oar\u0103 pentru repara\u021bii.<\/h3>\n<\/li>\n<\/ul>\n<p><img decoding=\"async\" src=\"https:\/\/www.hydraulic-cylinders.net\/wp-content\/uploads\/2025\/04\/songte-oil-pipes-and-spare-parts.webp\" alt=\"Conducte de petrol \u0219i piese de schimb\"><\/p>\n<h2>Etan\u0219are \u0219i lubrifiere<\/h2>\n<p>Integritatea cilindrilor hidraulici se bazeaz\u0103 \u00een mare m\u0103sur\u0103 pe o etan\u0219are \u0219i o lubrifiere eficiente. Diverse etan\u0219\u0103ri, cum ar fi etan\u0219\u0103rile pistonului \u0219i etan\u0219\u0103rile tijei, sunt utilizate pentru a preveni scurgerile \u0219i contaminarea fluidului hidraulic. Garniturile fabricate din materiale rezistente la uzur\u0103, inclusiv poliuretanul \u0219i cauciucul nitrilic, sunt utilizate \u00een mod obi\u0219nuit pentru a asigura durabilitatea. \u00cen plus, corpurile cilindrilor \u0219i suprafe\u021bele filetate ale cap\u0103tului sunt supuse unor prelucr\u0103ri de precizie pentru a spori rezisten\u021ba la uzur\u0103. Lubrifierea regulat\u0103 cu ulei hidraulic este necesar\u0103 pentru a minimiza frecarea dintre piesele \u00een mi\u0219care, asigur\u00e2nd o func\u021bionare lin\u0103 \u0219i prelungind durata de via\u021b\u0103 a componentei.<\/p>\n<h2>M\u0103suri de \u00eentre\u021binere preventiv\u0103<\/h2>\n<ul>\n<li>\n<h3>Inspec\u021bii regulate<\/h3>\n<p>    Efectuarea inspec\u021biilor frecvente ajut\u0103 la identificarea uzurii \u0219i a poten\u021bialelor probleme \u00eenainte ca acestea s\u0103 se agraveze. Operatorii ar trebui s\u0103 verifice dac\u0103 exist\u0103 scurgeri de fluid, s\u0103 inspecteze garniturile \u0219i fitingurile \u0219i s\u0103 evalueze starea general\u0103 a cilindrului hidraulic.<\/h3>\n<\/li>\n<li>\n<h3>Lubrifiere adecvat\u0103<\/h3>\n<p>    Men\u021binerea lubrifierii adecvate a cilindrului hidraulic este vital\u0103 pentru prevenirea uzurii \u0219i asigurarea func\u021bion\u0103rii eficiente. Operatorii trebuie s\u0103 verifice \u0219i s\u0103 completeze periodic nivelurile de fluid hidraulic, dup\u0103 cum este necesar.<\/h3>\n<\/li>\n<li>\n<h3>\u00cenlocuirea garniturii<\/h3>\n<p>    \u00cen timp, garniturile se pot uza \u0219i pot necesita \u00eenlocuire. Monitorizarea regulat\u0103 a st\u0103rii garniturilor \u0219i \u00eenlocuirea la timp sunt esen\u021biale pentru men\u021binerea integrit\u0103\u021bii \u0219i performan\u021bei hidraulice.<\/h3>\n<\/li>\n<\/ul>\n<h2>Instruc\u021biuni de instalare<\/h2>\n<p>Instalarea corect\u0103 a cilindrului bra\u021bului este crucial\u0103 pentru asigurarea performan\u021bei \u0219i siguran\u021bei optime. \u00cencepe\u021bi prin a v\u0103 asigura c\u0103 toate componentele sunt curate \u0219i f\u0103r\u0103 resturi. Alinia\u021bi cilindrul cu precizie cu punctele de montare pentru a preveni nealinierea, care poate duce la uzur\u0103 prematur\u0103 sau defec\u021biuni. Utiliza\u021bi console de montare adecvate pentru a fixa cilindrul \u00een pozi\u021bie, asigur\u00e2ndu-v\u0103 c\u0103 este fixat ferm \u0219i stabil. Dup\u0103 instalare, verifica\u021bi din nou dac\u0103 conexiunile hidraulice sunt str\u00e2nse \u0219i nu prezint\u0103 scurgeri. \u00cenainte de a opera utilajul, efectua\u021bi o prob\u0103 de func\u021bionare pentru a v\u0103 asigura c\u0103 cilindrul func\u021bioneaz\u0103 corect \u0219i r\u0103spunde la comenzi f\u0103r\u0103 probleme.<\/p>\n<h2>Sarcini comune de \u00eentre\u021binere<\/h2>\n<ul>\n<li>\n<h3>Inspec\u021bii regulate<\/h3>\n<p>    Inspec\u021biile periodice ajut\u0103 la identificarea semnelor timpurii de uzur\u0103 sau de defec\u021biune iminent\u0103. Este esen\u021bial s\u0103 se dezvolte un program de inspec\u021bii de rutin\u0103 pentru a men\u021bine performan\u021ba optim\u0103 \u0219i a preveni perioadele de nefunc\u021bionare nea\u0219teptate.<\/h3>\n<\/li>\n<li>\n<h3>Lubrifiere adecvat\u0103<\/h3>\n<p>    Asigurarea unei lubrifieri corespunz\u0103toare a cilindrului hidraulic reduce la minimum frecarea \u0219i uzura. Operatorii trebuie s\u0103 respecte recomand\u0103rile produc\u0103torului privind intervalele de lubrifiere \u0219i tipurile de fluide pentru a men\u021bine integritatea sistemului.<\/h3>\n<\/li>\n<li>\n<h3>\u00cenlocuirea garniturii \u0219i verific\u0103ri ale calibr\u0103rii<\/h3>\n<p>    \u00cenlocuirea la timp a garniturilor este necesar\u0103 pentru a preveni scurgerile \u0219i a men\u021bine eficien\u021ba hidraulic\u0103. Verific\u0103rile regulate de calibrare asigur\u0103 c\u0103 cilindrul func\u021bioneaz\u0103 \u00een parametrii specifica\u021bi \u0219i pot ajuta la evitarea problemelor opera\u021bionale.<\/h3>\n<\/li>\n<\/ul>\n<p><img decoding=\"async\" src=\"https:\/\/www.hydraulic-cylinders.net\/wp-content\/uploads\/2025\/04\/songte-chushion-collar.webp\" alt=\"Guler de pern\u0103\"><\/p>\n<h2>Considera\u021bii de siguran\u021b\u0103 \u0219i factori de mediu<\/h2>\n<p>Atunci c\u00e2nd se lucreaz\u0103 cu sisteme hidraulice, m\u0103surile de siguran\u021b\u0103 sunt primordiale. Operatorii trebuie instrui\u021bi cu privire la manipularea \u0219i operarea corect\u0103 a ma\u0219inilor hidraulice pentru a minimiza riscurile asociate cu sistemele de presiune. Implementarea protocoalelor de siguran\u021b\u0103, cum ar fi purtarea echipamentului de protec\u021bie \u0219i asigurarea procedurilor adecvate de blocare\/etichetare \u00een timpul \u00eentre\u021binerii, este esen\u021bial\u0103. \u00cen plus, luarea \u00een considerare a factorilor de mediu, cum ar fi izolarea fluidelor hidraulice \u0219i eliminarea corect\u0103 a materialelor contaminate, este esen\u021bial\u0103 pentru a minimiza impactul ecologic al opera\u021biunilor hidraulice.<\/p>\n<h2>Depanare \u0219i probleme frecvente<\/h2>\n<ul>\n<li>\n<h3>Scurgeri hidraulice<\/h3>\n<p>    Scurgerile pot ap\u0103rea din cauza garniturilor uzate sau a fitingurilor deteriorate. Identificarea sursei scurgerii este esen\u021bial\u0103 pentru o reparare eficient\u0103. Operatorii trebuie s\u0103 inspecteze garniturile \u0219i conexiunile \u00een mod regulat \u0219i s\u0103 \u00eenlocuiasc\u0103 prompt piesele uzate pentru a preveni pierderea presiunii hidraulice.<\/h3>\n<\/li>\n<li>\n<h3>Mi\u0219care lent\u0103 sau inegal\u0103<\/h3>\n<p>    Dac\u0103 cilindrul nu se extinde sau nu se retrage lin, acest lucru poate indica probleme cu nivelurile fluidului hidraulic sau daune interne. Operatorii trebuie s\u0103 verifice nivelurile fluidului \u0219i s\u0103 inspecteze cilindrul pentru a depista orice obstruc\u021bii sau deterior\u0103ri care ar putea \u00eempiedica mi\u0219carea.<\/h3>\n<\/li>\n<li>\n<h3>Zgomot excesiv<\/h3>\n<p>    Zgomotele neobi\u0219nuite \u00een timpul func\u021bion\u0103rii pot indica uzur\u0103 intern\u0103 sau lubrifiere insuficient\u0103. Operatorii trebuie s\u0103 remedieze imediat orice problem\u0103 de zgomot prin inspectarea cilindrului \u0219i asigurarea c\u0103 acesta este lubrifiat corespunz\u0103tor.<\/h3>\n<\/li>\n<\/ul>\n<h2>Sfaturi de depanare<\/h2>\n<p>Pentru a diagnostica \u0219i rezolva eficient problemele, operatorii ar trebui s\u0103 urmeze pa\u0219i sistematici de depanare. \u00cencepe\u021bi prin verificarea nivelului fluidului hidraulic \u0219i completarea acestuia dup\u0103 cum este necesar. Inspecta\u021bi toate garniturile \u0219i conexiunile pentru semne de uzur\u0103 sau scurgeri. Asculta\u021bi orice sunete neobi\u0219nuite \u00een timpul func\u021bion\u0103rii, care pot indica probleme interne. Implementa\u021bi m\u0103suri preventive, cum ar fi \u00eentre\u021binerea regulat\u0103 \u0219i repara\u021biile la timp, pentru a reduce probabilitatea apari\u021biei problemelor recurente. P\u0103strarea unui jurnal detaliat de \u00eentre\u021binere poate ajuta, de asemenea, la identificarea tiparelor care pot duce la defec\u021biuni.<\/p>\n<p><img decoding=\"async\" src=\"https:\/\/www.hydraulic-cylinders.net\/wp-content\/uploads\/2025\/04\/songte-bushings-with-all-kinds-of-excavator-models.webp\" alt=\"Buc\u0219e cu modele de excavatoare\"><\/p>\n<h2>Despre compania noastr\u0103<\/h2>\n<p>Suntem un produc\u0103tor important de cilindri hidraulici de schimb, oferind o gam\u0103 complet\u0103 de produse care ne-au consacrat ca unul dintre cei mai importan\u021bi produc\u0103tori \u0219i angrosi\u0219ti \u200b\u200bat\u00e2t pe pie\u021bele interne, c\u00e2t \u0219i pe cele interna\u021bionale. Angajamentul nostru fa\u021b\u0103 de excelen\u021b\u0103 se reflect\u0103 \u00een strategiile noastre de fabrica\u021bie fin ajustate, care valorific\u0103 talentul tehnologic avansat, echipamentele digitale de fabrica\u021bie de ultim\u0103 genera\u021bie \u0219i sistemele robuste de testare. \u00cembun\u0103t\u0103\u021bim continuu platforma noastr\u0103 de fabrica\u021bie \u0219i sporim calitatea produselor prin procese de produc\u021bie meticuloase. Capacit\u0103\u021bile noastre ne permit s\u0103 satisfacem eficient diversele nevoi ale clien\u021bilor, cu precizie \u0219i calitate ridicate.<\/p>\n<p><img decoding=\"async\" src=\"https:\/\/www.hydraulic-cylinders.net\/wp-content\/uploads\/2025\/04\/songte-company-4.webp\" alt=\"Imaginea companiei\"><br \/>\n<img decoding=\"async\" src=\"https:\/\/www.hydraulic-cylinders.net\/wp-content\/uploads\/2025\/04\/songte-company-3.webp\" alt=\"Imaginea companiei\"><\/p>\n<p>Autor: lyl<\/p>","protected":false},"excerpt":{"rendered":"<p>Boom Cylinder For Jove JV235LC Product Overview The Boom Cylinder for Jove JV235LC is a specialized hydraulic cylinder designed to control the movement of various heavy machinery buckets. This essential component plays a critical role in hydraulic systems, particularly in excavators, backhoe loaders, and front-end loaders. It enables the bucket to lift, lower, and tilt, [&hellip;]<\/p>","protected":false},"featured_media":17880,"comment_status":"open","ping_status":"closed","template":"","meta":{"_et_pb_use_builder":"","_et_pb_old_content":"","_et_gb_content_width":""},"product_brand":[],"product_cat":[1546],"product_tag":[1547,1496],"class_list":{"0":"post-19496","1":"product","2":"type-product","3":"status-publish","4":"has-post-thumbnail","6":"product_cat-boom-cylinders","7":"product_tag-boom-cylinders","8":"product_tag-hydraulic-cylinders","10":"first","11":"instock","12":"shipping-taxable","13":"product-type-simple"},"amp_enabled":true,"_links":{"self":[{"href":"https:\/\/www.hydraulic-cylinders.net\/ro\/wp-json\/wp\/v2\/product\/19496","targetHints":{"allow":["GET"]}}],"collection":[{"href":"https:\/\/www.hydraulic-cylinders.net\/ro\/wp-json\/wp\/v2\/product"}],"about":[{"href":"https:\/\/www.hydraulic-cylinders.net\/ro\/wp-json\/wp\/v2\/types\/product"}],"replies":[{"embeddable":true,"href":"https:\/\/www.hydraulic-cylinders.net\/ro\/wp-json\/wp\/v2\/comments?post=19496"}],"wp:featuredmedia":[{"embeddable":true,"href":"https:\/\/www.hydraulic-cylinders.net\/ro\/wp-json\/wp\/v2\/media\/17880"}],"wp:attachment":[{"href":"https:\/\/www.hydraulic-cylinders.net\/ro\/wp-json\/wp\/v2\/media?parent=19496"}],"wp:term":[{"taxonomy":"product_brand","embeddable":true,"href":"https:\/\/www.hydraulic-cylinders.net\/ro\/wp-json\/wp\/v2\/product_brand?post=19496"},{"taxonomy":"product_cat","embeddable":true,"href":"https:\/\/www.hydraulic-cylinders.net\/ro\/wp-json\/wp\/v2\/product_cat?post=19496"},{"taxonomy":"product_tag","embeddable":true,"href":"https:\/\/www.hydraulic-cylinders.net\/ro\/wp-json\/wp\/v2\/product_tag?post=19496"}],"curies":[{"name":"wp","href":"https:\/\/api.w.org\/{rel}","templated":true}]}}