{"id":19512,"date":"2025-04-07T06:51:35","date_gmt":"2025-04-07T06:51:35","guid":{"rendered":"https:\/\/www.hydraulic-cylinders.net\/product\/boom-cylinder-for-tyhi-wyd260\/"},"modified":"2025-04-07T06:51:43","modified_gmt":"2025-04-07T06:51:43","slug":"boom-cylinder-for-tyhi-wyd260","status":"publish","type":"product","link":"https:\/\/www.hydraulic-cylinders.net\/ro\/produs\/boom-cylinder-for-tyhi-wyd260\/","title":{"rendered":"Cilindru de bra\u021b pentru TYHI WYD260"},"content":{"rendered":"<h1>Cilindru de bra\u021b pentru TYHI WYD260<\/h1>\n<h2>Defini\u021bia \u0219i prezentarea general\u0103 a produsului<\/h2>\n<p>Cilindrul bra\u021bului pentru TYHI WYD260 este un cilindru hidraulic specializat, conceput pentru a controla mi\u0219carea bra\u021bului utilajelor grele, cum ar fi excavatoarele, \u00eenc\u0103rc\u0103toarele excavatoare \u0219i \u00eenc\u0103rc\u0103toarele frontale. Acest cilindru hidraulic permite ridicarea, cobor\u00e2rea \u0219i \u00eenclinarea bra\u021bului, facilit\u00e2nd diverse sarcini de manipulare a materialelor. Cilindrul cupei joac\u0103 un rol crucial \u00een sistemele hidraulice, permi\u021b\u00e2nd func\u021bionarea precis\u0103 \u0219i eficient\u0103 a echipamentelor de construc\u021bii. Designul \u0219i func\u021bionalitatea sa asigur\u0103 performan\u021be optime \u00een medii solicitante, ceea ce \u00eel face o component\u0103 esen\u021bial\u0103 a utilajelor moderne.<\/p>\n<p><img decoding=\"async\" src=\"https:\/\/www.hydraulic-cylinders.net\/wp-content\/uploads\/2025\/04\/songte-company-1.webp\" alt=\"Cilindru de bra\u021b pentru TYHI WYD260\"><\/p>\n<p>Prin valorificarea presiunii uleiului hidraulic, cilindrul bra\u021bului efectueaz\u0103 o extensie \u0219i o retragere lin\u0103, oferind o for\u021b\u0103 puternic\u0103 de \u00eempingere \u0219i tragere necesar\u0103 ridic\u0103rii sarcinilor grele. Acesta este special conceput pentru a rezista rigorilor aplica\u021biilor grele, contribuind semnificativ la eficien\u021ba \u0219i eficacitatea proiectelor de construc\u021bii.<\/p>\n<h2>Caracteristici cheie ale cilindrului bra\u021bului<\/h2>\n<ul>\n<li><strong>Rezisten\u021b\u0103 \u0219i durabilitate ridicate:<\/strong> Construite din o\u021bel sau aluminiu de \u00eenalt\u0103 rezisten\u021b\u0103, capabile s\u0103 reziste la presiuni ridicate \u0219i sarcini grele, fiind \u00een acela\u0219i timp rezistente la medii de lucru dure.<\/li>\n<li><strong>Func\u021bionare hidraulic\u0103 eficient\u0103:<\/strong> Permite un r\u0103spuns rapid la comenzile de control, oferind capacit\u0103\u021bi puternice de \u00eempingere \u0219i tragere, ideale pentru gestionarea sarcinilor grele \u0219i complexe.<\/li>\n<li><strong>Diverse tipuri de cilindri:<\/strong> Op\u021biuni pentru cilindri cu ac\u021biune simpl\u0103 (func\u021bionare hidraulic\u0103 \u00eentr-o singur\u0103 direc\u021bie) sau cu ac\u021biune dubl\u0103 (func\u021bionare hidraulic\u0103 \u00een ambele direc\u021bii), pentru a satisface diverse nevoi opera\u021bionale.<\/li>\n<li><strong>Designuri care economisesc spa\u021biu:<\/strong> Anumite modele sunt dotate cu design telescopic, permi\u021b\u00e2nd o extindere mai mare f\u0103r\u0103 a cre\u0219te dimensiunile exterioare, fiind potrivite pentru aplica\u021bii cu spa\u021biu limitat.<\/li>\n<li><strong>\u00centre\u021binere u\u0219oar\u0103:<\/strong> Conceput pentru inspec\u021bie \u0219i \u00eentre\u021binere u\u0219oar\u0103, asigur\u00e2nd longevitate \u0219i performan\u021b\u0103 optim\u0103.<\/li>\n<\/ul>\n<p>Fabric\u0103m acest produs \u0219i putem \u00eenlocui perfect diver\u0219i cilindri hidraulici.<\/p>\n<p><img decoding=\"async\" src=\"https:\/\/www.hydraulic-cylinders.net\/wp-content\/uploads\/2025\/04\/songte-cylinder-head-with-all-kinds-excavator-models.webp\" alt=\"Chiulas\u0103 hidraulic\u0103\"><\/p>\n<h2>Aplica\u021bii ale cilindrului bra\u021bului<\/h2>\n<h3>Echipamente de construc\u021bii<\/h3>\n<p>\u00cen excavatoare, cilindrul bra\u021bului este crucial pentru s\u0103pare, \u00eenc\u0103rcare \u0219i mutarea solului sau a resturilor. Acesta permite extinderea \u0219i retragerea ansamblului bra\u021bului, asigur\u00e2nd manipularea eficient\u0103 a materialelor \u0219i preg\u0103tirea \u0219antierului. Func\u021bionalitatea hidraulic\u0103 ofer\u0103 puterea necesar\u0103 pentru ridicarea de sarcini grele, ceea ce o face indispensabil\u0103 \u00een scenariile de construc\u021bie.<\/p>\n<h3>Ma\u0219ini agricole<\/h3>\n<p>Utilizat \u00een \u00eenc\u0103rc\u0103toarele frontale, cilindrul bra\u021bului este esen\u021bial pentru scobere, ridicare \u0219i transportul solului, f\u00e2nului \u0219i altor materiale. Eficien\u021ba sa se traduce printr-o productivitate \u00eembun\u0103t\u0103\u021bit\u0103 \u00een ferme, permi\u021b\u00e2nd operatorilor s\u0103 finalizeze sarcinile rapid \u0219i cu efort minim. Capacit\u0103\u021bile hidraulice asigur\u0103 c\u0103 \u00eenc\u0103rc\u0103torul poate manipula sarcini semnificative cu u\u0219urin\u021b\u0103.<\/p>\n<h3>Excavatoare<\/h3>\n<p>La excavatoare, cilindrul bra\u021bului permite cupei s\u0103 p\u0103trund\u0103 \u00een sol, facilit\u00e2nd procesul de s\u0103pare. Aceast\u0103 func\u021bionalitate este vital\u0103 pentru diverse proiecte, de la amenajarea peisagistic\u0103 p\u00e2n\u0103 la excavarea pentru funda\u021biile cl\u0103dirilor. Controlul precis oferit de sistemul hidraulic spore\u0219te eficien\u021ba opera\u021bional\u0103.<\/p>\n<h3>\u00cenc\u0103rc\u0103toare<\/h3>\n<p>\u00cenc\u0103rc\u0103toarele frontale beneficiaz\u0103 de capacitatea cilindrului bra\u021bului de a ridica \u0219i desc\u0103rca eficient \u00eenc\u0103rc\u0103turile. Ac\u021biunea hidraulic\u0103 permite operatorilor s\u0103 efectueze sarcini precum cur\u0103\u021barea resturilor sau mutarea materialelor grele cu precizie, contribuind la eficien\u021ba \u0219i siguran\u021ba general\u0103 a proiectului.<\/p>\n<h2>Considera\u021bii de proiectare \u0219i criterii de selec\u021bie<\/h2>\n<h3>Capacitate de \u00eenc\u0103rcare<\/h3>\n<p>Capacitatea de \u00eenc\u0103rcare a unui cilindru al bra\u021bului este un factor critic \u00een proiectarea sa. Acesta trebuie s\u0103 poat\u0103 gestiona greut\u0103\u021bi substan\u021biale f\u0103r\u0103 a compromite siguran\u021ba sau performan\u021ba. Materialele utilizate \u00een construc\u021bie, cum ar fi o\u021belul de \u00eenalt\u0103 rezisten\u021b\u0103, sunt selectate pentru a se asigura c\u0103 cilindrul poate suporta sarcinile necesare. O analiz\u0103 am\u0103nun\u021bit\u0103 a sarcinilor a\u0219teptate \u00een timpul func\u021bion\u0103rii va informa specifica\u021biile pentru cilindru, asigur\u00e2ndu-se c\u0103 acesta \u00eendepline\u0219te cerin\u021bele aplica\u021biilor grele.<\/p>\n<h3>Etan\u0219are \u0219i durabilitate<\/h3>\n<p>Etan\u0219area este esen\u021bial\u0103 \u00een cilindrii hidraulici pentru a preveni scurgerile de fluid \u0219i a men\u021bine presiunea. Garnituri de \u00eenalt\u0103 calitate, cum ar fi garniturile pistonului \u0219i tijei fabricate din materiale durabile precum poliuretanul \u0219i cauciucul nitrilic, sunt utilizate pentru a asigura longevitatea \u0219i fiabilitatea. \u00cen plus, designul cilindrului trebuie s\u0103 \u021bin\u0103 cont de uzur\u0103, componentele fiind tratate pentru a le spori rezisten\u021ba la coroziune \u0219i abraziune, prelungind \u00een cele din urm\u0103 durata de via\u021b\u0103 a cilindrului.<\/p>\n<h3>Caracteristici de siguran\u021b\u0103<\/h3>\n<p>Siguran\u021ba este primordial\u0103 atunci c\u00e2nd se proiecteaz\u0103 cilindri hidraulici. Caracteristici precum supapele de suprapresiune \u0219i mecanismele robuste de blocare ajut\u0103 la prevenirea accidentelor \u0219i asigur\u0103 o func\u021bionare \u00een siguran\u021b\u0103. Verific\u0103rile regulate de siguran\u021b\u0103 \u0219i respectarea standardelor industriale \u00een procesul de fabrica\u021bie sporesc \u0219i mai mult siguran\u021ba cilindrului bra\u021bului, f\u0103c\u00e2ndu-l o component\u0103 fiabil\u0103 \u00een utilajele grele.<\/p>\n<h3>\u00centre\u021binere \u0219i reparabilitate<\/h3>\n<p>Un cilindru al bra\u021bului bine proiectat ar trebui s\u0103 faciliteze \u00eentre\u021binerea \u0219i repararea. Caracteristicile care permit accesul rapid la componentele interne pentru inspec\u021bie \u0219i service sunt vitale. \u00cen plus, standardizarea pieselor pe diferite modele poate simplifica procesul de \u00eenlocuire, reduc\u00e2nd timpul de nefunc\u021bionare \u0219i costurile asociate pentru operatori.<\/p>\n<p><img decoding=\"async\" src=\"https:\/\/www.hydraulic-cylinders.net\/wp-content\/uploads\/2025\/04\/songte-oil-pipes-and-spare-parts.webp\" alt=\"Conducte de petrol \u0219i piese de schimb\"><\/p>\n<h2>Etan\u0219are \u0219i lubrifiere<\/h2>\n<p>Etan\u0219area \u0219i lubrifierea eficiente sunt esen\u021biale pentru performan\u021ba optim\u0103 a cilindrului bra\u021bului. Diverse elemente de etan\u0219are, inclusiv etan\u0219\u0103ri ale pistonului \u0219i etan\u0219\u0103ri ale tijei, sunt utilizate pentru a preveni scurgerile de fluid. Selec\u021bia materialelor rezistente la uzur\u0103, cum ar fi poliuretanul \u0219i cauciucul nitrilic, asigur\u0103 c\u0103 etan\u0219\u0103rile rezist\u0103 rigorilor func\u021bion\u0103rii.<\/p>\n<p>Corpul cilindrului \u0219i suprafe\u021bele filetate ale cap\u0103tului sunt supuse unor prelucr\u0103ri meticuloase pentru a spori rezisten\u021ba la uzur\u0103. Lubrifierea regulat\u0103 cu ulei hidraulic este necesar\u0103 pentru a minimiza frecarea \u0219i a asigura o func\u021bionare lin\u0103. Operatorii trebuie s\u0103 fie aten\u021bi la men\u021binerea nivelurilor \u0219i tipurilor de ulei adecvate pentru a evita uzura prematur\u0103 \u0219i a men\u021bine performan\u021ba.<\/p>\n<h2>Inspec\u021bie regulat\u0103 \u0219i m\u0103suri de \u00eentre\u021binere preventiv\u0103<\/h2>\n<ul>\n<li><strong>Inspec\u021bii regulate:<\/strong> Verific\u0103rile regulate pentru detectarea scurgerilor, uzurii \u0219i deterior\u0103rii garniturilor \u0219i componentelor sunt esen\u021biale. Operatorii ar trebui s\u0103 efectueze inspec\u021bii vizuale \u0219i s\u0103 utilizeze echipamente de monitorizare pentru a detecta din timp orice anomalii.<\/li>\n<li><strong>Lubrifiere adecvat\u0103:<\/strong> Asigurarea lubrifierii adecvate a cilindrului este crucial\u0103 pentru durata sa de via\u021b\u0103. Operatorii trebuie s\u0103 respecte instruc\u021biunile produc\u0103torului privind intervalele \u0219i cantit\u0103\u021bile de lubrifiere pentru a men\u021bine performan\u021ba maxim\u0103.<\/li>\n<li><strong>\u00cenlocuirea garniturii:<\/strong> Garniturile trebuie \u00eenlocuite la primele semne de uzur\u0103. Men\u021binerea unui stoc de garnituri de schimb poate reduce timpul de nefunc\u021bionare \u0219i poate asigura efectuarea rapid\u0103 a repara\u021biilor atunci c\u00e2nd este nevoie.<\/li>\n<\/ul>\n<h2>Instruc\u021biuni de instalare<\/h2>\n<p>Instalarea corect\u0103 a cilindrului bra\u021bului este vital\u0103 pentru asigurarea func\u021bionalit\u0103\u021bii \u0219i longevit\u0103\u021bii acestuia. \u00cencepe\u021bi prin a v\u0103 asigura c\u0103 toate punctele de conectare sunt curate \u0219i f\u0103r\u0103 resturi. Alinia\u021bi cilindrul cu precizie \u00een timpul instal\u0103rii pentru a evita nealinierea, care poate duce la uzur\u0103 prematur\u0103 sau defec\u021biuni.<\/p>\n<p>Folosi\u021bi suporturi de montare adecvate pentru a fixa cilindrul, asigur\u00e2ndu-v\u0103 c\u0103 este fixat ferm \u00een pozi\u021bie. Dup\u0103 instalare, efectua\u021bi un test de presiune pentru a confirma c\u0103 cilindrul func\u021bioneaz\u0103 corect \u0219i c\u0103 nu exist\u0103 scurgeri. Inspecta\u021bi periodic cilindrul instalat pentru semne de uzur\u0103 sau deteriorare \u0219i remedia\u021bi imediat orice problem\u0103 pentru a men\u021bine o performan\u021b\u0103 optim\u0103.<\/p>\n<h2>Sarcini de \u00eentre\u021binere<\/h2>\n<h3>Inspec\u021bii regulate<\/h3>\n<p>Efectuarea inspec\u021biilor regulate este crucial\u0103 pentru identificarea poten\u021bialelor probleme \u00eenainte ca acestea s\u0103 se agraveze. Verifica\u021bi dac\u0103 exist\u0103 semne de scurgeri de fluid hidraulic, care ar putea indica defectarea etan\u0219\u0103rii sau uzura componentelor. Inspecta\u021bi cilindrul pentru orice deteriorare sau deformare vizibil\u0103. Documenta\u021bi constat\u0103rile pentru a urm\u0103ri tendin\u021bele de performan\u021b\u0103 \u0219i a remedia prompt orice probleme recurente.<\/p>\n<h3>Lubrifiere adecvat\u0103<\/h3>\n<p>Lubrifierea este esen\u021bial\u0103 pentru a asigura o func\u021bionare f\u0103r\u0103 probleme \u0219i pentru a reduce uzura componentelor interne. Urma\u021bi recomand\u0103rile produc\u0103torului privind tipurile \u0219i cantit\u0103\u021bile de ulei \u0219i stabili\u021bi un program de lubrifiere. Lua\u021bi \u00een considerare factorii de mediu care pot influen\u021ba frecven\u021ba lubrifierii, cum ar fi temperatura \u0219i umiditatea. Verifica\u021bi periodic nivelurile de ulei \u0219i \u00eenlocui\u021bi uleiul hidraulic conform instruc\u021biunilor pentru a men\u021bine performan\u021be optime.<\/p>\n<h3>\u00cenlocuirea garniturii \u0219i verific\u0103ri ale calibr\u0103rii<\/h3>\n<p>Deoarece garniturile sunt esen\u021biale pentru prevenirea scurgerilor de fluide, este important s\u0103 le \u00eenlocui\u021bi la primele semne de uzur\u0103 sau deteriorare. P\u0103stra\u021bi la \u00eendem\u00e2n\u0103 o rezerv\u0103 de garnituri de schimb pentru a minimiza timpul de nefunc\u021bionare. Verific\u0103rile de calibrare trebuie efectuate \u00een mod regulat pentru a se asigura c\u0103 cilindrul func\u021bioneaz\u0103 \u00een parametrii specifica\u021bi. Calibrarea corect\u0103 asigur\u0103 func\u021bionarea eficient\u0103 a sistemului hidraulic, \u00eembun\u0103t\u0103\u021bind performan\u021ba general\u0103.<\/p>\n<p><img decoding=\"async\" src=\"https:\/\/www.hydraulic-cylinders.net\/wp-content\/uploads\/2025\/04\/songte-chushion-collar.webp\" alt=\"Guler de pern\u0103\"><\/p>\n<h2>Considera\u021bii de siguran\u021b\u0103 \u0219i factori de mediu<\/h2>\n<p>Atunci c\u00e2nd se utilizeaz\u0103 produse hidraulice, implementarea m\u0103surilor de siguran\u021b\u0103 este esen\u021bial\u0103 pentru a preveni accidentele \u0219i a asigura siguran\u021ba operatorilor. Respectarea protocoalelor de siguran\u021b\u0103, inclusiv instruirea adecvat\u0103 a operatorilor \u0219i verific\u0103ri regulate ale echipamentelor, poate atenua riscurile. \u00cen plus, considera\u021biile de mediu, cum ar fi evitarea scurgerilor \u0219i a devers\u0103rilor de fluide hidraulice, sunt vitale pentru a proteja at\u00e2t personalul, c\u00e2t \u0219i mediul \u00eenconjur\u0103tor.<\/p>\n<h2>Diagnosticarea defec\u021biunilor \u0219i probleme frecvente<\/h2>\n<ul>\n<li><strong>Scurgere:<\/strong> Apare frecvent din cauza garniturilor uzate sau a conexiunilor deteriorate. Sunt necesare inspec\u021bii \u0219i repara\u021bii imediate pentru a preveni pierderea de fluid \u0219i a men\u021bine presiunea \u00een sistem.<\/li>\n<li><strong>Performan\u021b\u0103 redus\u0103:<\/strong> Dac\u0103 cilindrul nu se extinde sau nu se retrage corect, acest lucru poate indica un nivel sc\u0103zut de lichid hidraulic sau uzur\u0103 intern\u0103. Analizarea presiunii hidraulice \u0219i a calit\u0103\u021bii fluidului poate ajuta la diagnosticarea problemelor.<\/li>\n<li><strong>Zgomote ciudate:<\/strong> Sunetele neobi\u0219nuite din timpul func\u021bion\u0103rii pot semnala deterior\u0103ri interne sau prezen\u021ba aerului \u00een sistemul hidraulic, necesit\u00e2nd investiga\u021bii suplimentare.<\/li>\n<\/ul>\n<p>Pentru fiecare problem\u0103, este esen\u021bial s\u0103 urma\u021bi procedurile de depanare pentru a identifica \u0219i remedia problema eficient. \u00centre\u021binerea regulat\u0103 poate ajuta la prevenirea apari\u021biei acestor probleme, asigur\u00e2nd buna func\u021bionare a cilindrului.<\/p>\n<h2>Sfaturi de depanare \u0219i m\u0103suri preventive<\/h2>\n<p>Pentru a diagnostica \u0219i rezolva eficient problemele comune, operatorii ar trebui s\u0103 efectueze inspec\u021bii am\u0103nun\u021bite \u0219i s\u0103 \u021bin\u0103 un jurnal detaliat de \u00eentre\u021binere. Urm\u0103rirea problemelor de performan\u021b\u0103 poate ajuta la identificarea tiparelor care necesit\u0103 aten\u021bie. Instruirea operatorilor cu privire la importan\u021ba detect\u0103rii timpurii poate contribui, de asemenea, la minimizarea timpilor de nefunc\u021bionare.<\/p>\n<p>Implementarea unor m\u0103suri preventive, cum ar fi verific\u0103rile regulate de \u00eentre\u021binere \u0219i \u00eenlocuirea la timp a garniturilor, va reduce semnificativ probabilitatea apari\u021biei problemelor opera\u021bionale. \u00cencurajarea unei culturi de \u00eentre\u021binere proactiv\u0103 \u00een r\u00e2ndul operatorilor poate duce la o durat\u0103 de via\u021b\u0103 mai lung\u0103 a cilindrilor hidraulici \u0219i la o eficien\u021b\u0103 general\u0103 mai mare \u00een opera\u021biuni.<\/p>\n<p><img decoding=\"async\" src=\"https:\/\/www.hydraulic-cylinders.net\/wp-content\/uploads\/2025\/04\/songte-bushings-with-all-kinds-of-excavator-models.webp\" alt=\"Buc\u0219e cu modele de excavatoare\"><\/p>\n<h2>Prezentare general\u0103 a companiei<\/h2>\n<p>Suntem un produc\u0103tor important de cilindri hidraulici de schimb, oferind o gam\u0103 complet\u0103 de produse care ne-au consacrat ca un juc\u0103tor important at\u00e2t pe pie\u021bele interne, c\u00e2t \u0219i pe cele interna\u021bionale. Angajamentul nostru fa\u021b\u0103 de o calitate excep\u021bional\u0103 este sus\u021binut de o strategie sofisticat\u0103 de management al produc\u021biei care pune accent pe fabrica\u021bia de precizie.<\/p>\n<p>Baz\u00e2ndu-ne pe o for\u021b\u0103 de munc\u0103 calificat\u0103, echipamente digitale avansate de fabrica\u021bie \u0219i sisteme robuste de testare, ne \u00eembun\u0103t\u0103\u021bim continuu capacit\u0103\u021bile de produc\u021bie. Concentrarea noastr\u0103 pe eficien\u021b\u0103 ridicat\u0103, precizie \u0219i calitate ne permite s\u0103 satisfacem eficient diversele nevoi ale clien\u021bilor. \u00cen plus, certific\u0103rile noastre interna\u021bionale \u0219i dedicarea pentru solu\u021bii personalizate ne diferen\u021biaz\u0103 \u00een industrie.<\/p>\n<p><img decoding=\"async\" src=\"https:\/\/www.hydraulic-cylinders.net\/wp-content\/uploads\/2025\/04\/songte-company-4.webp\" alt=\"Prezentare general\u0103 a companiei\"><br \/>\n<img decoding=\"async\" src=\"https:\/\/www.hydraulic-cylinders.net\/wp-content\/uploads\/2025\/04\/songte-company-3.webp\" alt=\"Echipamente de produc\u021bie\"><\/p>\n<p>Autor: lyl<\/p>","protected":false},"excerpt":{"rendered":"<p>Boom Cylinder For TYHI WYD260 Product Definition and Overview The Boom Cylinder for TYHI WYD260 is a specialized hydraulic cylinder designed to control the movement of the boom on heavy machinery such as excavators, backhoe loaders, and front loaders. This hydraulic cylinder enables the boom to rise, lower, and tilt, facilitating various material handling tasks. [&hellip;]<\/p>","protected":false},"featured_media":17880,"comment_status":"open","ping_status":"closed","template":"","meta":{"_et_pb_use_builder":"","_et_pb_old_content":"","_et_gb_content_width":""},"product_brand":[],"product_cat":[1546],"product_tag":[1547,1496],"class_list":{"0":"post-19512","1":"product","2":"type-product","3":"status-publish","4":"has-post-thumbnail","6":"product_cat-boom-cylinders","7":"product_tag-boom-cylinders","8":"product_tag-hydraulic-cylinders","10":"first","11":"instock","12":"shipping-taxable","13":"product-type-simple"},"amp_enabled":true,"_links":{"self":[{"href":"https:\/\/www.hydraulic-cylinders.net\/ro\/wp-json\/wp\/v2\/product\/19512","targetHints":{"allow":["GET"]}}],"collection":[{"href":"https:\/\/www.hydraulic-cylinders.net\/ro\/wp-json\/wp\/v2\/product"}],"about":[{"href":"https:\/\/www.hydraulic-cylinders.net\/ro\/wp-json\/wp\/v2\/types\/product"}],"replies":[{"embeddable":true,"href":"https:\/\/www.hydraulic-cylinders.net\/ro\/wp-json\/wp\/v2\/comments?post=19512"}],"wp:featuredmedia":[{"embeddable":true,"href":"https:\/\/www.hydraulic-cylinders.net\/ro\/wp-json\/wp\/v2\/media\/17880"}],"wp:attachment":[{"href":"https:\/\/www.hydraulic-cylinders.net\/ro\/wp-json\/wp\/v2\/media?parent=19512"}],"wp:term":[{"taxonomy":"product_brand","embeddable":true,"href":"https:\/\/www.hydraulic-cylinders.net\/ro\/wp-json\/wp\/v2\/product_brand?post=19512"},{"taxonomy":"product_cat","embeddable":true,"href":"https:\/\/www.hydraulic-cylinders.net\/ro\/wp-json\/wp\/v2\/product_cat?post=19512"},{"taxonomy":"product_tag","embeddable":true,"href":"https:\/\/www.hydraulic-cylinders.net\/ro\/wp-json\/wp\/v2\/product_tag?post=19512"}],"curies":[{"name":"wp","href":"https:\/\/api.w.org\/{rel}","templated":true}]}}