{"id":19514,"date":"2025-04-07T06:51:47","date_gmt":"2025-04-07T06:51:47","guid":{"rendered":"https:\/\/www.hydraulic-cylinders.net\/product\/boom-cylinder-for-carter-ct18-7bs\/"},"modified":"2025-04-07T06:51:49","modified_gmt":"2025-04-07T06:51:49","slug":"boom-cylinder-for-carter-ct18-7bs","status":"publish","type":"product","link":"https:\/\/www.hydraulic-cylinders.net\/ro\/produs\/boom-cylinder-for-carter-ct18-7bs\/","title":{"rendered":"Cilindru de bra\u021b pentru Carter CT18-7BS"},"content":{"rendered":"<h1>Cilindru de bra\u021b pentru Carter CT18-7BS<\/h1>\n<h2>\u00cen\u021belegerea cilindrului bra\u021bului<\/h2>\n<p>Cilindrul bra\u021bului este o component\u0103 crucial\u0103 \u00een diverse utilaje grele, special conceput pentru controlul mi\u0219c\u0103rii cupei \u00een excavatoare, excavatoare \u0219i \u00eenc\u0103rc\u0103toare frontale. Ca tip de cilindru hidraulic, acesta joac\u0103 un rol vital \u00een facilitarea ac\u021biunilor de ridicare, cobor\u00e2re \u0219i \u00eenclinare, \u00eembun\u0103t\u0103\u021bind astfel sarcinile de manipulare a materialelor. Func\u021bia unui cilindru al bra\u021bului se extinde dincolo de simpla mi\u0219care; acesta ajut\u0103 la ob\u021binerea unui control precis asupra ata\u0219amentului, ceea ce este esen\u021bial pentru func\u021bionarea eficient\u0103 \u00een medii solicitante.<\/p>\n<p><img decoding=\"async\" src=\"https:\/\/www.hydraulic-cylinders.net\/wp-content\/uploads\/2025\/04\/songte-company-1.webp\" alt=\"Imaginea cilindrului bra\u021bului\"><\/p>\n<h3>Caracteristici cheie ale cilindrului bra\u021bului<\/h3>\n<ul>\n<li><strong>Rezisten\u021b\u0103 \u0219i durabilitate ridicate:<\/strong> Fabricate din o\u021bel sau aluminiu de \u00eenalt\u0103 rezisten\u021b\u0103, concepute pentru a rezista la presiuni ridicate \u0219i sarcini grele, adapt\u00e2ndu-se \u00een acela\u0219i timp la condi\u021bii dure de lucru.<\/li>\n<li><strong>Func\u021bionare hidraulic\u0103 eficient\u0103:<\/strong> Utilizeaz\u0103 presiunea fluidului hidraulic pentru a permite extinderea \u0219i retragerea lin\u0103, r\u0103spunz\u00e2nd rapid la comenzile opera\u021bionale \u0219i oferind o for\u021b\u0103 semnificativ\u0103 de \u00eempingere \u0219i tragere.<\/li>\n<li><strong>Diverse tipuri:<\/strong> Disponibile \u00een cilindri cu ac\u021biune simpl\u0103 (func\u021bioneaz\u0103 \u00eentr-o singur\u0103 direc\u021bie) sau cu ac\u021biune dubl\u0103 (func\u021bioneaz\u0103 \u00een ambele direc\u021bii), satisfac\u00e2nd diverse nevoi opera\u021bionale. Unele modele sunt telescopice, permi\u021b\u00e2nd o extensie mai mare f\u0103r\u0103 a cre\u0219te dimensiunile exterioare.<\/li>\n<\/ul>\n<h2>Capacit\u0103\u021bile noastre de produc\u021bie<\/h2>\n<p>Suntem m\u00e2ndri s\u0103 fabric\u0103m ace\u0219ti cilindri hidraulici pentru bra\u021b, oferind \u00eenlocuiri perfecte pentru cilindrii hidraulici existen\u021bi \u00een diverse aplica\u021bii.<\/p>\n<p><img decoding=\"async\" src=\"https:\/\/www.hydraulic-cylinders.net\/wp-content\/uploads\/2025\/04\/songte-cylinder-head-with-all-kinds-excavator-models.webp\" alt=\"Imaginea chiulasei\"><\/p>\n<h3>Aplica\u021bii ale cilindrului bra\u021bului<\/h3>\n<ul>\n<li><strong>Echipamente de construc\u021bii:<\/strong> Cilindrii bra\u021bului, prezen\u021bi \u00een excavatoare, sunt esen\u021biali pentru s\u0103pare, \u00eenc\u0103rcare \u0219i mutarea solului sau a resturilor. \u00cen cazul excavatoarelor, ace\u0219tia faciliteaz\u0103 at\u00e2t ac\u021biunile de excavare, c\u00e2t \u0219i cele de ridicare, ceea ce \u00eei face indispensabili pentru sarcinile de construc\u021bie.<\/li>\n<li><strong>Ma\u0219ini agricole:<\/strong> Utiliza\u021bi \u00een \u00eenc\u0103rc\u0103toarele frontale, ace\u0219ti cilindri ajut\u0103 la scoberea, ridicarea \u0219i transportul solului, f\u00e2nului \u0219i altor materiale, sporind eficien\u021ba \u00een aplica\u021biile agricole.<\/li>\n<li><strong>Excavatoare:<\/strong> Cilindrul bra\u021bului permite cupei s\u0103 p\u0103trund\u0103 \u00een sol, permi\u021b\u00e2nd o s\u0103pare eficient\u0103. Acesta joac\u0103 un rol crucial \u00een asigurarea \u00eendeplinirii eficiente a sarcinilor de c\u0103tre excavator.<\/li>\n<li><strong>\u00cenc\u0103rc\u0103toare:<\/strong> La \u00eenc\u0103rc\u0103toarele frontale, cilindrii bra\u021bului sunt responsabili de ridicarea \u0219i desc\u0103rcarea sarcinilor, asigur\u00e2nd manipularea eficient\u0103 a materialelor \u00een timpul opera\u021biunilor.<\/li>\n<\/ul>\n<h2>Considera\u021bii de proiectare \u0219i criterii de selec\u021bie<\/h2>\n<ul>\n<li><strong>Capacitate de \u00eenc\u0103rcare:<\/strong> Cilindrul bra\u021bului trebuie proiectat pentru a gestiona capacit\u0103\u021bi de \u00eenc\u0103rcare specifice pentru a asigura o func\u021bionare sigur\u0103 \u0219i eficient\u0103. Supra\u00eenc\u0103rcarea poate duce la defec\u021biuni catastrofale, fiind esen\u021bial\u0103 alegerea unui cilindru care s\u0103 \u00eendeplineasc\u0103 cerin\u021bele sarcinii.<\/li>\n<li><strong>Calitatea etan\u0219\u0103rii:<\/strong> Etan\u0219area eficient\u0103 este crucial\u0103 \u00een sistemele hidraulice pentru a preveni scurgerile \u0219i a men\u021bine presiunea. Etan\u0219\u0103rile de \u00eenalt\u0103 calitate asigur\u0103 longevitatea \u0219i eficien\u021ba cilindrului, reduc\u00e2nd necesitatea \u00eentre\u021binerii frecvente.<\/li>\n<li><strong>Durabilitate:<\/strong> Materialele utilizate \u00een construc\u021bie trebuie s\u0103 fie rezistente la uzur\u0103 \u0219i coroziune, asigur\u00e2ndu-se c\u0103 cilindrul poate rezista la utilizare prelungit\u0103 \u00een medii dure f\u0103r\u0103 degradare semnificativ\u0103.<\/li>\n<li><strong>Caracteristici de siguran\u021b\u0103:<\/strong> Mecanismele de siguran\u021b\u0103 trebuie integrate \u00een proiectare pentru a preveni accidentele \u0219i a asigura func\u021bionarea \u00een siguran\u021b\u0103. Acestea includ caracteristici precum supapele de suprapresiune \u0219i func\u021biile de oprire de urgen\u021b\u0103.<\/li>\n<li><strong>Accesibilitate pentru \u00eentre\u021binere:<\/strong> Designul ar trebui s\u0103 permit\u0103 accesul facil la componente pentru \u00eentre\u021binerea de rutin\u0103, asigur\u00e2nd c\u0103 opera\u021biunile de \u00eentre\u021binere pot fi efectuate f\u0103r\u0103 timpi excesivi de nefunc\u021bionare.<\/li>\n<\/ul>\n<p><img decoding=\"async\" src=\"https:\/\/www.hydraulic-cylinders.net\/wp-content\/uploads\/2025\/04\/songte-oil-pipes-and-spare-parts.webp\" alt=\"Imagine cu conducte de petrol\"><\/p>\n<h2>Etan\u0219area \u0219i lubrifierea cilindrului<\/h2>\n<p>Cilindrul bra\u021bului utilizeaz\u0103 diverse componente de etan\u0219are, cum ar fi etan\u0219\u0103rile pistonului \u0219i etan\u0219\u0103rile tijei, adesea fabricate din materiale rezistente la uzur\u0103, precum poliuretanul \u0219i cauciucul nitrilic. Corpul cilindrului \u0219i suprafe\u021bele filetate ale cap\u0103tului sunt supuse unor prelucr\u0103ri de precizie pentru a spori durabilitatea. Lubrifierea regulat\u0103 cu ulei hidraulic este esen\u021bial\u0103 pentru a asigura o func\u021bionare lin\u0103 \u0219i a preveni uzura cauzat\u0103 de frecare.<\/p>\n<h2>M\u0103suri de \u00eentre\u021binere preventiv\u0103<\/h2>\n<ul>\n<li>Efectua\u021bi inspec\u021bii regulate pentru a identifica din timp orice semne de uzur\u0103 sau deteriorare.<\/li>\n<li>Asigura\u021bi-v\u0103 c\u0103 este men\u021binut\u0103 o lubrifiere adecvat\u0103 pentru a reduce frecarea \u0219i uzura.<\/li>\n<li>\u00cenlocui\u021bi garniturile dup\u0103 cum este necesar pentru a preveni scurgerile \u0219i a men\u021bine integritatea presiunii.<\/li>\n<\/ul>\n<h2>Instruc\u021biuni de instalare<\/h2>\n<p>Instalarea corect\u0103 a cilindrului bra\u021bului este esen\u021bial\u0103 pentru o performan\u021b\u0103 optim\u0103. \u00cencepe\u021bi prin a v\u0103 asigura c\u0103 zona este curat\u0103 \u0219i lipsit\u0103 de resturi. Alinia\u021bi cilindrul cu precizie cu punctele de montare, utiliz\u00e2nd consolele de montare corespunz\u0103toare pentru a-l fixa \u00een pozi\u021bie. Str\u00e2nge\u021bi toate elementele de fixare conform specifica\u021biilor produc\u0103torului pentru a evita vibra\u021biile sau desprinderea \u00een timpul func\u021bion\u0103rii. Asigura\u021bi-v\u0103 c\u0103 toate conexiunile hidraulice nu prezint\u0103 scurgeri, verific\u00e2nd garniturile \u0219i fitingurile \u00eenainte de a \u00eencepe operarea.<\/p>\n<h3>Sarcini comune de \u00eentre\u021binere<\/h3>\n<ul>\n<li><strong>Inspec\u021bii regulate:<\/strong> Verific\u0103rile de rutin\u0103 pentru scurgeri, uzur\u0103 \u0219i starea general\u0103 sunt necesare pentru a men\u021bine func\u021bionalitatea.<\/li>\n<li><strong>Lubrifiere adecvat\u0103:<\/strong> Lubrifierea constant\u0103 previne uzura, prelungind durata de via\u021b\u0103 a cilindrului.<\/li>\n<li><strong>\u00cenlocuirea garniturii:<\/strong> Timely replacement of seals ensures efficiency and prevents fluid leaks, maintaining the cylinder&#8217;s performance.<\/li>\n<\/ul>\n<h2>Considera\u021bii de siguran\u021b\u0103 \u0219i factori de mediu<\/h2>\n<p>M\u0103surile de siguran\u021b\u0103 sunt primordiale atunci c\u00e2nd se lucreaz\u0103 cu cilindri hidraulici. Operatorii trebuie instrui\u021bi s\u0103 \u00een\u021beleag\u0103 riscurile asociate cu sistemele hidraulice \u0219i s\u0103 respecte protocoalele de siguran\u021b\u0103 pentru a evita accidentele. Factorii de mediu, cum ar fi expunerea la temperaturi extreme \u0219i substan\u021be corozive, pot afecta integritatea \u0219i performan\u021ba cilindrului bra\u021bului; prin urmare, trebuie luate \u00een considerare alegerea corect\u0103 a materialelor \u0219i considera\u021biile de proiectare.<\/p>\n<h2>Diagnosticarea defec\u021biunilor \u0219i probleme frecvente<\/h2>\n<ul>\n<li><strong>Scurgere:<\/strong> Cauzele frecvente includ garnituri uzate sau fitinguri deteriorate. Inspec\u021biile regulate pot ajuta la identificarea \u0219i remedierea prompt\u0103 a acestor probleme.<\/li>\n<li><strong>Performan\u021b\u0103 slab\u0103:<\/strong> Nivelurile inadecvate de ulei sau contaminarea pot duce la o func\u021bionare lent\u0103. Asigurarea unor niveluri \u0219i calit\u0103\u021bi adecvate ale fluidelor este esen\u021bial\u0103 pentru o func\u021bionare eficient\u0103.<\/li>\n<li><strong>Supra\u00eenc\u0103lzire:<\/strong> Acest lucru poate rezulta din sarcina excesiv\u0103 sau lubrifiere insuficient\u0103. Monitorizarea temperaturii \u0219i asigurarea unei lubrifieri adecvate pot atenua acest risc.<\/li>\n<\/ul>\n<h3>Sfaturi de depanare<\/h3>\n<p>Pentru a diagnostica \u0219i rezolva eficient problemele, operatorii ar trebui s\u0103 efectueze inspec\u021bii am\u0103nun\u021bite, s\u0103 men\u021bin\u0103 nivelurile de fluide \u0219i s\u0103 \u00eenlocuiasc\u0103 orice componente uzate, dup\u0103 cum este necesar. M\u0103surile preventive, cum ar fi \u00eentre\u021binerea regulat\u0103 \u0219i practicile opera\u021bionale adecvate, pot reduce semnificativ apari\u021bia poten\u021bialelor probleme.<\/p>\n<p><img decoding=\"async\" src=\"https:\/\/www.hydraulic-cylinders.net\/wp-content\/uploads\/2025\/04\/songte-bushings-with-all-kinds-of-excavator-models.webp\" alt=\"Imagine buc\u0219e\"><\/p>\n<h2>Despre compania noastr\u0103<\/h2>\n<p>Suntem un produc\u0103tor \u0219i distribuitor angro de top de cilindri hidraulici de schimb, dedica\u021bi furniz\u0103rii de servicii de calitate excelent\u0103. Gama noastr\u0103 divers\u0103 de produse ne-a pozi\u021bionat ca un juc\u0103tor important at\u00e2t pe pie\u021bele interne, c\u00e2t \u0219i pe cele interna\u021bionale. Prin strategii de fabrica\u021bie rafinate, valorific\u0103m tehnologia avansat\u0103 \u0219i personalul calificat pentru a ne \u00eembun\u0103t\u0103\u021bi capacit\u0103\u021bile de produc\u021bie, asigur\u00e2nd o eficien\u021b\u0103 ridicat\u0103 \u0219i precizie \u00een satisfacerea unei variet\u0103\u021bi de nevoi ale clien\u021bilor.<\/p>\n<h3>Expertiza noastr\u0103<\/h3>\n<ul>\n<li><strong>Profesionalism:<\/strong> Echipa noastr\u0103 \u00eentruchipeaz\u0103 expertiz\u0103 \u00een sisteme hidraulice, asigur\u00e2ndu-se c\u0103 toate produsele \u00eendeplinesc standarde riguroase de performan\u021b\u0103.<\/li>\n<li><strong>Certific\u0103ri interna\u021bionale:<\/strong> Respect\u0103m standardele globale, asigur\u00e2nd fiabilitatea \u0219i siguran\u021ba produselor.<\/li>\n<li><strong>Solu\u021bii personalizate:<\/strong> Oferim produse personalizate pentru a satisface cerin\u021bele specifice ale clien\u021bilor, cultiv\u00e2nd parteneriate pe termen lung.<\/li>\n<li><strong>Echipamente avansate de produc\u021bie:<\/strong> Folosind utilaje de ultim\u0103 genera\u021bie, \u00eembun\u0103t\u0103\u021bim eficien\u021ba produc\u021biei \u0219i calitatea produselor.<\/li>\n<li><strong>Asisten\u021b\u0103 post-v\u00e2nzare:<\/strong> Angajamentul nostru se extinde dincolo de v\u00e2nzare, oferind clien\u021bilor no\u0219tri asisten\u021b\u0103 \u0219i servicii complete.<\/li>\n<\/ul>\n<p><img decoding=\"async\" src=\"https:\/\/www.hydraulic-cylinders.net\/wp-content\/uploads\/2025\/04\/songte-company-4.webp\" alt=\"Imaginea companiei\"><br \/>\n<img decoding=\"async\" src=\"https:\/\/www.hydraulic-cylinders.net\/wp-content\/uploads\/2025\/04\/songte-company-3.webp\" alt=\"Imaginea companiei\"><\/p>\n<p>Autor: lyl<\/p>","protected":false},"excerpt":{"rendered":"<p>Boom Cylinder For Carter CT18-7BS Understanding the Boom Cylinder The boom cylinder is a crucial component in various heavy machinery, specifically designed for controlling the movement of the bucket in excavators, backhoes, and front loaders. As a type of hydraulic cylinder, it plays a vital role in facilitating lifting, lowering, and tilting actions, thereby enhancing [&hellip;]<\/p>","protected":false},"featured_media":17867,"comment_status":"open","ping_status":"closed","template":"","meta":{"_et_pb_use_builder":"","_et_pb_old_content":"","_et_gb_content_width":""},"product_brand":[],"product_cat":[1546],"product_tag":[1547,1496],"class_list":{"0":"post-19514","1":"product","2":"type-product","3":"status-publish","4":"has-post-thumbnail","6":"product_cat-boom-cylinders","7":"product_tag-boom-cylinders","8":"product_tag-hydraulic-cylinders","10":"first","11":"instock","12":"shipping-taxable","13":"product-type-simple"},"amp_enabled":true,"_links":{"self":[{"href":"https:\/\/www.hydraulic-cylinders.net\/ro\/wp-json\/wp\/v2\/product\/19514","targetHints":{"allow":["GET"]}}],"collection":[{"href":"https:\/\/www.hydraulic-cylinders.net\/ro\/wp-json\/wp\/v2\/product"}],"about":[{"href":"https:\/\/www.hydraulic-cylinders.net\/ro\/wp-json\/wp\/v2\/types\/product"}],"replies":[{"embeddable":true,"href":"https:\/\/www.hydraulic-cylinders.net\/ro\/wp-json\/wp\/v2\/comments?post=19514"}],"wp:featuredmedia":[{"embeddable":true,"href":"https:\/\/www.hydraulic-cylinders.net\/ro\/wp-json\/wp\/v2\/media\/17867"}],"wp:attachment":[{"href":"https:\/\/www.hydraulic-cylinders.net\/ro\/wp-json\/wp\/v2\/media?parent=19514"}],"wp:term":[{"taxonomy":"product_brand","embeddable":true,"href":"https:\/\/www.hydraulic-cylinders.net\/ro\/wp-json\/wp\/v2\/product_brand?post=19514"},{"taxonomy":"product_cat","embeddable":true,"href":"https:\/\/www.hydraulic-cylinders.net\/ro\/wp-json\/wp\/v2\/product_cat?post=19514"},{"taxonomy":"product_tag","embeddable":true,"href":"https:\/\/www.hydraulic-cylinders.net\/ro\/wp-json\/wp\/v2\/product_tag?post=19514"}],"curies":[{"name":"wp","href":"https:\/\/api.w.org\/{rel}","templated":true}]}}