{"id":19515,"date":"2025-04-07T06:51:49","date_gmt":"2025-04-07T06:51:49","guid":{"rendered":"https:\/\/www.hydraulic-cylinders.net\/product\/boom-cylinder-for-carter-ct60-8a-8b\/"},"modified":"2025-04-07T06:51:52","modified_gmt":"2025-04-07T06:51:52","slug":"boom-cylinder-for-carter-ct60-8a-8b","status":"publish","type":"product","link":"https:\/\/www.hydraulic-cylinders.net\/ro\/produs\/boom-cylinder-for-carter-ct60-8a-8b\/","title":{"rendered":"Cilindru de bra\u021b pentru Carter CT60-8A-8B"},"content":{"rendered":"<h1>Cilindru de bra\u021b pentru Carter CT60-8A-8B<\/h1>\n<h2>Introducere \u00een cilindrul bra\u021bului<\/h2>\n<p>Cilindrul bra\u021bului este un cilindru hidraulic specializat, conceput pentru a controla mi\u0219carea cupelor \u00een diverse utilaje grele, cum ar fi excavatoarele, \u00eenc\u0103rc\u0103toarele excavatoare \u0219i \u00eenc\u0103rc\u0103toarele frontale. Aceast\u0103 component\u0103 hidraulic\u0103 permite ridicarea, cobor\u00e2rea \u0219i \u00eenclinarea cupei, facilit\u00e2nd sarcinile de manipulare a materialelor \u00een construc\u021bii \u0219i agricultur\u0103. Cilindrul cupei joac\u0103 un rol crucial \u00een sistemul hidraulic, asigur\u00e2nd o func\u021bionare lin\u0103 \u0219i eficient\u0103 \u00een timpul ridic\u0103rii sarcinilor grele.<\/p>\n<p><img decoding=\"async\" src=\"https:\/\/www.hydraulic-cylinders.net\/wp-content\/uploads\/2025\/04\/songte-company-1.webp\" alt=\"Cilindru de bra\u021b\" \/><\/p>\n<h2>Caracteristicile cilindrului bra\u021bului<\/h2>\n<ul>\n<li>\n<h3>Rezisten\u021b\u0103 \u0219i durabilitate ridicate<\/h3>\n<p>    De obicei fabricate din o\u021bel sau aluminiu de \u00eenalt\u0103 rezisten\u021b\u0103, aceste cilindri sunt proiectate s\u0103 reziste la presiuni ridicate \u0219i sarcini grele, ceea ce le face potrivite pentru medii de lucru dure. Designul lor \u00eencorporeaz\u0103, de asemenea, rezisten\u021b\u0103 la uzur\u0103 \u0219i protec\u021bie \u00eempotriva coroziunii, prelungindu-le durata de via\u021b\u0103.<\/li>\n<li>\n<h3>Func\u021bionare hidraulic\u0103 eficient\u0103<\/h3>\n<p>    Utiliz\u00e2nd presiunea uleiului hidraulic, cilindrul bra\u021bului permite extinderea \u0219i retragerea lin\u0103, r\u0103spunz\u00e2nd rapid la comenzile operatorului \u0219i oferind for\u021be puternice de \u00eempingere \u0219i tragere. Acest lucru le face ideale pentru manipularea materialelor grele \u0219i a sarcinilor complexe.<\/li>\n<li>\n<h3>Diverse tipuri<\/h3>\n<p>    Cilindrii bra\u021bului pot fi selecta\u021bi \u00een func\u021bie de nevoile specifice, inclusiv op\u021biuni cu ac\u021biune simpl\u0103 (folosind for\u021ba hidraulic\u0103 \u00eentr-o singur\u0103 direc\u021bie) sau cu ac\u021biune dubl\u0103 (folosind for\u021ba hidraulic\u0103 \u00een ambele direc\u021bii). Unele modele sunt telescopice, permi\u021b\u00e2nd o extensie mai mare f\u0103r\u0103 a cre\u0219te dimensiunile exterioare, potrivite pentru aplica\u021bii cu spa\u021biu limitat.<\/li>\n<\/ul>\n<h2>Capacitate de produc\u021bie<\/h2>\n<p>Avem capacitatea de a produce acest cilindru de bra\u021b cu precizie \u0219i calitate, care poate \u00eenlocui perfect cilindrii hidraulici existen\u021bi.<\/p>\n<p><img decoding=\"async\" src=\"https:\/\/www.hydraulic-cylinders.net\/wp-content\/uploads\/2025\/04\/songte-cylinder-head-with-all-kinds-excavator-models.webp\" alt=\"Capacitate de produc\u021bie\" \/><\/p>\n<h2>Aplica\u021bii ale cilindrului bra\u021bului<\/h2>\n<h3>Echipamente de construc\u021bii<\/h3>\n<p>\u00cen excavatoare, cilindrii bra\u021bului sunt esen\u021biali pentru s\u0103pare, \u00eenc\u0103rcare \u0219i mutarea p\u0103m\u00e2ntului sau a resturilor. Ace\u0219tia joac\u0103 un rol vital \u00een a permite cupei s\u0103 p\u0103trund\u0103 eficient \u00een sol, permi\u021b\u00e2nd excavarea \u0219i transportul eficient al materialelor.<\/p>\n<h3>Ma\u0219ini agricole<\/h3>\n<p>\u00cen cazul \u00eenc\u0103rc\u0103toarelor frontale, cilindrii bra\u021bului ajut\u0103 la scobere, ridicare \u0219i transportul solului, f\u00e2nului \u0219i altor materiale. Func\u021bionarea lor fiabil\u0103 este crucial\u0103 pentru optimizarea sarcinilor agricole, sporind productivitatea fermelor.<\/p>\n<h3>Excavatoare<\/h3>\n<p>Cilindrul bra\u021bului ofer\u0103 excavatoarelor capacitatea de a efectua ac\u021biuni de s\u0103pare, permi\u021b\u00e2nd cupei s\u0103 p\u0103trund\u0103 u\u0219or \u00een sol. Aceast\u0103 func\u021bionalitate este esen\u021bial\u0103 pentru diverse proiecte de construc\u021bii \u0219i amenaj\u0103ri peisagistice.<\/p>\n<h3>\u00cenc\u0103rc\u0103toare<\/h3>\n<p>La \u00eenc\u0103rc\u0103toarele frontale, cilindrul bra\u021bului ajut\u0103 la ridicarea \u0219i desc\u0103rcarea eficient\u0103 a materialelor. Acest lucru este esen\u021bial pentru \u0219antierele de construc\u021bii unde materialele grele trebuie mutate eficient.<\/p>\n<h2>Considera\u021bii de proiectare \u0219i criterii de selec\u021bie<\/h2>\n<ul>\n<li>\n<h3>Capacitate de \u00eenc\u0103rcare<\/h3>\n<p>    Atunci c\u00e2nd se selecteaz\u0103 un cilindru pentru bra\u021b, este esen\u021bial\u0103 \u00een\u021belegerea capacit\u0103\u021bii sale de \u00eenc\u0103rcare. Cilindrul trebuie s\u0103 poat\u0103 suporta sarcina maxim\u0103 pe care o va \u00eent\u00e2lni \u00een timpul func\u021bion\u0103rii, f\u0103r\u0103 a compromite siguran\u021ba sau performan\u021ba. Factori precum greutatea materialelor mutate \u0219i panta terenului trebuie lua\u021bi \u00een considerare pentru a asigura c\u0103 cilindrul este corespunz\u0103tor pentru aplica\u021bia sa.<\/h3>\n<\/li>\n<li>\n<h3>Sigilare<\/h3>\n<p>    Sistemele de etan\u0219are utilizate \u00een cilindrii bra\u021bului sunt fundamentale pentru performan\u021ba acestora. Etan\u0219\u0103rile de \u00eenalt\u0103 calitate previn scurgerile de fluid hidraulic, ceea ce poate duce la o eficien\u021b\u0103 redus\u0103 \u0219i la poten\u021biale deterior\u0103ri ale cilindrului. Diverse materiale de etan\u0219are, cum ar fi poliuretanul \u0219i cauciucul nitrilic, sunt alese pentru durabilitatea \u0219i rezisten\u021ba lor la uzur\u0103, asigur\u00e2nd longevitatea cilindrului.<\/h3>\n<\/li>\n<li>\n<h3>Durabilitate<\/h3>\n<p>    Materialele utilizate \u00een fabricarea cilindrilor bra\u021bului influen\u021beaz\u0103 \u00een mare m\u0103sur\u0103 durabilitatea acestora. Materialele de \u00eenalt\u0103 rezisten\u021b\u0103 sunt esen\u021biale pentru a rezista la condi\u021bii dure de lucru \u0219i solicit\u0103ri mecanice. Evalu\u0103rile regulate ale uzurii pot ajuta la identificarea momentului \u00een care un cilindru necesit\u0103 service sau \u00eenlocuire.<\/h3>\n<\/li>\n<li>\n<h3>Siguran\u0163\u0103<\/h3>\n<p>    Caracteristicile de siguran\u021b\u0103, cum ar fi supapele de suprapresiune \u0219i blocajele de siguran\u021b\u0103, sunt aspecte importante \u00een proiectarea cilindrilor bra\u021bului. Aceste caracteristici ajut\u0103 la prevenirea accidentelor \u00een timpul func\u021bion\u0103rii, oferind lini\u0219te sufleteasc\u0103 operatorilor care lucreaz\u0103 cu utilaje grele.<\/h3>\n<\/li>\n<li>\n<h3>\u00centre\u0163inere<\/h3>\n<p>    Alegerea unui cilindru pentru bra\u021b conceput pentru o \u00eentre\u021binere u\u0219oar\u0103 poate reduce semnificativ timpul de nefunc\u021bionare. Caracteristicile care faciliteaz\u0103 inspec\u021biile, lubrifierea \u0219i \u00eenlocuirea rapid\u0103 a garniturilor pot \u00eembun\u0103t\u0103\u021bi durata de via\u021b\u0103 a cilindrului, asigur\u00e2ndu-i c\u0103 acesta r\u0103m\u00e2ne func\u021bional pentru perioade mai lungi.<\/h3>\n<\/li>\n<\/ul>\n<p><img decoding=\"async\" src=\"https:\/\/www.hydraulic-cylinders.net\/wp-content\/uploads\/2025\/04\/songte-oil-pipes-and-spare-parts.webp\" alt=\"Considera\u021bii de proiectare\" \/><\/p>\n<h2>Etan\u0219area \u0219i lubrifierea cilindrului<\/h2>\n<p>Etan\u0219area eficient\u0103 este vital\u0103 pentru performan\u021ba cilindrilor bra\u021bului. Diverse componente de etan\u0219are, cum ar fi etan\u0219\u0103rile pistonului \u0219i etan\u0219\u0103rile tijei, sunt utilizate pentru a re\u021bine fluidul hidraulic, \u00eempiedic\u00e2nd \u00een acela\u0219i timp p\u0103trunderea contaminan\u021bilor externi \u00een cilindru. Etan\u0219\u0103rile fabricate din materiale durabile, precum poliuretanul \u0219i cauciucul nitrilic, ofer\u0103 rezisten\u021b\u0103 la uzur\u0103 \u0219i la condi\u021bii dure de func\u021bionare. \u00cen plus, corpul cilindrului \u0219i suprafe\u021bele filetate ale cap\u0103tului sunt supuse unor procese precise de prelucrare pentru a spori rezisten\u021ba la uzur\u0103. Lubrifierea regulat\u0103 cu ulei hidraulic este esen\u021bial\u0103 pentru a minimiza frecarea \u0219i a asigura func\u021bionarea lin\u0103 a pieselor \u00een mi\u0219care.<\/p>\n<h2>Inspec\u021bie regulat\u0103 \u0219i \u00eentre\u021binere preventiv\u0103<\/h2>\n<ul>\n<li>\n<h3>Verific\u0103ri de rutin\u0103<\/h3>\n<p>    Efectuarea unor verific\u0103ri de rutin\u0103 ale cilindrului bra\u021bului este esen\u021bial\u0103 pentru identificarea poten\u021bialelor probleme \u00eenainte ca acestea s\u0103 devin\u0103 grave. Aceasta include inspec\u021bia pentru scurgeri, uzur\u0103 \u0219i deteriorare, care pot indica defec\u021biuni mecanice subiacente. Monitorizarea regulat\u0103 asigur\u0103 c\u0103 echipamentul r\u0103m\u00e2ne \u00een stare optim\u0103 de func\u021bionare, prelungindu-i astfel durata de via\u021b\u0103.<\/h3>\n<\/li>\n<li>\n<h3>Lubrifiere adecvat\u0103<\/h3>\n<p>    Lubrifierea corect\u0103 a cilindrilor hidraulici este crucial\u0103 pentru a reduce frecarea \u0219i uzura dintre piesele mobile. Este esen\u021bial s\u0103 se respecte recomand\u0103rile produc\u0103torului privind intervalele \u0219i cantit\u0103\u021bile de lubrifiere pentru a men\u021bine performan\u021ba cilindrului. Lubrifierea adecvat\u0103 nu numai c\u0103 previne uzura prematur\u0103, dar \u00eembun\u0103t\u0103\u021be\u0219te \u0219i eficien\u021ba sistemului hidraulic.<\/h3>\n<\/li>\n<li>\n<h3>\u00cenlocuirea garniturii<\/h3>\n<p>    Garniturile sunt un element de uzur\u0103 frecvent \u00een cilindrii hidraulici, iar \u00eenlocuirea la timp este esen\u021bial\u0103 pentru a evita scurgerile hidraulice. Inspec\u021bia regulat\u0103 pentru a depista semne de uzur\u0103 sau deteriorare poate ajuta la determinarea momentului \u00een care garniturile trebuie \u00eenlocuite. Trebuie urmate procedurile adecvate de \u00eenlocuire a garniturilor pentru a asigura o fixare etan\u0219\u0103, prevenind scurgerile viitoare.<\/h3>\n<\/li>\n<\/ul>\n<p><img decoding=\"async\" src=\"https:\/\/www.hydraulic-cylinders.net\/wp-content\/uploads\/2025\/04\/songte-chushion-collar.webp\" alt=\"Sarcini de \u00eentre\u021binere\" \/><\/p>\n<h2>Considera\u021bii de siguran\u021b\u0103 \u0219i factori de mediu<\/h2>\n<p>Atunci c\u00e2nd se lucreaz\u0103 cu sisteme hidraulice, m\u0103surile de siguran\u021b\u0103 sunt primordiale. Operatorii trebuie instrui\u021bi cu privire la utilizarea corect\u0103 a echipamentelor hidraulice, inclusiv riscurile asociate cu sistemele de \u00eenalt\u0103 presiune. \u00cen plus, verific\u0103rile regulate de \u00eentre\u021binere sunt esen\u021biale pentru a asigura func\u021bionarea corect\u0103 a tuturor componentelor, reduc\u00e2nd astfel la minimum riscul de accidente. Factorii de mediu, cum ar fi scurgerile de petrol \u0219i contaminarea, trebuie, de asemenea, aborda\u021bi prin utilizarea de fluide hidraulice ecologice \u0219i implementarea unor practici adecvate de eliminare a oric\u0103ror de\u0219euri generate \u00een timpul \u00eentre\u021binerii.<\/p>\n<h2>Diagnosticarea defec\u021biunilor \u0219i probleme frecvente<\/h2>\n<ul>\n<li>\n<h3>Scurgeri hidraulice<\/h3>\n<p>    Una dintre cele mai frecvente probleme ale cilindrilor bra\u021bului sunt scurgerile de fluid hidraulic. Acestea pot ap\u0103rea din cauza garniturilor uzate sau a componentelor deteriorate, ceea ce duce la o eficien\u021b\u0103 redus\u0103 \u0219i la poten\u021biale pericole pentru siguran\u021b\u0103. Inspec\u021biile regulate pot ajuta la detectarea timpurie a scurgerilor, permi\u021b\u00e2nd repara\u021bii prompte.<\/h3>\n<\/li>\n<li>\n<h3>Timp de r\u0103spuns lent<\/h3>\n<p>    Dac\u0103 cilindrul bra\u021bului r\u0103spunde lent la comenzile operatorului, acest lucru ar putea indica prezen\u021ba aerului \u00een sistemul hidraulic sau niveluri sc\u0103zute de lichid. Aceast\u0103 problem\u0103 poate necesita aerisirea sistemului sau completarea cu lichid hidraulic pentru a restabili func\u021bionarea normal\u0103.<\/h3>\n<\/li>\n<li>\n<h3>Niveluri crescute de zgomot<\/h3>\n<p>    Zgomotul neobi\u0219nuit \u00een timpul func\u021bion\u0103rii poate indica probleme mecanice, cum ar fi un cilindru nealiniat sau lipsa lubrifierii. Operatorii ar trebui s\u0103 investigheze sursa zgomotului pentru a preveni deteriorarea suplimentar\u0103 a sistemului hidraulic.<\/h3>\n<\/li>\n<\/ul>\n<h2>Sfaturi \u0219i solu\u021bii pentru depanare<\/h2>\n<p>Pentru a diagnostica \u0219i rezolva eficient problemele legate de cilindrii bra\u021bului, operatorii ar trebui s\u0103 urmeze o abordare structurat\u0103. \u00cencepe\u021bi prin a inspecta pentru scurgeri externe \u0219i a verifica nivelurile de lichid. Dac\u0103 se detecteaz\u0103 scurgeri, \u00eenlocui\u021bi garniturile \u0219i componentele necesare. Pentru timpi de r\u0103spuns len\u021bi, asigura\u021bi-v\u0103 c\u0103 sistemul hidraulic nu con\u021bine aer \u0219i c\u0103 nivelurile de lichid sunt adecvate. Remedierea prompt\u0103 a oric\u0103rui zgomot neobi\u0219nuit va preveni complica\u021biile, iar operatorii ar trebui s\u0103 consulte instruc\u021biunile produc\u0103torului pentru proceduri specifice de depanare. M\u0103surile preventive, cum ar fi \u00eentre\u021binerea \u0219i inspec\u021biile regulate, sunt esen\u021biale pentru a minimiza poten\u021bialele probleme \u0219i a asigura o func\u021bionare fiabil\u0103.<\/p>\n<p><img decoding=\"async\" src=\"https:\/\/www.hydraulic-cylinders.net\/wp-content\/uploads\/2025\/04\/songte-bushings-with-all-kinds-of-excavator-models.webp\" alt=\"Depanare\" \/><\/p>\n<h2>Despre compania noastr\u0103<\/h2>\n<p>Suntem produc\u0103tori de cilindri hidraulici de schimb, oferind o gam\u0103 complet\u0103 de produse care ne-au consacrat ca unul dintre principalii produc\u0103tori \u0219i angrosi\u0219ti \u200b\u200bat\u00e2t pe pie\u021bele interne, c\u00e2t \u0219i interna\u021bionale. Ader\u0103m la excelen\u021b\u0103 \u00een calitate printr-o strategie de fabrica\u021bie rafinat\u0103, care pune accent pe managementul produc\u021biei industriale. Compania noastr\u0103 \u00ee\u0219i \u00eembun\u0103t\u0103\u021be\u0219te continuu capacit\u0103\u021bile de produc\u021bie prin integrarea personalului tehnic calificat, a echipamentelor digitale avansate de fabrica\u021bie \u0219i a sistemelor profesionale de testare. Acest angajament fa\u021b\u0103 de calitate \u0219i precizie ne permite s\u0103 satisfacem eficient diversele nevoi ale clien\u021bilor.<\/p>\n<p><img decoding=\"async\" src=\"https:\/\/www.hydraulic-cylinders.net\/wp-content\/uploads\/2025\/04\/songte-company-4.webp\" alt=\"Prezentare general\u0103 a companiei\" \/><br \/>\n<img decoding=\"async\" src=\"https:\/\/www.hydraulic-cylinders.net\/wp-content\/uploads\/2025\/04\/songte-company-3.webp\" alt=\"Prezentare general\u0103 a companiei\" \/><\/p>\n<p>Compania noastr\u0103 se m\u00e2ndre\u0219te cu profesionalismul s\u0103u, certific\u0103rile interna\u021bionale, serviciile personalizate, echipamentele de produc\u021bie de ultim\u0103 genera\u021bie \u0219i serviciile post-v\u00e2nzare excep\u021bionale, asigur\u00e2ndu-ne c\u0103 clien\u021bii no\u0219tri primesc cele mai bune produse \u0219i asisten\u021b\u0103 posibile.<\/p>\n<p>Autor: lyl<\/p>","protected":false},"excerpt":{"rendered":"<p>Boom Cylinder For Carter CT60-8A-8B Introduction to Boom Cylinder The Boom Cylinder is a specialized hydraulic cylinder designed to control the movement of buckets in various heavy machinery, such as excavators, backhoe loaders, and front loaders. This hydraulic component enables the bucket to lift, lower, and tilt, facilitating material handling tasks in construction and agriculture. [&hellip;]<\/p>","protected":false},"featured_media":17868,"comment_status":"open","ping_status":"closed","template":"","meta":{"_et_pb_use_builder":"","_et_pb_old_content":"","_et_gb_content_width":""},"product_brand":[],"product_cat":[1546],"product_tag":[1547,1496],"class_list":{"0":"post-19515","1":"product","2":"type-product","3":"status-publish","4":"has-post-thumbnail","6":"product_cat-boom-cylinders","7":"product_tag-boom-cylinders","8":"product_tag-hydraulic-cylinders","10":"first","11":"instock","12":"shipping-taxable","13":"product-type-simple"},"amp_enabled":true,"_links":{"self":[{"href":"https:\/\/www.hydraulic-cylinders.net\/ro\/wp-json\/wp\/v2\/product\/19515","targetHints":{"allow":["GET"]}}],"collection":[{"href":"https:\/\/www.hydraulic-cylinders.net\/ro\/wp-json\/wp\/v2\/product"}],"about":[{"href":"https:\/\/www.hydraulic-cylinders.net\/ro\/wp-json\/wp\/v2\/types\/product"}],"replies":[{"embeddable":true,"href":"https:\/\/www.hydraulic-cylinders.net\/ro\/wp-json\/wp\/v2\/comments?post=19515"}],"wp:featuredmedia":[{"embeddable":true,"href":"https:\/\/www.hydraulic-cylinders.net\/ro\/wp-json\/wp\/v2\/media\/17868"}],"wp:attachment":[{"href":"https:\/\/www.hydraulic-cylinders.net\/ro\/wp-json\/wp\/v2\/media?parent=19515"}],"wp:term":[{"taxonomy":"product_brand","embeddable":true,"href":"https:\/\/www.hydraulic-cylinders.net\/ro\/wp-json\/wp\/v2\/product_brand?post=19515"},{"taxonomy":"product_cat","embeddable":true,"href":"https:\/\/www.hydraulic-cylinders.net\/ro\/wp-json\/wp\/v2\/product_cat?post=19515"},{"taxonomy":"product_tag","embeddable":true,"href":"https:\/\/www.hydraulic-cylinders.net\/ro\/wp-json\/wp\/v2\/product_tag?post=19515"}],"curies":[{"name":"wp","href":"https:\/\/api.w.org\/{rel}","templated":true}]}}