{"id":19521,"date":"2025-04-07T06:52:03","date_gmt":"2025-04-07T06:52:03","guid":{"rendered":"https:\/\/www.hydraulic-cylinders.net\/product\/boom-cylinder-for-carter-ct85-8a-8b\/"},"modified":"2025-04-07T06:52:06","modified_gmt":"2025-04-07T06:52:06","slug":"boom-cylinder-for-carter-ct85-8a-8b","status":"publish","type":"product","link":"https:\/\/www.hydraulic-cylinders.net\/ro\/produs\/boom-cylinder-for-carter-ct85-8a-8b\/","title":{"rendered":"Cilindru de bra\u021b pentru Carter CT85-8A-8B"},"content":{"rendered":"<h1>Cilindru de bra\u021b pentru Carter CT85-8A-8B<\/h1>\n<h2>Introducere \u00een cilindrii bra\u021bului<\/h2>\n<p>Cel\/Cea\/Cei\/Cele <strong>Cilindru de bra\u021b<\/strong> este o component\u0103 crucial\u0103 \u00een sistemele hidraulice, special conceput\u0103 pentru a controla mi\u0219carea cupelor \u00een diverse utilaje grele, cum ar fi excavatoarele, \u00eenc\u0103rc\u0103toarele excavatoare \u0219i \u00eenc\u0103rc\u0103toarele frontale. Ace\u0219ti cilindri permit ridicarea, cobor\u00e2rea \u0219i \u00eenclinarea cupei, ceea ce faciliteaz\u0103 sarcinile de manipulare a materialelor. Func\u021bionalitatea cilindrilor bra\u021bului este esen\u021bial\u0103 pentru opera\u021biuni eficiente \u0219i eficace \u00een proiectele de construc\u021bii \u0219i excava\u021bii.<\/p>\n<p><img decoding=\"async\" src=\"https:\/\/www.hydraulic-cylinders.net\/wp-content\/uploads\/2025\/04\/songte-company-1.webp\" alt=\"Cilindru de bra\u021b\" \/><\/p>\n<h3>Ce este un cilindru de bra\u021b?<\/h3>\n<p>Un cilindru de bra\u021b este un tip de cilindru hidraulic utilizat pentru a gestiona mi\u0219c\u0103rile verticale \u0219i orizontale ale unui bra\u021b sau bra\u021b \u00een echipamentele grele. Prin transformarea presiunii hidraulice \u00een mi\u0219care liniar\u0103, ace\u0219ti cilindri furnizeaz\u0103 puterea necesar\u0103 pentru a executa opera\u021biuni de ridicare \u0219i s\u0103pare. Proiectarea \u0219i construc\u021bia cilindrilor de bra\u021b implic\u0103 materiale de \u00eenalt\u0103 rezisten\u021b\u0103 pentru a rezista la condi\u021bii extreme de operare, asigur\u00e2nd \u00een acela\u0219i timp durabilitate \u0219i fiabilitate.<\/p>\n<h2>Caracteristicile cilindrului bra\u021bului<\/h2>\n<ul>\n<li><strong>Rezisten\u021b\u0103 \u0219i durabilitate ridicate:<\/strong> Fabrica\u021bi din o\u021bel sau aluminiu de \u00eenalt\u0103 rezisten\u021b\u0103, ace\u0219ti cilindri pot suporta presiuni ridicate \u0219i sarcini grele, fiind potrivi\u021bi pentru medii de lucru dure.<\/li>\n<li><strong>Func\u021bionare hidraulic\u0103 eficient\u0103:<\/strong> Cilindrul bra\u021bului func\u021bioneaz\u0103 lin, utiliz\u00e2nd presiunea uleiului hidraulic pentru a realiza o extindere \u0219i retragere rapid\u0103, oferind o putere robust\u0103 de \u00eempingere-tragere pentru manipularea materialelor grele.<\/li>\n<li><strong>Diverse tipuri:<\/strong> Cilindrii sunt disponibili \u00een variante cu ac\u021biune simpl\u0103 \u0219i dubl\u0103 pentru a satisface diferite cerin\u021be opera\u021bionale, unele modele oferind designuri telescopice pentru o raz\u0103 de ac\u021biune extins\u0103 f\u0103r\u0103 a cre\u0219te dimensiunile exterioare.<\/li>\n<li><strong>Design personalizabil:<\/strong> Cilindrii bra\u021bului pot fi adapta\u021bi pentru a se potrivi cerin\u021belor specifice ale utilajelor, asigur\u00e2nd performan\u021be optime \u00een diverse aplica\u021bii.<\/li>\n<li><strong>\u00centre\u021binere u\u0219oar\u0103:<\/strong> Concepu\u021bi pentru o \u00eentre\u021binere u\u0219oar\u0103, ace\u0219ti cilindri faciliteaz\u0103 inspec\u021biile \u0219i repara\u021biile simple pentru a asigura o durat\u0103 lung\u0103 de via\u021b\u0103.<\/li>\n<\/ul>\n<h2>Capacit\u0103\u021bile noastre de produc\u021bie<\/h2>\n<p>Ne specializ\u0103m \u00een producerea de cilindri hidraulici de \u00eenalt\u0103 calitate pentru bra\u021b \u0219i putem oferi \u00eenlocuitori perfec\u021bi pentru cilindrii hidraulici existen\u021bi pe pia\u021b\u0103.<\/p>\n<p><img decoding=\"async\" src=\"https:\/\/www.hydraulic-cylinders.net\/wp-content\/uploads\/2025\/04\/songte-cylinder-head-with-all-kinds-excavator-models.webp\" alt=\"Fabricarea cilindrilor hidraulici\" \/><\/p>\n<h2>Aplica\u021bii ale cilindrului bra\u021bului<\/h2>\n<h3>Echipamente de construc\u021bii<\/h3>\n<p>\u00cen excavatoare, cilindrii bra\u021bului sunt esen\u021biali pentru s\u0103pare, \u00eenc\u0103rcare \u0219i mutarea solului sau a resturilor. Ace\u0219tia ofer\u0103 for\u021ba necesar\u0103 pentru ca cupa s\u0103 p\u0103trund\u0103 \u00een sol \u0219i s\u0103 ridice eficient sarcini grele. Controlul de precizie oferit de ace\u0219ti cilindri permite operatorilor s\u0103 execute mi\u0219c\u0103ri complexe, ceea ce \u00eei face nepre\u021bui\u021bi \u00een sarcinile de construc\u021bie.<\/p>\n<h3>Ma\u0219ini agricole<\/h3>\n<p>\u00cen cazul \u00eenc\u0103rc\u0103toarelor frontale, cilindrii bra\u021bului sunt responsabili pentru \u00eenc\u0103rcarea, ridicarea \u0219i transportul solului, f\u00e2nului \u0219i altor materiale. Capacitatea de a controla unghiul \u0219i \u00een\u0103l\u021bimea cupei asigur\u0103 \u00eenc\u0103rcarea \u0219i desc\u0103rcarea eficient\u0103, ceea ce este crucial \u00een opera\u021biunile agricole unde timpul \u0219i eficien\u021ba sunt vitale.<\/p>\n<h3>Excavatoare<\/h3>\n<p>Cilindrul bra\u021bului permite excavatoarelor s\u0103 p\u0103trund\u0103 \u00een sol cu \u200b\u200bcupa, f\u0103c\u00e2nd sarcinile de excavare rapide \u0219i eficiente. Reactivitatea sistemului hidraulic permite lucr\u0103ri de excavare detaliate, asigur\u00e2nd finalizarea proiectelor conform specifica\u021biilor \u0219i \u00een termenele limit\u0103.<\/p>\n<h3>\u00cenc\u0103rc\u0103toare<\/h3>\n<p>La \u00eenc\u0103rc\u0103toarele frontale, cilindrii bra\u021bului ajut\u0103 la ridicarea \u0219i desc\u0103rcarea eficient\u0103 a materialelor. Puterea hidraulic\u0103 furnizat\u0103 de ace\u0219ti cilindri asigur\u0103 manipularea u\u0219oar\u0103 a materialelor grele, \u00eembun\u0103t\u0103\u021bind productivitatea pe \u0219antier.<\/p>\n<h2>Considera\u021bii de proiectare \u0219i criterii de selec\u021bie<\/h2>\n<h3>Capacitate de \u00eenc\u0103rcare<\/h3>\n<p>Atunci c\u00e2nd selecta\u021bi un cilindru pentru bra\u021b, este esen\u021bial s\u0103 lua\u021bi \u00een considerare capacitatea sa de \u00eenc\u0103rcare. Cilindrul trebuie s\u0103 poat\u0103 ridica \u0219i sus\u021bine greutatea maxim\u0103 a materialelor pe care le va manipula f\u0103r\u0103 riscul de defec\u021biune. Aceasta implic\u0103 nu numai greutatea materialelor, ci \u0219i for\u021bele dinamice care apar \u00een timpul func\u021bion\u0103rii.<\/p>\n<h3>Etan\u0219are \u0219i durabilitate<\/h3>\n<p>Etan\u0219area eficient\u0103 este vital\u0103 pentru a preveni scurgerile de fluid hidraulic, care pot duce la performan\u021be reduse \u0219i la nevoi sporite de \u00eentre\u021binere. Garnituri de \u00eenalt\u0103 calitate trebuie utilizate pentru a asigura durabilitatea, iar materialele ar trebui s\u0103 reziste uzurii mediului opera\u021bional.<\/p>\n<h3>Caracteristici de siguran\u021b\u0103<\/h3>\n<p>Siguran\u021ba este primordial\u0103 \u00een proiectarea cilindrilor bra\u021bului. Caracteristici precum protec\u021bia la suprasarcin\u0103 \u0219i supapele de siguran\u021b\u0103 adecvate ar trebui integrate pentru a preveni accidentele rezultate din defec\u021biunile hidraulice.<\/p>\n<h3>\u00centre\u021binere \u0219i reparabilitate<\/h3>\n<p>Un cilindru bine proiectat ar trebui s\u0103 permit\u0103 \u00eentre\u021binerea \u0219i repararea u\u0219oar\u0103. Punctele de acces pentru inspec\u021bii \u0219i \u00eenlocuirea garniturilor \u0219i fitingurilor ar trebui s\u0103 fie u\u0219or disponibile pentru a minimiza timpii de nefunc\u021bionare \u0219i a men\u021bine opera\u021biunile \u00een func\u021biune f\u0103r\u0103 probleme.<\/p>\n<p><img decoding=\"async\" src=\"https:\/\/www.hydraulic-cylinders.net\/wp-content\/uploads\/2025\/04\/songte-oil-pipes-and-spare-parts.webp\" alt=\"Piese cilindru hidraulic\" \/><\/p>\n<h2>Etan\u0219are \u0219i lubrifiere<\/h2>\n<p>Etan\u0219area \u0219i lubrifierea corespunz\u0103toare sunt esen\u021biale pentru longevitatea \u0219i eficien\u021ba cilindrilor bra\u021bului. Diverse tipuri de etan\u0219\u0103ri, cum ar fi etan\u0219\u0103rile pistonului \u0219i etan\u0219\u0103rile tijei, sunt utilizate pentru a minimiza scurgerile. Garniturile fabricate din materiale precum poliuretanul \u0219i cauciucul nitrilic sunt utilizate \u00een mod obi\u0219nuit datorit\u0103 rezisten\u021bei lor la uzur\u0103. \u00cen plus, corpul cilindrului \u0219i suprafe\u021bele filetate ale cap\u0103tului sunt prelucrate fin pentru a spori rezisten\u021ba la uzur\u0103. Lubrifierea regulat\u0103 cu ulei hidraulic este necesar\u0103 pentru a asigura o func\u021bionare lin\u0103 \u0219i a preveni uzura.<\/p>\n<h2>M\u0103suri de \u00eentre\u021binere preventiv\u0103<\/h2>\n<ul>\n<li><strong>Inspec\u021bii regulate:<\/strong> Verifica\u021bi dac\u0103 exist\u0103 semne de uzur\u0103, scurgeri sau deteriorare a cilindrului \u0219i a componentelor acestuia. Depistarea timpurie poate preveni defec\u021biuni majore.<\/li>\n<li><strong>Lubrifiere adecvat\u0103:<\/strong> Asigura\u021bi-v\u0103 c\u0103 uleiul hidraulic este completat \u00een mod regulat \u0219i c\u0103 este utilizat tipul corect de ulei pentru a men\u021bine eficien\u021ba opera\u021bional\u0103.<\/li>\n<li><strong>\u00cenlocuirea garniturii:<\/strong> Monitoriza\u021bi uzura garniturilor de etan\u0219are \u0219i \u00eenlocui\u021bi-le dup\u0103 cum este necesar pentru a preveni scurgerile de fluid hidraulic \u0219i a men\u021bine performan\u021ba.<\/li>\n<\/ul>\n<h2>Ghid de instalare<\/h2>\n<p>Instalarea corect\u0103 a cilindrului bra\u021bului este crucial\u0103 pentru o performan\u021b\u0103 optim\u0103. \u00cencepe\u021bi prin a v\u0103 asigura c\u0103 suprafe\u021bele de montare at\u00e2t de pe cilindru, c\u00e2t \u0219i de pe utilaj sunt curate \u0219i f\u0103r\u0103 resturi. Folosi\u021bi console de montare adecvate pentru a fixa cilindrul \u00een pozi\u021bie, asigur\u00e2ndu-v\u0103 c\u0103 este aliniat corect cu conductele hidraulice. Verifica\u021bi dac\u0103 toate conexiunile hidraulice sunt str\u00e2nse \u0219i f\u0103r\u0103 scurgeri \u00eenainte de utilizare. Dup\u0103 instalare, este important s\u0103 testa\u021bi sistemul pentru a verifica dac\u0103 cilindrul func\u021bioneaz\u0103 f\u0103r\u0103 probleme \u0219i eficient.<\/p>\n<h2>Sarcini comune de \u00eentre\u021binere<\/h2>\n<h3>Inspec\u021bii regulate<\/h3>\n<p>Inspec\u021biile de rutin\u0103 sunt vitale pentru identificarea din timp a poten\u021bialelor probleme. Verifica\u021bi dac\u0103 exist\u0103 semne de uzur\u0103 sau deteriorare \u0219i asigura\u021bi-v\u0103 c\u0103 sistemul hidraulic func\u021bioneaz\u0103 corect. Depistarea timpurie poate preveni repara\u021biile costisitoare \u0219i poate asigura siguran\u021ba.<\/p>\n<h3>Lubrifiere adecvat\u0103<\/h3>\n<p>Men\u021binerea unei lubrifieri adecvate este crucial\u0103 pentru buna func\u021bionare a cilindrului bra\u021bului. Verifica\u021bi periodic nivelurile de ulei hidraulic \u0219i asigura\u021bi-v\u0103 c\u0103 utiliza\u021bi tipul corect de ulei, deoarece acest lucru va \u00eembun\u0103t\u0103\u021bi semnificativ performan\u021ba \u0219i durata de via\u021b\u0103 a cilindrului.<\/p>\n<h3>\u00cenlocuirea garniturii \u0219i verific\u0103ri ale calibr\u0103rii<\/h3>\n<p>\u00cenlocuirea garniturilor uzate este esen\u021bial\u0103 pentru prevenirea scurgerilor de fluid hidraulic. \u00cen plus, efectuarea verific\u0103rilor de calibrare asigur\u0103 func\u021bionarea cilindrului la niveluri optime, men\u021bin\u00e2nd eficien\u021ba \u0219i siguran\u021ba \u00een operare.<\/p>\n<p><img decoding=\"async\" src=\"https:\/\/www.hydraulic-cylinders.net\/wp-content\/uploads\/2025\/04\/songte-chushion-collar.webp\" alt=\"Guler de pern\u0103\" \/><\/p>\n<h2>Considera\u021bii de siguran\u021b\u0103 \u0219i factori de mediu<\/h2>\n<p>Implementarea m\u0103surilor de siguran\u021b\u0103 \u00een timpul utiliz\u0103rii cilindrilor bra\u021bului este crucial\u0103. Operatorii trebuie instrui\u021bi cu privire la utilizarea corect\u0103 pentru a minimiza accidentele. Factorii de mediu, cum ar fi temperaturile extreme \u0219i umiditatea, pot afecta performan\u021ba sistemelor hidraulice \u0219i trebuie luate m\u0103suri de protec\u021bie pentru a asigura durabilitatea.<\/p>\n<h2>Depanare \u0219i probleme frecvente<\/h2>\n<ul>\n<li><strong>Scurgere de fluid hidraulic:<\/strong> Acest lucru poate fi cauzat de garnituri uzate sau furtunuri deteriorate. Inspecta\u021bi \u0219i \u00eenlocui\u021bi garniturile dup\u0103 cum este necesar.<\/li>\n<li><strong>Func\u021bionare lent\u0103:<\/strong> Dac\u0103 cilindrul func\u021bioneaz\u0103 lent, verifica\u021bi nivelurile uleiului hidraulic \u0219i asigura\u021bi-v\u0103 c\u0103 nu exist\u0103 blocaje \u00een sistem.<\/li>\n<li><strong>Zgomote neobi\u0219nuite:<\/strong> Zgomotele din timpul func\u021bion\u0103rii pot indica deterior\u0103ri interne sau lips\u0103 de lubrifiere. Investiga\u021bi \u0219i remedia\u021bi prompt orice anomalie.<\/li>\n<\/ul>\n<h2>Sfaturi de depanare<\/h2>\n<p>Pentru a diagnostica eficient problemele legate de cilindrul bra\u021bului, \u00eencepe\u021bi prin a examina nivelurile de lichid hidraulic \u0219i a verifica dac\u0103 exist\u0103 scurgeri. \u00centre\u021binerea regulat\u0103 poate preveni multe probleme. Dac\u0103 problemele persist\u0103, consulta\u021bi un profesionist pentru diagnosticare \u0219i repara\u021bii complete.<\/p>\n<p><img decoding=\"async\" src=\"https:\/\/www.hydraulic-cylinders.net\/wp-content\/uploads\/2025\/04\/songte-bushings-with-all-kinds-of-excavator-models.webp\" alt=\"Buc\u0219e pentru excavator\" \/><\/p>\n<h2>Prezentare general\u0103 a companiei<\/h2>\n<p>Suntem un produc\u0103tor important de cilindri hidraulici de schimb, cu o prezen\u021b\u0103 solid\u0103 pe pie\u021bele interne \u0219i interna\u021bionale. Angajamentul nostru fa\u021b\u0103 de excelen\u021b\u0103 se reflect\u0103 \u00een gama noastr\u0103 divers\u0103 de produse. Adopt\u0103m o strategie de fabrica\u021bie fin ajustat\u0103, pun\u00e2nd accent pe calitate \u0219i precizie. Tehnicienii no\u0219tri califica\u021bi \u0219i echipamentele digitale avansate de fabrica\u021bie ne \u00eembun\u0103t\u0103\u021besc capacit\u0103\u021bile de produc\u021bie, asigur\u00e2ndu-ne c\u0103 satisfacem eficient cerin\u021bele variate ale clien\u021bilor.<\/p>\n<h3>Profesionalism \u0219i Certificare Interna\u021bional\u0103<\/h3>\n<p>Produsele noastre \u00eendeplinesc standardele interna\u021bionale, oferind lini\u0219te sufleteasc\u0103 clien\u021bilor no\u0219tri. Oferim servicii personalizabile pentru a satisface nevoile specifice \u0219i pentru a asigura controlul calit\u0103\u021bii \u00een fiecare etap\u0103 de produc\u021bie.<\/p>\n<h3>Echipamente de produc\u021bie<\/h3>\n<p>Echipamentele noastre de produc\u021bie de ultim\u0103 genera\u021bie asigur\u0103 o eficien\u021b\u0103 ridicat\u0103 \u0219i precizie \u00een fabrica\u021bie. Acest lucru ne permite s\u0103 men\u021binem o calitate ridicat\u0103 a produselor, respect\u00e2nd \u00een acela\u0219i timp termenele limit\u0103 de produc\u021bie.<\/p>\n<h3>Serviciu post-v\u00e2nzare<\/h3>\n<p>Ne m\u00e2ndrim cu asisten\u021ba robust\u0103 post-v\u00e2nzare pe care o oferim, asigur\u00e2nd satisfac\u021bia clien\u021bilor prin servicii fiabile \u0219i \u00eendrum\u0103ri post-cump\u0103rare. Echipa noastr\u0103 este \u00eentotdeauna disponibil\u0103 pentru a r\u0103spunde oric\u0103ror \u00eentreb\u0103ri sau nel\u0103muriri.<\/p>\n<p><img decoding=\"async\" src=\"https:\/\/www.hydraulic-cylinders.net\/wp-content\/uploads\/2025\/04\/songte-company-4.webp\" alt=\"Companie de cilindri hidraulici\" \/><br \/>\n<img decoding=\"async\" src=\"https:\/\/www.hydraulic-cylinders.net\/wp-content\/uploads\/2025\/04\/songte-company-3.webp\" alt=\"Prezentare general\u0103 a companiei\" \/><\/p>\n<p>Autor: lyl<\/p>","protected":false},"excerpt":{"rendered":"<p>Boom Cylinder For Carter CT85-8A-8B Introduction to Boom Cylinders The Boom Cylinder is a crucial component in hydraulic systems, specifically designed to control the motion of buckets in various heavy machinery, such as excavators, backhoe loaders, and front loaders. These cylinders enable the bucket to lift, lower, and tilt, which facilitates material handling tasks. The [&hellip;]<\/p>","protected":false},"featured_media":17874,"comment_status":"open","ping_status":"closed","template":"","meta":{"_et_pb_use_builder":"","_et_pb_old_content":"","_et_gb_content_width":""},"product_brand":[],"product_cat":[1546],"product_tag":[1547,1496],"class_list":{"0":"post-19521","1":"product","2":"type-product","3":"status-publish","4":"has-post-thumbnail","6":"product_cat-boom-cylinders","7":"product_tag-boom-cylinders","8":"product_tag-hydraulic-cylinders","10":"first","11":"instock","12":"shipping-taxable","13":"product-type-simple"},"amp_enabled":true,"_links":{"self":[{"href":"https:\/\/www.hydraulic-cylinders.net\/ro\/wp-json\/wp\/v2\/product\/19521","targetHints":{"allow":["GET"]}}],"collection":[{"href":"https:\/\/www.hydraulic-cylinders.net\/ro\/wp-json\/wp\/v2\/product"}],"about":[{"href":"https:\/\/www.hydraulic-cylinders.net\/ro\/wp-json\/wp\/v2\/types\/product"}],"replies":[{"embeddable":true,"href":"https:\/\/www.hydraulic-cylinders.net\/ro\/wp-json\/wp\/v2\/comments?post=19521"}],"wp:featuredmedia":[{"embeddable":true,"href":"https:\/\/www.hydraulic-cylinders.net\/ro\/wp-json\/wp\/v2\/media\/17874"}],"wp:attachment":[{"href":"https:\/\/www.hydraulic-cylinders.net\/ro\/wp-json\/wp\/v2\/media?parent=19521"}],"wp:term":[{"taxonomy":"product_brand","embeddable":true,"href":"https:\/\/www.hydraulic-cylinders.net\/ro\/wp-json\/wp\/v2\/product_brand?post=19521"},{"taxonomy":"product_cat","embeddable":true,"href":"https:\/\/www.hydraulic-cylinders.net\/ro\/wp-json\/wp\/v2\/product_cat?post=19521"},{"taxonomy":"product_tag","embeddable":true,"href":"https:\/\/www.hydraulic-cylinders.net\/ro\/wp-json\/wp\/v2\/product_tag?post=19521"}],"curies":[{"name":"wp","href":"https:\/\/api.w.org\/{rel}","templated":true}]}}