{"id":19522,"date":"2025-04-07T06:52:25","date_gmt":"2025-04-07T06:52:25","guid":{"rendered":"https:\/\/www.hydraulic-cylinders.net\/product\/boom-cylinder-for-carter-ct240-8c\/"},"modified":"2025-04-07T06:52:28","modified_gmt":"2025-04-07T06:52:28","slug":"boom-cylinder-for-carter-ct240-8c","status":"publish","type":"product","link":"https:\/\/www.hydraulic-cylinders.net\/ro\/produs\/boom-cylinder-for-carter-ct240-8c\/","title":{"rendered":"Cilindru de bra\u021b pentru Carter CT240-8C"},"content":{"rendered":"<h1>Cilindru de bra\u021b pentru Carter CT240-8C<\/h1>\n<h2>Introducere \u00een cilindrii bra\u021bului<\/h2>\n<p>Cilindrul bra\u021bului, \u00een special pentru Carter CT240-8C, este o component\u0103 hidraulic\u0103 esen\u021bial\u0103 conceput\u0103 pentru controlul mi\u0219c\u0103rii cupelor \u00een diverse utilaje grele, inclusiv excavatoare, \u00eenc\u0103rc\u0103toare frontale \u0219i \u00eenc\u0103rc\u0103toare frontale. Acest cilindru hidraulic permite ridicarea, cobor\u00e2rea \u0219i \u00eenclinarea cupei, facilit\u00e2nd astfel sarcinile de manipulare a materialelor \u00een mod eficient. Cilindrii bra\u021bului sunt cruciali \u00een \u00eembun\u0103t\u0103\u021birea capacit\u0103\u021bilor opera\u021bionale ale acestor ma\u0219ini, permi\u021b\u00e2ndu-le s\u0103 efectueze sarcini complexe cu u\u0219urin\u021b\u0103.<\/p>\n<p><img decoding=\"async\" src=\"https:\/\/www.hydraulic-cylinders.net\/wp-content\/uploads\/2025\/04\/songte-company-1.webp\" alt=\"Imaginea cilindrului bra\u021bului\" \/><\/p>\n<h3>Func\u021bie \u0219i aplica\u021bii<\/h3>\n<p>Ca tip de cilindru hidraulic, cilindrul bra\u021bului joac\u0103 un rol vital \u00een sistemele hidraulice. Acesta este responsabil \u00een principal pentru transformarea energiei hidraulice \u00een energie mecanic\u0103, permi\u021b\u00e2nd utilajelor grele s\u0103 se mi\u0219te eficient. Aplicarea cilindrilor bra\u021bului se \u00eentinde \u00een diverse sectoare, inclusiv construc\u021bii \u0219i agricultur\u0103. Ace\u0219tia sunt esen\u021biali \u00een sarcini precum excavarea, \u00eenc\u0103rcarea \u0219i transportul materialelor. Datorit\u0103 capacit\u0103\u021bii lor de a gestiona o greutate semnificativ\u0103 \u0219i de a oferi mi\u0219c\u0103ri precise, cilindrii bra\u021bului sunt indispensabili \u00een utilajele moderne.<\/p>\n<h2>Caracteristicile cilindrului bra\u021bului<\/h2>\n<ul>\n<li><strong>Rezisten\u021b\u0103 \u0219i durabilitate ridicate:<\/strong> Construi\u021bi din o\u021bel sau aluminiu de \u00eenalt\u0103 rezisten\u021b\u0103, ace\u0219ti cilindri pot rezista la presiuni ridicate \u0219i sarcini grele, fiind potrivi\u021bi pentru medii de lucru dure.<\/li>\n<li><strong>Func\u021bionare hidraulic\u0103 eficient\u0103:<\/strong> Utilizarea presiunii uleiului hidraulic permite o extensie \u0219i retragere lin\u0103, oferind o for\u021b\u0103 puternic\u0103 de \u00eempingere-tragere, ideal\u0103 pentru sarcini grele \u0219i complexe.<\/li>\n<li><strong>Diverse tipuri:<\/strong> Disponibil \u00een modele cu ac\u021biune simpl\u0103 sau dubl\u0103 pentru a satisface diferite nevoi opera\u021bionale, unele modele oferind op\u021biuni telescopice pentru o raz\u0103 de ac\u021biune mai mare f\u0103r\u0103 a cre\u0219te dimensiunile exterioare.<\/li>\n<li><strong>Design u\u0219or de \u00eentre\u021binut:<\/strong> Conceput pentru acces facil la componente, facilit\u00e2nd \u00eentre\u021binerea \u0219i service-ul de rutin\u0103.<\/li>\n<li><strong>Rezisten\u021b\u0103 la coroziune:<\/strong> Mul\u021bi cilindri ai bra\u021bului sunt trata\u021bi pentru a rezista ruginii \u0219i coroziunii, asigur\u00e2nd longevitatea \u0219i fiabilitatea \u00een diverse condi\u021bii.<\/li>\n<\/ul>\n<p>Noi fabric\u0103m acest produs, iar ofertele noastre pot \u00eenlocui perfect ace\u0219ti cilindri hidraulici.<\/p>\n<p><img decoding=\"async\" src=\"https:\/\/www.hydraulic-cylinders.net\/wp-content\/uploads\/2025\/04\/songte-cylinder-head-with-all-kinds-excavator-models.webp\" alt=\"\u00cenlocuirea cilindrului hidraulic\" \/><\/p>\n<h2>Scenarii de aplicare a cilindrilor bra\u021bului<\/h2>\n<h3>Echipamente de construc\u021bii<\/h3>\n<p>\u00cen excavatoare, cilindrii bra\u021bului sunt esen\u021biali pentru s\u0103pare, \u00eenc\u0103rcare \u0219i mutarea p\u0103m\u00e2ntului sau a resturilor. Efectul lor mecanic de levier permite operatorilor s\u0103 excaveze eficient \u0219i s\u0103 transporte materiale \u00een loca\u021biile dorite. \u00cen cazul \u00eenc\u0103rc\u0103toarelor excavatoare, ace\u0219ti cilindri ajut\u0103 at\u00e2t la sarcinile de excavare, c\u00e2t \u0219i la cele de ridicare, sporind productivitatea pe \u0219antierele de construc\u021bii.<\/p>\n<h3>Ma\u0219ini agricole<\/h3>\n<p>\u00cen cazul \u00eenc\u0103rc\u0103toarelor frontale, cilindrii bra\u021bului sunt esen\u021biali pentru \u00eenc\u0103rcarea, ridicarea \u0219i transportul solului, f\u00e2nului \u0219i altor materiale. Capacitatea lor de a func\u021biona sub sarcini grele le face ideale pentru opera\u021biunile agricole care necesit\u0103 mutarea eficient\u0103 a materialelor vrac.<\/p>\n<h3>Excavatoare<\/h3>\n<p>Excavatoarele utilizeaz\u0103 cilindri ai bra\u021bului pentru a p\u0103trunde eficient \u00een sol, permi\u021b\u00e2nd s\u0103parea ad\u00e2nc\u0103 \u0219i \u00eendep\u0103rtarea materialelor. Aceast\u0103 func\u021bionalitate este esen\u021bial\u0103 pentru diverse proiecte de construc\u021bii \u0219i amenaj\u0103ri peisagistice unde sunt necesare ad\u00e2ncimi \u0219i precizie semnificative.<\/p>\n<h3>\u00cenc\u0103rc\u0103toare<\/h3>\n<p>\u00cen cazul \u00eenc\u0103rc\u0103toarelor frontale, cilindrii bra\u021bului ajut\u0103 la ridicarea \u0219i desc\u0103rcarea eficient\u0103 a \u00eenc\u0103rc\u0103turilor. Designul lor permite opera\u021biuni rapide \u0219i eficiente, ceea ce este crucial pentru sarcinile urgente din mediile opera\u021bionale.<\/p>\n<h2>Considera\u021bii de proiectare \u0219i criterii de selec\u021bie<\/h2>\n<h3>Capacitate de \u00eenc\u0103rcare<\/h3>\n<p>La proiectarea cilindrilor bra\u021bului, capacitatea de \u00eenc\u0103rcare este o considera\u021bie primordial\u0103. Este vital s\u0103 se asigure c\u0103 cilindrul poate suporta greutatea maxim\u0103 pe care o va \u00eent\u00e2lni \u00een timpul func\u021bion\u0103rii. Aceasta implic\u0103 utilizarea de materiale robuste \u0219i specifica\u021bii inginere\u0219ti pentru a asigura func\u021bionarea fiabil\u0103 a cilindrului sub solicit\u0103ri.<\/p>\n<h3>Integritatea etan\u0219\u0103rii<\/h3>\n<p>Etan\u0219area este esen\u021bial\u0103 \u00een cilindrii hidraulici, deoarece previne scurgerile de ulei \u0219i men\u021bine presiunea. Trebuie selectate mecanisme eficiente de etan\u0219are, inclusiv etan\u0219\u0103ri pentru piston \u0219i etan\u0219\u0103ri pentru tij\u0103, pentru a asigura longevitatea \u0219i eficien\u021ba cilindrului. Diverse materiale, precum poliuretanul \u0219i cauciucul nitrilic, sunt utilizate \u00een mod obi\u0219nuit pentru a spori eficacitatea etan\u0219\u0103rii.<\/p>\n<h3>Durabilitate<\/h3>\n<p>Durabilitatea este esen\u021bial\u0103 pentru cilindrii bra\u021bului, care sunt adesea supu\u0219i unor condi\u021bii dure de lucru. Factori precum selec\u021bia materialelor, tratamentele de suprafa\u021b\u0103 \u0219i caracteristicile de design ar trebui evalua\u021bi pentru a se asigura c\u0103 cilindrul poate rezista la uzur\u0103 \u00een timp.<\/p>\n<h3>Caracteristici de siguran\u021b\u0103<\/h3>\n<p>Siguran\u021ba este primordial\u0103 \u00een proiectarea cilindrilor hidraulici. Incorporarea de caracteristici precum supapele de suprapresiune \u0219i blocajele de siguran\u021b\u0103 poate preveni accidentele \u0219i poate asigura o func\u021bionare \u00een siguran\u021b\u0103. Evalu\u0103rile regulate de siguran\u021b\u0103 \u0219i respectarea standardelor din industrie sunt esen\u021biale pentru atenuarea riscurilor.<\/p>\n<h3>Men\u021binerea func\u021bionalit\u0103\u021bii<\/h3>\n<p>Proiectarea pentru mentenan\u021b\u0103 \u00eenseamn\u0103 crearea de cilindri care pot fi u\u0219or de \u00eentre\u021binut \u0219i reparat. Aceasta implic\u0103 luarea \u00een considerare a accesibilit\u0103\u021bii componentelor \u0219i a capacit\u0103\u021bii de a \u00eenlocui piesele uzate f\u0103r\u0103 dezasamblare extins\u0103, ceea ce poate economisi timp \u0219i costuri \u00een opera\u021biunile de \u00eentre\u021binere.<\/p>\n<p><img decoding=\"async\" src=\"https:\/\/www.hydraulic-cylinders.net\/wp-content\/uploads\/2025\/04\/songte-oil-pipes-and-spare-parts.webp\" alt=\"Piese cilindru hidraulic\" \/><\/p>\n<h2>Etan\u0219are \u0219i lubrifiere<\/h2>\n<p>Utilizarea diverselor elemente de etan\u0219are, cum ar fi etan\u0219\u0103rile pistonului \u0219i etan\u0219\u0103rile tijei, este crucial\u0103 pentru func\u021bionarea eficient\u0103 a cilindrilor bra\u021bului. Etan\u0219\u0103rile fabricate din materiale durabile, precum poliuretanul \u0219i cauciucul nitrilic, ofer\u0103 o rezisten\u021b\u0103 excelent\u0103 la abraziune, asigur\u00e2nd longevitatea. Corpul cilindrului \u0219i capetele filetate sunt supuse unui tratament meticulos pentru a spori rezisten\u021ba la uzur\u0103, ceea ce este vital pentru men\u021binerea eficien\u021bei hidraulice. Lubrifierea regulat\u0103 cu ulei hidraulic adecvat este necesar\u0103 pentru a minimiza frecarea \u0219i a asigura o func\u021bionare lin\u0103.<\/p>\n<h2>M\u0103suri de \u00eentre\u021binere preventiv\u0103<\/h2>\n<ul>\n<li><strong>Inspec\u021bii regulate:<\/strong> Efectua\u021bi inspec\u021bii programate pentru a identifica poten\u021bialele probleme \u00eenainte ca acestea s\u0103 se transforme \u00een probleme semnificative. Aceasta include verificarea scurgerilor, uzurii \u0219i a oric\u0103ror semne de deteriorare.<\/li>\n<li><strong>Lubrifiere adecvat\u0103:<\/strong> Asigura\u021bi-v\u0103 c\u0103 uleiul hidraulic este umplut \u0219i \u00eentre\u021binut corespunz\u0103tor, deoarece lubrifierea insuficient\u0103 poate duce la uzur\u0103 crescut\u0103 \u0219i la defectarea prematur\u0103 a componentelor.<\/li>\n<li><strong>\u00cenlocuirea garniturii:<\/strong> Verifica\u021bi \u0219i \u00eenlocui\u021bi periodic garniturile, dup\u0103 cum este necesar, pentru a preveni scurgerile \u0219i a men\u021bine eficien\u021ba sistemului.<\/li>\n<\/ul>\n<h2>Instruc\u021biuni de instalare corect\u0103<\/h2>\n<p>Pentru instalarea cu succes a cilindrilor bra\u021bului, asigura\u021bi o aliniere corect\u0103 cu utilajele asociate. Acest lucru poate preveni solicit\u0103rile inutile asupra cilindrului \u0219i poate spori eficien\u021ba de func\u021bionare. Utilizarea suporturilor de montare adecvate este esen\u021bial\u0103 pentru fixarea ferm\u0103 a cilindrului. Respectarea specifica\u021biilor produc\u0103torului privind set\u0103rile de cuplu \u00een timpul instal\u0103rii este crucial\u0103. Dup\u0103 instalare, trebuie efectuate verific\u0103ri am\u0103nun\u021bite pentru a se asigura c\u0103 toate conexiunile sunt str\u00e2nse \u0219i c\u0103 sistemul hidraulic nu prezint\u0103 scurgeri. De asemenea, este esen\u021bial s\u0103 se respecte o perioad\u0103 de rodaj conform instruc\u021biunilor produc\u0103torului, pentru a permite cilindrului s\u0103 se adapteze la func\u021bionare f\u0103r\u0103 probleme.<\/p>\n<h2>Sarcini comune de \u00eentre\u021binere<\/h2>\n<ul>\n<li><strong>Verific\u0103ri regulate:<\/strong> Inspecta\u021bi periodic cilindrii bra\u021bului pentru a depista semne de uzur\u0103, scurgeri sau deteriorare. Depistarea timpurie poate preveni defec\u021biunile catastrofale.<\/li>\n<li><strong>Lubrifiere adecvat\u0103:<\/strong> Men\u021bine\u021bi o lubrifiere adecvat\u0103 verific\u00e2nd periodic nivelurile de ulei \u0219i asigur\u00e2ndu-v\u0103 c\u0103 se utilizeaz\u0103 tipul corect de fluid hidraulic.<\/li>\n<li><strong>\u00cenlocuirea garniturii \u0219i verific\u0103ri ale calibr\u0103rii:<\/strong> \u00cen timp, garniturile se pot uza, necesit\u00e2nd \u00eenlocuirea. Calibrarea asigur\u0103 func\u021bionarea cilindrului \u00een parametrii specifica\u021bi.<\/li>\n<\/ul>\n<h2>Considera\u021bii de siguran\u021b\u0103 \u0219i factori de mediu<\/h2>\n<p>La operarea cilindrilor bra\u021bului, m\u0103surile de siguran\u021b\u0103 sunt primordiale pentru a proteja at\u00e2t echipamentul, c\u00e2t \u0219i personalul. Incorporarea protocoalelor de siguran\u021b\u0103 \u00een timpul func\u021bion\u0103rii poate atenua riscurile asociate sistemelor hidraulice. Factorii de mediu joac\u0103, de asemenea, un rol crucial \u00een performan\u021ba cilindrilor, deoarece temperaturile extreme sau expunerea la substan\u021be corozive pot afecta durata de via\u021b\u0103 \u0219i eficien\u021ba componentelor hidraulice.<\/p>\n<h2>Depanare \u0219i probleme frecvente<\/h2>\n<ul>\n<li><strong>Scurgere:<\/strong> Scurgerile de fluid hidraulic pot indica o defec\u021biune a etan\u0219\u0103rii sau o deteriorare a cilindrului. Inspec\u021bia \u0219i repararea imediat\u0103 sunt necesare pentru a preveni pierderea performan\u021bei.<\/li>\n<li><strong>Mi\u0219care lent\u0103:<\/strong> Dac\u0103 cilindrul bra\u021bului se mi\u0219c\u0103 \u00eencet, acest lucru se poate datora unui nivel insuficient de lichid hidraulic sau blocajelor din sistem. Verifica\u021bi nivelurile de lichid \u0219i inspecta\u021bi dac\u0103 exist\u0103 obstruc\u021bii.<\/li>\n<li><strong>F\u0103r\u0103 mi\u0219care:<\/strong> Lipsa total\u0103 de mi\u0219care poate fi cauzat\u0103 de aerul din conductele hidraulice sau de o pomp\u0103 defect\u0103. Eliminarea aerului din sistem sau verificarea pompei pot rezolva aceste probleme.<\/li>\n<\/ul>\n<h2>Sfaturi de depanare<\/h2>\n<p>Pentru a diagnostica \u0219i rezolva eficient problemele legate de cilindrii bra\u021bului, urma\u021bi o abordare sistematic\u0103. Mai \u00eent\u00e2i, verifica\u021bi dac\u0103 exist\u0103 semne vizibile de scurgeri sau deterior\u0103ri. Apoi, verifica\u021bi nivelurile \u0219i calitatea fluidului hidraulic, deoarece un fluid de proast\u0103 calitate poate duce la probleme de performan\u021b\u0103. Consultarea ghidului de depanare al produc\u0103torului poate oferi informa\u021bii suplimentare. Implementarea practicilor de \u00eentre\u021binere preventiv\u0103 poate reduce semnificativ probabilitatea de a \u00eent\u00e2mpina aceste probleme.<\/p>\n<p><img decoding=\"async\" src=\"https:\/\/www.hydraulic-cylinders.net\/wp-content\/uploads\/2025\/04\/songte-bushings-with-all-kinds-of-excavator-models.webp\" alt=\"Buc\u0219e pentru excavator\" \/><\/p>\n<h2>Despre compania noastr\u0103<\/h2>\n<p>Suntem un produc\u0103tor specializat \u00een cilindri hidraulici de schimb, av\u00e2nd o gam\u0103 complet\u0103 de produse. Compania noastr\u0103 s-a pozi\u021bionat ca produc\u0103tor \u0219i distribuitor angro de cilindri hidraulici de top, at\u00e2t pe pia\u021ba intern\u0103, c\u00e2t \u0219i pe cea interna\u021bional\u0103. Ne angaj\u0103m s\u0103 facem fa\u021b\u0103 calit\u0103\u021bii, fiind ghida\u021bi de o strategie rafinat\u0103 de management al produc\u021biei. Concentrarea noastr\u0103 pe talentul tehnologic, echipamentele avansate de produc\u021bie \u0219i sistemele specializate de testare ne \u00eembun\u0103t\u0103\u021besc continuu capacit\u0103\u021bile de produc\u021bie, asigur\u00e2nd o eficien\u021b\u0103 ridicat\u0103, precizie \u0219i calitate pentru a satisface diversele nevoi ale clien\u021bilor.<\/p>\n<p><img decoding=\"async\" src=\"https:\/\/www.hydraulic-cylinders.net\/wp-content\/uploads\/2025\/04\/songte-company-4.webp\" alt=\"Prezentare general\u0103 a companiei\" \/><br \/>\n<img decoding=\"async\" src=\"https:\/\/www.hydraulic-cylinders.net\/wp-content\/uploads\/2025\/04\/songte-company-3.webp\" alt=\"Facilit\u0103\u021bi ale companiei\" \/><\/p>\n<p>Expertiza noastr\u0103 se extinde la servicii profesionale, certific\u0103ri interna\u021bionale, solu\u021bii personalizate, echipamente de produc\u021bie de ultim\u0103 genera\u021bie \u0219i asisten\u021b\u0103 post-v\u00e2nzare complet\u0103, asigur\u00e2ndu-ne c\u0103 satisfacem eficient nevoile clien\u021bilor no\u0219tri.<\/p>\n<p>Autor: lyl<\/p>","protected":false},"excerpt":{"rendered":"<p>Boom Cylinder For Carter CT240-8C Introduction to Boom Cylinders The Boom Cylinder, particularly for the Carter CT240-8C, is an essential hydraulic component designed for controlling the movement of buckets in various heavy machinery, including excavators, backhoe loaders, and front-end loaders. This hydraulic cylinder allows the bucket to lift, lower, and tilt, thereby facilitating material handling [&hellip;]<\/p>","protected":false},"featured_media":17875,"comment_status":"open","ping_status":"closed","template":"","meta":{"_et_pb_use_builder":"","_et_pb_old_content":"","_et_gb_content_width":""},"product_brand":[],"product_cat":[1546],"product_tag":[1547,1496],"class_list":{"0":"post-19522","1":"product","2":"type-product","3":"status-publish","4":"has-post-thumbnail","6":"product_cat-boom-cylinders","7":"product_tag-boom-cylinders","8":"product_tag-hydraulic-cylinders","10":"first","11":"instock","12":"shipping-taxable","13":"product-type-simple"},"amp_enabled":true,"_links":{"self":[{"href":"https:\/\/www.hydraulic-cylinders.net\/ro\/wp-json\/wp\/v2\/product\/19522","targetHints":{"allow":["GET"]}}],"collection":[{"href":"https:\/\/www.hydraulic-cylinders.net\/ro\/wp-json\/wp\/v2\/product"}],"about":[{"href":"https:\/\/www.hydraulic-cylinders.net\/ro\/wp-json\/wp\/v2\/types\/product"}],"replies":[{"embeddable":true,"href":"https:\/\/www.hydraulic-cylinders.net\/ro\/wp-json\/wp\/v2\/comments?post=19522"}],"wp:featuredmedia":[{"embeddable":true,"href":"https:\/\/www.hydraulic-cylinders.net\/ro\/wp-json\/wp\/v2\/media\/17875"}],"wp:attachment":[{"href":"https:\/\/www.hydraulic-cylinders.net\/ro\/wp-json\/wp\/v2\/media?parent=19522"}],"wp:term":[{"taxonomy":"product_brand","embeddable":true,"href":"https:\/\/www.hydraulic-cylinders.net\/ro\/wp-json\/wp\/v2\/product_brand?post=19522"},{"taxonomy":"product_cat","embeddable":true,"href":"https:\/\/www.hydraulic-cylinders.net\/ro\/wp-json\/wp\/v2\/product_cat?post=19522"},{"taxonomy":"product_tag","embeddable":true,"href":"https:\/\/www.hydraulic-cylinders.net\/ro\/wp-json\/wp\/v2\/product_tag?post=19522"}],"curies":[{"name":"wp","href":"https:\/\/api.w.org\/{rel}","templated":true}]}}