{"id":19530,"date":"2025-04-07T06:53:00","date_gmt":"2025-04-07T06:53:00","guid":{"rendered":"https:\/\/www.hydraulic-cylinders.net\/product\/boom-cylinder-for-kym-ky60a\/"},"modified":"2025-04-07T06:53:02","modified_gmt":"2025-04-07T06:53:02","slug":"boom-cylinder-for-kym-ky60a","status":"publish","type":"product","link":"https:\/\/www.hydraulic-cylinders.net\/ro\/produs\/boom-cylinder-for-kym-ky60a\/","title":{"rendered":"Cilindru bra\u021b pentru KYM KY60A"},"content":{"rendered":"<h1>Cilindru bra\u021b pentru KYM KY60A<\/h1>\n<h2>Prezentare general\u0103 a cilindrului bra\u021bului<\/h2>\n<p>Cilindrul bra\u021bului este o component\u0103 crucial\u0103 \u00een sistemele hidraulice, special conceput pentru a controla mi\u0219carea cupei \u00een utilaje grele, cum ar fi excavatoarele, \u00eenc\u0103rc\u0103toarele cu buldoexcavatoare \u0219i \u00eenc\u0103rc\u0103toarele frontale. Acest cilindru hidraulic permite ridicarea, cobor\u00e2rea \u0219i \u00eenclinarea cupei, facilit\u00e2nd sarcini eficiente de manipulare a materialelor. Cilindrul cupei func\u021bioneaz\u0103 utiliz\u00e2nd fluid hidraulic pentru a genera mi\u0219care, ceea ce este esen\u021bial \u00een diverse aplica\u021bii de construc\u021bii \u0219i agricultur\u0103. Designul s\u0103u asigur\u0103 durabilitate \u0219i fiabilitate, ceea ce \u00eel face o parte vital\u0103 a oric\u0103rui sistem hidraulic utilizat pentru opera\u021biuni grele.<\/p>\n<p><img decoding=\"async\" src=\"https:\/\/www.hydraulic-cylinders.net\/wp-content\/uploads\/2025\/04\/songte-company-1.webp\" alt=\"Imaginea cilindrului bra\u021bului\"><\/p>\n<h3>Caracteristici cheie ale cilindrului bra\u021bului<\/h3>\n<ul>\n<li><strong>Rezisten\u021b\u0103 \u0219i durabilitate ridicate:<\/strong> Construit din o\u021bel sau aluminiu de \u00eenalt\u0103 rezisten\u021b\u0103, cilindrul bra\u021bului este conceput s\u0103 reziste la presiuni ridicate \u0219i sarcini grele, adapt\u00e2ndu-se \u00een acela\u0219i timp la condi\u021bii dure de lucru.<\/li>\n<li><strong>Func\u021bionare hidraulic\u0103 eficient\u0103:<\/strong> Cilindrul utilizeaz\u0103 presiunea uleiului hidraulic pentru o extensie \u0219i retragere lin\u0103, permi\u021b\u00e2nd un r\u0103spuns rapid la comenzile de control \u0219i oferind for\u021be puternice de \u00eempingere \u0219i tragere, potrivite pentru gestionarea sarcinilor grele \u0219i complexe.<\/li>\n<li><strong>Diverse tipuri:<\/strong> Disponibil \u00een variante cu ac\u021biune simpl\u0103 (folosind sistemul hidraulic \u00eentr-o singur\u0103 direc\u021bie) \u0219i cu ac\u021biune dubl\u0103 (folosind sistemul hidraulic \u00een ambele direc\u021bii), cilindrul bra\u021bului \u00eendepline\u0219te diverse nevoi opera\u021bionale. Unele modele au un design telescopic, permi\u021b\u00e2nd o extensie mai mare f\u0103r\u0103 a cre\u0219te dimensiunile exterioare, ceea ce este ideal pentru aplica\u021bii cu spa\u021biu limitat.<\/li>\n<li><strong>Fabrica\u021bie personalizat\u0103:<\/strong> Compania noastr\u0103 este specializat\u0103 \u00een producerea acestui produs, oferind \u00eenlocuitori perfecte pentru diver\u0219i cilindri hidraulici.<\/li>\n<li><strong>Asigurarea calit\u0103\u021bii:<\/strong> Fiecare cilindru este fabricat \u00een conformitate cu m\u0103suri stricte de control al calit\u0103\u021bii pentru a asigura performan\u021be optime \u0219i longevitate.<\/li>\n<\/ul>\n<p><img decoding=\"async\" src=\"https:\/\/www.hydraulic-cylinders.net\/wp-content\/uploads\/2025\/04\/songte-cylinder-head-with-all-kinds-excavator-models.webp\" alt=\"Imagine cu modele de excavatoare\"><\/p>\n<h2>Aplica\u021bii ale cilindrului bra\u021bului<\/h2>\n<h3>Echipamente de construc\u021bii<\/h3>\n<p>\u00cen excavatoare, cilindrii bra\u021bului sunt esen\u021biali pentru s\u0103pare, \u00eenc\u0103rcare \u0219i mutarea p\u0103m\u00e2ntului sau a molozului. Presiunea hidraulic\u0103 permite un control precis al mi\u0219c\u0103rii bra\u021bului, ceea ce este crucial pentru lucr\u0103ri eficiente de excavare. La \u00eenc\u0103rc\u0103toarele basculante, cilindrul cupei ajut\u0103 at\u00e2t la s\u0103pare, c\u00e2t \u0219i la ridicare, sporind versatilitatea ma\u0219inii \u00een diverse sarcini de construc\u021bie.<\/p>\n<h3>Ma\u0219ini agricole<\/h3>\n<p>\u00cen \u00eenc\u0103rc\u0103toarele frontale, cilindrii bra\u021bului sunt utiliza\u021bi pentru scoaterea, ridicarea \u0219i transportul solului, f\u00e2nului \u0219i altor materiale. Designul lor robust permite fermierilor s\u0103 gestioneze eficient diverse sarcini agricole, cum ar fi aratul \u0219i \u00eenc\u0103rcarea, care sunt esen\u021biale pentru opera\u021biunile agricole moderne.<\/p>\n<h3>Excavatoare<\/h3>\n<p>Cilindrul cupei permite excavatorului s\u0103 p\u0103trund\u0103 eficient \u00een sol, permi\u021b\u00e2nd opera\u021biuni eficiente de excavare. Aceast\u0103 capacitate este esen\u021bial\u0103 \u00een proiectele de excavare la scar\u0103 larg\u0103, unde sunt necesare precizie \u0219i putere pentru a str\u0103punge terenul dificil.<\/p>\n<h3>\u00cenc\u0103rc\u0103toare<\/h3>\n<p>La \u00eenc\u0103rc\u0103toarele frontale, cilindrul bra\u021bului contribuie la ridicarea \u0219i desc\u0103rcarea eficient\u0103 a sarcinilor. Prin furnizarea for\u021bei hidraulice necesare, acesta permite operatorilor s\u0103 gestioneze cu u\u0219urin\u021b\u0103 materiale grele, asigur\u00e2nd productivitatea \u00een sarcinile de \u00eenc\u0103rcare \u0219i desc\u0103rcare.<\/p>\n<h2>Considera\u021bii de proiectare \u0219i criterii de selec\u021bie<\/h2>\n<h3>Capacitate de \u00eenc\u0103rcare<\/h3>\n<p>Una dintre principalele considera\u021bii de proiectare pentru un cilindru de bra\u021b este capacitatea sa de \u00eenc\u0103rcare. Aceast\u0103 metric\u0103 determin\u0103 greutatea maxim\u0103 pe care cilindrul o poate suporta f\u0103r\u0103 a compromite integritatea sa structural\u0103. Inginerii trebuie s\u0103 evalueze cu precizie condi\u021biile de \u00eenc\u0103rcare preconizate pentru a se asigura c\u0103 cilindrul este proiectat cu o marj\u0103 de siguran\u021b\u0103 adecvat\u0103, prevenind astfel defec\u021biunile \u00een timpul func\u021bion\u0103rii. Capacitatea de \u00eenc\u0103rcare influen\u021beaz\u0103, de asemenea, alegerea materialelor \u0219i a dimensiunilor \u00een procesul de fabrica\u021bie. Calculele corecte ajut\u0103 la evitarea uzurii excesive, prelungind \u00een cele din urm\u0103 durata de via\u021b\u0103 a cilindrului.<\/p>\n<h3>Integritatea sigiliului<\/h3>\n<p>Integritatea etan\u0219\u0103rii este vital\u0103 \u00een men\u021binerea performan\u021bei cilindrilor hidraulici. Etan\u0219area eficient\u0103 previne scurgerile de fluid hidraulic, ceea ce poate duce la sc\u0103derea eficien\u021bei \u0219i la poten\u021biale defec\u021biuni ale sistemului. Etan\u0219\u0103rile de \u00eenalt\u0103 calitate, cum ar fi etan\u0219\u0103rile pistonului \u0219i etan\u0219\u0103rile tijei, ar trebui s\u0103 fie fabricate din materiale durabile, cum ar fi poliuretanul \u0219i cauciucul nitrilic, pentru a rezista la uzur\u0103 \u0219i factorii de mediu. Verific\u0103rile regulate de \u00eentre\u021binere trebuie s\u0103 includ\u0103 inspec\u021bii ale etan\u0219\u0103rilor, deoarece o etan\u0219are compromis\u0103 poate duce la defec\u021biuni hidraulice catastrofale \u0219i la perioade de nefunc\u021bionare costisitoare. Alegerea etan\u0219\u0103rilor potrivite pentru condi\u021biile de func\u021bionare ale cilindrului asigur\u0103 o durat\u0103 de via\u021b\u0103 mai lung\u0103 \u0219i fiabilitate.<\/p>\n<h3>Durabilitate<\/h3>\n<p>Durabilitatea este esen\u021bial\u0103 pentru cilindrii bra\u021bului, av\u00e2nd \u00een vedere mediile solicitante \u00een care opereaz\u0103 adesea. Materialele utilizate, cum ar fi o\u021belul de \u00eenalt\u0103 rezisten\u021b\u0103 \u0219i acoperirile rezistente la coroziune, joac\u0103 un rol semnificativ \u00een asigurarea faptului c\u0103 cilindrul poate rezista la condi\u021bii dure \u0219i la uzur\u0103 \u00een timp. Produc\u0103torii trebuie s\u0103 ia \u00een considerare factorii externi cu care se va confrunta cilindrul, inclusiv fluctua\u021biile de temperatur\u0103, umiditatea \u0219i expunerea la substan\u021be chimice. Un cilindru bine proiectat nu numai c\u0103 \u00eendepline\u0219te standardele de performan\u021b\u0103, dar asigur\u0103 \u0219i longevitatea, reduc\u00e2nd frecven\u021ba \u00eenlocuirilor \u0219i repara\u021biilor, ceea ce contribuie la eficien\u021ba general\u0103 a costurilor.<\/p>\n<h3>Caracteristici de siguran\u021b\u0103<\/h3>\n<p>Siguran\u021ba este primordial\u0103 \u00een proiectarea cilindrilor bra\u021bului. Caracteristici precum supapele de suprapresiune, blocajele de siguran\u021b\u0103 \u0219i construc\u021bia robust\u0103 ajut\u0103 la prevenirea accidentelor \u00een timpul func\u021bion\u0103rii. Sistemele hidraulice pot fi periculoase dac\u0103 nu sunt gestionate corespunz\u0103tor, a\u0219adar \u00eencorporarea unor mecanisme de siguran\u021b\u0103 este crucial\u0103. Testarea regulat\u0103 \u0219i respectarea standardelor de siguran\u021b\u0103 asigur\u0103 func\u021bionarea corect\u0103 \u0219i sigur\u0103 a cilindrilor bra\u021bului \u00een mediile opera\u021bionale. Instruirea operatorilor cu privire la utilizarea \u00een siguran\u021b\u0103 a acestor cilindri este la fel de important\u0103 pentru a minimiza riscurile asociate cu echipamentele hidraulice.<\/p>\n<h3>\u00centre\u021binere \u0219i reparabilitate<\/h3>\n<p>Proiectarea pentru \u00eentre\u021binere \u0219i reparabilitate asigur\u0103 c\u0103 cilindrii bra\u021bului pot fi repara\u021bi cu u\u0219urin\u021b\u0103 atunci c\u00e2nd este necesar. Componentele ar trebui s\u0103 fie proiectate pentru o demontare \u0219i reasamblare simpl\u0103, permi\u021b\u00e2nd repara\u021bii rapide \u0219i reduc\u00e2nd la minimum timpul de nefunc\u021bionare a ma\u0219inii. Punctele de acces ar trebui plasate strategic pentru a facilita verific\u0103rile de \u00eentre\u021binere \u0219i \u00eenlocuirile. Implementarea unui design u\u0219or de \u00eentre\u021binut nu numai c\u0103 \u00eembun\u0103t\u0103\u021be\u0219te longevitatea cilindrului, dar contribuie \u0219i la eficien\u021ba general\u0103 a utilajelor, deoarece sistemele bine \u00eentre\u021binute func\u021bioneaz\u0103 mai bine \u0219i sunt mai pu\u021bin susceptibile de a suferi defec\u021biuni nea\u0219teptate.<\/p>\n<p><img decoding=\"async\" src=\"https:\/\/www.hydraulic-cylinders.net\/wp-content\/uploads\/2025\/04\/songte-oil-pipes-and-spare-parts.webp\" alt=\"Imagine piese hidraulice\"><\/p>\n<h2>Etan\u0219are \u0219i lubrifiere<\/h2>\n<p>Etan\u0219area \u0219i lubrifierea eficiente sunt esen\u021biale pentru longevitatea \u0219i performan\u021ba cilindrilor hidraulici. Diverse componente de etan\u0219are, inclusiv etan\u0219\u0103rile pistonului \u0219i etan\u0219\u0103rile tijei, sunt necesare pentru a preveni scurgerile de fluid hidraulic. Etan\u0219\u0103rile trebuie s\u0103 fie fabricate din materiale rezistente la uzur\u0103, cum ar fi poliuretanul \u0219i cauciucul nitrilic, pentru a spori durabilitatea. \u00cen plus, corpul cilindrului \u0219i capetele filetate sunt prelucrate cu precizie pentru a \u00eembun\u0103t\u0103\u021bi rezisten\u021ba la uzur\u0103 \u0219i performan\u021ba de etan\u0219are.<\/p>\n<p>Lubrifierea regulat\u0103 cu ulei hidraulic este crucial\u0103 pentru a asigura o func\u021bionare f\u0103r\u0103 probleme. Operatorii trebuie s\u0103 verifice periodic nivelurile de ulei \u0219i s\u0103 adauge cantitatea corespunz\u0103toare de fluid hidraulic pentru a men\u021bine o lubrifiere optim\u0103. Lubrifierea adecvat\u0103 reduce frecarea, prevenind uzura prematur\u0103 a componentelor interne \u0219i asigur\u00e2nd func\u021bionarea eficient\u0103 a sistemului hidraulic.<\/p>\n<h2>Inspec\u021bie regulat\u0103 \u0219i strategii de \u00eentre\u021binere preventiv\u0103<\/h2>\n<ul>\n<li><strong>Inspec\u021bii regulate:<\/strong> Efectuarea inspec\u021biilor de rutin\u0103 ale cilindrului bra\u021bului ajut\u0103 la identificarea poten\u021bialelor probleme \u00eenainte ca acestea s\u0103 se agraveze. Operatorii ar trebui s\u0103 verifice \u00een mod regulat dac\u0103 exist\u0103 scurgeri, uzur\u0103 \u0219i deterior\u0103ri, asigur\u00e2ndu-se c\u0103 toate componentele sunt \u00een bun\u0103 stare de func\u021bionare.<\/li>\n<li><strong>Program de lubrifiere:<\/strong> Stabilirea unui program de lubrifiere este vital\u0103 pentru men\u021binerea performan\u021bei cilindrului. Ad\u0103ugarea regulat\u0103 de ulei hidraulic, dup\u0103 cum este necesar, va reduce la minimum frecarea \u0219i uzura, prelungind durata de via\u021b\u0103 a cilindrului.<\/li>\n<li><strong>\u00cenlocuirea garniturii:<\/strong> Garniturile trebuie \u00eenlocuite periodic pentru a evita scurgerile \u0219i a men\u021bine eficien\u021ba sistemului. Operatorii trebuie instrui\u021bi s\u0103 recunoasc\u0103 semnele de deteriorare a garniturilor \u0219i s\u0103 \u00een\u021beleag\u0103 procesul de \u00eenlocuire, asigur\u00e2ndu-se c\u0103 se iau m\u0103suri la timp pentru a preveni defec\u021biunile.<\/li>\n<\/ul>\n<h2>Instruc\u021biuni de instalare<\/h2>\n<p>Instalarea corect\u0103 a cilindrului bra\u021bului este esen\u021bial\u0103 pentru performan\u021be optime \u0219i longevitate. Mai \u00eent\u00e2i, asigura\u021bi-v\u0103 c\u0103 toate componentele sunt curate \u0219i f\u0103r\u0103 resturi \u00eenainte de instalare. Alinia\u021bi corect cilindrul cu suporturile de montare pentru a evita orice probleme de nealiniere care pot duce la uzur\u0103 prematur\u0103 sau defec\u021biuni. Utilizarea suporturilor de instalare adecvate ajut\u0103 la men\u021binerea unei alinieri corecte \u00een timpul procesului de instalare.<\/p>\n<p>Dup\u0103 aliniere, str\u00e2nge\u021bi bine \u0219uruburile de montare conform specifica\u021biilor produc\u0103torului. Dup\u0103 instalare, efectua\u021bi un test de presiune al sistemului pentru a confirma c\u0103 nu exist\u0103 scurgeri \u0219i c\u0103 cilindrul func\u021bioneaz\u0103 f\u0103r\u0103 probleme. Verifica\u021bi periodic instala\u021bia pentru a depista orice semne de mi\u0219care sau sl\u0103bire \u00een timp, asigur\u00e2ndu-v\u0103 c\u0103 cilindrul r\u0103m\u00e2ne fixat \u00een pozi\u021bie \u00een timpul func\u021bion\u0103rii.<\/p>\n<h2>Sarcini de \u00eentre\u021binere<\/h2>\n<h3>Inspec\u021bii regulate<\/h3>\n<p>Efectuarea inspec\u021biilor regulate este vital\u0103 pentru longevitatea cilindrului bra\u021bului. Operatorii trebuie instrui\u021bi s\u0103 verifice orice semne de uzur\u0103, scurgeri sau deteriorare. Depistarea timpurie a problemelor poate preveni repara\u021bii costisitoare \u0219i timpi de nefunc\u021bionare. Inspectarea furtunurilor \u0219i conexiunilor hidraulice este, de asemenea, important\u0103 pentru a asigura func\u021bionarea corect\u0103 a sistemului.<\/p>\n<h3>Lubrifiere adecvat\u0103<\/h3>\n<p>Lubrifierea este crucial\u0103 pentru eficien\u021ba sistemului hidraulic. Operatorii trebuie s\u0103 men\u021bin\u0103 un nivel adecvat de ulei hidraulic \u00een sistem \u0219i s\u0103 adauge ulei dup\u0103 cum este necesar. Lubrifierea regulat\u0103 reduce frecarea dintre piesele mobile, prelungind durata de via\u021b\u0103 a cilindrului \u0219i \u00eembun\u0103t\u0103\u021bind performan\u021ba general\u0103. Este important s\u0103 respecta\u021bi instruc\u021biunile produc\u0103torului privind tipul \u0219i frecven\u021ba lubrifierii.<\/p>\n<h3>\u00cenlocuirea garniturii<\/h3>\n<p>\u00cenlocuirea garniturilor este o sarcin\u0103 de \u00eentre\u021binere critic\u0103 ce nu trebuie trecut\u0103 cu vederea. Garniturile deteriorate sau uzate pot duce la scurgeri de fluid hidraulic, compromi\u021b\u00e2nd eficien\u021ba sistemului. Operatorii trebuie instrui\u021bi s\u0103 identifice problemele legate de garnituri \u0219i s\u0103 efectueze \u00eenlocuiri la timp. \u00centre\u021binerea programat\u0103 periodic ar trebui s\u0103 includ\u0103 o verificare a garniturilor pentru a se asigura c\u0103 acestea sunt \u00een stare bun\u0103.<\/p>\n<p><img decoding=\"async\" src=\"https:\/\/www.hydraulic-cylinders.net\/wp-content\/uploads\/2025\/04\/songte-chushion-collar.webp\" alt=\"Imagine cu guler de pern\u0103\"><\/p>\n<h2>Considera\u021bii de siguran\u021b\u0103 \u0219i factori de mediu<\/h2>\n<p>La operarea sistemelor hidraulice, m\u0103surile de siguran\u021b\u0103 sunt primordiale. Operatorii trebuie s\u0103 fie con\u0219tien\u021bi de riscurile poten\u021biale asociate cu echipamentele hidraulice, inclusiv pericolele sistemelor de \u00eenalt\u0103 presiune. Instruirea adecvat\u0103 \u0219i respectarea protocoalelor de siguran\u021b\u0103 sunt esen\u021biale pentru a minimiza accidentele. \u00cen plus, factorii de mediu, cum ar fi expunerea la condi\u021bii meteorologice dure \u0219i substan\u021be chimice, ar trebui lua\u021bi \u00een considerare la proiectarea \u0219i \u00eentre\u021binerea cilindrilor hidraulici. Implementarea unor m\u0103suri de protec\u021bie, cum ar fi acoperirile rezistente la coroziune, poate spori durabilitatea \u0219i siguran\u021ba cilindrului.<\/p>\n<h2>Diagnosticarea defec\u021biunilor \u0219i probleme frecvente<\/h2>\n<ul>\n<li><strong>Scurgeri hidraulice:<\/strong> Scurgerile sunt o problem\u0103 frecvent\u0103 \u00een sistemele hidraulice \u0219i pot rezulta din uzura garniturilor de etan\u0219are sau deteriorarea furtunurilor. Inspec\u021biile regulate \u0219i \u00eenlocuirea la timp a garniturilor de etan\u0219are sunt cruciale pentru a preveni escaladarea scurgerilor.<\/li>\n<li><strong>Pierdere de putere:<\/strong> Dac\u0103 cilindrul bra\u021bului prezint\u0103 o pierdere de putere, acest lucru poate indica un nivel sc\u0103zut de lichid hidraulic sau o pomp\u0103 defect\u0103. Operatorii trebuie s\u0103 verifice nivelurile de lichid \u0219i s\u0103 monitorizeze performan\u021ba pompei pentru a remedia prompt orice problem\u0103.<\/li>\n<li><strong>Zgomote neobi\u0219nuite:<\/strong> Zgomotele neobi\u0219nuite din timpul func\u021bion\u0103rii pot semnala uzur\u0103 sau deteriorare intern\u0103. Investigarea sursei zgomotului \u0219i efectuarea verific\u0103rilor de \u00eentre\u021binere pot ajuta la identificarea \u0219i rezolvarea problemei.<\/li>\n<\/ul>\n<h2>Sfaturi de depanare<\/h2>\n<p>Pentru o depanare eficient\u0103, operatorii ar trebui s\u0103 urmeze o abordare sistematic\u0103 pentru a identifica \u0219i rezolva problemele. \u00cencepe\u021bi cu o inspec\u021bie am\u0103nun\u021bit\u0103 a sistemului hidraulic, verific\u00e2nd dac\u0103 exist\u0103 scurgeri, niveluri sc\u0103zute de lichid \u0219i componente deteriorate. Rezolvarea prompt\u0103 a acestor probleme poate preveni complica\u021bii ulterioare.<\/p>\n<p>Verific\u0103rile regulate de \u00eentre\u021binere sunt esen\u021biale pentru minimizarea problemelor poten\u021biale. Operatorii ar trebui s\u0103 se familiarizeze cu simptomele comune ale problemelor hidraulice \u0219i s\u0103 fie preg\u0103ti\u021bi s\u0103 efectueze inspec\u021bii \u0219i repara\u021bii de rutin\u0103, dup\u0103 cum este necesar. M\u0103surile preventive, cum ar fi \u00eenlocuirea la timp a garniturilor \u0219i lubrifierea adecvat\u0103, pot reduce semnificativ probabilitatea apari\u021biei problemelor \u00een sistemul hidraulic.<\/p>\n<p><img decoding=\"async\" src=\"https:\/\/www.hydraulic-cylinders.net\/wp-content\/uploads\/2025\/04\/songte-bushings-with-all-kinds-of-excavator-models.webp\" alt=\"Imagine buc\u0219e\"><\/p>\n<h2>Prezentare general\u0103 a companiei<\/h2>\n<p>Suntem un produc\u0103tor specializat \u00een cilindri hidraulici de schimb, oferind o gam\u0103 complet\u0103 de produse care ne pozi\u021bioneaz\u0103 ca unul dintre principalii produc\u0103tori \u0219i angrosi\u0219ti \u200b\u200bat\u00e2t pe pia\u021ba intern\u0103, c\u00e2t \u0219i pe cea interna\u021bional\u0103. Ader\u00e2nd la excelen\u021ba \u00een calitate, ne baz\u0103m pe o strategie rafinat\u0103 de management al produc\u021biei, care \u00eencorporeaz\u0103 echipamente avansate de fabrica\u021bie \u0219i sisteme profesionale de detectare. Concentrarea noastr\u0103 pe \u00eembun\u0103t\u0103\u021birea continu\u0103 ne spore\u0219te capacit\u0103\u021bile de produc\u021bie, asigur\u00e2ndu-ne c\u0103 satisfacem diversele cerin\u021be ale clien\u021bilor cu eficien\u021b\u0103, precizie \u0219i calitate ridicate.<\/p>\n<h3>Profesionalism<\/h3>\n<p>Echipa noastr\u0103 este format\u0103 din profesioni\u0219ti califica\u021bi, dedica\u021bi furniz\u0103rii de solu\u021bii hidraulice de \u00eenalt\u0103 calitate. Men\u021binem standarde riguroase \u00een procesele noastre de fabrica\u021bie, asigur\u00e2ndu-ne c\u0103 produsele noastre \u00eendeplinesc cele mai \u00eenalte standarde din industrie.<\/p>\n<h3>Certific\u0103ri interna\u021bionale<\/h3>\n<p>Produsele noastre sunt certificate conform diverselor standarde interna\u021bionale, reflect\u00e2nd angajamentul nostru fa\u021b\u0103 de calitate \u0219i siguran\u021b\u0103. Aceast\u0103 certificare le garanteaz\u0103 clien\u021bilor no\u0219tri c\u0103 primesc solu\u021bii hidraulice fiabile \u0219i conforme.<\/p>\n<h3>Servicii personalizate<\/h3>\n<p>Oferim servicii de fabrica\u021bie personalizate pentru a satisface nevoile specifice ale clien\u021bilor. Flexibilitatea noastr\u0103 \u00een produc\u021bie ne permite s\u0103 r\u0103spundem cerin\u021belor unice, men\u021bin\u00e2nd \u00een acela\u0219i timp calitatea \u0219i eficien\u021ba.<\/p>\n<h3>Echipamente avansate de produc\u021bie<\/h3>\n<p>Facilit\u0103\u021bile noastre de produc\u021bie de ultim\u0103 genera\u021bie sunt dotate cu cea mai recent\u0103 tehnologie pentru a asigura precizie \u0219i calitate \u00een fiecare produs pe care \u00eel producem. Investim continuu \u00een echipamente noi pentru a ne \u00eembun\u0103t\u0103\u021bi capacit\u0103\u021bile de produc\u021bie.<\/p>\n<h3>Asisten\u021b\u0103 post-v\u00e2nzare<\/h3>\n<p>Oferim clien\u021bilor no\u0219tri asisten\u021b\u0103 complet\u0103 post-v\u00e2nzare, asigur\u00e2ndu-ne c\u0103 ace\u0219tia primesc asisten\u021ba de care au nevoie dup\u0103 achizi\u021bie. Echipa noastr\u0103 de servicii pentru clien\u021bi este disponibil\u0103 pentru a r\u0103spunde oric\u0103ror \u00eentreb\u0103ri \u0219i a oferi asisten\u021b\u0103 tehnic\u0103.<\/p>\n<p><img decoding=\"async\" src=\"https:\/\/www.hydraulic-cylinders.net\/wp-content\/uploads\/2025\/04\/songte-company-4.webp\" alt=\"Imaginea companiei 1\"><br \/>\n<img decoding=\"async\" src=\"https:\/\/www.hydraulic-cylinders.net\/wp-content\/uploads\/2025\/04\/songte-company-3.webp\" alt=\"Imaginea companiei 2\"><\/p>\n<p>Autor: lyl<\/p>","protected":false},"excerpt":{"rendered":"<p>Boom Cylinder For KYM KY60A Overview of Boom Cylinder The Boom Cylinder is a crucial component in hydraulic systems, specifically designed to control the movement of the bucket in heavy machinery such as excavators, backhoe loaders, and front loaders. This hydraulic cylinder allows the bucket to lift, lower, and tilt, facilitating efficient material handling tasks. [&hellip;]<\/p>","protected":false},"featured_media":17868,"comment_status":"open","ping_status":"closed","template":"","meta":{"_et_pb_use_builder":"","_et_pb_old_content":"","_et_gb_content_width":""},"product_brand":[],"product_cat":[1546],"product_tag":[1547,1496],"class_list":{"0":"post-19530","1":"product","2":"type-product","3":"status-publish","4":"has-post-thumbnail","6":"product_cat-boom-cylinders","7":"product_tag-boom-cylinders","8":"product_tag-hydraulic-cylinders","10":"first","11":"instock","12":"shipping-taxable","13":"product-type-simple"},"amp_enabled":true,"_links":{"self":[{"href":"https:\/\/www.hydraulic-cylinders.net\/ro\/wp-json\/wp\/v2\/product\/19530","targetHints":{"allow":["GET"]}}],"collection":[{"href":"https:\/\/www.hydraulic-cylinders.net\/ro\/wp-json\/wp\/v2\/product"}],"about":[{"href":"https:\/\/www.hydraulic-cylinders.net\/ro\/wp-json\/wp\/v2\/types\/product"}],"replies":[{"embeddable":true,"href":"https:\/\/www.hydraulic-cylinders.net\/ro\/wp-json\/wp\/v2\/comments?post=19530"}],"wp:featuredmedia":[{"embeddable":true,"href":"https:\/\/www.hydraulic-cylinders.net\/ro\/wp-json\/wp\/v2\/media\/17868"}],"wp:attachment":[{"href":"https:\/\/www.hydraulic-cylinders.net\/ro\/wp-json\/wp\/v2\/media?parent=19530"}],"wp:term":[{"taxonomy":"product_brand","embeddable":true,"href":"https:\/\/www.hydraulic-cylinders.net\/ro\/wp-json\/wp\/v2\/product_brand?post=19530"},{"taxonomy":"product_cat","embeddable":true,"href":"https:\/\/www.hydraulic-cylinders.net\/ro\/wp-json\/wp\/v2\/product_cat?post=19530"},{"taxonomy":"product_tag","embeddable":true,"href":"https:\/\/www.hydraulic-cylinders.net\/ro\/wp-json\/wp\/v2\/product_tag?post=19530"}],"curies":[{"name":"wp","href":"https:\/\/api.w.org\/{rel}","templated":true}]}}