{"id":19532,"date":"2025-04-07T06:53:05","date_gmt":"2025-04-07T06:53:05","guid":{"rendered":"https:\/\/www.hydraulic-cylinders.net\/product\/boom-cylinder-for-kym-ky85b\/"},"modified":"2025-04-07T06:53:07","modified_gmt":"2025-04-07T06:53:07","slug":"boom-cylinder-for-kym-ky85b","status":"publish","type":"product","link":"https:\/\/www.hydraulic-cylinders.net\/ro\/produs\/boom-cylinder-for-kym-ky85b\/","title":{"rendered":"Cilindru bra\u021b pentru KYM KY85B"},"content":{"rendered":"<h1>Cilindru bra\u021b pentru KYM KY85B<\/h1>\n<h2>Prezentare general\u0103 a produsului<\/h2>\n<p>Cilindrul hidraulic pentru KYM KY85B este un cilindru hidraulic specializat, conceput pentru a facilita mi\u0219carea cupelor pentru utilaje grele. Acest cilindru hidraulic este crucial pentru controlul diverselor mi\u0219c\u0103ri ale echipamentelor grele, cum ar fi excavatoarele, excavatoarele \u0219i \u00eenc\u0103rc\u0103toarele frontale. Acesta permite ridicarea, cobor\u00e2rea \u0219i \u00eenclinarea cupei, f\u0103c\u00e2nd-o indispensabil\u0103 pentru sarcinile de manipulare a materialelor.<\/p>\n<p><img decoding=\"async\" src=\"https:\/\/www.hydraulic-cylinders.net\/wp-content\/uploads\/2025\/04\/songte-company-1.webp\" alt=\"Cilindru bra\u021b pentru KYM KY85B\"><\/p>\n<h3>Defini\u021bie \u0219i func\u021bie<\/h3>\n<p>Un cilindru al cupei este un tip de cilindru hidraulic utilizat special pentru a controla mi\u0219carea cupelor \u00een utilajele grele. Ace\u0219ti cilindri joac\u0103 un rol vital \u00een sistemele hidraulice, ac\u021bion\u00e2nd ca for\u021b\u0103 motrice \u00een spatele mi\u0219c\u0103rii de precizie a ata\u0219amentelor echipamentelor. Prin utilizarea fluidului hidraulic sub presiune, cilindrul bra\u021bului poate realiza o func\u021bionare lin\u0103 \u0219i eficient\u0103, crucial\u0103 pentru sarcini grele.<\/p>\n<h2>Caracteristici cheie<\/h2>\n<ul>\n<li><strong>Rezisten\u021b\u0103 \u0219i durabilitate ridicate:<\/strong> De obicei, construite din o\u021bel sau aluminiu de \u00eenalt\u0103 rezisten\u021b\u0103, concepute pentru a rezista la presiuni mari \u0219i sarcini grele, potrivite pentru condi\u021bii dure de lucru, cu rezisten\u021b\u0103 la uzur\u0103 \u0219i coroziune pentru a prelungi durata de via\u021b\u0103.<\/li>\n<li><strong>Func\u021bionare hidraulic\u0103 eficient\u0103:<\/strong> Utilizeaz\u0103 presiunea uleiului hidraulic pentru o extensie \u0219i retragere lin\u0103, permi\u021b\u00e2nd un r\u0103spuns rapid la comenzile de control cu \u200b\u200bo for\u021b\u0103 puternic\u0103 de tragere \u0219i \u00eempingere, ideal pentru gestionarea sarcinilor grele \u0219i complexe.<\/li>\n<li><strong>Diverse tipuri:<\/strong> Disponibile cu ac\u021biune simpl\u0103 (ac\u021biune hidraulic\u0103 \u00eentr-o direc\u021bie) sau cu ac\u021biune dubl\u0103 (ac\u021biune hidraulic\u0103 \u00een ambele direc\u021bii) pentru a satisface diverse nevoi opera\u021bionale, unele modele sunt dotate cu design telescopic pentru o extensie mai mare f\u0103r\u0103 a cre\u0219te dimensiunile exterioare, potrivite pentru aplica\u021bii cu spa\u021biu restric\u021bionat.<\/li>\n<\/ul>\n<p>Produsul nostru \u00eenlocuie\u0219te perfect ace\u0219ti cilindri hidraulici.<\/p>\n<p><img decoding=\"async\" src=\"https:\/\/www.hydraulic-cylinders.net\/wp-content\/uploads\/2025\/04\/songte-cylinder-head-with-all-kinds-excavator-models.webp\" alt=\"Cilindri hidraulici de schimb\"><\/p>\n<h2>Scenarii de aplica\u021bii<\/h2>\n<h3>Echipamente de construc\u021bii<\/h3>\n<p>\u00cen cazul excavatoarelor, cilindrii bra\u021bului sunt esen\u021biali pentru s\u0103pare, \u00eenc\u0103rcare \u0219i mutarea solului sau a resturilor. Ace\u0219tia permit cupei s\u0103 \u00eendeplineasc\u0103 func\u021bii esen\u021biale care sporesc productivitatea pe \u0219antierele de construc\u021bii. \u00cen cazul excavatoarelor, cilindrul cupei ajut\u0103 nu numai la excavare, ci \u0219i la ridicarea materialelor, ceea ce le face versatile pentru diverse sarcini.<\/p>\n<h3>Ma\u0219ini agricole<\/h3>\n<p>\u00cen cazul \u00eenc\u0103rc\u0103toarelor frontale, ace\u0219ti cilindri sunt utiliza\u021bi pentru scoaterea, ridicarea \u0219i transportul solului, f\u00e2nului \u0219i altor materiale. Ac\u021biunea eficient\u0103 a cilindrului bra\u021bului asigur\u0103 efectuarea eficient\u0103 a sarcinilor agricole, contribuind la productivitatea general\u0103 a opera\u021biunilor agricole.<\/p>\n<h3>Excavatoare<\/h3>\n<p>Cilindrul bra\u021bului permite cupei s\u0103 p\u0103trund\u0103 \u00een sol \u00een timpul excava\u021biei, ceea ce o face o component\u0103 vital\u0103 pentru opera\u021biunile de terasament. Designul s\u0103u asigur\u0103 gestionarea sigur\u0103 \u0219i eficient\u0103 a sarcinilor grele, facilit\u00e2nd procesele eficiente de excavare.<\/p>\n<h3>\u00cenc\u0103rc\u0103toare<\/h3>\n<p>\u00cen cazul \u00eenc\u0103rc\u0103toarelor frontale, ace\u0219ti cilindri ajut\u0103 la ridicarea \u0219i desc\u0103rcarea materialelor, \u00eembun\u0103t\u0103\u021bind eficien\u021ba opera\u021bional\u0103 \u0219i u\u0219urin\u021ba \u00een utilizare. Capacitatea lor de a manipula sarcini grele \u0219i de a \u00eendeplini diverse sarcini \u00eei face indispensabili \u00een opera\u021biunile de \u00eenc\u0103rcare.<\/p>\n<h2>Considera\u021bii de proiectare \u0219i standarde de selec\u021bie<\/h2>\n<h3>Capacitate de \u00eenc\u0103rcare<\/h3>\n<p>Capacitatea de \u00eenc\u0103rcare a unui cilindru al bra\u021bului este primordial\u0103, asigur\u00e2ndu-se c\u0103 acesta poate suporta greutatea maxim\u0103 anticipat\u0103 \u00een timpul func\u021bion\u0103rii. Alegerea unui cilindru cu o capacitate de \u00eenc\u0103rcare adecvat\u0103 previne defec\u021biunile \u0219i spore\u0219te siguran\u021ba.<\/p>\n<h3>Sigilare<\/h3>\n<p>Etan\u0219area eficient\u0103 este esen\u021bial\u0103 pentru men\u021binerea presiunii hidraulice \u0219i prevenirea scurgerilor de fluid. Garniturile de \u00eenalt\u0103 calitate, fabricate din materiale durabile, asigur\u0103 longevitatea \u0219i func\u021bionarea fiabil\u0103, esen\u021biale pentru orice sistem hidraulic.<\/p>\n<h3>Durabilitate<\/h3>\n<p>Materialele de construc\u021bie \u0219i designul trebuie s\u0103 reziste la medii dure \u0219i sarcini grele. Selectarea unui cilindru durabil minimizeaz\u0103 costurile de \u00eentre\u021binere \u0219i \u00eenlocuire \u00een timp, asigur\u00e2nd profitabilitatea.<\/p>\n<h3>Siguran\u0163\u0103<\/h3>\n<p>Caracteristicile de siguran\u021b\u0103 ar trebui s\u0103 fie o prioritate \u00een proiectare, inclusiv protec\u021bia la suprasarcin\u0103 \u0219i supapele de suprapresiune. Aceste caracteristici protejeaz\u0103 at\u00e2t echipamentul, c\u00e2t \u0219i operatorul de poten\u021bialele pericole \u00een timpul func\u021bion\u0103rii.<\/p>\n<h3>\u00centre\u0163inere<\/h3>\n<p>U\u0219urin\u021ba \u00eentre\u021binerii este esen\u021bial\u0103 pentru reducerea timpilor de nefunc\u021bionare. Elementele de proiectare care faciliteaz\u0103 inspec\u021biile \u0219i repara\u021biile rapide contribuie la eficien\u021ba general\u0103 a sistemelor hidraulice.<\/p>\n<p><img decoding=\"async\" src=\"https:\/\/www.hydraulic-cylinders.net\/wp-content\/uploads\/2025\/04\/songte-oil-pipes-and-spare-parts.webp\" alt=\"Piese hidraulice\"><\/p>\n<h2>Etan\u0219are \u0219i lubrifiere<\/h2>\n<p>Mecanismele de etan\u0219are din cilindrii hidraulici utilizeaz\u0103 diverse garnituri, cum ar fi garniturile pistonului \u0219i garniturile tijei. Materiale precum poliuretanul \u0219i cauciucul nitrilic sunt preferate datorit\u0103 rezisten\u021bei lor la uzur\u0103. Tratamentul adecvat al corpului cilindrului \u0219i al suprafe\u021belor filetate spore\u0219te durabilitatea. Lubrifierea regulat\u0103 cu ulei hidraulic este esen\u021bial\u0103 pentru men\u021binerea performan\u021bei \u0219i a longevit\u0103\u021bii.<\/p>\n<h2>Inspec\u021bie regulat\u0103 \u0219i \u00eentre\u021binere preventiv\u0103<\/h2>\n<ul>\n<li><strong>Inspec\u021bii regulate:<\/strong> Efectua\u021bi verific\u0103ri frecvente pentru scurgeri, uzur\u0103 \u0219i stare general\u0103 pentru a depista problemele din timp \u0219i a preveni defec\u021biunile.<\/li>\n<li><strong>Lubrifiere adecvat\u0103:<\/strong> Asigura\u021bi lubrifierea corespunz\u0103toare a garniturilor \u0219i a pieselor mobile pentru a reduce frecarea \u0219i uzura, \u00eembun\u0103t\u0103\u021bind performan\u021ba.<\/li>\n<li><strong>\u00cenlocuirea garniturii:<\/strong> Verifica\u021bi \u0219i \u00eenlocui\u021bi periodic garniturile, dup\u0103 cum este necesar, pentru a men\u021bine integritatea hidraulic\u0103 \u0219i a preveni scurgerile.<\/li>\n<\/ul>\n<h2>Ghid de instalare corect\u0103<\/h2>\n<p>Instalarea corect\u0103 a unui cilindru al bra\u021bului este vital\u0103 pentru o performan\u021b\u0103 optim\u0103. Asigura\u021bi o aliniere precis\u0103 \u00een timpul instal\u0103rii pentru a preveni solicitarea excesiv\u0103 a cilindrului. Utiliza\u021bi console de montare adecvate pentru o instalare sigur\u0103. Urma\u021bi recomand\u0103rile produc\u0103torului pentru set\u0103rile de cuplu \u0219i asigura\u021bi-v\u0103 c\u0103 liniile hidraulice sunt conectate \u00een siguran\u021b\u0103 pentru a evita scurgerile. Dup\u0103 instalare, efectua\u021bi o inspec\u021bie am\u0103nun\u021bit\u0103 pentru a v\u0103 asigura c\u0103 totul func\u021bioneaz\u0103 corect \u00eenainte de utilizare. Verifica\u021bi periodic alinierea \u0219i conexiunile dup\u0103 instalare pentru a men\u021bine performan\u021ba.<\/p>\n<p><img decoding=\"async\" src=\"https:\/\/www.hydraulic-cylinders.net\/wp-content\/uploads\/2025\/04\/songte-chushion-collar.webp\" alt=\"Guler de pern\u0103\"><\/p>\n<h2>Considera\u021bii de siguran\u021b\u0103 \u0219i factori de mediu<\/h2>\n<p>Emphasizing safety measures during the use of hydraulic cylinders is essential to prevent accidents. Operators should be adequately trained and informed about the hydraulic system&#8217;s potential hazards, ensuring a safe working environment. Additionally, proper disposal of hydraulic fluids and maintenance materials is crucial for minimizing environmental impact.<\/p>\n<h2>Diagnosticarea defec\u021biunilor \u0219i probleme frecvente<\/h2>\n<ul>\n<li><strong>Scurgere:<\/strong> Verifica\u021bi garniturile \u0219i conexiunile pentru semne de scurgeri de lichid, care pot indica uzur\u0103 sau instalare necorespunz\u0103toare.<\/li>\n<li><strong>Mi\u0219care inconsistent\u0103:<\/strong> Func\u021bionarea neregulat\u0103 poate rezulta din aerul prins \u00een sistemul hidraulic sau din niveluri sc\u0103zute de lichid, necesit\u00e2nd aerisirea sau reumplerea sistemului.<\/li>\n<li><strong>Supra\u00eenc\u0103lzire:<\/strong> Monitoriza\u021bi temperatura fluidului hidraulic; supra\u00eenc\u0103lzirea poate indica o sarcin\u0103 excesiv\u0103 sau o lubrifiere insuficient\u0103, necesit\u00e2nd verific\u0103ri ale echipamentului.<\/li>\n<\/ul>\n<h2>Sfaturi de depanare<\/h2>\n<p>Pentru a diagnostica \u0219i rezolva eficient problemele, \u00eentre\u021binerea \u0219i monitorizarea regulat\u0103 sunt cruciale. Implementarea unui program de \u00eentre\u021binere de rutin\u0103 poate ajuta la identificarea problemelor poten\u021biale \u00eenainte ca acestea s\u0103 se agraveze. Operatorii ar trebui s\u0103 fie instrui\u021bi \u00een recunoa\u0219terea semnelor timpurii de defec\u021biune \u0219i s\u0103 cunoasc\u0103 procedurile corecte pentru abordarea acestora. Utilizarea fluidelor hidraulice de \u00eenalt\u0103 calitate \u0219i men\u021binerea unor niveluri adecvate de fluide pot preveni multe probleme comune.<\/p>\n<p><img decoding=\"async\" src=\"https:\/\/www.hydraulic-cylinders.net\/wp-content\/uploads\/2025\/04\/songte-bushings-with-all-kinds-of-excavator-models.webp\" alt=\"Buc\u0219e pentru excavatoare\"><\/p>\n<h2>Introducerea companiei<\/h2>\n<p>Suntem un produc\u0103tor specializat \u00een cilindri hidraulici de schimb, recunoscu\u021bi ca fiind unul dintre principalii produc\u0103tori \u0219i distribuitori angro de cilindri hidraulici at\u00e2t pe pie\u021bele interne, c\u00e2t \u0219i interna\u021bionale. Angajamentul nostru fa\u021b\u0103 de excelen\u021b\u0103 este sus\u021binut de o strategie de fabrica\u021bie rafinat\u0103, care ne permite s\u0103 ne \u00eembun\u0103t\u0103\u021bim managementul produc\u021biei. Valorific\u0103m expertiza tehnic\u0103, echipamentele digitale avansate de fabrica\u021bie \u0219i sistemele de testare specializate pentru a ne \u00eembun\u0103t\u0103\u021bi capacit\u0103\u021bile de fabrica\u021bie. Concentrarea noastr\u0103 pe eficien\u021b\u0103 ridicat\u0103, precizie \u0219i calitate asigur\u0103 satisfacerea eficient\u0103 a diverselor nevoi ale clien\u021bilor.<\/p>\n<p><img decoding=\"async\" src=\"https:\/\/www.hydraulic-cylinders.net\/wp-content\/uploads\/2025\/04\/songte-company-4.webp\" alt=\"Prezentare general\u0103 a companiei\"><br \/>\n<img decoding=\"async\" src=\"https:\/\/www.hydraulic-cylinders.net\/wp-content\/uploads\/2025\/04\/songte-company-3.webp\" alt=\"Facilit\u0103\u021bi ale companiei\"><\/p>\n<p>Standardele noastre profesionale, certific\u0103rile interna\u021bionale, serviciile personalizate, echipamentele de produc\u021bie avansate \u0219i asisten\u021ba excelent\u0103 post-v\u00e2nzare ne diferen\u021biaz\u0103 \u00een industrie.<\/p>\n<p>Autor: lyl<\/p>","protected":false},"excerpt":{"rendered":"<p>Boom Cylinder For KYM KY85B Product Overview The Boom Cylinder for KYM KY85B is a specialized hydraulic cylinder designed to facilitate the movement of heavy machinery buckets. This hydraulic cylinder is crucial for controlling various movements in heavy equipment such as excavators, backhoes, and front loaders. It enables the bucket to lift, lower, and tilt, [&hellip;]<\/p>","protected":false},"featured_media":17870,"comment_status":"open","ping_status":"closed","template":"","meta":{"_et_pb_use_builder":"","_et_pb_old_content":"","_et_gb_content_width":""},"product_brand":[],"product_cat":[1546],"product_tag":[1547,1496],"class_list":{"0":"post-19532","1":"product","2":"type-product","3":"status-publish","4":"has-post-thumbnail","6":"product_cat-boom-cylinders","7":"product_tag-boom-cylinders","8":"product_tag-hydraulic-cylinders","10":"first","11":"instock","12":"shipping-taxable","13":"product-type-simple"},"amp_enabled":true,"_links":{"self":[{"href":"https:\/\/www.hydraulic-cylinders.net\/ro\/wp-json\/wp\/v2\/product\/19532","targetHints":{"allow":["GET"]}}],"collection":[{"href":"https:\/\/www.hydraulic-cylinders.net\/ro\/wp-json\/wp\/v2\/product"}],"about":[{"href":"https:\/\/www.hydraulic-cylinders.net\/ro\/wp-json\/wp\/v2\/types\/product"}],"replies":[{"embeddable":true,"href":"https:\/\/www.hydraulic-cylinders.net\/ro\/wp-json\/wp\/v2\/comments?post=19532"}],"wp:featuredmedia":[{"embeddable":true,"href":"https:\/\/www.hydraulic-cylinders.net\/ro\/wp-json\/wp\/v2\/media\/17870"}],"wp:attachment":[{"href":"https:\/\/www.hydraulic-cylinders.net\/ro\/wp-json\/wp\/v2\/media?parent=19532"}],"wp:term":[{"taxonomy":"product_brand","embeddable":true,"href":"https:\/\/www.hydraulic-cylinders.net\/ro\/wp-json\/wp\/v2\/product_brand?post=19532"},{"taxonomy":"product_cat","embeddable":true,"href":"https:\/\/www.hydraulic-cylinders.net\/ro\/wp-json\/wp\/v2\/product_cat?post=19532"},{"taxonomy":"product_tag","embeddable":true,"href":"https:\/\/www.hydraulic-cylinders.net\/ro\/wp-json\/wp\/v2\/product_tag?post=19532"}],"curies":[{"name":"wp","href":"https:\/\/api.w.org\/{rel}","templated":true}]}}