{"id":19534,"date":"2025-04-07T06:53:11","date_gmt":"2025-04-07T06:53:11","guid":{"rendered":"https:\/\/www.hydraulic-cylinders.net\/product\/boom-cylinder-for-pengpu-sw60e\/"},"modified":"2025-04-07T06:53:13","modified_gmt":"2025-04-07T06:53:13","slug":"boom-cylinder-for-pengpu-sw60e","status":"publish","type":"product","link":"https:\/\/www.hydraulic-cylinders.net\/ro\/produs\/boom-cylinder-for-pengpu-sw60e\/","title":{"rendered":"Cilindru de bra\u021b pentru Pengpu SW60E"},"content":{"rendered":"<h1>Cilindru de bra\u021b pentru Pengpu SW60E<\/h1>\n<h2>Prezentare general\u0103 a cilindrului bra\u021bului<\/h2>\n<p>Cilindrul bra\u021bului, conceput special pentru Pengpu SW60E, este o component\u0103 hidraulic\u0103 esen\u021bial\u0103 utilizat\u0103 \u00een utilajele grele. Acesta joac\u0103 un rol esen\u021bial \u00een controlul mi\u0219c\u0103rii cupei, permi\u021b\u00e2ndu-i ridicarea, cobor\u00e2rea \u0219i \u00eenclinarea. Aceast\u0103 func\u021bionalitate este crucial\u0103 pentru diverse sarcini de manipulare a materialelor \u00een sectoarele construc\u021biilor, agriculturii \u0219i mineritului.<\/p>\n<p>Un cilindru hidraulic pentru cup\u0103 este un tip de cilindru hidraulic special conceput pentru a facilita func\u021bionarea cupei pe excavatoare, excavatoare \u0219i \u00eenc\u0103rc\u0103toare frontale. Designul s\u0103u asigur\u0103 o mi\u0219care lin\u0103 \u0219i eficient\u0103, permi\u021b\u00e2nd operatorilor s\u0103 efectueze sarcini complexe cu precizie. Cilindrul valorific\u0103 presiunea hidraulic\u0103 pentru a furniza for\u021ba necesar\u0103 pentru ridicarea, cobor\u00e2rea \u0219i \u00eenclinarea cupei, sporind astfel productivitatea \u0219i eficien\u021ba pe \u0219antiere.<\/p>\n<p><img decoding=\"async\" src=\"https:\/\/www.hydraulic-cylinders.net\/wp-content\/uploads\/2025\/04\/songte-company-1.webp\" alt=\"Cilindru de bra\u021b pentru Pengpu SW60E\"><\/p>\n<h3>Caracteristici cheie<\/h3>\n<ul>\n<li><strong>Rezisten\u021b\u0103 \u0219i durabilitate ridicate:<\/strong> De obicei, construi\u021bi din o\u021bel sau aluminiu de \u00eenalt\u0103 rezisten\u021b\u0103, cilindrii no\u0219tri ai bra\u021bului sunt proiecta\u021bi s\u0103 reziste la presiuni ridicate \u0219i sarcini grele, asigur\u00e2nd performan\u021be fiabile chiar \u0219i \u00een condi\u021bii dificile de lucru.<\/li>\n<li><strong>Func\u021bionare hidraulic\u0103 eficient\u0103:<\/strong> Utiliz\u00e2nd presiunea uleiului hidraulic, ace\u0219ti cilindri asigur\u0103 o extensie \u0219i o retragere lin\u0103, r\u0103spunz\u00e2nd rapid la comenzile opera\u021bionale \u0219i oferind capacit\u0103\u021bi puternice de \u00eempingere \u0219i tragere.<\/li>\n<li><strong>Diverse tipuri:<\/strong> Disponibili \u00een configura\u021bii cu ac\u021biune simpl\u0103 (func\u021bion\u00e2nd \u00eentr-o singur\u0103 direc\u021bie) sau cu ac\u021biune dubl\u0103 (func\u021bion\u00e2nd \u00een ambele direc\u021bii), cilindrii no\u0219tri r\u0103spund diverselor nevoi opera\u021bionale, unele modele oferind designuri telescopice pentru aplica\u021bii compacte.<\/li>\n<\/ul>\n<h2>Capacitate de produc\u021bie<\/h2>\n<p>Ne specializ\u0103m \u00een fabricarea de cilindri hidraulici pentru bra\u021b care \u00eenlocuiesc perfect cilindrii hidraulici existen\u021bi. Produsele noastre sunt proiectate pentru a \u00eendeplini sau chiar a dep\u0103\u0219i standardele industriei, asigur\u00e2nd compatibilitate \u0219i fiabilitate.<\/p>\n<p><img decoding=\"async\" src=\"https:\/\/www.hydraulic-cylinders.net\/wp-content\/uploads\/2025\/04\/songte-cylinder-head-with-all-kinds-excavator-models.webp\" alt=\"Modele de excavatoare\"><\/p>\n<h2>Scenarii de aplica\u021bii<\/h2>\n<h3>Echipamente de construc\u021bii<\/h3>\n<p>\u00cen excavatoare, cilindrii bra\u021bului sunt vitali pentru s\u0103pare, \u00eenc\u0103rcare \u0219i mutarea solului sau a resturilor. Ace\u0219tia faciliteaz\u0103 ac\u021biunea de s\u0103pare permi\u021b\u00e2nd cupei s\u0103 p\u0103trund\u0103 eficient \u00een sol. \u00cen cazul \u00eenc\u0103rc\u0103toarelor excavatoare, ace\u0219ti cilindri nu numai c\u0103 ajut\u0103 la excavare, dar ajut\u0103 \u0219i la sarcinile de ridicare, ceea ce \u00eei face indispensabili pentru preg\u0103tirea \u0219antierului \u0219i manipularea materialelor.<\/p>\n<h3>Ma\u0219ini agricole<\/h3>\n<p>\u00cen \u00eenc\u0103rc\u0103toarele frontale, cilindrii bra\u021bului sunt utiliza\u021bi pentru \u00eenc\u0103rcarea, ridicarea \u0219i transportul solului, f\u00e2nului \u0219i altor materiale. Capacitatea lor de a oferi o putere de ridicare semnificativ\u0103 permite fermierilor s\u0103 efectueze eficient opera\u021biunile de \u00eenc\u0103rcare \u0219i desc\u0103rcare, cresc\u00e2nd productivitatea \u00een diverse sarcini agricole.<\/p>\n<h3>Excavatoare<\/h3>\n<p>Cilindrii bra\u021bului permit cupei s\u0103 p\u0103trund\u0103 \u00een sol, facilit\u00e2nd s\u0103parea eficient\u0103. Ac\u021biunea lor hidraulic\u0103 puternic\u0103 asigur\u0103 c\u0103 operatorii pot manevra excavatorul cu precizie, fie c\u0103 sap\u0103 \u0219an\u021buri, fie c\u0103 mut\u0103 materiale grele.<\/p>\n<h3>\u00cenc\u0103rc\u0103toare<\/h3>\n<p>\u00cen cazul \u00eenc\u0103rc\u0103toarelor frontale, cilindrii bra\u021bului ajut\u0103 la ridicarea \u0219i desc\u0103rcarea eficient\u0103 a \u00eenc\u0103rc\u0103turilor. Designul lor robust le permite s\u0103 manipuleze cu u\u0219urin\u021b\u0103 materiale grele, asigur\u00e2ndu-se c\u0103 \u00eenc\u0103rc\u0103torul \u00ee\u0219i poate \u00eendeplini func\u021bia eficient \u0219i rapid.<\/p>\n<h2>Considera\u021bii de proiectare \u0219i criterii de selec\u021bie<\/h2>\n<h3>Capacitate de \u00eenc\u0103rcare<\/h3>\n<p>Atunci c\u00e2nd selecta\u021bi un cilindru pentru bra\u021b, \u00een\u021belegerea capacit\u0103\u021bii sale de \u00eenc\u0103rcare este crucial\u0103. Cilindrul trebuie s\u0103 poat\u0103 suporta sarcinile maxime a\u0219teptate \u00een timpul opera\u021biunilor f\u0103r\u0103 a compromite siguran\u021ba sau performan\u021ba. Un cilindru calibrat corespunz\u0103tor asigur\u0103 longevitatea \u0219i fiabilitatea pe teren.<\/p>\n<h3>Mecanisme de etan\u0219are<\/h3>\n<p>Etan\u0219area de calitate este fundamental\u0103 pentru performan\u021ba cilindrilor hidraulici. Proiectarea trebuie s\u0103 includ\u0103 etan\u0219\u0103ri eficiente care s\u0103 previn\u0103 scurgerile de fluid, men\u021bin\u00e2nd \u00een acela\u0219i timp presiunea necesar\u0103. Acest aspect contribuie la eficien\u021ba \u0219i siguran\u021ba general\u0103 a sistemului hidraulic.<\/p>\n<h3>Durabilitate<\/h3>\n<p>Durabilitatea este un factor cheie \u00een proiectarea cilindrilor hidraulici. Ace\u0219tia ar trebui s\u0103 fie construi\u021bi din materiale care s\u0103 reziste la uzur\u0103, precum \u0219i la factorii de mediu, cum ar fi umiditatea \u0219i substan\u021bele corozive. Alegerea materialelor durabile cre\u0219te durata de via\u021b\u0103 a cilindrului.<\/p>\n<h3>Caracteristici de siguran\u021b\u0103<\/h3>\n<p>Siguran\u021ba este primordial\u0103 \u00een sistemele hidraulice. Proiectarea ar trebui s\u0103 includ\u0103 caracteristici care previn defec\u021biunile nea\u0219teptate, cum ar fi supapele de siguran\u021b\u0103 \u0219i sistemele de eliberare a presiunii. Aceste m\u0103suri protejeaz\u0103 at\u00e2t utilajele, c\u00e2t \u0219i operatorii acestora.<\/p>\n<h3>Accesibilitate pentru \u00eentre\u021binere<\/h3>\n<p>U\u0219urin\u021ba \u00eentre\u021binerii este crucial\u0103 pentru longevitatea cilindrilor hidraulici. Un cilindru bine proiectat permite accesul facil la garnituri \u0219i alte componente critice, facilit\u00e2nd inspec\u021biile regulate \u0219i repara\u021biile prompte atunci c\u00e2nd este necesar. Aceast\u0103 considera\u021bie minimizeaz\u0103 timpul de nefunc\u021bionare \u0219i maximizeaz\u0103 productivitatea.<\/p>\n<p><img decoding=\"async\" src=\"https:\/\/www.hydraulic-cylinders.net\/wp-content\/uploads\/2025\/04\/songte-oil-pipes-and-spare-parts.webp\" alt=\"Conducte de petrol \u0219i piese de schimb\"><\/p>\n<h2>Etan\u0219are \u0219i lubrifiere<\/h2>\n<p>Etan\u0219area \u0219i lubrifierea eficiente sunt vitale pentru func\u021bionarea cilindrilor hidraulici. Diverse etan\u0219\u0103ri, cum ar fi etan\u0219\u0103rile pistonului \u0219i etan\u0219\u0103rile tijei, sunt utilizate pentru a asigura c\u0103 fluidul hidraulic r\u0103m\u00e2ne con\u021binut \u00een cilindru. Aceste etan\u0219\u0103ri sunt adesea fabricate din materiale rezistente la uzur\u0103, cum ar fi poliuretanul \u0219i cauciucul nitrilic, care ofer\u0103 o durabilitate \u0219i o performan\u021b\u0103 excelente.<\/p>\n<p>Corpul cilindrului \u0219i capetele filetate sunt prelucrate cu aten\u021bie pentru a \u00eembun\u0103t\u0103\u021bi rezisten\u021ba la uzur\u0103, reduc\u00e2nd riscul de scurgeri de fluid. Lubrifierea regulat\u0103 cu ulei hidraulic este esen\u021bial\u0103 pentru a asigura buna func\u021bionare a pieselor mobile \u0219i pentru a prelungi durata de via\u021b\u0103 a cilindrului.<\/p>\n<h2>M\u0103suri de \u00eentre\u021binere preventiv\u0103<\/h2>\n<ul>\n<li><strong>Inspec\u021bii regulate:<\/strong> Efectuarea unor verific\u0103ri de rutin\u0103 pentru a depista orice semne de uzur\u0103 sau deteriorare ajut\u0103 la identificarea poten\u021bialelor probleme \u00eenainte ca acestea s\u0103 se agraveze. C\u0103uta\u021bi scurgeri de lichid, zgomote neobi\u0219nuite sau semne de supra\u00eenc\u0103rcare.<\/li>\n<li><strong>Lubrifiere programat\u0103:<\/strong> Implementa\u021bi un program de lubrifiere pentru a v\u0103 asigura c\u0103 toate piesele mobile primesc o lubrifiere adecvat\u0103, ceea ce ajut\u0103 la reducerea frec\u0103rii \u0219i a uzurii.<\/li>\n<li><strong>\u00cenlocuirea garniturii:<\/strong> Verifica\u021bi periodic garniturile pentru uzur\u0103 \u0219i \u00eenlocui\u021bi-le dup\u0103 cum este necesar pentru a preveni scurgerile \u0219i a men\u021bine presiunea.<\/li>\n<\/ul>\n<h2>Instruc\u021biuni de instalare<\/h2>\n<p>Instalarea corect\u0103 a cilindrului bra\u021bului este esen\u021bial\u0103 pentru performan\u021ba acestuia. \u00cencepe\u021bi prin a v\u0103 asigura c\u0103 suporturile de montare sunt aliniate corect pentru a evita nealinierea care ar putea duce la uzur\u0103 prematur\u0103 sau defec\u021biuni. Folosi\u021bi suporturi de instalare adecvate pentru a fixa cilindrul ferm \u00een pozi\u021bie.<\/p>\n<p>Apoi, asigura\u021bi-v\u0103 c\u0103 racordurile hidraulice sunt str\u00e2nse corespunz\u0103tor pentru a preveni scurgerile \u0219i c\u0103 liniile hidraulice nu prezint\u0103 \u00eendoiri sau obstruc\u021bii. \u00cen cele din urm\u0103, confirma\u021bi c\u0103 fluidul hidraulic este la nivelul corespunz\u0103tor \u00eenainte de utilizare \u0219i urma\u021bi toate recomand\u0103rile produc\u0103torului pentru procedurile de instalare.<\/p>\n<h2>Sarcini comune de \u00eentre\u021binere<\/h2>\n<ul>\n<li><strong>Inspec\u021bii regulate:<\/strong> Verifica\u021bi \u00een mod constant cilindrul pentru semne de uzur\u0103, scurgeri \u0219i starea general\u0103 pentru a asigura func\u021bionarea corect\u0103 \u0219i siguran\u021ba.<\/li>\n<li><strong>Lubrifiere adecvat\u0103:<\/strong> Unge\u021bi regulat cilindrul \u0219i componentele acestuia pentru a reduce frecarea \u0219i uzura, asigur\u00e2nd o func\u021bionare f\u0103r\u0103 probleme.<\/li>\n<li><strong>\u00cenlocuirea garniturii:<\/strong> Inspecta\u021bi \u0219i \u00eenlocui\u021bi garniturile \u00een mod regulat pentru a preveni scurgerile de fluid hidraulic \u0219i a men\u021bine performan\u021ba optim\u0103.<\/li>\n<\/ul>\n<h2>Considera\u021bii de siguran\u021b\u0103 \u0219i factori de mediu<\/h2>\n<p>Atunci c\u00e2nd se lucreaz\u0103 cu sisteme hidraulice, m\u0103surile de siguran\u021b\u0103 sunt cruciale pentru a preveni accidentele \u0219i v\u0103t\u0103m\u0103rile corporale. Operatorii trebuie s\u0103 fie instrui\u021bi cu privire la tehnicile de manipulare corect\u0103 \u0219i s\u0103 fie con\u0219tien\u021bi de poten\u021bialele pericole asociate echipamentelor hidraulice. \u00cen plus, trebuie respectate considera\u021biile de mediu, cum ar fi eliminarea corect\u0103 a fluidelor hidraulice \u0219i a componentelor uzate, asigur\u00e2nd respectarea reglement\u0103rilor \u0219i promov\u00e2nd sustenabilitatea.<\/p>\n<h2>Depanare \u0219i probleme frecvente<\/h2>\n<ul>\n<li><strong>Scurgeri de fluide:<\/strong> Una dintre cele mai frecvente probleme este scurgerea de lichid. Inspecta\u021bi garniturile \u0219i fitingurile pentru a depista eventualele deterior\u0103ri \u0219i \u00eenlocui\u021bi orice componente uzate.<\/li>\n<li><strong>Func\u021bionare inconsistent\u0103:<\/strong> Dac\u0103 cilindrul nu se extinde sau nu se retrage lin, verifica\u021bi dac\u0103 exist\u0103 blocaje \u00een conductele hidraulice sau dac\u0103 nivelul fluidului este sc\u0103zut.<\/li>\n<li><strong>Supra\u00eenc\u0103lzire:<\/strong> C\u0103ldura excesiv\u0103 poate indica probleme cu circula\u021bia fluidului sau supra\u00eenc\u0103rcare. Asigura\u021bi-v\u0103 c\u0103 sistemul nu este \u00eempins dincolo de limitele sale.<\/li>\n<\/ul>\n<h2>Sfaturi de depanare<\/h2>\n<p>Pentru a diagnostica \u0219i rezolva eficient problemele legate de cilindrul bra\u021bului, operatorii ar trebui s\u0103 efectueze mai \u00eent\u00e2i o inspec\u021bie am\u0103nun\u021bit\u0103 pentru a identifica problemele vizibile, cum ar fi scurgerile sau deteriorarea garniturilor. Men\u021binerea unui mediu de lucru curat poate ajuta la prevenirea contamin\u0103rii care duce la probleme de performan\u021b\u0103. Implementarea unor m\u0103suri preventive regulate, cum ar fi \u00eentre\u021binerea \u0219i inspec\u021biile programate, poate reduce semnificativ probabilitatea \u00eent\u00e2mpin\u0103rii unor probleme majore.<\/p>\n<p><img decoding=\"async\" src=\"https:\/\/www.hydraulic-cylinders.net\/wp-content\/uploads\/2025\/04\/songte-bushings-with-all-kinds-of-excavator-models.webp\" alt=\"Buc\u0219e cu modele de excavatoare\"><\/p>\n<h2>Despre compania noastr\u0103<\/h2>\n<p>Suntem un produc\u0103tor \u0219i distribuitor angro de top de cilindri hidraulici de schimb, cu o gam\u0103 complet\u0103 de produse care satisfac diversele nevoi ale pie\u021bei. Angajamentul nostru fa\u021b\u0103 de excelen\u021ba \u00een calitate este sus\u021binut de un proces de fabrica\u021bie rafinat \u0219i de strategii de management al produc\u021biei de top \u00een industrie.<\/p>\n<p>Accentul puternic pus pe expertiza tehnic\u0103, \u00eempreun\u0103 cu utilizarea echipamentelor digitale de fabrica\u021bie de ultim\u0103 genera\u021bie \u0219i a sistemelor profesionale de inspec\u021bie, ne permite s\u0103 ne \u00eembun\u0103t\u0103\u021bim continuu capacit\u0103\u021bile de produc\u021bie. Respect\u0103m principiile de eficien\u021b\u0103 ridicat\u0103, precizie \u0219i calitate, asigur\u00e2ndu-ne c\u0103 \u00eendeplinim cerin\u021bele variate ale clien\u021bilor no\u0219tri.<\/p>\n<p><img decoding=\"async\" src=\"https:\/\/www.hydraulic-cylinders.net\/wp-content\/uploads\/2025\/04\/songte-company-4.webp\" alt=\"Prezentare general\u0103 a companiei\"><br \/>\n<img decoding=\"async\" src=\"https:\/\/www.hydraulic-cylinders.net\/wp-content\/uploads\/2025\/04\/songte-company-3.webp\" alt=\"Facilit\u0103\u021bi ale companiei\"><\/p>\n<p>Oferim servicii profesionale, certific\u0103ri interna\u021bionale \u0219i solu\u021bii personalizate pentru a satisface cerin\u021bele specifice ale clien\u021bilor. Echipamentele noastre de produc\u021bie de top \u0219i serviciul post-v\u00e2nzare prompt garanteaz\u0103 c\u0103 clien\u021bii no\u0219tri primesc asisten\u021b\u0103 fiabil\u0103 pe tot parcursul experien\u021bei lor cu produsele noastre.<\/p>\n<p>Autor: lyl<\/p>","protected":false},"excerpt":{"rendered":"<p>Boom Cylinder For Pengpu SW60E Overview of Boom Cylinder The Boom Cylinder, specifically designed for the Pengpu SW60E, is an essential hydraulic component used in heavy machinery. It plays a critical role in controlling the movement of the bucket, enabling it to lift, lower, and tilt. This functionality is crucial for various material handling tasks [&hellip;]<\/p>","protected":false},"featured_media":17872,"comment_status":"open","ping_status":"closed","template":"","meta":{"_et_pb_use_builder":"","_et_pb_old_content":"","_et_gb_content_width":""},"product_brand":[],"product_cat":[1546],"product_tag":[1547,1496],"class_list":{"0":"post-19534","1":"product","2":"type-product","3":"status-publish","4":"has-post-thumbnail","6":"product_cat-boom-cylinders","7":"product_tag-boom-cylinders","8":"product_tag-hydraulic-cylinders","10":"first","11":"instock","12":"shipping-taxable","13":"product-type-simple"},"amp_enabled":true,"_links":{"self":[{"href":"https:\/\/www.hydraulic-cylinders.net\/ro\/wp-json\/wp\/v2\/product\/19534","targetHints":{"allow":["GET"]}}],"collection":[{"href":"https:\/\/www.hydraulic-cylinders.net\/ro\/wp-json\/wp\/v2\/product"}],"about":[{"href":"https:\/\/www.hydraulic-cylinders.net\/ro\/wp-json\/wp\/v2\/types\/product"}],"replies":[{"embeddable":true,"href":"https:\/\/www.hydraulic-cylinders.net\/ro\/wp-json\/wp\/v2\/comments?post=19534"}],"wp:featuredmedia":[{"embeddable":true,"href":"https:\/\/www.hydraulic-cylinders.net\/ro\/wp-json\/wp\/v2\/media\/17872"}],"wp:attachment":[{"href":"https:\/\/www.hydraulic-cylinders.net\/ro\/wp-json\/wp\/v2\/media?parent=19534"}],"wp:term":[{"taxonomy":"product_brand","embeddable":true,"href":"https:\/\/www.hydraulic-cylinders.net\/ro\/wp-json\/wp\/v2\/product_brand?post=19534"},{"taxonomy":"product_cat","embeddable":true,"href":"https:\/\/www.hydraulic-cylinders.net\/ro\/wp-json\/wp\/v2\/product_cat?post=19534"},{"taxonomy":"product_tag","embeddable":true,"href":"https:\/\/www.hydraulic-cylinders.net\/ro\/wp-json\/wp\/v2\/product_tag?post=19534"}],"curies":[{"name":"wp","href":"https:\/\/api.w.org\/{rel}","templated":true}]}}