{"id":19540,"date":"2025-04-07T06:53:26","date_gmt":"2025-04-07T06:53:26","guid":{"rendered":"https:\/\/www.hydraulic-cylinders.net\/product\/boom-cylinder-for-pushhm-pz60-7b\/"},"modified":"2025-04-07T06:53:28","modified_gmt":"2025-04-07T06:53:28","slug":"boom-cylinder-for-pushhm-pz60-7b","status":"publish","type":"product","link":"https:\/\/www.hydraulic-cylinders.net\/ro\/produs\/boom-cylinder-for-pushhm-pz60-7b\/","title":{"rendered":"Cilindru bra\u021b pentru Pushhm PZ60-7B"},"content":{"rendered":"<h1>Cilindru bra\u021b pentru Pushhm PZ60-7B<\/h1>\n<h2>Prezentare general\u0103 a produsului<\/h2>\n<p>Cel\/Cea\/Cei\/Cele <strong>Cilindru bra\u021b pentru Pushhm PZ60-7B<\/strong> este o component\u0103 vital\u0103 \u00een sistemele hidraulice, special conceput\u0103 pentru a controla mi\u0219carea cupelor pentru utilaje grele. Ace\u0219ti cilindri permit ridicarea, cobor\u00e2rea \u0219i \u00eenclinarea cupelor \u00een echipamente precum excavatoare, \u00eenc\u0103rc\u0103toare excavatoare \u0219i \u00eenc\u0103rc\u0103toare frontale, facilit\u00e2nd diverse sarcini de manipulare a materialelor.<\/p>\n<p><img decoding=\"async\" src=\"https:\/\/www.hydraulic-cylinders.net\/wp-content\/uploads\/2025\/04\/songte-company-1.webp\" alt=\"Cilindru de bra\u021b pentru excavatoare\"><\/p>\n<h3>Ce este un cilindru de cup\u0103?<\/h3>\n<p>Un cilindru hidraulic este un tip de cilindru hidraulic care joac\u0103 un rol crucial \u00een func\u021bionarea utilajelor grele. Acesta con\u021bine fluid hidraulic care creeaz\u0103 presiune, permi\u021b\u00e2nd o mi\u0219care lin\u0103 \u0219i eficient\u0103. Designul cilindrilor cupei asigur\u0103 c\u0103 ace\u0219tia pot rezista la presiuni ridicate \u0219i sarcini grele, ceea ce \u00eei face esen\u021biali pentru sarcini \u00een construc\u021bii, agricultur\u0103 \u0219i multe altele. Capacitatea lor de a gestiona mi\u0219c\u0103rile dinamice ale cupelor ajut\u0103 la s\u0103parea, ridicarea \u0219i transportul materialelor, sporind productivitatea pe \u0219antiere.<\/p>\n<h2>Caracteristicile cilindrului bra\u021bului<\/h2>\n<ul>\n<li><strong>Rezisten\u021b\u0103 \u0219i durabilitate ridicate:<\/strong> De obicei, fabricate din o\u021bel sau aluminiu de \u00eenalt\u0103 rezisten\u021b\u0103, aceste cilindri pot suporta presiuni ridicate \u0219i sarcini grele, fiind potrivite pentru medii de lucru dure. Designul lor ia \u00een considerare rezisten\u021ba la uzur\u0103 \u0219i protec\u021bia \u00eempotriva coroziunii pentru a le prelungi durata de via\u021b\u0103.<\/li>\n<li><strong>Func\u021bionare hidraulic\u0103 eficient\u0103:<\/strong> Folosind presiunea uleiului hidraulic, ace\u0219ti cilindri permit extinderea \u0219i retragerea lin\u0103, r\u0103spunz\u00e2nd rapid la comenzile opera\u021bionale \u0219i oferind o for\u021b\u0103 puternic\u0103 de \u00eempingere-tragere, ideal\u0103 pentru gestionarea sarcinilor grele \u0219i complexe.<\/li>\n<li><strong>Diverse tipuri:<\/strong> Disponibile \u00een modele cu ac\u021biune simpl\u0103 (utilizare hidraulic\u0103 \u00eentr-o singur\u0103 direc\u021bie) sau cu ac\u021biune dubl\u0103 (utilizare hidraulic\u0103 \u00een ambele direc\u021bii) pentru a satisface diverse cerin\u021be opera\u021bionale. Unele modele sunt telescopice, permi\u021b\u00e2nd o extensie mai mare f\u0103r\u0103 a cre\u0219te dimensiunile exterioare, potrivite pentru aplica\u021bii cu spa\u021biu limitat.<\/li>\n<li><strong>Solu\u021bii personalizabile:<\/strong> Fabric\u0103m produse care pot \u00eenlocui perfect cilindrii hidraulici existen\u021bi, asigur\u00e2nd compatibilitate \u0219i performan\u021b\u0103.<\/li>\n<li><strong>Inginerie de precizie:<\/strong> Fiecare cilindru este proiectat cu precizie pentru a garanta performan\u021be optime \u0219i fiabilitate \u00een condi\u021bii dificile.<\/li>\n<\/ul>\n<p><img decoding=\"async\" src=\"https:\/\/www.hydraulic-cylinders.net\/wp-content\/uploads\/2025\/04\/songte-cylinder-head-with-all-kinds-excavator-models.webp\" alt=\"Chiulas\u0103 pentru excavatoare\"><\/p>\n<h2>Scenarii de aplica\u021bii<\/h2>\n<h3>Echipamente de construc\u021bii<\/h3>\n<p>\u00cen excavatoare, cilindrii bra\u021bului sunt esen\u021biali pentru s\u0103pare, \u00eenc\u0103rcare \u0219i mutarea p\u0103m\u00e2ntului sau a resturilor. Ace\u0219tia permit cupei s\u0103 p\u0103trund\u0103 \u00een sol, asigur\u00e2nd procese eficiente de excavare. \u00cen cazul \u00eenc\u0103rc\u0103toarelor basculante, ace\u0219ti cilindri nu numai c\u0103 ajut\u0103 la s\u0103pare, dar \u0219i la opera\u021biunile de ridicare, oferind versatilitate \u00een sarcinile de construc\u021bie.<\/p>\n<h3>Ma\u0219ini agricole<\/h3>\n<p>\u00cenc\u0103rc\u0103toarele frontale utilizeaz\u0103 cilindri ai bra\u021bului pentru scoaterea, ridicarea \u0219i transportul solului, f\u00e2nului \u0219i altor materiale. Aceast\u0103 capacitate spore\u0219te productivitatea \u00een opera\u021biunile agricole, permi\u021b\u00e2nd manipularea rapid\u0103 a materialelor \u0219i deplasarea pe c\u00e2mpuri.<\/p>\n<h3>Excavatoare<\/h3>\n<p>La excavatoare, cilindrul bra\u021bului permite ac\u021biunea de s\u0103pare permi\u021b\u00e2nd cupei s\u0103 p\u0103trund\u0103 \u00een sol. Aceast\u0103 func\u021bie este esen\u021bial\u0103 pentru mutarea eficient\u0103 a unor volume mari de p\u0103m\u00e2nt \u00een timpul proiectelor de construc\u021bii, \u00eembun\u0103t\u0103\u021bind eficien\u021ba general\u0103.<\/p>\n<h3>\u00cenc\u0103rc\u0103toare<\/h3>\n<p>\u00cen cazul \u00eenc\u0103rc\u0103toarelor frontale, ace\u0219ti cilindri ajut\u0103 la ridicarea \u0219i desc\u0103rcarea eficient\u0103 a \u00eenc\u0103rc\u0103turilor. Designul lor asigur\u0103 o func\u021bionare stabil\u0103, permi\u021b\u00e2nd manipularea eficient\u0103 a materialelor la diferite altitudini.<\/p>\n<h2>Considera\u021bii de proiectare \u0219i criterii de selec\u021bie<\/h2>\n<h3>Capacitate de \u00eenc\u0103rcare<\/h3>\n<p>Una dintre principalele considera\u021bii de proiectare pentru cilindrii bra\u021bului este capacitatea lor de \u00eenc\u0103rcare. Este esen\u021bial s\u0103 alege\u021bi un cilindru care poate suporta greutatea maxim\u0103 a\u0219teptat\u0103 \u00een timpul func\u021bion\u0103rii. Aceasta implic\u0103 calcularea presiunii \u0219i for\u021bei necesare pentru a ridica sarcini specifice, men\u021bin\u00e2nd \u00een acela\u0219i timp standardele de siguran\u021b\u0103. Inginerii trebuie s\u0103 se asigure c\u0103 materialele utilizate pot rezista la astfel de for\u021be f\u0103r\u0103 a se deforma sau a se deteriora.<\/p>\n<h3>Mecanisme de etan\u0219are<\/h3>\n<p>Etan\u0219area eficient\u0103 este crucial\u0103 pentru men\u021binerea presiunii hidraulice \u0219i prevenirea scurgerilor. Garnituri de \u00eenalt\u0103 calitate, precum garniturile pistonului \u0219i garniturile tijei, fabricate din materiale durabile, cum ar fi poliuretanul sau cauciucul nitrilic, sunt utilizate pentru a asigura o fixare str\u00e2ns\u0103. Verific\u0103ri regulate ale acestor garnituri sunt necesare pentru a evita pierderea de fluid hidraulic, care poate duce la defectarea sistemului.<\/p>\n<h3>Durabilitate<\/h3>\n<p>Durabilitatea este vital\u0103 pentru cilindrii bra\u021bului, \u00een special atunci c\u00e2nd sunt utiliza\u021bi \u00een medii solicitante. Ace\u0219tia trebuie s\u0103 fie rezisten\u021bi la uzur\u0103, coroziune \u0219i temperaturi extreme. Produc\u0103torii aplic\u0103 adesea acoperiri de protec\u021bie \u0219i selecteaz\u0103 materiale care rezist\u0103 la condi\u021bii dure, prelungind astfel durata de via\u021b\u0103 a cilindrilor.<\/p>\n<h3>Caracteristici de siguran\u021b\u0103<\/h3>\n<p>Considera\u021biile de siguran\u021b\u0103 \u00een proiectarea cilindrilor bra\u021bului includ supape de siguran\u021b\u0103 \u00eencorporate pentru a preveni suprapresurizarea, asigur\u00e2nd func\u021bionarea utilajelor \u00een limite de siguran\u021b\u0103. O proiectare adecvat\u0103 poate reduce la minimum riscul de accidente \u00een timpul func\u021bion\u0103rii, protej\u00e2nd at\u00e2t echipamentul, c\u00e2t \u0219i operatorul.<\/p>\n<h3>Mentenabilitate<\/h3>\n<p>U\u0219urin\u021ba \u00eentre\u021binerii este un alt factor important. Cilindrii ar trebui s\u0103 fie proiecta\u021bi pentru acces facil la componentele critice pentru inspec\u021bii \u0219i repara\u021bii de rutin\u0103. \u00centre\u021binerea regulat\u0103 reduce timpii de nefunc\u021bionare \u0219i \u00eembun\u0103t\u0103\u021be\u0219te eficien\u021ba func\u021bion\u0103rii utilajelor.<\/p>\n<p><img decoding=\"async\" src=\"https:\/\/www.hydraulic-cylinders.net\/wp-content\/uploads\/2025\/04\/songte-oil-pipes-and-spare-parts.webp\" alt=\"Componente hidraulice\"><\/p>\n<h2>Etan\u0219are \u0219i lubrifiere<\/h2>\n<p>Etan\u0219area \u0219i lubrifierea eficiente sunt vitale pentru performan\u021ba \u0219i longevitatea cilindrilor bra\u021bului. Diverse etan\u0219\u0103ri, precum etan\u0219\u0103rile pistonului \u0219i etan\u0219\u0103rile tijei, sunt utilizate pentru a preveni scurgerile de fluid hidraulic \u0219i a men\u021bine presiunea. Etan\u0219\u0103rile sunt adesea fabricate din materiale durabile, cum ar fi poliuretanul \u0219i cauciucul nitrilic, care ofer\u0103 o rezisten\u021b\u0103 excelent\u0103 la uzur\u0103. Corpul cilindrului \u0219i suprafe\u021bele filetate ale cap\u0103tului sunt finisate meticulos pentru a spori durabilitatea. Lubrifierea regulat\u0103 cu ulei hidraulic adecvat este necesar\u0103 pentru a minimiza frecarea \u0219i uzura, asigur\u00e2nd o func\u021bionare lin\u0103 \u0219i prelungind durata de via\u021b\u0103 a cilindrului.<\/p>\n<h2>M\u0103suri de \u00eentre\u021binere preventiv\u0103<\/h2>\n<ul>\n<li><strong>Inspec\u021bii regulate:<\/strong> Efectua\u021bi verific\u0103ri frecvente ale sistemului hidraulic pentru scurgeri, deterior\u0103ri sau uzur\u0103. Inspecta\u021bi garniturile \u0219i conexiunile pentru a v\u0103 asigura c\u0103 sunt intacte \u0219i func\u021bioneaz\u0103 corect.<\/li>\n<li><strong>Program de lubrifiere:<\/strong> Stabili\u021bi un program de lubrifiere pentru uleiul hidraulic, asigur\u00e2ndu-v\u0103 c\u0103 cilindrii sunt lubrifia\u021bi corespunz\u0103tor pentru a reduce frecarea \u0219i uzura.<\/li>\n<li><strong>\u00cenlocuirea garniturii:<\/strong> Monitoriza\u021bi performan\u021ba etan\u0219\u0103rilor \u0219i \u00eenlocui\u021bi prompt etan\u0219\u0103rile uzate sau deteriorate pentru a preveni scurgerile \u0219i a men\u021bine eficien\u021ba.<\/li>\n<\/ul>\n<h2>Instruc\u021biuni de instalare<\/h2>\n<p>Instalarea corect\u0103 a cilindrului bra\u021bului este crucial\u0103 pentru o performan\u021b\u0103 optim\u0103. \u00cencepe\u021bi prin a v\u0103 asigura c\u0103 suprafe\u021bele de montare sunt curate \u0219i f\u0103r\u0103 resturi. Alinia\u021bi corect cilindrul cu consolele de montare, utiliz\u00e2nd suporturi adecvate pentru a-l men\u021bine \u00een pozi\u021bie. Str\u00e2nge\u021bi \u0219uruburile conform specifica\u021biilor produc\u0103torului, asigur\u00e2ndu-v\u0103 c\u0103 nu se produc nealinieri. Dup\u0103 instalare, testa\u021bi sistemul hidraulic pentru scurgeri \u0219i func\u021bionare corect\u0103. Verific\u0103rile regulate post-instalare sunt necesare pentru a confirma c\u0103 cilindrul func\u021bioneaz\u0103 f\u0103r\u0103 probleme \u0219i eficient.<\/p>\n<h2>Sarcini de \u00eentre\u021binere<\/h2>\n<ul>\n<li><strong>Inspec\u021bii regulate:<\/strong> Inspec\u021biile frecvente ajut\u0103 la identificarea problemelor poten\u021biale \u00eenainte ca acestea s\u0103 devin\u0103 semnificative. C\u0103uta\u021bi semne de uzur\u0103 \u0219i deteriorare, \u00een special la garnituri \u0219i conexiuni. De asemenea, trebuie verificat\u0103 alinierea corect\u0103 pentru a asigura o func\u021bionare f\u0103r\u0103 probleme.<\/li>\n<li><strong>Lubrifiere adecvat\u0103:<\/strong> Men\u021bine\u021bi un program regulat de lubrifiere pentru a v\u0103 asigura c\u0103 uleiul hidraulic este la nivelul corect. Aceast\u0103 practic\u0103 ajut\u0103 la minimizarea frec\u0103rii \u0219i a uzurii, prelungind durata de via\u021b\u0103 a cilindrului.<\/li>\n<li><strong>\u00cenlocuirea garniturii:<\/strong> \u00cen timp, garniturile se pot uza din cauza presiunii \u0219i a factorilor de mediu. Verifica\u021bi periodic garniturile pentru a depista semne de deteriorare \u0219i \u00eenlocui\u021bi-le dup\u0103 cum este necesar pentru a preveni scurgerile \u0219i a asigura o func\u021bionare eficient\u0103.<\/li>\n<\/ul>\n<h2>Considera\u021bii de siguran\u021b\u0103 \u0219i factori de mediu<\/h2>\n<p>Atunci c\u00e2nd se utilizeaz\u0103 cilindri ai bra\u021bului, este esen\u021bial s\u0103 se respecte m\u0103surile de siguran\u021b\u0103. Operatorii trebuie instrui\u021bi s\u0103 recunoasc\u0103 pericolele poten\u021biale asociate cu sistemele hidraulice. Trebuie stabilite protocoale adecvate de manipulare \u0219i operare pentru a reduce riscul de accidente. \u00cen plus, factorii de mediu trebuie lua\u021bi \u00een considerare la proiectarea sistemelor hidraulice. Asigurarea faptului c\u0103 fluidele hidraulice sunt biodegradabile \u0219i minimizarea scurgerilor pot contribui la protejarea mediului.<\/p>\n<h2>Depanarea problemelor comune<\/h2>\n<ul>\n<li><strong>Scurgere:<\/strong> Dac\u0103 exist\u0103 scurgeri de lichid hidraulic, verifica\u021bi garniturile \u0219i conexiunile pentru a vedea dac\u0103 exist\u0103 deterior\u0103ri. \u00cenlocui\u021bi orice componente uzate pentru a preveni scurgeri ulterioare.<\/li>\n<li><strong>Mi\u0219care lent\u0103:<\/strong> Un cilindru care se mi\u0219c\u0103 lent poate indica o cantitate insuficient\u0103 de fluid hidraulic. Verifica\u021bi nivelurile de lichid \u0219i realimenta\u021bi dup\u0103 cum este necesar. De asemenea, verifica\u021bi dac\u0103 exist\u0103 blocaje \u00een sistem care ar putea \u00eempiedica curgerea.<\/li>\n<li><strong>F\u0103r\u0103 mi\u0219care:<\/strong> Dac\u0103 cilindrul nu se mi\u0219c\u0103, verifica\u021bi pompa hidraulic\u0103 \u0219i supapele de control pentru defec\u021biuni. Asigura\u021bi-v\u0103 c\u0103 sistemul hidraulic este alimentat cu energie electric\u0103.<\/li>\n<\/ul>\n<h2>Sfaturi de depanare<\/h2>\n<p>Pentru a diagnostica \u0219i rezolva eficient problemele legate de cilindrii bra\u021bului, \u00eencepe\u021bi prin efectuarea unei inspec\u021bii am\u0103nun\u021bite a tuturor componentelor. C\u0103uta\u021bi semne vizibile de uzur\u0103, scurgeri sau deteriorare. Asigura\u021bi-v\u0103 c\u0103 toate conexiunile sunt sigure \u0219i c\u0103 nivelurile fluidului hidraulic sunt adecvate. Implementa\u021bi m\u0103suri preventive, cum ar fi verific\u0103ri de \u00eentre\u021binere de rutin\u0103, pentru a identifica din timp poten\u021bialele probleme. P\u0103strarea unor eviden\u021be detaliate ale activit\u0103\u021bilor de \u00eentre\u021binere poate ajuta la urm\u0103rirea performan\u021bei cilindrului \u0219i la prezicerea problemelor viitoare.<\/p>\n<p><img decoding=\"async\" src=\"https:\/\/www.hydraulic-cylinders.net\/wp-content\/uploads\/2025\/04\/songte-bushings-with-all-kinds-of-excavator-models.webp\" alt=\"Buc\u0219e pentru excavatoare\"><\/p>\n<h2>Despre compania noastr\u0103<\/h2>\n<p>Suntem produc\u0103tori de cilindri hidraulici de schimb, oferind o gam\u0103 complet\u0103 de produse. Fiind unul dintre principalii produc\u0103tori \u0219i distribuitori de cilindri hidraulici at\u00e2t pe pia\u021ba intern\u0103, c\u00e2t \u0219i pe cea interna\u021bional\u0103, ne ghid\u0103m spre excelen\u021b\u0103 \u00een calitate. Strategia noastr\u0103 de management al produc\u021biei se bazeaz\u0103 pe ateliere de fabrica\u021bie de precizie, utiliz\u00e2nd tehnologie avansat\u0103 \u0219i echipamente de fabrica\u021bie de ultim\u0103 genera\u021bie. Echipa noastr\u0103 tehnic\u0103 calificat\u0103, \u00eempreun\u0103 cu sisteme profesionale de testare, ne \u00eembun\u0103t\u0103\u021besc capacit\u0103\u021bile de produc\u021bie, permi\u021b\u00e2ndu-ne s\u0103 satisfacem nevoile diverse ale clien\u021bilor no\u0219tri.<\/p>\n<p><img decoding=\"async\" src=\"https:\/\/www.hydraulic-cylinders.net\/wp-content\/uploads\/2025\/04\/songte-company-4.webp\" alt=\"Prezentare general\u0103 a companiei\"><br \/>\n<img decoding=\"async\" src=\"https:\/\/www.hydraulic-cylinders.net\/wp-content\/uploads\/2025\/04\/songte-company-3.webp\" alt=\"Unitate de produc\u021bie\"><\/p>\n<h3>Profesionalism<\/h3>\n<p>Echipa noastr\u0103 de\u021bine o vast\u0103 expertiz\u0103 \u00een sisteme hidraulice, asigur\u00e2ndu-ne c\u0103 livr\u0103m produse de \u00eenalt\u0103 calitate, adaptate cerin\u021belor specifice ale clien\u021bilor. De\u021binem certific\u0103ri interna\u021bionale, valid\u00e2nd angajamentul nostru fa\u021b\u0103 de standardele de calitate \u0219i siguran\u021b\u0103.<\/p>\n<h3>Servicii personalizate<\/h3>\n<p>Oferim solu\u021bii personalizabile pentru a satisface diverse nevoi opera\u021bionale. Fie c\u0103 este vorba de o dimensiune specific\u0103 sau de un design unic, inginerii no\u0219tri lucreaz\u0103 \u00eendeaproape cu clien\u021bii pentru a oferi cea mai bun\u0103 potrivire.<\/p>\n<h3>Echipamente de produc\u021bie<\/h3>\n<p>Fabrica noastr\u0103 de ultim\u0103 genera\u021bie este dotat\u0103 cu utilaje \u0219i unelte avansate, ceea ce ne permite s\u0103 producem eficient cilindri hidraulici de \u00eenalt\u0103 precizie.<\/p>\n<h3>Serviciu post-v\u00e2nzare<\/h3>\n<p>Prioritiz\u0103m satisfac\u021bia clien\u021bilor \u0219i oferim asisten\u021b\u0103 post-v\u00e2nzare excep\u021bional\u0103. Echipa noastr\u0103 dedicat\u0103 este \u00eentotdeauna disponibil\u0103 pentru a v\u0103 ajuta cu orice \u00eentreb\u0103ri sau probleme post-cump\u0103rare, asigur\u00e2nd o experien\u021b\u0103 f\u0103r\u0103 probleme pentru clien\u021bii no\u0219tri.<\/p>\n<p>Autor: lyl<\/p>","protected":false},"excerpt":{"rendered":"<p>Boom Cylinder For Pushhm PZ60-7B Product Overview The Boom Cylinder For Pushhm PZ60-7B is a vital component in hydraulic systems, specifically designed to control the movement of heavy machinery buckets. These cylinders enable the lifting, lowering, and tilting of buckets in equipment such as excavators, backhoe loaders, and front-end loaders, facilitating various material handling tasks. [&hellip;]<\/p>","protected":false},"featured_media":17878,"comment_status":"open","ping_status":"closed","template":"","meta":{"_et_pb_use_builder":"","_et_pb_old_content":"","_et_gb_content_width":""},"product_brand":[],"product_cat":[1546],"product_tag":[1547,1496],"class_list":{"0":"post-19540","1":"product","2":"type-product","3":"status-publish","4":"has-post-thumbnail","6":"product_cat-boom-cylinders","7":"product_tag-boom-cylinders","8":"product_tag-hydraulic-cylinders","10":"first","11":"instock","12":"shipping-taxable","13":"product-type-simple"},"amp_enabled":true,"_links":{"self":[{"href":"https:\/\/www.hydraulic-cylinders.net\/ro\/wp-json\/wp\/v2\/product\/19540","targetHints":{"allow":["GET"]}}],"collection":[{"href":"https:\/\/www.hydraulic-cylinders.net\/ro\/wp-json\/wp\/v2\/product"}],"about":[{"href":"https:\/\/www.hydraulic-cylinders.net\/ro\/wp-json\/wp\/v2\/types\/product"}],"replies":[{"embeddable":true,"href":"https:\/\/www.hydraulic-cylinders.net\/ro\/wp-json\/wp\/v2\/comments?post=19540"}],"wp:featuredmedia":[{"embeddable":true,"href":"https:\/\/www.hydraulic-cylinders.net\/ro\/wp-json\/wp\/v2\/media\/17878"}],"wp:attachment":[{"href":"https:\/\/www.hydraulic-cylinders.net\/ro\/wp-json\/wp\/v2\/media?parent=19540"}],"wp:term":[{"taxonomy":"product_brand","embeddable":true,"href":"https:\/\/www.hydraulic-cylinders.net\/ro\/wp-json\/wp\/v2\/product_brand?post=19540"},{"taxonomy":"product_cat","embeddable":true,"href":"https:\/\/www.hydraulic-cylinders.net\/ro\/wp-json\/wp\/v2\/product_cat?post=19540"},{"taxonomy":"product_tag","embeddable":true,"href":"https:\/\/www.hydraulic-cylinders.net\/ro\/wp-json\/wp\/v2\/product_tag?post=19540"}],"curies":[{"name":"wp","href":"https:\/\/api.w.org\/{rel}","templated":true}]}}