{"id":19543,"date":"2025-04-07T06:53:38","date_gmt":"2025-04-07T06:53:38","guid":{"rendered":"https:\/\/www.hydraulic-cylinders.net\/product\/boom-cylinder-for-pushhm-pz220-8\/"},"modified":"2025-04-07T06:53:46","modified_gmt":"2025-04-07T06:53:46","slug":"boom-cylinder-for-pushhm-pz220-8","status":"publish","type":"product","link":"https:\/\/www.hydraulic-cylinders.net\/ro\/produs\/boom-cylinder-for-pushhm-pz220-8\/","title":{"rendered":"Cilindru bra\u021b pentru Pushhm PZ220-8"},"content":{"rendered":"<h1>Cilindru bra\u021b pentru Pushhm PZ220-8<\/h1>\n<h2>Prezentare general\u0103 a produsului<\/h2>\n<p>Cilindrul hidraulic pentru Pushhm PZ220-8 este un cilindru hidraulic specializat, conceput pentru a controla mi\u0219carea cupelor \u00een utilaje grele, cum ar fi excavatoarele, \u00eenc\u0103rc\u0103toarele cu buldoexcavatoare \u0219i \u00eenc\u0103rc\u0103toarele frontale. Acest cilindru hidraulic permite ridicarea, cobor\u00e2rea \u0219i \u00eenclinarea cupei, esen\u021bial pentru sarcini eficiente de manipulare a materialelor.<\/p>\n<p>Ca cilindru hidraulic, func\u021bioneaz\u0103 utiliz\u00e2nd presiunea fluidului hidraulic pentru a crea o for\u021b\u0103 de \u00eempingere sau tragere, permi\u021b\u00e2nd un control precis \u00een diverse aplica\u021bii. Aceast\u0103 capacitate este crucial\u0103 \u00een construc\u021bii, agricultur\u0103 \u0219i alte industrii care se bazeaz\u0103 pe utilaje grele pentru s\u0103pare, ridicare \u0219i transportul materialelor.<\/p>\n<p><img decoding=\"async\" src=\"https:\/\/www.hydraulic-cylinders.net\/wp-content\/uploads\/2025\/04\/songte-company-1.webp\" alt=\"Cilindru bra\u021b pentru Pushhm PZ220-8\" \/><\/p>\n<h2>Caracteristicile cilindrului bra\u021bului<\/h2>\n<ul>\n<li><strong>Rezisten\u021b\u0103 \u0219i durabilitate ridicate:<\/strong> Construit din o\u021bel sau aluminiu de \u00eenalt\u0103 rezisten\u021b\u0103, cilindrul rezist\u0103 la presiuni ridicate \u0219i sarcini grele, fiind ideal pentru medii de lucru dure. Designul \u00eencorporeaz\u0103 rezisten\u021b\u0103 la uzur\u0103 \u0219i rezisten\u021b\u0103 la coroziune pentru a-i prelungi durata de via\u021b\u0103.<\/li>\n<li><strong>Func\u021bionare hidraulic\u0103 eficient\u0103:<\/strong> Cilindrul utilizeaz\u0103 presiunea fluidului hidraulic pentru o extensie \u0219i retragere lin\u0103, r\u0103spunz\u00e2nd rapid la comenzile de control \u0219i oferind for\u021be puternice de \u00eempingere \u0219i tragere, potrivite pentru gestionarea sarcinilor grele \u0219i complexe.<\/li>\n<li><strong>Diverse tipuri:<\/strong> Disponibil \u00een configura\u021bii cu ac\u021biune simpl\u0103 (func\u021bionare hidraulic\u0103 \u00eentr-o singur\u0103 direc\u021bie) sau cu ac\u021biune dubl\u0103 (func\u021bionare hidraulic\u0103 \u00een ambele direc\u021bii), permi\u021b\u00e2nd selec\u021bia \u00een func\u021bie de nevoile opera\u021bionale specifice. Unele modele sunt telescopice, permi\u021b\u00e2nd o extindere mai mare f\u0103r\u0103 a cre\u0219te dimensiunile exterioare, ideale pentru aplica\u021bii cu spa\u021biu limitat.<\/li>\n<li><strong>Tehnologie avansat\u0103 de etan\u0219are:<\/strong> Echipat cu etan\u0219\u0103ri de \u00eenalt\u0103 calitate pentru a preveni scurgerile \u0219i a asigura performan\u021be optime, sporind fiabilitatea \u0219i eficien\u021ba sistemelor hidraulice.<\/li>\n<li><strong>Fabrica\u021bie personalizat\u0103:<\/strong> Putem fabrica acest produs pentru a \u00eenlocui perfect cilindrii hidraulici existen\u021bi, asigur\u00e2nd compatibilitatea \u0219i \u00eembun\u0103t\u0103\u021birea performan\u021bei.<\/li>\n<\/ul>\n<p><img decoding=\"async\" src=\"https:\/\/www.hydraulic-cylinders.net\/wp-content\/uploads\/2025\/04\/songte-cylinder-head-with-all-kinds-excavator-models.webp\" alt=\"Modele de excavatoare\" \/><\/p>\n<h2>Aplica\u021bii ale cilindrului bra\u021bului<\/h2>\n<h3>Echipamente de construc\u021bii<\/h3>\n<p>\u00cen excavatoare, cilindrii bra\u021bului sunt vitali pentru s\u0103pare, \u00eenc\u0103rcare \u0219i mutarea solului sau a resturilor. Ace\u0219tia ajut\u0103 la ridicarea cupei pentru o excavare eficient\u0103, asigur\u00e2nd o penetrare precis\u0103 a solului \u0219i manipularea materialelor.<\/p>\n<h3>Ma\u0219ini agricole<\/h3>\n<p>\u00cen cazul \u00eenc\u0103rc\u0103toarelor frontale, cilindrii bra\u021bului sunt esen\u021biali pentru scobere, ridicare \u0219i transportul solului, f\u00e2nului \u0219i altor materiale. Func\u021bionarea lor puternic\u0103 permite fermierilor s\u0103 gestioneze rapid \u0219i eficient sarcinile agricole.<\/p>\n<h3>Excavatoare<\/h3>\n<p>Cilindrul bra\u021bului permite cupei s\u0103 p\u0103trund\u0103 \u00een sol, facilit\u00e2nd procesul de excavare. Acesta ofer\u0103 for\u021ba necesar\u0103 pentru a sparge materialele dificile din sol, contribuind la eficien\u021ba general\u0103 a excava\u021biei.<\/p>\n<h3>\u00cenc\u0103rc\u0103toare<\/h3>\n<p>\u00cen cazul \u00eenc\u0103rc\u0103toarelor frontale, ace\u0219ti cilindri ajut\u0103 la ridicarea \u0219i desc\u0103rcarea eficient\u0103 a materialelor. Ace\u0219tia asigur\u0103 gestionarea precis\u0103 a sarcinilor grele, sporind productivitatea pe \u0219antierele de construc\u021bii.<\/p>\n<h2>Considera\u021bii de proiectare \u0219i criterii de selec\u021bie<\/h2>\n<h3>Capacitate de \u00eenc\u0103rcare<\/h3>\n<p>Capacitatea de \u00eenc\u0103rcare a cilindrului bra\u021bului este crucial\u0103 pentru a asigura c\u0103 acesta poate suporta greut\u0103\u021bile a\u0219teptate f\u0103r\u0103 defec\u021biuni. Acesta trebuie proiectat pentru a suporta at\u00e2t sarcini statice, c\u00e2t \u0219i dinamice, lu\u00e2nd \u00een considerare factori precum marjele de siguran\u021b\u0103 \u0219i condi\u021biile de func\u021bionare.<\/p>\n<h3>Etan\u0219are \u0219i durabilitate<\/h3>\n<p>Etan\u0219area eficient\u0103 este esen\u021bial\u0103 pentru prevenirea scurgerilor de fluid hidraulic, asigur\u00e2nd eficien\u021ba \u0219i siguran\u021ba. Selectarea materialelor de etan\u0219are adecvate, cum ar fi poliuretanul sau cauciucul nitrilic, \u00eembun\u0103t\u0103\u021be\u0219te durabilitatea \u0219i performan\u021ba \u00een diverse medii.<\/p>\n<h3>Caracteristici de siguran\u021b\u0103<\/h3>\n<p>Considera\u021biile de siguran\u021b\u0103 \u00een proiectare includ protec\u021bia la suprasarcin\u0103 \u0219i sistemele de siguran\u021b\u0103, care previn accidentele \u0219i deteriorarea echipamentelor. Incorporarea factorilor de siguran\u021b\u0103 \u00een proiectare ajut\u0103 la asigurarea func\u021bion\u0103rii fiabile \u00een diverse condi\u021bii.<\/p>\n<h3>Accesibilitate pentru \u00eentre\u021binere<\/h3>\n<p>Proiectarea pentru o \u00eentre\u021binere u\u0219oar\u0103 este vital\u0103. Aceasta include luarea \u00een considerare a accesibilit\u0103\u021bii garniturilor \u0219i componentelor pentru inspec\u021bie \u0219i \u00eenlocuire, asigur\u00e2ndu-se c\u0103 \u00eentre\u021binerea de rutin\u0103 poate fi efectuat\u0103 f\u0103r\u0103 timpi de nefunc\u021bionare semnificativi.<\/p>\n<p><img decoding=\"async\" src=\"https:\/\/www.hydraulic-cylinders.net\/wp-content\/uploads\/2025\/04\/songte-oil-pipes-and-spare-parts.webp\" alt=\"Conducte de petrol \u0219i piese de schimb\" \/><\/p>\n<h2>Etan\u0219are \u0219i lubrifiere<\/h2>\n<p>Eficacitatea unui cilindru al bra\u021bului depinde \u00een mare m\u0103sur\u0103 de sistemele sale de etan\u0219are \u0219i lubrifiere. Diverse etan\u0219\u0103ri, cum ar fi etan\u0219\u0103rile pistonului \u0219i etan\u0219\u0103rile tijei, sunt utilizate pentru a men\u021bine presiunea hidraulic\u0103 \u0219i a preveni scurgerile. Etan\u0219\u0103rile fabricate din materiale rezistente la uzur\u0103, cum ar fi poliuretanul \u0219i cauciucul nitrilic, asigur\u0103 longevitate \u0219i fiabilitate.<\/p>\n<p>Corpul cilindrului \u0219i capetele filetate sunt supuse unui finisaj de precizie pentru a spori rezisten\u021ba la uzur\u0103. Lubrifierea regulat\u0103 cu ulei hidraulic este esen\u021bial\u0103 pentru o func\u021bionare optim\u0103, reduc\u00e2nd frecarea \u0219i prevenind uzura dintre piesele mobile. Trebuie respectate intervale adecvate de lubrifiere pentru a asigura buna func\u021bionare a sistemului hidraulic.<\/p>\n<h2>M\u0103suri de \u00eentre\u021binere preventiv\u0103<\/h2>\n<ul>\n<li><strong>Inspec\u021bii regulate:<\/strong> Verific\u0103rile de rutin\u0103 pentru uzur\u0103, niveluri de fluide \u0219i integritate a etan\u0219\u0103rilor sunt cruciale. Identificarea problemelor din timp poate preveni probleme mai mari pe viitor.<\/li>\n<li><strong>Protocoale de lubrifiere:<\/strong> Implementarea unui program adecvat de lubrifiere asigur\u0103 lubrifierea adecvat\u0103 a tuturor pieselor mobile, reduc\u00e2nd frecarea \u0219i prelungind durata de via\u021b\u0103 a cilindrului.<\/li>\n<li><strong>\u00cenlocuirea garniturii:<\/strong> \u00cenlocuirea regulat\u0103 a garniturilor ajut\u0103 la men\u021binerea presiunii hidraulice \u0219i previne scurgerile. Men\u021binerea unui stoc de garnituri de schimb poate facilita repara\u021biile la timp.<\/li>\n<\/ul>\n<h2>Instruc\u021biuni de instalare<\/h2>\n<p>Instalarea corect\u0103 a cilindrului bra\u021bului este esen\u021bial\u0103 pentru asigurarea longevit\u0103\u021bii \u0219i func\u021bionalit\u0103\u021bii acestuia. \u00cencepe\u021bi cu un spa\u021biu de lucru curat \u0219i aduna\u021bi toate uneltele \u0219i componentele necesare. Alinia\u021bi corect cilindrul cu punctele de montare de pe utilaj, asigur\u00e2ndu-v\u0103 c\u0103 toate accesoriile sunt compatibile.<\/p>\n<p>Folosi\u021bi console de montare adecvate pentru a fixa cilindrul \u00een pozi\u021bie, prevenind orice nealiniere \u00een timpul func\u021bion\u0103rii. Verifica\u021bi dac\u0103 liniile hidraulice sunt conectate corect, f\u0103r\u0103 \u00eendoiri sau r\u0103suciri. Dup\u0103 instalare, efectua\u021bi un test de presiune pentru a verifica dac\u0103 nu exist\u0103 scurgeri \u0219i dac\u0103 cilindrul func\u021bioneaz\u0103 conform destina\u021biei. Monitoriza\u021bi periodic instala\u021bia pentru orice semne de uzur\u0103 sau nealiniere.<\/p>\n<h2>Sarcini comune de \u00eentre\u021binere<\/h2>\n<h3>Inspec\u021bii regulate<\/h3>\n<p>Efectuarea inspec\u021biilor regulate este vital\u0103 pentru identificarea poten\u021bialelor probleme \u00eenainte ca acestea s\u0103 escaladeze. Verifica\u021bi dac\u0103 exist\u0103 semne de uzur\u0103 la garnituri \u0219i componente \u0219i monitoriza\u021bi nivelurile fluidului hidraulic. Aceast\u0103 abordare proactiv\u0103 ajut\u0103 la men\u021binerea integrit\u0103\u021bii generale a sistemului.<\/p>\n<h3>Lubrifiere adecvat\u0103<\/h3>\n<p>Asigura\u021bi-v\u0103 c\u0103 toate piesele mobile sunt lubrifiate conform instruc\u021biunilor produc\u0103torului. Lubrifierea adecvat\u0103 reduce frecarea, previne coroziunea \u0219i \u00eembun\u0103t\u0103\u021be\u0219te performan\u021ba \u0219i durata de via\u021b\u0103 a sistemului hidraulic.<\/p>\n<h3>\u00cenlocuirea garniturii \u0219i verific\u0103ri ale calibr\u0103rii<\/h3>\n<p>\u00cenlocui\u021bi periodic garniturile uzate pentru a men\u021bine presiunea \u0219i performan\u021ba hidraulic\u0103. \u00cen plus, verific\u0103rile de calibrare asigur\u0103 c\u0103 cilindrul func\u021bioneaz\u0103 \u00een parametrii specifica\u021bi, prevenind problemele opera\u021bionale \u0219i sporind siguran\u021ba.<\/p>\n<p><img decoding=\"async\" src=\"https:\/\/www.hydraulic-cylinders.net\/wp-content\/uploads\/2025\/04\/songte-chushion-collar.webp\" alt=\"Guler de pern\u0103\" \/><\/p>\n<h2>Considera\u021bii de siguran\u021b\u0103 \u0219i factori de mediu<\/h2>\n<p>Implementarea m\u0103surilor de siguran\u021b\u0103 \u00een timpul func\u021bion\u0103rii cilindrilor hidraulici este crucial\u0103. Operatorii trebuie s\u0103 fie instrui\u021bi s\u0103 recunoasc\u0103 pericolele poten\u021biale \u0219i s\u0103 respecte protocoalele de siguran\u021b\u0103 pentru a preveni accidentele. \u00centre\u021binerea \u0219i inspec\u021bia regulat\u0103 sunt esen\u021biale pentru identificarea oric\u0103ror probleme care ar putea compromite siguran\u021ba.<\/p>\n<h2>Depanare \u0219i probleme frecvente<\/h2>\n<ul>\n<li><strong>Scurgere de fluide:<\/strong> Verifica\u021bi garniturile pentru uzur\u0103 sau deteriorare. \u00cenlocui\u021bi orice garnituri defecte pentru a preveni pierderea de fluid hidraulic, care ar putea duce la defectarea sistemului.<\/li>\n<li><strong>Func\u021bionare lent\u0103:<\/strong> Verifica\u021bi nivelurile fluidului hidraulic \u0219i verifica\u021bi dac\u0103 exist\u0103 blocaje \u00een furtunuri sau fitinguri. Asigura\u021bi-v\u0103 c\u0103 pompa hidraulic\u0103 func\u021bioneaz\u0103 corect.<\/li>\n<li><strong>Cilindru nereactiv:<\/strong> Verifica\u021bi dac\u0103 nu exist\u0103 bule de aer \u00een sistemul hidraulic \u0219i dac\u0103 toate conexiunile sunt fixate.<\/li>\n<\/ul>\n<h2>Diagnosticarea \u0219i solu\u021biile defec\u021biunilor<\/h2>\n<p>Identificarea prompt\u0103 a problemelor poate reduce la minimum timpul de nefunc\u021bionare \u0219i costurile de repara\u021bii. Monitorizarea regulat\u0103 \u0219i o \u00een\u021belegere aprofundat\u0103 a sistemului hidraulic vor ajuta la diagnosticarea eficient\u0103 a problemelor. Implementarea unor m\u0103suri preventive, cum ar fi inspec\u021biile de rutin\u0103 \u0219i \u00eentre\u021binerea la timp, ajut\u0103 la reducerea riscului de defec\u021biuni.<\/p>\n<p><img decoding=\"async\" src=\"https:\/\/www.hydraulic-cylinders.net\/wp-content\/uploads\/2025\/04\/songte-bushings-with-all-kinds-of-excavator-models.webp\" alt=\"Buc\u0219e cu modele de excavatoare\" \/><\/p>\n<h2>Prezentare general\u0103 a companiei<\/h2>\n<p>Suntem un produc\u0103tor \u0219i distribuitor angro de top de cilindri hidraulici, oferind o gam\u0103 complet\u0103 de produse pentru a satisface at\u00e2t nevoile pie\u021bei interne, c\u00e2t \u0219i cele interna\u021bionale. Angajamentul nostru fa\u021b\u0103 de excelen\u021ba \u00een materie de calitate este sus\u021binut de strategii avansate de fabrica\u021bie, utiliz\u00e2nd echipamente de precizie \u0219i personal tehnic calificat. Ne \u00eembun\u0103t\u0103\u021bim continuu capacit\u0103\u021bile de produc\u021bie pentru a satisface diversele cerin\u021be ale clien\u021bilor cu eficien\u021b\u0103 \u0219i precizie ridicate.<\/p>\n<p>Compania noastr\u0103 ofer\u0103 servicii personalizate, adaptate nevoilor specifice ale clien\u021bilor, asigur\u00e2ndu-se c\u0103 toate produsele \u00eendeplinesc standarde interna\u021bionale stricte. Ne m\u00e2ndrim cu asisten\u021ba robust\u0103 post-v\u00e2nzare, oferind servicii de asisten\u021b\u0103 \u0219i \u00eentre\u021binere pentru a asigura longevitatea produselor noastre.<\/p>\n<p><img decoding=\"async\" src=\"https:\/\/www.hydraulic-cylinders.net\/wp-content\/uploads\/2025\/04\/songte-company-4.webp\" alt=\"Prezentare general\u0103 a companiei\" \/><br \/>\n<img decoding=\"async\" src=\"https:\/\/www.hydraulic-cylinders.net\/wp-content\/uploads\/2025\/04\/songte-company-3.webp\" alt=\"Companie de produc\u021bie\" \/><\/p>\n<p>Autor: lyl<\/p>","protected":false},"excerpt":{"rendered":"<p>Boom Cylinder For Pushhm PZ220-8 Product Overview The Boom Cylinder for Pushhm PZ220-8 is a specialized hydraulic cylinder designed to control the movement of buckets in heavy machinery such as excavators, backhoe loaders, and front-end loaders. This hydraulic cylinder enables the bucket to lift, lower, and tilt, essential for efficient material handling tasks. As a [&hellip;]<\/p>","protected":false},"featured_media":17881,"comment_status":"open","ping_status":"closed","template":"","meta":{"_et_pb_use_builder":"","_et_pb_old_content":"","_et_gb_content_width":""},"product_brand":[],"product_cat":[1546],"product_tag":[1547,1496],"class_list":{"0":"post-19543","1":"product","2":"type-product","3":"status-publish","4":"has-post-thumbnail","6":"product_cat-boom-cylinders","7":"product_tag-boom-cylinders","8":"product_tag-hydraulic-cylinders","10":"first","11":"instock","12":"shipping-taxable","13":"product-type-simple"},"amp_enabled":true,"_links":{"self":[{"href":"https:\/\/www.hydraulic-cylinders.net\/ro\/wp-json\/wp\/v2\/product\/19543","targetHints":{"allow":["GET"]}}],"collection":[{"href":"https:\/\/www.hydraulic-cylinders.net\/ro\/wp-json\/wp\/v2\/product"}],"about":[{"href":"https:\/\/www.hydraulic-cylinders.net\/ro\/wp-json\/wp\/v2\/types\/product"}],"replies":[{"embeddable":true,"href":"https:\/\/www.hydraulic-cylinders.net\/ro\/wp-json\/wp\/v2\/comments?post=19543"}],"wp:featuredmedia":[{"embeddable":true,"href":"https:\/\/www.hydraulic-cylinders.net\/ro\/wp-json\/wp\/v2\/media\/17881"}],"wp:attachment":[{"href":"https:\/\/www.hydraulic-cylinders.net\/ro\/wp-json\/wp\/v2\/media?parent=19543"}],"wp:term":[{"taxonomy":"product_brand","embeddable":true,"href":"https:\/\/www.hydraulic-cylinders.net\/ro\/wp-json\/wp\/v2\/product_brand?post=19543"},{"taxonomy":"product_cat","embeddable":true,"href":"https:\/\/www.hydraulic-cylinders.net\/ro\/wp-json\/wp\/v2\/product_cat?post=19543"},{"taxonomy":"product_tag","embeddable":true,"href":"https:\/\/www.hydraulic-cylinders.net\/ro\/wp-json\/wp\/v2\/product_tag?post=19543"}],"curies":[{"name":"wp","href":"https:\/\/api.w.org\/{rel}","templated":true}]}}