{"id":19548,"date":"2025-04-07T06:53:57","date_gmt":"2025-04-07T06:53:57","guid":{"rendered":"https:\/\/www.hydraulic-cylinders.net\/product\/boom-cylinder-for-nante-nt20\/"},"modified":"2025-04-07T06:54:00","modified_gmt":"2025-04-07T06:54:00","slug":"boom-cylinder-for-nante-nt20","status":"publish","type":"product","link":"https:\/\/www.hydraulic-cylinders.net\/ro\/produs\/boom-cylinder-for-nante-nt20\/","title":{"rendered":"Cilindru de bra\u021b pentru Nante NT20"},"content":{"rendered":"<h1>Cilindru de bra\u021b pentru Nante NT20<\/h1>\n<h2>Introducere \u00een cilindrul bra\u021bului<\/h2>\n<p>Cilindrul bra\u021bului, conceput special pentru Nante NT20, este o component\u0103 critic\u0103 \u00een sistemele hidraulice. Acest cilindru hidraulic este specializat pentru controlul mi\u0219c\u0103rii cupelor \u00een diverse utilaje grele, inclusiv excavatoare, \u00eenc\u0103rc\u0103toare portabile \u0219i \u00eenc\u0103rc\u0103toare frontale. Acesta permite ridicarea, cobor\u00e2rea \u0219i \u00eenclinarea cupei, facilit\u00e2nd eficient sarcinile de manipulare a materialelor. Cilindrul cupei este un actuator hidraulic care transform\u0103 energia hidraulic\u0103 \u00een mi\u0219care mecanic\u0103, esen\u021bial\u0103 pentru efectuarea mai multor opera\u021biuni \u00een aplica\u021bii grele.<\/p>\n<p><img decoding=\"async\" src=\"https:\/\/www.hydraulic-cylinders.net\/wp-content\/uploads\/2025\/04\/songte-company-1.webp\" alt=\"Cilindru de bra\u021b\"><\/p>\n<h2>Caracteristicile cilindrului bra\u021bului<\/h2>\n<ul>\n<li><strong>Rezisten\u021b\u0103 \u0219i durabilitate ridicate:<\/strong> De obicei fabricate din o\u021bel sau aluminiu de \u00eenalt\u0103 rezisten\u021b\u0103, aceste cilindri pot rezista la presiuni ridicate \u0219i sarcini grele, ceea ce le face potrivite pentru medii de lucru dure. Designul ia \u00een considerare \u0219i rezisten\u021ba la uzur\u0103 \u0219i la coroziune, prelungindu-le semnificativ durata de via\u021b\u0103.<\/li>\n<li><strong>Func\u021bionare hidraulic\u0103 eficient\u0103:<\/strong> Utiliz\u00e2nd presiunea uleiului hidraulic, cilindrul asigur\u0103 o extensie \u0219i o retragere lin\u0103, permi\u021b\u00e2nd r\u0103spunsuri rapide la comenzile de control \u0219i furniz\u00e2nd for\u021be puternice de \u00eempingere \u0219i tragere. Acest lucru este ideal pentru manipularea materialelor grele \u0219i a sarcinilor opera\u021bionale complexe.<\/li>\n<li><strong>Diverse tipuri:<\/strong> Disponibile \u00een configura\u021bii cu ac\u021biune simpl\u0103 (func\u021bioneaz\u0103 \u00eentr-o singur\u0103 direc\u021bie) sau cu ac\u021biune dubl\u0103 (func\u021bioneaz\u0103 \u00een ambele direc\u021bii), permi\u021b\u00e2nd personalizarea \u00een func\u021bie de nevoile opera\u021bionale. Unele modele sunt dotate cu design telescopic, permi\u021b\u00e2nd o extindere mai mare f\u0103r\u0103 a cre\u0219te dimensiunile externe, perfecte pentru aplica\u021bii cu spa\u021biu limitat.<\/li>\n<li><strong>Inginerie de precizie:<\/strong> Fabricat cu \u00eenalt\u0103 precizie pentru a asigura func\u021bionarea eficient\u0103 \u0219i longevitatea, designul \u00eencorporeaz\u0103 tehnici avansate de inginerie pentru performan\u021b\u0103 optim\u0103.<\/li>\n<li><strong>Op\u021biuni personalizabile:<\/strong> Putem produce acest produs adaptat cerin\u021belor dumneavoastr\u0103 specifice, oferind \u00eenlocuiri perfecte pentru diver\u0219i cilindri hidraulici.<\/li>\n<\/ul>\n<p><img decoding=\"async\" src=\"https:\/\/www.hydraulic-cylinders.net\/wp-content\/uploads\/2025\/04\/songte-cylinder-head-with-all-kinds-excavator-models.webp\" alt=\"Tipuri de cilindri hidraulici\"><\/p>\n<h2>Aplica\u021bii ale cilindrului bra\u021bului<\/h2>\n<h3>Echipamente de construc\u021bii<\/h3>\n<p>\u00cen excavatoare, cilindrii bra\u021bului sunt vitali pentru s\u0103pare, \u00eenc\u0103rcare \u0219i mutarea p\u0103m\u00e2ntului sau a resturilor. Ace\u0219tia permit cupei s\u0103 p\u0103trund\u0103 eficient \u00een sol, ceea ce este crucial pentru sarcinile de excavare. \u00cen cazul \u00eenc\u0103rc\u0103toarelor excavatoare, cilindrul bra\u021bului ajut\u0103 at\u00e2t la s\u0103pare, c\u00e2t \u0219i la ridicare, ceea ce \u00eel face un instrument multifunc\u021bional \u00een construc\u021bii.<\/p>\n<h3>Ma\u0219ini agricole<\/h3>\n<p>\u00cenc\u0103rc\u0103toarele frontale utilizeaz\u0103 cilindri ai bra\u021bului pentru a transporta, transporta \u0219i transporta sol, f\u00e2n \u0219i alte materiale. Versatilitatea lor le face esen\u021biale pentru o gam\u0103 larg\u0103 de aplica\u021bii agricole, ajut\u00e2nd fermierii s\u0103 \u00ee\u0219i gestioneze eficient sarcinile.<\/p>\n<h3>Excavatoare<\/h3>\n<p>La excavatoare, cilindrul cupei faciliteaz\u0103 ac\u021biunea de s\u0103pare permi\u021b\u00e2nd cupei s\u0103 p\u0103trund\u0103 \u00een sol. Aceast\u0103 capacitate este esen\u021bial\u0103 pentru diverse proiecte, inclusiv cur\u0103\u021barea terenului, nivelarea \u0219i s\u0103parea de \u0219an\u021buri, ceea ce face ca cilindrul bra\u021bului s\u0103 fie o parte indispensabil\u0103 a func\u021bion\u0103rii excavatorului.<\/p>\n<h3>\u00cenc\u0103rc\u0103toare<\/h3>\n<p>La \u00eenc\u0103rc\u0103toarele frontale, cilindrii bra\u021bului contribuie la ridicarea \u0219i desc\u0103rcarea eficient\u0103 a materialelor. Ace\u0219tia ofer\u0103 for\u021ba necesar\u0103 pentru a ridica sarcini grele, ceea ce este esen\u021bial pentru construc\u021bii, amenaj\u0103ri peisagistice \u0219i alte sarcini grele.<\/p>\n<h2>Considera\u021bii de proiectare \u0219i criterii de selec\u021bie<\/h2>\n<h3>Capacitate de \u00eenc\u0103rcare<\/h3>\n<p>Atunci c\u00e2nd se selecteaz\u0103 un cilindru pentru bra\u021b, unul dintre cei mai importan\u021bi factori este capacitatea sa de \u00eenc\u0103rcare. Cilindrul trebuie s\u0103 poat\u0103 suporta greutatea maxim\u0103 pe care o va \u00eent\u00e2lni \u00een timpul func\u021bion\u0103rii. Aceasta implic\u0103 \u00een\u021belegerea mediului de lucru, a tipului de utilaj la care va fi ata\u0219at \u0219i a sarcinilor specifice pe care le va \u00eendeplini. Nealegerea unui cilindru cu capacitatea de \u00eenc\u0103rcare adecvat\u0103 poate duce la defec\u021biuni mecanice \u0219i situa\u021bii poten\u021bial periculoase. Calculele inginere\u0219ti \u0219i testarea adecvate sunt esen\u021biale pentru a se asigura c\u0103 cilindrul \u00eendepline\u0219te toate cerin\u021bele opera\u021bionale, sporind siguran\u021ba \u0219i performan\u021ba.<\/p>\n<h3>Mecanisme de etan\u0219are<\/h3>\n<p>Etan\u0219area eficient\u0103 este esen\u021bial\u0103 pentru men\u021binerea integrit\u0103\u021bii sistemelor hidraulice. Alegerea garniturilor - inclusiv garniturile pistonului, garniturile tijei \u0219i altele - determin\u0103 capacitatea cilindrului de a preveni scurgerile de fluid hidraulic. Garniturile de \u00eenalt\u0103 calitate, fabricate din materiale durabile, cum ar fi poliuretanul sau cauciucul nitrilic, sunt esen\u021biale pentru a asigura longevitatea \u0219i performan\u021ba. \u00cen plus, finisajul suprafe\u021bei corpului cilindrului \u0219i al capetelor filetate trebuie s\u0103 fie meticulos realizate pentru a \u00eembun\u0103t\u0103\u021bi rezisten\u021ba la uzur\u0103 \u0219i a reduce riscul de scurgeri. \u00centre\u021binerea \u0219i inspec\u021bia regulat\u0103 a acestor garnituri sunt cruciale pentru a asigura func\u021bionarea eficient\u0103 a sistemului hidraulic.<\/p>\n<h3>Durabilitate \u0219i \u00eentre\u021binere<\/h3>\n<p>Durabilitatea este un aspect cheie atunci c\u00e2nd alege\u021bi un cilindru pentru bra\u021b. Mediul de operare poate fi dur, cu expunere la praf, umiditate \u0219i temperaturi extreme. Prin urmare, selectarea materialelor care pot rezista la aceste condi\u021bii este esen\u021bial\u0103. Rutinele regulate de \u00eentre\u021binere, inclusiv inspec\u021biile \u0219i \u00eenlocuirea la timp a componentelor uzate, joac\u0103 un rol semnificativ \u00een prelungirea duratei de via\u021b\u0103 a cilindrului. Asigurarea respect\u0103rii programelor de \u00eentre\u021binere va preveni defec\u021biunile nea\u0219teptate \u0219i timpii de nefunc\u021bionare costisitori, contribuind \u00een cele din urm\u0103 la eficien\u021ba utilajelor pe care le sus\u021bine.<\/p>\n<p><img decoding=\"async\" src=\"https:\/\/www.hydraulic-cylinders.net\/wp-content\/uploads\/2025\/04\/songte-oil-pipes-and-spare-parts.webp\" alt=\"Piese cilindru hidraulic\"><\/p>\n<h2>Etan\u0219are \u0219i lubrifiere<\/h2>\n<p>Etan\u0219area \u0219i lubrifierea cilindrilor bra\u021bului sunt esen\u021biale pentru performan\u021ba \u0219i longevitatea acestora. Diverse etan\u0219\u0103ri, cum ar fi etan\u0219\u0103rile pistonului \u0219i etan\u0219\u0103rile tijei, sunt concepute pentru a men\u021bine integritatea sistemului hidraulic. Este esen\u021bial s\u0103 se selecteze etan\u0219\u0103ri fabricate din materiale rezistente la uzur\u0103, cum ar fi poliuretanul \u0219i cauciucul nitrilic, pentru a spori durabilitatea. \u00cen plus, corpul cilindrului \u0219i capetele filetate ar trebui s\u0103 fie supuse unor prelucr\u0103ri fine pentru a \u00eembun\u0103t\u0103\u021bi rezisten\u021ba la uzur\u0103, asigur\u00e2ndu-se c\u0103 etan\u0219\u0103rile func\u021bioneaz\u0103 eficient \u00een timp. Lubrifierea regulat\u0103 cu ulei hidraulic adecvat este necesar\u0103 pentru a minimiza frecarea, a reduce uzura \u0219i a preveni deteriorarea. Practicile de lubrifiere ar trebui s\u0103 includ\u0103 monitorizarea nivelului de ulei \u0219i \u00eenlocuirea uleiului la intervalele recomandate pentru a asigura o performan\u021b\u0103 optim\u0103.<\/p>\n<h2>Inspec\u021bii regulate \u0219i \u00eentre\u021binere preventiv\u0103<\/h2>\n<ul>\n<li><strong>Inspec\u021bii programate:<\/strong> Inspec\u021biile de rutin\u0103 ale cilindrilor hidraulici ar trebui efectuate pentru a identifica orice semne de uzur\u0103, scurgeri sau deteriorare. Verific\u0103rile regulate pot ajuta la detectarea poten\u021bialelor probleme \u00eenainte ca acestea s\u0103 duc\u0103 la defec\u021biuni semnificative.<\/li>\n<li><strong>Practici de lubrifiere:<\/strong> Este important s\u0103 se men\u021bin\u0103 nivelurile de lubrifiere adecvate, a\u0219a cum sunt specificate de produc\u0103tor. Lubrifierea adecvat\u0103 reduce frecarea \u0219i prelunge\u0219te durata de via\u021b\u0103 a cilindrului.<\/li>\n<li><strong>\u00cenlocuirea garniturii:<\/strong> Garniturile trebuie inspectate periodic pentru a depista semne de uzur\u0103 \u0219i \u00eenlocuite dup\u0103 cum este necesar. Acest lucru este esen\u021bial pentru men\u021binerea integrit\u0103\u021bii hidraulice \u0219i asigurarea func\u021bion\u0103rii eficiente.<\/li>\n<\/ul>\n<h2>Instruc\u021biuni de instalare<\/h2>\n<p>Instalarea corect\u0103 a cilindrilor bra\u021bului este esen\u021bial\u0103 pentru a asigura performan\u021be \u0219i siguran\u021b\u0103 optime. \u00cencepe\u021bi prin a v\u0103 asigura c\u0103 suprafe\u021bele de montare sunt curate \u0219i f\u0103r\u0103 resturi. Alinia\u021bi corect cilindrul cu utilajul pentru a evita problemele de nealiniere, care pot cauza uzur\u0103 excesiv\u0103. Utiliza\u021bi console de montare adecvate pentru a fixa cilindrul \u00een pozi\u021bie, asigur\u00e2ndu-v\u0103 c\u0103 este fixat ferm, f\u0103r\u0103 for\u021b\u0103 excesiv\u0103. Urma\u021bi instruc\u021biunile produc\u0103torului privind specifica\u021biile de cuplu atunci c\u00e2nd str\u00e2nge\u021bi \u0219uruburile. Dup\u0103 instalare, efectua\u021bi o inspec\u021bie am\u0103nun\u021bit\u0103 pentru a v\u0103 asigura c\u0103 totul este pozi\u021bionat \u0219i func\u021bioneaz\u0103 corect. Testarea sistemului \u00een condi\u021bii controlate poate ajuta la identificarea timpurie a oric\u0103ror probleme poten\u021biale.<\/p>\n<h2>Sarcini de \u00eentre\u021binere<\/h2>\n<h3>Inspec\u021bii regulate<\/h3>\n<p>Efectuarea inspec\u021biilor regulate este vital\u0103 pentru detectarea timpurie a problemelor. C\u0103uta\u021bi orice scurgeri, zgomote neobi\u0219nuite sau semne de uzur\u0103. Aceste inspec\u021bii ar trebui s\u0103 fie sistematice \u0219i documentate pentru a urm\u0103ri starea cilindrului \u00een timp.<\/p>\n<h3>Lubrifiere adecvat\u0103<\/h3>\n<p>Asigura\u021bi-v\u0103 c\u0103 cilindrul este lubrifiat corespunz\u0103tor, conform specifica\u021biilor produc\u0103torului. Aceasta include utilizarea tipului corect de ulei hidraulic \u0219i aplicarea acestuia la intervale de timp stabilite pentru a men\u021bine func\u021bionarea corect\u0103 a etan\u0219\u0103rilor \u0219i a pieselor mobile.<\/p>\n<h3>\u00cenlocuirea garniturii \u0219i verific\u0103ri ale calibr\u0103rii<\/h3>\n<p>Verifica\u021bi periodic garniturile pentru uzur\u0103 \u0219i \u00eenlocui\u021bi-le dup\u0103 cum este necesar. De asemenea, verific\u0103rile de calibrare ar trebui efectuate periodic pentru a v\u0103 asigura c\u0103 cilindrul func\u021bioneaz\u0103 \u00een limitele specifica\u021biilor proiectate. Acest lucru este crucial pentru men\u021binerea performan\u021bei \u0219i prevenirea defec\u021biunilor.<\/p>\n<p><img decoding=\"async\" src=\"https:\/\/www.hydraulic-cylinders.net\/wp-content\/uploads\/2025\/04\/songte-chushion-collar.webp\" alt=\"Instalarea cilindrului\"><\/p>\n<h2>Considera\u021bii de siguran\u021b\u0103 \u0219i factori de mediu<\/h2>\n<p>Atunci c\u00e2nd se utilizeaz\u0103 cilindri ai bra\u021bului, este esen\u021bial s\u0103 se acorde prioritate m\u0103surilor de siguran\u021b\u0103. Aceasta include \u00een\u021belegerea riscurilor poten\u021biale asociate sistemelor hidraulice \u0219i implementarea strategiilor de atenuare a acestora. Asigura\u021bi-v\u0103 c\u0103 operatorii sunt instrui\u021bi s\u0103 recunoasc\u0103 pericolele, s\u0103 utilizeze echipamentul de protec\u021bie adecvat \u0219i s\u0103 respecte protocoalele de siguran\u021b\u0103 stabilite. \u00cen plus, trebuie luate \u00een considerare considera\u021biile de mediu, cum ar fi eliminarea corect\u0103 a fluidelor hidraulice \u0219i minimizarea scurgerilor pentru a proteja ecosistemele \u00eenconjur\u0103toare. Accentuarea siguran\u021bei \u0219i a responsabilit\u0103\u021bii fa\u021b\u0103 de mediu poate avea un impact semnificativ asupra eficien\u021bei \u0219i sustenabilit\u0103\u021bii generale a opera\u021biunilor hidraulice.<\/p>\n<h2>Depanare \u0219i probleme frecvente<\/h2>\n<ul>\n<li><strong>Scurgere:<\/strong> Dac\u0103 exist\u0103 o scurgere vizibil\u0103, aceasta poate indica garnituri uzate sau componente deteriorate. Inspec\u021bia \u0219i \u00eenlocuirea garniturilor pot fi necesare pentru a rezolva aceast\u0103 problem\u0103.<\/li>\n<li><strong>Func\u021bionare lent\u0103:<\/strong> Dac\u0103 cilindrul func\u021bioneaz\u0103 lent, acest lucru se poate datora nivelurilor sc\u0103zute de lichid hidraulic sau aerului prins \u00een sistem. Verifica\u021bi nivelurile de lichid \u0219i aerisi\u021bi sistemul pentru a asigura o func\u021bionare eficient\u0103.<\/li>\n<li><strong>Zgomote neobi\u0219nuite:<\/strong> Zgomotele neobi\u0219nuite \u00een timpul func\u021bion\u0103rii pot semnala o defec\u021biune mecanic\u0103 sau o lubrifiere insuficient\u0103. Inspecta\u021bi cilindrul pentru a depista eventualele deterior\u0103ri \u0219i asigura\u021bi-v\u0103 c\u0103 lubrifierea este adecvat\u0103.<\/li>\n<\/ul>\n<h2>Sfaturi pentru rezolvarea problemelor<\/h2>\n<p>Atunci c\u00e2nd diagnostica\u021bi problemele legate de cilindrii bra\u021bului, este important s\u0103 aborda\u021bi problema cu o metod\u0103 sistematic\u0103. \u00cencepe\u021bi prin a verifica nivelurile de fluid \u0219i a v\u0103 asigura c\u0103 sistemul nu con\u021bine aer. Practicile regulate de \u00eentre\u021binere, cum ar fi \u00eenlocuirea la timp a garniturilor \u0219i lubrifierea, pot ajuta la prevenirea multor probleme comune. P\u0103strarea unui jurnal detaliat de \u00eentre\u021binere poate ajuta, de asemenea, la identificarea tiparelor sau a problemelor recurente, permi\u021b\u00e2nd luarea unor m\u0103suri preventive mai eficiente.<\/p>\n<p><img decoding=\"async\" src=\"https:\/\/www.hydraulic-cylinders.net\/wp-content\/uploads\/2025\/04\/songte-bushings-with-all-kinds-of-excavator-models.webp\" alt=\"Depanarea cilindrului bra\u021bului\"><\/p>\n<h2>Prezentare general\u0103 a companiei<\/h2>\n<p>Suntem un produc\u0103tor \u0219i distribuitor angro de top de cilindri hidraulici de schimb, deservind at\u00e2t pie\u021bele interne, c\u00e2t \u0219i cele interna\u021bionale. Gama noastr\u0103 extins\u0103 de produse ne-a consacrat ca unul dintre cei mai importan\u021bi produc\u0103tori din industrie. Ne concentr\u0103m pe excelen\u021ba \u00een calitate, utiliz\u00e2nd un atelier de fabrica\u021bie rafinat, cu o strategie de management al produc\u021biei industriale. Compania noastr\u0103 \u00ee\u0219i \u00eembun\u0103t\u0103\u021be\u0219te continuu platforma de fabrica\u021bie prin integrarea talentelor tehnice, a echipamentelor digitale avansate de fabrica\u021bie \u0219i a sistemelor profesionale de testare. Acest angajament ne-a determinat s\u0103 construim capacit\u0103\u021bi creative puternice, asigur\u00e2ndu-ne c\u0103 satisfacem nevoile diverse ale clien\u021bilor cu eficien\u021b\u0103, precizie \u0219i calitate ridicate.<\/p>\n<p><img decoding=\"async\" src=\"https:\/\/www.hydraulic-cylinders.net\/wp-content\/uploads\/2025\/04\/songte-company-4.webp\" alt=\"Companie de produc\u021bie\"><br \/>\n<img decoding=\"async\" src=\"https:\/\/www.hydraulic-cylinders.net\/wp-content\/uploads\/2025\/04\/songte-company-3.webp\" alt=\"Facilitatea de produc\u021bie a companiei\"><\/p>\n<h2>Concluzie<\/h2>\n<p>\u00cen concluzie, cilindrul hidraulic pentru Nante NT20 este o component\u0103 vital\u0103 \u00een diverse aplica\u021bii hidraulice, oferind performan\u021be robuste \u0219i eficiente. \u00cen\u021belegerea caracteristicilor, aplica\u021biilor \u0219i cerin\u021belor de \u00eentre\u021binere asigur\u0103 o func\u021bionare optim\u0103 \u0219i o longevitate sporit\u0103. Compania noastr\u0103 este preg\u0103tit\u0103 s\u0103 ofere solu\u021bii hidraulice de \u00eenalt\u0103 calitate pentru a satisface nevoile dumneavoastr\u0103 specifice.<\/p>\n<p>Autor: lyl<\/p>","protected":false},"excerpt":{"rendered":"<p>Boom Cylinder For Nante NT20 Introduction to Boom Cylinder The Boom Cylinder, specifically designed for the Nante NT20, is a critical component in hydraulic systems. This hydraulic cylinder is specialized for controlling the movement of buckets in various heavy machinery, including excavators, backhoe loaders, and front-end loaders. It enables the bucket to lift, lower, and [&hellip;]<\/p>","protected":false},"featured_media":17871,"comment_status":"open","ping_status":"closed","template":"","meta":{"_et_pb_use_builder":"","_et_pb_old_content":"","_et_gb_content_width":""},"product_brand":[],"product_cat":[1546],"product_tag":[1547,1496],"class_list":{"0":"post-19548","1":"product","2":"type-product","3":"status-publish","4":"has-post-thumbnail","6":"product_cat-boom-cylinders","7":"product_tag-boom-cylinders","8":"product_tag-hydraulic-cylinders","10":"first","11":"instock","12":"shipping-taxable","13":"product-type-simple"},"amp_enabled":true,"_links":{"self":[{"href":"https:\/\/www.hydraulic-cylinders.net\/ro\/wp-json\/wp\/v2\/product\/19548","targetHints":{"allow":["GET"]}}],"collection":[{"href":"https:\/\/www.hydraulic-cylinders.net\/ro\/wp-json\/wp\/v2\/product"}],"about":[{"href":"https:\/\/www.hydraulic-cylinders.net\/ro\/wp-json\/wp\/v2\/types\/product"}],"replies":[{"embeddable":true,"href":"https:\/\/www.hydraulic-cylinders.net\/ro\/wp-json\/wp\/v2\/comments?post=19548"}],"wp:featuredmedia":[{"embeddable":true,"href":"https:\/\/www.hydraulic-cylinders.net\/ro\/wp-json\/wp\/v2\/media\/17871"}],"wp:attachment":[{"href":"https:\/\/www.hydraulic-cylinders.net\/ro\/wp-json\/wp\/v2\/media?parent=19548"}],"wp:term":[{"taxonomy":"product_brand","embeddable":true,"href":"https:\/\/www.hydraulic-cylinders.net\/ro\/wp-json\/wp\/v2\/product_brand?post=19548"},{"taxonomy":"product_cat","embeddable":true,"href":"https:\/\/www.hydraulic-cylinders.net\/ro\/wp-json\/wp\/v2\/product_cat?post=19548"},{"taxonomy":"product_tag","embeddable":true,"href":"https:\/\/www.hydraulic-cylinders.net\/ro\/wp-json\/wp\/v2\/product_tag?post=19548"}],"curies":[{"name":"wp","href":"https:\/\/api.w.org\/{rel}","templated":true}]}}