{"id":19552,"date":"2025-04-07T06:54:07","date_gmt":"2025-04-07T06:54:07","guid":{"rendered":"https:\/\/www.hydraulic-cylinders.net\/product\/boom-cylinder-for-nante-nt130uu\/"},"modified":"2025-04-07T06:54:10","modified_gmt":"2025-04-07T06:54:10","slug":"boom-cylinder-for-nante-nt130uu","status":"publish","type":"product","link":"https:\/\/www.hydraulic-cylinders.net\/ro\/produs\/boom-cylinder-for-nante-nt130uu\/","title":{"rendered":"Cilindru bra\u021b pentru Nante NT130UU"},"content":{"rendered":"<h1>Cilindru bra\u021b pentru Nante NT130UU<\/h1>\n<h2>Prezentare general\u0103 a produsului<\/h2>\n<p>Cilindrul bra\u021bului pentru Nante NT130UU este o component\u0103 crucial\u0103 \u00een sistemele hidraulice, special conceput pentru controlul mi\u0219c\u0103rii cupelor pentru utilaje grele. Ace\u0219ti cilindri hidraulici sunt vitali pentru excavatoare, \u00eenc\u0103rc\u0103toare frontale \u0219i excavatoare, facilit\u00e2nd ridicarea, cobor\u00e2rea \u0219i \u00eenclinarea eficient\u0103 a cupei pentru a simplifica sarcinile de manipulare a materialelor.<\/p>\n<p>Un cilindru hidraulic pentru cup\u0103 este un tip de cilindru hidraulic care func\u021bioneaz\u0103 sub presiune ridicat\u0103 pentru a gestiona mi\u0219carea ata\u0219amentelor echipamentelor. Acesta joac\u0103 un rol semnificativ \u00een diverse aplica\u021bii, permi\u021b\u00e2nd operatorilor s\u0103 efectueze cu u\u0219urin\u021b\u0103 sarcini precum s\u0103parea, \u00eenc\u0103rcarea \u0219i transportul materialelor.<\/p>\n<p><img decoding=\"async\" src=\"https:\/\/www.hydraulic-cylinders.net\/wp-content\/uploads\/2025\/04\/songte-company-1.webp\" alt=\"Cilindru bra\u021b pentru Nante NT130UU\"><\/p>\n<h2>Caracteristicile cilindrului bra\u021bului<\/h2>\n<ul>\n<li>\n<h3>Rezisten\u021b\u0103 \u0219i durabilitate ridicate<\/h3>\n<p>    De obicei fabricate din o\u021bel sau aluminiu de \u00eenalt\u0103 rezisten\u021b\u0103, aceste cilindri pot rezista la presiuni ridicate \u0219i sarcini grele, ceea ce le face potrivite pentru medii de lucru dure. Proiectarea lor ia \u00een considerare rezisten\u021ba la uzur\u0103 \u0219i rezisten\u021ba la coroziune, prelungindu-le durata de via\u021b\u0103.<\/li>\n<li>\n<h3>Func\u021bionare hidraulic\u0103 eficient\u0103<\/h3>\n<p>    Utilizarea presiunii uleiului hidraulic permite o mi\u0219care telescopic\u0103 lin\u0103, asigur\u00e2nd un r\u0103spuns rapid la comenzile de control \u0219i oferind for\u021be puternice de \u00eempingere \u0219i tragere, potrivite pentru manipularea sarcinilor grele \u0219i a sarcinilor complexe.<\/li>\n<li>\n<h3>Diverse tipuri<\/h3>\n<p>    Cilindrii pot fi ale\u0219i \u00een func\u021bie de nevoile opera\u021bionale, cum ar fi ac\u021biune simpl\u0103 (hidraulic utilizat \u00eentr-o singur\u0103 direc\u021bie) sau ac\u021biune dubl\u0103 (hidraulic utilizat \u00een ambele direc\u021bii). Unele modele sunt telescopice, permi\u021b\u00e2nd o extensie mai mare f\u0103r\u0103 a cre\u0219te dimensiunile exterioare, ideale pentru aplica\u021bii cu spa\u021biu limitat.<\/li>\n<\/ul>\n<p>Produsul nostru \u00eenlocuie\u0219te perfect ace\u0219ti cilindri hidraulici.<\/p>\n<p><img decoding=\"async\" src=\"https:\/\/www.hydraulic-cylinders.net\/wp-content\/uploads\/2025\/04\/songte-cylinder-head-with-all-kinds-excavator-models.webp\" alt=\"Cilindru de schimb pentru bra\u021b\"><\/p>\n<h2>Aplica\u021bii<\/h2>\n<ul>\n<li>\n<h3>Echipamente de construc\u021bii<\/h3>\n<p>    La excavatoare, cilindrul bra\u021bului este esen\u021bial pentru s\u0103pare, \u00eenc\u0103rcare \u0219i mutarea p\u0103m\u00e2ntului sau a resturilor. Acesta permite cupei s\u0103 p\u0103trund\u0103 u\u0219or \u00een sol, eficientiz\u00e2nd sarcinile de excavare. La \u00eenc\u0103rc\u0103toarele portabile, cilindrul cupei ajut\u0103 at\u00e2t la sarcinile de excavare, c\u00e2t \u0219i la cele de ridicare, asigur\u00e2nd versatilitate \u00een operare.<\/h3>\n<\/li>\n<li>\n<h3>Ma\u0219ini agricole<\/h3>\n<p>    Utiliza\u021bi \u00een \u00eenc\u0103rc\u0103toarele frontale, ace\u0219ti cilindri sunt esen\u021biali pentru scobere, ridicare \u0219i transportul solului, f\u00e2nului \u0219i altor materiale. Ace\u0219tia sporesc productivitatea \u00een opera\u021biunile agricole, permi\u021b\u00e2nd o manipulare rapid\u0103 \u0219i eficient\u0103 a materialelor.<\/h3>\n<\/li>\n<li>\n<h3>Excavatoare<\/h3>\n<p>    Cilindrul bra\u021bului permite cupei s\u0103 sape ad\u00e2nc \u00een sol, facilit\u00e2nd o excavare eficient\u0103. Designul s\u0103u robust asigur\u0103 c\u0103 poate face fa\u021b\u0103 unor condi\u021bii dificile de sol, ceea ce o face un atu nepre\u021buit \u00een opera\u021biunile de construc\u021bii \u0219i minerit.<\/h3>\n<\/li>\n<li>\n<h3>\u00cenc\u0103rc\u0103toare<\/h3>\n<p>    \u00cen cazul \u00eenc\u0103rc\u0103toarelor frontale, ace\u0219ti cilindri ajut\u0103 la ridicarea \u0219i desc\u0103rcarea eficient\u0103 a sarcinilor. Performan\u021ba lor fiabil\u0103 asigur\u0103 buna desf\u0103\u0219urare a opera\u021biunilor, reduc\u00e2nd la minimum timpii de nefunc\u021bionare \u0219i sporind productivitatea.<\/h3>\n<\/li>\n<\/ul>\n<h2>Considera\u021bii de proiectare \u0219i criterii de selec\u021bie<\/h2>\n<ul>\n<li>\n<h3>Capacitate de \u00eenc\u0103rcare<\/h3>\n<p>    Evaluarea capacit\u0103\u021bii de \u00eenc\u0103rcare a unui cilindru al bra\u021bului este fundamental\u0103. Acesta trebuie s\u0103 fie capabil s\u0103 suporte sarcinile maxime a\u0219teptate \u00een timpul func\u021bion\u0103rii. Aceasta implic\u0103 \u00een\u021belegerea greut\u0103\u021bii materialelor, a for\u021belor exercitate \u00een timpul ridic\u0103rii \u0219i asigurarea c\u0103 cilindrul este evaluat pentru aceste condi\u021bii. Un cilindru bine proiectat care dep\u0103\u0219e\u0219te capacitatea de \u00eenc\u0103rcare necesar\u0103 reduce riscul de defec\u021biune, ceea ce ar putea duce la timpi de nefunc\u021bionare \u0219i repara\u021bii costisitoare.<\/h3>\n<\/li>\n<li>\n<h3>Performan\u021ba de etan\u0219are<\/h3>\n<p>    Etan\u0219area joac\u0103 un rol crucial \u00een performan\u021ba \u0219i longevitatea cilindrilor hidraulici. Etan\u0219\u0103rile de \u00eenalt\u0103 calitate previn scurgerile de fluid hidraulic, ceea ce este esen\u021bial pentru men\u021binerea presiunii \u0219i a eficien\u021bei. \u00cen func\u021bie de design, se utilizeaz\u0103 diverse tipuri de etan\u0219\u0103ri, cum ar fi etan\u0219\u0103rile pistonului \u0219i etan\u0219\u0103rile tijei. Etan\u0219area eficient\u0103 reduce nevoile de \u00eentre\u021binere \u0219i spore\u0219te fiabilitatea func\u021bion\u0103rii.<\/h3>\n<\/li>\n<li>\n<h3>Durabilitate<\/h3>\n<p>    Durabilitatea unui cilindru de bra\u021b este influen\u021bat\u0103 de materialele \u0219i acoperirile utilizate \u00een construc\u021bia sa. Materialele de \u00eenalt\u0103 rezisten\u021b\u0103, rezistente la uzur\u0103 \u0219i coroziune, asigur\u0103 c\u0103 cilindrul poate rezista la condi\u021bii dure. \u00cen plus, se pot aplica acoperiri protectoare pentru a spori rezisten\u021ba suprafe\u021bei, prelungind durata de via\u021b\u0103 a echipamentului \u0219i reduc\u00e2nd costurile de \u00eentre\u021binere.<\/h3>\n<\/li>\n<li>\n<h3>Caracteristici de siguran\u021b\u0103<\/h3>\n<p>    Siguran\u021ba este primordial\u0103 \u00een sistemele hidraulice. Proiectarea trebuie s\u0103 includ\u0103 caracteristici de siguran\u021b\u0103 pentru a preveni func\u021bionarea accidental\u0103 \u0219i a proteja \u00eempotriva supra\u00eenc\u0103rc\u0103rii. Acestea includ supape de siguran\u021b\u0103 \u0219i mecanisme de eliberare a presiunii care ajut\u0103 la atenuarea riscurilor asociate cu defec\u021biunile hidraulice.<\/h3>\n<\/li>\n<li>\n<h3>Mentenabilitate<\/h3>\n<p>    Un cilindru al bra\u021bului bine proiectat ar trebui s\u0103 faciliteze \u0219i \u00eentre\u021binerea u\u0219oar\u0103. Punctele de acces pentru inspec\u021bia \u0219i \u00eenlocuirea garniturilor sau componentelor sunt esen\u021biale. Implementarea unui design care permite procese de \u00eentre\u021binere simple asigur\u0103 eficien\u021ba opera\u021bional\u0103 \u0219i reduce timpul de nefunc\u021bionare.<\/h3>\n<\/li>\n<\/ul>\n<p><img decoding=\"async\" src=\"https:\/\/www.hydraulic-cylinders.net\/wp-content\/uploads\/2025\/04\/songte-oil-pipes-and-spare-parts.webp\" alt=\"Piese cilindru hidraulic\"><\/p>\n<h2>Etan\u0219are \u0219i lubrifiere<\/h2>\n<p>Etan\u0219area eficient\u0103 este vital\u0103 pentru men\u021binerea performan\u021bei cilindrilor hidraulici. Diverse elemente de etan\u0219are, cum ar fi etan\u0219\u0103rile pistonului \u0219i etan\u0219\u0103rile tijei, sunt utilizate pentru a asigura o performan\u021b\u0103 optim\u0103. Etan\u0219\u0103rile fabricate din materiale durabile, precum poliuretanul \u0219i cauciucul nitrilic, sunt alese pentru propriet\u0103\u021bile lor de rezisten\u021b\u0103 la uzur\u0103, care sunt cruciale pentru longevitatea cilindrului.<\/p>\n<p>Corpul cilindrului \u0219i suprafe\u021bele filetate ale cap\u0103tului sunt supuse unor procese precise de prelucrare pentru a spori rezisten\u021ba la uzur\u0103. De asemenea, este esen\u021bial\u0103 o lubrifiere regulat\u0103; este necesar s\u0103 se completeze periodic uleiul hidraulic pentru a se asigura c\u0103 toate piesele mobile func\u021bioneaz\u0103 f\u0103r\u0103 probleme. O lubrifiere adecvat\u0103 nu numai c\u0103 reduce frecarea, dar previne \u0219i supra\u00eenc\u0103lzirea \u0219i prelunge\u0219te durata de via\u021b\u0103 a cilindrului.<\/p>\n<h2>Inspec\u021bie regulat\u0103 \u0219i \u00eentre\u021binere preventiv\u0103<\/h2>\n<ul>\n<li>\n<h3>Inspec\u021bii regulate<\/h3>\n<p>    Este esen\u021bial s\u0103 se efectueze inspec\u021bii regulate pentru a identifica poten\u021bialele probleme \u00eenainte ca acestea s\u0103 devin\u0103 semnificative. Inspec\u021bia pentru semne de uzur\u0103, scurgeri sau deteriorare ar trebui s\u0103 fac\u0103 parte din programul de \u00eentre\u021binere de rutin\u0103. Depistarea timpurie contribuie la men\u021binerea performan\u021bei \u0219i la evitarea repara\u021biilor costisitoare.<\/h3>\n<\/li>\n<li>\n<h3>Lubrifiere adecvat\u0103<\/h3>\n<p>    Lubrifierea adecvat\u0103 este vital\u0103 pentru buna func\u021bionare a cilindrilor hidraulici. Utilizarea tipului corect de ulei hidraulic \u0219i asigurarea faptului c\u0103 acesta este la nivelul corect previn uzura componentelor interne. Este important s\u0103 se respecte un program de lubrifiere pentru a asigura performan\u021be optime.<\/h3>\n<\/li>\n<li>\n<h3>\u00cenlocuirea garniturii \u0219i verific\u0103ri ale calibr\u0103rii<\/h3>\n<p>    Garniturile sunt piese de uzur\u0103 care vor necesita \u00eenlocuire \u00een cele din urm\u0103. Verificarea \u0219i \u00eenlocuirea regulat\u0103 a garniturilor, dup\u0103 cum este necesar, previne scurgerile \u0219i men\u021bine presiunea hidraulic\u0103. Verific\u0103rile de calibrare asigur\u0103 c\u0103 cilindrul func\u021bioneaz\u0103 \u00een parametrii specifica\u021bi, ceea ce este esen\u021bial pentru eficien\u021ba performan\u021bei \u0219i siguran\u021ba.<\/h3>\n<\/li>\n<\/ul>\n<p>\u00cen timpul instal\u0103rii, alinierea corect\u0103 a cilindrului este esen\u021bial\u0103. Folosi\u021bi suporturi de montare adecvate pentru a fixa cilindrul, asigur\u00e2ndu-v\u0103 c\u0103 este pozi\u021bionat corect pentru a preveni solicit\u0103rile excesive asupra componentelor. Urma\u021bi procedurile recomandate de inspec\u021bie, reparare \u0219i \u00eenlocuire pentru a asigura longevitatea \u0219i performan\u021ba.<\/p>\n<p><img decoding=\"async\" src=\"https:\/\/www.hydraulic-cylinders.net\/wp-content\/uploads\/2025\/04\/songte-chushion-collar.webp\" alt=\"Guler de pern\u0103 pentru cilindru hidraulic\"><\/p>\n<h2>Considera\u021bii de siguran\u021b\u0103 \u0219i factori de mediu<\/h2>\n<p>Atunci c\u00e2nd se lucreaz\u0103 cu sisteme hidraulice, m\u0103surile de siguran\u021b\u0103 sunt primordiale. Instruirea adecvat\u0103 a operatorilor, verific\u0103rile regulate de siguran\u021b\u0103 \u0219i respectarea instruc\u021biunilor opera\u021bionale ajut\u0103 la atenuarea riscurilor. Asigurarea faptului c\u0103 elementele de siguran\u021b\u0103 sunt instalate \u0219i func\u021bionale reduce probabilitatea accidentelor \u0219i \u00eembun\u0103t\u0103\u021be\u0219te siguran\u021ba opera\u021bional\u0103 general\u0103.<\/p>\n<h2>Depanare \u0219i probleme frecvente<\/h2>\n<ul>\n<li>\n<h3>Probleme de scurgeri<\/h3>\n<p>    Una dintre cele mai frecvente probleme este scurgerea, adesea cauzat\u0103 de garnituri uzate sau instalare necorespunz\u0103toare. Inspec\u021biile regulate pot ajuta la identificarea timpurie a scurgerilor. Dac\u0103 se detecteaz\u0103 o scurgere, trebuie luate m\u0103suri imediate pentru a \u00eenlocui garniturile sau a str\u00e2nge conexiunile, dup\u0103 cum este necesar.<\/h3>\n<\/li>\n<li>\n<h3>Func\u021bionare lent\u0103<\/h3>\n<p>    Dac\u0103 cilindrul func\u021bioneaz\u0103 lent, acest lucru poate indica niveluri sc\u0103zute de lichid hidraulic sau blocaje \u00een sistem. Verifica\u021bi nivelurile de lichid \u0219i inspecta\u021bi dac\u0103 exist\u0103 obstruc\u021bii \u00een furtunuri sau fitinguri care ar putea \u00eempiedica curgerea. Asigurarea unor niveluri adecvate de lichid hidraulic este esen\u021bial\u0103 pentru men\u021binerea performan\u021bei.<\/h3>\n<\/li>\n<li>\n<h3>Func\u021bionare zgomotoas\u0103<\/h3>\n<p>    Zgomotele neobi\u0219nuite \u00een timpul func\u021bion\u0103rii pot indica probleme mecanice. Acestea se pot datora lubrifierii insuficiente, prezen\u021bei aerului \u00een sistemul hidraulic sau componentelor deteriorate. Investigarea prompt\u0103 a sursei zgomotului poate preveni deteriorarea ulterioar\u0103 \u0219i poate asigura o func\u021bionare f\u0103r\u0103 probleme.<\/h3>\n<\/li>\n<\/ul>\n<p>Pentru a aborda aceste probleme, este important s\u0103 se stabileasc\u0103 un plan de \u00eentre\u021binere preventiv\u0103 care s\u0103 includ\u0103 inspec\u021bii regulate \u0219i aten\u021bie prompt\u0103 la orice semne de problem\u0103. M\u0103surile de prevenire, cum ar fi utilizarea fluidelor \u0219i componentelor de calitate, pot reduce semnificativ riscul de defec\u021biune.<\/p>\n<p><img decoding=\"async\" src=\"https:\/\/www.hydraulic-cylinders.net\/wp-content\/uploads\/2025\/04\/songte-bushings-with-all-kinds-of-excavator-models.webp\" alt=\"Buc\u0219e pentru sisteme hidraulice\"><\/p>\n<h2>Prezentare general\u0103 a companiei<\/h2>\n<p>Suntem un produc\u0103tor specializat \u00een cilindri hidraulici de schimb, oferind o gam\u0103 divers\u0103 de produse care ne pozi\u021bioneaz\u0103 ca produc\u0103tor \u0219i distribuitor angro de top at\u00e2t pe pie\u021bele interne, c\u00e2t \u0219i pe cele interna\u021bionale. Respect\u0103m standarde riguroase de calitate \u0219i utiliz\u0103m strategii avansate de management al produc\u021biei. Expertiza noastr\u0103 provine dintr-o combina\u021bie de profesioni\u0219ti califica\u021bi, echipamente digitale de produc\u021bie de ultim\u0103 genera\u021bie \u0219i sisteme complete de testare care ne \u00eembun\u0103t\u0103\u021besc capacit\u0103\u021bile de produc\u021bie.<\/p>\n<p>Angajamentul nostru fa\u021b\u0103 de calitate se reflect\u0103 \u00een principiile noastre de produc\u021bie eficiente, precise \u0219i de \u00eenalt\u0103 calitate, care r\u0103spund nevoilor diverse ale clien\u021bilor no\u0219tri. Ne concentr\u0103m pe \u00eembun\u0103t\u0103\u021birea continu\u0103 \u0219i inova\u021bie, asigur\u00e2ndu-ne c\u0103 produsele noastre r\u0103m\u00e2n \u00een avangarda industriei.<\/p>\n<p><img decoding=\"async\" src=\"https:\/\/www.hydraulic-cylinders.net\/wp-content\/uploads\/2025\/04\/songte-company-4.webp\" alt=\"Facilit\u0103\u021bi ale companiei\"><br \/>\n<img decoding=\"async\" src=\"https:\/\/www.hydraulic-cylinders.net\/wp-content\/uploads\/2025\/04\/songte-company-3.webp\" alt=\"Linie de produc\u021bie\"><\/p>\n<p>Autor: lyl<\/p>","protected":false},"excerpt":{"rendered":"<p>Boom Cylinder For Nante NT130UU Product Overview The Boom Cylinder for Nante NT130UU is a crucial component in hydraulic systems, specifically designed for controlling the movement of heavy machinery buckets. These hydraulic cylinders are vital for excavators, backhoe loaders, and front loaders, facilitating efficient lifting, lowering, and tilting of the bucket to streamline material handling [&hellip;]<\/p>","protected":false},"featured_media":17875,"comment_status":"open","ping_status":"closed","template":"","meta":{"_et_pb_use_builder":"","_et_pb_old_content":"","_et_gb_content_width":""},"product_brand":[],"product_cat":[1546],"product_tag":[1547,1496],"class_list":{"0":"post-19552","1":"product","2":"type-product","3":"status-publish","4":"has-post-thumbnail","6":"product_cat-boom-cylinders","7":"product_tag-boom-cylinders","8":"product_tag-hydraulic-cylinders","10":"first","11":"instock","12":"shipping-taxable","13":"product-type-simple"},"amp_enabled":true,"_links":{"self":[{"href":"https:\/\/www.hydraulic-cylinders.net\/ro\/wp-json\/wp\/v2\/product\/19552","targetHints":{"allow":["GET"]}}],"collection":[{"href":"https:\/\/www.hydraulic-cylinders.net\/ro\/wp-json\/wp\/v2\/product"}],"about":[{"href":"https:\/\/www.hydraulic-cylinders.net\/ro\/wp-json\/wp\/v2\/types\/product"}],"replies":[{"embeddable":true,"href":"https:\/\/www.hydraulic-cylinders.net\/ro\/wp-json\/wp\/v2\/comments?post=19552"}],"wp:featuredmedia":[{"embeddable":true,"href":"https:\/\/www.hydraulic-cylinders.net\/ro\/wp-json\/wp\/v2\/media\/17875"}],"wp:attachment":[{"href":"https:\/\/www.hydraulic-cylinders.net\/ro\/wp-json\/wp\/v2\/media?parent=19552"}],"wp:term":[{"taxonomy":"product_brand","embeddable":true,"href":"https:\/\/www.hydraulic-cylinders.net\/ro\/wp-json\/wp\/v2\/product_brand?post=19552"},{"taxonomy":"product_cat","embeddable":true,"href":"https:\/\/www.hydraulic-cylinders.net\/ro\/wp-json\/wp\/v2\/product_cat?post=19552"},{"taxonomy":"product_tag","embeddable":true,"href":"https:\/\/www.hydraulic-cylinders.net\/ro\/wp-json\/wp\/v2\/product_tag?post=19552"}],"curies":[{"name":"wp","href":"https:\/\/api.w.org\/{rel}","templated":true}]}}