{"id":19557,"date":"2025-04-07T06:54:20","date_gmt":"2025-04-07T06:54:20","guid":{"rendered":"https:\/\/www.hydraulic-cylinders.net\/product\/boom-cylinder-for-yanmar-vi55-5b\/"},"modified":"2025-04-07T06:54:23","modified_gmt":"2025-04-07T06:54:23","slug":"boom-cylinder-for-yanmar-vi55-5b","status":"publish","type":"product","link":"https:\/\/www.hydraulic-cylinders.net\/ro\/produs\/boom-cylinder-for-yanmar-vi55-5b\/","title":{"rendered":"Cilindru de bra\u021b pentru Yanmar VI55-5B"},"content":{"rendered":"<h1>Cilindru de bra\u021b pentru Yanmar VI55-5B<\/h1>\n<h2>\u00cen\u021belegerea cilindrului bra\u021bului<\/h2>\n<p>Un cilindru hidraulic al bra\u021bului este un tip de cilindru hidraulic special conceput pentru a controla mi\u0219carea cupelor \u00een diverse utilaje grele, cum ar fi excavatoarele, \u00eenc\u0103rc\u0103toarele excavatoare \u0219i \u00eenc\u0103rc\u0103toarele frontale. Acesta joac\u0103 un rol esen\u021bial \u00een facilitarea ridic\u0103rii, cobor\u00e2rii \u0219i \u00eenclin\u0103rii cupei, lucru esen\u021bial pentru sarcinile de manipulare a materialelor. Prin utilizarea presiunii hidraulice, cilindrul bra\u021bului permite operatorilor s\u0103 execute mi\u0219c\u0103ri precise necesare pentru opera\u021biuni eficiente de s\u0103pare, \u00eenc\u0103rcare \u0219i transport.<\/p>\n<p>Ca actuator hidraulic, cilindrul bra\u021bului transform\u0103 energia hidraulic\u0103 \u00een for\u021b\u0103 mecanic\u0103, permi\u021b\u00e2nd cupei s\u0103 efectueze mi\u0219c\u0103ri complexe. Aceast\u0103 func\u021bionalitate este vital\u0103 \u00een construc\u021bii, agricultur\u0103 \u0219i alte industrii care necesit\u0103 ridicarea de sarcini grele \u0219i manipularea materialelor. Designul robust \u0219i func\u021bionarea fiabil\u0103 a cilindrilor bra\u021bului asigur\u0103 c\u0103 ace\u0219tia pot rezista mediilor solicitante ale utilajelor grele, f\u0103c\u00e2ndu-i indispensabili pentru executarea eficient\u0103 a proiectelor.<\/p>\n<p><img decoding=\"async\" src=\"https:\/\/www.hydraulic-cylinders.net\/wp-content\/uploads\/2025\/04\/songte-company-1.webp\" alt=\"Cilindru de bra\u021b pentru excavatoare\"><\/p>\n<h2>Caracteristici cheie ale cilindrului bra\u021bului<\/h2>\n<ul>\n<li><strong>Rezisten\u021b\u0103 \u0219i durabilitate ridicate:<\/strong> De obicei fabricate din o\u021bel sau aluminiu de \u00eenalt\u0103 rezisten\u021b\u0103, aceste cilindri pot rezista la presiuni ridicate \u0219i sarcini grele, ceea ce le face potrivite pentru medii de lucru dure.<\/li>\n<li><strong>Func\u021bionare hidraulic\u0103 eficient\u0103:<\/strong> Utiliz\u00e2nd presiunea fluidului hidraulic, cilindrul permite extinderea \u0219i retragerea lin\u0103, oferind un r\u0103spuns rapid la comenzile de control \u0219i furniz\u00e2nd o for\u021b\u0103 semnificativ\u0103 de \u00eempingere \u0219i tragere.<\/li>\n<li><strong>Varietate de tipuri:<\/strong> Disponibil \u00een variante cu ac\u021biune simpl\u0103 (folosind for\u021ba hidraulic\u0103 \u00eentr-o singur\u0103 direc\u021bie) sau cu ac\u021biune dubl\u0103 (folosind for\u021ba hidraulic\u0103 \u00een ambele direc\u021bii) pentru a satisface diverse nevoi opera\u021bionale, anumite modele oferind capacit\u0103\u021bi telescopice pentru o raz\u0103 de ac\u021biune extins\u0103.<\/li>\n<li><strong>Design u\u0219or de \u00eentre\u021binut:<\/strong> Conceput pentru o \u00eentre\u021binere u\u0219oar\u0103, facilit\u00e2nd repara\u021bii rapide \u0219i prelungind durata de via\u021b\u0103 a produsului.<\/li>\n<li><strong>Rezisten\u021b\u0103 la coroziune:<\/strong> Multe modele sunt proiectate s\u0103 reziste coroziunii \u0219i uzurii, asigur\u00e2nd longevitatea chiar \u0219i \u00een condi\u021bii adverse.<\/li>\n<\/ul>\n<h2>Capacit\u0103\u021bi de produc\u021bie<\/h2>\n<p>Fabric\u0103m acest produs cu precizie, asigur\u00e2ndu-ne c\u0103 cilindrii no\u0219tri hidraulici pot \u00eenlocui perfect modelele existente. Expertiza noastr\u0103 \u00een produc\u021bia de cilindri hidraulici garanteaz\u0103 c\u0103 ve\u021bi primi componente de \u00eenalt\u0103 calitate, care \u00eendeplinesc standarde riguroase de performan\u021b\u0103.<\/p>\n<p><img decoding=\"async\" src=\"https:\/\/www.hydraulic-cylinders.net\/wp-content\/uploads\/2025\/04\/songte-cylinder-head-with-all-kinds-excavator-models.webp\" alt=\"Cilindru hidraulic pentru excavatoare\"><\/p>\n<h2>Aplica\u021bii ale cilindrului bra\u021bului<\/h2>\n<h3>Echipamente de construc\u021bii<\/h3>\n<p>\u00cen excavatoare, cilindrii bra\u021bului sunt cruciali pentru sarcinile de s\u0103pare \u0219i \u00eenc\u0103rcare. Ace\u0219tia furnizeaz\u0103 for\u021ba necesar\u0103 pentru ca cupa s\u0103 p\u0103trund\u0103 \u00een sol sau s\u0103 mute eficient resturile. Controlul precis oferit de cilindrul bra\u021bului permite operatorilor s\u0103 efectueze lucr\u0103ri detaliate, cum ar fi s\u0103parea de \u0219an\u021buri sau nivelarea, esen\u021biale pentru proiectele de construc\u021bii.<\/p>\n<h3>Ma\u0219ini agricole<\/h3>\n<p>\u00cen \u00eenc\u0103rc\u0103toarele frontale, cilindrii bra\u021bului sunt utiliza\u021bi pentru a transporta, transporta \u0219i transporta materiale precum p\u0103m\u00e2nt, f\u00e2n \u0219i alte m\u0103rfuri. Capacitatea lor de a manipula sarcini grele cu efort minim \u00eei face vitali \u00een opera\u021biunile agricole unde eficien\u021ba \u0219i productivitatea sunt primordiale.<\/p>\n<h3>Excavatoare<\/h3>\n<p>La excavatoare, cilindrul bra\u021bului faciliteaz\u0103 ac\u021biunea de s\u0103pare permi\u021b\u00e2nd cupei s\u0103 p\u0103trund\u0103 \u00een p\u0103m\u00e2nt. Aceast\u0103 ac\u021biune este esen\u021bial\u0103 pentru diverse activit\u0103\u021bi de amenajare a teritoriului \u0219i construc\u021bii, asigur\u00e2nd c\u0103 echipamentul poate func\u021biona eficient pe diverse terenuri.<\/p>\n<h3>\u00cenc\u0103rc\u0103toare<\/h3>\n<p>La \u00eenc\u0103rc\u0103toarele frontale, cilindrii bra\u021bului ajut\u0103 la ridicarea \u0219i desc\u0103rcarea rapid\u0103 \u0219i eficient\u0103 a \u00eenc\u0103rc\u0103turilor. Aceast\u0103 capacitate este semnificativ\u0103 \u00een sarcinile de manipulare a materialelor, unde opera\u021biunile prompte \u0219i eficiente sunt cruciale pentru succesul proiectului.<\/p>\n<h2>Considera\u021bii de proiectare<\/h2>\n<h3>Capacitate de \u00eenc\u0103rcare<\/h3>\n<p>La proiectarea unui cilindru de bra\u021b, capacitatea de \u00eenc\u0103rcare este o preocupare principal\u0103. Cilindrul trebuie s\u0103 poat\u0103 suporta greutatea maxim\u0103 pe care o va \u00eent\u00e2lni \u00een timpul func\u021bion\u0103rii, f\u0103r\u0103 a se \u00eendoi sau a se rupe. Acest lucru necesit\u0103 o selec\u021bie atent\u0103 a materialelor \u0219i o analiz\u0103 a integrit\u0103\u021bii structurale pentru a asigura siguran\u021ba \u0219i fiabilitatea.<\/p>\n<h3>Performan\u021ba de etan\u0219are<\/h3>\n<p>Etan\u0219area eficient\u0103 este esen\u021bial\u0103 pentru a preveni scurgerile de fluid hidraulic \u0219i pentru a men\u021bine presiunea \u00een sistem. Etan\u0219\u0103rile de \u00eenalt\u0103 calitate sunt necesare pentru a asigura durabilitatea \u0219i longevitatea, reduc\u00e2nd necesitatea \u00eenlocuirilor \u0219i repara\u021biilor frecvente.<\/p>\n<h3>Durabilitate<\/h3>\n<p>Durabilitatea este un factor cheie de proiectare, deoarece cilindrii bra\u021bului func\u021bioneaz\u0103 \u00een condi\u021bii solicitante. Materialele trebuie alese astfel \u00eenc\u00e2t s\u0103 reziste la uzur\u0103, impact \u0219i expunere la medii dure, asigur\u00e2ndu-se c\u0103 produsul rezist\u0103 pe tot parcursul ciclului s\u0103u de via\u021b\u0103 f\u0103r\u0103 a compromite performan\u021ba.<\/p>\n<h3>Caracteristici de siguran\u021b\u0103<\/h3>\n<p>Incorporarea caracteristicilor de siguran\u021b\u0103 \u00een proiectare este vital\u0103 pentru prevenirea accidentelor \u0219i a v\u0103t\u0103m\u0103rilor corporale \u00een timpul func\u021bion\u0103rii. Supapele de siguran\u021b\u0103 \u0219i mecanismele de protec\u021bie la suprasarcin\u0103 pot ajuta la protejarea at\u00e2t a utilajelor, c\u00e2t \u0219i a operatorilor.<\/p>\n<h3>Accesibilitate pentru \u00eentre\u021binere<\/h3>\n<p>Proiectarea cilindrilor bra\u021bului pentru o \u00eentre\u021binere mai u\u0219oar\u0103 poate cre\u0219te semnificativ durata lor de via\u021b\u0103. Caracteristici precum racordurile de ungere accesibile \u0219i procesele simplificate de dezasamblare pot facilita verific\u0103rile \u0219i repara\u021biile regulate de \u00eentre\u021binere, reduc\u00e2nd la minimum timpul de nefunc\u021bionare.<\/p>\n<p><img decoding=\"async\" src=\"https:\/\/www.hydraulic-cylinders.net\/wp-content\/uploads\/2025\/04\/songte-oil-pipes-and-spare-parts.webp\" alt=\"Piese de schimb pentru cilindri hidraulici\"><\/p>\n<h2>Etan\u0219are \u0219i lubrifiere<\/h2>\n<p>Etan\u0219area \u0219i lubrifierea corespunz\u0103toare sunt vitale pentru func\u021bionarea eficient\u0103 a unui cilindru al bra\u021bului. Diverse garnituri, cum ar fi garniturile pistonului \u0219i garniturile tijei, sunt utilizate pentru a men\u021bine presiunea \u0219i a preveni scurgerile. Garniturile fabricate din materiale rezistente la uzur\u0103, cum ar fi poliuretanul \u0219i cauciucul nitrilic, sunt preferate pentru durabilitatea \u0219i eficacitatea lor \u00een condi\u021bii dure.<\/p>\n<p>Corpul cilindrului \u0219i capetele filetate sunt prelucrate meticulos pentru a spori rezisten\u021ba la uzur\u0103, asigur\u00e2nd performan\u021be optime \u00een timp. Lubrifierea regulat\u0103 cu ulei hidraulic este esen\u021bial\u0103 pentru a minimiza frecarea \u0219i uzura pieselor mobile, prelungind durata de via\u021b\u0103 a cilindrului.<\/p>\n<h2>Inspec\u021bie regulat\u0103 \u0219i \u00eentre\u021binere preventiv\u0103<\/h2>\n<ul>\n<li><strong>Inspec\u021bie periodic\u0103:<\/strong> Inspec\u021biile frecvente ajut\u0103 la identificarea poten\u021bialelor probleme \u00eenainte ca acestea s\u0103 se agraveze. Operatorii ar trebui s\u0103 verifice dac\u0103 exist\u0103 scurgeri, uzur\u0103 \u0219i orice semne de deteriorare.<\/li>\n<li><strong>Lubrifiere adecvat\u0103:<\/strong> Asigurarea lubrifierii adecvate a cilindrului previne uzura excesiv\u0103 \u0219i men\u021bine o func\u021bionare lin\u0103. Operatorii ar trebui s\u0103 stabileasc\u0103 un program de lubrifiere bazat pe utilizare.<\/li>\n<li><strong>\u00cenlocuirea garniturii:<\/strong> Verificarea \u0219i \u00eenlocuirea regulat\u0103 a garniturilor, dup\u0103 cum este necesar, este vital\u0103 pentru men\u021binerea presiunii hidraulice \u0219i prevenirea pierderilor de fluid.<\/li>\n<\/ul>\n<h2>Instruc\u021biuni de instalare<\/h2>\n<p>Instalarea unui cilindru al bra\u021bului necesit\u0103 precizie pentru a asigura o func\u021bionare eficient\u0103. \u00cencepe\u021bi prin a v\u0103 asigura c\u0103 cilindrul este aliniat corect cu punctele de montare. Utilizarea suporturilor adecvate va ajuta la fixarea cilindrului \u0219i la prevenirea nealinierii \u00een timpul func\u021bion\u0103rii.<\/p>\n<p>Este esen\u021bial s\u0103 respecta\u021bi specifica\u021biile produc\u0103torului privind set\u0103rile de cuplu \u0219i unghiurile de aliniere. Dup\u0103 instalare, testa\u021bi sistemul hidraulic pentru scurgeri \u0219i func\u021bionare corect\u0103 \u00eenainte de a pune echipamentul \u00een func\u021biune complet\u0103. Revederea regulat\u0103 a procedurilor de instalare asigur\u0103 c\u0103 toate componentele sunt fixate \u0219i func\u021bioneaz\u0103 conform destina\u021biei.<\/p>\n<h2>Sarcini comune de \u00eentre\u021binere<\/h2>\n<ul>\n<li><strong>Inspec\u021bii regulate:<\/strong> Efectua\u021bi verific\u0103ri periodice pentru a identifica semnele de uzur\u0103 \u0219i deteriorare. Aceast\u0103 abordare proactiv\u0103 ajut\u0103 la atenuarea poten\u021bialelor probleme \u00eenainte ca acestea s\u0103 devin\u0103 grave.<\/li>\n<li><strong>Lubrifiere adecvat\u0103:<\/strong> Lubrifierea este esen\u021bial\u0103 pentru men\u021binerea integrit\u0103\u021bii pieselor mobile. Folosi\u021bi uleiul hidraulic recomandat \u0219i respecta\u021bi intervalele de lubrifiere sugerate.<\/li>\n<li><strong>\u00cenlocuirea garniturii:<\/strong> Verifica\u021bi periodic garniturile pentru uzur\u0103 \u0219i \u00eenlocui\u021bi-le dup\u0103 cum este necesar pentru a preveni scurgerile \u0219i a men\u021bine presiunea \u00een sistem.<\/li>\n<\/ul>\n<h2>Considera\u021bii de siguran\u021b\u0103 \u0219i factori de mediu<\/h2>\n<p>Atunci c\u00e2nd se lucreaz\u0103 cu cilindri hidraulici, m\u0103surile de siguran\u021b\u0103 sunt primordiale. Operatorii trebuie s\u0103 poarte echipament individual de protec\u021bie adecvat \u0219i s\u0103 fie instrui\u021bi cu privire la procedurile de manipulare \u00een siguran\u021b\u0103 pentru a minimiza riscul de accidente. \u00cen plus, eliminarea corect\u0103 a fluidelor hidraulice \u0219i respectarea reglement\u0103rilor de mediu sunt cruciale pentru a minimiza impactul ecologic.<\/p>\n<h2>Depanare \u0219i probleme frecvente<\/h2>\n<ul>\n<li><strong>Scurgere:<\/strong> Identifica\u021bi sursa scurgerilor, adesea din cauza garniturilor uzate sau a componentelor deteriorate. Repara\u021bi sau \u00eenlocui\u021bi prompt piesele afectate.<\/li>\n<li><strong>Performan\u021b\u0103 slab\u0103:<\/strong> Dac\u0103 cilindrul nu func\u021bioneaz\u0103 corect, verifica\u021bi dac\u0103 exist\u0103 blocaje \u00een sistemul hidraulic sau dac\u0103 nivelul lichidului este sc\u0103zut.<\/li>\n<li><strong>Supra\u00eenc\u0103lzire:<\/strong> C\u0103ldura excesiv\u0103 poate indica o utilizare excesiv\u0103 sau o lubrifiere insuficient\u0103. Monitoriza\u021bi nivelurile de lichid \u0219i asigura\u021bi-v\u0103 c\u0103 sunt implementate m\u0103surile adecvate de r\u0103cire.<\/li>\n<\/ul>\n<h2>Sfaturi de diagnosticare \u0219i m\u0103suri preventive<\/h2>\n<p>Pentru a diagnostica eficient problemele, operatorii ar trebui s\u0103 se familiarizeze cu func\u021bionalitatea cilindrului bra\u021bului \u0219i s\u0103 monitorizeze periodic performan\u021ba acestuia. P\u0103strarea unui jurnal de \u00eentre\u021binere poate ajuta la urm\u0103rirea oric\u0103ror probleme \u0219i a rezolv\u0103rilor acestora. M\u0103surile preventive, cum ar fi inspec\u021biile regulate \u0219i repara\u021biile la timp, pot reduce semnificativ poten\u021bialele probleme, asigur\u00e2nd func\u021bionarea f\u0103r\u0103 probleme \u0219i longevitatea echipamentului.<\/p>\n<p><img decoding=\"async\" src=\"https:\/\/www.hydraulic-cylinders.net\/wp-content\/uploads\/2025\/04\/songte-bushings-with-all-kinds-of-excavator-models.webp\" alt=\"Buc\u0219e cilindru bra\u021b\"><\/p>\n<h2>Despre compania noastr\u0103<\/h2>\n<p>Suntem un produc\u0103tor important de cilindri hidraulici de schimb, oferind o gam\u0103 complet\u0103 de produse pentru pie\u021bele interne \u0219i interna\u021bionale. Angajamentul nostru fa\u021b\u0103 de excelen\u021b\u0103 este sus\u021binut de o strategie de fabrica\u021bie rafinat\u0103, care valorific\u0103 personal tehnic calificat, echipamente digitale avansate de fabrica\u021bie \u0219i sisteme riguroase de testare. Acest lucru garanteaz\u0103 c\u0103 procesele noastre de produc\u021bie \u00eendeplinesc standarde de \u00eenalt\u0103 calitate \u0219i nevoile clien\u021bilor.<\/p>\n<p>Cu accent pe profesionalism, certific\u0103ri interna\u021bionale \u0219i solu\u021bii personalizate, capacit\u0103\u021bile noastre de produc\u021bie sunt concepute pentru a satisface diverse cerin\u021be ale clien\u021bilor. Dedicarea noastr\u0103 fa\u021b\u0103 de serviciile post-v\u00e2nzare spore\u0219te \u0219i mai mult satisfac\u021bia clien\u021bilor, asigur\u00e2nd asisten\u021b\u0103 pe tot parcursul ciclului de via\u021b\u0103 al produsului.<\/p>\n<p><img decoding=\"async\" src=\"https:\/\/www.hydraulic-cylinders.net\/wp-content\/uploads\/2025\/04\/songte-company-4.webp\" alt=\"Prezentare general\u0103 a companiei\"><br \/>\n<img decoding=\"async\" src=\"https:\/\/www.hydraulic-cylinders.net\/wp-content\/uploads\/2025\/04\/songte-company-3.webp\" alt=\"Companie de produc\u021bie\"><\/p>\n<p>Autor: lyl<\/p>","protected":false},"excerpt":{"rendered":"<p>Boom Cylinder For Yanmar VI55-5B Understanding the Boom Cylinder A boom cylinder is a type of hydraulic cylinder specifically designed to control the movement of buckets in various heavy machinery, such as excavators, backhoe loaders, and front loaders. It plays a critical role in facilitating the lifting, lowering, and tilting of the bucket, which is [&hellip;]<\/p>","protected":false},"featured_media":17880,"comment_status":"open","ping_status":"closed","template":"","meta":{"_et_pb_use_builder":"","_et_pb_old_content":"","_et_gb_content_width":""},"product_brand":[],"product_cat":[1546],"product_tag":[1547,1496],"class_list":{"0":"post-19557","1":"product","2":"type-product","3":"status-publish","4":"has-post-thumbnail","6":"product_cat-boom-cylinders","7":"product_tag-boom-cylinders","8":"product_tag-hydraulic-cylinders","10":"first","11":"instock","12":"shipping-taxable","13":"product-type-simple"},"amp_enabled":true,"_links":{"self":[{"href":"https:\/\/www.hydraulic-cylinders.net\/ro\/wp-json\/wp\/v2\/product\/19557","targetHints":{"allow":["GET"]}}],"collection":[{"href":"https:\/\/www.hydraulic-cylinders.net\/ro\/wp-json\/wp\/v2\/product"}],"about":[{"href":"https:\/\/www.hydraulic-cylinders.net\/ro\/wp-json\/wp\/v2\/types\/product"}],"replies":[{"embeddable":true,"href":"https:\/\/www.hydraulic-cylinders.net\/ro\/wp-json\/wp\/v2\/comments?post=19557"}],"wp:featuredmedia":[{"embeddable":true,"href":"https:\/\/www.hydraulic-cylinders.net\/ro\/wp-json\/wp\/v2\/media\/17880"}],"wp:attachment":[{"href":"https:\/\/www.hydraulic-cylinders.net\/ro\/wp-json\/wp\/v2\/media?parent=19557"}],"wp:term":[{"taxonomy":"product_brand","embeddable":true,"href":"https:\/\/www.hydraulic-cylinders.net\/ro\/wp-json\/wp\/v2\/product_brand?post=19557"},{"taxonomy":"product_cat","embeddable":true,"href":"https:\/\/www.hydraulic-cylinders.net\/ro\/wp-json\/wp\/v2\/product_cat?post=19557"},{"taxonomy":"product_tag","embeddable":true,"href":"https:\/\/www.hydraulic-cylinders.net\/ro\/wp-json\/wp\/v2\/product_tag?post=19557"}],"curies":[{"name":"wp","href":"https:\/\/api.w.org\/{rel}","templated":true}]}}