{"id":19558,"date":"2025-04-07T06:54:23","date_gmt":"2025-04-07T06:54:23","guid":{"rendered":"https:\/\/www.hydraulic-cylinders.net\/product\/boom-cylinder-for-yanmar-sv025-6\/"},"modified":"2025-04-07T06:54:25","modified_gmt":"2025-04-07T06:54:25","slug":"boom-cylinder-for-yanmar-sv025-6","status":"publish","type":"product","link":"https:\/\/www.hydraulic-cylinders.net\/ro\/produs\/boom-cylinder-for-yanmar-sv025-6\/","title":{"rendered":"Cilindru bra\u021b pentru Yanmar SV025-6"},"content":{"rendered":"<h1>Cilindru bra\u021b pentru Yanmar SV025-6<\/h1>\n<h2>\u00cen\u021belegerea cilindrului bra\u021bului<\/h2>\n<p>Cilindrul bra\u021bului este o component\u0103 hidraulic\u0103 esen\u021bial\u0103, special conceput\u0103 pentru controlul mi\u0219c\u0103rii cupelor \u00een utilaje grele, cum ar fi excavatoarele, \u00eenc\u0103rc\u0103toarele cu excavator \u0219i \u00eenc\u0103rc\u0103toarele frontale. Acest cilindru hidraulic permite mi\u0219c\u0103rile de ridicare, cobor\u00e2re \u0219i \u00eenclinare, facilit\u00e2nd astfel eficient sarcinile de manipulare a materialelor.<\/p>\n<p>Construi\u021bi pentru a rezista condi\u021biilor solicitante ale \u0219antierelor de construc\u021bii \u0219i excava\u021bii, cilindrii bra\u021bului joac\u0103 un rol esen\u021bial \u00een sistemele hidraulice. Func\u021bia lor principal\u0103 este de a converti presiunea hidraulic\u0103 \u00een for\u021b\u0103 mecanic\u0103, permi\u021b\u00e2nd operatorilor s\u0103 manipuleze echipamentele cu precizie. Prin utilizarea uleiului hidraulic ca mediu, ace\u0219ti cilindri realizeaz\u0103 mi\u0219c\u0103ri line \u0219i controlate, ceea ce \u00eei face indispensabili pentru operatorii care manipuleaz\u0103 sarcini grele.<\/p>\n<p><img decoding=\"async\" src=\"https:\/\/www.hydraulic-cylinders.net\/wp-content\/uploads\/2025\/04\/songte-company-1.webp\" alt=\"Cilindru de bra\u021b\" \/><\/p>\n<h2>Caracteristici cheie ale cilindrului bra\u021bului<\/h2>\n<ul>\n<li><strong>Rezisten\u021b\u0103 \u0219i durabilitate ridicate:<\/strong> De obicei fabricate din o\u021bel sau aluminiu de \u00eenalt\u0103 rezisten\u021b\u0103, aceste cilindri pot rezista la presiuni ridicate \u0219i sarcini grele, adapt\u00e2ndu-se bine la medii de lucru dure. Designul lor pune accent pe rezisten\u021ba la uzur\u0103 \u0219i protec\u021bia \u00eempotriva coroziunii, prelungindu-le durata de via\u021b\u0103.<\/li>\n<li><strong>Func\u021bionare hidraulic\u0103 eficient\u0103:<\/strong> Cilindrul bra\u021bului utilizeaz\u0103 presiunea uleiului hidraulic pentru a facilita extinderea \u0219i retragerea lin\u0103, asigur\u00e2nd r\u0103spunsuri rapide la comenzile operatorului \u0219i oferind for\u021be robuste de \u00eempingere \u0219i tragere pentru sarcini grele.<\/li>\n<li><strong>Diverse tipuri:<\/strong> Cilindrii bra\u021bului pot fi selecta\u021bi \u00een configura\u021bii cu ac\u021biune simpl\u0103 (func\u021bioneaz\u0103 cu for\u021b\u0103 hidraulic\u0103 \u00eentr-o singur\u0103 direc\u021bie) sau cu ac\u021biune dubl\u0103 (func\u021bioneaz\u0103 \u00een ambele direc\u021bii) pentru a satisface diverse nevoi opera\u021bionale. Unele modele sunt telescopice, permi\u021b\u00e2nd o extensie mai mare f\u0103r\u0103 a cre\u0219te dimensiunile exterioare, ideale pentru aplica\u021bii cu spa\u021biu limitat.<\/li>\n<li><strong>Fabrica\u021bie personalizat\u0103:<\/strong> Ne specializ\u0103m \u00een producerea de cilindri hidraulici pentru bra\u021b, care \u00eenlocuiesc perfect al\u021bi cilindri hidraulici, asigur\u00e2nd compatibilitate \u0219i performan\u021be optime.<\/li>\n<li><strong>Aplica\u021bii versatile:<\/strong> Ace\u0219ti cilindri sunt proiecta\u021bi pentru o gam\u0103 larg\u0103 de utilaje grele, ceea ce \u00eei face esen\u021biali pentru multiple industrii.<\/li>\n<\/ul>\n<p><img decoding=\"async\" src=\"https:\/\/www.hydraulic-cylinders.net\/wp-content\/uploads\/2025\/04\/songte-cylinder-head-with-all-kinds-excavator-models.webp\" alt=\"Modele de excavatoare\" \/><\/p>\n<h2>Aplica\u021bii ale cilindrului bra\u021bului<\/h2>\n<h3>Echipamente de construc\u021bii<\/h3>\n<p>\u00cen excavatoare, cilindrii bra\u021bului sunt cruciali pentru s\u0103pare, \u00eenc\u0103rcare \u0219i mutarea p\u0103m\u00e2ntului sau a resturilor. Ace\u0219tia ofer\u0103 for\u021ba necesar\u0103 pentru cobor\u00e2rea \u0219i ridicarea cupei, permi\u021b\u00e2nd operatorilor s\u0103 efectueze sarcinile eficient. \u00cen cazul \u00eenc\u0103rc\u0103toarelor excavatoare, ace\u0219ti cilindri ajut\u0103 nu numai la s\u0103pare, ci \u0219i la ridicarea materialelor, demonstr\u00e2nd versatilitatea lor \u00een sarcinile de construc\u021bie.<\/p>\n<h3>Ma\u0219ini agricole<\/h3>\n<p>\u00cen \u00eenc\u0103rc\u0103toarele frontale, cilindrii bra\u021bului sunt utiliza\u021bi pentru scoaterea, ridicarea \u0219i transportul solului, f\u00e2nului \u0219i altor materiale. Designul lor robust ajut\u0103 fermierii s\u0103 manipuleze sarcini grele, \u00eembun\u0103t\u0103\u021bind productivitatea \u0219i eficien\u021ba fermei. Func\u021bionarea lin\u0103 a cilindrilor bra\u021bului asigur\u0103 c\u0103 utilajele pot efectua diverse sarcini f\u0103r\u0103 \u00eentrerupere.<\/p>\n<h3>Excavatoare<\/h3>\n<p>La excavatoare, cilindrul bra\u021bului permite cupei s\u0103 p\u0103trund\u0103 eficient \u00een sol, asigur\u00e2nd o s\u0103pare eficient\u0103. Aceast\u0103 func\u021bie este vital\u0103 pentru proiectele de excavare unde sunt necesare precizie \u0219i putere pentru a muta volume mari de material rapid \u0219i \u00een siguran\u021b\u0103.<\/p>\n<h3>\u00cenc\u0103rc\u0103toare<\/h3>\n<p>La \u00eenc\u0103rc\u0103toarele frontale, cilindrii bra\u021bului faciliteaz\u0103 ridicarea \u0219i desc\u0103rcarea eficient\u0103 a sarcinilor. Ace\u0219tia permit operatorilor s\u0103 ridice cupa pentru a desc\u0103rca materiale la o anumit\u0103 \u00een\u0103l\u021bime, \u00eembun\u0103t\u0103\u021bind fluxul de lucru \u0219i reduc\u00e2nd timpul de munc\u0103 pe \u0219antier.<\/p>\n<h2>Considera\u021bii de proiectare \u0219i criterii de selec\u021bie<\/h2>\n<h3>Capacitate de \u00eenc\u0103rcare<\/h3>\n<p>Atunci c\u00e2nd selecta\u021bi un cilindru pentru bra\u021b, \u00een\u021belegerea capacit\u0103\u021bii de \u00eenc\u0103rcare este esen\u021bial\u0103. Aceasta se refer\u0103 la greutatea maxim\u0103 pe care cilindrul o poate suporta, men\u021bin\u00e2nd \u00een acela\u0219i timp eficien\u021ba opera\u021bional\u0103. Capacitatea de \u00eenc\u0103rcare este determinat\u0103 de factori precum dimensiunea cilindrului, rezisten\u021ba materialului \u0219i limitele de presiune hidraulic\u0103. Este esen\u021bial s\u0103 alege\u021bi un cilindru cu o capacitate de \u00eenc\u0103rcare adecvat\u0103, care nu numai c\u0103 \u00eendepline\u0219te cerin\u021bele opera\u021bionale, dar asigur\u0103 \u0219i siguran\u021ba \u00een timpul utiliz\u0103rii.<\/p>\n<h3>Integritatea etan\u0219\u0103rii<\/h3>\n<p>Etan\u0219area joac\u0103 un rol vital \u00een performan\u021ba cilindrilor hidraulici. Etan\u0219\u0103rile corecte previn scurgerile de fluid hidraulic, ceea ce poate duce la sc\u0103derea eficien\u021bei \u0219i la poten\u021biale deterior\u0103ri ale utilajelor. Etan\u0219\u0103rile trebuie s\u0103 fie fabricate din materiale durabile, care pot rezista la temperaturi extreme \u0219i varia\u021bii de presiune. Etan\u0219area corect\u0103 asigur\u0103 o durat\u0103 de via\u021b\u0103 mai lung\u0103 \u0219i o fiabilitate \u00eembun\u0103t\u0103\u021bit\u0103 a cilindrului.<\/p>\n<h3>Durabilitate<\/h3>\n<p>Durabilitatea este un factor crucial \u00een proiectarea cilindrilor hidraulici. Materialele utilizate \u00een construc\u021bie ar trebui s\u0103 fie rezistente la uzur\u0103, coroziune \u0219i al\u021bi factori de mediu. Acest lucru este important \u00een special pentru cilindrii care func\u021bioneaz\u0103 \u00een condi\u021bii dure, unde expunerea la praf, umiditate \u0219i substan\u021be chimice poate afecta negativ performan\u021ba. Selectarea unui cilindru hidraulic durabil asigur\u0103 performan\u021be constante \u0219i minimizeaz\u0103 necesitatea \u00eenlocuirilor frecvente.<\/p>\n<h3>Caracteristici de siguran\u021b\u0103<\/h3>\n<p>Siguran\u021ba ar trebui s\u0103 fie \u00eentotdeauna o prioritate la proiectarea \u0219i selectarea cilindrilor hidraulici. Este esen\u021bial s\u0103 se includ\u0103 caracteristici de siguran\u021b\u0103, cum ar fi supapele de suprapresiune \u0219i designurile robuste de montare, pentru a preveni accidentele \u00een timpul func\u021bion\u0103rii. Aceste caracteristici nu numai c\u0103 protejeaz\u0103 echipamentul, dar asigur\u0103 \u0219i siguran\u021ba operatorilor care lucreaz\u0103 \u00een apropiere.<\/p>\n<h3>Accesibilitate pentru \u00eentre\u021binere<\/h3>\n<p>U\u0219urin\u021ba \u00eentre\u021binerii este o alt\u0103 considera\u021bie cheie. Un cilindru al bra\u021bului bine proiectat ar trebui s\u0103 permit\u0103 accesul facil la componentele critice pentru inspec\u021bii \u0219i \u00eentre\u021binere de rutin\u0103. Acest lucru nu numai c\u0103 faciliteaz\u0103 \u00eentre\u021binerea regulat\u0103, dar contribuie \u0219i la longevitatea cilindrului \u0219i la eficien\u021ba general\u0103 a echipamentului.<\/p>\n<p><img decoding=\"async\" src=\"https:\/\/www.hydraulic-cylinders.net\/wp-content\/uploads\/2025\/04\/songte-oil-pipes-and-spare-parts.webp\" alt=\"Componente hidraulice\" \/><\/p>\n<h2>Etan\u0219are \u0219i lubrifiere<\/h2>\n<p>Utilizarea diverselor componente de etan\u0219are, inclusiv etan\u0219\u0103rile pistonului \u0219i etan\u0219\u0103rile tijei, este esen\u021bial\u0103 pentru men\u021binerea integrit\u0103\u021bii cilindrilor hidraulici. Etan\u0219\u0103rile fabricate din materiale durabile, precum poliuretanul \u0219i cauciucul nitrilic, sunt esen\u021biale pentru asigurarea rezisten\u021bei la uzur\u0103. Corpul cilindrului \u0219i suprafe\u021bele filetate ale cap\u0103tului sunt supuse unei prelucr\u0103ri precise pentru a spori rezisten\u021ba la uzur\u0103, prelungind astfel durata de via\u021b\u0103 a cilindrului.<\/p>\n<p>Lubrifierea regulat\u0103 este necesar\u0103 pentru a men\u021bine performan\u021be optime. Este crucial s\u0103 se asigure c\u0103 se introduce o cantitate adecvat\u0103 de ulei hidraulic pentru a facilita mi\u0219carea lin\u0103 \u00een interiorul cilindrului. Neglijarea lubrifierii poate duce la cre\u0219terea frec\u0103rii, uzurii \u0219i poten\u021bialelor defec\u021biuni, subliniind importan\u021ba includerii unui program de lubrifiere regulat.<\/p>\n<h2>Inspec\u021bie regulat\u0103 \u0219i \u00eentre\u021binere preventiv\u0103<\/h2>\n<ul>\n<li><strong>Inspec\u021bii regulate:<\/strong> Efectuarea inspec\u021biilor de rutin\u0103 este vital\u0103 \u00een identificarea timpurie a oric\u0103ror semne de uzur\u0103 sau deteriorare. Operatorii ar trebui s\u0103 verifice vizual dac\u0103 exist\u0103 scurgeri, fisuri sau zgomote neobi\u0219nuite \u00een timpul func\u021bion\u0103rii echipamentului \u0219i s\u0103 rezolve imediat orice problem\u0103.<\/li>\n<li><strong>Lubrifiere adecvat\u0103:<\/strong> Asigurarea lubrifierii adecvate a cilindrilor este esen\u021bial\u0103 pentru o performan\u021b\u0103 optim\u0103. Operatorii trebuie s\u0103 respecte instruc\u021biunile produc\u0103torului privind tipul de lubrifiant \u0219i frecven\u021ba de aplicare pentru a men\u021bine eficien\u021ba.<\/li>\n<li><strong>\u00cenlocuirea garniturii:<\/strong> \u00cen timp, garniturile se pot degrada \u0219i necesit\u0103 \u00eenlocuire. Verificarea regulat\u0103 a uzurii garniturilor \u0219i asigurarea \u00eenlocuirii prompte a acestora pot preveni scurgerile \u0219i pot men\u021bine eficien\u021ba hidraulic\u0103.<\/li>\n<\/ul>\n<h2>Instruc\u021biuni de instalare<\/h2>\n<p>Instalarea corect\u0103 a cilindrului bra\u021bului este crucial\u0103 pentru o performan\u021b\u0103 optim\u0103. Iat\u0103 c\u00e2\u021biva pa\u0219i de urmat:<\/p>\n<ul>\n<li>Asigura\u021bi-v\u0103 c\u0103 suporturile \u0219i suprafe\u021bele de montare sunt curate \u0219i f\u0103r\u0103 resturi \u00eenainte de instalare. Acest lucru reduce la minimum riscul de deteriorare \u00een timpul procesului de montare.<\/li>\n<li>Alinia\u021bi cilindrul cu precizie cu punctele de montare. Nealinierea poate duce la solicit\u0103ri asupra cilindrului, afect\u00e2ndu-i performan\u021ba \u0219i longevitatea.<\/li>\n<li>Folosi\u021bi suporturi de montare adecvate pentru a fixa cilindrul \u00een pozi\u021bie, asigur\u00e2ndu-v\u0103 c\u0103 este fixat ferm, f\u0103r\u0103 o for\u021b\u0103 excesiv\u0103 care ar putea provoca daune.<\/li>\n<li>Verifica\u021bi de dou\u0103 ori etan\u0219eitatea tuturor conductelor \u0219i conexiunilor hidraulice pentru a preveni scurgerile. Orice conexiune sl\u0103bit\u0103 poate duce la ineficien\u021be ale sistemului \u0219i la poten\u021biale defec\u021biuni.<\/li>\n<li>Dup\u0103 instalare, efectua\u021bi o prob\u0103 de func\u021bionare pentru a v\u0103 asigura c\u0103 cilindrul func\u021bioneaz\u0103 f\u0103r\u0103 probleme \u0219i eficient, verific\u00e2nd orice probleme poten\u021biale care ar putea ap\u0103rea.<\/li>\n<\/ul>\n<h2>Sarcini comune de \u00eentre\u021binere<\/h2>\n<ul>\n<li><strong>Verific\u0103ri regulate:<\/strong> Inspec\u021biile vizuale de rutin\u0103 pot ajuta la detectarea timpurie a oric\u0103ror semne de uzur\u0103 sau scurgeri, prevenind probleme mai semnificative pe parcurs. Monitoriza\u021bi \u00eentotdeauna nivelurile de lichid hidraulic \u0219i c\u0103uta\u021bi orice anomalii \u00een timpul func\u021bion\u0103rii.<\/li>\n<li><strong>Lubrifiere:<\/strong> Lubrifierea corespunz\u0103toare este esen\u021bial\u0103 pentru asigurarea func\u021bion\u0103rii corecte a cilindrului. Respectarea instruc\u021biunilor produc\u0103torului privind tipul \u0219i frecven\u021ba lubrifiantului va \u00eembun\u0103t\u0103\u021bi performan\u021ba \u0219i longevitatea.<\/li>\n<li><strong>\u00cenlocuirea garniturii:<\/strong> Garniturile trebuie verificate periodic. Dac\u0103 exist\u0103 semne de degradare, \u00eenlocuirea imediat\u0103 a garniturilor este vital\u0103 pentru a men\u021bine eficien\u021ba hidraulic\u0103 \u0219i a preveni scurgerile.<\/li>\n<\/ul>\n<h2>Considera\u021bii de siguran\u021b\u0103 \u0219i factori de mediu<\/h2>\n<p>La operarea cilindrilor hidraulici, m\u0103surile de siguran\u021b\u0103 sunt primordiale. Operatorii trebuie instrui\u021bi s\u0103 recunoasc\u0103 importan\u021ba protocoalelor de siguran\u021b\u0103, inclusiv purtarea echipamentului individual de protec\u021bie (EIP) adecvat \u0219i \u00een\u021belegerea pericolelor poten\u021biale asociate cu operarea cilindrilor. Trebuie efectuate cursuri regulate de instruire privind siguran\u021ba pentru a se asigura c\u0103 tot personalul este con\u0219tient de proceduri \u0219i poate r\u0103spunde eficient \u00een caz de urgen\u021b\u0103.<\/p>\n<h2>Depanarea problemelor comune<\/h2>\n<ul>\n<li><strong>Scurgere:<\/strong> Una dintre cele mai frecvente probleme ale cilindrilor hidraulici este scurgerea. Dac\u0103 se observ\u0103 scurgeri de fluid, acest lucru ar putea fi din cauza garniturilor uzate sau a conexiunilor deteriorate. Identificarea \u0219i \u00eenlocuirea rapid\u0103 a garniturilor poate rezolva aceast\u0103 problem\u0103.<\/li>\n<li><strong>Func\u021bionare inconsistent\u0103:<\/strong> Dac\u0103 cilindrul bra\u021bului func\u021bioneaz\u0103 inconsistent, acest lucru poate indica probleme cu nivelurile de lichid hidraulic sau blocaje \u00een conductele hidraulice. Verificarea nivelurilor de lichid \u0219i asigurarea c\u0103 conductele sunt libere sunt esen\u021biale.<\/li>\n<li><strong>R\u0103spuns lent:<\/strong> Un r\u0103spuns lent \u00een func\u021bionare poate fi atribuit aerului din sistemul hidraulic sau fluidului hidraulic insuficient. Aerisirea sistemului pentru a elimina aerul \u0219i completarea cu fluid hidraulic pot remedia aceast\u0103 problem\u0103.<\/li>\n<\/ul>\n<p>Luarea unor m\u0103suri preventive, cum ar fi verific\u0103rile regulate de \u00eentre\u021binere, poate reduce semnificativ probabilitatea \u00eent\u00e2mpin\u0103rii acestor probleme. Operatorii ar trebui s\u0103 fie proactivi \u00een abordarea lor privind \u00eentre\u021binerea, urm\u00e2nd procedurile stabilite pentru a se asigura c\u0103 sistemul hidraulic r\u0103m\u00e2ne func\u021bional.<\/p>\n<p><img decoding=\"async\" src=\"https:\/\/www.hydraulic-cylinders.net\/wp-content\/uploads\/2025\/04\/songte-bushings-with-all-kinds-of-excavator-models.webp\" alt=\"Buc\u0219e pentru excavator\" \/><\/p>\n<h2>Despre compania noastr\u0103<\/h2>\n<p>Suntem un produc\u0103tor \u0219i distribuitor angro de top de cilindri hidraulici, specializa\u021bi \u00een furnizarea de alternative de \u00eenalt\u0103 calitate. Gama noastr\u0103 extins\u0103 de produse ne pozi\u021bioneaz\u0103 ca unul dintre juc\u0103torii de top at\u00e2t pe pia\u021ba intern\u0103, c\u00e2t \u0219i pe cea interna\u021bional\u0103. Respect\u00e2nd principiul excelen\u021bei, utiliz\u0103m strategii de fabrica\u021bie rafinate prin echipamente digitale avansate \u0219i sisteme de testare profesionale.<\/p>\n<p>Angajamentul nostru fa\u021b\u0103 de calitate se reflect\u0103 \u00een investi\u021biile noastre \u00een personal calificat \u0219i tehnici inovatoare de fabrica\u021bie, care \u00eembun\u0103t\u0103\u021besc platformele noastre de produc\u021bie \u0219i sporesc calitatea produselor. Cu o dedicare pentru eficien\u021b\u0103, precizie \u0219i calitate \u00eenalt\u0103, satisfacem o gam\u0103 divers\u0103 de nevoi ale clien\u021bilor prin solu\u021bii personalizate.<\/p>\n<p><img decoding=\"async\" src=\"https:\/\/www.hydraulic-cylinders.net\/wp-content\/uploads\/2025\/04\/songte-company-4.webp\" alt=\"Prezentare general\u0103 a companiei\" \/><br \/>\n<img decoding=\"async\" src=\"https:\/\/www.hydraulic-cylinders.net\/wp-content\/uploads\/2025\/04\/songte-company-3.webp\" alt=\"Facilit\u0103\u021bi de produc\u021bie\" \/><\/p>\n<p>\u00cen concluzie, compania noastr\u0103 se remarc\u0103 prin profesionalism, certific\u0103ri interna\u021bionale, servicii personalizate, echipamente de produc\u021bie avansate \u0219i asisten\u021b\u0103 post-v\u00e2nzare excep\u021bional\u0103.<\/p>\n<p>Autor: lyl<\/p>","protected":false},"excerpt":{"rendered":"<p>Boom Cylinder For Yanmar SV025-6 Understanding the Boom Cylinder The boom cylinder is an essential hydraulic component, specifically designed for controlling the movement of buckets in heavy machinery such as excavators, backhoe loaders, and front loaders. This hydraulic cylinder allows for lifting, lowering, and tilting motions, thereby facilitating material handling tasks efficiently. Constructed to endure [&hellip;]<\/p>","protected":false},"featured_media":17881,"comment_status":"open","ping_status":"closed","template":"","meta":{"_et_pb_use_builder":"","_et_pb_old_content":"","_et_gb_content_width":""},"product_brand":[],"product_cat":[1546],"product_tag":[1547,1496],"class_list":{"0":"post-19558","1":"product","2":"type-product","3":"status-publish","4":"has-post-thumbnail","6":"product_cat-boom-cylinders","7":"product_tag-boom-cylinders","8":"product_tag-hydraulic-cylinders","10":"first","11":"instock","12":"shipping-taxable","13":"product-type-simple"},"amp_enabled":true,"_links":{"self":[{"href":"https:\/\/www.hydraulic-cylinders.net\/ro\/wp-json\/wp\/v2\/product\/19558","targetHints":{"allow":["GET"]}}],"collection":[{"href":"https:\/\/www.hydraulic-cylinders.net\/ro\/wp-json\/wp\/v2\/product"}],"about":[{"href":"https:\/\/www.hydraulic-cylinders.net\/ro\/wp-json\/wp\/v2\/types\/product"}],"replies":[{"embeddable":true,"href":"https:\/\/www.hydraulic-cylinders.net\/ro\/wp-json\/wp\/v2\/comments?post=19558"}],"wp:featuredmedia":[{"embeddable":true,"href":"https:\/\/www.hydraulic-cylinders.net\/ro\/wp-json\/wp\/v2\/media\/17881"}],"wp:attachment":[{"href":"https:\/\/www.hydraulic-cylinders.net\/ro\/wp-json\/wp\/v2\/media?parent=19558"}],"wp:term":[{"taxonomy":"product_brand","embeddable":true,"href":"https:\/\/www.hydraulic-cylinders.net\/ro\/wp-json\/wp\/v2\/product_brand?post=19558"},{"taxonomy":"product_cat","embeddable":true,"href":"https:\/\/www.hydraulic-cylinders.net\/ro\/wp-json\/wp\/v2\/product_cat?post=19558"},{"taxonomy":"product_tag","embeddable":true,"href":"https:\/\/www.hydraulic-cylinders.net\/ro\/wp-json\/wp\/v2\/product_tag?post=19558"}],"curies":[{"name":"wp","href":"https:\/\/api.w.org\/{rel}","templated":true}]}}