{"id":19561,"date":"2025-04-07T06:54:31","date_gmt":"2025-04-07T06:54:31","guid":{"rendered":"https:\/\/www.hydraulic-cylinders.net\/product\/boom-cylinder-for-yanmar-v55-6\/"},"modified":"2025-04-07T06:54:37","modified_gmt":"2025-04-07T06:54:37","slug":"boom-cylinder-for-yanmar-v55-6","status":"publish","type":"product","link":"https:\/\/www.hydraulic-cylinders.net\/ro\/produs\/boom-cylinder-for-yanmar-v55-6\/","title":{"rendered":"Cilindru de bra\u021b pentru Yanmar V55-6"},"content":{"rendered":"<h1>Cilindru de bra\u021b pentru Yanmar V55-6<\/h1>\n<h2>Introducere \u00een cilindrul bra\u021bului<\/h2>\n<p>Cilindrul bra\u021bului este o component\u0103 vital\u0103 \u00een utilajele grele, conceput special pentru utilaje precum excavatoare, \u00eenc\u0103rc\u0103toare frontale \u0219i \u00eenc\u0103rc\u0103toare frontale. Acesta joac\u0103 un rol crucial \u00een controlul mi\u0219c\u0103rii cupei, permi\u021b\u00e2ndu-i ridicarea, cobor\u00e2rea \u0219i \u00eenclinarea. Aceast\u0103 func\u021bionalitate este esen\u021bial\u0103 pentru sarcini eficiente de manipulare a materialelor \u00een diverse aplica\u021bii, inclusiv \u00een construc\u021bii \u0219i lucr\u0103ri agricole.<\/p>\n<p><img decoding=\"async\" src=\"https:\/\/www.hydraulic-cylinders.net\/wp-content\/uploads\/2025\/04\/songte-company-1.webp\" alt=\"Cilindru de bra\u021b pentru Yanmar V55-6\" \/><\/p>\n<h3>Defini\u021bie \u0219i prezentare general\u0103<\/h3>\n<p>Cilindrul bra\u021bului, cunoscut \u0219i sub denumirea de cilindru al cupei, este un tip de cilindru hidraulic utilizat special pentru controlul mi\u0219c\u0103rilor cupelor utilajelor grele. Este crucial \u00een sistemele hidraulice, permi\u021b\u00e2nd diverse mi\u0219c\u0103ri prin transformarea energiei hidraulice \u00een energie mecanic\u0103. Cilindrul bra\u021bului permite operatorilor s\u0103 controleze cu precizie pozi\u021bia cupei, asigur\u00e2nd precizia \u0219i eficien\u021ba \u00een ridicarea \u0219i mutarea materialelor.<\/p>\n<h2>Caracteristicile cilindrului bra\u021bului<\/h2>\n<ul>\n<li><strong>Rezisten\u021b\u0103 \u0219i durabilitate ridicate:<\/strong> Construit din o\u021bel sau aluminiu de \u00eenalt\u0103 rezisten\u021b\u0103, poate rezista la presiuni ridicate \u0219i sarcini grele. Designul s\u0103u ia \u00een considerare rezisten\u021ba la uzur\u0103 \u0219i la coroziune, prelungindu-i semnificativ durata de via\u021b\u0103.<\/li>\n<li><strong>Func\u021bionare hidraulic\u0103 eficient\u0103:<\/strong> Utilizeaz\u0103 presiunea uleiului hidraulic pentru o extensie \u0219i retragere lin\u0103, oferind un r\u0103spuns rapid la comenzile de control \u0219i o for\u021b\u0103 puternic\u0103 de \u00eempingere-tragere, ideal\u0103 pentru manipularea obiectelor grele \u0219i a sarcinilor complexe.<\/li>\n<li><strong>Varietate de tipuri:<\/strong> Disponibil \u00een configura\u021bii cu ac\u021biune simpl\u0103 (utilizare hidraulic\u0103 \u00eentr-o singur\u0103 direc\u021bie) sau cu ac\u021biune dubl\u0103 (utilizare hidraulic\u0103 \u00een ambele direc\u021bii) pentru a satisface diferite nevoi opera\u021bionale. Unele modele sunt dotate cu design telescopic, permi\u021b\u00e2nd o extensie mai mare f\u0103r\u0103 a cre\u0219te dimensiunile exterioare, potrivite pentru aplica\u021bii cu spa\u021biu limitat.<\/li>\n<\/ul>\n<h3>Capacit\u0103\u021bile noastre de produc\u021bie<\/h3>\n<p>Ne specializ\u0103m \u00een fabricarea acestui produs, asigur\u00e2ndu-ne c\u0103 cilindrii no\u0219tri pot \u00eenlocui perfect cilindrii hidraulici existen\u021bi.<\/p>\n<p><img decoding=\"async\" src=\"https:\/\/www.hydraulic-cylinders.net\/wp-content\/uploads\/2025\/04\/songte-cylinder-head-with-all-kinds-excavator-models.webp\" alt=\"Cilindru hidraulic pentru excavatoare\" \/><\/p>\n<h2>Aplica\u021bii ale cilindrului bra\u021bului<\/h2>\n<h3>Echipamente de construc\u021bii<\/h3>\n<p>\u00cen excavatoare, cilindrii bra\u021bului sunt esen\u021biali pentru s\u0103pare, \u00eenc\u0103rcare \u0219i mutarea p\u0103m\u00e2ntului sau a resturilor. Ace\u0219tia permit ac\u021biuni precise de s\u0103pare, asigur\u00e2ndu-se c\u0103 operatorul poate excava eficient materialele necesare. \u00cen cazul \u00eenc\u0103rc\u0103toarelor excavatoare, cilindrul bra\u021bului ajut\u0103 at\u00e2t la s\u0103pare, c\u00e2t \u0219i la ridicare, ceea ce \u00eel face o parte indispensabil\u0103 a sarcinilor de construc\u021bie.<\/p>\n<h3>Ma\u0219ini agricole<\/h3>\n<p>\u00cen \u00eenc\u0103rc\u0103toarele frontale, cilindrii bra\u021bului ajut\u0103 la scobere, ridicare \u0219i transportul solului, f\u00e2nului \u0219i altor materiale. Aceste aplica\u021bii sunt vitale pentru opera\u021biuni agricole eficiente, asigur\u00e2nd c\u0103 \u00eenc\u0103rc\u0103turile grele pot fi mutate cu u\u0219urin\u021b\u0103 \u0219i precizie.<\/p>\n<h3>Excavatoare<\/h3>\n<p>La excavatoare, cilindrul bra\u021bului permite cupei s\u0103 p\u0103trund\u0103 \u00een sol, facilit\u00e2nd ac\u021biunea de s\u0103pare. Designul s\u0103u robust asigur\u0103 c\u0103 poate face fa\u021b\u0103 solicit\u0103rilor asociate cu penetrarea terenului dur, ceea ce o face o component\u0103 critic\u0103 \u00een sarcinile de terasament.<\/p>\n<h3>\u00cenc\u0103rc\u0103toare<\/h3>\n<p>\u00cen cazul \u00eenc\u0103rc\u0103toarelor frontale, cilindrii bra\u021bului ajut\u0103 la ridicarea \u0219i desc\u0103rcarea eficient\u0103 a \u00eenc\u0103rc\u0103turilor. Capacitatea lor de a oferi capacit\u0103\u021bi puternice de ridicare asigur\u0103 c\u0103 operatorii pot gestiona eficient transportul de materiale, sporind productivitatea pe \u0219antier.<\/p>\n<h2>Considera\u021bii de proiectare \u0219i criterii de selec\u021bie<\/h2>\n<h3>Capacitate de \u00eenc\u0103rcare<\/h3>\n<p>Capacitatea de \u00eenc\u0103rcare a cilindrului bra\u021bului este un factor critic \u00een proiectarea sa. Acesta trebuie s\u0103 fie capabil s\u0103 suporte greutatea maxim\u0103 pe care o va \u00eent\u00e2lni \u00een timpul func\u021bion\u0103rii. Produc\u0103torii ofer\u0103 de obicei valori ale capacit\u0103\u021bii de \u00eenc\u0103rcare bazate pe teste riguroase pentru a asigura siguran\u021ba \u0219i fiabilitatea. Selectarea capacit\u0103\u021bii de \u00eenc\u0103rcare adecvate este crucial\u0103 pentru a preveni poten\u021bialele defec\u021biuni \u00een timpul opera\u021biunilor grele.<\/p>\n<h3>Mecanisme de etan\u0219are<\/h3>\n<p>Etan\u0219area eficient\u0103 este esen\u021bial\u0103 pentru men\u021binerea integrit\u0103\u021bii sistemului hidraulic. Alegerea garniturilor, cum ar fi garniturile pistonului \u0219i garniturile tijei, are impact asupra eficien\u021bei opera\u021bionale \u0219i a longevit\u0103\u021bii cilindrului. Garniturile fabricate din materiale de \u00eenalt\u0103 calitate, cum ar fi poliuretanul sau cauciucul nitrilic, minimizeaz\u0103 uzura \u0219i previn scurgerile, asigur\u00e2nd astfel performan\u021be optime. Inspec\u021biile regulate ale garniturilor sunt necesare pentru a detecta din timp orice semne de uzur\u0103, ceea ce poate economisi costurile repara\u021biilor pe termen lung.<\/p>\n<h3>Durabilitate<\/h3>\n<p>Durabilitatea este o considera\u021bie cheie la proiectarea cilindrilor bra\u021bului. Ace\u0219tia trebuie s\u0103 reziste la condi\u021bii dure de mediu, inclusiv temperaturi extreme, umiditate \u0219i expunere la substan\u021be chimice. Materialele \u0219i acoperirile sunt selectate special pentru rezisten\u021ba lor la coroziune \u0219i uzur\u0103. Un design durabil nu numai c\u0103 \u00eembun\u0103t\u0103\u021be\u0219te durata de via\u021b\u0103 a cilindrului, dar reduce \u0219i timpul de nefunc\u021bionare datorat nevoilor de \u00eentre\u021binere sau \u00eenlocuire.<\/p>\n<h3>Caracteristici de siguran\u021b\u0103<\/h3>\n<p>Siguran\u021ba este primordial\u0103 \u00een proiectarea cilindrilor hidraulici. Caracteristici precum protec\u021bia la suprasarcin\u0103 \u0219i supapele de suprapresiune ajut\u0103 la protejarea \u00eempotriva defec\u021biunilor nea\u0219teptate. Aceste m\u0103suri de siguran\u021b\u0103 asigur\u0103 c\u0103 operatorii pot lucra cu \u00eencredere, reduc\u00e2nd riscul de accidente \u0219i v\u0103t\u0103m\u0103ri corporale la \u0219antier.<\/p>\n<h3>U\u0219urin\u021b\u0103 \u00een \u00eentre\u021binere<\/h3>\n<p>Proiectarea cilindrilor bra\u021bului pentru \u00eentre\u021binere \u0219i repara\u021bii u\u0219oare este crucial\u0103 pentru utilizare prelungit\u0103 \u0219i eficien\u021b\u0103. Incorporarea unor componente accesibile \u0219i a unor instruc\u021biuni de service clare permite repara\u021bii mai rapide, reduc\u00e2nd la minimum timpul de nefunc\u021bionare. Produc\u0103torii ar trebui s\u0103 ia \u00een considerare capacit\u0103\u021bile de \u00eentre\u021binere ale utilizatorului final atunci c\u00e2nd proiecteaz\u0103 cilindrul, asigur\u00e2ndu-se c\u0103 acesta poate fi \u00eentre\u021binut eficient f\u0103r\u0103 a necesita unelte specializate sau instruire.<\/p>\n<p><img decoding=\"async\" src=\"https:\/\/www.hydraulic-cylinders.net\/wp-content\/uploads\/2025\/04\/songte-oil-pipes-and-spare-parts.webp\" alt=\"Piese cilindru hidraulic\" \/><\/p>\n<h2>Etan\u0219are \u0219i lubrifiere<\/h2>\n<p>Etan\u0219area \u0219i lubrifierea eficiente sunt esen\u021biale pentru men\u021binerea performan\u021bei cilindrilor bra\u021bului. Diverse elemente de etan\u0219are, cum ar fi etan\u0219\u0103rile pistonului \u0219i etan\u0219\u0103rile tijei, sunt critice \u00een prevenirea scurgerilor de fluid hidraulic. Este crucial s\u0103 se aleag\u0103 etan\u0219\u0103ri fabricate din materiale durabile, cum ar fi poliuretanul \u0219i cauciucul nitrilic, care ofer\u0103 o rezisten\u021b\u0103 excelent\u0103 la uzur\u0103. Corpul cilindrului \u0219i capetele filetate sunt prelucrate fin pentru a spori durabilitatea \u0219i rezisten\u021ba la uzur\u0103. Lubrifierea regulat\u0103 cu uleiul hidraulic adecvat este necesar\u0103 pentru a asigura func\u021bionarea f\u0103r\u0103 probleme a cilindrului \u0219i pentru a minimiza frecarea, care poate duce la uzur\u0103 prematur\u0103 \u0219i defec\u021biuni.<\/p>\n<h2>M\u0103suri de \u00eentre\u021binere preventiv\u0103<\/h2>\n<ul>\n<li><strong>Inspec\u021bii regulate:<\/strong> Efectuarea inspec\u021biilor de rutin\u0103 ale sistemului hidraulic poate ajuta la identificarea semnelor timpurii de uzur\u0103 sau deteriorare. Verifica\u021bi dac\u0103 exist\u0103 scurgeri, puncte de stres \u0219i func\u021bionalitatea general\u0103.<\/li>\n<li><strong>Lubrifiere adecvat\u0103:<\/strong> Men\u021binerea unor niveluri adecvate de lubrifiere este crucial\u0103 pentru reducerea uzurii \u0219i prelungirea duratei de via\u021b\u0103 a cilindrului. Asigura\u021bi-v\u0103 c\u0103 utiliza\u021bi uleiul hidraulic corespunz\u0103tor \u0219i c\u0103 nivelurile sunt verificate periodic.<\/li>\n<li><strong>\u00cenlocuirea garniturii:<\/strong> Verifica\u021bi periodic garniturile pentru a depista semne de uzur\u0103 \u0219i \u00eenlocui\u021bi-le prompt pentru a preveni scurgerile \u0219i a men\u021bine eficien\u021ba sistemului.<\/li>\n<\/ul>\n<h2>Instruc\u021biuni de instalare<\/h2>\n<p>Instalarea corect\u0103 a cilindrului bra\u021bului este crucial\u0103 pentru o performan\u021b\u0103 optim\u0103. \u00cencepe\u021bi prin a v\u0103 asigura c\u0103 cilindrul este aliniat corect cu suporturile de montare. Folosi\u021bi suporturi de montare adecvate pentru a fixa cilindrul \u00een pozi\u021bie. Este important s\u0103 respecta\u021bi specifica\u021biile produc\u0103torului pentru set\u0103rile de cuplu \u0219i toleran\u021bele de aliniere. Dup\u0103 instalare, verifica\u021bi conexiunile hidraulice pentru a v\u0103 asigura c\u0103 nu exist\u0103 scurgeri. Dup\u0103 instalare, este recomandabil s\u0103 rula\u021bi sistemul pe \u00eentreaga sa gam\u0103 de mi\u0219care pentru a confirma func\u021bionalitatea corect\u0103 \u0219i a detecta orice probleme din timp.<\/p>\n<h2>Sarcini comune de \u00eentre\u021binere<\/h2>\n<ul>\n<li><strong>Inspec\u021bii regulate:<\/strong> Efectuarea inspec\u021biilor de rutin\u0103 v\u0103 permite s\u0103 identifica\u021bi poten\u021bialele probleme \u00eenainte ca acestea s\u0103 se agraveze. C\u0103uta\u021bi semne de uzur\u0103, scurgeri sau oboseal\u0103 \u00een cilindru \u0219i \u00een componentele din jur.<\/li>\n<li><strong>Lubrifiere adecvat\u0103:<\/strong> Lubrifierea constant\u0103 este esen\u021bial\u0103 pentru a reduce frecarea \u0219i uzura. Asigura\u021bi-v\u0103 c\u0103 utiliza\u021bi tipul \u0219i cantitatea corect\u0103 de ulei hidraulic \u0219i urma\u021bi instruc\u021biunile produc\u0103torului privind frecven\u021ba de lubrifiere.<\/li>\n<li><strong>\u00cenlocuirea garniturii \u0219i verific\u0103ri ale calibr\u0103rii:<\/strong> Verifica\u021bi periodic garniturile pentru uzur\u0103 \u0219i \u00eenlocui\u021bi-le dup\u0103 cum este necesar. Verific\u0103rile de calibrare asigur\u0103 func\u021bionarea cilindrului \u00een parametrii specifica\u021bi, men\u021bin\u00e2nd eficien\u021ba \u0219i siguran\u021ba sistemului.<\/li>\n<\/ul>\n<p>Instalarea, lubrifierea \u0219i reglarea corect\u0103 sunt vitale pentru a asigura longevitatea \u0219i eficien\u021ba cilindrului bra\u021bului. \u00cen timpul instal\u0103rii, asigura\u021bi-v\u0103 c\u0103 cilindrul este aliniat corect \u0219i montat \u00een siguran\u021b\u0103 folosind suporturi adecvate. Practicile recomandate pentru verificarea, repararea \u0219i \u00eenlocuirea componentelor trebuie respectate cu stricte\u021be. Implementarea acestor strategii va \u00eembun\u0103t\u0103\u021bi durata de via\u021b\u0103 \u0219i performan\u021ba cilindrului bra\u021bului.<\/p>\n<p><img decoding=\"async\" src=\"https:\/\/www.hydraulic-cylinders.net\/wp-content\/uploads\/2025\/04\/songte-chushion-collar.webp\" alt=\"Guler amortizor pentru cilindri hidraulici\" \/><\/p>\n<h2>Considera\u021bii de siguran\u021b\u0103 \u0219i factori de mediu<\/h2>\n<p>Atunci c\u00e2nd se utilizeaz\u0103 cilindri hidraulici, implementarea m\u0103surilor de siguran\u021b\u0103 este de o importan\u021b\u0103 capital\u0103. Operatorii trebuie s\u0103 fie instrui\u021bi \u00een practici opera\u021bionale sigure pentru a minimiza riscul de accidente. \u00cen plus, este vital\u0103 \u00een\u021belegerea factorilor de mediu care pot afecta func\u021bionalitatea cilindrilor hidraulici, cum ar fi fluctua\u021biile de temperatur\u0103 \u0219i expunerea la substan\u021be periculoase. Auditurile regulate de siguran\u021b\u0103 pot ajuta la identificarea riscurilor poten\u021biale \u0219i la asigurarea conformit\u0103\u021bii cu reglement\u0103rile de siguran\u021b\u0103.<\/p>\n<h2>Diagnosticarea defec\u021biunilor \u0219i probleme frecvente<\/h2>\n<ul>\n<li><strong>Scurgeri hidraulice:<\/strong> Scurgerile pot ap\u0103rea din cauza garniturilor uzate sau a componentelor deteriorate. Inspec\u021biile regulate \u0219i \u00eenlocuirile la timp pot atenua aceast\u0103 problem\u0103.<\/li>\n<li><strong>Func\u021bionare lent\u0103:<\/strong> Dac\u0103 cilindrul func\u021bioneaz\u0103 lent, acest lucru ar putea indica niveluri sc\u0103zute de lichid hidraulic sau contaminare. \u00centre\u021binerea regulat\u0103 \u0219i verific\u0103rile fluidelor sunt esen\u021biale.<\/li>\n<li><strong>Zgomote neobi\u0219nuite:<\/strong> Zgomotele din timpul func\u021bion\u0103rii pot sugera uzur\u0103 mecanic\u0103 sau prezen\u021ba aerului \u00een sistemul hidraulic. Identificarea \u0219i remedierea prompt\u0103 a acestor probleme poate preveni deteriorarea ulterioar\u0103.<\/li>\n<\/ul>\n<h2>Sfaturi \u0219i solu\u021bii pentru depanare<\/h2>\n<p>Pentru a diagnostica \u0219i rezolva eficient problemele legate de cilindrii bra\u021bului, operatorii trebuie s\u0103 urmeze pa\u0219i specifici. \u00cencepe\u021bi prin verificarea nivelurilor fluidului hidraulic \u0219i inspecta\u021bi-l pentru scurgeri. Dac\u0103 se observ\u0103 o func\u021bionare lent\u0103, evalua\u021bi sistemul pentru contaminare \u0219i \u00eenlocui\u021bi fluidele dup\u0103 cum este necesar. Zgomotele neobi\u0219nuite trebuie investigate prin examinarea garniturilor \u0219i a componentelor mecanice pentru uzur\u0103 sau deteriorare. Implementarea unor m\u0103suri preventive, cum ar fi \u00eentre\u021binerea de rutin\u0103 \u0219i respectarea instruc\u021biunilor opera\u021bionale, pot reduce semnificativ apari\u021bia acestor probleme.<\/p>\n<p><img decoding=\"async\" src=\"https:\/\/www.hydraulic-cylinders.net\/wp-content\/uploads\/2025\/04\/songte-bushings-with-all-kinds-of-excavator-models.webp\" alt=\"Buc\u0219e pentru cilindri hidraulici\" \/><\/p>\n<h2>Prezentare general\u0103 a companiei<\/h2>\n<p>Suntem un produc\u0103tor important de cilindri hidraulici de schimb, specializa\u021bi \u00eentr-o gam\u0103 larg\u0103 de produse. Compania noastr\u0103 s-a impus ca un juc\u0103tor cheie pe pie\u021bele interne \u0219i interna\u021bionale pentru fabricarea \u0219i distribu\u021bia angro de cilindri hidraulici. Ader\u0103m la excelen\u021b\u0103 \u00een calitate \u0219i folosim strategii rafinate de management al produc\u021biei. Concentr\u00e2ndu-ne pe fabrica\u021bia de precizie, echipamente digitale avansate \u0219i sisteme profesionale de testare, ne \u00eembun\u0103t\u0103\u021bim constant capacit\u0103\u021bile de produc\u021bie. Capacit\u0103\u021bile noastre robuste asigur\u0103 satisfacerea nevoilor diverse ale clien\u021bilor no\u0219tri cu eficien\u021b\u0103, precizie \u0219i calitate ridicate.<\/p>\n<p><img decoding=\"async\" src=\"https:\/\/www.hydraulic-cylinders.net\/wp-content\/uploads\/2025\/04\/songte-company-4.webp\" alt=\"Prezentare general\u0103 a companiei 1\" \/><br \/>\n<img decoding=\"async\" src=\"https:\/\/www.hydraulic-cylinders.net\/wp-content\/uploads\/2025\/04\/songte-company-3.webp\" alt=\"Prezentare general\u0103 a companiei 2\" \/><\/p>\n<h2>Concluzie<\/h2>\n<p>Prin angajamentul nostru fa\u021b\u0103 de servicii profesionale, certific\u0103ri interna\u021bionale \u0219i solu\u021bii personalizabile, ne asigur\u0103m c\u0103 produsele noastre ies \u00een eviden\u021b\u0103 pe pia\u021b\u0103. Facilit\u0103\u021bile noastre de produc\u021bie de ultim\u0103 genera\u021bie \u0219i serviciul post-v\u00e2nzare dedicat sporesc \u0219i mai mult fiabilitatea \u0219i satisfac\u021bia clien\u021bilor no\u0219tri.<\/p>\n<p>Autor: lyl<\/p>","protected":false},"excerpt":{"rendered":"<p>Boom Cylinder For Yanmar V55-6 Introduction to Boom Cylinder The Boom Cylinder is a vital component in heavy machinery, specifically designed for machines like excavators, backhoe loaders, and front loaders. It plays a crucial role in controlling the movement of the bucket, allowing it to lift, lower, and tilt. This functionality is essential for efficient [&hellip;]<\/p>","protected":false},"featured_media":17869,"comment_status":"open","ping_status":"closed","template":"","meta":{"_et_pb_use_builder":"","_et_pb_old_content":"","_et_gb_content_width":""},"product_brand":[],"product_cat":[1546],"product_tag":[1547,1496],"class_list":{"0":"post-19561","1":"product","2":"type-product","3":"status-publish","4":"has-post-thumbnail","6":"product_cat-boom-cylinders","7":"product_tag-boom-cylinders","8":"product_tag-hydraulic-cylinders","10":"first","11":"instock","12":"shipping-taxable","13":"product-type-simple"},"amp_enabled":true,"_links":{"self":[{"href":"https:\/\/www.hydraulic-cylinders.net\/ro\/wp-json\/wp\/v2\/product\/19561","targetHints":{"allow":["GET"]}}],"collection":[{"href":"https:\/\/www.hydraulic-cylinders.net\/ro\/wp-json\/wp\/v2\/product"}],"about":[{"href":"https:\/\/www.hydraulic-cylinders.net\/ro\/wp-json\/wp\/v2\/types\/product"}],"replies":[{"embeddable":true,"href":"https:\/\/www.hydraulic-cylinders.net\/ro\/wp-json\/wp\/v2\/comments?post=19561"}],"wp:featuredmedia":[{"embeddable":true,"href":"https:\/\/www.hydraulic-cylinders.net\/ro\/wp-json\/wp\/v2\/media\/17869"}],"wp:attachment":[{"href":"https:\/\/www.hydraulic-cylinders.net\/ro\/wp-json\/wp\/v2\/media?parent=19561"}],"wp:term":[{"taxonomy":"product_brand","embeddable":true,"href":"https:\/\/www.hydraulic-cylinders.net\/ro\/wp-json\/wp\/v2\/product_brand?post=19561"},{"taxonomy":"product_cat","embeddable":true,"href":"https:\/\/www.hydraulic-cylinders.net\/ro\/wp-json\/wp\/v2\/product_cat?post=19561"},{"taxonomy":"product_tag","embeddable":true,"href":"https:\/\/www.hydraulic-cylinders.net\/ro\/wp-json\/wp\/v2\/product_tag?post=19561"}],"curies":[{"name":"wp","href":"https:\/\/api.w.org\/{rel}","templated":true}]}}