{"id":19564,"date":"2025-04-07T06:54:50","date_gmt":"2025-04-07T06:54:50","guid":{"rendered":"https:\/\/www.hydraulic-cylinders.net\/product\/boom-cylinder-for-yishan-ys70\/"},"modified":"2025-04-07T06:54:52","modified_gmt":"2025-04-07T06:54:52","slug":"boom-cylinder-for-yishan-ys70","status":"publish","type":"product","link":"https:\/\/www.hydraulic-cylinders.net\/ro\/produs\/boom-cylinder-for-yishan-ys70\/","title":{"rendered":"Cilindru de bra\u021b pentru Yishan YS70"},"content":{"rendered":"<h1>Cilindru de bra\u021b pentru Yishan YS70<\/h1>\n<h2>Introducere \u00een cilindrul bra\u021bului<\/h2>\n<p>Cilindrul bra\u021bului este o component\u0103 crucial\u0103 \u00een sistemele hidraulice, special conceput pentru controlul mi\u0219c\u0103rii cupelor \u00een utilaje grele, cum ar fi excavatoarele, \u00eenc\u0103rc\u0103toarele cu excavator \u0219i \u00eenc\u0103rc\u0103toarele frontale. Acesta permite ridicarea, cobor\u00e2rea \u0219i \u00eenclinarea cupei, facilit\u00e2nd sarcinile eficiente de manipulare a materialelor. Acest tip de cilindru hidraulic joac\u0103 un rol semnificativ \u00een \u00eembun\u0103t\u0103\u021birea performan\u021bei \u0219i versatilit\u0103\u021bii echipamentelor de construc\u021bii.<\/p>\n<p>Fiind un cilindru hidraulic, cilindrul bra\u021bului utilizeaz\u0103 fluid hidraulic pentru a produce o mi\u0219care liniar\u0103. Prin manipularea presiunii fluidului hidraulic, operatorii pot realiza mi\u0219c\u0103ri precise, esen\u021biale pentru sarcini precum s\u0103parea, \u00eenc\u0103rcarea \u0219i transportul materialelor.<\/p>\n<p><img decoding=\"async\" src=\"https:\/\/www.hydraulic-cylinders.net\/wp-content\/uploads\/2025\/04\/songte-company-1.webp\" alt=\"Imaginea cilindrului bra\u021bului\" \/><\/p>\n<h2>Caracteristicile cilindrului bra\u021bului<\/h2>\n<ul>\n<li>\n<h3>Rezisten\u021b\u0103 \u0219i durabilitate ridicate<\/h3>\n<p>Fabricat de obicei din o\u021bel sau aluminiu de \u00eenalt\u0103 rezisten\u021b\u0103, cilindrul bra\u021bului este proiectat s\u0103 reziste la presiuni ridicate \u0219i sarcini grele, fiind potrivit pentru medii de lucru dure. Designul ia \u00een considerare rezisten\u021ba la uzur\u0103 \u0219i protec\u021bia la coroziune, prelungindu-i durata de via\u021b\u0103.<\/li>\n<li>\n<h3>Func\u021bionare hidraulic\u0103 eficient\u0103<\/h3>\n<p>Cilindrul bra\u021bului utilizeaz\u0103 presiunea uleiului hidraulic pentru o extensie \u0219i retragere lin\u0103, permi\u021b\u00e2nd un r\u0103spuns rapid la comenzile operatorului \u0219i oferind for\u021be puternice de \u00eempingere \u0219i tragere, ideale pentru manipularea obiectelor grele \u0219i a sarcinilor complexe.<\/li>\n<li>\n<h3>Diverse tipuri de cilindri<\/h3>\n<p>Cilindrul bra\u021bului este disponibil \u00een diferite tipuri, inclusiv cilindri cu ac\u021biune simpl\u0103 (func\u021bioneaz\u0103 \u00eentr-o singur\u0103 direc\u021bie) \u0219i cilindri cu ac\u021biune dubl\u0103 (func\u021bioneaz\u0103 \u00een ambele direc\u021bii). Anumite modele sunt telescopice, permi\u021b\u00e2nd o extensie mai mare f\u0103r\u0103 a cre\u0219te dimensiunile exterioare, fiind potrivite pentru spa\u021bii \u00eenguste.<\/li>\n<\/ul>\n<p>Produsele noastre pot \u00eenlocui perfect cilindrii hidraulici existen\u021bi, asigur\u00e2nd compatibilitate \u0219i fiabilitate.<\/p>\n<p><img decoding=\"async\" src=\"https:\/\/www.hydraulic-cylinders.net\/wp-content\/uploads\/2025\/04\/songte-cylinder-head-with-all-kinds-excavator-models.webp\" alt=\"Modele de excavatoare\" \/><\/p>\n<h2>Aplica\u021bii ale cilindrului bra\u021bului<\/h2>\n<h3>Echipamente de construc\u021bii<\/h3>\n<p>\u00cen excavatoare, cilindrii bra\u021bului sunt vitali pentru s\u0103pare, \u00eenc\u0103rcare \u0219i mutarea p\u0103m\u00e2ntului sau a resturilor. Sistemul hidraulic permite un control precis asupra mi\u0219c\u0103rii cupei, permi\u021b\u00e2nd operatorilor s\u0103 efectueze diverse sarcini eficient. \u00cen cazul \u00eenc\u0103rc\u0103toarelor excavatoare, cilindrul bra\u021bului ajut\u0103 at\u00e2t la opera\u021biunile de excavare, c\u00e2t \u0219i la cele de ridicare, sporind versatilitatea ma\u0219inii.<\/p>\n<h3>Ma\u0219ini agricole<\/h3>\n<p>\u00cen cazul \u00eenc\u0103rc\u0103toarelor frontale, cilindrii bra\u021bului sunt utiliza\u021bi pentru a scoate, ridica \u0219i transporta solul, f\u00e2nul \u0219i alte materiale. Permi\u021b\u00e2nd ac\u021biuni eficiente de ridicare \u0219i desc\u0103rcare, ace\u0219ti cilindri \u00eembun\u0103t\u0103\u021besc semnificativ productivitatea \u00een ferme \u0219i \u00een mediul agricol.<\/p>\n<h3>Excavatoare<\/h3>\n<p>Cilindrii bra\u021bului permit cupei s\u0103 p\u0103trund\u0103 eficient \u00een sol, facilit\u00e2nd sarcinile de excavare. Puterea hidraulic\u0103 permite cupei s\u0103 exercite for\u021ba necesar\u0103 pentru a sparge suprafe\u021be dure, ceea ce o face un element esen\u021bial \u00een construc\u021bii \u0219i dezvoltare terenuri.<\/p>\n<h3>\u00cenc\u0103rc\u0103toare<\/h3>\n<p>La \u00eenc\u0103rc\u0103toarele frontale, cilindrii bra\u021bului ajut\u0103 la ridicarea \u0219i desc\u0103rcarea eficient\u0103 a \u00eenc\u0103rc\u0103turilor. Designul lor permite o articulare \u0219i un control lini\u0219tit, sporind capacit\u0103\u021bile opera\u021bionale ale \u00eenc\u0103rc\u0103torului \u00een diverse aplica\u021bii.<\/p>\n<h2>Considera\u021bii de proiectare \u0219i criterii de selec\u021bie<\/h2>\n<h3>Capacitate de \u00eenc\u0103rcare<\/h3>\n<p>Atunci c\u00e2nd se selecteaz\u0103 un cilindru pentru bra\u021b, capacitatea de \u00eenc\u0103rcare este unul dintre cei mai importan\u021bi factori. Aceasta determin\u0103 greutatea maxim\u0103 pe care cilindrul o poate suporta f\u0103r\u0103 a compromite integritatea structural\u0103. Un cilindru proiectat pentru aplica\u021bii cu sarcini mari trebuie s\u0103 fie supus unor teste riguroase pentru a asigura fiabilitatea \u0219i siguran\u021ba \u00een condi\u021bii extreme.<\/p>\n<h3>Integritatea etan\u0219\u0103rii<\/h3>\n<p>Etan\u0219area joac\u0103 un rol vital \u00een eficien\u021ba sistemului hidraulic. Alegerea garniturilor potrivite ajut\u0103 la prevenirea scurgerilor de fluid hidraulic, asigur\u00e2nd performan\u021be optime \u0219i minimiz\u00e2nd costurile de \u00eentre\u021binere. Utilizarea materialelor de etan\u0219are de \u00eenalt\u0103 calitate, cum ar fi poliuretanul \u0219i cauciucul nitrilic, spore\u0219te durabilitatea \u0219i rezisten\u021ba la uzur\u0103.<\/p>\n<h3>Durabilitate<\/h3>\n<p>Durabilitatea este esen\u021bial\u0103 pentru cilindrii hidraulici expu\u0219i la medii dure. Materialele \u0219i acoperirile care rezist\u0103 la coroziune \u0219i abraziune prelungesc durata de via\u021b\u0103 a cilindrului bra\u021bului, ceea ce \u00eel face o investi\u021bie mai rentabil\u0103 pentru operatori.<\/p>\n<h3>Standarde de siguran\u021b\u0103<\/h3>\n<p>Respectarea standardelor de siguran\u021b\u0103 \u00een proiectarea cilindrilor bra\u021bului este crucial\u0103 pentru a asigura siguran\u021ba operatorilor \u0219i longevitatea echipamentelor. Respectarea reglement\u0103rilor din industrie spore\u0219te fiabilitatea produsului pe pia\u021b\u0103.<\/p>\n<h3>Accesibilitate pentru \u00eentre\u021binere<\/h3>\n<p>Proiectarea cilindrilor bra\u021bului pentru o \u00eentre\u021binere u\u0219oar\u0103 este crucial\u0103 pentru minimizarea timpilor de nefunc\u021bionare. Caracteristicile care permit inspec\u021bia, lubrifierea \u0219i \u00eenlocuirea pieselor simple contribuie la eficien\u021ba opera\u021bional\u0103 general\u0103.<\/p>\n<p><img decoding=\"async\" src=\"https:\/\/www.hydraulic-cylinders.net\/wp-content\/uploads\/2025\/04\/songte-oil-pipes-and-spare-parts.webp\" alt=\"Conducte de petrol \u0219i piese de schimb\" \/><\/p>\n<h2>Etan\u0219are \u0219i lubrifiere<\/h2>\n<p>Etan\u0219area eficient\u0103 este esen\u021bial\u0103 pentru a asigura buna func\u021bionare a cilindrilor bra\u021bului. Se utilizeaz\u0103 diverse etan\u0219\u0103ri, inclusiv etan\u0219\u0103ri pentru piston \u0219i etan\u0219\u0103ri pentru tij\u0103, care sunt adesea fabricate din materiale rezistente la uzur\u0103, cum ar fi poliuretanul \u0219i cauciucul nitrilic. Corpul cilindrului \u0219i capetele filetate sunt supuse unei prelucr\u0103ri fine pentru a spori rezisten\u021ba la uzur\u0103, asigur\u00e2nd performan\u021be de lung\u0103 durat\u0103. Lubrifierea regulat\u0103 cu uleiul hidraulic adecvat este necesar\u0103 pentru a men\u021bine func\u021bionalitatea etan\u0219\u0103rilor \u0219i a cilindrului \u00een sine, prevenind problemele opera\u021bionale \u0219i prelungind durata de via\u021b\u0103 a produsului.<\/p>\n<h2>M\u0103suri de \u00eentre\u021binere preventiv\u0103<\/h2>\n<ul>\n<li>\n<h3>Inspec\u021bii regulate<\/h3>\n<p>Efectuarea unor inspec\u021bii frecvente ale cilindrului bra\u021bului pentru a depista semne de uzur\u0103, scurgeri sau deteriorare este esen\u021bial\u0103. Depistarea timpurie a problemelor permite repara\u021bii la timp, prevenind probleme mai semnificative care ar putea duce la perioade de nefunc\u021bionare costisitoare.<\/h3>\n<\/li>\n<li>\n<h3>Lubrifiere adecvat\u0103<\/h3>\n<p>Asigurarea lubrifierii adecvate a pieselor mobile este vital\u0103 pentru reducerea frec\u0103rii \u0219i a uzurii. Verificarea \u0219i reumplerea regulat\u0103 a nivelului de fluid hidraulic va ajuta la men\u021binerea unei eficien\u021be opera\u021bionale optime.<\/h3>\n<\/li>\n<li>\n<h3>\u00cenlocuirea garniturii<\/h3>\n<p>\u00cen timp, garniturile se pot degrada \u0219i pot necesita \u00eenlocuire. Identificarea momentului potrivit pentru \u00eenlocuirea garniturilor poate preveni scurgerile \u0219i poate men\u021bine integritatea sistemului.<\/h3>\n<\/li>\n<\/ul>\n<h2>Instruc\u021biuni de instalare<\/h2>\n<p>Instalarea corect\u0103 a cilindrului bra\u021bului este esen\u021bial\u0103 pentru performan\u021ba \u0219i longevitatea acestuia. Mai \u00eent\u00e2i, asigura\u021bi-v\u0103 c\u0103 cilindrul este aliniat corect cu utilajul pentru a preveni solicit\u0103rile excesive asupra componentelor. Utiliza\u021bi console de montare adecvate pentru a fixa cilindrul \u00een pozi\u021bie, ceea ce ajut\u0103 la men\u021binerea alinierii \u0219i la reducerea vibra\u021biilor \u00een timpul func\u021bion\u0103rii. Urma\u021bi specifica\u021biile produc\u0103torului pentru conectarea conductelor hidraulice, asigur\u00e2ndu-v\u0103 c\u0103 evita\u021bi \u00eendoiturile sau curbele ascu\u021bite care pot restric\u021biona curgerea fluidului. \u00cen cele din urm\u0103, dup\u0103 instalare, testa\u021bi sistemul hidraulic pentru a confirma c\u0103 cilindrul bra\u021bului func\u021bioneaz\u0103 f\u0103r\u0103 probleme \u0219i f\u0103r\u0103 scurgeri.<\/p>\n<h2>Sarcini comune de \u00eentre\u021binere<\/h2>\n<h3>Verific\u0103ri regulate<\/h3>\n<p>Inspec\u021biile regulate ajut\u0103 la identificarea poten\u021bialelor probleme \u00eenainte ca acestea s\u0103 se agraveze. C\u0103uta\u021bi semne de uzur\u0103, scurgeri sau deteriorare \u00een timpul verific\u0103rilor. P\u0103strarea unui jurnal de \u00eentre\u021binere poate ajuta la urm\u0103rirea performan\u021bei \u0219i la detectarea tiparelor \u00een timp.<\/p>\n<h3>Lubrifiere adecvat\u0103<\/h3>\n<p>Men\u021binerea unor niveluri adecvate de lubrifiere este esen\u021bial\u0103 pentru buna func\u021bionare a cilindrului bra\u021bului. Asigura\u021bi-v\u0103 c\u0103 lubrifian\u021bii sunt aplica\u021bi conform recomand\u0103rilor produc\u0103torului pentru a evita degradarea garniturilor \u0219i a altor componente.<\/p>\n<h3>\u00cenlocuirea garniturii \u0219i verific\u0103ri ale calibr\u0103rii<\/h3>\n<p>Verific\u0103rile de calibrare de rutin\u0103 asigur\u0103 c\u0103 cilindrul bra\u021bului func\u021bioneaz\u0103 la eficien\u021b\u0103 optim\u0103. Dac\u0103 calibrarea indic\u0103 discrepan\u021be \u00een func\u021bionare, poate fi necesar\u0103 \u00eenlocuirea garniturilor sau efectuarea de ajust\u0103ri la sistemul hidraulic pentru a restabili func\u021bionarea corect\u0103.<\/p>\n<p><img decoding=\"async\" src=\"https:\/\/www.hydraulic-cylinders.net\/wp-content\/uploads\/2025\/04\/songte-chushion-collar.webp\" alt=\"Guler de pern\u0103\" \/><\/p>\n<h2>Considera\u021bii de siguran\u021b\u0103 \u0219i factori de mediu<\/h2>\n<p>Atunci c\u00e2nd lucra\u021bi cu sisteme hidraulice, implementarea m\u0103surilor de siguran\u021b\u0103 este esen\u021bial\u0103. Asigura\u021bi-v\u0103 \u00eentotdeauna c\u0103 operatorii sunt instrui\u021bi cu privire la utilizarea \u00een siguran\u021b\u0103 a cilindrilor bra\u021bului. Echipamentele trebuie inspectate periodic pentru a preveni accidentele legate de defec\u021biunile echipamentelor. \u00cen plus, lua\u021bi \u00een considerare impactul fluidelor hidraulice asupra mediului \u0219i alege\u021bi op\u021biuni biodegradabile atunci c\u00e2nd sunt disponibile pentru a minimiza daunele ecologice.<\/p>\n<h2>Depanare \u0219i probleme frecvente<\/h2>\n<ul>\n<li>\n<h3>Scurgere<\/h3>\n<p>Scurgerile pot ap\u0103rea din cauza garniturilor uzate sau a componentelor deteriorate. Pentru a remedia acest lucru, inspecta\u021bi garniturile pentru uzur\u0103 \u0219i \u00eenlocui\u021bi-le dup\u0103 cum este necesar, asigur\u00e2ndu-v\u0103 c\u0103 toate fitingurile sunt str\u00e2nse \u0219i sigure.<\/h3>\n<\/li>\n<li>\n<h3>Performan\u021b\u0103 inconsistent\u0103<\/h3>\n<p>Dac\u0103 cilindrul bra\u021bului func\u021bioneaz\u0103 neregulat, verifica\u021bi nivelurile fluidului hidraulic \u0219i inspecta\u021bi dac\u0103 exist\u0103 aer \u00een sistem. Aerisirea sistemului poate fi necesar\u0103 pentru a asigura o presiune constant\u0103.<\/h3>\n<\/li>\n<li>\n<h3>Supra\u00eenc\u0103lzire<\/h3>\n<p>Supra\u00eenc\u0103lzirea fluidului hidraulic poate indica o problem\u0103 cu sistemul de r\u0103cire. Asigurarea nivelurilor adecvate de lichid \u0219i verificarea sistemului de r\u0103cire pentru blocaje pot ajuta la ameliorarea acestei probleme.<\/h3>\n<\/li>\n<\/ul>\n<p>Implementarea m\u0103surilor preventive poate reduce semnificativ probabilitatea apari\u021biei acestor probleme, sporind astfel fiabilitatea general\u0103 a cilindrului bra\u021bului.<\/p>\n<p><img decoding=\"async\" src=\"https:\/\/www.hydraulic-cylinders.net\/wp-content\/uploads\/2025\/04\/songte-bushings-with-all-kinds-of-excavator-models.webp\" alt=\"Buc\u0219e cu modele de excavatoare\" \/><\/p>\n<h2>Despre compania noastr\u0103<\/h2>\n<p>Suntem un produc\u0103tor \u0219i distribuitor angro de top de cilindri hidraulici, dedica\u021bi furniz\u0103rii de alternative de \u00eenalt\u0103 calitate pentru diverse aplica\u021bii. Gama noastr\u0103 extins\u0103 de produse \u0219i angajamentul fa\u021b\u0103 de excelen\u021b\u0103 ne-au transformat \u00eentr-un juc\u0103tor important at\u00e2t pe pie\u021bele interne, c\u00e2t \u0219i pe cele interna\u021bionale. Respect\u0103m standarde stricte de calitate \u0219i utiliz\u0103m tehnici avansate de fabrica\u021bie, asigur\u00e2ndu-ne c\u0103 produsele noastre satisfac nevoile diverse ale clien\u021bilor no\u0219tri.<\/p>\n<p>Expertiza noastr\u0103 este sus\u021binut\u0103 de o for\u021b\u0103 de munc\u0103 calificat\u0103, echipamente digitale de produc\u021bie de ultim\u0103 genera\u021bie \u0219i sisteme robuste de testare, sporind capacit\u0103\u021bile noastre de produc\u021bie. Prioritiz\u0103m calitatea, eficien\u021ba \u0219i precizia, permi\u021b\u00e2ndu-ne s\u0103 \u00eendeplinim eficient cerin\u021bele unice ale clien\u021bilor no\u0219tri. Reputa\u021bia noastr\u0103 este construit\u0103 pe fiabilitate, solu\u021bii inovatoare \u0219i servicii post-v\u00e2nzare excep\u021bionale.<\/p>\n<p><img decoding=\"async\" src=\"https:\/\/www.hydraulic-cylinders.net\/wp-content\/uploads\/2025\/04\/songte-company-4.webp\" alt=\"Imaginea companiei 1\" \/><br \/>\n<img decoding=\"async\" src=\"https:\/\/www.hydraulic-cylinders.net\/wp-content\/uploads\/2025\/04\/songte-company-3.webp\" alt=\"Imaginea companiei 2\" \/><\/p>\n<p>Autor: lyl<\/p>","protected":false},"excerpt":{"rendered":"<p>Boom Cylinder For Yishan YS70 Introduction to Boom Cylinder The Boom Cylinder is a crucial component in hydraulic systems, specifically designed for controlling the movement of buckets in heavy machinery such as excavators, backhoe loaders, and front loaders. It allows for the lifting, lowering, and tilting of the bucket, facilitating efficient material handling tasks. This [&hellip;]<\/p>","protected":false},"featured_media":17872,"comment_status":"open","ping_status":"closed","template":"","meta":{"_et_pb_use_builder":"","_et_pb_old_content":"","_et_gb_content_width":""},"product_brand":[],"product_cat":[1546],"product_tag":[1547,1496],"class_list":{"0":"post-19564","1":"product","2":"type-product","3":"status-publish","4":"has-post-thumbnail","6":"product_cat-boom-cylinders","7":"product_tag-boom-cylinders","8":"product_tag-hydraulic-cylinders","10":"first","11":"instock","12":"shipping-taxable","13":"product-type-simple"},"amp_enabled":true,"_links":{"self":[{"href":"https:\/\/www.hydraulic-cylinders.net\/ro\/wp-json\/wp\/v2\/product\/19564","targetHints":{"allow":["GET"]}}],"collection":[{"href":"https:\/\/www.hydraulic-cylinders.net\/ro\/wp-json\/wp\/v2\/product"}],"about":[{"href":"https:\/\/www.hydraulic-cylinders.net\/ro\/wp-json\/wp\/v2\/types\/product"}],"replies":[{"embeddable":true,"href":"https:\/\/www.hydraulic-cylinders.net\/ro\/wp-json\/wp\/v2\/comments?post=19564"}],"wp:featuredmedia":[{"embeddable":true,"href":"https:\/\/www.hydraulic-cylinders.net\/ro\/wp-json\/wp\/v2\/media\/17872"}],"wp:attachment":[{"href":"https:\/\/www.hydraulic-cylinders.net\/ro\/wp-json\/wp\/v2\/media?parent=19564"}],"wp:term":[{"taxonomy":"product_brand","embeddable":true,"href":"https:\/\/www.hydraulic-cylinders.net\/ro\/wp-json\/wp\/v2\/product_brand?post=19564"},{"taxonomy":"product_cat","embeddable":true,"href":"https:\/\/www.hydraulic-cylinders.net\/ro\/wp-json\/wp\/v2\/product_cat?post=19564"},{"taxonomy":"product_tag","embeddable":true,"href":"https:\/\/www.hydraulic-cylinders.net\/ro\/wp-json\/wp\/v2\/product_tag?post=19564"}],"curies":[{"name":"wp","href":"https:\/\/api.w.org\/{rel}","templated":true}]}}