{"id":19571,"date":"2025-04-07T06:55:09","date_gmt":"2025-04-07T06:55:09","guid":{"rendered":"https:\/\/www.hydraulic-cylinders.net\/product\/boom-cylinder-for-john-deere-e230lc\/"},"modified":"2025-04-07T06:55:12","modified_gmt":"2025-04-07T06:55:12","slug":"boom-cylinder-for-john-deere-e230lc","status":"publish","type":"product","link":"https:\/\/www.hydraulic-cylinders.net\/ro\/produs\/boom-cylinder-for-john-deere-e230lc\/","title":{"rendered":"Cilindru bra\u021b pentru John Deere E230LC"},"content":{"rendered":"<h1>Cilindru bra\u021b pentru John Deere E230LC<\/h1>\n<h2>Prezentare general\u0103 a produsului<\/h2>\n<p>Cilindrul bra\u021bului pentru John Deere E230LC este o component\u0103 hidraulic\u0103 vital\u0103, conceput\u0103 pentru a controla mi\u0219carea bra\u021bului \u00een utilajele grele. Ace\u0219ti cilindri sunt special proiecta\u021bi pentru a fi utiliza\u021bi \u00een excavatoare, excavatoare \u0219i \u00eenc\u0103rc\u0103toare, permi\u021b\u00e2nd ridicarea, cobor\u00e2rea \u0219i \u00eenclinarea bra\u021bului, facilit\u00e2nd sarcini eficiente de manipulare a materialelor. Ac\u021bion\u00e2nd ca for\u021b\u0103 motrice \u00een sistemele hidraulice, cilindrii cupei transform\u0103 presiunea hidraulic\u0103 \u00een mi\u0219care mecanic\u0103, permi\u021b\u00e2nd un control \u0219i o func\u021bionare precise \u00een diverse aplica\u021bii.<\/p>\n<p><img decoding=\"async\" src=\"https:\/\/www.hydraulic-cylinders.net\/wp-content\/uploads\/2025\/04\/songte-company-1.webp\" alt=\"Cilindru de bra\u021b\"><\/p>\n<h3>\u00cen\u021belegerea cilindrilor cupei<\/h3>\n<p>Cilindrii cupei sunt cilindri hidraulici care joac\u0103 un rol esen\u021bial \u00een gestionarea activit\u0103\u021bilor echipamentelor grele. Ace\u0219tia sunt esen\u021biali \u00een efectuarea unor sarcini precum s\u0103parea, ridicarea \u0219i transportul materialelor. Func\u021bionarea acestor cilindri se bazeaz\u0103 pe principiile hidraulicii, unde presiunea fluidului este utilizat\u0103 pentru a facilita o mi\u0219care lin\u0103 \u0219i eficient\u0103. Considera\u021biile lor de proiectare includ rezisten\u021ba, durabilitatea \u0219i performan\u021ba pe termen lung \u00een medii dificile.<\/p>\n<h2>Caracteristici cheie ale cilindrului bra\u021bului<\/h2>\n<ul>\n<li><strong>Rezisten\u021b\u0103 \u0219i durabilitate ridicate:<\/strong> Fabrica\u021bi din o\u021bel sau aluminiu de \u00eenalt\u0103 rezisten\u021b\u0103, ace\u0219ti cilindri pot rezista la presiuni ridicate \u0219i sarcini grele, fiind potrivi\u021bi pentru condi\u021bii de lucru dure.<\/li>\n<li><strong>Func\u021bionare hidraulic\u0103 eficient\u0103:<\/strong> Utiliz\u00e2nd presiunea uleiului hidraulic, cilindrul bra\u021bului permite extinderea \u0219i retragerea lin\u0103, oferind capacit\u0103\u021bi robuste de \u00eempingere \u0219i tragere pentru sarcini grele de ridicare.<\/li>\n<li><strong>Diverse tipuri:<\/strong> Disponibil \u00een configura\u021bii cu ac\u021biune simpl\u0103 (func\u021bion\u00e2nd \u00eentr-o singur\u0103 direc\u021bie) sau cu ac\u021biune dubl\u0103 (func\u021bion\u00e2nd \u00een ambele direc\u021bii) pentru a satisface diverse cerin\u021be opera\u021bionale.<\/li>\n<li><strong>Designuri care economisesc spa\u021biu:<\/strong> Anumite modele sunt dotate cu design telescopic, permi\u021b\u00e2nd o extindere mai mare f\u0103r\u0103 a cre\u0219te dimensiunile exterioare totale, ideale pentru aplica\u021bii cu spa\u021biu limitat.<\/li>\n<li><strong>Fabrica\u021bie personalizat\u0103:<\/strong> Suntem capabili s\u0103 producem acest produs pentru a \u00eenlocui perfect cilindrii hidraulici existen\u021bi, oferind solu\u021bii personalizate clien\u021bilor no\u0219tri.<\/li>\n<\/ul>\n<p><img decoding=\"async\" src=\"https:\/\/www.hydraulic-cylinders.net\/wp-content\/uploads\/2025\/04\/songte-cylinder-head-with-all-kinds-excavator-models.webp\" alt=\"Fabrica\u021bie personalizat\u0103\"><\/p>\n<h2>Aplica\u021bii ale cilindrului bra\u021bului<\/h2>\n<h3>Echipamente de construc\u021bii<\/h3>\n<p>\u00cen echipamentele de construc\u021bii, cum ar fi excavatoarele, cilindrii bra\u021bului sunt esen\u021biali pentru excavare, \u00eenc\u0103rcare \u0219i mutarea p\u0103m\u00e2ntului sau a molozului. Ace\u0219tia ofer\u0103 for\u021ba necesar\u0103 pentru a p\u0103trunde \u00een sol, a ridica sarcini grele \u0219i a pozi\u021biona bra\u021bul pentru opera\u021biuni precise de excavare. Aceast\u0103 eficien\u021b\u0103 spore\u0219te productivitatea pe \u0219antiere, permi\u021b\u00e2nd finalizarea mai rapid\u0103 a proiectelor \u0219i reducerea costurilor opera\u021bionale.<\/p>\n<h3>Ma\u0219ini agricole<\/h3>\n<p>Utiliza\u021bi \u00een \u00eenc\u0103rc\u0103toarele frontale, cilindrii bra\u021bului sunt esen\u021biali pentru scobere, ridicare \u0219i transportul solului, f\u00e2nului \u0219i altor materiale. Capacitatea lor de a gestiona cu u\u0219urin\u021b\u0103 sarcini grele \u00eei face indispensabili \u00een activit\u0103\u021bile agricole, asigur\u00e2nd finalizarea prompt\u0103 \u0219i eficient\u0103 a sarcinilor.<\/p>\n<h3>Excavatoare<\/h3>\n<p>La excavatoare, cilindrul bra\u021bului permite cupei s\u0103 p\u0103trund\u0103 eficient \u00een sol, facilit\u00e2nd ac\u021biunile de s\u0103pare necesare pentru proiectele de construc\u021bii \u0219i amenaj\u0103ri peisagistice. Func\u021bionarea lor puternic\u0103 asigur\u0103 c\u0103 excavatoarele pot aborda materiale dificile, oferind un avantaj competitiv pe pia\u021b\u0103.<\/p>\n<h3>\u00cenc\u0103rc\u0103toare<\/h3>\n<p>\u00cen cazul \u00eenc\u0103rc\u0103toarelor frontale, cilindrii bra\u021bului ajut\u0103 la ridicarea \u0219i desc\u0103rcarea eficient\u0103 a \u00eenc\u0103rc\u0103turilor. Ace\u0219tia asigur\u0103 c\u0103 materialele pot fi ridicate la \u00een\u0103l\u021bimea necesar\u0103 pentru desc\u0103rcare, ceea ce este crucial pentru diverse aplica\u021bii de amenajare a teritoriului, construc\u021bii \u0219i minerit.<\/p>\n<h2>Considera\u021bii de proiectare \u0219i criterii de selec\u021bie<\/h2>\n<h3>Capacitate de \u00eenc\u0103rcare<\/h3>\n<p>Capacitatea de \u00eenc\u0103rcare a unui cilindru al bra\u021bului este esen\u021bial\u0103 pentru a asigura c\u0103 acesta poate suporta greutatea materialelor \u0219i echipamentelor \u00een timpul opera\u021biunilor. Trebuie efectuate calcule \u0219i evalu\u0103ri adecvate pentru a selecta un cilindru care s\u0103 \u00eendeplineasc\u0103 sau s\u0103 dep\u0103\u0219easc\u0103 cerin\u021bele opera\u021bionale, prevenind astfel defec\u021biunile care ar putea duce la accidente sau deteriorarea echipamentelor.<\/p>\n<h3>Sigilare<\/h3>\n<p>Mecanismele eficiente de etan\u0219are sunt esen\u021biale pentru a men\u021bine fluidul hidraulic \u00een interiorul cilindrului \u0219i a preveni scurgerile. Selectarea unor etan\u0219\u0103ri de \u00eenalt\u0103 calitate, fabricate din materiale durabile, este vital\u0103 pentru a asigura longevitatea \u0219i performan\u021ba la presiune ridicat\u0103. Verific\u0103rile \u0219i \u00eenlocuirile regulate ale etan\u0219\u0103rilor sunt necesare pentru a men\u021bine o func\u021bionalitate optim\u0103.<\/p>\n<h3>Durabilitate<\/h3>\n<p>Durabilitatea este un factor critic \u00een proiectarea cilindrilor bra\u021bului, deoarece ace\u0219tia sunt supu\u0219i unor condi\u021bii extreme \u0219i utiliz\u0103rii intense. Alegerea materialelor \u0219i a metodelor de construc\u021bie ar trebui s\u0103 acorde prioritate rezisten\u021bei la uzur\u0103, impactului asupra mediului \u0219i oboseal\u0103 \u00een timp. Implementarea unor standarde robuste de proiectare asigur\u0103 c\u0103 ace\u0219ti cilindri pot rezista la medii dure f\u0103r\u0103 a compromite performan\u021ba.<\/p>\n<h3>Siguran\u0163\u0103<\/h3>\n<p>Caracteristicile de siguran\u021b\u0103 ar trebui integrate \u00een proiectarea cilindrilor bra\u021bului pentru a preveni accidentele \u00een timpul func\u021bion\u0103rii. Acestea includ supape de siguran\u021b\u0103 \u0219i sisteme de eliberare a presiunii care atenueaz\u0103 riscurile de suprapresurizare \u0219i ofer\u0103 operatorilor lini\u0219te sufleteasc\u0103 \u00een timpul utiliz\u0103rii echipamentului.<\/p>\n<h3>Mentenabilitate<\/h3>\n<p>\u00centre\u021binerea u\u0219oar\u0103 este o alt\u0103 considera\u021bie crucial\u0103. Proiectele ar trebui s\u0103 faciliteze sarcinile rapide de inspec\u021bie \u0219i \u00eentre\u021binere, permi\u021b\u00e2nd repara\u021bii \u0219i ajust\u0103ri la timp. Capacitatea de service a componentelor va influen\u021ba negativ timpul de nefunc\u021bionare \u0219i eficien\u021ba opera\u021bional\u0103 dac\u0103 nu este luat\u0103 \u00een considerare \u00een mod corespunz\u0103tor \u00een faza de proiectare.<\/p>\n<p><img decoding=\"async\" src=\"https:\/\/www.hydraulic-cylinders.net\/wp-content\/uploads\/2025\/04\/songte-oil-pipes-and-spare-parts.webp\" alt=\"Piese hidraulice\"><\/p>\n<h2>Etan\u0219are \u0219i lubrifiere<\/h2>\n<p>Etan\u0219area \u0219i lubrifierea sunt esen\u021biale pentru men\u021binerea performan\u021bei cilindrilor bra\u021bului. Diverse etan\u0219\u0103ri, cum ar fi etan\u0219\u0103rile pistonului \u0219i etan\u0219\u0103rile tijei, sunt utilizate pentru a preveni scurgerile \u0219i contaminarea fluidului hidraulic. Materiale precum poliuretanul \u0219i cauciucul nitrilic sunt utilizate \u00een mod obi\u0219nuit pentru rezisten\u021ba lor la uzur\u0103 \u0219i capacitatea de a rezista la condi\u021bii dure. Corpul cilindrului \u0219i capetele filetate sunt supuse unor prelucr\u0103ri de precizie pentru a spori rezisten\u021ba la uzur\u0103, \u00een timp ce lubrifierea regulat\u0103 cu ulei hidraulic asigur\u0103 o func\u021bionare lin\u0103 \u0219i prelunge\u0219te durata de via\u021b\u0103 a cilindrului.<\/p>\n<h2>\u00centre\u021binere regulat\u0103 \u0219i m\u0103suri preventive<\/h2>\n<ul>\n<li><strong>Inspec\u021bii regulate:<\/strong> Efectuarea inspec\u021biilor de rutin\u0103 ajut\u0103 la identificarea uzurii \u0219i a poten\u021bialelor defec\u021biuni \u00eenainte ca acestea s\u0103 se agraveze. C\u0103uta\u021bi semne de scurgeri sau uzur\u0103 neobi\u0219nuit\u0103 a garniturilor \u0219i componentelor.<\/li>\n<li><strong>Lubrifiere adecvat\u0103:<\/strong> Lubrifia\u021bi periodic piesele mobile cu ulei hidraulic adecvat pentru a reduce frecarea \u0219i uzura. Asigura\u021bi-v\u0103 c\u0103 uleiul utilizat \u00eendepline\u0219te specifica\u021biile necesare pentru o performan\u021b\u0103 optim\u0103.<\/li>\n<li><strong>\u00cenlocuirea garniturii:<\/strong> \u00cen timp, garniturile se degradeaz\u0103 \u0219i pot duce la scurgeri. Stabili\u021bi un program pentru inspectarea garniturilor \u0219i \u00eenlocuirea acestora, dup\u0103 cum este necesar, pentru a men\u021bine integritatea sistemului hidraulic.<\/li>\n<\/ul>\n<h2>Instruc\u021biuni de instalare<\/h2>\n<p>Instalarea corect\u0103 a unui cilindru al bra\u021bului este esen\u021bial\u0103 pentru performan\u021ba \u0219i longevitatea acestuia. Asigura\u021bi-v\u0103 c\u0103 urm\u0103torii pa\u0219i sunt respecta\u021bi \u00een timpul instal\u0103rii:<\/p>\n<ol>\n<li>Alinia\u021bi corect cilindrul cu punctele de montare pentru a preveni solicit\u0103rile excesive \u0219i a asigura o func\u021bionare lin\u0103.<\/li>\n<li>Folosi\u021bi console \u0219i accesorii de montare adecvate pentru a fixa cilindrul \u00een pozi\u021bie, evit\u00e2nd orice mi\u0219care care ar putea duce la nealiniere.<\/li>\n<li>Verifica\u021bi etan\u0219eitatea tuturor conexiunilor hidraulice pentru a preveni scurgerile.<\/li>\n<li>Umple\u021bi sistemul hidraulic cu fluidul recomandat, asigur\u00e2ndu-v\u0103 c\u0103 nu exist\u0103 bule de aer \u00een conducte.<\/li>\n<li>Testa\u021bi sistemul la sarcin\u0103 redus\u0103 \u00eenainte de pornirea complet\u0103 pentru a v\u0103 asigura c\u0103 totul func\u021bioneaz\u0103 corect.<\/li>\n<\/ol>\n<h2>Sarcini comune de \u00eentre\u021binere<\/h2>\n<h3>Verific\u0103ri regulate<\/h3>\n<p>Verific\u0103rile de rutin\u0103 sunt esen\u021biale pentru a identifica din timp orice uzur\u0103 sau poten\u021biale puncte de defec\u021biune. Inspecta\u021bi periodic conductele hidraulice, garniturile \u0219i corpul cilindrului pentru orice semne de scurgeri sau deteriorare. Remedia\u021bi imediat orice problem\u0103 pentru a preveni repara\u021bii costisitoare pe parcurs.<\/p>\n<h3>Lubrifiere adecvat\u0103<\/h3>\n<p>Regular lubrication of the boom cylinder is crucial to ensure smooth operation. Use the correct hydraulic oil and ensure that the lubrication schedule aligns with the manufacturer&#8217;s recommendations. Proper lubrication significantly enhances the lifespan of the hydraulic system.<\/p>\n<h3>\u00cenlocuirea \u0219i calibrarea etan\u0219\u0103rii<\/h3>\n<p>\u00cen timp, garniturile se pot uza \u0219i pot necesita \u00eenlocuire pentru a men\u021bine integritatea sistemului hidraulic. Implementa\u021bi un program pentru inspec\u021biile \u0219i \u00eenlocuirile garniturilor. Calibrarea sistemului hidraulic joac\u0103, de asemenea, un rol vital \u00een asigurarea performan\u021bei optime, reduc\u00e2nd \u0219ansele de defec\u021biune sau defec\u021biune.<\/p>\n<p><img decoding=\"async\" src=\"https:\/\/www.hydraulic-cylinders.net\/wp-content\/uploads\/2025\/04\/songte-chushion-collar.webp\" alt=\"Guler de pern\u0103\"><\/p>\n<h2>Considera\u021bii de siguran\u021b\u0103 \u0219i factori de mediu<\/h2>\n<p>M\u0103surile de siguran\u021b\u0103 sunt primordiale atunci c\u00e2nd se lucreaz\u0103 cu cilindri hidraulici. Operatorii trebuie s\u0103 fie instrui\u021bi cu privire la func\u021bionarea \u00een siguran\u021b\u0103 a echipamentelor \u0219i s\u0103 \u00een\u021beleag\u0103 riscurile asociate cu sistemele hidraulice. Implementarea protocoalelor de siguran\u021b\u0103, cum ar fi utilizarea echipamentului individual de protec\u021bie (EIP) adecvat \u0219i asigurarea c\u0103 toate echipamentele sunt \u00een bun\u0103 stare de func\u021bionare, este esen\u021bial\u0103. \u00cen plus, lua\u021bi \u00een considerare impactul fluidelor hidraulice asupra mediului \u0219i asigura\u021bi-v\u0103 c\u0103 toate procedurile respect\u0103 reglement\u0103rile locale privind scurgerile \u0219i eliminarea de\u0219eurilor.<\/p>\n<h2>Depanare \u0219i probleme frecvente<\/h2>\n<h3>Probleme comune<\/h3>\n<ul>\n<li><strong>Scurgere:<\/strong> Acest lucru poate ap\u0103rea din cauza garniturilor uzate sau a fitingurilor sl\u0103bite. Inspec\u021biile regulate pot ajuta la identificarea timpurie a scurgerilor.<\/li>\n<li><strong>Func\u021bionare lent\u0103:<\/strong> Dac\u0103 cilindrul se mi\u0219c\u0103 \u00eencet, ar putea indica niveluri sc\u0103zute de lichid hidraulic sau aer \u00een sistem. Verifica\u021bi nivelurile de lichid \u0219i aerisi\u021bi sistemul dac\u0103 este necesar.<\/li>\n<li><strong>Zgomote neobi\u0219nuite:<\/strong> Scr\u00e2\u0219netul sau sc\u00e2r\u021b\u00e2itul pot sugera uzur\u0103 mecanic\u0103 sau lubrifiere insuficient\u0103. Investiga\u021bi \u0219i remedia\u021bi imediat orice zgomot.<\/li>\n<\/ul>\n<h3>Sfaturi de depanare<\/h3>\n<p>Pentru a diagnostica \u0219i rezolva eficient problemele, operatorii ar trebui s\u0103 men\u021bin\u0103 o list\u0103 de verificare a simptomelor \u0219i cauzelor poten\u021biale. De exemplu, dac\u0103 se observ\u0103 scurgeri, inspecta\u021bi mai \u00eent\u00e2i etan\u0219\u0103rile \u0219i fitingurile. Dac\u0103 se observ\u0103 o func\u021bionare lent\u0103, verifica\u021bi nivelul fluidului hidraulic \u0219i c\u0103uta\u021bi aer prins \u00een conducte. Rezolvarea prompt\u0103 a acestor probleme poate preveni daune mai grave \u0219i perioade de nefunc\u021bionare opera\u021bional\u0103.<\/p>\n<p><img decoding=\"async\" src=\"https:\/\/www.hydraulic-cylinders.net\/wp-content\/uploads\/2025\/04\/songte-bushings-with-all-kinds-of-excavator-models.webp\" alt=\"Buc\u0219e\"><\/p>\n<h2>Despre compania noastr\u0103<\/h2>\n<p>We are a leading manufacturer of replacement hydraulic cylinders, offering a comprehensive range of products to meet the diverse needs of domestic and international markets. Our commitment to excellence is backed by a refined manufacturing strategy that incorporates high standards of quality control. Our facilities are equipped with advanced technology, enabling us to produce cylinders that meet rigorous performance criteria. We pride ourselves on our innovative capabilities and our ability to provide customized solutions tailored to our clients&#8217; specific needs.<\/p>\n<p><img decoding=\"async\" src=\"https:\/\/www.hydraulic-cylinders.net\/wp-content\/uploads\/2025\/04\/songte-company-4.webp\" alt=\"Prezentare general\u0103 a companiei\"><br \/>\n<img decoding=\"async\" src=\"https:\/\/www.hydraulic-cylinders.net\/wp-content\/uploads\/2025\/04\/songte-company-3.webp\" alt=\"Unitate de produc\u021bie\"><\/p>\n<h3>Profesionalism \u0219i certific\u0103ri<\/h3>\n<p>Our company adheres to international standards and certifications, ensuring that our products meet the highest quality benchmarks. We focus on delivering customized services tailored to our clients&#8217; requirements, ensuring satisfaction and reliability.<\/p>\n<h3>Echipamente de produc\u021bie<\/h3>\n<p>Echipamentele noastre de produc\u021bie de ultim\u0103 genera\u021bie ne permit s\u0103 fabric\u0103m cilindri hidraulici de \u00eenalt\u0103 calitate, cu precizie \u0219i eficien\u021b\u0103. Concentr\u00e2ndu-ne pe calitate \u0219i performan\u021b\u0103, procesele noastre de fabrica\u021bie sunt concepute pentru a satisface cerin\u021bele pie\u021bei, respect\u00e2nd \u00een acela\u0219i timp reglement\u0103rile de siguran\u021b\u0103.<\/p>\n<h3>Serviciu post-v\u00e2nzare<\/h3>\n<p>Oferim servicii complete post-v\u00e2nzare, inclusiv asisten\u021b\u0103 pentru instalare, \u00eentre\u021binere \u0219i depanare. Echipa noastr\u0103 dedicat\u0103 de servicii pentru clien\u021bi este disponibil\u0103 pentru a ajuta clien\u021bii cu orice probleme pe care le-ar putea \u00eent\u00e2mpina, asigur\u00e2nd o experien\u021b\u0103 f\u0103r\u0103 probleme de la achizi\u021bie p\u00e2n\u0103 la utilizare.<\/p>\n<p>Autor: lyl<\/p>","protected":false},"excerpt":{"rendered":"<p>Boom Cylinder For John Deere E230LC Product Overview The Boom Cylinder for John Deere E230LC is a vital hydraulic component designed to control the movement of the boom in heavy machinery. These cylinders are specifically engineered for use in excavators, backhoes, and loaders, enabling the boom to lift, lower, and tilt, facilitating efficient material handling [&hellip;]<\/p>","protected":false},"featured_media":17879,"comment_status":"open","ping_status":"closed","template":"","meta":{"_et_pb_use_builder":"","_et_pb_old_content":"","_et_gb_content_width":""},"product_brand":[],"product_cat":[1546],"product_tag":[1547,1496],"class_list":{"0":"post-19571","1":"product","2":"type-product","3":"status-publish","4":"has-post-thumbnail","6":"product_cat-boom-cylinders","7":"product_tag-boom-cylinders","8":"product_tag-hydraulic-cylinders","10":"first","11":"instock","12":"shipping-taxable","13":"product-type-simple"},"amp_enabled":true,"_links":{"self":[{"href":"https:\/\/www.hydraulic-cylinders.net\/ro\/wp-json\/wp\/v2\/product\/19571","targetHints":{"allow":["GET"]}}],"collection":[{"href":"https:\/\/www.hydraulic-cylinders.net\/ro\/wp-json\/wp\/v2\/product"}],"about":[{"href":"https:\/\/www.hydraulic-cylinders.net\/ro\/wp-json\/wp\/v2\/types\/product"}],"replies":[{"embeddable":true,"href":"https:\/\/www.hydraulic-cylinders.net\/ro\/wp-json\/wp\/v2\/comments?post=19571"}],"wp:featuredmedia":[{"embeddable":true,"href":"https:\/\/www.hydraulic-cylinders.net\/ro\/wp-json\/wp\/v2\/media\/17879"}],"wp:attachment":[{"href":"https:\/\/www.hydraulic-cylinders.net\/ro\/wp-json\/wp\/v2\/media?parent=19571"}],"wp:term":[{"taxonomy":"product_brand","embeddable":true,"href":"https:\/\/www.hydraulic-cylinders.net\/ro\/wp-json\/wp\/v2\/product_brand?post=19571"},{"taxonomy":"product_cat","embeddable":true,"href":"https:\/\/www.hydraulic-cylinders.net\/ro\/wp-json\/wp\/v2\/product_cat?post=19571"},{"taxonomy":"product_tag","embeddable":true,"href":"https:\/\/www.hydraulic-cylinders.net\/ro\/wp-json\/wp\/v2\/product_tag?post=19571"}],"curies":[{"name":"wp","href":"https:\/\/api.w.org\/{rel}","templated":true}]}}