{"id":19574,"date":"2025-04-07T06:55:18","date_gmt":"2025-04-07T06:55:18","guid":{"rendered":"https:\/\/www.hydraulic-cylinders.net\/product\/boom-cylinder-for-yuchai-yc08-8\/"},"modified":"2025-04-07T06:55:20","modified_gmt":"2025-04-07T06:55:20","slug":"boom-cylinder-for-yuchai-yc08-8","status":"publish","type":"product","link":"https:\/\/www.hydraulic-cylinders.net\/ro\/produs\/boom-cylinder-for-yuchai-yc08-8\/","title":{"rendered":"Cilindru de bra\u021b pentru Yuchai YC08-8"},"content":{"rendered":"<h1>Cilindru de bra\u021b pentru Yuchai YC08-8<\/h1>\n<h2>Prezentare general\u0103 a produsului<\/h2>\n<p>Cilindrul bra\u021bului pentru Yuchai YC08-8 este o component\u0103 esen\u021bial\u0103 \u00een sistemele hidraulice utilizate \u00een utilajele grele. Fiind un tip de cilindru hidraulic, este special conceput pentru a controla mi\u0219carea cupelor \u00een diverse echipamente, cum ar fi excavatoare, \u00eenc\u0103rc\u0103toare frontale \u0219i \u00eenc\u0103rc\u0103toare frontale. Func\u021bia principal\u0103 a cilindrului bra\u021bului este de a permite ridicarea, cobor\u00e2rea \u0219i \u00eenclinarea cupei, facilit\u00e2nd sarcini eficiente de manipulare a materialelor.<\/p>\n<p>Func\u021bionarea cilindrului bra\u021bului este esen\u021bial\u0103 \u00een utilajele de construc\u021bii \u0219i agricole, unde este nevoie de un control precis \u0219i de performan\u021be puternice. Acesta permite mi\u0219c\u0103ri line \u0219i ofer\u0103 for\u021ba necesar\u0103 pentru a manipula eficient sarcini grele. Sistemul hidraulic utilizeaz\u0103 presiunea fluidului, ceea ce permite cilindrului bra\u021bului s\u0103 se extind\u0103 \u0219i s\u0103 se retrag\u0103 f\u0103r\u0103 probleme. Aceast\u0103 func\u021bionalitate este vital\u0103 pentru efectuarea diverselor opera\u021biuni, inclusiv s\u0103parea, ridicarea \u0219i transportul materialelor.<\/p>\n<p><img decoding=\"async\" src=\"https:\/\/www.hydraulic-cylinders.net\/wp-content\/uploads\/2025\/04\/songte-company-1.webp\" alt=\"Cilindru de bra\u021b\"><\/p>\n<h2>Caracteristici cheie<\/h2>\n<ul>\n<li>\n<h3>Rezisten\u021b\u0103 \u0219i durabilitate ridicate<\/h3>\n<p>Construit din o\u021bel sau aluminiu de \u00eenalt\u0103 rezisten\u021b\u0103, cilindrul bra\u021bului este conceput s\u0103 reziste la presiuni ridicate \u0219i sarcini grele. Designul s\u0103u ia \u00een considerare rezisten\u021ba la uzur\u0103 \u0219i prevenirea coroziunii, asigur\u00e2nd o durat\u0103 lung\u0103 de via\u021b\u0103 chiar \u0219i \u00een medii de lucru dure.<\/p>\n<\/li>\n<li>\n<h3>Func\u021bionare hidraulic\u0103 eficient\u0103<\/h3>\n<p>Cilindrul bra\u021bului utilizeaz\u0103 presiunea uleiului hidraulic pentru a realiza ac\u021biuni line de extensie \u0219i retragere. Acesta r\u0103spunde rapid la comenzile operatorului, oferind for\u021be robuste de \u00eempingere \u0219i tragere, potrivite pentru manipularea obiectelor grele \u0219i a sarcinilor complexe.<\/p>\n<\/li>\n<li>\n<h3>Varietate de tipuri<\/h3>\n<p>\u00cen func\u021bie de nevoile aplica\u021biei, cilindrul bra\u021bului poate fi selectat fie ca cilindru cu ac\u021biune simpl\u0103 (func\u021bioneaz\u0103 \u00eentr-o singur\u0103 direc\u021bie), fie ca cilindru cu ac\u021biune dubl\u0103 (func\u021bioneaz\u0103 \u00een dou\u0103 direc\u021bii). Anumite modele sunt telescopice, permi\u021b\u00e2nd o extensie mai mare f\u0103r\u0103 a cre\u0219te dimensiunile exterioare, fiind potrivite pentru spa\u021bii \u00eenguste.<\/p>\n<\/li>\n<li>\n<h3>Fabrica\u021bie personalizat\u0103<\/h3>\n<p>Compania noastr\u0103 este specializat\u0103 \u00een producerea de cilindri hidraulici adapta\u021bi cerin\u021belor specifice. Produsele noastre pot \u00eenlocui perfect cilindrii hidraulici existen\u021bi, asigur\u00e2nd compatibilitate \u0219i performan\u021b\u0103.<\/p>\n<\/li>\n<li>\n<h3>Integrare tehnologic\u0103 avansat\u0103<\/h3>\n<p>Utiliz\u0103m tehnologie de ultim\u0103 genera\u021bie \u00een procesele noastre de fabrica\u021bie, sporind precizia \u0219i calitatea cilindrilor no\u0219tri de bra\u021b.<\/p>\n<\/li>\n<\/ul>\n<p><img decoding=\"async\" src=\"https:\/\/www.hydraulic-cylinders.net\/wp-content\/uploads\/2025\/04\/songte-cylinder-head-with-all-kinds-excavator-models.webp\" alt=\"Chiulas\u0103 hidraulic\u0103\"><\/p>\n<h2>Scenarii de aplica\u021bii<\/h2>\n<h3>Echipamente de construc\u021bii<\/h3>\n<p>\u00cen excavatoare, cilindrii bra\u021bului joac\u0103 un rol crucial \u00een s\u0103parea, \u00eenc\u0103rcarea \u0219i mutarea solului sau a resturilor. Ace\u0219tia permit cupei s\u0103 p\u0103trund\u0103 eficient \u00een sol, permi\u021b\u00e2nd operatorilor s\u0103 efectueze sarcinile de excavare eficient. \u00cen cazul \u00eenc\u0103rc\u0103toarelor basculante, ace\u0219ti cilindri ajut\u0103 nu numai la s\u0103pare, ci \u0219i la ridicarea materialelor, asigur\u00e2nd versatilitate \u00een opera\u021biunile de construc\u021bie.<\/p>\n<h3>Ma\u0219ini agricole<\/h3>\n<p>\u00cen cazul \u00eenc\u0103rc\u0103toarelor frontale, cilindrii bra\u021bului sunt esen\u021biali pentru scobere, ridicare \u0219i transportul solului, f\u00e2nului \u0219i altor materiale. Puterea lor hidraulic\u0103 asigur\u0103 deplasarea rapid\u0103 \u0219i eficient\u0103 a unor volume mari, sporind productivitatea fermelor \u0219i a terenurilor agricole.<\/p>\n<h3>Excavatoare<\/h3>\n<p>Excavatoarele se bazeaz\u0103 pe cilindrii bra\u021bului pentru a facilita ac\u021biunile de s\u0103pare, permi\u021b\u00e2nd cupei s\u0103 p\u0103trund\u0103 eficient \u00een sol. Aceast\u0103 capacitate este vital\u0103 pentru diverse sarcini, inclusiv s\u0103parea de \u0219an\u021buri, nivelarea \u0219i preg\u0103tirea \u0219antierului, unde sunt necesare precizie \u0219i putere.<\/p>\n<h3>\u00cenc\u0103rc\u0103toare<\/h3>\n<p>\u00cen cazul \u00eenc\u0103rc\u0103toarelor frontale, cilindrii bra\u021bului contribuie semnificativ la ridicarea \u0219i desc\u0103rcarea eficient\u0103 a sarcinilor. Ace\u0219tia sunt proiecta\u021bi s\u0103 fac\u0103 fa\u021b\u0103 cerin\u021belor de ridicare grea, men\u021bin\u00e2nd \u00een acela\u0219i timp stabilitatea \u0219i controlul, ceea ce \u00eei face indispensabili \u00een opera\u021biunile de manipulare a materialelor.<\/p>\n<h2>Considera\u021bii de proiectare<\/h2>\n<h3>Capacitate de \u00eenc\u0103rcare<\/h3>\n<p>Capacitatea de \u00eenc\u0103rcare a unui cilindru de bra\u021b este un factor crucial \u00een proiectarea sa. Acesta trebuie proiectat pentru a suporta greutatea maxim\u0103 pe care o va \u00eent\u00e2lni f\u0103r\u0103 a compromite siguran\u021ba sau performan\u021ba. Aceasta implic\u0103 selectarea materialelor \u0219i dimensiunilor adecvate pentru a asigura integritatea structural\u0103 sub sarcin\u0103.<\/p>\n<h3>Sigilare<\/h3>\n<p>Etan\u0219area eficient\u0103 este esen\u021bial\u0103 \u00een cilindrii hidraulici pentru a preveni scurgerile de fluid \u0219i contaminarea. Trebuie utilizate etan\u0219\u0103ri de \u00eenalt\u0103 calitate pentru a men\u021bine presiunea \u00een sistem, asigur\u00e2nd performan\u021be optime \u0219i longevitatea cilindrului. Proiectul ar trebui s\u0103 permit\u0103 utilizarea diferitelor tipuri de etan\u0219\u0103ri pentru a r\u0103spunde condi\u021biilor specifice de func\u021bionare.<\/p>\n<h3>Durabilitate<\/h3>\n<p>Durabilitatea este primordial\u0103 pentru cilindrii bra\u021bului, deoarece ace\u0219tia func\u021bioneaz\u0103 \u00een medii dure. Materialele utilizate ar trebui s\u0103 reziste la uzur\u0103 \u0219i coroziune, prelungind durata de via\u021b\u0103 a cilindrului. \u00centre\u021binerea regulat\u0103 \u0219i verific\u0103rile calit\u0103\u021bii \u00een timpul fabrica\u021biei ajut\u0103 la asigurarea faptului c\u0103 cilindrii \u00eendeplinesc standardele de durabilitate.<\/p>\n<h3>Siguran\u0163\u0103<\/h3>\n<p>Incorporarea caracteristicilor de siguran\u021b\u0103 \u00een proiectarea cilindrilor hidraulici este esen\u021bial\u0103 pentru prevenirea accidentelor \u0219i asigurarea func\u021bion\u0103rii \u00een siguran\u021b\u0103 a utilajelor grele. Aceasta include supape de suprapresiune \u0219i mecanisme de siguran\u021b\u0103 care se activeaz\u0103 \u00een caz de defec\u021biune.<\/p>\n<h3>Mentenabilitate<\/h3>\n<p>Proiectarea cilindrilor bra\u021bului ar trebui s\u0103 faciliteze \u00eentre\u021binerea \u0219i repararea u\u0219oar\u0103. Aceasta include accesibilitatea pentru \u00eenlocuirea garniturilor \u0219i lubrifierea pieselor, precum \u0219i furnizarea de instruc\u021biuni clare pentru service. Procedurile de \u00eentre\u021binere bine concepute ajut\u0103 la prelungirea ciclului de via\u021b\u0103 al sistemului hidraulic.<\/p>\n<p><img decoding=\"async\" src=\"https:\/\/www.hydraulic-cylinders.net\/wp-content\/uploads\/2025\/04\/songte-oil-pipes-and-spare-parts.webp\" alt=\"Piese hidraulice\"><\/p>\n<h2>Etan\u0219are \u0219i lubrifiere<\/h2>\n<p>Etan\u0219area \u0219i lubrifierea sunt componente esen\u021biale \u00een men\u021binerea performan\u021bei cilindrilor hidraulici. Diverse elemente de etan\u0219are, cum ar fi etan\u0219\u0103rile pistonului \u0219i etan\u0219\u0103rile tijei, sunt utilizate pentru a asigura c\u0103 fluidul nu prezint\u0103 scurgeri, men\u021bin\u00e2nd presiunea \u00een sistem. Etan\u0219\u0103rile fabricate din materiale precum poliuretanul \u0219i cauciucul nitrilic sunt preferate datorit\u0103 rezisten\u021bei la uzur\u0103 \u0219i durabilit\u0103\u021bii lor.<\/p>\n<p>Corpul cilindrului \u0219i suprafe\u021bele filetate ale cap\u0103tului sunt de obicei prelucrate fin pentru a spori rezisten\u021ba la uzur\u0103. Lubrifierea regulat\u0103 cu ulei hidraulic adecvat este necesar\u0103 pentru a minimiza frecarea \u0219i uzura pieselor \u00een mi\u0219care, asigur\u00e2nd astfel o func\u021bionare lin\u0103. Implementarea unui program regulat de lubrifiere este vital\u0103 pentru men\u021binerea eficien\u021bei \u0219i longevit\u0103\u021bii sistemului hidraulic.<\/p>\n<h2>Inspec\u021bie regulat\u0103 \u0219i \u00eentre\u021binere preventiv\u0103<\/h2>\n<ul>\n<li>\n<h3>Inspec\u021bii de rutin\u0103<\/h3>\n<p>Efectuarea inspec\u021biilor regulate ale cilindrului bra\u021bului este crucial\u0103 pentru identificarea poten\u021bialelor probleme \u00eenainte ca acestea s\u0103 se agraveze. Operatorii ar trebui s\u0103 verifice orice semne de scurgeri, coroziune sau uzur\u0103 a garniturilor \u0219i a altor componente. Depistarea timpurie poate preveni repara\u021bii costisitoare \u0219i poate prelungi durata de via\u021b\u0103 a echipamentului.<\/p>\n<\/li>\n<li>\n<h3>Lubrifiere adecvat\u0103<\/h3>\n<p>Asigurarea lubrifierii adecvate a cilindrului bra\u021bului este esen\u021bial\u0103 pentru func\u021bionarea eficient\u0103 a acestuia. Operatorii trebuie s\u0103 respecte instruc\u021biunile produc\u0103torului privind frecven\u021ba lubrifierii \u0219i tipurile de ulei hidraulic care trebuie utilizate. Lubrifierea insuficient\u0103 poate duce la cre\u0219terea frec\u0103rii \u0219i la uzur\u0103 prematur\u0103.<\/p>\n<\/li>\n<li>\n<h3>\u00cenlocuirea garniturii<\/h3>\n<p>\u00cen timp, garniturile se pot degrada \u0219i necesit\u0103 \u00eenlocuire pentru a men\u021bine integritatea sistemului. \u00centre\u021binerea regulat\u0103 programat\u0103 ar trebui s\u0103 includ\u0103 verificarea garniturilor pentru uzur\u0103 \u0219i \u00eenlocuirea acestora, dup\u0103 cum este necesar, pentru a preveni scurgerile de fluid \u0219i a asigura performan\u021be optime.<\/p>\n<\/li>\n<\/ul>\n<h2>Instruc\u021biuni de instalare<\/h2>\n<p>Instalarea corect\u0103 a cilindrului bra\u021bului este esen\u021bial\u0103 pentru asigurarea performan\u021bei \u0219i longevit\u0103\u021bii sale optime. \u00cencepe\u021bi prin a v\u0103 asigura c\u0103 spa\u021biul de lucru este curat \u0219i f\u0103r\u0103 resturi. Alinia\u021bi cilindrul cu precizie cu punctele de montare, utiliz\u00e2nd suporturi adecvate pentru a-l fixa \u00een pozi\u021bie. Este esen\u021bial s\u0103 verifica\u021bi dac\u0103 toate conexiunile sunt str\u00e2nse \u0219i dac\u0103 furtunurile hidraulice sunt pozate corect pentru a evita orice \u00eendoire sau pierdere de presiune.<\/p>\n<p>C\u00e2nd conecta\u021bi furtunurile, asigura\u021bi-v\u0103 c\u0103 nu exist\u0103 scurgeri verific\u00e2nd toate fitingurile \u0219i conexiunile. Dup\u0103 instalare, testa\u021bi cilindrul ac\u021bion\u00e2ndu-l pe \u00eentreaga sa gam\u0103 de mi\u0219care pentru a verifica dac\u0103 func\u021bioneaz\u0103 corect, f\u0103r\u0103 obstacole. Verifica\u021bi periodic alinierea \u0219i siguran\u021ba mont\u0103rii pentru a evita orice probleme opera\u021bionale.<\/p>\n<h2>Sarcini comune de \u00eentre\u021binere<\/h2>\n<ul>\n<li>\n<h3>Inspec\u021bii regulate<\/h3>\n<p>Trebuie efectuate inspec\u021bii programate pentru a monitoriza starea cilindrului bra\u021bului. Acestea includ verificarea semnelor de uzur\u0103, evaluarea nivelului de lichid \u0219i asigurarea c\u0103 toate componentele sunt fixate \u0219i func\u021bioneaz\u0103 corect.<\/p>\n<\/li>\n<li>\n<h3>Lubrifiere adecvat\u0103<\/h3>\n<p>Stabilirea unui program de lubrifiere este esen\u021bial\u0103. Utiliza\u021bi uleiurile hidraulice recomandate \u0219i asigura\u021bi-v\u0103 c\u0103 cilindrul este lubrifiat conform specifica\u021biilor produc\u0103torului pentru a preveni uzura excesiv\u0103 \u0219i a men\u021bine eficien\u021ba.<\/p>\n<\/li>\n<li>\n<h3>\u00cenlocuirea garniturii \u0219i verific\u0103ri ale calibr\u0103rii<\/h3>\n<p>Urm\u0103ri\u021bi garniturile pentru orice semne de deteriorare. C\u00e2nd \u00eenlocui\u021bi garniturile, asigura\u021bi-v\u0103 c\u0103 toate componentele sunt calibrate corect pentru a men\u021bine performan\u021ba optim\u0103 a sistemului hidraulic.<\/p>\n<\/li>\n<\/ul>\n<p><img decoding=\"async\" src=\"https:\/\/www.hydraulic-cylinders.net\/wp-content\/uploads\/2025\/04\/songte-chushion-collar.webp\" alt=\"Guler hidraulic cu pern\u0103\"><\/p>\n<h2>Considera\u021bii de siguran\u021b\u0103 \u0219i factori de mediu<\/h2>\n<p>La operarea sistemelor hidraulice, m\u0103surile de siguran\u021b\u0103 sunt primordiale. Operatorii trebuie s\u0103 poarte echipament individual de protec\u021bie adecvat \u0219i s\u0103 se asigure c\u0103 toate protocoalele de siguran\u021b\u0103 sunt respectate \u00een timpul func\u021bion\u0103rii \u0219i \u00eentre\u021binerii. Instruirea regulat\u0103 \u0219i exerci\u021biile de siguran\u021b\u0103 pot ajuta la reducerea riscului de accidente la locul de munc\u0103. Mai mult, trebuie luate \u00een considerare aspectele legate de mediu pentru a preveni scurgerile \u0219i scurgerile de fluid hidraulic care pot d\u0103una mediului \u00eenconjur\u0103tor.<\/p>\n<h2>Diagnosticarea defec\u021biunilor \u0219i probleme frecvente<\/h2>\n<ul>\n<li>\n<h3>Scurgeri de fluide<\/h3>\n<p>Scurgerile de fluide sunt una dintre cele mai frecvente probleme \u00eent\u00e2lnite la cilindrii hidraulici. Semnele includ b\u0103l\u021bi sub utilaje sau o sc\u0103dere a presiunii hidraulice. Inspecta\u021bi garniturile, fitingurile \u0219i furtunurile pentru a identifica \u0219i remedia sursa scurgerii.<\/p>\n<\/li>\n<li>\n<h3>Performan\u021b\u0103 redus\u0103<\/h3>\n<p>Dac\u0103 cilindrul bra\u021bului nu se ridic\u0103 sau nu func\u021bioneaz\u0103 conform a\u0219tept\u0103rilor, verifica\u021bi dac\u0103 exist\u0103 niveluri sc\u0103zute de lichid hidraulic, blocaje \u00een furtunuri sau etan\u0219\u0103ri uzate. Asigurarea nivelurilor corecte de lichid hidraulic \u0219i verificarea obstruc\u021biilor pot rezolva adesea problemele de performan\u021b\u0103.<\/p>\n<\/li>\n<li>\n<h3>Supra\u00eenc\u0103lzire<\/h3>\n<p>Supra\u00eenc\u0103lzirea poate ap\u0103rea din cauza utiliz\u0103rii excesive, a lubrifierii insuficiente sau a unui sistem hidraulic defectuos. Asigura\u021bi-v\u0103 c\u0103 se efectueaz\u0103 \u00eentre\u021binerea regulat\u0103 \u0219i c\u0103 uleiul hidraulic este \u00eenlocuit conform recomand\u0103rilor produc\u0103torului pentru a evita problemele de supra\u00eenc\u0103lzire.<\/p>\n<\/li>\n<\/ul>\n<p>Pentru a diagnostica \u0219i rezolva eficient problemele, operatorii ar trebui s\u0103 fie instrui\u021bi s\u0103 recunoasc\u0103 simptomele \u0219i s\u0103 efectueze depan\u0103ri de baz\u0103. M\u0103surile preventive, cum ar fi \u00eentre\u021binerea regulat\u0103 \u0219i monitorizarea nivelurilor de fluide, pot ajuta la minimizarea poten\u021bialelor probleme.<\/p>\n<p><img decoding=\"async\" src=\"https:\/\/www.hydraulic-cylinders.net\/wp-content\/uploads\/2025\/04\/songte-bushings-with-all-kinds-of-excavator-models.webp\" alt=\"Buc\u0219e hidraulice\"><\/p>\n<h2>Despre compania noastr\u0103<\/h2>\n<p>Suntem un produc\u0103tor important de cilindri hidraulici de schimb, oferind o gam\u0103 complet\u0103 de produse pentru pie\u021bele interne \u0219i interna\u021bionale. Angajamentul nostru fa\u021b\u0103 de excelen\u021ba \u00een calitate este sus\u021binut de strategiile noastre rafinate de management al produc\u021biei. Ne \u00eembun\u0103t\u0103\u021bim continuu capacit\u0103\u021bile de produc\u021bie prin utilizarea tehnologiei avansate, a talentelor calificate \u0219i a sistemelor profesionale de testare, asigur\u00e2nd rezultate de \u00eenalt\u0103 eficien\u021b\u0103, precizie \u0219i calitate care satisfac diversele nevoi ale clien\u021bilor.<\/p>\n<p>Specializarea noastr\u0103 se extinde la servicii profesionale, certific\u0103ri interna\u021bionale \u0219i solu\u021bii personalizabile care r\u0103spund diverselor cerin\u021be ale industriei. Echipamentele noastre de produc\u021bie de ultim\u0103 genera\u021bie \u0219i serviciul robust post-v\u00e2nzare consolideaz\u0103 \u0219i mai mult angajamentul nostru fa\u021b\u0103 de satisfac\u021bia clien\u021bilor.<\/p>\n<p><img decoding=\"async\" src=\"https:\/\/www.hydraulic-cylinders.net\/wp-content\/uploads\/2025\/04\/songte-company-4.webp\" alt=\"Facilitatea companiei\"><br \/>\n<img decoding=\"async\" src=\"https:\/\/www.hydraulic-cylinders.net\/wp-content\/uploads\/2025\/04\/songte-company-3.webp\" alt=\"Produc\u021bia companiei\"><\/p>\n<p>Autor: lyl<\/p>","protected":false},"excerpt":{"rendered":"<p>Boom Cylinder For Yuchai YC08-8 Product Overview The Boom Cylinder for Yuchai YC08-8 is an essential component in hydraulic systems used in heavy machinery. As a type of hydraulic cylinder, it is specifically designed to control the movement of buckets in various equipment such as excavators, backhoe loaders, and front-end loaders. The primary function of [&hellip;]<\/p>","protected":false},"featured_media":17867,"comment_status":"open","ping_status":"closed","template":"","meta":{"_et_pb_use_builder":"","_et_pb_old_content":"","_et_gb_content_width":""},"product_brand":[],"product_cat":[1546],"product_tag":[1547,1496],"class_list":{"0":"post-19574","1":"product","2":"type-product","3":"status-publish","4":"has-post-thumbnail","6":"product_cat-boom-cylinders","7":"product_tag-boom-cylinders","8":"product_tag-hydraulic-cylinders","10":"first","11":"instock","12":"shipping-taxable","13":"product-type-simple"},"amp_enabled":true,"_links":{"self":[{"href":"https:\/\/www.hydraulic-cylinders.net\/ro\/wp-json\/wp\/v2\/product\/19574","targetHints":{"allow":["GET"]}}],"collection":[{"href":"https:\/\/www.hydraulic-cylinders.net\/ro\/wp-json\/wp\/v2\/product"}],"about":[{"href":"https:\/\/www.hydraulic-cylinders.net\/ro\/wp-json\/wp\/v2\/types\/product"}],"replies":[{"embeddable":true,"href":"https:\/\/www.hydraulic-cylinders.net\/ro\/wp-json\/wp\/v2\/comments?post=19574"}],"wp:featuredmedia":[{"embeddable":true,"href":"https:\/\/www.hydraulic-cylinders.net\/ro\/wp-json\/wp\/v2\/media\/17867"}],"wp:attachment":[{"href":"https:\/\/www.hydraulic-cylinders.net\/ro\/wp-json\/wp\/v2\/media?parent=19574"}],"wp:term":[{"taxonomy":"product_brand","embeddable":true,"href":"https:\/\/www.hydraulic-cylinders.net\/ro\/wp-json\/wp\/v2\/product_brand?post=19574"},{"taxonomy":"product_cat","embeddable":true,"href":"https:\/\/www.hydraulic-cylinders.net\/ro\/wp-json\/wp\/v2\/product_cat?post=19574"},{"taxonomy":"product_tag","embeddable":true,"href":"https:\/\/www.hydraulic-cylinders.net\/ro\/wp-json\/wp\/v2\/product_tag?post=19574"}],"curies":[{"name":"wp","href":"https:\/\/api.w.org\/{rel}","templated":true}]}}