{"id":19581,"date":"2025-04-07T06:55:51","date_gmt":"2025-04-07T06:55:51","guid":{"rendered":"https:\/\/www.hydraulic-cylinders.net\/product\/boom-cylinder-for-yuchai-yc13-8\/"},"modified":"2025-04-07T06:55:53","modified_gmt":"2025-04-07T06:55:53","slug":"boom-cylinder-for-yuchai-yc13-8","status":"publish","type":"product","link":"https:\/\/www.hydraulic-cylinders.net\/ro\/produs\/boom-cylinder-for-yuchai-yc13-8\/","title":{"rendered":"Cilindru de bra\u021b pentru Yuchai YC13-8"},"content":{"rendered":"<h1>Cilindru de bra\u021b pentru Yuchai YC13-8<\/h1>\n<h2>Introducere \u00een cilindrul bra\u021bului<\/h2>\n<p>Cilindrul bra\u021bului este o component\u0103 vital\u0103 \u00een sistemele hidraulice, special conceput pentru controlul mi\u0219c\u0103rii cupelor \u00een diverse utilaje grele, cum ar fi excavatoarele, \u00eenc\u0103rc\u0103toarele cu excavator \u0219i \u00eenc\u0103rc\u0103toare frontale. Acest cilindru hidraulic permite ridicarea, cobor\u00e2rea \u0219i \u00eenclinarea cupei, facilit\u00e2nd sarcini eficiente de manipulare a materialelor. Cilindrul cupei este crucial pentru func\u021bionarea eficient\u0103 \u00een aplica\u021biile de construc\u021bii \u0219i agricultur\u0103, permi\u021b\u00e2nd operatorilor s\u0103 manevreze sarcini grele cu precizie \u0219i u\u0219urin\u021b\u0103.<\/p>\n<p><img decoding=\"async\" src=\"https:\/\/www.hydraulic-cylinders.net\/wp-content\/uploads\/2025\/04\/songte-company-1.webp\" alt=\"Imaginea cilindrului bra\u021bului\"><\/p>\n<h2>Caracteristicile cilindrului bra\u021bului<\/h2>\n<ul>\n<li>\n<h3>Rezisten\u021b\u0103 \u0219i durabilitate ridicate<\/h3>\n<p>Construit din o\u021bel sau aluminiu de \u00eenalt\u0103 rezisten\u021b\u0103, cilindrul bra\u021bului este conceput s\u0103 reziste la presiuni ridicate \u0219i sarcini grele. Construc\u021bia sa robust\u0103 asigur\u0103 durabilitate \u00een medii de lucru dure, oferind rezisten\u021b\u0103 la uzur\u0103 \u0219i coroziune pentru o durat\u0103 de via\u021b\u0103 extins\u0103.<\/p>\n<\/li>\n<li>\n<h3>Func\u021bionare hidraulic\u0103 eficient\u0103<\/h3>\n<p>Cilindrul utilizeaz\u0103 presiunea uleiului hidraulic pentru a realiza ac\u021biuni line de extensie \u0219i retragere. Acesta r\u0103spunde rapid la comenzile operatorului, oferind o for\u021b\u0103 puternic\u0103 de \u00eempingere \u0219i tragere, potrivit\u0103 pentru manipularea obiectelor grele \u0219i a sarcinilor complexe.<\/p>\n<\/li>\n<li>\n<h3>Diverse tipuri<\/h3>\n<p>Cilindrul bra\u021bului este disponibil \u00een diverse configura\u021bii, permi\u021b\u00e2nd alegerea \u00eentre cilindri cu ac\u021biune simpl\u0103 (care func\u021bioneaz\u0103 \u00eentr-o singur\u0103 direc\u021bie) sau cu ac\u021biune dubl\u0103 (care func\u021bioneaz\u0103 \u00een ambele direc\u021bii), \u00een func\u021bie de cerin\u021bele opera\u021bionale. Unele modele sunt dotate cu design telescopic, facilit\u00e2nd o extensie mai mare f\u0103r\u0103 a cre\u0219te dimensiunile exterioare, ideale pentru aplica\u021bii cu spa\u021biu limitat.<\/p>\n<\/li>\n<li>\n<h3>Fabrica\u021bie personalizat\u0103<\/h3>\n<p>Compania noastr\u0103 este specializat\u0103 \u00een fabricarea de cilindri hidraulici de schimb, asigur\u00e2ndu-ne c\u0103 produsele noastre sunt \u00eenlocuitori perfec\u021bi pentru diverse modele. Ne m\u00e2ndrim cu faptul c\u0103 oferim alternative de \u00eenalt\u0103 calitate care \u00eendeplinesc sau dep\u0103\u0219esc standardele echipamentelor originale.<\/p>\n<\/li>\n<li>\n<h3>Aplica\u021bii versatile<\/h3>\n<p>Versatilitatea cilindrului bra\u021bului \u00eel face potrivit pentru o gam\u0103 larg\u0103 de aplica\u021bii \u00een diferite industrii, de la construc\u021bii la agricultur\u0103, sporind productivitatea \u0219i eficien\u021ba \u00een sarcinile de manipulare a materialelor.<\/p>\n<\/li>\n<\/ul>\n<p><img decoding=\"async\" src=\"https:\/\/www.hydraulic-cylinders.net\/wp-content\/uploads\/2025\/04\/songte-cylinder-head-with-all-kinds-excavator-models.webp\" alt=\"Aplica\u021bii ale cilindrului bra\u021bului Imagine\"><\/p>\n<h2>Scenarii de aplicare a cilindrului bra\u021bului<\/h2>\n<ul>\n<li>\n<h3>Echipamente de construc\u021bii<\/h3>\n<p>\u00cen excavatoare, cilindrii bra\u021bului joac\u0103 un rol crucial \u00een s\u0103parea, \u00eenc\u0103rcarea \u0219i mutarea p\u0103m\u00e2ntului sau a resturilor. Ace\u0219tia permit un control precis asupra mi\u0219c\u0103rii cupei, facilit\u00e2nd procesele eficiente de excavare. \u00cen cazul \u00eenc\u0103rc\u0103toarelor basculante, ace\u0219ti cilindri ajut\u0103 at\u00e2t la s\u0103pare, c\u00e2t \u0219i la ridicare, optimiz\u00e2nd func\u021bionalitatea general\u0103 a ma\u0219inii \u0219i versatilitatea acesteia pe \u0219antier.<\/p>\n<\/li>\n<li>\n<h3>Ma\u0219ini agricole<\/h3>\n<p>\u00cen \u00eenc\u0103rc\u0103toarele frontale, cilindrii bra\u021bului sunt esen\u021biali pentru \u00eenc\u0103rcarea, ridicarea \u0219i transportul solului, f\u00e2nului \u0219i altor materiale. Capacitatea lor de a oferi capacit\u0103\u021bi puternice de ridicare spore\u0219te eficien\u021ba opera\u021bional\u0103, f\u0103c\u00e2ndu-i indispensabili \u00een sarcinile agricole, cum ar fi \u00eenc\u0103rcarea \u0219i desc\u0103rcarea.<\/p>\n<\/li>\n<li>\n<h3>Excavatoare<\/h3>\n<p>\u00cen cazul excavatoarelor, cilindrii bra\u021bului permit cupei s\u0103 p\u0103trund\u0103 \u00een sol, execut\u00e2nd eficient ac\u021biuni de s\u0103pare. Aceast\u0103 func\u021bionalitate permite operatorilor s\u0103 se ocupe de diverse tipuri de teren \u0219i s\u0103 efectueze excava\u021bii precise, esen\u021biale pentru proiectele de construc\u021bii \u0219i amenaj\u0103ri peisagistice.<\/p>\n<\/li>\n<li>\n<h3>\u00cenc\u0103rc\u0103toare<\/h3>\n<p>\u00cen cazul \u00eenc\u0103rc\u0103toarelor frontale, ace\u0219ti cilindri ajut\u0103 la ridicarea \u0219i desc\u0103rcarea eficient\u0103 a materialelor. Ace\u0219tia asigur\u0103 mi\u0219c\u0103ri line \u0219i controlate, cruciale pentru opera\u021biunile de \u00eenc\u0103rcare \u00een aplica\u021biile de construc\u021bii \u0219i manipulare a materialelor, contribuind la productivitatea general\u0103.<\/p>\n<\/li>\n<\/ul>\n<h2>Considera\u021bii de proiectare \u0219i criterii de selec\u021bie<\/h2>\n<ul>\n<li>\n<h3>Capacitate de \u00eenc\u0103rcare<\/h3>\n<p>Proiectarea cilindrului bra\u021bului trebuie s\u0103 \u021bin\u0103 cont de capacitatea de \u00eenc\u0103rcare, asigur\u00e2ndu-se c\u0103 acesta poate suporta greut\u0103\u021bile maxime \u00eent\u00e2lnite \u00een scenariile opera\u021bionale. Calculele corecte \u0219i alegerea materialelor sunt esen\u021biale pentru a evita defec\u021biunile \u0219i a asigura siguran\u021ba \u00een timpul utiliz\u0103rii. Aceasta implic\u0103 evaluarea materialelor utilizate, precum \u0219i a geometriei de proiectare, pentru a optimiza rezisten\u021ba \u0219i performan\u021ba \u00een condi\u021bii de sarcin\u0103.<\/p>\n<\/li>\n<li>\n<h3>Etan\u0219are \u0219i durabilitate<\/h3>\n<p>Etan\u0219area eficient\u0103 este esen\u021bial\u0103 pentru cilindrii hidraulici, prevenind scurgerile de fluid \u0219i men\u021bin\u00e2nd presiunea. Alegerea etan\u0219\u0103rilor, cum ar fi etan\u0219\u0103rile pistonului \u0219i etan\u0219\u0103rile tijei, ar trebui s\u0103 implice materiale cu rezisten\u021b\u0103 ridicat\u0103 la uzur\u0103, cum ar fi poliuretanul sau cauciucul nitrilic. \u00cen plus, corpul cilindrului \u0219i filetul trebuie finisate meticulos pentru a spori rezisten\u021ba la uzur\u0103 \u0219i a asigura longevitatea \u00een serviciu.<\/p>\n<\/li>\n<li>\n<h3>Caracteristici de siguran\u021b\u0103<\/h3>\n<p>Incorporarea caracteristicilor de siguran\u021b\u0103 este esen\u021bial\u0103 \u00een proiectarea cilindrilor bra\u021bului pentru a reduce riscurile \u00een timpul func\u021bion\u0103rii. Acestea includ supape de suprapresiune pentru a preveni suprapresurizarea, o construc\u021bie robust\u0103 pentru a rezista la impacturi accidentale \u0219i \u00eencuietori de siguran\u021b\u0103 pentru a fixa pozi\u021bia cilindrului atunci c\u00e2nd nu este utilizat. Astfel de caracteristici sporesc siguran\u021ba operatorului \u0219i fiabilitatea echipamentului.<\/p>\n<\/li>\n<li>\n<h3>Accesibilitate pentru \u00eentre\u021binere<\/h3>\n<p>Designul ar trebui s\u0103 permit\u0103 accesul facil la punctele critice de \u00eentre\u021binere, facilit\u00e2nd inspec\u021biile \u0219i repara\u021biile de rutin\u0103. Caracteristici precum capacele deta\u0219abile sau punctele de lubrifiere accesibile sunt esen\u021biale pentru a asigura efectuarea eficient\u0103 a \u00eentre\u021binerii, reduc\u00e2nd la minimum timpii de nefunc\u021bionare \u0219i sporind productivitatea.<\/p>\n<\/li>\n<\/ul>\n<p><img decoding=\"async\" src=\"https:\/\/www.hydraulic-cylinders.net\/wp-content\/uploads\/2025\/04\/songte-oil-pipes-and-spare-parts.webp\" alt=\"Imagine de design a cilindrului hidraulic\"><\/p>\n<h2>Etan\u0219area \u0219i lubrifierea cilindrului hidraulic<\/h2>\n<p>Etan\u0219area corect\u0103 este vital\u0103 pentru func\u021bionalitatea cilindrilor hidraulici. Diverse tipuri de etan\u0219\u0103ri, inclusiv etan\u0219\u0103rile pistonului \u0219i etan\u0219\u0103rile tijei, sunt esen\u021biale pentru a preveni scurgerile de fluid hidraulic. Selectarea etan\u0219\u0103rilor fabricate din materiale durabile, cum ar fi poliuretanul \u0219i cauciucul nitrilic, \u00eembun\u0103t\u0103\u021be\u0219te rezisten\u021ba la uzur\u0103 \u0219i longevitatea. Corpul cilindrului \u0219i suprafe\u021bele filetate sunt supuse unor prelucr\u0103ri fine pentru a \u00eembun\u0103t\u0103\u021bi rezisten\u021ba la uzur\u0103 \u0219i durabilitatea. De asemenea, este necesar\u0103 o lubrifiere regulat\u0103 cu ulei hidraulic pentru a asigura o func\u021bionare lin\u0103 \u0219i a preveni uzura, necesit\u00e2nd verific\u0103ri \u0219i reumpleri periodice pentru a men\u021bine performan\u021be optime.<\/p>\n<h2>M\u0103suri de \u00eentre\u021binere preventiv\u0103<\/h2>\n<ul>\n<li>\n<h3>Inspec\u021bii regulate<\/h3>\n<p>Inspec\u021biile regulate ale cilindrului bra\u021bului sunt cruciale pentru a identifica din timp orice semne de uzur\u0103 sau deteriorare. Se recomand\u0103 verificarea regulat\u0103 a scurgerilor, zgomotelor anormale \u0219i a inconsisten\u021belor de performan\u021b\u0103. Aceast\u0103 abordare proactiv\u0103 ajut\u0103 la rezolvarea problemelor \u00eenainte ca acestea s\u0103 escaladeze, asigur\u00e2nd fiabilitatea echipamentului.<\/p>\n<\/li>\n<li>\n<h3>Lubrifiere adecvat\u0103<\/h3>\n<p>Men\u021binerea unei lubrifieri adecvate este esen\u021bial\u0103 pentru longevitatea cilindrului hidraulic. Utilizarea tipului \u0219i cantit\u0103\u021bii corecte de ulei hidraulic previne frecarea \u0219i uzura, facilit\u00e2nd o func\u021bionare lin\u0103. Operatorii trebuie s\u0103 respecte un program de lubrifiere bazat pe condi\u021biile de utilizare \u0219i de mediu, asigur\u00e2ndu-se c\u0103 cilindrul func\u021bioneaz\u0103 eficient.<\/p>\n<\/li>\n<li>\n<h3>\u00cenlocuirea garniturii<\/h3>\n<p>\u00cen timp, garniturile se pot degrada \u0219i pot necesita \u00eenlocuire. Evaluarea regulat\u0103 a st\u0103rii garniturilor \u0219i \u00eenlocuirea acestora, dup\u0103 cum este necesar, este crucial\u0103 pentru men\u021binerea presiunii \u0219i performan\u021bei hidraulice. Operatorii trebuie s\u0103 respecte instruc\u021biunile produc\u0103torului privind intervalele de \u00eenlocuire a garniturilor pentru a asigura o func\u021bionare optim\u0103.<\/p>\n<\/li>\n<\/ul>\n<h2>Instruc\u021biuni de instalare<\/h2>\n<p>Instalarea corect\u0103 a cilindrului bra\u021bului este esen\u021bial\u0103 pentru performan\u021ba \u0219i longevitatea acestuia. \u00cencepe\u021bi prin a v\u0103 asigura c\u0103 toate componentele sunt curate \u0219i f\u0103r\u0103 resturi. Alinia\u021bi cilindrul cu precizie cu punctele de montare, utiliz\u00e2nd console adecvate pentru o fixare sigur\u0103. Este esen\u021bial s\u0103 str\u00e2nge\u021bi toate \u0219uruburile conform specifica\u021biilor produc\u0103torului pentru a evita orice nealiniere sau sl\u0103bire \u00een timpul func\u021bion\u0103rii. Dup\u0103 instalare, efectua\u021bi o inspec\u021bie am\u0103nun\u021bit\u0103 pentru a v\u0103 asigura c\u0103 toate conexiunile sunt sigure \u0219i efectua\u021bi un test de func\u021bionare pentru a confirma func\u021bionalitatea corect\u0103. Verific\u0103rile regulate dup\u0103 instalare vor ajuta la identificarea timpurie a oric\u0103ror probleme poten\u021biale, asigur\u00e2nd o func\u021bionare f\u0103r\u0103 probleme.<\/p>\n<h2>Sarcini comune de \u00eentre\u021binere<\/h2>\n<ul>\n<li>\n<h3>Verific\u0103ri regulate<\/h3>\n<p>Efectuarea unor verific\u0103ri regulate este vital\u0103 pentru starea de s\u0103n\u0103tate a cilindrului hidraulic. Inspectarea pentru scurgeri, uzur\u0103 \u0219i starea general\u0103 poate ajuta la depistarea problemelor din timp, prevenind repara\u021bii costisitoare pe termen lung. P\u0103strarea unui jurnal de \u00eentre\u021binere poate ajuta la urm\u0103rirea performan\u021bei \u0219i a st\u0103rii \u00een timp.<\/p>\n<\/li>\n<li>\n<h3>Lubrifiere adecvat\u0103<\/h3>\n<p>Asigurarea unei lubrifieri adecvate a cilindrului hidraulic este crucial\u0103 pentru buna func\u021bionare a acestuia. Utilizarea uleiului hidraulic potrivit \u0219i men\u021binerea nivelurilor corecte de ulei vor reduce frecarea \u0219i uzura, prelungind durata de via\u021b\u0103 a cilindrului. Operatorii ar trebui s\u0103 stabileasc\u0103 un program de lubrifiere care s\u0103 fie aliniat cu frecven\u021ba de utilizare.<\/p>\n<\/li>\n<li>\n<h3>\u00cenlocuirea garniturii \u0219i verific\u0103ri ale calibr\u0103rii<\/h3>\n<p>\u00cenlocuirea regulat\u0103 a garniturilor \u0219i efectuarea verific\u0103rilor de calibrare sunt esen\u021biale pentru men\u021binerea integrit\u0103\u021bii opera\u021bionale a cilindrului hidraulic. Aceasta include asigurarea func\u021bion\u0103rii corecte a cilindrului \u00een parametrii proiecta\u021bi \u0219i a faptului c\u0103 toate garniturile sunt intacte pentru a preveni scurgerile.<\/p>\n<\/li>\n<\/ul>\n<p><img decoding=\"async\" src=\"https:\/\/www.hydraulic-cylinders.net\/wp-content\/uploads\/2025\/04\/songte-chushion-collar.webp\" alt=\"Imaginea sarcinilor de \u00eentre\u021binere\"><\/p>\n<h2>Considera\u021bii de siguran\u021b\u0103 \u0219i factori de mediu<\/h2>\n<p>M\u0103surile de siguran\u021b\u0103 sunt esen\u021biale atunci c\u00e2nd se opereaz\u0103 cilindri hidraulici. Operatorii trebuie s\u0103 fie con\u0219tien\u021bi de poten\u021bialele pericole asociate cu sistemele hidraulice, inclusiv riscul de scurgeri de fluid hidraulic \u0219i mi\u0219c\u0103ri bru\u0219te ale cilindrilor. Implementarea unei instruiri adecvate \u0219i a unor protocoale de siguran\u021b\u0103 poate atenua aceste riscuri, asigur\u00e2nd un mediu de lucru sigur. \u00cen plus, luarea \u00een considerare a factorilor de mediu, cum ar fi poten\u021biala contaminare cauzat\u0103 de scurgerile de fluid hidraulic, este vital\u0103 pentru men\u021binerea siguran\u021bei la locul de munc\u0103 \u0219i respectarea reglement\u0103rilor de mediu.<\/p>\n<h2>Depanare \u0219i probleme frecvente<\/h2>\n<ul>\n<li>\n<h3>Scurgere<\/h3>\n<p>Scurgerile sunt o problem\u0103 frecvent\u0103 \u00eent\u00e2lnit\u0103 la cilindrii hidraulici. Acestea pot ap\u0103rea din cauza garniturilor uzate sau a componentelor deteriorate. Operatorii trebuie s\u0103 inspecteze garniturile \u0219i s\u0103 le \u00eenlocuiasc\u0103 atunci c\u00e2nd este necesar, asigur\u00e2ndu-se c\u0103 toate componentele sunt intacte \u0219i func\u021bioneaz\u0103 corect.<\/p>\n<\/li>\n<li>\n<h3>Pierderea de presiune<\/h3>\n<p>O pierdere a presiunii hidraulice poate afecta semnificativ performan\u021ba cilindrului. Aceasta poate fi cauzat\u0103 de scurgeri, blocaje \u00een conducta hidraulic\u0103 sau pompe defecte. Depanarea implic\u0103 verificarea scurgerilor, asigurarea c\u0103 fluidul hidraulic este la nivelul corect \u0219i inspectarea \u00eentregului sistem hidraulic pentru blocaje sau defec\u021biuni.<\/p>\n<\/li>\n<li>\n<h3>Mi\u0219care lent\u0103<\/h3>\n<p>Dac\u0103 cilindrul bra\u021bului func\u021bioneaz\u0103 lent, acest lucru poate indica o cantitate insuficient\u0103 de fluid hidraulic sau filtre \u00eenfundate. \u00centre\u021binerea \u0219i verific\u0103rile regulate pot preveni astfel de probleme. Operatorii trebuie s\u0103 se asigure c\u0103 fluidul hidraulic este la nivelul recomandat \u0219i c\u0103 filtrele sunt curate \u0219i func\u021bionale.<\/p>\n<\/li>\n<\/ul>\n<h2>Sfaturi \u0219i solu\u021bii pentru depanare<\/h2>\n<p>Pentru a depana eficient problemele legate de cilindrul bra\u021bului, operatorii ar trebui s\u0103 \u00eenceap\u0103 cu o abordare sistematic\u0103. Efectua\u021bi o inspec\u021bie vizual\u0103 pentru a identifica orice semne evidente de uzur\u0103 sau deteriorare. Verifica\u021bi nivelurile de lichid \u0219i c\u0103uta\u021bi scurgeri \u00een sistemul hidraulic. Dac\u0103 se suspecteaz\u0103 o pierdere de presiune, verifica\u021bi dac\u0103 pompa hidraulic\u0103 func\u021bioneaz\u0103 corect \u0219i c\u0103 nu exist\u0103 blocaje care \u00eempiedic\u0103 curgerea fluidului. Asigurarea unei \u00eentre\u021bineri regulate \u0219i respectarea programelor de service recomandate pot preveni \u0219i mai mult apari\u021bia acestor probleme, asigur\u00e2nd func\u021bionarea eficient\u0103 a cilindrului.<\/p>\n<p><img decoding=\"async\" src=\"https:\/\/www.hydraulic-cylinders.net\/wp-content\/uploads\/2025\/04\/songte-bushings-with-all-kinds-of-excavator-models.webp\" alt=\"Depanarea erorilor de imagine\"><\/p>\n<h2>Prezentare general\u0103 a companiei<\/h2>\n<p>Suntem un produc\u0103tor specializat \u00een cilindri hidraulici de schimb, oferind o gam\u0103 complet\u0103 de produse. Compania noastr\u0103 s-a impus ca produc\u0103tor \u0219i distribuitor angro de cilindri hidraulici de top, at\u00e2t pe pia\u021ba intern\u0103, c\u00e2t \u0219i pe cea interna\u021bional\u0103. Respect\u0103m principiile excelen\u021bei \u0219i ne baz\u0103m pe strategii de fabrica\u021bie rafinate, utiliz\u00e2nd echipamente digitale avansate de fabrica\u021bie \u0219i sisteme profesionale de testare pentru a ne \u00eembun\u0103t\u0103\u021bi capacit\u0103\u021bile de produc\u021bie. Capacitatea noastr\u0103 creativ\u0103 puternic\u0103 \u0219i angajamentul fa\u021b\u0103 de eficien\u021b\u0103 ridicat\u0103, precizie \u0219i calitate ne permit s\u0103 satisfacem diversele nevoi ale clien\u021bilor.<\/p>\n<p><img decoding=\"async\" src=\"https:\/\/www.hydraulic-cylinders.net\/wp-content\/uploads\/2025\/04\/songte-company-4.webp\" alt=\"Imagine de prezentare general\u0103 a companiei\"><br \/>\n<img decoding=\"async\" src=\"https:\/\/www.hydraulic-cylinders.net\/wp-content\/uploads\/2025\/04\/songte-company-3.webp\" alt=\"Imaginea produc\u021biei companiei\"><\/p>\n<h2>Concluzie<\/h2>\n<p>\u00cen concluzie, cilindrul bra\u021bului pentru Yuchai YC13-8 este o component\u0103 esen\u021bial\u0103 \u00een sistemele hidraulice, juc\u00e2nd un rol crucial \u00een func\u021bionalitatea utilajelor grele. \u00cen\u021belegerea caracteristicilor, aplica\u021biilor \u0219i cerin\u021belor de \u00eentre\u021binere ale acestuia este vital\u0103 pentru performan\u021be optime \u0219i longevitate. Prin respectarea practicilor corecte de instalare \u0219i \u00eentre\u021binere, operatorii pot asigura o func\u021bionare eficient\u0103 \u0219i pot reduce probabilitatea apari\u021biei problemelor.<\/p>\n<p>Autor: lyl<\/p>","protected":false},"excerpt":{"rendered":"<p>Boom Cylinder For Yuchai YC13-8 Introduction to Boom Cylinder The Boom Cylinder is a vital component in hydraulic systems, specifically designed for controlling the movement of buckets in various heavy machinery such as excavators, backhoe loaders, and front loaders. This hydraulic cylinder enables the bucket to lift, lower, and tilt, facilitating efficient material handling tasks. [&hellip;]<\/p>","protected":false},"featured_media":17874,"comment_status":"open","ping_status":"closed","template":"","meta":{"_et_pb_use_builder":"","_et_pb_old_content":"","_et_gb_content_width":""},"product_brand":[],"product_cat":[1546],"product_tag":[1547,1496],"class_list":{"0":"post-19581","1":"product","2":"type-product","3":"status-publish","4":"has-post-thumbnail","6":"product_cat-boom-cylinders","7":"product_tag-boom-cylinders","8":"product_tag-hydraulic-cylinders","10":"first","11":"instock","12":"shipping-taxable","13":"product-type-simple"},"amp_enabled":true,"_links":{"self":[{"href":"https:\/\/www.hydraulic-cylinders.net\/ro\/wp-json\/wp\/v2\/product\/19581","targetHints":{"allow":["GET"]}}],"collection":[{"href":"https:\/\/www.hydraulic-cylinders.net\/ro\/wp-json\/wp\/v2\/product"}],"about":[{"href":"https:\/\/www.hydraulic-cylinders.net\/ro\/wp-json\/wp\/v2\/types\/product"}],"replies":[{"embeddable":true,"href":"https:\/\/www.hydraulic-cylinders.net\/ro\/wp-json\/wp\/v2\/comments?post=19581"}],"wp:featuredmedia":[{"embeddable":true,"href":"https:\/\/www.hydraulic-cylinders.net\/ro\/wp-json\/wp\/v2\/media\/17874"}],"wp:attachment":[{"href":"https:\/\/www.hydraulic-cylinders.net\/ro\/wp-json\/wp\/v2\/media?parent=19581"}],"wp:term":[{"taxonomy":"product_brand","embeddable":true,"href":"https:\/\/www.hydraulic-cylinders.net\/ro\/wp-json\/wp\/v2\/product_brand?post=19581"},{"taxonomy":"product_cat","embeddable":true,"href":"https:\/\/www.hydraulic-cylinders.net\/ro\/wp-json\/wp\/v2\/product_cat?post=19581"},{"taxonomy":"product_tag","embeddable":true,"href":"https:\/\/www.hydraulic-cylinders.net\/ro\/wp-json\/wp\/v2\/product_tag?post=19581"}],"curies":[{"name":"wp","href":"https:\/\/api.w.org\/{rel}","templated":true}]}}