{"id":19582,"date":"2025-04-07T06:55:53","date_gmt":"2025-04-07T06:55:53","guid":{"rendered":"https:\/\/www.hydraulic-cylinders.net\/product\/boom-cylinder-for-yuchai-yc18-8\/"},"modified":"2025-04-07T06:55:56","modified_gmt":"2025-04-07T06:55:56","slug":"boom-cylinder-for-yuchai-yc18-8","status":"publish","type":"product","link":"https:\/\/www.hydraulic-cylinders.net\/ro\/produs\/boom-cylinder-for-yuchai-yc18-8\/","title":{"rendered":"Cilindru de bra\u021b pentru Yuchai YC18-8"},"content":{"rendered":"<h1>Cilindru de bra\u021b pentru Yuchai YC18-8<\/h1>\n<h2>Prezentare general\u0103 a produsului<\/h2>\n<p>Cilindrul hidraulic pentru Yuchai YC18-8 este un cilindru hidraulic specializat care joac\u0103 un rol esen\u021bial \u00een controlul mi\u0219c\u0103rii cupei pe diverse utilaje grele, inclusiv excavatoare, \u00eenc\u0103rc\u0103toare frontale \u0219i \u00eenc\u0103rc\u0103toare frontale. Acest cilindru hidraulic permite ridicarea, cobor\u00e2rea \u0219i \u00eenclinarea cupei, facilit\u00e2nd sarcini eficiente de manipulare a materialelor. Concepu\u021bi pentru a rezista la presiuni mari \u0219i sarcini grele, ace\u0219ti cilindri sunt componente esen\u021biale \u00een sistemele hidraulice, asigur\u00e2nd performan\u021be optime \u00een utilajele de construc\u021bii \u0219i agricultur\u0103.<\/p>\n<p><img decoding=\"async\" src=\"https:\/\/www.hydraulic-cylinders.net\/wp-content\/uploads\/2025\/04\/songte-company-1.webp\" alt=\"Cilindru de bra\u021b pentru Yuchai YC18-8\" \/><\/p>\n<h2>Caracteristici cheie<\/h2>\n<ul>\n<li>\n<h3>Rezisten\u021b\u0103 \u0219i durabilitate ridicate<\/h3>\n<p>Fabrica\u021bi din o\u021bel sau aluminiu de \u00eenalt\u0103 rezisten\u021b\u0103, ace\u0219ti cilindri pot suporta presiuni ridicate \u0219i sarcini grele, adapt\u00e2ndu-se \u00een acela\u0219i timp la medii de lucru dure. Sunt proiecta\u021bi av\u00e2nd \u00een vedere rezisten\u021ba la uzur\u0103 \u0219i la coroziune, prelungindu-le durata de via\u021b\u0103.<\/li>\n<li>\n<h3>Func\u021bionare hidraulic\u0103 eficient\u0103<\/h3>\n<p>Utiliz\u00e2nd presiunea uleiului hidraulic, ace\u0219ti cilindri realizeaz\u0103 o extensie \u0219i o retragere lin\u0103, r\u0103spunz\u00e2nd rapid la comenzile de control \u0219i oferind capacit\u0103\u021bi puternice de \u00eempingere \u0219i tragere, potrivite pentru manipularea obiectelor grele \u0219i a sarcinilor complexe.<\/li>\n<li>\n<h3>Diverse tipuri<\/h3>\n<p>Cilindrii sunt disponibili \u00een diverse tipuri, inclusiv configura\u021bii cu ac\u021biune simpl\u0103 (func\u021bioneaz\u0103 \u00eentr-o singur\u0103 direc\u021bie) \u0219i cu ac\u021biune dubl\u0103 (func\u021bioneaz\u0103 \u00een ambele direc\u021bii) pentru a satisface diferite nevoi opera\u021bionale. Unele modele sunt telescopice, permi\u021b\u00e2nd o extensie mai mare f\u0103r\u0103 a cre\u0219te dimensiunile exterioare, ideale pentru aplica\u021bii cu spa\u021biu limitat.<\/li>\n<li>\n<h3>Fabrica\u021bie personalizat\u0103<\/h3>\n<p>Fabric\u0103m acest produs pentru a \u00eenlocui perfect cilindrii hidraulici existen\u021bi, asigur\u00e2nd compatibilitate \u0219i fiabilitate \u00een performan\u021b\u0103.<\/li>\n<li>\n<h3>Aplica\u021bii versatile<\/h3>\n<p>Concepute pentru mai multe tipuri de utilaje grele, acestea pot fi adaptate la diverse scenarii opera\u021bionale, sporind productivitatea \u00een diverse sectoare.<\/li>\n<\/ul>\n<p><img decoding=\"async\" src=\"https:\/\/www.hydraulic-cylinders.net\/wp-content\/uploads\/2025\/04\/songte-cylinder-head-with-all-kinds-excavator-models.webp\" alt=\"Variante de cilindri hidraulici\" \/><\/p>\n<h2>Aplica\u021bii ale cilindrului bra\u021bului<\/h2>\n<h3>Echipamente de construc\u021bii<\/h3>\n<p>\u00cen excavatoare, cilindrul bra\u021bului este esen\u021bial pentru s\u0103pare, \u00eenc\u0103rcare \u0219i mutarea p\u0103m\u00e2ntului sau a resturilor. Acesta ofer\u0103 for\u021ba necesar\u0103 pentru ridicarea cupei \u0219i permite pozi\u021bionarea precis\u0103 \u00een timpul opera\u021biunilor. \u00cen cazul \u00eenc\u0103rc\u0103toarelor excavatoare, cilindrul faciliteaz\u0103 at\u00e2t sarcinile de s\u0103pare, c\u00e2t \u0219i cele de ridicare, contribuind semnificativ la eficien\u021ba \u0219antierelor de construc\u021bii.<\/p>\n<h3>Ma\u0219ini agricole<\/h3>\n<p>Ace\u0219ti cilindri sunt esen\u021biali \u00een \u00eenc\u0103rc\u0103toarele frontale, unde sunt utiliza\u021bi pentru a scoate, ridica \u0219i transporta p\u0103m\u00e2nt, f\u00e2n \u0219i alte materiale. Puterea lor hidraulic\u0103 permite func\u021bionarea f\u0103r\u0103 probleme \u00een mediul agricol, sporind productivitatea \u0219i reduc\u00e2nd munca manual\u0103.<\/p>\n<h3>Excavatoare<\/h3>\n<p>Cilindrul bra\u021bului permite cupei s\u0103 p\u0103trund\u0103 \u00een sol, facilit\u00e2nd opera\u021biuni eficiente de excavare. Puterea hidraulic\u0103 ofer\u0103 capacitatea de a func\u021biona \u00een condi\u021bii dificile, ceea ce o face o component\u0103 indispensabil\u0103 pentru sarcinile de excavare pe diverse terenuri.<\/p>\n<h3>\u00cenc\u0103rc\u0103toare<\/h3>\n<p>La \u00eenc\u0103rc\u0103toarele frontale, cilindrul bra\u021bului ajut\u0103 la ridicarea \u0219i desc\u0103rcarea eficient\u0103 a materialelor. Acest lucru asigur\u0103 c\u0103 \u00eenc\u0103rc\u0103turile grele pot fi mutate cu u\u0219urin\u021b\u0103, \u00eembun\u0103t\u0103\u021bind productivitatea general\u0103 a opera\u021biunilor de \u00eenc\u0103rcare.<\/p>\n<h2>Considera\u021bii de proiectare \u0219i criterii de selec\u021bie<\/h2>\n<h3>Capacitate de \u00eenc\u0103rcare<\/h3>\n<p>Capacitatea de \u00eenc\u0103rcare a cilindrului bra\u021bului este o considera\u021bie critic\u0103 de proiectare. Acesta trebuie proiectat pentru a suporta greutatea specific\u0103 a materialelor mutate sau ridicate. Calculul corect al capacit\u0103\u021bii de \u00eenc\u0103rcare asigur\u0103 c\u0103 cilindrul poate func\u021biona f\u0103r\u0103 defec\u021biuni sub sarcini opera\u021bionale maxime.<\/p>\n<h3>Performan\u021ba de etan\u0219are<\/h3>\n<p>Etan\u0219area eficient\u0103 este esen\u021bial\u0103 pentru a preveni scurgerile de fluid hidraulic \u0219i contaminarea. Proiectarea trebuie s\u0103 includ\u0103 etan\u0219\u0103ri durabile, cum ar fi etan\u0219\u0103rile pistonului \u0219i etan\u0219\u0103rile tijei, pentru a men\u021bine integritatea \u0219i performan\u021ba sistemului \u00een timp. Etan\u0219\u0103rile de \u00eenalt\u0103 calitate reduc la minimum uzura \u0219i \u00eembun\u0103t\u0103\u021besc longevitatea cilindrului hidraulic.<\/p>\n<h3>Durabilitate<\/h3>\n<p>Durabilitatea este esen\u021bial\u0103, \u00een special \u00een condi\u021bii dificile de lucru. Materialele utilizate \u00een construc\u021bia cilindrului bra\u021bului ar trebui s\u0103 reziste la uzur\u0103 \u0219i coroziune, asigur\u00e2nd c\u0103 cilindrul r\u0103m\u00e2ne func\u021bional pe perioade lungi de timp. Evalu\u0103rile regulate ale integrit\u0103\u021bii materialelor pot preveni defec\u021biunile premature.<\/p>\n<h3>Caracteristici de siguran\u021b\u0103<\/h3>\n<p>Siguran\u021ba ar trebui s\u0103 fie o prioritate \u00een proiectarea cilindrilor hidraulici. Incorporarea unor caracteristici precum supapele de suprapresiune poate preveni supra\u00eenc\u0103rcarea \u0219i poten\u021bialele accidente \u00een timpul func\u021bion\u0103rii. Asigurarea respect\u0103rii standardelor de siguran\u021b\u0103 protejeaz\u0103 at\u00e2t echipamentul, c\u00e2t \u0219i operatorii.<\/p>\n<h3>Mentenabilitate<\/h3>\n<p>Proiectarea pentru mentenan\u021b\u0103 permite inspec\u021bii \u0219i repara\u021bii mai u\u0219oare. Componentele ar trebui s\u0103 fie accesibile, iar designul ar trebui s\u0103 faciliteze sarcinile de \u00eentre\u021binere de rutin\u0103, cum ar fi \u00eenlocuirea garniturilor \u0219i lubrifierea, pentru a prelungi durata de via\u021b\u0103 a sistemului hidraulic.<\/p>\n<p><img decoding=\"async\" src=\"https:\/\/www.hydraulic-cylinders.net\/wp-content\/uploads\/2025\/04\/songte-oil-pipes-and-spare-parts.webp\" alt=\"Componente cilindru hidraulic\" \/><\/p>\n<h2>Etan\u0219are \u0219i lubrifiere<\/h2>\n<p>Eficacitatea unui cilindru hidraulic depinde \u00een mod semnificativ de sistemele sale de etan\u0219are \u0219i lubrifiere. Diverse etan\u0219\u0103ri, inclusiv etan\u0219\u0103rile pistonului \u0219i etan\u0219\u0103rile tijei, sunt cruciale pentru men\u021binerea presiunii hidraulice \u0219i prevenirea scurgerilor. Materiale precum poliuretanul \u0219i cauciucul nitrilic sunt adesea utilizate datorit\u0103 propriet\u0103\u021bilor lor rezistente la uzur\u0103.<\/p>\n<p>Mai mult, corpul cilindrului \u0219i suprafe\u021bele filetate ale cap\u0103tului sunt prelucrate fin pentru a spori rezisten\u021ba la uzur\u0103. Lubrifierea regulat\u0103 cu ulei hidraulic este esen\u021bial\u0103 pentru a asigura buna func\u021bionare a tuturor pieselor mobile \u0219i pentru a minimiza frecarea, care poate duce la uzur\u0103 prematur\u0103.<\/p>\n<h2>M\u0103suri de \u00eentre\u021binere preventiv\u0103<\/h2>\n<ul>\n<li>\n<h3>Inspec\u021bii regulate<\/h3>\n<p>Efectuarea unor inspec\u021bii regulate ale cilindrului bra\u021bului pentru a depista semne de uzur\u0103 sau deteriorare este esen\u021bial\u0103. Verificarea scurgerilor, asigurarea integrit\u0103\u021bii etan\u0219\u0103rilor \u0219i evaluarea st\u0103rii furtunurilor hidraulice vor ajuta la identificarea problemelor \u00eenainte ca acestea s\u0103 se agraveze.<\/li>\n<li>\n<h3>Lubrifiere adecvat\u0103<\/h3>\n<p>Asigurarea unor niveluri adecvate de ulei hidraulic \u0219i aplicarea unei lubrifieri corespunz\u0103toare a pieselor mobile va \u00eembun\u0103t\u0103\u021bi performan\u021ba \u0219i va prelungi durata de via\u021b\u0103 a cilindrului. Este esen\u021bial s\u0103 respecta\u021bi recomand\u0103rile produc\u0103torului privind intervalele de lubrifiere.<\/li>\n<li>\n<h3>\u00cenlocuirea garniturii<\/h3>\n<p>\u00cenlocuirea regulat\u0103 a garniturilor ca parte a unui program de \u00eentre\u021binere va preveni scurgerile \u0219i va men\u021bine eficien\u021ba hidraulic\u0103. Ne\u00eenlocuirea garniturilor uzate poate duce la probleme semnificative de performan\u021b\u0103 \u0219i repara\u021bii costisitoare.<\/li>\n<\/ul>\n<h2>Instruc\u021biuni de instalare<\/h2>\n<p>Pentru a asigura func\u021bionarea corect\u0103 \u0219i longevitatea cilindrului bra\u021bului, este esen\u021bial\u0103 respectarea procedurilor corecte de instalare. \u00cencepe\u021bi prin a v\u0103 asigura c\u0103 suprafe\u021bele de montare sunt curate \u0219i f\u0103r\u0103 resturi. Alinia\u021bi cilindrul corect cu punctele de fixare, men\u021bin\u00e2nd orientarea corect\u0103 pentru a preveni stresul asupra garniturilor.<\/p>\n<p>Folosi\u021bi suporturi de montare adecvate pentru a fixa cilindrul \u0219i a evita orice mi\u0219care \u00een timpul func\u021bion\u0103rii. Dup\u0103 instalare, verifica\u021bi nivelurile corecte ale fluidului hidraulic \u0219i aerisi\u021bi sistemul pentru a elimina orice bul\u0103 de aer care ar putea afecta performan\u021ba. \u00cen cele din urm\u0103, efectua\u021bi o prob\u0103 de func\u021bionare pentru a v\u0103 asigura c\u0103 cilindrul func\u021bioneaz\u0103 f\u0103r\u0103 probleme \u0219i eficient, efectu\u00e2nd orice ajust\u0103ri necesare.<\/p>\n<h2>Sarcini comune de \u00eentre\u021binere<\/h2>\n<ul>\n<li>\n<h3>Inspec\u021bii regulate<\/h3>\n<p>Efectuarea inspec\u021biilor regulate ajut\u0103 la identificarea timpurie a poten\u021bialelor probleme. Verifica\u021bi uzura garniturilor, orice scurgeri vizibile \u0219i starea general\u0103. Interven\u021bia la timp poate preveni defec\u021biuni majore \u0219i repara\u021bii costisitoare.<\/li>\n<li>\n<h3>Lubrifiere adecvat\u0103<\/h3>\n<p>Men\u021binerea unor niveluri adecvate de lubrifiere este crucial\u0103 pentru buna func\u021bionare a sistemului hidraulic. Verifica\u021bi \u0219i completa\u021bi periodic uleiul hidraulic, asigur\u00e2ndu-v\u0103 c\u0103 acesta \u00eendepline\u0219te specifica\u021biile necesare pentru a evita problemele de performan\u021b\u0103.<\/li>\n<li>\n<h3>\u00cenlocuirea \u0219i calibrarea etan\u0219\u0103rii<\/h3>\n<p>\u00cenlocui\u021bi garniturile care prezint\u0103 semne de uzur\u0103 sau deteriorare pentru a men\u021bine presiunea hidraulic\u0103. \u00cen plus, calibrarea sistemului hidraulic va asigura func\u021bionarea acestuia \u00een parametrii specifica\u021bi, optimiz\u00e2nd performan\u021ba \u0219i siguran\u021ba.<\/li>\n<\/ul>\n<h2>Considera\u021bii de siguran\u021b\u0103 \u0219i factori de mediu<\/h2>\n<p>Atunci c\u00e2nd se utilizeaz\u0103 cilindri hidraulici, m\u0103surile de siguran\u021b\u0103 sunt primordiale. Operatorii trebuie instrui\u021bi s\u0103 recunoasc\u0103 semnele de defec\u021biune sau func\u021bionare defectuoas\u0103 a sistemului hidraulic. Auditurile regulate de siguran\u021b\u0103 \u0219i respectarea instruc\u021biunilor de operare ajut\u0103 la atenuarea riscurilor. \u00cen plus, trebuie implementate practici sigure pentru mediu, cum ar fi eliminarea corect\u0103 a fluidelor hidraulice \u0219i reciclarea materialelor, acolo unde este posibil.<\/p>\n<h2>Diagnosticarea defec\u021biunilor \u0219i probleme frecvente<\/h2>\n<ul>\n<li>\n<h3>Scurgeri hidraulice<\/h3>\n<p>Scurgerile pot ap\u0103rea din cauza garniturilor uzate sau a furtunurilor deteriorate. Este esen\u021bial s\u0103 inspecta\u021bi sistemul \u00een mod regulat pentru a identifica \u0219i remedia prompt scurgerile.<\/li>\n<li>\n<h3>Pierderea de presiune<\/h3>\n<p>O pierdere brusc\u0103 de presiune poate indica daune interne sau scurgeri de lichid. Monitorizarea citirilor manometrului poate ajuta la determinarea dac\u0103 exist\u0103 o problem\u0103, permi\u021b\u00e2nd repara\u021bii la timp.<\/li>\n<li>\n<h3>Cilindru nereactiv<\/h3>\n<p>Dac\u0103 cilindrul nu r\u0103spunde la comenzile de control, acest lucru poate indica un blocaj \u00een sistemul hidraulic sau o defec\u021biune a mecanismului de control. Depanarea supapelor de control \u0219i a furtunurilor poate ajuta la identificarea cauzei.<\/li>\n<\/ul>\n<h2>Sfaturi de depanare<\/h2>\n<p>Pentru a diagnostica \u0219i rezolva eficient problemele legate de cilindrul bra\u021bului, operatorii ar trebui s\u0103 \u021bin\u0103 un jurnal detaliat al simptomelor \u0219i al istoricului de \u00eentre\u021binere. Instruirea regulat\u0103 privind tehnicile de depanare va ajuta personalul s\u0103 identifice problemele din timp.<\/p>\n<p>Implementarea unor m\u0103suri preventive, cum ar fi programele de \u00eentre\u021binere regulat\u0103 \u0219i respectarea instruc\u021biunilor opera\u021bionale, va reduce la minimum poten\u021bialele probleme. \u00cen plus, asigurarea faptului c\u0103 operatorii sunt familiariza\u021bi cu protocoalele de siguran\u021b\u0103 va promova un mediu de lucru mai sigur.<\/p>\n<p><img decoding=\"async\" src=\"https:\/\/www.hydraulic-cylinders.net\/wp-content\/uploads\/2025\/04\/songte-bushings-with-all-kinds-of-excavator-models.webp\" alt=\"Componente excavator\" \/><\/p>\n<h2>Despre compania noastr\u0103<\/h2>\n<p>Suntem un produc\u0103tor important de cilindri hidraulici de schimb, oferind o gam\u0103 complet\u0103 de produse pentru pie\u021bele interna\u021bionale. Prin respectarea unor standarde excep\u021bionale de calitate \u0219i implementarea unei strategii rafinate de management al produc\u021biei, ne \u00eembun\u0103t\u0103\u021bim continuu capacit\u0103\u021bile de produc\u021bie. Concentrarea noastr\u0103 pe talentul tehnologic, echipamentele de produc\u021bie avansate \u0219i sistemele de testare specializate ne permite s\u0103 satisfacem diversele cerin\u021be ale clien\u021bilor cu eficien\u021b\u0103, precizie \u0219i calitate ridicate.<\/p>\n<p>Compania noastr\u0103 este certificat\u0103 interna\u021bional \u0219i ofer\u0103 servicii personalizate, adaptate cerin\u021belor specifice ale clien\u021bilor. Cu echipamente de produc\u021bie de ultim\u0103 genera\u021bie \u0219i o echip\u0103 dedicat\u0103 de servicii post-v\u00e2nzare, ne asigur\u0103m c\u0103 clien\u021bii no\u0219tri primesc produse \u0219i asisten\u021b\u0103 de cea mai bun\u0103 calitate.<\/p>\n<p><img decoding=\"async\" src=\"https:\/\/www.hydraulic-cylinders.net\/wp-content\/uploads\/2025\/04\/songte-company-4.webp\" alt=\"Prezentare general\u0103 a companiei\" \/><br \/>\n<img decoding=\"async\" src=\"https:\/\/www.hydraulic-cylinders.net\/wp-content\/uploads\/2025\/04\/songte-company-3.webp\" alt=\"Unitate de produc\u021bie\" \/><\/p>\n<p>Autor: lyl<\/p>","protected":false},"excerpt":{"rendered":"<p>Boom Cylinder For Yuchai YC18-8 Product Overview The Boom Cylinder for Yuchai YC18-8 is a specialized hydraulic cylinder that plays a critical role in controlling the movement of the bucket on various heavy machinery, including excavators, backhoe loaders, and front loaders. This hydraulic cylinder enables the bucket to lift, lower, and tilt, facilitating efficient material [&hellip;]<\/p>","protected":false},"featured_media":17875,"comment_status":"open","ping_status":"closed","template":"","meta":{"_et_pb_use_builder":"","_et_pb_old_content":"","_et_gb_content_width":""},"product_brand":[],"product_cat":[1546],"product_tag":[1547,1496],"class_list":{"0":"post-19582","1":"product","2":"type-product","3":"status-publish","4":"has-post-thumbnail","6":"product_cat-boom-cylinders","7":"product_tag-boom-cylinders","8":"product_tag-hydraulic-cylinders","10":"first","11":"instock","12":"shipping-taxable","13":"product-type-simple"},"amp_enabled":true,"_links":{"self":[{"href":"https:\/\/www.hydraulic-cylinders.net\/ro\/wp-json\/wp\/v2\/product\/19582","targetHints":{"allow":["GET"]}}],"collection":[{"href":"https:\/\/www.hydraulic-cylinders.net\/ro\/wp-json\/wp\/v2\/product"}],"about":[{"href":"https:\/\/www.hydraulic-cylinders.net\/ro\/wp-json\/wp\/v2\/types\/product"}],"replies":[{"embeddable":true,"href":"https:\/\/www.hydraulic-cylinders.net\/ro\/wp-json\/wp\/v2\/comments?post=19582"}],"wp:featuredmedia":[{"embeddable":true,"href":"https:\/\/www.hydraulic-cylinders.net\/ro\/wp-json\/wp\/v2\/media\/17875"}],"wp:attachment":[{"href":"https:\/\/www.hydraulic-cylinders.net\/ro\/wp-json\/wp\/v2\/media?parent=19582"}],"wp:term":[{"taxonomy":"product_brand","embeddable":true,"href":"https:\/\/www.hydraulic-cylinders.net\/ro\/wp-json\/wp\/v2\/product_brand?post=19582"},{"taxonomy":"product_cat","embeddable":true,"href":"https:\/\/www.hydraulic-cylinders.net\/ro\/wp-json\/wp\/v2\/product_cat?post=19582"},{"taxonomy":"product_tag","embeddable":true,"href":"https:\/\/www.hydraulic-cylinders.net\/ro\/wp-json\/wp\/v2\/product_tag?post=19582"}],"curies":[{"name":"wp","href":"https:\/\/api.w.org\/{rel}","templated":true}]}}