{"id":19583,"date":"2025-04-07T06:55:56","date_gmt":"2025-04-07T06:55:56","guid":{"rendered":"https:\/\/www.hydraulic-cylinders.net\/product\/boom-cylinder-for-yuchai-yc35sr\/"},"modified":"2025-04-07T06:55:58","modified_gmt":"2025-04-07T06:55:58","slug":"boom-cylinder-for-yuchai-yc35sr","status":"publish","type":"product","link":"https:\/\/www.hydraulic-cylinders.net\/ro\/produs\/boom-cylinder-for-yuchai-yc35sr\/","title":{"rendered":"Cilindru de bra\u021b pentru Yuchai YC35SR"},"content":{"rendered":"<h1>Cilindru de bra\u021b pentru Yuchai YC35SR<\/h1>\n<h2>Introducere \u00een cilindrii bra\u021bului<\/h2>\n<p>Cilindrul bra\u021bului este o component\u0103 crucial\u0103 \u00een sistemele hidraulice, special conceput pentru controlul mi\u0219c\u0103rii cupelor \u00een diverse utilaje grele. Acestea includ excavatoare, \u00eenc\u0103rc\u0103toare frontale \u0219i \u00eenc\u0103rc\u0103toare. Acesta permite ridicarea, cobor\u00e2rea \u0219i \u00eenclinarea cupei, facilit\u00e2nd diverse sarcini de manipulare a materialelor.<\/p>\n<p><img decoding=\"async\" src=\"https:\/\/www.hydraulic-cylinders.net\/wp-content\/uploads\/2025\/04\/songte-company-1.webp\" alt=\"Cilindru de bra\u021b\"><\/p>\n<h3>Func\u021bionalitate \u0219i defini\u021bie<\/h3>\n<p>Un cilindru al cupei este un tip de cilindru hidraulic dedicat gestion\u0103rii func\u021bion\u0103rii cupei utilajelor. Ace\u0219ti cilindri joac\u0103 un rol vital \u00een sistemul hidraulic prin transformarea energiei hidraulice \u00een energie mecanic\u0103, permi\u021b\u00e2nd un control precis asupra mi\u0219c\u0103rilor cupei. Capacitatea de a ridica sarcini grele, de a le cobor\u00ee cu precizie \u0219i de a \u00eenclina pentru o pozi\u021bionare mai bun\u0103 face ca cilindrii bra\u021bului s\u0103 fie esen\u021biali \u00een construc\u021bii, agricultur\u0103 \u0219i diverse aplica\u021bii industriale.<\/p>\n<h2>Caracteristicile cilindrului bra\u021bului<\/h2>\n<ul>\n<li><strong>Rezisten\u021b\u0103 \u0219i durabilitate ridicate:<\/strong> De obicei fabricate din o\u021bel sau aluminiu de \u00eenalt\u0103 rezisten\u021b\u0103, aceste cilindri pot rezista la presiuni ridicate \u0219i sarcini grele, ceea ce le face potrivite pentru medii de lucru dure. Designul lor \u00eencorporeaz\u0103 rezisten\u021b\u0103 la uzur\u0103 \u0219i rezisten\u021b\u0103 la coroziune pentru a le prelungi durata de via\u021b\u0103.<\/li>\n<li><strong>Func\u021bionare hidraulic\u0103 eficient\u0103:<\/strong> Utiliz\u00e2nd presiunea uleiului hidraulic, cilindrii bra\u021bului asigur\u0103 o extensie \u0219i o retragere lin\u0103. Ace\u0219tia r\u0103spund rapid la comenzile de control, furniz\u00e2nd for\u021be puternice de \u00eempingere \u0219i tragere necesare pentru manipularea materialelor grele \u0219i a sarcinilor complexe.<\/li>\n<li><strong>Diverse tipuri:<\/strong> Cilindrii bra\u021bului pot fi selecta\u021bi ca fiind cu ac\u021biune simpl\u0103 (func\u021bion\u00e2nd \u00eentr-o singur\u0103 direc\u021bie) sau cu ac\u021biune dubl\u0103 (func\u021bion\u00e2nd \u00een ambele direc\u021bii), r\u0103spunz\u00e2nd diverselor nevoi opera\u021bionale. Unele modele sunt telescopice, permi\u021b\u00e2nd o extensie mai mare f\u0103r\u0103 a cre\u0219te dimensiunile exterioare, ideale pentru aplica\u021bii cu spa\u021biu limitat.<\/li>\n<li><strong>Potrivire personalizat\u0103:<\/strong> Produsele noastre pot \u00eenlocui perfect cilindrii hidraulici existen\u021bi, asigur\u00e2nd compatibilitate \u0219i performan\u021b\u0103.<\/li>\n<li><strong>Fabrica\u021bie avansat\u0103:<\/strong> Construi\u021bi cu precizie \u0219i cu cea mai recent\u0103 tehnologie, buteliile noastre respect\u0103 standarde stricte de calitate pentru a asigura fiabilitate \u0219i eficien\u021b\u0103.<\/li>\n<\/ul>\n<p><img decoding=\"async\" src=\"https:\/\/www.hydraulic-cylinders.net\/wp-content\/uploads\/2025\/04\/songte-cylinder-head-with-all-kinds-excavator-models.webp\" alt=\"Modele de excavatoare\"><\/p>\n<h2>Aplica\u021bii ale cilindrilor bra\u021bului<\/h2>\n<h3>Echipamente de construc\u021bii<\/h3>\n<p>\u00cen excavatoare, cilindrii bra\u021bului sunt esen\u021biali pentru s\u0103pare, \u00eenc\u0103rcare \u0219i mutarea p\u0103m\u00e2ntului sau a resturilor. Ace\u0219tia ofer\u0103 for\u021ba necesar\u0103 pentru a p\u0103trunde eficient \u00een sol, ceea ce \u00eei face indispensabili \u00een proiectele de construc\u021bii. \u00cen cazul \u00eenc\u0103rc\u0103toarelor excavatoare, ace\u0219ti cilindri ajut\u0103 at\u00e2t la opera\u021biunile de s\u0103pare, c\u00e2t \u0219i la cele de ridicare, asigur\u00e2nd versatilitate pe \u0219antier.<\/p>\n<h3>Ma\u0219ini agricole<\/h3>\n<p>\u00cen \u00eenc\u0103rc\u0103toarele frontale, cilindrii bra\u021bului joac\u0103 un rol crucial \u00een scoaterea, ridicarea \u0219i transportul solului, f\u00e2nului \u0219i altor materiale. Capacitatea lor de a gestiona diverse sarcini \u00eei face nepre\u021bui\u021bi \u00een opera\u021biunile agricole, sporind productivitatea \u0219i eficien\u021ba.<\/p>\n<h3>Excavatoare<\/h3>\n<p>La excavatoare, cilindrul bra\u021bului permite cupei s\u0103 p\u0103trund\u0103 \u00een sol, facilit\u00e2nd excavarea eficient\u0103. Puterea hidraulic\u0103 furnizat\u0103 de ace\u0219ti cilindri asigur\u0103 c\u0103 utilajele pot face fa\u021b\u0103 terenurilor dificile \u0219i sarcinilor grele, ceea ce le face potrivite pentru o gam\u0103 larg\u0103 de sarcini de excavare.<\/p>\n<h3>\u00cenc\u0103rc\u0103toare<\/h3>\n<p>\u00cen cazul \u00eenc\u0103rc\u0103toarelor frontale, cilindrii bra\u021bului ajut\u0103 la ridicarea \u0219i desc\u0103rcarea eficient\u0103 a \u00eenc\u0103rc\u0103turilor. Capacitatea lor de a gestiona materiale grele asigur\u0103 efectuarea rapid\u0103 \u0219i sigur\u0103 a opera\u021biunilor, optimiz\u00e2nd astfel fluxul de lucru pe \u0219antierele de construc\u021bii \u0219i industriale.<\/p>\n<h2>Considera\u021bii de proiectare \u0219i criterii de selec\u021bie<\/h2>\n<h3>Capacitate de \u00eenc\u0103rcare<\/h3>\n<p>Capacitatea de \u00eenc\u0103rcare a unui cilindru al bra\u021bului este o considera\u021bie critic\u0103 de proiectare. Este esen\u021bial s\u0103 se asigure c\u0103 cilindrul poate suporta sarcina maxim\u0103 a\u0219teptat\u0103 f\u0103r\u0103 riscul de defec\u021biune. Inginerii trebuie s\u0103 ia \u00een considerare for\u021bele care ac\u021bioneaz\u0103 asupra cilindrului \u00een timpul func\u021bion\u0103rii \u0219i s\u0103 selecteze materiale \u0219i modele care pot suporta aceste sarcini \u00een timp.<\/p>\n<h3>Mecanisme de etan\u0219are<\/h3>\n<p>Etan\u0219area eficient\u0103 este vital\u0103 pentru prevenirea scurgerilor de fluid hidraulic. Alegerea etan\u0219\u0103rilor, cum ar fi etan\u0219\u0103rile pistonului \u0219i etan\u0219\u0103rile tijei, trebuie f\u0103cut\u0103 \u00een func\u021bie de nevoile specifice ale aplica\u021biei. Etan\u0219\u0103rile de \u00eenalt\u0103 calitate sunt esen\u021biale pentru a asigura performan\u021ba pe termen lung \u0219i a minimiza cerin\u021bele de \u00eentre\u021binere.<\/p>\n<h3>Durabilitate<\/h3>\n<p>Durabilitatea este un factor cheie \u00een proiectarea cilindrilor bra\u021bului. Ace\u0219tia trebuie s\u0103 fie construi\u021bi din materiale care pot rezista la condi\u021bii dure de lucru, inclusiv expunerea la murd\u0103rie, umiditate \u0219i temperaturi extreme. Utilizarea unor acoperiri rezistente la coroziune \u0219i a unor materiale robuste poate spori durabilitatea cilindrului.<\/p>\n<h3>Caracteristici de siguran\u021b\u0103<\/h3>\n<p>Siguran\u021ba este primordial\u0103 \u00een aplica\u021biile hidraulice. Cilindrii bra\u021bului trebuie proiecta\u021bi cu caracteristici care previn mi\u0219carea neinten\u021bionat\u0103, cum ar fi blocaje de siguran\u021b\u0103 sau sisteme de protec\u021bie la suprasarcin\u0103. Asigurarea implement\u0103rii acestor m\u0103suri de siguran\u021b\u0103 ajut\u0103 la prevenirea accidentelor \u0219i a deterior\u0103rii echipamentelor.<\/p>\n<h3>Accesibilitate pentru \u00eentre\u021binere<\/h3>\n<p>Proiectarea cilindrilor bra\u021bului pentru o \u00eentre\u021binere u\u0219oar\u0103 este crucial\u0103. Punctele de acces pentru lubrifiere, \u00eenlocuirea garniturilor \u0219i inspec\u021bii ar trebui luate \u00een considerare \u00een timpul procesului de proiectare. Acest lucru faciliteaz\u0103 \u00eentre\u021binerea de rutin\u0103, prelungind astfel durata de via\u021b\u0103 a cilindrului \u0219i \u00eembun\u0103t\u0103\u021bind eficien\u021ba opera\u021bional\u0103.<\/p>\n<p><img decoding=\"async\" src=\"https:\/\/www.hydraulic-cylinders.net\/wp-content\/uploads\/2025\/04\/songte-oil-pipes-and-spare-parts.webp\" alt=\"Piese hidraulice\"><\/p>\n<h2>Etan\u0219are \u0219i lubrifiere<\/h2>\n<p>Etan\u0219area \u0219i lubrifierea cilindrilor bra\u021bului sunt esen\u021biale pentru performan\u021be optime \u0219i longevitate. Diverse etan\u0219\u0103ri, cum ar fi etan\u0219\u0103rile pistonului \u0219i etan\u0219\u0103rile tijei, sunt utilizate pentru a preveni scurgerile de fluid hidraulic. Etan\u0219\u0103rile fabricate din materiale rezistente la uzur\u0103, cum ar fi poliuretanul \u0219i cauciucul nitrilic, ofer\u0103 durabilitate \u00een condi\u021bii dure.<\/p>\n<p>Corpul cilindrului \u0219i capetele filetate sunt prelucrate fin pentru a spori rezisten\u021ba la uzur\u0103, reduc\u00e2nd la minimum riscul de deteriorare \u00een timp. \u00cen plus, lubrifierea regulat\u0103 cu ulei hidraulic este esen\u021bial\u0103 pentru a men\u021bine o func\u021bionare lin\u0103 \u0219i a preveni uzura pieselor mobile. Verific\u0103rile periodice \u0219i lubrifierea adecvat\u0103 asigur\u0103 func\u021bionarea eficient\u0103 a cilindrului \u0219i prelungesc durata sa de via\u021b\u0103.<\/p>\n<h2>Inspec\u021bie regulat\u0103 \u0219i m\u0103suri de \u00eentre\u021binere preventiv\u0103<\/h2>\n<ul>\n<li><strong>Inspec\u021bii regulate:<\/strong> Efectua\u021bi inspec\u021bii de rutin\u0103 pentru a identifica semne de uzur\u0103 sau deteriorare. Acestea includ verificarea scurgerilor, asigurarea integrit\u0103\u021bii garniturilor \u0219i verificarea st\u0103rii generale a cilindrului. Depistarea timpurie a problemelor poate preveni repara\u021bii costisitoare \u0219i timpi de nefunc\u021bionare.<\/li>\n<li><strong>Lubrifiere adecvat\u0103:<\/strong> Asigura\u021bi-v\u0103 c\u0103 cilindrul este lubrifiat corespunz\u0103tor la intervalele specificate. Utilizarea tipului corect de ulei hidraulic \u0219i respectarea recomand\u0103rilor produc\u0103torului pentru lubrifiere ajut\u0103 la men\u021binerea unei func\u021bion\u0103ri eficiente.<\/li>\n<li><strong>\u00cenlocuirea garniturii:<\/strong> \u00cen timp, garniturile se pot degrada \u0219i necesit\u0103 \u00eenlocuire. Programele de \u00eentre\u021binere regulat\u0103 ar trebui s\u0103 includ\u0103 verific\u0103ri ale integrit\u0103\u021bii garniturilor \u0219i un plan pentru \u00eenlocuiri la timp pentru a preveni scurgerile.<\/li>\n<\/ul>\n<h2>Instruc\u021biuni de instalare<\/h2>\n<p>Instalarea corect\u0103 a cilindrilor bra\u021bului este crucial\u0103 pentru asigurarea eficien\u021bei \u0219i longevit\u0103\u021bii acestora. \u00cencepe\u021bi prin alinierea cu aten\u021bie a cilindrului cu suporturile de montare, asigur\u00e2ndu-v\u0103 c\u0103 este drept \u0219i pozi\u021bionat corect. Este recomandabil s\u0103 utiliza\u021bi suporturi de montare adecvate pentru a fixa cilindrul, prevenind nealinierea \u00een timpul func\u021bion\u0103rii.<\/p>\n<p>\u00cenainte de a str\u00e2nge orice \u0219uruburi, verifica\u021bi de dou\u0103 ori alinierea pentru a evita solicit\u0103ri excesive asupra cilindrului. Dup\u0103 fixarea cilindrului, conecta\u021bi furtunurile hidraulice, asigur\u00e2ndu-v\u0103 c\u0103 nu exist\u0103 \u00eendoiri sau curburi care ar putea \u00eempiedica curgerea fluidului. Dup\u0103 instalare, efectua\u021bi un test de presiune pentru a confirma c\u0103 cilindrul func\u021bioneaz\u0103 corect \u0219i c\u0103 nu exist\u0103 scurgeri. Men\u021binerea alinierii corecte este esen\u021bial\u0103 pentru a preveni uzura \u0219i a prelungi durata de via\u021b\u0103 a cilindrului bra\u021bului.<\/p>\n<h2>Sarcini comune de \u00eentre\u021binere<\/h2>\n<ul>\n<li><strong>Inspec\u021bii regulate:<\/strong> Efectua\u021bi verific\u0103ri regulate pentru a evalua starea cilindrului. C\u0103uta\u021bi semne de uzur\u0103, cum ar fi zg\u00e2rieturi pe tij\u0103 sau scurgeri \u00een jurul garniturilor. Identificarea timpurie a problemelor poate preveni probleme mai grave pe viitor.<\/li>\n<li><strong>Lubrifiere adecvat\u0103:<\/strong> Asigura\u021bi-v\u0103 c\u0103 cilindrul este lubrifiat corespunz\u0103tor, conform specifica\u021biilor produc\u0103torului. Folosi\u021bi uleiul hidraulic recomandat \u0219i programa\u021bi lubrifierea regulat\u0103 pentru a men\u021bine performan\u021be optime.<\/li>\n<li><strong>\u00cenlocuirea garniturii:<\/strong> Monitoriza\u021bi starea garniturilor \u0219i \u00eenlocui\u021bi-le dup\u0103 cum este necesar. Acest lucru previne scurgerile de fluid \u0219i men\u021bine eficien\u021ba sistemului hidraulic.<\/li>\n<\/ul>\n<p>Instalarea, lubrifierea \u0219i reglarea corect\u0103 sunt vitale pentru func\u021bionalitatea cilindrului. \u00cen timpul instal\u0103rii, asigura\u021bi-v\u0103 c\u0103 cilindrul este aliniat corect \u0219i fixat \u00een siguran\u021b\u0103 folosind suporturile de montare adecvate. Verific\u0103rile, repara\u021biile \u0219i procedurile de \u00eenlocuire regulate sporesc durata de via\u021b\u0103 a cilindrilor bra\u021bului.<\/p>\n<p><img decoding=\"async\" src=\"https:\/\/www.hydraulic-cylinders.net\/wp-content\/uploads\/2025\/04\/songte-chushion-collar.webp\" alt=\"Guler de pern\u0103\"><\/p>\n<h2>Considera\u021bii de siguran\u021b\u0103 \u0219i factori de mediu<\/h2>\n<p>Implementarea m\u0103surilor de siguran\u021b\u0103 \u00een timpul func\u021bion\u0103rii cilindrilor bra\u021bului este esen\u021bial\u0103 pentru prevenirea accidentelor. Operatorii trebuie s\u0103 fie instrui\u021bi cu privire la procedurile de manipulare \u00een siguran\u021b\u0103 \u0219i s\u0103 fie con\u0219tien\u021bi de poten\u021bialele pericole asociate cu sistemele hidraulice. Utilizarea echipamentului individual de protec\u021bie (EIP) adecvat \u0219i respectarea protocoalelor de siguran\u021b\u0103 reduc semnificativ riscurile la locul de munc\u0103.<\/p>\n<h2>Depanarea problemelor comune<\/h2>\n<ul>\n<li><strong>Scurgeri de fluid hidraulic:<\/strong> Inspecta\u021bi garniturile \u0219i conexiunile pentru orice semne de scurgeri. \u00cenlocui\u021bi prompt garniturile deteriorate pentru a preveni pierderea presiunii hidraulice.<\/li>\n<li><strong>Performan\u021b\u0103 redus\u0103:<\/strong> Dac\u0103 cilindrul este lent sau nu r\u0103spunde, verifica\u021bi nivelurile fluidului hidraulic \u0219i inspecta\u021bi dac\u0103 exist\u0103 obstruc\u021bii \u00een conductele hidraulice.<\/li>\n<li><strong>Zgomot excesiv:<\/strong> Sunetele neobi\u0219nuite din timpul func\u021bion\u0103rii pot indica defec\u021biuni interne sau prezen\u021ba aerului \u00een sistemul hidraulic. Aerisi\u021bi sistemul pentru a elimina aerul prins \u0219i a asigura o func\u021bionare lin\u0103.<\/li>\n<\/ul>\n<p>Rezolvarea rapid\u0103 a acestor probleme poate preveni probleme mai semnificative \u0219i poate prelungi durata de via\u021b\u0103 a cilindrului bra\u021bului. \u00centre\u021binerea \u0219i inspec\u021biile regulate joac\u0103 un rol crucial \u00een identificarea timpurie a problemelor poten\u021biale, asigur\u00e2nd o func\u021bionare f\u0103r\u0103 probleme.<\/p>\n<p><img decoding=\"async\" src=\"https:\/\/www.hydraulic-cylinders.net\/wp-content\/uploads\/2025\/04\/songte-bushings-with-all-kinds-of-excavator-models.webp\" alt=\"Buc\u0219e pentru excavator\"><\/p>\n<h2>Despre compania noastr\u0103<\/h2>\n<p>Suntem un produc\u0103tor important de cilindri hidraulici de schimb, oferind o gam\u0103 complet\u0103 de produse care deservesc at\u00e2t pie\u021bele interne, c\u00e2t \u0219i cele interna\u021bionale. Angajamentul nostru fa\u021b\u0103 de excelen\u021ba \u00een materie de calitate este sus\u021binut de strategii de fabrica\u021bie rafinate \u00een cadrul instala\u021biilor noastre de ultim\u0103 genera\u021bie. Ne \u00eembun\u0103t\u0103\u021bim continuu capacit\u0103\u021bile de produc\u021bie investind \u00een talente tehnice, echipamente digitale avansate de fabrica\u021bie \u0219i sisteme de testare specializate.<\/p>\n<p>Procesele noastre de produc\u021bie sunt concepute pentru a \u00eendeplini standarde \u00eenalte de eficien\u021b\u0103, precizie \u0219i calitate, permi\u021b\u00e2ndu-ne s\u0103 satisfacem diversele nevoi ale clien\u021bilor. Ne m\u00e2ndrim cu capacitatea noastr\u0103 de a oferi solu\u021bii personalizate, sus\u021binute de certific\u0103ri interna\u021bionale, asigur\u00e2ndu-ne c\u0103 produsele noastre \u00eendeplinesc standardele globale ale industriei.<\/p>\n<p><img decoding=\"async\" src=\"https:\/\/www.hydraulic-cylinders.net\/wp-content\/uploads\/2025\/04\/songte-company-4.webp\" alt=\"Prezentare general\u0103 a companiei\"><br \/>\n<img decoding=\"async\" src=\"https:\/\/www.hydraulic-cylinders.net\/wp-content\/uploads\/2025\/04\/songte-company-3.webp\" alt=\"Fabrica\u021bie avansat\u0103\"><\/p>\n<p>Pun\u00e2nd un accent puternic pe serviciile profesionale, oferim asisten\u021b\u0103 complet\u0103 post-v\u00e2nzare, asigur\u00e2ndu-ne c\u0103 to\u021bi clien\u021bii no\u0219tri beneficiaz\u0103 de cel mai \u00eenalt nivel de servicii pe toat\u0103 durata de via\u021b\u0103 a produselor noastre.<\/p>\n<p>Autor: lyl<\/p>","protected":false},"excerpt":{"rendered":"<p>Boom Cylinder For Yuchai YC35SR Introduction to Boom Cylinders The Boom Cylinder is a crucial component in hydraulic systems, specifically designed for controlling the movement of buckets in various heavy machinery. This includes excavators, backhoe loaders, and front loaders. It enables the bucket to lift, lower, and tilt, facilitating various material handling tasks. Functionality and [&hellip;]<\/p>","protected":false},"featured_media":17876,"comment_status":"open","ping_status":"closed","template":"","meta":{"_et_pb_use_builder":"","_et_pb_old_content":"","_et_gb_content_width":""},"product_brand":[],"product_cat":[1546],"product_tag":[1547,1496],"class_list":{"0":"post-19583","1":"product","2":"type-product","3":"status-publish","4":"has-post-thumbnail","6":"product_cat-boom-cylinders","7":"product_tag-boom-cylinders","8":"product_tag-hydraulic-cylinders","10":"first","11":"instock","12":"shipping-taxable","13":"product-type-simple"},"amp_enabled":true,"_links":{"self":[{"href":"https:\/\/www.hydraulic-cylinders.net\/ro\/wp-json\/wp\/v2\/product\/19583","targetHints":{"allow":["GET"]}}],"collection":[{"href":"https:\/\/www.hydraulic-cylinders.net\/ro\/wp-json\/wp\/v2\/product"}],"about":[{"href":"https:\/\/www.hydraulic-cylinders.net\/ro\/wp-json\/wp\/v2\/types\/product"}],"replies":[{"embeddable":true,"href":"https:\/\/www.hydraulic-cylinders.net\/ro\/wp-json\/wp\/v2\/comments?post=19583"}],"wp:featuredmedia":[{"embeddable":true,"href":"https:\/\/www.hydraulic-cylinders.net\/ro\/wp-json\/wp\/v2\/media\/17876"}],"wp:attachment":[{"href":"https:\/\/www.hydraulic-cylinders.net\/ro\/wp-json\/wp\/v2\/media?parent=19583"}],"wp:term":[{"taxonomy":"product_brand","embeddable":true,"href":"https:\/\/www.hydraulic-cylinders.net\/ro\/wp-json\/wp\/v2\/product_brand?post=19583"},{"taxonomy":"product_cat","embeddable":true,"href":"https:\/\/www.hydraulic-cylinders.net\/ro\/wp-json\/wp\/v2\/product_cat?post=19583"},{"taxonomy":"product_tag","embeddable":true,"href":"https:\/\/www.hydraulic-cylinders.net\/ro\/wp-json\/wp\/v2\/product_tag?post=19583"}],"curies":[{"name":"wp","href":"https:\/\/api.w.org\/{rel}","templated":true}]}}