{"id":19590,"date":"2025-04-07T06:56:14","date_gmt":"2025-04-07T06:56:14","guid":{"rendered":"https:\/\/www.hydraulic-cylinders.net\/product\/boom-cylinder-for-yangong-yg85e\/"},"modified":"2025-04-07T06:56:17","modified_gmt":"2025-04-07T06:56:17","slug":"boom-cylinder-for-yangong-yg85e","status":"publish","type":"product","link":"https:\/\/www.hydraulic-cylinders.net\/ro\/produs\/boom-cylinder-for-yangong-yg85e\/","title":{"rendered":"Cilindru de bra\u021b pentru Yangong YG85E"},"content":{"rendered":"<h1>Cilindru de bra\u021b pentru Yangong YG85E<\/h1>\n<h2>Introducere \u00een cilindrul bra\u021bului<\/h2>\n<p>Cilindrul bra\u021bului este o component\u0103 critic\u0103 \u00een sistemele hidraulice, special conceput pentru func\u021bionarea cupelor pentru utilaje grele, cum ar fi excavatoarele, \u00eenc\u0103rc\u0103toarele excavatoare \u0219i \u00eenc\u0103rc\u0103toarele frontale. Acest cilindru hidraulic joac\u0103 un rol esen\u021bial \u00een controlul mi\u0219c\u0103rii cupei, permi\u021b\u00e2ndu-i ridicarea, cobor\u00e2rea \u0219i \u00eenclinarea. O astfel de func\u021bionalitate este esen\u021bial\u0103 \u00een sarcinile de manipulare a materialelor \u00een diverse industrii, sporind eficien\u021ba \u0219i productivitatea.<\/p>\n<p><img decoding=\"async\" src=\"https:\/\/www.hydraulic-cylinders.net\/wp-content\/uploads\/2025\/04\/songte-company-1.webp\" alt=\"Imaginea cilindrului bra\u021bului\"><\/p>\n<h3>Prezentare general\u0103 a cilindrilor cupei<\/h3>\n<p>Cilindrii cupelor sunt cilindri hidraulici specializa\u021bi, proiecta\u021bi pentru a gestiona mi\u0219c\u0103rile complexe ale cupelor de pe echipamentele de construc\u021bii. Ace\u0219ti cilindri sunt parte integrant\u0103 a func\u021bion\u0103rii utilajelor grele, oferind for\u021ba necesar\u0103 pentru a manipula eficient sarcinile. Prin utilizarea presiunii hidraulice, ace\u0219ti cilindri asigur\u0103 o mi\u0219care lin\u0103 \u0219i rapid\u0103, ceea ce \u00eei face indispensabili \u00een industrii precum construc\u021biile \u0219i agricultura.<\/p>\n<h2>Caracteristicile cilindrului bra\u021bului<\/h2>\n<ul>\n<li><strong>Rezisten\u021b\u0103 \u0219i durabilitate ridicate:<\/strong> Construit din o\u021bel sau aluminiu de \u00eenalt\u0103 rezisten\u021b\u0103, cilindrul bra\u021bului poate rezista la presiuni ridicate \u0219i sarcini grele, fiind potrivit pentru medii de lucru dure. Designul s\u0103u ia \u00een considerare rezisten\u021ba la uzur\u0103 \u0219i coroziune, prelungindu-i durata de via\u021b\u0103.<\/li>\n<li><strong>Func\u021bionare hidraulic\u0103 eficient\u0103:<\/strong> Cilindrul utilizeaz\u0103 presiunea uleiului hidraulic pentru o extensie \u0219i retragere lin\u0103, r\u0103spunz\u00e2nd rapid la comenzile opera\u021bionale \u0219i oferind o for\u021b\u0103 substan\u021bial\u0103 de \u00eempingere \u0219i tragere pentru sarcini grele de ridicare.<\/li>\n<li><strong>Diverse tipuri:<\/strong> Op\u021biunile includ cilindri cu ac\u021biune simpl\u0103 (folosind sistemul hidraulic \u00eentr-o singur\u0103 direc\u021bie) sau cu ac\u021biune dubl\u0103 (folosind sistemul hidraulic \u00een ambele direc\u021bii), care r\u0103spund diverselor nevoi opera\u021bionale. Anumite modele sunt telescopice, permi\u021b\u00e2nd o extensie mai mare f\u0103r\u0103 a cre\u0219te dimensiunile exterioare, ideale pentru spa\u021bii restr\u00e2nse.<\/li>\n<li><strong>Fabrica\u021bie personalizat\u0103:<\/strong> Fabric\u0103m acest produs, asigur\u00e2nd \u00eenlocuiri perfecte pentru cilindrii hidraulici existen\u021bi.<\/li>\n<li><strong>Asigurarea calit\u0103\u021bii:<\/strong> Cilindrii no\u0219tri sunt supu\u0219i unor teste riguroase pentru a \u00eendeplini standarde stricte de calitate, asigur\u00e2nd clien\u021bilor fiabilitatea \u0219i performan\u021ba lor.<\/li>\n<\/ul>\n<p><img decoding=\"async\" src=\"https:\/\/www.hydraulic-cylinders.net\/wp-content\/uploads\/2025\/04\/songte-cylinder-head-with-all-kinds-excavator-models.webp\" alt=\"Imaginea chiulasei bra\u021bului\"><\/p>\n<h2>Aplica\u021bii ale cilindrului bra\u021bului<\/h2>\n<h3>Echipamente de construc\u021bii<\/h3>\n<p>\u00cen excavatoare, cilindrii bra\u021bului sunt esen\u021biali pentru s\u0103pare, \u00eenc\u0103rcare \u0219i mutarea p\u0103m\u00e2ntului sau a molozului, sporind eficien\u021ba proiectelor de construc\u021bii. \u00cen cazul \u00eenc\u0103rc\u0103toarelor basculante, ace\u0219tia faciliteaz\u0103 at\u00e2t opera\u021biunile de s\u0103pare, c\u00e2t \u0219i cele de ridicare, maximiz\u00e2nd productivitatea.<\/p>\n<h3>Ma\u0219ini agricole<\/h3>\n<p>Utiliza\u021bi \u00een \u00eenc\u0103rc\u0103toarele frontale, cilindrii bra\u021bului ajut\u0103 la scobere, ridicare \u0219i transportul solului, f\u00e2nului \u0219i altor materiale, sporind productivitatea \u00een opera\u021biunile agricole \u0219i asigur\u00e2nd o manipulare eficient\u0103 a sarcinilor agricole.<\/p>\n<h3>Excavatoare<\/h3>\n<p>Cilindrii bra\u021bului permit excavatoarelor s\u0103 p\u0103trund\u0103 eficient \u00een sol, permi\u021b\u00e2nd ac\u021biuni eficiente de s\u0103pare necesare \u00een diverse aplica\u021bii de terasament.<\/p>\n<h3>\u00cenc\u0103rc\u0103toare<\/h3>\n<p>La \u00eenc\u0103rc\u0103toarele frontale, ace\u0219ti cilindri sunt cruciali pentru ridicarea \u0219i desc\u0103rcarea eficient\u0103 a \u00eenc\u0103rc\u0103turilor, fiind vitali pentru opera\u021biunile de gestionare a de\u0219eurilor \u0219i de transport al materialelor.<\/p>\n<h2>Considera\u021bii de proiectare \u0219i criterii de selec\u021bie<\/h2>\n<h3>Capacitate de \u00eenc\u0103rcare<\/h3>\n<p>Atunci c\u00e2nd se selecteaz\u0103 un cilindru pentru bra\u021b, evaluarea capacit\u0103\u021bii sale de \u00eenc\u0103rcare este esen\u021bial\u0103. Cilindrul trebuie s\u0103 fie capabil s\u0103 suporte sarcina maxim\u0103 a\u0219teptat\u0103 \u00een timpul opera\u021biunilor. Aceasta implic\u0103 calcularea greut\u0103\u021bii materialelor mutate \u0219i asigurarea c\u0103 cilindrul hidraulic poate gestiona \u00een siguran\u021b\u0103 aceste greut\u0103\u021bi. Un cilindru cu o capacitate de \u00eenc\u0103rcare inadecvat\u0103 poate duce la defec\u021biuni, prezent\u00e2nd riscuri de siguran\u021b\u0103 \u0219i provoc\u00e2nd \u00eentreruperi ale opera\u021biunilor.<\/p>\n<h3>Etan\u0219are \u0219i durabilitate<\/h3>\n<p>Tehnologia de etan\u0219are utilizat\u0103 \u00een cilindrii bra\u021bului este esen\u021bial\u0103 pentru men\u021binerea presiunii hidraulice \u0219i prevenirea scurgerilor. Etan\u0219\u0103rile de \u00eenalt\u0103 calitate asigur\u0103 re\u021binerea fluidului hidraulic, acomod\u00e2nd \u00een acela\u0219i timp mi\u0219carea pistonului \u00een interiorul cilindrului. Utilizarea materialelor premium, cum ar fi poliuretanul \u0219i cauciucul nitrilic, contribuie la capacitatea cilindrului de a rezista la uzur\u0103, sporind astfel durata sa de via\u021b\u0103 \u0219i fiabilitatea general\u0103.<\/p>\n<h3>Caracteristici de siguran\u021b\u0103<\/h3>\n<p>Siguran\u021ba este o preocupare primordial\u0103 \u00een proiectarea sistemelor hidraulice. Cilindrii bra\u021bului trebuie s\u0103 includ\u0103 caracteristici de siguran\u021b\u0103 pentru a preveni defec\u021biunile catastrofale. Acestea includ supape de siguran\u021b\u0103 pentru a gestiona presiunea excesiv\u0103 \u0219i a asigura func\u021bionarea \u00een siguran\u021b\u0103. Inspec\u021biile \u0219i \u00eentre\u021binerea regulat\u0103 a acestor componente de siguran\u021b\u0103 sunt esen\u021biale pentru a men\u021bine standardele de siguran\u021b\u0103 opera\u021bional\u0103, protej\u00e2nd at\u00e2t operatorii, c\u00e2t \u0219i echipamentele de pericole.<\/p>\n<p><img decoding=\"async\" src=\"https:\/\/www.hydraulic-cylinders.net\/wp-content\/uploads\/2025\/04\/songte-oil-pipes-and-spare-parts.webp\" alt=\"Imagine piese hidraulice\"><\/p>\n<h2>Etan\u0219area \u0219i lubrifierea cilindrului bra\u021bului<\/h2>\n<p>Integritatea etan\u0219\u0103rilor cilindrului bra\u021bului este esen\u021bial\u0103 pentru o performan\u021b\u0103 optim\u0103. Diverse componente de etan\u0219are, cum ar fi etan\u0219\u0103rile pistonului \u0219i ale tijei, sunt utilizate pentru a re\u021bine fluidul hidraulic. Etan\u0219\u0103rile sunt de obicei fabricate din materiale rezistente la uzur\u0103, cum ar fi poliuretanul \u0219i cauciucul nitrilic, asigur\u00e2nd o func\u021bionare de lung\u0103 durat\u0103. Corpul cilindrului \u0219i capetele filetate sunt supuse unor prelucr\u0103ri de precizie pentru a spori durabilitatea \u0219i a reduce uzura.<\/p>\n<p>Lubrifierea regulat\u0103 cu fluidul hidraulic adecvat este crucial\u0103 pentru men\u021binerea performan\u021bei cilindrului. Aceasta implic\u0103 verific\u0103ri periodice \u0219i reumpleri cu ulei hidraulic, care lubrifiaz\u0103 componentele interne, reduc\u00e2nd la minimum frecarea \u0219i acumularea de c\u0103ldur\u0103 \u00een timpul func\u021bion\u0103rii. Lubrifierea adecvat\u0103 nu numai c\u0103 prelunge\u0219te durata de via\u021b\u0103 a cilindrului, dar \u00eembun\u0103t\u0103\u021be\u0219te \u0219i viteza de reac\u021bie \u0219i eficien\u021ba general\u0103.<\/p>\n<h2>M\u0103suri de \u00eentre\u021binere preventiv\u0103<\/h2>\n<ul>\n<li><strong>Inspec\u021bii regulate:<\/strong> Efectuarea unor verific\u0103ri de rutin\u0103 ale cilindrului bra\u021bului poate ajuta la identificarea uzurii \u00eenainte ca aceasta s\u0103 duc\u0103 la defec\u021biuni mai grave. C\u0103uta\u021bi semne de scurgeri, zgomote neobi\u0219nuite sau performan\u021be sc\u0103zute \u0219i remedia\u021bi prompt orice problem\u0103.<\/li>\n<li><strong>Lubrifiere adecvat\u0103:<\/strong> Asigurarea unei lubrifieri corespunz\u0103toare a cilindrului cu fluidul hidraulic potrivit este esen\u021bial\u0103 pentru prevenirea uzurii excesive. Folosi\u021bi uleiuri hidraulice de \u00eenalt\u0103 calitate, adecvate aplica\u021biei specifice, pentru a men\u021bine performan\u021be optime.<\/li>\n<li><strong>\u00cenlocuirea garniturii:<\/strong> Garniturile se pot uza \u00een timp \u0219i pot necesita \u00eenlocuire pentru a asigura absen\u021ba scurgerilor \u00een cilindru. Verifica\u021bi periodic garniturile pentru a depista semne de deteriorare \u0219i \u00eenlocui\u021bi-le dup\u0103 cum este necesar pentru a men\u021bine presiunea hidraulic\u0103.<\/li>\n<\/ul>\n<h2>Instruc\u021biuni de instalare pentru cilindrul bra\u021bului<\/h2>\n<p>Instalarea corect\u0103 a cilindrului bra\u021bului este vital\u0103 pentru a asigura performan\u021be \u0219i siguran\u021b\u0103 optime. \u00cencepe\u021bi prin a v\u0103 asigura c\u0103 toate componentele sunt curate \u0219i f\u0103r\u0103 resturi. Alinia\u021bi cilindrul corect pentru a preveni nealinierea \u00een timpul func\u021bion\u0103rii, ceea ce poate duce la uzur\u0103 accelerat\u0103 sau defec\u021biuni. Utiliza\u021bi console de montare adecvate pentru a fixa cilindrul ferm \u00een pozi\u021bie, asigur\u00e2ndu-v\u0103 c\u0103 acesta poate rezista la for\u021bele opera\u021bionale.<\/p>\n<p>\u00cenainte de a conecta conductele hidraulice, verifica\u021bi dac\u0103 toate fitingurile sunt compatibile \u0219i \u00een stare bun\u0103. Dup\u0103 conectare, aerisi\u021bi sistemul pentru a elimina aerul, care poate afecta performan\u021ba. \u00cen cele din urm\u0103, efectua\u021bi un test am\u0103nun\u021bit al cilindrului \u00een condi\u021bii de func\u021bionare pentru a v\u0103 asigura c\u0103 totul func\u021bioneaz\u0103 conform destina\u021biei.<\/p>\n<h2>Sarcini de \u00eentre\u021binere pentru cilindrul bra\u021bului<\/h2>\n<h3>Inspec\u021bie regulat\u0103<\/h3>\n<p>Inspec\u021biile de rutin\u0103 sunt esen\u021biale pentru detectarea timpurie a problemelor care ar putea duce la defec\u021biuni. Operatorii ar trebui s\u0103 verifice dac\u0103 exist\u0103 semne de scurgeri, zgomote neobi\u0219nuite sau modific\u0103ri ale performan\u021bei. Identificarea timpurie a problemelor poate preveni repara\u021bii costisitoare \u0219i timpi de nefunc\u021bionare.<\/p>\n<h3>Lubrifiere adecvat\u0103<\/h3>\n<p>Men\u021binerea nivelurilor corecte de lubrifiere cu fluid hidraulic adecvat este crucial\u0103 pentru a preveni uzura \u0219i a asigura o func\u021bionare lin\u0103. Operatorii trebuie s\u0103 respecte recomand\u0103rile produc\u0103torului privind tipul de fluid \u0219i intervalele de schimbare pentru a optimiza durata de via\u021b\u0103 a cilindrului.<\/p>\n<h3>\u00cenlocuirea garniturii \u0219i verific\u0103ri ale calibr\u0103rii<\/h3>\n<p>\u00cenlocuirea regulat\u0103 a garniturilor \u0219i efectuarea verific\u0103rilor de calibrare sunt necesare pentru a men\u021bine integritatea sistemului hidraulic. Acest lucru asigur\u0103 func\u021bionarea eficient\u0103 \u0219i sigur\u0103 a cilindrului bra\u021bului, reduc\u00e2nd riscul de scurgeri \u0219i pierderi de presiune. Operatorii trebuie s\u0103 urmeze procedurile recomandate pentru verificarea \u0219i \u00eenlocuirea garniturilor \u0219i s\u0103 calibreze sistemul dup\u0103 cum este necesar pentru a asigura o performan\u021b\u0103 precis\u0103.<\/p>\n<p><img decoding=\"async\" src=\"https:\/\/www.hydraulic-cylinders.net\/wp-content\/uploads\/2025\/04\/songte-chushion-collar.webp\" alt=\"Imagine cu guler de pern\u0103\"><\/p>\n<h2>Considera\u021bii de siguran\u021b\u0103 \u0219i factori de mediu<\/h2>\n<p>La operarea cilindrilor hidraulici, respectarea protocoalelor de siguran\u021b\u0103 este esen\u021bial\u0103. Operatorii trebuie s\u0103 poarte echipament individual de protec\u021bie (EIP) adecvat \u0219i s\u0103 respecte toate instruc\u021biunile de siguran\u021b\u0103 pentru a preveni accidentele. \u00cen plus, trebuie luate \u00een considerare factorii de mediu care pot afecta performan\u021ba cilindrului, cum ar fi schimb\u0103rile de temperatur\u0103 \u0219i expunerea la elemente dure. Implementarea unor m\u0103suri pentru atenuarea acestor factori poate spori durabilitatea \u0219i siguran\u021ba cilindrului.<\/p>\n<h2>Depanare \u0219i probleme frecvente<\/h2>\n<ul>\n<li><strong>Scurgere:<\/strong> Dac\u0103 exist\u0103 scurgeri de lichid hidraulic din cilindru, acest lucru poate indica uzura garniturilor de etan\u0219are sau deteriorarea fitingurilor. Inspecta\u021bi aceste componente \u0219i \u00eenlocui\u021bi-le dac\u0103 este necesar.<\/li>\n<li><strong>Func\u021bionare lent\u0103:<\/strong> Un r\u0103spuns lent poate sugera niveluri sc\u0103zute de lichid hidraulic sau aer \u00een sistem. Verifica\u021bi nivelurile de lichid \u0219i aerisi\u021bi sistemul pentru a restabili func\u021bionarea corect\u0103.<\/li>\n<li><strong>Mi\u0219care inconsistent\u0103:<\/strong> Dac\u0103 cilindrul se mi\u0219c\u0103 neuniform, cauza poate fi alinierea gre\u0219it\u0103 sau blocajele. Asigura\u021bi o aliniere corect\u0103 \u0219i \u00eendep\u0103rta\u021bi orice obstruc\u021bii din conductele hidraulice.<\/li>\n<\/ul>\n<h2>Sfaturi de depanare<\/h2>\n<p>Pentru a diagnostica \u0219i rezolva eficient problemele legate de cilindrul bra\u021bului, operatorii trebuie s\u0103 urmeze pa\u0219i specifici de depanare. \u00cencepe\u021bi prin verificarea scurgerilor \u0219i testarea nivelurilor de lichid hidraulic pentru a asigura o presiune adecvat\u0103. Dac\u0103 cilindrul prezint\u0103 mi\u0219c\u0103ri lente sau neregulate, verifica\u021bi dac\u0103 exist\u0103 aer \u00een sistem \u0219i aerisi\u021bi-l, dup\u0103 cum este necesar. P\u0103strarea unui jurnal al oric\u0103ror ac\u021biuni de \u00eentre\u021binere \u0219i al problemelor \u00eent\u00e2lnite poate ajuta la identificarea tiparelor care pot necesita repara\u021bii sau \u00eenlocuiri mai ample.<\/p>\n<p><img decoding=\"async\" src=\"https:\/\/www.hydraulic-cylinders.net\/wp-content\/uploads\/2025\/04\/songte-bushings-with-all-kinds-of-excavator-models.webp\" alt=\"Imagine buc\u0219e\"><\/p>\n<h2>Despre compania noastr\u0103<\/h2>\n<p>Suntem un produc\u0103tor important de cilindri hidraulici, oferind o gam\u0103 complet\u0103 de produse. Angajamentul nostru fa\u021b\u0103 de excelen\u021b\u0103 ne-a consacrat ca unul dintre cei mai importan\u021bi produc\u0103tori \u0219i angrosi\u0219ti \u200b\u200bpe pie\u021bele interne \u0219i interna\u021bionale. Respect\u0103m standarde riguroase de calitate, sus\u021binute de strategii de fabrica\u021bie precise. Concentr\u00e2ndu-ne pe tehnologie avansat\u0103, personal calificat \u0219i un sistem robust de asigurare a calit\u0103\u021bii, ne \u00eembun\u0103t\u0103\u021bim continuu capacit\u0103\u021bile de produc\u021bie.<\/p>\n<p>Compania noastr\u0103 prioritizeaz\u0103 nevoile clien\u021bilor, oferind solu\u021bii personalizate, certific\u0103ri interna\u021bionale \u0219i asisten\u021b\u0103 post-v\u00e2nzare excep\u021bional\u0103. Prin utilizarea echipamentelor \u0219i proceselor de produc\u021bie de ultim\u0103 genera\u021bie, asigur\u0103m eficien\u021b\u0103, precizie \u0219i calitate ridicate \u00een produsele noastre.<\/p>\n<p><img decoding=\"async\" src=\"https:\/\/www.hydraulic-cylinders.net\/wp-content\/uploads\/2025\/04\/songte-company-4.webp\" alt=\"Imaginea companiei\"><br \/>\n<img decoding=\"async\" src=\"https:\/\/www.hydraulic-cylinders.net\/wp-content\/uploads\/2025\/04\/songte-company-3.webp\" alt=\"Imaginea companiei\"><\/p>\n<p>Autor: lyl<\/p>","protected":false},"excerpt":{"rendered":"<p>Boom Cylinder For Yangong YG85E Introduction to Boom Cylinder The Boom Cylinder is a critical component in hydraulic systems, specifically designed for the operation of heavy machinery buckets such as excavators, backhoe loaders, and front loaders. This hydraulic cylinder plays a pivotal role in controlling the movement of the bucket, allowing it to lift, lower, [&hellip;]<\/p>","protected":false},"featured_media":17868,"comment_status":"open","ping_status":"closed","template":"","meta":{"_et_pb_use_builder":"","_et_pb_old_content":"","_et_gb_content_width":""},"product_brand":[],"product_cat":[1546],"product_tag":[1547,1496],"class_list":{"0":"post-19590","1":"product","2":"type-product","3":"status-publish","4":"has-post-thumbnail","6":"product_cat-boom-cylinders","7":"product_tag-boom-cylinders","8":"product_tag-hydraulic-cylinders","10":"first","11":"instock","12":"shipping-taxable","13":"product-type-simple"},"amp_enabled":true,"_links":{"self":[{"href":"https:\/\/www.hydraulic-cylinders.net\/ro\/wp-json\/wp\/v2\/product\/19590","targetHints":{"allow":["GET"]}}],"collection":[{"href":"https:\/\/www.hydraulic-cylinders.net\/ro\/wp-json\/wp\/v2\/product"}],"about":[{"href":"https:\/\/www.hydraulic-cylinders.net\/ro\/wp-json\/wp\/v2\/types\/product"}],"replies":[{"embeddable":true,"href":"https:\/\/www.hydraulic-cylinders.net\/ro\/wp-json\/wp\/v2\/comments?post=19590"}],"wp:featuredmedia":[{"embeddable":true,"href":"https:\/\/www.hydraulic-cylinders.net\/ro\/wp-json\/wp\/v2\/media\/17868"}],"wp:attachment":[{"href":"https:\/\/www.hydraulic-cylinders.net\/ro\/wp-json\/wp\/v2\/media?parent=19590"}],"wp:term":[{"taxonomy":"product_brand","embeddable":true,"href":"https:\/\/www.hydraulic-cylinders.net\/ro\/wp-json\/wp\/v2\/product_brand?post=19590"},{"taxonomy":"product_cat","embeddable":true,"href":"https:\/\/www.hydraulic-cylinders.net\/ro\/wp-json\/wp\/v2\/product_cat?post=19590"},{"taxonomy":"product_tag","embeddable":true,"href":"https:\/\/www.hydraulic-cylinders.net\/ro\/wp-json\/wp\/v2\/product_tag?post=19590"}],"curies":[{"name":"wp","href":"https:\/\/api.w.org\/{rel}","templated":true}]}}