{"id":19594,"date":"2025-04-07T06:56:25","date_gmt":"2025-04-07T06:56:25","guid":{"rendered":"https:\/\/www.hydraulic-cylinders.net\/product\/boom-cylinder-for-xinyuan-crawler-excavator-xy60-8\/"},"modified":"2025-04-07T06:56:28","modified_gmt":"2025-04-07T06:56:28","slug":"boom-cylinder-for-xinyuan-crawler-excavator-xy60-8","status":"publish","type":"product","link":"https:\/\/www.hydraulic-cylinders.net\/ro\/produs\/boom-cylinder-for-xinyuan-crawler-excavator-xy60-8\/","title":{"rendered":"Cilindru bra\u021b pentru excavatorul pe \u0219enile Xinyuan XY60-8"},"content":{"rendered":"<h1>Cilindru bra\u021b pentru excavatorul pe \u0219enile Xinyuan XY60-8<\/h1>\n<h2>Prezentare general\u0103 a produsului<\/h2>\n<p>Cilindrul bra\u021bului pentru excavatorul pe \u0219enile Xinyuan XY60-8 este o component\u0103 crucial\u0103 \u00een sistemele hidraulice concepute pentru utilaje grele. Acest cilindru hidraulic este special conceput pentru a controla mi\u0219carea cupei \u00een diverse echipamente grele, cum ar fi excavatoarele, \u00eenc\u0103rc\u0103toarele cu buldoexcavatoare \u0219i \u00eenc\u0103rc\u0103toarele frontale. Prin facilitarea ridic\u0103rii, cobor\u00e2rii \u0219i \u00eenclin\u0103rii cupei, acesta \u00eembun\u0103t\u0103\u021be\u0219te semnificativ sarcinile de manipulare a materialelor.<\/p>\n<p>Ca tip de cilindru hidraulic, cilindrul cupei utilizeaz\u0103 ulei hidraulic sub presiune pentru a func\u021biona, ceea ce face ca func\u021bia sa s\u0103 fie vital\u0103 pentru performan\u021ba eficient\u0103 \u00een activit\u0103\u021bile de construc\u021bie \u0219i excavare. Func\u021bionalitatea cilindrului bra\u021bului nu numai c\u0103 optimizeaz\u0103 func\u021bionarea excavatorului, dar asigur\u0103 \u0219i c\u0103 materialele grele pot fi mutate cu precizie \u0219i u\u0219urin\u021b\u0103.<\/p>\n<p><img decoding=\"async\" src=\"https:\/\/www.hydraulic-cylinders.net\/wp-content\/uploads\/2025\/04\/songte-company-1.webp\" alt=\"Imaginea cilindrului bra\u021bului\" \/><\/p>\n<h2>Caracteristicile cilindrului bra\u021bului<\/h2>\n<ul>\n<li>\n<h3>Rezisten\u021b\u0103 \u0219i durabilitate ridicate<\/h3>\n<p>Fabricat din o\u021bel sau aluminiu de \u00eenalt\u0103 rezisten\u021b\u0103, acest cilindru al bra\u021bului este construit pentru a rezista la presiuni ridicate \u0219i sarcini grele. Designul s\u0103u ia \u00een considerare rezisten\u021ba la uzur\u0103 \u0219i protec\u021bia \u00eempotriva coroziunii, ceea ce \u00eei prelunge\u0219te durata de via\u021b\u0103 opera\u021bional\u0103.<\/p>\n<\/li>\n<li>\n<h3>Func\u021bionare hidraulic\u0103 eficient\u0103<\/h3>\n<p>Utiliz\u00e2nd presiunea uleiului hidraulic, cilindrul bra\u021bului asigur\u0103 o extensie \u0219i o retragere lin\u0103 \u0219i rapid\u0103. Acest lucru asigur\u0103 un r\u0103spuns eficient la comenzile operatorului \u0219i ofer\u0103 for\u021be puternice de \u00eempingere \u0219i tragere, ideale pentru manipularea sarcinilor grele sau complexe.<\/p>\n<\/li>\n<li>\n<h3>Diverse tipuri<\/h3>\n<p>\u00cen func\u021bie de cerin\u021bele opera\u021bionale, cilindrul bra\u021bului poate fi selectat ca model cu ac\u021biune simpl\u0103 (utilizat \u00eentr-o singur\u0103 direc\u021bie) sau cu ac\u021biune dubl\u0103 (func\u021bion\u00e2nd \u00een ambele direc\u021bii). Unele versiuni sunt telescopice, permi\u021b\u00e2nd o extensie mai mare f\u0103r\u0103 a cre\u0219te dimensiunile exterioare, fiind potrivite pentru spa\u021bii \u00eenguste.<\/p>\n<\/li>\n<li>\n<h3>Fabrica\u021bie personalizat\u0103<\/h3>\n<p>Ne specializ\u0103m \u00een producerea acestui produs, cilindrii no\u0219tri \u00eenlocuind perfect cilindrii hidraulici existen\u021bi pentru a \u00eembun\u0103t\u0103\u021bi performan\u021ba \u0219i fiabilitatea \u00een diverse aplica\u021bii.<\/p>\n<\/li>\n<\/ul>\n<p><img decoding=\"async\" src=\"https:\/\/www.hydraulic-cylinders.net\/wp-content\/uploads\/2025\/04\/songte-cylinder-head-with-all-kinds-excavator-models.webp\" alt=\"Modele de cilindri hidraulici\" \/><\/p>\n<h2>Aplica\u021bii ale cilindrului bra\u021bului<\/h2>\n<h3>Echipamente de construc\u021bii<\/h3>\n<p>\u00cen excavatoare, cilindrii bra\u021bului joac\u0103 un rol esen\u021bial \u00een s\u0103parea, \u00eenc\u0103rcarea \u0219i mutarea solului sau a resturilor. Ace\u0219tia permit cupei s\u0103 p\u0103trund\u0103 eficient \u00een teren, permi\u021b\u00e2nd opera\u021biuni controlate de excavare. Precizia oferit\u0103 de cilindrul bra\u021bului \u00eembun\u0103t\u0103\u021be\u0219te eficien\u021ba general\u0103 a sarcinilor de construc\u021bie, permi\u021b\u00e2nd operatorilor s\u0103 realizeze mai multe \u00een mai pu\u021bin timp.<\/p>\n<h3>Ma\u0219ini agricole<\/h3>\n<p>La \u00eenc\u0103rc\u0103toarele frontale, cilindrul bra\u021bului este esen\u021bial pentru scoaterea, ridicarea \u0219i transportul solului, f\u00e2nului \u0219i altor materiale. Av\u00e2nd capacitatea de a manipula eficient sarcini grele, ace\u0219ti cilindri contribuie la cre\u0219terea productivit\u0103\u021bii \u0219i faciliteaz\u0103 diverse sarcini agricole, de la aratul terenului p\u00e2n\u0103 la gestionarea materiilor prime pentru furaje.<\/p>\n<h3>Excavatoare<\/h3>\n<p>Pentru excavatoare, cilindrul bra\u021bului este esen\u021bial pentru a permite cupei s\u0103 p\u0103trund\u0103 \u00een sol, permi\u021b\u00e2nd opera\u021biuni eficiente de excavare. Aceast\u0103 capacitate este indispensabil\u0103 \u00een proiectele de construc\u021bii, amenaj\u0103ri peisagistice \u0219i miniere, unde este necesar\u0103 o excavare precis\u0103 pentru a crea funda\u021bii sau a cur\u0103\u021ba terenul.<\/p>\n<h3>\u00cenc\u0103rc\u0103toare<\/h3>\n<p>La \u00eenc\u0103rc\u0103toarele frontale, cilindrii bra\u021bului ajut\u0103 la ridicarea \u0219i desc\u0103rcarea eficient\u0103 a materialelor. Eficien\u021ba lor opera\u021bional\u0103 asigur\u0103 manipularea precis\u0103 a sarcinilor, ceea ce este vital pentru preg\u0103tirea \u0219antierului, transportul materialelor \u0219i alte sarcini care necesit\u0103 capacit\u0103\u021bi de ridicare.<\/p>\n<h2>Considera\u021bii de proiectare \u0219i criterii de selec\u021bie<\/h2>\n<h3>Capacitate de \u00eenc\u0103rcare<\/h3>\n<p>Atunci c\u00e2nd se selecteaz\u0103 un cilindru pentru bra\u021b, una dintre principalele considera\u021bii este capacitatea sa de \u00eenc\u0103rcare. Cilindrul trebuie s\u0103 poat\u0103 suporta sarcina maxim\u0103 a\u0219teptat\u0103 \u00een timpul func\u021bion\u0103rii f\u0103r\u0103 a compromite integritatea structural\u0103. Calculele corecte bazate pe volumul de munc\u0103 a\u0219teptat asigur\u0103 c\u0103 cilindrul func\u021bioneaz\u0103 \u00een siguran\u021b\u0103 \u0219i eficient sub stres.<\/p>\n<h3>Etan\u0219are \u0219i durabilitate<\/h3>\n<p>Mecanismul de etan\u0219are este crucial pentru prevenirea scurgerilor \u0219i men\u021binerea unei presiuni hidraulice optime. Garniturile de \u00eenalt\u0103 calitate, fabricate din materiale durabile, cum ar fi poliuretanul sau cauciucul nitrilic, sporesc longevitatea cilindrului. \u00cen plus, durabilitatea corpului cilindrului este esen\u021bial\u0103 pentru a rezista la condi\u021bii dure de lucru, inclusiv expunerea la murd\u0103rie, umiditate \u0219i temperaturi extreme.<\/p>\n<h3>Siguran\u0163\u0103<\/h3>\n<p>Caracteristicile de siguran\u021b\u0103 trebuie integrate \u00een proiectarea cilindrului bra\u021bului pentru a proteja at\u00e2t utilajele, c\u00e2t \u0219i operatorul. Acestea includ supape de suprapresiune pentru a preveni suprapresurizarea \u0219i mecanisme de blocare a siguran\u021bei care fixeaz\u0103 cupa atunci c\u00e2nd nu este \u00een func\u021biune. Asigurarea men\u021binerii standardelor de siguran\u021b\u0103 este vital\u0103 pentru func\u021bionarea \u00een siguran\u021b\u0103 a utilajelor grele.<\/p>\n<h3>Considera\u021bii privind \u00eentre\u021binerea<\/h3>\n<p>U\u0219urin\u021ba \u00eentre\u021binerii este un alt factor critic \u00een proiectarea cilindrilor bra\u021bului. Caracteristicile de proiectare care permit accesul facil pentru inspec\u021bie, lubrifiere \u0219i repara\u021bii pot reduce la minimum timpul de nefunc\u021bionare \u0219i pot prelungi durata de via\u021b\u0103 a sistemului hidraulic. Proiectele care necesit\u0103 \u00eentre\u021binere contribuie la fiabilitatea \u0219i performan\u021ba general\u0103 a echipamentului.<\/p>\n<p><img decoding=\"async\" src=\"https:\/\/www.hydraulic-cylinders.net\/wp-content\/uploads\/2025\/04\/songte-oil-pipes-and-spare-parts.webp\" alt=\"Componente cilindru hidraulic\" \/><\/p>\n<h2>Etan\u0219are \u0219i lubrifiere<\/h2>\n<p>Eficacitatea unui cilindru al bra\u021bului depinde \u00een mare m\u0103sur\u0103 de sistemele sale de etan\u0219are \u0219i lubrifiere. Garniturile de \u00eenalt\u0103 calitate, cum ar fi garniturile pistonului \u0219i garniturile tijei, sunt esen\u021biale pentru men\u021binerea presiunii hidraulice \u0219i prevenirea scurgerilor. Garniturile fabricate din materiale rezistente la uzur\u0103, cum ar fi poliuretanul \u0219i cauciucul nitrilic, asigur\u0103 longevitatea \u0219i fiabilitatea performan\u021bei.<\/p>\n<p>\u00cen plus, corpul \u0219i capetele filetate ale cilindrului sunt supuse unor prelucr\u0103ri de precizie pentru a le spori rezisten\u021ba la uzur\u0103. Lubrifierea regulat\u0103 cu ulei hidraulic adecvat este necesar\u0103 pentru a asigura o func\u021bionare lin\u0103 \u0219i a preveni uzura, maximiz\u00e2nd astfel durata de via\u021b\u0103 a cilindrului bra\u021bului. Se recomand\u0103 respectarea unor programe specifice de lubrifiere pentru a men\u021bine performan\u021be optime.<\/p>\n<h2>Inspec\u021bie regulat\u0103 \u0219i m\u0103suri de \u00eentre\u021binere preventiv\u0103<\/h2>\n<ul>\n<li>\n<h3>Inspec\u021bii regulate<\/h3>\n<p>Efectuarea inspec\u021biilor de rutin\u0103 ale cilindrului bra\u021bului este crucial\u0103 pentru identificarea poten\u021bialelor probleme \u00eenainte ca acestea s\u0103 escaladeze. Verific\u0103rile regulate ar trebui s\u0103 includ\u0103 evalu\u0103ri vizuale pentru scurgeri, uzur\u0103, precum \u0219i teste func\u021bionale pentru a se asigura c\u0103 cilindrul func\u021bioneaz\u0103 f\u0103r\u0103 probleme.<\/p>\n<\/li>\n<li>\n<h3>Lubrifiere adecvat\u0103<\/h3>\n<p>Asigurarea lubrifierii adecvate a cilindrului hidraulic este esen\u021bial\u0103 pentru longevitatea acestuia. Operatorii trebuie s\u0103 respecte un program de lubrifiere care include utilizarea de uleiuri hidraulice aprobate pentru a men\u021bine performan\u021ba \u0219i a reduce frecarea, care poate duce la uzur\u0103 prematur\u0103.<\/p>\n<\/li>\n<li>\n<h3>\u00cenlocuirea garniturii<\/h3>\n<p>\u00cen timp, garniturile se pot degrada \u0219i pot necesita \u00eenlocuire. Monitorizarea regulat\u0103 a integrit\u0103\u021bii garniturilor poate preveni scurgerile de fluid hidraulic \u0219i poate men\u021bine performan\u021ba optim\u0103 a cilindrului. Este esen\u021bial s\u0103 existe un program de \u00eenlocuire bazat pe mediul de func\u021bionare \u0219i frecven\u021ba de utilizare.<\/p>\n<\/li>\n<\/ul>\n<p><img decoding=\"async\" src=\"https:\/\/www.hydraulic-cylinders.net\/wp-content\/uploads\/2025\/04\/songte-chushion-collar.webp\" alt=\"Instalarea cilindrului\" \/><\/p>\n<h2>Considera\u021bii de siguran\u021b\u0103 \u0219i factori de mediu<\/h2>\n<p>M\u0103surile de siguran\u021b\u0103 sunt primordiale atunci c\u00e2nd se utilizeaz\u0103 cilindri ai bra\u021bului \u00een diverse aplica\u021bii. Operatorii trebuie s\u0103 respecte \u00eentotdeauna instruc\u021biunile de siguran\u021b\u0103, asigur\u00e2ndu-se c\u0103 toate componentele sunt inspectate \u0219i \u00eentre\u021binute periodic. Implementarea protocoalelor de siguran\u021b\u0103 reduce riscurile asociate cu defec\u021biunile echipamentelor \u0219i v\u0103t\u0103marea operatorilor. \u00cen plus, luarea \u00een considerare a factorilor de mediu, cum ar fi expunerea la substan\u021be chimice sau condi\u021bii meteorologice extreme, este crucial\u0103 pentru men\u021binerea integrit\u0103\u021bii \u0219i performan\u021bei cilindrilor.<\/p>\n<h2>Depanare \u0219i probleme frecvente<\/h2>\n<ul>\n<li>\n<h3>Scurgeri hidraulice<\/h3>\n<p>Scurgerile hidraulice pot ap\u0103rea din cauza garniturilor uzate sau a componentelor deteriorate. Identificarea sursei scurgerii este esen\u021bial\u0103, deoarece aceasta poate duce la pierderea presiunii hidraulice \u0219i la func\u021bionare ineficient\u0103. Inspec\u021biile regulate pot ajuta la detectarea timpurie a scurgerilor.<\/p>\n<\/li>\n<li>\n<h3>Performan\u021b\u0103 inconsistent\u0103<\/h3>\n<p>Dac\u0103 cilindrul bra\u021bului prezint\u0103 mi\u0219c\u0103ri neregulate sau presiune inconsistent\u0103, acest lucru poate indica prezen\u021ba aerului prins \u00een sistemul hidraulic, niveluri sc\u0103zute de lichid sau contaminare. Aerisirea sistemului sau verificarea nivelului de lichid poate rezolva adesea aceste probleme.<\/p>\n<\/li>\n<li>\n<h3>Defec\u021biuni de etan\u0219are<\/h3>\n<p>Garniturile defecte pot cauza probleme semnificative de performan\u021b\u0103. Monitorizarea regulat\u0103 \u0219i \u00eenlocuirea la timp a garniturilor pot preveni pierderea de fluid hidraulic \u0219i pot asigura func\u021bionarea eficient\u0103 a sistemului.<\/p>\n<\/li>\n<\/ul>\n<p>Depanarea acestor probleme comune poate cre\u0219te semnificativ durata de via\u021b\u0103 a cilindrului bra\u021bului. M\u0103surile preventive, cum ar fi \u00eentre\u021binerea \u0219i inspec\u021biile regulate, pot reduce la minimum poten\u021bialele probleme \u0219i pot asigura o func\u021bionare f\u0103r\u0103 probleme.<\/p>\n<p><img decoding=\"async\" src=\"https:\/\/www.hydraulic-cylinders.net\/wp-content\/uploads\/2025\/04\/songte-bushings-with-all-kinds-of-excavator-models.webp\" alt=\"Buc\u0219\u0103 cilindru\" \/><\/p>\n<h2>Despre compania noastr\u0103<\/h2>\n<p>Suntem produc\u0103tori specializa\u021bi \u00een produc\u021bia de cilindri hidraulici, oferind o gam\u0103 larg\u0103 de produse care ne-au consacrat ca furnizor de top at\u00e2t pe pie\u021bele interne, c\u00e2t \u0219i pe cele interna\u021bionale. Angajamentul nostru fa\u021b\u0103 de excelen\u021b\u0103 \u0219i respectarea unei strategii de fabrica\u021bie de precizie ne permit s\u0103 ne \u00eembun\u0103t\u0103\u021bim continuu capacit\u0103\u021bile de produc\u021bie.<\/p>\n<p>Cu accent pe calitate, folosim tehnicieni califica\u021bi, echipamente digitale avansate de fabrica\u021bie \u0219i sisteme profesionale de testare pentru a ne \u00eembun\u0103t\u0103\u021bi platforma de produc\u021bie. Abilit\u0103\u021bile noastre creative robuste ne permit s\u0103 satisfacem eficient diversele nevoi ale clien\u021bilor, cu precizie \u0219i calitate ridicate.<\/p>\n<p><img decoding=\"async\" src=\"https:\/\/www.hydraulic-cylinders.net\/wp-content\/uploads\/2025\/04\/songte-company-4.webp\" alt=\"Companie de produc\u021bie\" \/><br \/>\n<img decoding=\"async\" src=\"https:\/\/www.hydraulic-cylinders.net\/wp-content\/uploads\/2025\/04\/songte-company-3.webp\" alt=\"Prezentare general\u0103 a companiei\" \/><\/p>\n<h3>Expertiza noastr\u0103<\/h3>\n<ul>\n<li>\n<h3>Profesionalism<\/h3>\n<p>Echipa noastr\u0103 este format\u0103 din exper\u021bi \u00een sisteme hidraulice, asigur\u00e2ndu-se c\u0103 produsele noastre \u00eendeplinesc cele mai \u00eenalte standarde din industrie.<\/p>\n<\/li>\n<li>\n<h3>Certific\u0103ri interna\u021bionale<\/h3>\n<p>De\u021binem diverse certific\u0103ri interna\u021bionale care ne valideaz\u0103 angajamentul fa\u021b\u0103 de calitate \u0219i siguran\u021b\u0103 \u00een produc\u021bie.<\/p>\n<\/li>\n<li>\n<h3>Servicii personalizate<\/h3>\n<p>Oferim solu\u021bii personalizate pentru a satisface cerin\u021bele specifice ale clien\u021bilor, asigur\u00e2nd performan\u021be optime \u00een diverse aplica\u021bii.<\/p>\n<\/li>\n<li>\n<h3>Echipamente avansate de produc\u021bie<\/h3>\n<p>Facilit\u0103\u021bile noastre de produc\u021bie de ultim\u0103 genera\u021bie utilizeaz\u0103 tehnologie de ultim\u0103 genera\u021bie pentru a produce cilindri hidraulici de \u00eenalt\u0103 calitate.<\/p>\n<\/li>\n<li>\n<h3>Asisten\u021b\u0103 post-v\u00e2nzare<\/h3>\n<p>Oferim servicii complete post-v\u00e2nzare, inclusiv asisten\u021b\u0103 \u0219i mentenan\u021b\u0103, pentru a asigura satisfac\u021bia clien\u021bilor.<\/p>\n<\/li>\n<\/ul>\n<p>Autor: lyl<\/p>","protected":false},"excerpt":{"rendered":"<p>Boom Cylinder For Xinyuan Crawler Excavator XY60-8 Product Overview The Boom Cylinder for the Xinyuan Crawler Excavator XY60-8 is a crucial component in hydraulic systems designed for heavy machinery. This hydraulic cylinder is specifically engineered to control the movement of the bucket in various heavy-duty equipment, such as excavators, backhoe loaders, and front loaders. By [&hellip;]<\/p>","protected":false},"featured_media":17872,"comment_status":"open","ping_status":"closed","template":"","meta":{"_et_pb_use_builder":"","_et_pb_old_content":"","_et_gb_content_width":""},"product_brand":[],"product_cat":[1546],"product_tag":[1547,1496],"class_list":{"0":"post-19594","1":"product","2":"type-product","3":"status-publish","4":"has-post-thumbnail","6":"product_cat-boom-cylinders","7":"product_tag-boom-cylinders","8":"product_tag-hydraulic-cylinders","10":"first","11":"instock","12":"shipping-taxable","13":"product-type-simple"},"amp_enabled":true,"_links":{"self":[{"href":"https:\/\/www.hydraulic-cylinders.net\/ro\/wp-json\/wp\/v2\/product\/19594","targetHints":{"allow":["GET"]}}],"collection":[{"href":"https:\/\/www.hydraulic-cylinders.net\/ro\/wp-json\/wp\/v2\/product"}],"about":[{"href":"https:\/\/www.hydraulic-cylinders.net\/ro\/wp-json\/wp\/v2\/types\/product"}],"replies":[{"embeddable":true,"href":"https:\/\/www.hydraulic-cylinders.net\/ro\/wp-json\/wp\/v2\/comments?post=19594"}],"wp:featuredmedia":[{"embeddable":true,"href":"https:\/\/www.hydraulic-cylinders.net\/ro\/wp-json\/wp\/v2\/media\/17872"}],"wp:attachment":[{"href":"https:\/\/www.hydraulic-cylinders.net\/ro\/wp-json\/wp\/v2\/media?parent=19594"}],"wp:term":[{"taxonomy":"product_brand","embeddable":true,"href":"https:\/\/www.hydraulic-cylinders.net\/ro\/wp-json\/wp\/v2\/product_brand?post=19594"},{"taxonomy":"product_cat","embeddable":true,"href":"https:\/\/www.hydraulic-cylinders.net\/ro\/wp-json\/wp\/v2\/product_cat?post=19594"},{"taxonomy":"product_tag","embeddable":true,"href":"https:\/\/www.hydraulic-cylinders.net\/ro\/wp-json\/wp\/v2\/product_tag?post=19594"}],"curies":[{"name":"wp","href":"https:\/\/api.w.org\/{rel}","templated":true}]}}