{"id":19595,"date":"2025-04-07T06:56:28","date_gmt":"2025-04-07T06:56:28","guid":{"rendered":"https:\/\/www.hydraulic-cylinders.net\/product\/boom-cylinder-for-xinyuan-crawler-excavator-xy90\/"},"modified":"2025-04-07T06:56:30","modified_gmt":"2025-04-07T06:56:30","slug":"boom-cylinder-for-xinyuan-crawler-excavator-xy90","status":"publish","type":"product","link":"https:\/\/www.hydraulic-cylinders.net\/ro\/produs\/boom-cylinder-for-xinyuan-crawler-excavator-xy90\/","title":{"rendered":"Cilindru bra\u021b pentru excavatorul pe \u0219enile Xinyuan XY90"},"content":{"rendered":"<h1>Cilindru bra\u021b pentru excavatorul pe \u0219enile Xinyuan XY90<\/h1>\n<h2>Prezentare general\u0103 a produsului<\/h2>\n<p>Cilindrul bra\u021bului pentru excavatorul pe \u0219enile Xinyuan XY90 este o component\u0103 vital\u0103 conceput\u0103 pentru a \u00eembun\u0103t\u0103\u021bi eficien\u021ba opera\u021bional\u0103 a utilajelor grele. Ace\u0219ti cilindri sunt special proiecta\u021bi pentru a controla mi\u0219carea diferitelor ata\u0219amente, cum ar fi cupele, pe excavatoare, \u00eenc\u0103rc\u0103toare frontale \u0219i \u00eenc\u0103rc\u0103toare. Permi\u021b\u00e2nd ridic\u0103rii, cobor\u00e2rii \u0219i \u00eenclin\u0103rii bra\u021bului, ace\u0219ti cilindri faciliteaz\u0103 eficient sarcinile de manipulare a materialelor.<\/p>\n<p><img decoding=\"async\" src=\"https:\/\/www.hydraulic-cylinders.net\/wp-content\/uploads\/2025\/04\/songte-company-1.webp\" alt=\"Cilindru de bra\u021b pentru excavator\" \/><\/p>\n<h3>\u00cen\u021belegerea cilindrilor cupei<\/h3>\n<p>Cilindrii cupei sunt cilindri hidraulici care joac\u0103 un rol crucial \u00een sistemele hidraulice ale echipamentelor de construc\u021bii. Ace\u0219tia permit mi\u0219carea precis\u0103 a cupei, permi\u021b\u00e2nd operatorilor s\u0103 excaveze, s\u0103 ridice \u0219i s\u0103 transporte materiale cu u\u0219urin\u021b\u0103. Construi\u021bi din materiale robuste, ace\u0219ti cilindri asigur\u0103 fiabilitate \u0219i eficien\u021b\u0103 \u00een condi\u021bii dificile, fiind esen\u021biali pentru orice opera\u021biune de excavare.<\/p>\n<h2>Caracteristicile cilindrului bra\u021bului<\/h2>\n<ul>\n<li><strong>Rezisten\u021b\u0103 \u0219i durabilitate ridicate:<\/strong> Fabrica\u021bi din o\u021bel sau aluminiu de \u00eenalt\u0103 rezisten\u021b\u0103, ace\u0219ti cilindri pot rezista la presiuni ridicate \u0219i sarcini grele, fiind concepu\u021bi s\u0103 exceleze \u00een medii dure, lu\u00e2nd \u00een considerare rezisten\u021ba la uzur\u0103 \u0219i protec\u021bia \u00eempotriva coroziunii pentru o durat\u0103 de via\u021b\u0103 prelungit\u0103.<\/li>\n<li><strong>Func\u021bionare hidraulic\u0103 eficient\u0103:<\/strong> Utiliz\u00e2nd presiunea uleiului hidraulic pentru o extensie \u0219i retragere lin\u0103, cilindrul bra\u021bului ofer\u0103 un r\u0103spuns rapid la comenzile de control, oferind o for\u021b\u0103 substan\u021bial\u0103 de \u00eempingere \u0219i tragere, ideal\u0103 pentru ridicarea de sarcini grele \u0219i sarcini complexe.<\/li>\n<li><strong>Diverse tipuri:<\/strong> Op\u021biunile includ cilindri cu ac\u021biune simpl\u0103 (care utilizeaz\u0103 puterea hidraulic\u0103 \u00eentr-o singur\u0103 direc\u021bie) sau cilindri cu ac\u021biune dubl\u0103 (care utilizeaz\u0103 puterea hidraulic\u0103 \u00een ambele direc\u021bii) pentru a satisface diverse nevoi opera\u021bionale. Unele modele sunt telescopice, permi\u021b\u00e2nd o extensie mai mare f\u0103r\u0103 a cre\u0219te dimensiunile exterioare, perfecte pentru aplica\u021bii cu spa\u021biu limitat.<\/li>\n<\/ul>\n<p>Producem cilindri hidraulici de \u00eenalt\u0103 calitate pentru bra\u021b, care pot \u00eenlocui perfect cilindrii hidraulici existen\u021bi, asigur\u00e2nd o integrare \u0219i o performan\u021b\u0103 impecabile.<\/p>\n<p><img decoding=\"async\" src=\"https:\/\/www.hydraulic-cylinders.net\/wp-content\/uploads\/2025\/04\/songte-cylinder-head-with-all-kinds-excavator-models.webp\" alt=\"\u00cenlocuirea cilindrului hidraulic\" \/><\/p>\n<h2>Aplica\u021bii ale cilindrului bra\u021bului<\/h2>\n<h3>Echipamente de construc\u021bii<\/h3>\n<p>\u00cen excavatoare, cilindrul bra\u021bului este esen\u021bial pentru s\u0103pare, \u00eenc\u0103rcare \u0219i mutarea solului sau a resturilor. Acesta permite operatorilor s\u0103 efectueze sarcinile eficient, fie c\u0103 este vorba de s\u0103parea de \u0219an\u021buri sau de preg\u0103tirea \u0219antierului.<\/p>\n<h3>Ma\u0219ini agricole<\/h3>\n<p>La \u00eenc\u0103rc\u0103toarele frontale, cilindrii bra\u021bului ajut\u0103 la scobere, ridicare \u0219i transportul solului, f\u00e2nului \u0219i altor materiale, juc\u00e2nd un rol esen\u021bial \u00een cre\u0219terea productivit\u0103\u021bii \u00een ferme.<\/p>\n<h3>Excavatoare<\/h3>\n<p>Cilindrul cupei permite cupei excavatorului s\u0103 p\u0103trund\u0103 eficient \u00een sol, f\u0103c\u00e2nd opera\u021biunile de excavare mai line \u0219i mai eficiente.<\/p>\n<h3>\u00cenc\u0103rc\u0103toare<\/h3>\n<p>La \u00eenc\u0103rc\u0103toarele frontale, cilindrii bra\u021bului faciliteaz\u0103 ridicarea \u0219i desc\u0103rcarea sarcinilor, asigur\u00e2nd manipularea eficient\u0103 a materialelor \u0219i eficien\u021ba opera\u021bional\u0103.<\/p>\n<h2>Considera\u021bii de proiectare \u0219i criterii de selec\u021bie<\/h2>\n<h3>Capacitate de \u00eenc\u0103rcare<\/h3>\n<p>Alegerea unui cilindru pentru bra\u021b necesit\u0103 o analiz\u0103 atent\u0103 a capacit\u0103\u021bii sale de \u00eenc\u0103rcare. Acesta trebuie s\u0103 corespund\u0103 cerin\u021belor opera\u021bionale ale excavatorului pentru a asigura o performan\u021b\u0103 sigur\u0103 \u0219i eficient\u0103. Capacitatea de \u00eenc\u0103rcare este dictat\u0103 de diametrul \u0219i materialul cilindrului, precum \u0219i de specifica\u021biile sale de proiectare.<\/p>\n<h3>Sigilare<\/h3>\n<p>Etan\u0219area eficient\u0103 este esen\u021bial\u0103 pentru cilindrii hidraulici, prevenind scurgerile \u0219i men\u021bin\u00e2nd presiunea. Garniturile de \u00eenalt\u0103 calitate, fabricate din materiale precum poliuretanul sau cauciucul nitrilic, sunt esen\u021biale pentru a asigura longevitatea \u0219i performan\u021ba, deoarece pot rezista la condi\u021bii dure \u0219i la uzur\u0103.<\/p>\n<h3>Durabilitate<\/h3>\n<p>Durabilitatea este un factor cheie \u00een proiectarea cilindrilor hidraulici. Ace\u0219tia trebuie s\u0103 fie capabili s\u0103 reziste nu numai sarcinilor opera\u021bionale, ci \u0219i condi\u021biilor de mediu cu care se vor confrunta, cum ar fi varia\u021biile de temperatur\u0103 \u0219i expunerea la contaminan\u021bi. Materialele \u0219i acoperirile de protec\u021bie adecvate pot spori semnificativ durabilitatea.<\/p>\n<h3>Siguran\u0163\u0103<\/h3>\n<p>Caracteristicile de siguran\u021b\u0103 \u00een proiectarea cilindrilor bra\u021bului sunt primordiale. Acestea includ supape de siguran\u021b\u0103 care previn suprapresurizarea \u0219i mecanisme care asigur\u0103 stabilitatea \u00een timpul func\u021bion\u0103rii. Considera\u021biile adecvate de siguran\u021b\u0103 reduc riscul de accidente \u0219i de defec\u021biuni ale echipamentelor.<\/p>\n<h3>Mentenabilitate<\/h3>\n<p>Proiectarea pentru mentenan\u021b\u0103 u\u0219oar\u0103 asigur\u0103 c\u0103 cilindrii pot fi repara\u021bi cu u\u0219urin\u021b\u0103. Aceasta include accesibilitatea pentru inspec\u021bii, punctele de lubrifiere \u0219i posibilitatea de a \u00eenlocui garniturile \u0219i alte componente f\u0103r\u0103 timpi de nefunc\u021bionare semnificativi.<\/p>\n<p><img decoding=\"async\" src=\"https:\/\/www.hydraulic-cylinders.net\/wp-content\/uploads\/2025\/04\/songte-oil-pipes-and-spare-parts.webp\" alt=\"Piese cilindru hidraulic\" \/><\/p>\n<h2>Etan\u0219are \u0219i lubrifiere<\/h2>\n<p>Cilindrii hidraulici utilizeaz\u0103 diverse metode de etan\u0219are pentru a men\u021bine presiunea \u0219i a preveni scurgerile de fluid. Componente precum etan\u0219\u0103rile pistonului \u0219i etan\u0219\u0103rile tijei joac\u0103 roluri critice \u00een acest proces. Etan\u0219\u0103rile fabricate din materiale durabile, precum poliuretanul \u0219i cauciucul nitrilic, asigur\u0103 longevitatea \u0219i o etan\u0219are eficient\u0103 sub presiune. \u00cen plus, suprafa\u021ba corpului cilindrului \u0219i capetele filetate sunt prelucrate fin pentru a spori rezisten\u021ba la uzur\u0103.<\/p>\n<p>Lubrifierea regulat\u0103 este esen\u021bial\u0103 pentru o performan\u021b\u0103 optim\u0103. Uleiul hidraulic trebuie ad\u0103ugat periodic pentru a men\u021bine componentele interne lubrifiate, prevenind uzura \u0219i asigur\u00e2nd o func\u021bionare lin\u0103. Lubrifierea adecvat\u0103 reduce, de asemenea, frecarea, sporind eficien\u021ba \u0219i durata de via\u021b\u0103 a sistemului hidraulic.<\/p>\n<h2>M\u0103suri de \u00eentre\u021binere preventiv\u0103<\/h2>\n<ul>\n<li><strong>Inspec\u021bii regulate:<\/strong> Efectuarea unor verific\u0103ri de rutin\u0103 ale sistemului hidraulic ajut\u0103 la identificarea timpurie a poten\u021bialelor probleme. Verifica\u021bi dac\u0103 exist\u0103 scurgeri, uzur\u0103 \u0219i dac\u0103 func\u021bioneaz\u0103 corect cilindrul.<\/li>\n<li><strong>Lubrifiere adecvat\u0103:<\/strong> Ensure that the cylinders are adequately lubricated according to the manufacturer&#8217;s recommendations. This helps minimize wear and tear on the internal components.<\/li>\n<li><strong>\u00cenlocuirea garniturii:<\/strong> Verifica\u021bi periodic garniturile pentru a depista semne de uzur\u0103 sau deteriorare. \u00cenlocuirea prompt\u0103 poate preveni scurgerile \u0219i poate men\u021bine eficien\u021ba sistemului.<\/li>\n<\/ul>\n<h2>Instruc\u021biuni de instalare<\/h2>\n<p>Instalarea corect\u0103 a cilindrului bra\u021bului este crucial\u0103 pentru o performan\u021b\u0103 optim\u0103. \u00cencepe\u021bi prin a v\u0103 asigura c\u0103 suprafe\u021bele de montare sunt curate \u0219i f\u0103r\u0103 resturi. Alinia\u021bi corect cilindrul cu echipamentul pentru a evita problemele de nealiniere care ar putea duce la uzur\u0103 prematur\u0103 sau defec\u021biuni.<\/p>\n<p>Folosi\u021bi console de montare adecvate pentru a fixa cilindrul \u00een pozi\u021bie. Asigura\u021bi-v\u0103 c\u0103 liniile hidraulice sunt conectate corect \u0219i c\u0103 toate fitingurile sunt str\u00e2nse. Dup\u0103 instalare, efectua\u021bi o verificare am\u0103nun\u021bit\u0103 pentru a v\u0103 asigura c\u0103 cilindrul func\u021bioneaz\u0103 f\u0103r\u0103 probleme, f\u0103r\u0103 obstruc\u021bii sau scurgeri.<\/p>\n<h2>Sarcini comune de \u00eentre\u021binere<\/h2>\n<ul>\n<li><strong>Inspec\u021bii regulate:<\/strong> Inspec\u021biile frecvente ajut\u0103 la identificarea problemelor \u00eenainte ca acestea s\u0103 se agraveze. C\u0103uta\u021bi semne de uzur\u0103, scurgeri \u0219i asigura\u021bi-v\u0103 c\u0103 toate componentele func\u021bioneaz\u0103 corect.<\/li>\n<li><strong>Lubrifiere adecvat\u0103:<\/strong> Respecta\u021bi programele de lubrifiere pentru a asigura o func\u021bionare f\u0103r\u0103 probleme \u0219i a preveni uzura prematur\u0103. Folosi\u021bi uleiul hidraulic recomandat \u0219i urma\u021bi instruc\u021biunile privind intervalele de reumplere.<\/li>\n<li><strong>\u00cenlocuirea garniturii:<\/strong> Monitoriza\u021bi garniturile pentru semne de uzur\u0103 \u0219i \u00eenlocui\u021bi-le dup\u0103 cum este necesar. Acest lucru este esen\u021bial pentru a men\u021bine integritatea sistemului hidraulic \u0219i a evita scurgerile.<\/li>\n<\/ul>\n<p>Proper alignment during installation is essential to prevent undue stress on the cylinder. Utilize appropriate mounts to secure the cylinder, ensuring it operates within its design specifications. Regular checks for alignment and calibration will prolong the cylinder&#8217;s life.<\/p>\n<p><img decoding=\"async\" src=\"https:\/\/www.hydraulic-cylinders.net\/wp-content\/uploads\/2025\/04\/songte-chushion-collar.webp\" alt=\"Guler de pern\u0103\" \/><\/p>\n<h2>Considera\u021bii de siguran\u021b\u0103 \u0219i factori de mediu<\/h2>\n<p>Atunci c\u00e2nd se lucreaz\u0103 cu cilindri hidraulici, \u00een\u021belegerea m\u0103surilor de siguran\u021b\u0103 este vital\u0103. Operatorii trebuie s\u0103 poarte \u00eentotdeauna echipament individual de protec\u021bie (EIP) adecvat \u0219i s\u0103 se asigure c\u0103 sunt respectate toate protocoalele de siguran\u021b\u0103. O instruire adecvat\u0103 privind utilizarea sistemelor hidraulice reduce riscul de accidente \u0219i \u00eembun\u0103t\u0103\u021be\u0219te siguran\u021ba general\u0103 la locul de munc\u0103.<\/p>\n<h2>Diagnosticarea defec\u021biunilor \u0219i probleme frecvente<\/h2>\n<ul>\n<li><strong>Scurgere:<\/strong> Una dintre cele mai frecvente probleme este scurgerea de fluid hidraulic, care poate rezulta din uzura garniturilor de etan\u0219are sau deteriorarea fitingurilor. Inspec\u021biile regulate ajut\u0103 la identificarea \u0219i remedierea timpurie a acestor probleme.<\/li>\n<li><strong>R\u0103spuns lent:<\/strong> Dac\u0103 cilindrul r\u0103spunde lent, acest lucru poate indica o problem\u0103 cu sistemul hidraulic, cum ar fi niveluri sc\u0103zute de lichid sau o pomp\u0103 defect\u0103.<\/li>\n<li><strong>Uzur\u0103 excesiv\u0103:<\/strong> Modelele neobi\u0219nuite de uzur\u0103 pot indica o nealiniere, o lubrifiere necorespunz\u0103toare sau o sarcin\u0103 excesiv\u0103. \u00centre\u021binerea regulat\u0103 ajut\u0103 la monitorizarea \u0219i ajustarea acestor factori.<\/li>\n<\/ul>\n<h2>Sfaturi de depanare<\/h2>\n<p>Pentru a diagnostica \u0219i rezolva eficient problemele hidraulice, \u00eencepe\u021bi prin verificarea nivelurilor de fluid \u0219i inspectarea pentru scurgeri. Asigura\u021bi-v\u0103 c\u0103 toate conexiunile sunt str\u00e2nse \u0219i c\u0103 etan\u0219\u0103rile sunt \u00een stare bun\u0103. Practicile regulate de \u00eentre\u021binere pot reduce semnificativ apari\u021bia acestor probleme.<\/p>\n<p>Implementarea unor m\u0103suri preventive, cum ar fi respectarea programelor de \u00eentre\u021binere \u0219i \u00eenlocuirea pieselor uzate, ajut\u0103 la minimizarea problemelor poten\u021biale \u0219i prelunge\u0219te durata de via\u021b\u0103 a sistemului hidraulic.<\/p>\n<p><img decoding=\"async\" src=\"https:\/\/www.hydraulic-cylinders.net\/wp-content\/uploads\/2025\/04\/songte-bushings-with-all-kinds-of-excavator-models.webp\" alt=\"Modele de excavatoare\" \/><\/p>\n<h2>Prezentare general\u0103 a companiei<\/h2>\n<p>Suntem un produc\u0103tor \u0219i distribuitor angro de top de cilindri hidraulici, specializa\u021bi \u00een piese de schimb de \u00eenalt\u0103 calitate. Gama noastr\u0103 complet\u0103 de produse ne-a consacrat ca un juc\u0103tor cheie at\u00e2t pe pie\u021bele interne, c\u00e2t \u0219i pe cele interna\u021bionale. Ader\u0103m la o strategie de excelen\u021b\u0103, utiliz\u00e2nd procese de fabrica\u021bie rafinate \u0219i tehnologie de ultim\u0103 genera\u021bie pentru a ne \u00eembun\u0103t\u0103\u021bi capacit\u0103\u021bile de produc\u021bie.<\/p>\n<p>Accentul nostru pe calitate este sus\u021binut de o echip\u0103 de profesioni\u0219ti califica\u021bi, dedica\u021bi \u00eembun\u0103t\u0103\u021birii continue. Oferim servicii personalizate pentru a satisface nevoile diverse ale clien\u021bilor no\u0219tri, asigur\u00e2ndu-ne c\u0103 oferim solu\u021bii eficiente, adaptate aplica\u021biilor specifice.<\/p>\n<p><img decoding=\"async\" src=\"https:\/\/www.hydraulic-cylinders.net\/wp-content\/uploads\/2025\/04\/songte-company-4.webp\" alt=\"Prezentare general\u0103 a companiei\" \/><br \/>\n<img decoding=\"async\" src=\"https:\/\/www.hydraulic-cylinders.net\/wp-content\/uploads\/2025\/04\/songte-company-3.webp\" alt=\"Unitate de produc\u021bie\" \/><\/p>\n<p>Autor: lyl<\/p>","protected":false},"excerpt":{"rendered":"<p>Boom Cylinder For Xinyuan Crawler Excavator XY90 Product Overview The Boom Cylinder for the Xinyuan Crawler Excavator XY90 is a vital component designed to enhance the operational efficiency of heavy machinery. These cylinders are specifically engineered to control the movement of various attachments, such as buckets, on excavators, backhoe loaders, and front loaders. By allowing [&hellip;]<\/p>","protected":false},"featured_media":17873,"comment_status":"open","ping_status":"closed","template":"","meta":{"_et_pb_use_builder":"","_et_pb_old_content":"","_et_gb_content_width":""},"product_brand":[],"product_cat":[1546],"product_tag":[1547,1496],"class_list":{"0":"post-19595","1":"product","2":"type-product","3":"status-publish","4":"has-post-thumbnail","6":"product_cat-boom-cylinders","7":"product_tag-boom-cylinders","8":"product_tag-hydraulic-cylinders","10":"first","11":"instock","12":"shipping-taxable","13":"product-type-simple"},"amp_enabled":true,"_links":{"self":[{"href":"https:\/\/www.hydraulic-cylinders.net\/ro\/wp-json\/wp\/v2\/product\/19595","targetHints":{"allow":["GET"]}}],"collection":[{"href":"https:\/\/www.hydraulic-cylinders.net\/ro\/wp-json\/wp\/v2\/product"}],"about":[{"href":"https:\/\/www.hydraulic-cylinders.net\/ro\/wp-json\/wp\/v2\/types\/product"}],"replies":[{"embeddable":true,"href":"https:\/\/www.hydraulic-cylinders.net\/ro\/wp-json\/wp\/v2\/comments?post=19595"}],"wp:featuredmedia":[{"embeddable":true,"href":"https:\/\/www.hydraulic-cylinders.net\/ro\/wp-json\/wp\/v2\/media\/17873"}],"wp:attachment":[{"href":"https:\/\/www.hydraulic-cylinders.net\/ro\/wp-json\/wp\/v2\/media?parent=19595"}],"wp:term":[{"taxonomy":"product_brand","embeddable":true,"href":"https:\/\/www.hydraulic-cylinders.net\/ro\/wp-json\/wp\/v2\/product_brand?post=19595"},{"taxonomy":"product_cat","embeddable":true,"href":"https:\/\/www.hydraulic-cylinders.net\/ro\/wp-json\/wp\/v2\/product_cat?post=19595"},{"taxonomy":"product_tag","embeddable":true,"href":"https:\/\/www.hydraulic-cylinders.net\/ro\/wp-json\/wp\/v2\/product_tag?post=19595"}],"curies":[{"name":"wp","href":"https:\/\/api.w.org\/{rel}","templated":true}]}}