{"id":19597,"date":"2025-04-07T06:56:33","date_gmt":"2025-04-07T06:56:33","guid":{"rendered":"https:\/\/www.hydraulic-cylinders.net\/product\/boom-cylinder-for-xinyuan-wheel-excavator-xy75w-8-9\/"},"modified":"2025-04-07T06:56:35","modified_gmt":"2025-04-07T06:56:35","slug":"boom-cylinder-for-xinyuan-wheel-excavator-xy75w-8-9","status":"publish","type":"product","link":"https:\/\/www.hydraulic-cylinders.net\/ro\/produs\/boom-cylinder-for-xinyuan-wheel-excavator-xy75w-8-9\/","title":{"rendered":"Cilindru bra\u021b pentru excavatorul pe ro\u021bi Xinyuan XY75W-8-9"},"content":{"rendered":"<h1>Cilindru bra\u021b pentru excavatorul pe ro\u021bi Xinyuan XY75W-8-9<\/h1>\n<h2>Introducere \u00een cilindrii bra\u021bului<\/h2>\n<p>Cilindrul bra\u021bului este o component\u0103 vital\u0103 \u00een sistemele hidraulice utilizate \u00een utilajele grele, special conceput pentru a controla mi\u0219carea bra\u021bului excavatoarelor, buldoexcavatoarelor \u0219i \u00eenc\u0103rc\u0103toarelor frontale. Acest cilindru hidraulic este responsabil pentru ridicarea, cobor\u00e2rea \u0219i \u00eenclinarea bra\u021bului, facilit\u00e2nd astfel diverse sarcini de manipulare a materialelor. Cilindrul bra\u021bului func\u021bioneaz\u0103 folosind presiunea fluidului hidraulic, care permite mi\u0219c\u0103ri line \u0219i puternice, esen\u021biale pentru func\u021bionarea eficient\u0103 \u00een aplica\u021bii de construc\u021bii, minerit \u0219i agricultur\u0103.<\/p>\n<p><img decoding=\"async\" src=\"https:\/\/www.hydraulic-cylinders.net\/wp-content\/uploads\/2025\/04\/songte-company-1.webp\" alt=\"Imaginea cilindrului bra\u021bului\" \/><\/p>\n<h2>Caracteristici cheie ale cilindrului bra\u021bului<\/h2>\n<ul>\n<li><strong>Rezisten\u021b\u0103 \u0219i durabilitate ridicate:<\/strong> Construi\u021bi din o\u021bel sau aluminiu de \u00eenalt\u0103 rezisten\u021b\u0103, ace\u0219ti cilindri sunt proiecta\u021bi s\u0103 reziste la presiuni ridicate \u0219i sarcini grele, fiind potrivi\u021bi pentru medii de lucru dure.<\/li>\n<li><strong>Func\u021bionare hidraulic\u0103 eficient\u0103:<\/strong> Cilindrul bra\u021bului utilizeaz\u0103 presiunea uleiului hidraulic pentru o extindere \u0219i retragere lin\u0103, oferind un r\u0103spuns rapid la comenzile de control \u0219i furniz\u00e2nd for\u021be puternice de \u00eempingere \u0219i tragere.<\/li>\n<li><strong>Diverse tipuri:<\/strong> Disponibil \u00een configura\u021bii cu ac\u021biune simpl\u0103 (func\u021bioneaz\u0103 \u00eentr-o singur\u0103 direc\u021bie) sau cu ac\u021biune dubl\u0103 (func\u021bioneaz\u0103 \u00een ambele direc\u021bii), unele modele fiind telescopice pentru a permite o extensie mai mare f\u0103r\u0103 a cre\u0219te dimensiunile exterioare.<\/li>\n<li><strong>Op\u021biuni personalizabile:<\/strong> Cilindrii no\u0219tri pentru bra\u021b pot fi adapta\u021bi pentru a satisface nevoi opera\u021bionale specifice, asigur\u00e2nd compatibilitatea cu diverse modele de excavatoare.<\/li>\n<li><strong>Design u\u0219or de \u00eentre\u021binut:<\/strong> Concepu\u021bi pentru o \u00eentre\u021binere u\u0219oar\u0103, ace\u0219ti cilindri includ caracteristici care simplific\u0103 inspec\u021bia \u0219i service-ul, reduc\u00e2nd timpii de nefunc\u021bionare \u0219i costurile opera\u021bionale.<\/li>\n<\/ul>\n<p><img decoding=\"async\" src=\"https:\/\/www.hydraulic-cylinders.net\/wp-content\/uploads\/2025\/04\/songte-cylinder-head-with-all-kinds-excavator-models.webp\" alt=\"Modele de excavatoare\" \/><\/p>\n<h2>Aplica\u021bii ale cilindrilor bra\u021bului<\/h2>\n<h3>Echipamente de construc\u021bii<\/h3>\n<p>\u00cen excavatoare, cilindrii bra\u021bului sunt esen\u021biali pentru s\u0103pare, \u00eenc\u0103rcare \u0219i mutarea p\u0103m\u00e2ntului sau a resturilor. Controlul precis oferit de ace\u0219ti cilindri spore\u0219te eficien\u021ba ma\u0219inii, permi\u021b\u00e2nd operatorilor s\u0103 execute sarcinile cu precizie \u0219i rapiditate. \u00cen cazul \u00eenc\u0103rc\u0103toarelor excavatoare, ace\u0219tia ajut\u0103 at\u00e2t la sarcinile de excavare, c\u00e2t \u0219i la cele de ridicare, ceea ce le face indispensabile pe \u0219antierele de construc\u021bii.<\/p>\n<h3>Ma\u0219ini agricole<\/h3>\n<p>Utiliza\u021bi \u00een \u00eenc\u0103rc\u0103toarele frontale, cilindrii bra\u021bului sunt esen\u021biali pentru scobere, ridicare \u0219i transportul solului, f\u00e2nului \u0219i altor materiale. Capacitatea lor de a manipula sarcini grele \u00eei ajut\u0103 pe fermieri s\u0103 \u00ee\u0219i gestioneze eficient opera\u021biunile, \u00eembun\u0103t\u0103\u021bind productivitatea \u00een sarcinile agricole.<\/p>\n<h3>Excava\u021bii \u0219i s\u0103p\u0103turi<\/h3>\n<p>La excavatoare, cilindrul bra\u021bului permite cupei s\u0103 p\u0103trund\u0103 eficient \u00een sol, ini\u021biind procesul de s\u0103pare. Aceast\u0103 func\u021bie este esen\u021bial\u0103 pentru diverse proiecte de excavare, de la a\u0219ezarea funda\u021biilor p\u00e2n\u0103 la amenajarea peisagistic\u0103.<\/p>\n<h3>Echipament de \u00eenc\u0103rcare<\/h3>\n<p>La \u00eenc\u0103rc\u0103toarele frontale, cilindrii bra\u021bului faciliteaz\u0103 ridicarea \u0219i desc\u0103rcarea eficient\u0103 a materialelor. Designul lor robust asigur\u0103 gestionarea u\u0219oar\u0103 a sarcinilor substan\u021biale, contribuind la productivitatea general\u0103 a utilajelor.<\/p>\n<h2>Considera\u021bii de proiectare \u0219i criterii de selec\u021bie<\/h2>\n<h3>Capacitate de \u00eenc\u0103rcare<\/h3>\n<p>Atunci c\u00e2nd se selecteaz\u0103 un cilindru pentru bra\u021b, \u00een\u021belegerea capacit\u0103\u021bii sale de \u00eenc\u0103rcare este esen\u021bial\u0103. Cilindrul trebuie s\u0103 poat\u0103 suporta sarcina maxim\u0103 a\u0219teptat\u0103 \u00een timpul func\u021bion\u0103rii f\u0103r\u0103 riscul de defec\u021biune. Aceasta implic\u0103 luarea \u00een considerare a greut\u0103\u021bii materialelor mutate \u0219i a capacit\u0103\u021bilor specifice ale utilajului pentru a asigura siguran\u021ba \u0219i performan\u021ba.<\/p>\n<h3>Integritatea etan\u0219\u0103rii<\/h3>\n<p>Etan\u0219area corect\u0103 este esen\u021bial\u0103 pentru a preveni scurgerile de fluid hidraulic, care pot duce la sc\u0103derea eficien\u021bei \u0219i la o uzur\u0103 crescut\u0103 a componentelor. Garniturile de \u00eenalt\u0103 calitate, cum ar fi cele fabricate din poliuretan sau cauciuc nitrilic, sporesc durabilitatea \u0219i asigur\u0103 longevitatea cilindrului.<\/p>\n<h3>Durabilitate<\/h3>\n<p>Materialele utilizate \u00een construc\u021bia cilindrului bra\u021bului sunt esen\u021biale pentru longevitatea acestuia. O\u021belul sau aluminiul de \u00eenalt\u0103 rezisten\u021b\u0103 ofer\u0103 rezisten\u021ba necesar\u0103 la uzur\u0103 \u00een condi\u021bii dificile, prelungind astfel durata de via\u021b\u0103 a cilindrului.<\/p>\n<h3>Standarde de siguran\u021b\u0103<\/h3>\n<p>Siguran\u021ba este o considera\u021bie semnificativ\u0103 \u00een proiectarea cilindrilor hidraulici. Respectarea standardelor de siguran\u021b\u0103 stabilite reduce riscul de accidente \u0219i de defec\u021biuni ale echipamentelor. Produc\u0103torii ar trebui s\u0103 se asigure c\u0103 produsele lor respect\u0103 reglement\u0103rile interna\u021bionale de siguran\u021b\u0103, oferind lini\u0219te sufleteasc\u0103 operatorilor.<\/p>\n<h3>Accesibilitate pentru \u00eentre\u021binere<\/h3>\n<p>Proiectarea cilindrilor bra\u021bului pentru o \u00eentre\u021binere u\u0219oar\u0103 poate reduce semnificativ timpul de nefunc\u021bionare. Caracteristici precum garniturile deta\u0219abile \u0219i punctele de lubrifiere accesibile faciliteaz\u0103 inspec\u021biile \u0219i \u00eentre\u021binerea regulat\u0103, care sunt esen\u021biale pentru men\u021binerea performan\u021bei \u0219i fiabilit\u0103\u021bii optime.<\/p>\n<p><img decoding=\"async\" src=\"https:\/\/www.hydraulic-cylinders.net\/wp-content\/uploads\/2025\/04\/songte-oil-pipes-and-spare-parts.webp\" alt=\"Componente hidraulice\" \/><\/p>\n<h2>Etan\u0219are \u0219i lubrifiere<\/h2>\n<p>Etan\u0219area \u0219i lubrifierea eficiente sunt vitale pentru performan\u021ba cilindrilor bra\u021bului. Diverse componente de etan\u0219are, inclusiv etan\u0219\u0103rile pistonului \u0219i etan\u0219\u0103rile tijei, sunt utilizate pentru a men\u021bine presiunea hidraulic\u0103 \u0219i a preveni scurgerile. Selectarea etan\u0219\u0103rilor fabricate din materiale rezistente la uzur\u0103, cum ar fi poliuretanul sau cauciucul nitrilic, spore\u0219te durabilitatea. \u00cen plus, finisarea precis\u0103 a corpului cilindrului \u0219i a capetelor filetate \u00eembun\u0103t\u0103\u021be\u0219te rezisten\u021ba la uzur\u0103, asigur\u00e2nd performan\u021be de lung\u0103 durat\u0103. Lubrifierea regulat\u0103 cu ulei hidraulic este esen\u021bial\u0103 pentru a minimiza frecarea \u0219i uzura pieselor mobile, contribuind \u00een continuare la longevitatea cilindrului.<\/p>\n<h2>Inspec\u021bie regulat\u0103 \u0219i m\u0103suri de \u00eentre\u021binere preventiv\u0103<\/h2>\n<ul>\n<li><strong>Inspec\u021bii regulate:<\/strong> Efectuarea inspec\u021biilor de rutin\u0103 este crucial\u0103 pentru identificarea poten\u021bialelor probleme \u00eenainte ca acestea s\u0103 se agraveze. Verifica\u021bi dac\u0103 exist\u0103 semne de uzur\u0103, scurgeri \u0219i starea general\u0103 pentru a v\u0103 asigura c\u0103 butelia func\u021bioneaz\u0103 eficient.<\/li>\n<li><strong>Lubrifiere adecvat\u0103:<\/strong> Asigurarea lubrifierii corespunz\u0103toare a cilindrului cu ulei hidraulic ajut\u0103 la reducerea frec\u0103rii \u0219i a uzurii componentelor, prelungind durata de via\u021b\u0103 a cilindrului \u0219i men\u021bin\u00e2nd performan\u021ba.<\/li>\n<li><strong>\u00cenlocuirea garniturii:<\/strong> \u00cenlocuirea regulat\u0103 a garniturilor ca parte a \u00eentre\u021binerii asigur\u0103 re\u021binerea eficient\u0103 a fluidului hidraulic \u0219i previne scurgerile, ceea ce poate duce la probleme de performan\u021b\u0103 \u0219i pericole pentru siguran\u021b\u0103.<\/li>\n<\/ul>\n<h2>Instruc\u021biuni de instalare<\/h2>\n<p>Instalarea corect\u0103 a cilindrilor bra\u021bului este esen\u021bial\u0103 pentru o performan\u021b\u0103 optim\u0103. \u00cencepe\u021bi prin a v\u0103 asigura c\u0103 cilindrul este aliniat corect cu punctele de montare de pe excavator. Folosi\u021bi console de montare adecvate pentru a fixa cilindrul \u00een pozi\u021bie, prevenind nealinierea care ar putea duce la uzur\u0103 excesiv\u0103 sau defec\u021biuni. Este esen\u021bial s\u0103 respecta\u021bi specifica\u021biile produc\u0103torului privind set\u0103rile de cuplu \u00een timpul instal\u0103rii, pentru a evita deteriorarea componentelor. Dup\u0103 instalare, inspecta\u021bi conexiunile hidraulice pentru scurgeri \u0219i asigura\u021bi-v\u0103 c\u0103 cilindrul func\u021bioneaz\u0103 f\u0103r\u0103 probleme pe \u00eentreaga sa gam\u0103 de mi\u0219care. Verifica\u021bi periodic alinierea corect\u0103 \u0219i fixa\u021bi toate fitingurile pentru a men\u021bine performan\u021ba.<\/p>\n<h2>Sarcini comune de \u00eentre\u021binere<\/h2>\n<h3>Controale regulate<\/h3>\n<p>Inspec\u021biile frecvente ajut\u0103 la identificarea timpurie a uzurii \u0219i a poten\u021bialelor probleme. Operatorii ar trebui s\u0103 stabileasc\u0103 o rutin\u0103 de examinare a cilindrului pentru semne de scurgeri de fluid hidraulic, deteriorare sau modele anormale de uzur\u0103, asigur\u00e2ndu-se c\u0103 orice problem\u0103 este remediat\u0103 prompt pentru a men\u021bine eficien\u021ba opera\u021bional\u0103.<\/p>\n<h3>Lubrifiere adecvat\u0103<\/h3>\n<p>Men\u021binerea unei lubrifieri adecvate este esen\u021bial\u0103 pentru longevitatea cilindrilor bra\u021bului. Operatorii trebuie s\u0103 se asigure c\u0103 cilindrul este lubrifiat \u00een mod regulat cu uleiul hidraulic corespunz\u0103tor, concentr\u00e2ndu-se pe men\u021binerea etan\u0219\u0103rilor \u0219i a pieselor mobile bine unse pentru a minimiza frecarea \u0219i uzura.<\/p>\n<h3>\u00cenlocuirea garniturii \u0219i verific\u0103ri ale calibr\u0103rii<\/h3>\n<p>Verificarea \u0219i \u00eenlocuirea regulat\u0103 a garniturilor este esen\u021bial\u0103 pentru prevenirea scurgerilor \u0219i men\u021binerea presiunii hidraulice. Verific\u0103rile de calibrare asigur\u0103 c\u0103 cilindrul func\u021bioneaz\u0103 \u00een parametrii specifica\u021bi, permi\u021b\u00e2nd mi\u0219c\u0103ri precise \u0219i manipularea eficient\u0103 a materialelor. Aceast\u0103 \u00eentre\u021binere preventiv\u0103 este crucial\u0103 pentru men\u021binerea eficien\u021bei opera\u021bionale \u0219i prelungirea duratei de via\u021b\u0103 a echipamentului.<\/p>\n<p><img decoding=\"async\" src=\"https:\/\/www.hydraulic-cylinders.net\/wp-content\/uploads\/2025\/04\/songte-chushion-collar.webp\" alt=\"Guler de pern\u0103\" \/><\/p>\n<h2>Considera\u021bii de siguran\u021b\u0103 \u0219i factori de mediu<\/h2>\n<p>Atunci c\u00e2nd se lucreaz\u0103 cu cilindri ai bra\u021bului, m\u0103surile de siguran\u021b\u0103 sunt primordiale. Operatorii trebuie s\u0103 respecte protocoalele de siguran\u021b\u0103, cum ar fi purtarea echipamentului de protec\u021bie \u0219i asigurarea c\u0103 sistemul hidraulic este depresurizat \u00eenainte de efectuarea lucr\u0103rilor de \u00eentre\u021binere. \u00cen plus, trebuie luate \u00een considerare aspectele legate de mediu, cum ar fi eliminarea corect\u0103 a fluidelor hidraulice \u0219i \u00eentre\u021binerea echipamentelor pentru a preveni scurgerile care ar putea d\u0103una mediului. Aceste practici nu numai c\u0103 sporesc siguran\u021ba, dar promoveaz\u0103 \u0219i sustenabilitatea opera\u021biunilor.<\/p>\n<h2>Depanare \u0219i probleme frecvente<\/h2>\n<ul>\n<li><strong>Scurgeri de fluide:<\/strong> Una dintre cele mai frecvente probleme ale cilindrilor bra\u021bului este scurgerea de fluid. Aceasta poate fi adesea atribuit\u0103 garniturilor uzate. Inspectarea \u0219i \u00eenlocuirea regulat\u0103 a garniturilor poate preveni aceast\u0103 problem\u0103.<\/li>\n<li><strong>Extensie sau retrac\u021bie inadecvat\u0103:<\/strong> Dac\u0103 cilindrul nu se extinde sau nu se retrage complet, acest lucru ar putea fi din cauza nivelurilor sc\u0103zute de lichid hidraulic sau a aerului din sistem. Verificarea nivelului de lichid \u0219i aerisirea sistemului pot rezolva aceast\u0103 problem\u0103.<\/li>\n<li><strong>Zgomote neobi\u0219nuite:<\/strong> Sunetele neobi\u0219nuite din timpul func\u021bion\u0103rii pot indica deterior\u0103ri interne sau lubrifiere necorespunz\u0103toare. Investigarea prompt\u0103 a acestor zgomote poate ajuta la evitarea deterior\u0103rii ulterioare a cilindrului.<\/li>\n<\/ul>\n<h2>M\u0103suri preventive<\/h2>\n<p>Implementarea m\u0103surilor preventive este esen\u021bial\u0103 pentru reducerea probabilit\u0103\u021bii apari\u021biei problemelor la cilindrii bra\u021bului. Programele regulate de \u00eentre\u021binere, inclusiv inspec\u021biile \u0219i lubrifierea, ajut\u0103 la identificarea timpurie a problemelor. Instruirea operatorilor pentru a recunoa\u0219te semnele de uzur\u0103 sau defec\u021biuni poate minimiza \u0219i mai mult poten\u021bialele probleme. \u00cen plus, stabilirea unui sistem robust de raportare a nevoilor de \u00eentre\u021binere poate asigura interven\u021bii la timp, men\u021bin\u00e2nd func\u021bionalitatea \u0219i siguran\u021ba echipamentului.<\/p>\n<p><img decoding=\"async\" src=\"https:\/\/www.hydraulic-cylinders.net\/wp-content\/uploads\/2025\/04\/songte-bushings-with-all-kinds-of-excavator-models.webp\" alt=\"Buc\u0219e pentru modele de excavatoare\" \/><\/p>\n<h2>Despre compania noastr\u0103<\/h2>\n<p>Suntem un produc\u0103tor important de cilindri hidraulici de schimb, oferind o gam\u0103 complet\u0103 de produse care ne face unul dintre cei mai importan\u021bi produc\u0103tori \u0219i distribuitori angro at\u00e2t pe pie\u021bele interne, c\u00e2t \u0219i pe cele interna\u021bionale. Angajamentul nostru fa\u021b\u0103 de excelen\u021b\u0103 ne determin\u0103 s\u0103 implement\u0103m strategii de fabrica\u021bie rafinate, utiliz\u00e2nd tehnologie avansat\u0103 \u0219i sisteme de testare specializate pentru a ne \u00eembun\u0103t\u0103\u021bi capacit\u0103\u021bile de produc\u021bie. Abilit\u0103\u021bile noastre creative puternice ne permit s\u0103 satisfacem diverse cerin\u021be ale clien\u021bilor cu eficien\u021b\u0103, precizie \u0219i calitate ridicate.<\/p>\n<p>Ne m\u00e2ndrim cu profesionalismul nostru \u0219i de\u021binem certific\u0103ri interna\u021bionale care reflect\u0103 angajamentul nostru fa\u021b\u0103 de calitate. Serviciile noastre personalizabile r\u0103spund nevoilor specifice, asigur\u00e2ndu-ne c\u0103 clien\u021bii primesc exact produsele de care au nevoie. Echipamentele noastre de produc\u021bie de ultim\u0103 genera\u021bie ne permit s\u0103 men\u021binem standarde \u00eenalte \u00een procesele noastre de fabrica\u021bie, asigur\u00e2nd o calitate constant\u0103 pentru toate produsele. \u00cen plus, serviciul nostru dedicat post-v\u00e2nzare asigur\u0103 satisfac\u021bia \u0219i asisten\u021ba clien\u021bilor pe tot parcursul ciclului de via\u021b\u0103 al produsului.<\/p>\n<p><img decoding=\"async\" src=\"https:\/\/www.hydraulic-cylinders.net\/wp-content\/uploads\/2025\/04\/songte-company-4.webp\" alt=\"Prezentare general\u0103 a companiei\" \/><br \/>\n<img decoding=\"async\" src=\"https:\/\/www.hydraulic-cylinders.net\/wp-content\/uploads\/2025\/04\/songte-company-3.webp\" alt=\"Facilitatea companiei\" \/><\/p>\n<p>Autor: lyl<\/p>","protected":false},"excerpt":{"rendered":"<p>Boom Cylinder For Xinyuan Wheel Excavator XY75W-8-9 Introduction to Boom Cylinders The boom cylinder is a vital component in hydraulic systems used in heavy machinery, specifically designed to control the movement of the boom of excavators, backhoe loaders, and front loaders. This hydraulic cylinder is responsible for lifting, lowering, and tilting the boom, thus facilitating [&hellip;]<\/p>","protected":false},"featured_media":17875,"comment_status":"open","ping_status":"closed","template":"","meta":{"_et_pb_use_builder":"","_et_pb_old_content":"","_et_gb_content_width":""},"product_brand":[],"product_cat":[1546],"product_tag":[1547,1496],"class_list":{"0":"post-19597","1":"product","2":"type-product","3":"status-publish","4":"has-post-thumbnail","6":"product_cat-boom-cylinders","7":"product_tag-boom-cylinders","8":"product_tag-hydraulic-cylinders","10":"first","11":"instock","12":"shipping-taxable","13":"product-type-simple"},"amp_enabled":true,"_links":{"self":[{"href":"https:\/\/www.hydraulic-cylinders.net\/ro\/wp-json\/wp\/v2\/product\/19597","targetHints":{"allow":["GET"]}}],"collection":[{"href":"https:\/\/www.hydraulic-cylinders.net\/ro\/wp-json\/wp\/v2\/product"}],"about":[{"href":"https:\/\/www.hydraulic-cylinders.net\/ro\/wp-json\/wp\/v2\/types\/product"}],"replies":[{"embeddable":true,"href":"https:\/\/www.hydraulic-cylinders.net\/ro\/wp-json\/wp\/v2\/comments?post=19597"}],"wp:featuredmedia":[{"embeddable":true,"href":"https:\/\/www.hydraulic-cylinders.net\/ro\/wp-json\/wp\/v2\/media\/17875"}],"wp:attachment":[{"href":"https:\/\/www.hydraulic-cylinders.net\/ro\/wp-json\/wp\/v2\/media?parent=19597"}],"wp:term":[{"taxonomy":"product_brand","embeddable":true,"href":"https:\/\/www.hydraulic-cylinders.net\/ro\/wp-json\/wp\/v2\/product_brand?post=19597"},{"taxonomy":"product_cat","embeddable":true,"href":"https:\/\/www.hydraulic-cylinders.net\/ro\/wp-json\/wp\/v2\/product_cat?post=19597"},{"taxonomy":"product_tag","embeddable":true,"href":"https:\/\/www.hydraulic-cylinders.net\/ro\/wp-json\/wp\/v2\/product_tag?post=19597"}],"curies":[{"name":"wp","href":"https:\/\/api.w.org\/{rel}","templated":true}]}}