{"id":19598,"date":"2025-04-07T06:56:35","date_gmt":"2025-04-07T06:56:35","guid":{"rendered":"https:\/\/www.hydraulic-cylinders.net\/product\/boom-cylinder-for-xinyuan-wheel-excavator-xy90\/"},"modified":"2025-04-07T06:56:41","modified_gmt":"2025-04-07T06:56:41","slug":"boom-cylinder-for-xinyuan-wheel-excavator-xy90","status":"publish","type":"product","link":"https:\/\/www.hydraulic-cylinders.net\/ro\/produs\/boom-cylinder-for-xinyuan-wheel-excavator-xy90\/","title":{"rendered":"Cilindru bra\u021b pentru excavatorul pe ro\u021bi Xinyuan XY90"},"content":{"rendered":"<h1>Cilindru bra\u021b pentru excavatorul pe ro\u021bi Xinyuan XY90<\/h1>\n<h2>Prezentare general\u0103 a produsului<\/h2>\n<p>Cilindrul bra\u021bului pentru excavatorul pe ro\u021bi Xinyuan XY90 este o component\u0103 hidraulic\u0103 esen\u021bial\u0103, conceput\u0103 pentru a controla mi\u0219carea bra\u021bului excavatoarelor. Acest cilindru hidraulic joac\u0103 un rol esen\u021bial \u00een permiterea ridic\u0103rii, cobor\u00e2rii \u0219i \u00eenclin\u0103rii bra\u021bului, ceea ce este fundamental pentru diverse sarcini de manipulare a materialelor \u00een opera\u021biunile de construc\u021bii \u0219i excavare. Func\u021bionalitatea cilindrului bra\u021bului permite s\u0103parea, \u00eenc\u0103rcarea \u0219i transportul eficient al materialelor precum solul \u0219i molozul.<\/p>\n<p>\u00cen sistemele hidraulice, cilindrul bra\u021bului func\u021bioneaz\u0103 utiliz\u00e2nd fluid hidraulic sub presiune pentru a crea mi\u0219care. Sistemul hidraulic permite opera\u021biuni line \u0219i puternice, care sunt cruciale pentru utilajele grele. Cilindrul cupei, un tip specializat de cilindru hidraulic, este special conceput pentru a rezista la presiuni ridicate \u0219i sarcini grele, asigur\u00e2ndu-se c\u0103 func\u021bioneaz\u0103 optim chiar \u0219i \u00een medii de lucru dificile.<\/p>\n<p><img decoding=\"async\" src=\"https:\/\/www.hydraulic-cylinders.net\/wp-content\/uploads\/2025\/04\/songte-company-1.webp\" alt=\"Cilindru de bra\u021b pentru excavatoare\"><\/p>\n<h2>Caracteristicile cilindrului bra\u021bului<\/h2>\n<h3>1. Rezisten\u021b\u0103 \u0219i durabilitate ridicate<\/h3>\n<p>Cilindrul bra\u021bului este de obicei construit din o\u021bel sau aluminiu de \u00eenalt\u0103 rezisten\u021b\u0103. Acest lucru asigur\u0103 c\u0103 poate suporta presiuni ridicate \u0219i sarcini grele, men\u021bin\u00e2nd \u00een acela\u0219i timp func\u021bionalitatea \u00een condi\u021bii dure de lucru. Designul ia \u00een considerare rezisten\u021ba la uzur\u0103 \u0219i la coroziune, ceea ce prelunge\u0219te semnificativ durata de via\u021b\u0103 a produsului.<\/p>\n<h3>2. Func\u021bionare hidraulic\u0103 eficient\u0103<\/h3>\n<p>Utiliz\u00e2nd presiunea uleiului hidraulic, cilindrul realizeaz\u0103 o extensie \u0219i o retragere lin\u0103 \u0219i rapid\u0103. Acest r\u0103spuns rapid la comenzile de control ofer\u0103 o for\u021b\u0103 substan\u021bial\u0103 de \u00eempingere \u0219i tragere, ceea ce \u00eel face potrivit pentru manipularea obiectelor grele \u0219i efectuarea sarcinilor complexe.<\/p>\n<h3>3. Tipuri versatile<\/h3>\n<p>Cilindrul bra\u021bului este disponibil \u00een diverse tipuri, inclusiv cilindri cu ac\u021biune simpl\u0103 (folosind presiunea hidraulic\u0103 \u00eentr-o singur\u0103 direc\u021bie) \u0219i cilindri cu ac\u021biune dubl\u0103 (aplic\u00e2nd presiune \u00een ambele direc\u021bii). Aceast\u0103 versatilitate satisface diferite nevoi opera\u021bionale, anumite modele av\u00e2nd designuri telescopice care permit o extensie mai mare f\u0103r\u0103 a cre\u0219te dimensiunile exterioare ale cilindrului, ideale pentru aplica\u021bii cu spa\u021biu limitat.<\/p>\n<h3>4. Fabrica\u021bie personalizat\u0103<\/h3>\n<p>Ne specializ\u0103m \u00een producerea acestui produs, asigur\u00e2ndu-ne c\u0103 cilindrii no\u0219tri sunt \u00eenlocuitori perfec\u021bi pentru cilindrii hidraulici existen\u021bi \u00een diverse aplica\u021bii ale utilajelor.<\/p>\n<p><img decoding=\"async\" src=\"https:\/\/www.hydraulic-cylinders.net\/wp-content\/uploads\/2025\/04\/songte-cylinder-head-with-all-kinds-excavator-models.webp\" alt=\"Chiulas\u0103 de excavator\"><\/p>\n<h3>5. Versatilitatea aplica\u021biilor<\/h3>\n<p>Cilindrii no\u0219tri de bra\u021b \u00ee\u0219i g\u0103sesc aplica\u021bii \u00een multiple industrii, oferind un suport crucial pentru diverse utilaje:<\/p>\n<ul>\n<li><strong>Echipamente de construc\u021bii:<\/strong> Esen\u021bial \u00een excavatoare pentru s\u0103pare, \u00eenc\u0103rcare \u0219i mutarea solului sau a resturilor. Cilindrul bra\u021bului ajut\u0103 at\u00e2t la s\u0103pare, c\u00e2t \u0219i la ridicare \u00een cazul \u00eenc\u0103rc\u0103toarelor excavatoare.<\/li>\n<li><strong>Ma\u0219ini agricole:<\/strong> Folosit la \u00eenc\u0103rc\u0103toarele frontale pentru a scoate, ridica \u0219i transporta eficient p\u0103m\u00e2nt, f\u00e2n \u0219i alte materiale.<\/li>\n<li><strong>Excavatoare:<\/strong> Cilindrul bra\u021bului permite ac\u021biunile de s\u0103pare permi\u021b\u00e2nd cupei s\u0103 p\u0103trund\u0103 eficient \u00een sol.<\/li>\n<li><strong>\u00cenc\u0103rc\u0103toare:<\/strong> La \u00eenc\u0103rc\u0103toarele frontale, ace\u0219ti cilindri faciliteaz\u0103 ridicarea \u0219i desc\u0103rcarea materialelor, sporind productivitatea \u00een diverse sarcini.<\/li>\n<\/ul>\n<h2>Considera\u021bii de proiectare \u0219i criterii de selec\u021bie<\/h2>\n<h3>1. Capacitate de \u00eenc\u0103rcare<\/h3>\n<p>Capacitatea de \u00eenc\u0103rcare a cilindrului bra\u021bului este o considera\u021bie critic\u0103 de proiectare. Acesta trebuie s\u0103 fie capabil s\u0103 suporte sarcinile maxime \u00eent\u00e2lnite \u00een timpul opera\u021biunilor. Inginerii calculeaz\u0103 capacitatea de \u00eenc\u0103rcare necesar\u0103 pe baza aplica\u021biei specifice, asigur\u00e2ndu-se c\u0103 cilindrul poate func\u021biona eficient \u00een condi\u021bii variabile, f\u0103r\u0103 riscul de defec\u021biune.<\/p>\n<h3>2. Etan\u0219are<\/h3>\n<p>Etan\u0219area eficient\u0103 este esen\u021bial\u0103 pentru a preveni scurgerile de fluid hidraulic. Garnituri de \u00eenalt\u0103 calitate, cum ar fi garniturile pistonului \u0219i garniturile tijei, sunt selectate pentru a asigura performan\u021ba \u0219i longevitatea. Materiale precum poliuretanul \u0219i cauciucul nitrilic sunt alegeri comune datorit\u0103 rezisten\u021bei lor la uzur\u0103 \u0219i compatibilit\u0103\u021bii cu fluidele hidraulice.<\/p>\n<h3>3. Durabilitate<\/h3>\n<p>Durabilitatea este primordial\u0103 \u00een proiectarea cilindrilor bra\u021bului. Ace\u0219tia trebuie s\u0103 reziste la medii dure \u0219i cicluri repetitive f\u0103r\u0103 degradare. Materialele utilizate \u00een construc\u021bie \u0219i straturile de protec\u021bie aplicate pe suprafe\u021bele cilindrilor contribuie semnificativ la durabilitatea lor general\u0103.<\/p>\n<h3>4. Caracteristici de siguran\u021b\u0103<\/h3>\n<p>Siguran\u021ba este o considera\u021bie critic\u0103 la proiectarea cilindrilor hidraulici. Caracteristici precum supapele de suprapresiune \u0219i mecanismele de protec\u021bie la spargere sunt \u00eencorporate pentru a spori siguran\u021ba \u00een timpul opera\u021biunilor, prevenind poten\u021bialele pericole asociate cu defec\u021biunile hidraulice.<\/p>\n<h3>5. Accesibilitate pentru \u00eentre\u021binere<\/h3>\n<p>Proiectarea cilindrilor pentru o \u00eentre\u021binere u\u0219oar\u0103 este vital\u0103 pentru a minimiza timpii de nefunc\u021bionare. Componentele accesibile faciliteaz\u0103 inspec\u021biile regulate, schimb\u0103rile de fluide \u0219i \u00eenlocuirea garniturilor, asigur\u00e2nd c\u0103 cilindrul r\u0103m\u00e2ne \u00een stare optim\u0103 de func\u021bionare.<\/p>\n<p><img decoding=\"async\" src=\"https:\/\/www.hydraulic-cylinders.net\/wp-content\/uploads\/2025\/04\/songte-oil-pipes-and-spare-parts.webp\" alt=\"Piese cilindru hidraulic\"><\/p>\n<h2>Etan\u0219are \u0219i lubrifiere<\/h2>\n<p>Etan\u0219area \u0219i lubrifierea eficiente sunt cruciale pentru longevitatea \u0219i performan\u021ba cilindrului bra\u021bului. Diverse etan\u0219\u0103ri, inclusiv etan\u0219\u0103ri ale pistonului \u0219i etan\u0219\u0103ri ale tijei, sunt utilizate pentru a preveni scurgerile de fluid hidraulic. Selec\u021bia etan\u0219\u0103rilor fabricate din materiale durabile, precum poliuretanul \u0219i cauciucul nitrilic, asigur\u0103 rezisten\u021ba acestora la uzur\u0103 \u0219i la expunerea la fluide hidraulice.<\/p>\n<p>Corpul cilindrului \u0219i capetele filetate sunt supuse unei prelucr\u0103ri fine pentru a spori rezisten\u021ba la uzur\u0103. Lubrifierea regulat\u0103 cu ulei hidraulic este necesar\u0103 pentru a reduce frecarea \u0219i a men\u021bine o func\u021bionare lin\u0103. Este esen\u021bial s\u0103 verifica\u021bi \u0219i s\u0103 reumple\u021bi periodic nivelurile de ulei hidraulic pentru a asigura o performan\u021b\u0103 optim\u0103.<\/p>\n<h2>M\u0103suri de \u00eentre\u021binere preventiv\u0103<\/h2>\n<ul>\n<li><strong>Inspec\u021bii regulate:<\/strong> Efectua\u021bi inspec\u021bii frecvente pentru a identifica orice semne de uzur\u0103 sau deteriorare. C\u0103uta\u021bi scurgeri, coroziune \u0219i integritatea structural\u0103. Depistarea timpurie poate preveni defec\u021biuni semnificative.<\/li>\n<li><strong>Lubrifiere:<\/strong> Men\u021bine\u021bi nivelurile adecvate de lubrifiere ad\u0103ug\u00e2nd ulei hidraulic dup\u0103 cum este necesar. Lubrifierea inadecvat\u0103 poate duce la cre\u0219terea frec\u0103rii \u0219i la uzur\u0103 prematur\u0103.<\/li>\n<li><strong>\u00cenlocuirea garniturii:<\/strong> Monitoriza\u021bi starea garniturilor \u0219i \u00eenlocui\u021bi-le atunci c\u00e2nd apar semne de uzur\u0103. Aceast\u0103 abordare proactiv\u0103 ajut\u0103 la prevenirea scurgerilor \u0219i men\u021bine eficien\u021ba hidraulic\u0103.<\/li>\n<\/ul>\n<h2>Instruc\u021biuni de instalare<\/h2>\n<p>Instalarea corect\u0103 a cilindrului bra\u021bului este esen\u021bial\u0103 pentru o performan\u021b\u0103 optim\u0103. Urma\u021bi aceste instruc\u021biuni:<\/p>\n<ul>\n<li><strong>Alinia\u021bi cilindrul:<\/strong> Asigura\u021bi-v\u0103 c\u0103 cilindrul este aliniat precis cu punctele de montare de pe ma\u0219in\u0103rie. Nealinierea poate cauza uzur\u0103 prematur\u0103 \u0219i poate reduce eficien\u021ba.<\/li>\n<li><strong>Folosi\u021bi suporturi de montare adecvate:<\/strong> Folosi\u021bi console de montare adecvate pentru a fixa cilindrul ferm \u00een pozi\u021bie. Acest lucru previne mi\u0219carea \u00een timpul func\u021bion\u0103rii, asigur\u00e2nd stabilitatea.<\/li>\n<li><strong>Verifica\u021bi conductele hidraulice:<\/strong> Asigura\u021bi-v\u0103 c\u0103 toate conductele hidraulice sunt conectate corect \u0219i nu prezint\u0103 scurgeri \u00eenainte de a pune \u00een func\u021biune utilajul.<\/li>\n<li><strong>Test de func\u021bionare:<\/strong> Dup\u0103 instalare, efectua\u021bi o prob\u0103 de func\u021bionare pentru a verifica func\u021bionarea corect\u0103 \u00eenainte de a readuce utilajul \u00een uz normal.<\/li>\n<\/ul>\n<h2>Sarcini de \u00eentre\u021binere<\/h2>\n<ul>\n<li><strong>Verific\u0103ri regulate:<\/strong> Implementa\u021bi un program de verific\u0103ri de rutin\u0103 pentru a monitoriza performan\u021ba cilindrului bra\u021bului. Aceasta include evaluarea nivelului de lichid, verificarea scurgerilor \u0219i inspectarea componentelor pentru uzur\u0103.<\/li>\n<li><strong>Lubrifiere:<\/strong> Lubrifia\u021bi regulat toate piesele mobile pentru a minimiza frecarea \u0219i a prelungi durata de via\u021b\u0103 a cilindrului. Folosi\u021bi uleiul hidraulic recomandat \u0219i asigura\u021bi-v\u0103 c\u0103 este la nivelul corect.<\/li>\n<li><strong>\u00cenlocuirea garniturii:<\/strong> \u00cenlocui\u021bi prompt garniturile uzate sau deteriorate pentru a preveni scurgerile \u0219i a men\u021bine presiunea hidraulic\u0103. Verific\u0103rile regulate ale garniturilor pot ajuta la gestionarea eficient\u0103 a acestui lucru.<\/li>\n<\/ul>\n<h2>Considera\u021bii de siguran\u021b\u0103 \u0219i factori de mediu<\/h2>\n<p>Atunci c\u00e2nd se utilizeaz\u0103 cilindri ai bra\u021bului, implementarea m\u0103surilor de siguran\u021b\u0103 este esen\u021bial\u0103. Operatorii trebuie s\u0103 fie instrui\u021bi cu privire la manipularea \u0219i operarea corect\u0103 a sistemelor hidraulice. Echipamentul de protec\u021bie trebuie purtat \u00eentotdeauna pentru a minimiza riscurile \u00een timpul \u00eentre\u021binerii sau oper\u0103rii. \u00cen plus, trebuie luate \u00een considerare aspectele de mediu adecvate, cum ar fi asigurarea c\u0103 fluidele hidraulice nu se scurg \u0219i nu contamineaz\u0103 zona \u00eenconjur\u0103toare.<\/p>\n<h2>Diagnosticarea defec\u021biunilor \u0219i probleme frecvente<\/h2>\n<ul>\n<li><strong>Scurgere:<\/strong> Una dintre cele mai frecvente probleme este scurgerea de lichid hidraulic. Aceasta poate fi cauzat\u0103 de uzura garniturilor de etan\u0219are sau de instalarea necorespunz\u0103toare. Inspec\u021biile regulate pot ajuta la depistarea timpurie a acestor scurgeri.<\/li>\n<li><strong>Mi\u0219care inconsistent\u0103:<\/strong> Dac\u0103 cilindrul bra\u021bului prezint\u0103 mi\u0219c\u0103ri sacadate sau inconsistente, acest lucru poate indica prezen\u021ba aerului \u00een conductele hidraulice sau niveluri sc\u0103zute de lichid hidraulic. Aerisirea sistemului \u0219i completarea cu fluide pot rezolva problema.<\/li>\n<li><strong>Pierdere de presiune:<\/strong> O sc\u0103dere a presiunii hidraulice poate duce la o func\u021bionare ineficient\u0103. Aceasta poate fi cauzat\u0103 de conducte blocate sau de o pomp\u0103 defect\u0103. Este esen\u021bial s\u0103 depana\u021bi aceste componente pentru a restabili func\u021bionalitatea.<\/li>\n<\/ul>\n<h2>Sfaturi de depanare<\/h2>\n<p>Pentru diagnosticarea \u0219i rezolvarea eficient\u0103 a problemelor, operatorii ar trebui s\u0103 \u00eentreprind\u0103 urm\u0103toarele:<\/p>\n<ul>\n<li><strong>\u00centre\u021binere regulat\u0103:<\/strong> Efectua\u021bi sarcinile de \u00eentre\u021binere \u00een mod proactiv pentru a reduce probabilitatea apari\u021biei problemelor. Un sistem bine \u00eentre\u021binut este mai pu\u021bin probabil s\u0103 \u00eent\u00e2mpine defec\u021biuni.<\/li>\n<li><strong>Performan\u021ba monitorului:<\/strong> Urm\u0103ri\u021bi indicatorii de performan\u021b\u0103 ai sistemului hidraulic. Observarea din timp a schimb\u0103rilor poate ajuta la rezolvarea problemelor \u00eenainte ca acestea s\u0103 escaladeze.<\/li>\n<li><strong>Consulta\u021bi exper\u021bi:<\/strong> Dac\u0103 depanarea nu rezolv\u0103 problema, consulta\u021bi exper\u021bi \u00een sisteme hidraulice care v\u0103 pot oferi informa\u021bii \u0219i recomand\u0103ri bazate pe experien\u021ba lor.<\/li>\n<\/ul>\n<p><img decoding=\"async\" src=\"https:\/\/www.hydraulic-cylinders.net\/wp-content\/uploads\/2025\/04\/songte-bushings-with-all-kinds-of-excavator-models.webp\" alt=\"Buc\u0219e pentru modele de excavatoare\"><\/p>\n<h2>Despre compania noastr\u0103<\/h2>\n<p>Suntem un produc\u0103tor important de cilindri hidraulici de schimb, cu o gam\u0103 divers\u0103 de produse care deservesc at\u00e2t pie\u021bele interne, c\u00e2t \u0219i cele interna\u021bionale. Angajamentul nostru fa\u021b\u0103 de excelen\u021b\u0103 este evident \u00een atelierul nostru de produc\u021bie de \u00eenalt\u0103 calitate \u0219i \u00een strategiile de management al produc\u021biei industriale. \u00cembun\u0103t\u0103\u021bim continuu platforma noastr\u0103 de produc\u021bie prin integrarea expertizei tehnice, a echipamentelor digitale avansate de produc\u021bie \u0219i a sistemelor de testare specializate.<\/p>\n<p>Accentul nostru pus pe calitate este primordial, deoarece ne str\u0103duim s\u0103 satisfacem nevoile diverse ale clien\u021bilor no\u0219tri cu eficien\u021b\u0103 ridicat\u0103, precizie \u0219i produse de top. Echipa noastr\u0103 de profesioni\u0219ti este dedicat\u0103 oferirii de servicii personalizate, asigur\u00e2ndu-se c\u0103 fiecare produs \u00eendepline\u0219te cerin\u021bele specifice ale clien\u021bilor no\u0219tri. \u00cen plus, de\u021binem certific\u0103ri interna\u021bionale care garanteaz\u0103 fiabilitatea \u0219i siguran\u021ba produselor noastre.<\/p>\n<p><img decoding=\"async\" src=\"https:\/\/www.hydraulic-cylinders.net\/wp-content\/uploads\/2025\/04\/songte-company-4.webp\" alt=\"Imaginea companiei 1\"><br \/>\n<img decoding=\"async\" src=\"https:\/\/www.hydraulic-cylinders.net\/wp-content\/uploads\/2025\/04\/songte-company-3.webp\" alt=\"Imaginea companiei 2\"><\/p>\n<p>Autor: lyl<\/p>","protected":false},"excerpt":{"rendered":"<p>Boom Cylinder For Xinyuan Wheel Excavator XY90 Product Overview The Boom Cylinder for the Xinyuan Wheel Excavator XY90 is an essential hydraulic component designed to control the movement of the boom in excavators. This hydraulic cylinder plays a pivotal role in enabling the lifting, lowering, and tilting of the boom, which is fundamental for various [&hellip;]<\/p>","protected":false},"featured_media":17876,"comment_status":"open","ping_status":"closed","template":"","meta":{"_et_pb_use_builder":"","_et_pb_old_content":"","_et_gb_content_width":""},"product_brand":[],"product_cat":[1546],"product_tag":[1547,1496],"class_list":{"0":"post-19598","1":"product","2":"type-product","3":"status-publish","4":"has-post-thumbnail","6":"product_cat-boom-cylinders","7":"product_tag-boom-cylinders","8":"product_tag-hydraulic-cylinders","10":"first","11":"instock","12":"shipping-taxable","13":"product-type-simple"},"amp_enabled":true,"_links":{"self":[{"href":"https:\/\/www.hydraulic-cylinders.net\/ro\/wp-json\/wp\/v2\/product\/19598","targetHints":{"allow":["GET"]}}],"collection":[{"href":"https:\/\/www.hydraulic-cylinders.net\/ro\/wp-json\/wp\/v2\/product"}],"about":[{"href":"https:\/\/www.hydraulic-cylinders.net\/ro\/wp-json\/wp\/v2\/types\/product"}],"replies":[{"embeddable":true,"href":"https:\/\/www.hydraulic-cylinders.net\/ro\/wp-json\/wp\/v2\/comments?post=19598"}],"wp:featuredmedia":[{"embeddable":true,"href":"https:\/\/www.hydraulic-cylinders.net\/ro\/wp-json\/wp\/v2\/media\/17876"}],"wp:attachment":[{"href":"https:\/\/www.hydraulic-cylinders.net\/ro\/wp-json\/wp\/v2\/media?parent=19598"}],"wp:term":[{"taxonomy":"product_brand","embeddable":true,"href":"https:\/\/www.hydraulic-cylinders.net\/ro\/wp-json\/wp\/v2\/product_brand?post=19598"},{"taxonomy":"product_cat","embeddable":true,"href":"https:\/\/www.hydraulic-cylinders.net\/ro\/wp-json\/wp\/v2\/product_cat?post=19598"},{"taxonomy":"product_tag","embeddable":true,"href":"https:\/\/www.hydraulic-cylinders.net\/ro\/wp-json\/wp\/v2\/product_tag?post=19598"}],"curies":[{"name":"wp","href":"https:\/\/api.w.org\/{rel}","templated":true}]}}