{"id":19601,"date":"2025-04-07T06:56:53","date_gmt":"2025-04-07T06:56:53","guid":{"rendered":"https:\/\/www.hydraulic-cylinders.net\/product\/boom-cylinder-for-volwa-small-excavator-dls818-9b\/"},"modified":"2025-04-07T06:56:55","modified_gmt":"2025-04-07T06:56:55","slug":"boom-cylinder-for-volwa-small-excavator-dls818-9b","status":"publish","type":"product","link":"https:\/\/www.hydraulic-cylinders.net\/ro\/produs\/boom-cylinder-for-volwa-small-excavator-dls818-9b\/","title":{"rendered":"Cilindru de bra\u021b pentru excavatorul mic Volwa DLS818-9B"},"content":{"rendered":"<h1>Cilindru de bra\u021b pentru excavatorul mic Volwa DLS818-9B<\/h1>\n<h2>Prezentare general\u0103 a produsului<\/h2>\n<p>Cilindrul bra\u021bului pentru excavatorul mic Volwa DLS818-9B este o component\u0103 crucial\u0103 \u00een sistemul hidraulic al excavatoarelor. Acesta este conceput pentru a controla mi\u0219carea bra\u021bului excavatorului, permi\u021b\u00e2nd ac\u021biunile de ridicare, cobor\u00e2re \u0219i \u00eenclinare esen\u021biale pentru sarcini eficiente de manipulare a materialelor. Acest cilindru hidraulic, special conceput pentru utilaje grele, joac\u0103 un rol vital \u00een func\u021bionarea \u0219i func\u021bionalitatea excavatoarelor, \u00eenc\u0103rc\u0103toarelor basculante \u0219i \u00eenc\u0103rc\u0103toarelor frontale.<\/p>\n<p><img decoding=\"async\" src=\"https:\/\/www.hydraulic-cylinders.net\/wp-content\/uploads\/2025\/04\/songte-company-1.webp\" alt=\"Cilindru de bra\u021b pentru excavatoare\"><\/p>\n<h3>\u00cen\u021belegerea cilindrilor bra\u021bului<\/h3>\n<p>Un cilindru hidraulic pentru bra\u021b este un cilindru hidraulic utilizat pentru a gestiona mi\u0219carea cupei sau a bra\u021bului \u00een utilajele grele. Ace\u0219ti cilindri sunt parte integrant\u0103 a func\u021bion\u0103rii excavatoarelor, a buldoexcavatoarelor \u0219i a \u00eenc\u0103rc\u0103toarelor frontale. Ace\u0219tia permit ridicarea, cobor\u00e2rea \u0219i \u00eenclinarea bra\u021bului, facilit\u00e2nd eficient diverse sarcini de manipulare a materialelor. Designul acestor cilindri permite mi\u0219c\u0103ri line \u0219i controlate, care sunt esen\u021biale pentru asigurarea siguran\u021bei \u0219i eficien\u021bei opera\u021biunilor grele.<\/p>\n<h2>Caracteristicile cilindrului bra\u021bului<\/h2>\n<ul>\n<li><strong>Rezisten\u021b\u0103 \u0219i durabilitate ridicate:<\/strong> Construit din o\u021bel sau aluminiu de \u00eenalt\u0103 rezisten\u021b\u0103, cilindrul bra\u021bului este conceput s\u0103 reziste la presiuni ridicate \u0219i sarcini grele, fiind potrivit pentru condi\u021bii de lucru dure. Designul s\u0103u \u00eencorporeaz\u0103 rezisten\u021b\u0103 la uzur\u0103 \u0219i protec\u021bie \u00eempotriva coroziunii pentru a-i prelungi durata de via\u021b\u0103.<\/li>\n<li><strong>Func\u021bionare hidraulic\u0103 eficient\u0103:<\/strong> Cilindrul utilizeaz\u0103 presiunea uleiului hidraulic pentru o extensie \u0219i retragere lin\u0103, asigur\u00e2nd un r\u0103spuns prompt la comenzile operatorului. Aceasta ofer\u0103 capacit\u0103\u021bi puternice de \u00eempingere \u0219i tragere, ideale pentru manipularea materialelor grele \u0219i a sarcinilor complexe.<\/li>\n<li><strong>Diverse tipuri:<\/strong> Sunt disponibile op\u021biuni pentru cilindri cu ac\u021biune simpl\u0103 (ac\u021biune hidraulic\u0103 \u00eentr-o direc\u021bie) sau cu ac\u021biune dubl\u0103 (ac\u021biune hidraulic\u0103 \u00een ambele direc\u021bii), pentru a satisface diverse nevoi opera\u021bionale. Unele modele sunt dotate cu designuri telescopice care permit o extensie mai mare f\u0103r\u0103 a cre\u0219te dimensiunile exterioare, perfecte pentru aplica\u021bii cu spa\u021biu limitat.<\/li>\n<li><strong>Fabrica\u021bie personalizat\u0103:<\/strong> Ne specializ\u0103m \u00een producerea acestui produs, asigur\u00e2ndu-ne c\u0103 cilindrii no\u0219tri pot \u00eenlocui perfect cilindrii hidraulici existen\u021bi din diverse utilaje.<\/li>\n<\/ul>\n<p><img decoding=\"async\" src=\"https:\/\/www.hydraulic-cylinders.net\/wp-content\/uploads\/2025\/04\/songte-cylinder-head-with-all-kinds-excavator-models.webp\" alt=\"Modele de excavatoare\"><\/p>\n<h2>Aplica\u021bii ale cilindrului bra\u021bului<\/h2>\n<h3>1. Echipamente de construc\u021bii<\/h3>\n<p>\u00cen excavatoare, cilindrii bra\u021bului sunt esen\u021biali pentru s\u0103pare, \u00eenc\u0103rcare \u0219i mutarea solului sau a resturilor. Ace\u0219tia permit ma\u0219inii s\u0103 \u00eendeplineasc\u0103 diverse sarcini eficient, asigur\u00e2nd buna desf\u0103\u0219urare a opera\u021biunilor. \u00cen cazul \u00eenc\u0103rc\u0103toarelor excavatoare, cilindrul bra\u021bului nu numai c\u0103 ajut\u0103 la excavare, dar ajut\u0103 \u0219i la ridicarea materialelor, demonstr\u00e2nd versatilitatea sa \u00een sarcinile de construc\u021bie.<\/p>\n<h3>2. Ma\u0219ini agricole<\/h3>\n<p>Utiliza\u021bi \u00een \u00eenc\u0103rc\u0103toarele frontale, cilindrii bra\u021bului faciliteaz\u0103 scoaterea, ridicarea \u0219i transportul solului, f\u00e2nului \u0219i altor materiale. Rezisten\u021ba \u0219i precizia lor sunt vitale pentru sarcinile agricole, f\u0103c\u00e2ndu-i indispensabili \u00een opera\u021biunile agricole.<\/p>\n<h3>3. Excavatoare<\/h3>\n<p>La excavatoare, cilindrul bra\u021bului permite cupei s\u0103 p\u0103trund\u0103 eficient \u00een sol, contribuind la succesul opera\u021biunilor de excavare. Acest mecanism hidraulic este crucial pentru men\u021binerea puterii necesare pentru a face fa\u021b\u0103 condi\u021biilor dificile de teren.<\/p>\n<h3>4. \u00cenc\u0103rc\u0103toare<\/h3>\n<p>La \u00eenc\u0103rc\u0103toarele frontale, cilindrii bra\u021bului ajut\u0103 la ridicarea \u0219i desc\u0103rcarea eficient\u0103 a \u00eenc\u0103rc\u0103turilor. Designul lor asigur\u0103 gestionarea u\u0219oar\u0103 a materialelor grele, sporind capacit\u0103\u021bile opera\u021bionale ale \u00eenc\u0103rc\u0103torului.<\/p>\n<h2>Considera\u021bii de proiectare \u0219i standarde de selec\u021bie<\/h2>\n<h3>Capacitate de \u00eenc\u0103rcare<\/h3>\n<p>Capacitatea de \u00eenc\u0103rcare a cilindrului bra\u021bului este primordial\u0103. Acesta trebuie s\u0103 poat\u0103 gestiona sarcina maxim\u0103 \u00eent\u00e2lnit\u0103 \u00een timpul opera\u021biunilor f\u0103r\u0103 a compromite siguran\u021ba sau performan\u021ba. Produc\u0103torii trebuie s\u0103 ia \u00een considerare limitele de greutate \u00een func\u021bie de echipamentul \u00een care va fi utilizat.<\/p>\n<h3>Sigilare<\/h3>\n<p>Etan\u0219area eficient\u0103 este esen\u021bial\u0103 pentru a preveni scurgerile de fluid hidraulic, care pot duce la defec\u021biuni ale sistemului \u0219i pot reduce eficien\u021ba utilajelor. Garniturile trebuie alese \u00een func\u021bie de capacitatea lor de a rezista la uzura cauzat\u0103 de factorii de mediu.<\/p>\n<h3>Durabilitate<\/h3>\n<p>Durabilitatea este esen\u021bial\u0103 pentru cilindrii bra\u021bului, deoarece ace\u0219tia func\u021bioneaz\u0103 \u00een condi\u021bii extreme. Materialele utilizate trebuie s\u0103 fie rezistente la coroziune \u0219i uzur\u0103, asigur\u00e2nd longevitatea \u0219i performan\u021ba fiabil\u0103 \u00een diverse medii.<\/p>\n<h3>Siguran\u0163\u0103<\/h3>\n<p>Caracteristicile de siguran\u021b\u0103 sunt vitale \u00een sistemele hidraulice. Acestea includ \u00eencorporarea de supape de suprapresiune \u0219i blocaje de siguran\u021b\u0103 pentru a preveni desc\u0103rc\u0103rile accidentale \u0219i a asigura siguran\u021ba operatorului \u00een timpul opera\u021biunilor.<\/p>\n<h3>\u00centre\u0163inere<\/h3>\n<p>U\u0219urin\u021ba \u00eentre\u021binerii este un factor semnificativ \u00een proiectarea cilindrilor bra\u021bului. Componentele ar trebui s\u0103 fie accesibile pentru verific\u0103ri \u0219i repara\u021bii de rutin\u0103, ceea ce face mai convenabil\u0103 pentru operatori men\u021binerea utilajelor \u00een stare optim\u0103 de func\u021bionare.<\/p>\n<p><img decoding=\"async\" src=\"https:\/\/www.hydraulic-cylinders.net\/wp-content\/uploads\/2025\/04\/songte-oil-pipes-and-spare-parts.webp\" alt=\"Componente hidraulice\"><\/p>\n<h2>Etan\u0219are \u0219i lubrifiere<\/h2>\n<p>Etan\u0219area \u0219i lubrifierea sunt cruciale pentru longevitatea \u0219i performan\u021ba cilindrului bra\u021bului. Diverse etan\u0219\u0103ri, cum ar fi etan\u0219\u0103rile pistonului \u0219i etan\u0219\u0103rile tijei, sunt utilizate pentru a men\u021bine presiunea hidraulic\u0103 \u0219i a preveni scurgerile. Garniturile fabricate din materiale precum poliuretanul \u0219i cauciucul nitrilic sunt preferate pentru durabilitatea \u0219i rezisten\u021ba lor la uzur\u0103. \u00cen plus, corpul cilindrului \u0219i suprafe\u021bele filetate sunt supuse unor procese fine de prelucrare pentru a le spori rezisten\u021ba la uzur\u0103 \u0219i a asigura o fixare str\u00e2ns\u0103. Lubrifierea regulat\u0103 cu ulei hidraulic este esen\u021bial\u0103 pentru a reduce frecarea \u0219i uzura, men\u021bin\u00e2nd o func\u021bionare eficient\u0103.<\/p>\n<h2>Inspec\u021bie regulat\u0103 \u0219i \u00eentre\u021binere preventiv\u0103<\/h2>\n<ul>\n<li><strong>Inspec\u021bii frecvente:<\/strong> Verifica\u021bi periodic cilindrul hidraulic pentru scurgeri, uzur\u0103 \u0219i func\u021bionalitatea general\u0103. Acest lucru ajut\u0103 la identificarea poten\u021bialelor probleme \u00eenainte ca acestea s\u0103 escaladeze, asigur\u00e2nd siguran\u021ba \u0219i eficien\u021ba opera\u021bional\u0103.<\/li>\n<li><strong>Lubrifiere adecvat\u0103:<\/strong> Asigura\u021bi-v\u0103 c\u0103 uleiul hidraulic este la nivelul corespunz\u0103tor \u0219i c\u0103 uleiul utilizat este potrivit pentru condi\u021biile de func\u021bionare. Lubrifierea corect\u0103 minimizeaz\u0103 frecarea \u0219i prelunge\u0219te durata de via\u021b\u0103 a cilindrului.<\/li>\n<li><strong>\u00cenlocuirea garniturii:<\/strong> Monitoriza\u021bi garniturile pentru semne de uzur\u0103 sau deteriorare. \u00cenlocuirea regulat\u0103 a garniturilor, dup\u0103 cum este necesar, este vital\u0103 pentru prevenirea scurgerilor de fluid hidraulic \u0219i men\u021binerea integrit\u0103\u021bii sistemului.<\/li>\n<\/ul>\n<h2>Instruc\u021biuni de instalare<\/h2>\n<p>Instalarea corect\u0103 a cilindrului bra\u021bului este esen\u021bial\u0103 pentru o performan\u021b\u0103 optim\u0103. \u00cencepe\u021bi prin a v\u0103 asigura c\u0103 zona de instalare este curat\u0103 \u0219i lipsit\u0103 de resturi. Alinia\u021bi cilindrul cu precizie cu punctele de montare de pe excavator. Utilizarea suporturilor de montare adecvate pentru fixarea cilindrului este esen\u021bial\u0103; acest lucru previne nealinierea \u00een timpul func\u021bion\u0103rii. Dup\u0103 pozi\u021bionare, asigura\u021bi-v\u0103 c\u0103 toate \u0219uruburile \u0219i \u0219uruburile sunt str\u00e2nse conform specifica\u021biilor produc\u0103torului. \u00cen cele din urm\u0103, testa\u021bi func\u021bionarea cilindrului pentru a confirma o mi\u0219care lin\u0103 \u0219i verifica\u021bi dac\u0103 exist\u0103 scurgeri.<\/p>\n<h2>Sarcini comune de \u00eentre\u021binere<\/h2>\n<h3>1. Inspec\u021bii regulate<\/h3>\n<p>Efectuarea inspec\u021biilor regulate este crucial\u0103 pentru a asigura func\u021bionarea corect\u0103 a cilindrului. C\u0103uta\u021bi semne de uzur\u0103, scurgeri sau orice zgomote neobi\u0219nuite \u00een timpul func\u021bion\u0103rii. Depistarea timpurie a problemelor poate preveni repara\u021bii costisitoare \u0219i timpi de nefunc\u021bionare. Programa\u021bi inspec\u021biile la intervalele recomandate sau dup\u0103 o utilizare intens\u0103 pentru a men\u021bine performan\u021ba optim\u0103.<\/p>\n<h3>2. Lubrifiere adecvat\u0103<\/h3>\n<p>Asigura\u021bi-v\u0103 c\u0103 cilindrul bra\u021bului este lubrifiat cu uleiul hidraulic corect. Acest lucru reduce frecarea \u0219i uzura pieselor mobile, contribuind la longevitatea acestora. Stabili\u021bi un program de lubrifiere bazat pe utilizarea \u0219i condi\u021biile de mediu \u0219i respecta\u021bi \u00eentotdeauna recomand\u0103rile produc\u0103torului privind tipul \u0219i cantitatea de ulei.<\/p>\n<h3>3. \u00cenlocuirea garniturii \u0219i verific\u0103ri ale calibr\u0103rii<\/h3>\n<p>\u00cenlocuirea garniturilor la primul semn de uzur\u0103 poate preveni scurgerile \u0219i poate asigura o func\u021bionare eficient\u0103. De asemenea, sunt necesare verific\u0103ri regulate de calibrare pentru a men\u021bine precizia mi\u0219c\u0103rilor hidraulice. Urma\u021bi instruc\u021biunile produc\u0103torului privind intervalele de \u00eenlocuire \u0219i procedurile de calibrare pentru a men\u021bine performan\u021ba \u0219i fiabilitatea cilindrului.<\/p>\n<p><img decoding=\"async\" src=\"https:\/\/www.hydraulic-cylinders.net\/wp-content\/uploads\/2025\/04\/songte-chushion-collar.webp\" alt=\"Guler de pern\u0103\"><\/p>\n<h2>Considera\u021bii de siguran\u021b\u0103 \u0219i factori de mediu<\/h2>\n<p>Implementarea m\u0103surilor de siguran\u021b\u0103 atunci c\u00e2nd se utilizeaz\u0103 cilindrii bra\u021bului este crucial\u0103. Operatorii trebuie instrui\u021bi pentru a \u00een\u021belege func\u021bionalitatea sistemului hidraulic \u0219i poten\u021bialele pericole. Verific\u0103rile regulate de siguran\u021b\u0103 pot preveni accidentele, asigur\u00e2ndu-se c\u0103 echipamentul func\u021bioneaz\u0103 \u00een limite de siguran\u021b\u0103. \u00cen plus, lua\u021bi \u00een considerare impactul asupra mediului al fluidelor hidraulice \u0219i al altor materiale utilizate, opt\u00e2nd pentru op\u021biuni ecologice acolo unde este posibil.<\/p>\n<h2>Diagnosticarea defec\u021biunilor \u0219i probleme frecvente<\/h2>\n<h3>Diagnostic \u0219i solu\u021bii<\/h3>\n<ul>\n<li><strong>Scurgeri:<\/strong> Dac\u0103 exist\u0103 scurgeri de lichid hidraulic, verifica\u021bi dac\u0103 garniturile sunt deteriorate sau conexiunile sunt sl\u0103bite. \u00cenlocui\u021bi garniturile dup\u0103 cum este necesar \u0219i str\u00e2nge\u021bi fitingurile pentru a opri scurgerile.<\/li>\n<li><strong>Mi\u0219care insuficient\u0103:<\/strong> Dac\u0103 cilindrul bra\u021bului nu se mi\u0219c\u0103 conform a\u0219tept\u0103rilor, verifica\u021bi nivelurile fluidului hidraulic \u0219i asigura\u021bi-v\u0103 c\u0103 nu exist\u0103 blocaje \u00een conductele hidraulice.<\/li>\n<li><strong>Zgomote ciudate:<\/strong> Sunetele neobi\u0219nuite din timpul func\u021bion\u0103rii pot indica deterior\u0103ri sau uzur\u0103 intern\u0103. Inspecta\u021bi cilindrul pentru semne de defec\u021biune \u0219i consulta\u021bi un profesionist dac\u0103 este necesar.<\/li>\n<\/ul>\n<h2>M\u0103suri preventive<\/h2>\n<p>Pentru a minimiza poten\u021bialele probleme cu cilindrii bra\u021bului, implementa\u021bi m\u0103suri preventive, cum ar fi \u00eentre\u021binerea regulat\u0103, inspec\u021biile la timp \u0219i repara\u021biile imediate ale oric\u0103ror probleme identificate. P\u0103strarea unui jurnal de \u00eentre\u021binere poate ajuta la urm\u0103rirea performan\u021bei \u0219i la programarea verific\u0103rilor necesare. Educarea operatorilor cu privire la manipularea \u0219i operarea \u00een siguran\u021b\u0103 va reduce, de asemenea, riscul de deteriorare \u0219i va cre\u0219te durata de via\u021b\u0103 a echipamentelor.<\/p>\n<p><img decoding=\"async\" src=\"https:\/\/www.hydraulic-cylinders.net\/wp-content\/uploads\/2025\/04\/songte-bushings-with-all-kinds-of-excavator-models.webp\" alt=\"Buc\u0219e pentru excavator\"><\/p>\n<h2>Despre compania noastr\u0103<\/h2>\n<p>Suntem un produc\u0103tor \u0219i distribuitor angro de top de cilindri hidraulici de schimb, at\u00e2t pe pie\u021bele interne, c\u00e2t \u0219i interna\u021bionale. Gama noastr\u0103 extins\u0103 de produse, angajamentul fa\u021b\u0103 de calitate \u0219i strategiile avansate de fabrica\u021bie ne-au consacrat ca unul dintre cei mai importan\u021bi produc\u0103tori din industrie. Prin valorificarea expertizei tehnice, a echipamentelor digitale de fabrica\u021bie de ultim\u0103 genera\u021bie \u0219i a unui sistem robust de asigurare a calit\u0103\u021bii, ne \u00eembun\u0103t\u0103\u021bim continuu platforma de fabrica\u021bie pentru a satisface eficient diversele nevoi ale clien\u021bilor.<\/p>\n<p><img decoding=\"async\" src=\"https:\/\/www.hydraulic-cylinders.net\/wp-content\/uploads\/2025\/04\/songte-company-4.webp\" alt=\"Prezentare general\u0103 a companiei\"><br \/>\n<img decoding=\"async\" src=\"https:\/\/www.hydraulic-cylinders.net\/wp-content\/uploads\/2025\/04\/songte-company-3.webp\" alt=\"Unitate de produc\u021bie\"><\/p>\n<p>Dedica\u021bia noastr\u0103 fa\u021b\u0103 de profesionalism, certific\u0103ri interna\u021bionale, servicii personalizate, echipamente de produc\u021bie avansate \u0219i asisten\u021b\u0103 post-v\u00e2nzare fiabil\u0103 ne disting pe pia\u021b\u0103. Prioritiz\u0103m satisfac\u021bia clien\u021bilor \u0219i ne angaj\u0103m s\u0103 oferim produse de \u00eenalt\u0103 calitate, adaptate pentru a satisface nevoile opera\u021bionale specifice.<\/p>\n<p>Autor: lyl<\/p>","protected":false},"excerpt":{"rendered":"<p>Boom Cylinder For Volwa Small Excavator DLS818-9B Product Overview The Boom Cylinder for Volwa Small Excavator DLS818-9B is a crucial component in the hydraulic system of excavators. It is designed to control the movement of the excavator&#8217;s boom, allowing for lifting, lowering, and tilting actions essential for efficient material handling tasks. This hydraulic cylinder, specifically [&hellip;]<\/p>","protected":false},"featured_media":17879,"comment_status":"open","ping_status":"closed","template":"","meta":{"_et_pb_use_builder":"","_et_pb_old_content":"","_et_gb_content_width":""},"product_brand":[],"product_cat":[1546],"product_tag":[1547,1496],"class_list":{"0":"post-19601","1":"product","2":"type-product","3":"status-publish","4":"has-post-thumbnail","6":"product_cat-boom-cylinders","7":"product_tag-boom-cylinders","8":"product_tag-hydraulic-cylinders","10":"first","11":"instock","12":"shipping-taxable","13":"product-type-simple"},"amp_enabled":true,"_links":{"self":[{"href":"https:\/\/www.hydraulic-cylinders.net\/ro\/wp-json\/wp\/v2\/product\/19601","targetHints":{"allow":["GET"]}}],"collection":[{"href":"https:\/\/www.hydraulic-cylinders.net\/ro\/wp-json\/wp\/v2\/product"}],"about":[{"href":"https:\/\/www.hydraulic-cylinders.net\/ro\/wp-json\/wp\/v2\/types\/product"}],"replies":[{"embeddable":true,"href":"https:\/\/www.hydraulic-cylinders.net\/ro\/wp-json\/wp\/v2\/comments?post=19601"}],"wp:featuredmedia":[{"embeddable":true,"href":"https:\/\/www.hydraulic-cylinders.net\/ro\/wp-json\/wp\/v2\/media\/17879"}],"wp:attachment":[{"href":"https:\/\/www.hydraulic-cylinders.net\/ro\/wp-json\/wp\/v2\/media?parent=19601"}],"wp:term":[{"taxonomy":"product_brand","embeddable":true,"href":"https:\/\/www.hydraulic-cylinders.net\/ro\/wp-json\/wp\/v2\/product_brand?post=19601"},{"taxonomy":"product_cat","embeddable":true,"href":"https:\/\/www.hydraulic-cylinders.net\/ro\/wp-json\/wp\/v2\/product_cat?post=19601"},{"taxonomy":"product_tag","embeddable":true,"href":"https:\/\/www.hydraulic-cylinders.net\/ro\/wp-json\/wp\/v2\/product_tag?post=19601"}],"curies":[{"name":"wp","href":"https:\/\/api.w.org\/{rel}","templated":true}]}}