{"id":19602,"date":"2025-04-07T06:56:55","date_gmt":"2025-04-07T06:56:55","guid":{"rendered":"https:\/\/www.hydraulic-cylinders.net\/product\/boom-cylinder-for-volwa-small-excavator-dls880-8b\/"},"modified":"2025-04-07T06:56:58","modified_gmt":"2025-04-07T06:56:58","slug":"boom-cylinder-for-volwa-small-excavator-dls880-8b","status":"publish","type":"product","link":"https:\/\/www.hydraulic-cylinders.net\/ro\/produs\/boom-cylinder-for-volwa-small-excavator-dls880-8b\/","title":{"rendered":"Cilindru de bra\u021b pentru excavatorul mic Volwa DLS880-8B"},"content":{"rendered":"<h1>Cilindru de bra\u021b pentru excavatorul mic Volwa DLS880-8B<\/h1>\n<h2>Prezentare general\u0103 a produsului<\/h2>\n<p>Cilindrul bra\u021bului pentru excavatorul mic Volwa DLS880-8B este o component\u0103 hidraulic\u0103 crucial\u0103, conceput\u0103 pentru a \u00eembun\u0103t\u0103\u021bi performan\u021ba excavatoarelor, \u00een special \u00een controlul mi\u0219c\u0103rii bra\u021bului. Acest cilindru hidraulic joac\u0103 un rol esen\u021bial \u00een diverse utilaje grele, cum ar fi excavatoarele, \u00eenc\u0103rc\u0103toarele cu buldoexcavatoare \u0219i \u00eenc\u0103rc\u0103toarele frontale, facilit\u00e2nd ridicarea, cobor\u00e2rea \u0219i \u00eenclinarea cupei pentru sarcini eficiente de manipulare a materialelor.<\/p>\n<p>Fiind un cilindru hidraulic, acesta utilizeaz\u0103 fluid sub presiune pentru a crea o mi\u0219care liniar\u0103, permi\u021b\u00e2nd capacit\u0103\u021bi robuste de mi\u0219care vitale pentru opera\u021biunile de construc\u021bii \u0219i terasamente. Cilindrul cupei este proiectat s\u0103 reziste la presiuni opera\u021bionale semnificative \u0219i sarcini grele, fiind indispensabil \u00een mediile de lucru solicitante.<\/p>\n<p><img decoding=\"async\" src=\"https:\/\/www.hydraulic-cylinders.net\/wp-content\/uploads\/2025\/04\/songte-company-1.webp\" alt=\"Cilindru de bra\u021b pentru excavator\"><\/p>\n<h2>Caracteristicile cilindrului bra\u021bului<\/h2>\n<ul>\n<li><strong>Rezisten\u021b\u0103 \u0219i durabilitate ridicate:<\/strong> Fabricat din o\u021bel sau aluminiu de \u00eenalt\u0103 rezisten\u021b\u0103, acest cilindru este conceput s\u0103 reziste la presiuni ridicate \u0219i sarcini grele, fiind potrivit pentru condi\u021bii dure de lucru. Designul s\u0103u ia \u00een considerare rezisten\u021ba la uzur\u0103 \u0219i la coroziune, ceea ce \u00eei prelunge\u0219te durata de via\u021b\u0103.<\/li>\n<li><strong>Func\u021bionare hidraulic\u0103 eficient\u0103:<\/strong> Cilindrul asigur\u0103 o extensie \u0219i o retragere lin\u0103 prin presiunea fluidului hidraulic, asigur\u00e2nd un r\u0103spuns rapid la comenzile opera\u021bionale \u0219i oferind o for\u021b\u0103 substan\u021bial\u0103 de \u00eempingere \u0219i tragere, ideal\u0103 pentru gestionarea sarcinilor grele \u0219i complexe.<\/li>\n<li><strong>Diverse tipuri:<\/strong> Disponibile \u00een configura\u021bii cu ac\u021biune simpl\u0103 (func\u021bioneaz\u0103 \u00eentr-o singur\u0103 direc\u021bie) \u0219i cu ac\u021biune dubl\u0103 (func\u021bioneaz\u0103 \u00een ambele direc\u021bii) pentru a satisface diverse nevoi opera\u021bionale. Unele modele sunt dotate cu design telescopic care permite o extensie mai mare f\u0103r\u0103 a cre\u0219te dimensiunile exterioare, ceea ce le face potrivite pentru aplica\u021bii cu spa\u021biu limitat.<\/li>\n<\/ul>\n<h2>Capacit\u0103\u021bi de produc\u021bie<\/h2>\n<p>Fabric\u0103m acest produs cu precizie \u0219i calitate, asigur\u00e2ndu-ne c\u0103 cilindrii no\u0219tri hidraulici sunt \u00eenlocuitori perfec\u021bi pentru modelele existente, oferind performan\u021be robuste \u0219i fiabilitate.<\/p>\n<p><img decoding=\"async\" src=\"https:\/\/www.hydraulic-cylinders.net\/wp-content\/uploads\/2025\/04\/songte-cylinder-head-with-all-kinds-excavator-models.webp\" alt=\"Fabricarea cilindrilor hidraulici\"><\/p>\n<h2>Aplica\u021bii ale cilindrului bra\u021bului<\/h2>\n<h3>Echipamente de construc\u021bii<\/h3>\n<p>\u00cen excavatoare, cilindrii bra\u021bului sunt esen\u021biali pentru s\u0103pare, \u00eenc\u0103rcare \u0219i mutarea p\u0103m\u00e2ntului sau a molozului. Capacitatea lor de a facilita mi\u0219c\u0103ri precise este esen\u021bial\u0103 pentru activit\u0103\u021bi de excavare eficiente. \u00cen plus, \u00een cazul \u00eenc\u0103rc\u0103toarelor excavatoare, ace\u0219ti cilindri ajut\u0103 at\u00e2t la ac\u021biunile de s\u0103pare, c\u00e2t \u0219i la cele de ridicare, ceea ce le face unelte versatile \u00een \u0219antierele de construc\u021bii.<\/p>\n<h3>Ma\u0219ini agricole<\/h3>\n<p>Utiliza\u021bi \u00een \u00eenc\u0103rc\u0103toarele frontale, cilindrii bra\u021bului sunt componente cheie pentru scobere, ridicare \u0219i transportul solului, f\u00e2nului \u0219i altor materiale. Capacit\u0103\u021bile lor hidromecanice sporesc eficien\u021ba opera\u021biunilor agricole, \u00een special \u00een sarcinile care necesit\u0103 ridicarea de greut\u0103\u021bi mari sau plasarea precis\u0103 a materialelor.<\/p>\n<h3>Excavatoare<\/h3>\n<p>La excavatoare, cilindrul bra\u021bului permite cupei s\u0103 p\u0103trund\u0103 \u00een sol, efectu\u00e2nd ac\u021biuni eficiente de s\u0103pare. Acest mecanism este esen\u021bial pentru diverse sarcini de excavare, permi\u021b\u00e2nd operatorilor s\u0103 ating\u0103 ad\u00e2ncimile de s\u0103pare dorite cu precizie \u0219i vitez\u0103.<\/p>\n<h3>\u00cenc\u0103rc\u0103toare<\/h3>\n<p>La \u00eenc\u0103rc\u0103toarele frontale, cilindrii bra\u021bului contribuie la ridicarea \u0219i desc\u0103rcarea eficient\u0103 a materialelor. Designul lor asigur\u0103 o func\u021bionare lin\u0103, ceea ce este crucial pentru men\u021binerea productivit\u0103\u021bii \u00een sarcinile de \u00eenc\u0103rcare.<\/p>\n<h2>Considera\u021bii de proiectare \u0219i standarde de selec\u021bie<\/h2>\n<h3>Capacitate de \u00eenc\u0103rcare<\/h3>\n<p>Capacitatea de \u00eenc\u0103rcare este o considera\u021bie critic\u0103 de proiectare atunci c\u00e2nd se selecteaz\u0103 un cilindru pentru bra\u021b. Aceasta determin\u0103 c\u00e2t\u0103 greutate poate suporta cilindrul f\u0103r\u0103 a compromite integritatea. Produc\u0103torii trebuie s\u0103 evalueze cu precizie sarcinile a\u0219teptate \u00een timpul func\u021bion\u0103rii pentru a se asigura c\u0103 cilindrul poate gestiona greutatea necesar\u0103 \u00een siguran\u021b\u0103. Capacitatea de \u00eenc\u0103rcare ar trebui s\u0103 fie aliniat\u0103 cu aplica\u021biile specifice ale excavatorului, oferind un echilibru \u00eentre performan\u021b\u0103 \u0219i siguran\u021b\u0103.<\/p>\n<h3>Etan\u0219are \u0219i durabilitate<\/h3>\n<p>Etan\u0219area este vital\u0103 pentru men\u021binerea presiunii hidraulice \u0219i prevenirea scurgerilor. Alegerea garniturilor, cum ar fi garniturile pistonului \u0219i garniturile tijei, afecteaz\u0103 semnificativ performan\u021ba cilindrului. Garniturile de \u00eenalt\u0103 calitate, fabricate din materiale precum poliuretanul \u0219i cauciucul nitrilic, sporesc durabilitatea \u0219i rezisten\u021ba la abraziune \u0219i la factorii de mediu. \u00cen plus, corpul cilindrului \u0219i suprafe\u021bele filetate ale cap\u0103tului sunt supuse unor prelucr\u0103ri de precizie pentru a \u00eembun\u0103t\u0103\u021bi rezisten\u021ba la uzur\u0103 \u0219i a prelungi durata de via\u021b\u0103 opera\u021bional\u0103.<\/p>\n<h3>Siguran\u021b\u0103 \u0219i \u00eentre\u021binere<\/h3>\n<p>Caracteristicile de siguran\u021b\u0103 sunt primordiale \u00een proiectarea cilindrilor hidraulici. Incorporarea de elemente care previn supraextensia sau presiunea excesiv\u0103 este esen\u021bial\u0103 pentru a evita defec\u021biunile catastrofale. \u00cen plus, u\u0219urin\u021ba \u00eentre\u021binerii joac\u0103 un rol esen\u021bial \u00een asigurarea longevit\u0103\u021bii cilindrului. Proiectele ar trebui s\u0103 faciliteze accesul facil pentru inspec\u021bii \u0219i repara\u021bii, permi\u021b\u00e2nd \u00eentre\u021binerea de rutin\u0103 f\u0103r\u0103 perioade extinse de nefunc\u021bionare.<\/p>\n<p><img decoding=\"async\" src=\"https:\/\/www.hydraulic-cylinders.net\/wp-content\/uploads\/2025\/04\/songte-oil-pipes-and-spare-parts.webp\" alt=\"Componente cilindru hidraulic\"><\/p>\n<h2>Etan\u0219are \u0219i lubrifiere<\/h2>\n<p>Eficacitatea unui cilindru hidraulic depinde \u00een mare m\u0103sur\u0103 de practici adecvate de etan\u0219are \u0219i lubrifiere. Diverse componente de etan\u0219are, inclusiv etan\u0219\u0103rile pistonului \u0219i etan\u0219\u0103rile tijei, sunt cruciale \u00een men\u021binerea integrit\u0103\u021bii presiunii \u0219i prevenirea scurgerilor de fluid. Etan\u0219\u0103rile fabricate din materiale rezistente la uzur\u0103, cum ar fi poliuretanul \u0219i cauciucul nitrilic, asigur\u0103 longevitatea \u0219i fiabilitatea. Mai mult, corpul cilindrului \u0219i suprafe\u021bele filetate ale cap\u0103tului sunt finisate cu precizie pentru a spori durabilitatea \u0219i rezisten\u021ba la condi\u021bii dure.<\/p>\n<p>Lubrifierea regulat\u0103 este esen\u021bial\u0103 pentru o func\u021bionare lin\u0103. Este necesar\u0103 reumplerea periodic\u0103 a uleiului hidraulic pentru a reduce frecarea \u0219i uzura dintre piesele mobile. Aceast\u0103 practic\u0103 nu numai c\u0103 prelunge\u0219te durata de via\u021b\u0103 a cilindrului, dar \u00eei optimizeaz\u0103 \u0219i performan\u021ba \u00een timpul func\u021bion\u0103rii. Neglijarea lubrifierii poate duce la probleme opera\u021bionale semnificative \u0219i repara\u021bii costisitoare.<\/p>\n<h2>M\u0103suri de \u00eentre\u021binere preventiv\u0103<\/h2>\n<ul>\n<li><strong>Inspec\u021bii regulate:<\/strong> Efectuarea inspec\u021biilor regulate ale sistemului hidraulic poate identifica poten\u021bialele probleme \u00eenainte ca acestea s\u0103 se agraveze. C\u0103uta\u021bi semne de uzur\u0103, scurgeri sau zgomote neobi\u0219nuite \u00een timpul func\u021bion\u0103rii. Depistarea timpurie poate preveni defec\u021biunile costisitoare \u0219i poate asigura o func\u021bionalitate optim\u0103.<\/li>\n<li><strong>Lubrifiere adecvat\u0103:<\/strong> Asigurarea lubrifierii adecvate a cilindrului hidraulic este crucial\u0103 pentru o performan\u021b\u0103 eficient\u0103. Folosi\u021bi tipul recomandat de ulei hidraulic \u0219i men\u021bine\u021bi niveluri adecvate de ulei pentru a minimiza frecarea \u0219i uzura componentelor.<\/li>\n<li><strong>\u00cenlocuirea garniturii:<\/strong> \u00cen timp, garniturile se pot uza \u0219i pot necesita \u00eenlocuire. Verifica\u021bi periodic starea garniturilor \u0219i \u00eenlocui\u021bi-le atunci c\u00e2nd este necesar pentru a men\u021bine integritatea hidraulic\u0103 \u0219i a preveni scurgerile.<\/li>\n<\/ul>\n<h2>Instruc\u021biuni de instalare corect\u0103<\/h2>\n<p>Instalarea corect\u0103 a cilindrului bra\u021bului este vital\u0103 pentru asigurarea performan\u021bei \u0219i longevit\u0103\u021bii sale optime. \u00cencepe\u021bi prin alinierea corect\u0103 a cilindrului cu punctele de montare de pe excavator. Folosi\u021bi console de montare adecvate pentru a fixa cilindrul \u00een pozi\u021bie, prevenind orice nealiniere \u00een timpul func\u021bion\u0103rii. Este esen\u021bial s\u0103 respecta\u021bi specifica\u021biile produc\u0103torului privind set\u0103rile de cuplu \u0219i metodele de fixare pentru a evita solicit\u0103rile excesive asupra cilindrului.<\/p>\n<p>\u00cen timpul instal\u0103rii, asigura\u021bi-v\u0103 c\u0103 racordurile hidraulice sunt sigure \u0219i nu prezint\u0103 scurgeri. Verifica\u021bi toate furtunurile \u0219i fitingurile pentru a depista semne de deteriorare sau uzur\u0103, \u00eenlocuind orice componente care nu \u00eendeplinesc standardele de siguran\u021b\u0103. Dup\u0103 instalare, efectua\u021bi o verificare am\u0103nun\u021bit\u0103 a sistemului pentru a confirma c\u0103 cilindrul func\u021bioneaz\u0103 f\u0103r\u0103 probleme \u0219i eficient \u00eenainte de a repune echipamentul \u00een func\u021biune. Alinierea \u0219i instalarea corect\u0103 sunt esen\u021biale pentru maximizarea duratei de via\u021b\u0103 a cilindrului bra\u021bului.<\/p>\n<p><img decoding=\"async\" src=\"https:\/\/www.hydraulic-cylinders.net\/wp-content\/uploads\/2025\/04\/songte-chushion-collar.webp\" alt=\"Instalarea cilindrului bra\u021bului\"><\/p>\n<h2>Considera\u021bii de siguran\u021b\u0103 \u0219i factori de mediu<\/h2>\n<p>Siguran\u021ba este primordial\u0103 atunci c\u00e2nd se opereaz\u0103 cilindri hidraulici, \u00een special \u00een cazul utilajelor grele, cum ar fi excavatoarele. Implementarea unor m\u0103suri de siguran\u021b\u0103, cum ar fi instruirea adecvat\u0103 a operatorilor \u0219i verific\u0103rile de siguran\u021b\u0103 de rutin\u0103, poate reduce semnificativ riscul de accidente. Operatorii ar trebui s\u0103 fie familiariza\u021bi cu capacit\u0103\u021bile \u0219i limitele sistemului hidraulic pentru a preveni supra\u00eenc\u0103rcarea \u0219i a asigura func\u021bionarea \u00een siguran\u021b\u0103.<\/p>\n<p>Factorii de mediu joac\u0103, de asemenea, un rol esen\u021bial \u00een longevitatea \u0219i performan\u021ba cilindrilor hidraulici. Expunerea la temperaturi extreme, umiditate \u0219i substan\u021be corozive poate sl\u0103bi etan\u0219\u0103rile \u0219i componentele. Selectarea materialelor \u0219i a acoperirilor de protec\u021bie potrivite poate atenua aceste riscuri, asigur\u00e2nd c\u0103 cilindrul r\u0103m\u00e2ne func\u021bional \u0219i fiabil \u00een ciuda provoc\u0103rilor de mediu.<\/p>\n<h2>Depanarea problemelor comune<\/h2>\n<ul>\n<li><strong>Scurgeri de fluid hidraulic:<\/strong> Scurgerile pot ap\u0103rea din cauza garniturilor uzate sau a furtunurilor deteriorate. Verifica\u021bi periodic sistemul hidraulic pentru a depista semne de scurgeri \u0219i \u00eenlocui\u021bi imediat orice componente deteriorate.<\/li>\n<li><strong>Mi\u0219care lent\u0103 a cilindrului:<\/strong> Dac\u0103 cilindrul r\u0103spunde lent, acest lucru poate indica niveluri sc\u0103zute de lichid hidraulic sau aer blocat \u00een sistem. Verifica\u021bi nivelurile de lichid \u0219i aerisi\u021bi sistemul dac\u0103 este necesar pentru a asigura o func\u021bionare corect\u0103.<\/li>\n<li><strong>Zgomote neobi\u0219nuite:<\/strong> Zgomotele precum sc\u00e2r\u021b\u00e2itul sau sc\u00e2r\u021b\u00e2itul ar putea indica probleme mecanice \u00een interiorul cilindrului. Investiga\u021bi sursa zgomotului \u0219i efectua\u021bi repara\u021biile necesare pentru a preveni deteriorarea ulterioar\u0103.<\/li>\n<\/ul>\n<h2>Sfaturi pentru depanare eficient\u0103<\/h2>\n<p>Pentru a diagnostica \u0219i rezolva eficient problemele legate de cilindrul bra\u021bului, este esen\u021bial s\u0103 se implementeze o abordare sistematic\u0103. \u00cencepe\u021bi prin identificarea simptomelor \u0219i corelarea acestora cu cauzele poten\u021biale. P\u0103stra\u021bi un jurnal detaliat al oric\u0103ror probleme \u0219i repara\u021bii efectuate, care poate ajuta \u00een viitoarele eforturi de depanare.<\/p>\n<p>\u00centre\u021binerea \u0219i inspec\u021biile regulate pot reduce semnificativ probabilitatea apari\u021biei problemelor. Implementa\u021bi m\u0103suri preventive, cum ar fi verific\u0103ri de rutin\u0103 ale etan\u0219\u0103rilor, furtunurilor \u0219i nivelurilor de fluide, pentru a men\u021bine performan\u021be optime. \u00cen plus, instruirea operatorilor cu privire la recunoa\u0219terea semnelor de avertizare timpurie poate ajuta la abordarea problemelor \u00eenainte ca acestea s\u0103 escaladeze.<\/p>\n<p><img decoding=\"async\" src=\"https:\/\/www.hydraulic-cylinders.net\/wp-content\/uploads\/2025\/04\/songte-bushings-with-all-kinds-of-excavator-models.webp\" alt=\"Piese cilindru hidraulic\"><\/p>\n<h2>Despre compania noastr\u0103<\/h2>\n<p>Suntem un produc\u0103tor important de cilindri hidraulici, specializa\u021bi \u00een producerea de piese de schimb de \u00eenalt\u0103 calitate pentru diverse utilaje grele. Gama noastr\u0103 extins\u0103 de produse ne pozi\u021bioneaz\u0103 ca unul dintre cei mai importan\u021bi produc\u0103tori \u0219i distribuitori angro, at\u00e2t pe pie\u021bele interne, c\u00e2t \u0219i pe cele interna\u021bionale. Respect\u0103m standarde stricte de calitate, utiliz\u00e2nd procese de fabrica\u021bie fine \u0219i strategii avansate de management al produc\u021biei.<\/p>\n<p>Compania noastr\u0103 se m\u00e2ndre\u0219te cu expertiza sa tehnic\u0103, \u00eencorpor\u00e2nd echipamente digitale de produc\u021bie de ultim\u0103 genera\u021bie \u0219i sisteme profesionale de testare pentru a ne \u00eembun\u0103t\u0103\u021bi capacit\u0103\u021bile de produc\u021bie. \u00cembun\u0103t\u0103\u021bim continuu platforma noastr\u0103 de produc\u021bie pentru a asigura o eficien\u021b\u0103 ridicat\u0103, precizie \u0219i calitate, satisf\u0103c\u00e2nd cu excelen\u021b\u0103 nevoile diverse ale clien\u021bilor no\u0219tri.<\/p>\n<p>Oferim solu\u021bii personalizate, adaptate cerin\u021belor specifice, sus\u021binute de certific\u0103ri interna\u021bionale pentru a garanta fiabilitatea produselor. Serviciul nostru robust post-v\u00e2nzare asigur\u0103 satisfac\u021bia clien\u021bilor, r\u0103spunz\u00e2nd eficient oric\u0103ror \u00eentreb\u0103ri sau nel\u0103muriri.<\/p>\n<p><img decoding=\"async\" src=\"https:\/\/www.hydraulic-cylinders.net\/wp-content\/uploads\/2025\/04\/songte-company-4.webp\" alt=\"Prezentare general\u0103 a companiei\"><br \/>\n<img decoding=\"async\" src=\"https:\/\/www.hydraulic-cylinders.net\/wp-content\/uploads\/2025\/04\/songte-company-3.webp\" alt=\"Facilitate avansat\u0103 de produc\u021bie\"><\/p>\n<p>Autor: lyl<\/p>","protected":false},"excerpt":{"rendered":"<p>Boom Cylinder For Volwa Small Excavator DLS880-8B Product Overview The Boom Cylinder for Volwa Small Excavator DLS880-8B is a crucial hydraulic component designed to enhance the performance of excavators, specifically in controlling the movement of the boom. This hydraulic cylinder plays an essential role in various heavy machinery, such as excavators, backhoe loaders, and front-end [&hellip;]<\/p>","protected":false},"featured_media":17880,"comment_status":"open","ping_status":"closed","template":"","meta":{"_et_pb_use_builder":"","_et_pb_old_content":"","_et_gb_content_width":""},"product_brand":[],"product_cat":[1546],"product_tag":[1547,1496],"class_list":{"0":"post-19602","1":"product","2":"type-product","3":"status-publish","4":"has-post-thumbnail","6":"product_cat-boom-cylinders","7":"product_tag-boom-cylinders","8":"product_tag-hydraulic-cylinders","10":"first","11":"instock","12":"shipping-taxable","13":"product-type-simple"},"amp_enabled":true,"_links":{"self":[{"href":"https:\/\/www.hydraulic-cylinders.net\/ro\/wp-json\/wp\/v2\/product\/19602","targetHints":{"allow":["GET"]}}],"collection":[{"href":"https:\/\/www.hydraulic-cylinders.net\/ro\/wp-json\/wp\/v2\/product"}],"about":[{"href":"https:\/\/www.hydraulic-cylinders.net\/ro\/wp-json\/wp\/v2\/types\/product"}],"replies":[{"embeddable":true,"href":"https:\/\/www.hydraulic-cylinders.net\/ro\/wp-json\/wp\/v2\/comments?post=19602"}],"wp:featuredmedia":[{"embeddable":true,"href":"https:\/\/www.hydraulic-cylinders.net\/ro\/wp-json\/wp\/v2\/media\/17880"}],"wp:attachment":[{"href":"https:\/\/www.hydraulic-cylinders.net\/ro\/wp-json\/wp\/v2\/media?parent=19602"}],"wp:term":[{"taxonomy":"product_brand","embeddable":true,"href":"https:\/\/www.hydraulic-cylinders.net\/ro\/wp-json\/wp\/v2\/product_brand?post=19602"},{"taxonomy":"product_cat","embeddable":true,"href":"https:\/\/www.hydraulic-cylinders.net\/ro\/wp-json\/wp\/v2\/product_cat?post=19602"},{"taxonomy":"product_tag","embeddable":true,"href":"https:\/\/www.hydraulic-cylinders.net\/ro\/wp-json\/wp\/v2\/product_tag?post=19602"}],"curies":[{"name":"wp","href":"https:\/\/api.w.org\/{rel}","templated":true}]}}