{"id":19610,"date":"2025-04-07T06:57:16","date_gmt":"2025-04-07T06:57:16","guid":{"rendered":"https:\/\/www.hydraulic-cylinders.net\/product\/boom-cylinder-for-volwa-middle-excavator-dls260\/"},"modified":"2025-04-07T06:57:19","modified_gmt":"2025-04-07T06:57:19","slug":"boom-cylinder-for-volwa-middle-excavator-dls260","status":"publish","type":"product","link":"https:\/\/www.hydraulic-cylinders.net\/ro\/produs\/boom-cylinder-for-volwa-middle-excavator-dls260\/","title":{"rendered":"Cilindru bra\u021b pentru excavatorul Volwa DLS260"},"content":{"rendered":"<h1>Cilindru bra\u021b pentru excavatorul Volwa DLS260<\/h1>\n<h2>Prezentare general\u0103 a produsului<\/h2>\n<p>Cilindrul bra\u021bului pentru excavatorul Volwa DLS260 este o component\u0103 esen\u021bial\u0103 \u00een sistemele hidraulice moderne utilizate \u00een utilajele grele. Acest cilindru hidraulic este special conceput pentru a controla mi\u0219carea cupei \u00een diverse echipamente grele, cum ar fi excavatoarele, \u00eenc\u0103rc\u0103toarele cu buldoexcavatoare \u0219i \u00eenc\u0103rc\u0103toarele frontale. Acesta permite ridicarea, cobor\u00e2rea \u0219i \u00eenclinarea cupei, facilit\u00e2nd sarcinile eficiente de manipulare a materialelor.<\/p>\n<p>\u00cen esen\u021b\u0103, cilindrul cupei func\u021bioneaz\u0103 prin presiune hidraulic\u0103, transform\u00e2nd puterea fluidului \u00een for\u021b\u0103 mecanic\u0103. Aceast\u0103 func\u021bionalitate este vital\u0103 pentru efectuarea de sarcini precum s\u0103parea, ridicarea \u0219i transportul materialelor, ceea ce o face un instrument indispensabil \u00een industria construc\u021biilor, agriculturii \u0219i mineritului.<\/p>\n<p><img decoding=\"async\" src=\"https:\/\/www.hydraulic-cylinders.net\/wp-content\/uploads\/2025\/04\/songte-company-1.webp\" alt=\"Imaginea cilindrului bra\u021bului\" \/><\/p>\n<h2>Caracteristicile cilindrului bra\u021bului<\/h2>\n<ul>\n<li><strong>Rezisten\u021b\u0103 \u0219i durabilitate ridicate:<\/strong> Construit din o\u021bel sau aluminiu de \u00eenalt\u0103 rezisten\u021b\u0103, cilindrul bra\u021bului este proiectat s\u0103 reziste la presiuni ridicate \u0219i sarcini grele, fiind potrivit pentru medii de lucru dure. Designul s\u0103u pune accent pe rezisten\u021ba la uzur\u0103 \u0219i la coroziune, prelungindu-i semnificativ durata de via\u021b\u0103.<\/li>\n<li><strong>Func\u021bionare hidraulic\u0103 eficient\u0103:<\/strong> Cilindrul utilizeaz\u0103 presiunea uleiului hidraulic pentru a realiza o extensie \u0219i o retragere lin\u0103, r\u0103spunz\u00e2nd rapid la comenzile de control \u0219i oferind o putere substan\u021bial\u0103 de \u00eempingere \u0219i tragere, ideal\u0103 pentru manipularea obiectelor grele \u0219i a sarcinilor complexe.<\/li>\n<li><strong>Diverse tipuri:<\/strong> Disponibil \u00een configura\u021bii cu ac\u021biune simpl\u0103 sau dubl\u0103, cilindrul bra\u021bului poate fi adaptat pentru a satisface diverse nevoi opera\u021bionale. Unele modele includ designuri telescopice care permit o extensie mai mare f\u0103r\u0103 a cre\u0219te dimensiunile exterioare, ceea ce este perfect pentru aplica\u021bii cu spa\u021biu limitat.<\/li>\n<li><strong>Inginerie de precizie:<\/strong> Fiecare cilindru este fabricat cu toleran\u021be stricte pentru a asigura performan\u021be optime, longevitate \u0219i fiabilitate \u00een condi\u021bii dificile.<\/li>\n<li><strong>Fabrica\u021bie personalizat\u0103:<\/strong> Ne specializ\u0103m \u00een producerea acestui produs, asigur\u00e2ndu-ne c\u0103 cilindrii no\u0219tri hidraulici \u00eenlocuiesc perfect modelele existente, oferind o integrare perfect\u0103 cu diferite ma\u0219ini.<\/li>\n<\/ul>\n<p><img decoding=\"async\" src=\"https:\/\/www.hydraulic-cylinders.net\/wp-content\/uploads\/2025\/04\/songte-cylinder-head-with-all-kinds-excavator-models.webp\" alt=\"Imaginea chiulasei\" \/><\/p>\n<h2>Aplica\u021bii ale cilindrului bra\u021bului<\/h2>\n<h3>Echipamente de construc\u021bii<\/h3>\n<p>\u00cen excavatoare, cilindrul bra\u021bului joac\u0103 un rol esen\u021bial \u00een s\u0103pare, \u00eenc\u0103rcare \u0219i mutarea p\u0103m\u00e2ntului sau a resturilor. Acesta permite cupei s\u0103 func\u021bioneze cu precizie, asigur\u00e2nd c\u0103 materialele sunt excavate \u0219i transportate eficient. \u00cen cazul \u00eenc\u0103rc\u0103toarelor excavatoare, cilindrul cupei ajut\u0103 nu numai la s\u0103pare, ci \u0219i la ridicare, ceea ce \u00eel face o component\u0103 versatil\u0103, esen\u021bial\u0103 pentru opera\u021biunile de construc\u021bii.<\/p>\n<h3>Ma\u0219ini agricole<\/h3>\n<p>\u00cen cazul \u00eenc\u0103rc\u0103toarelor frontale, cilindrul bra\u021bului este crucial pentru \u00eenc\u0103rcarea, ridicarea \u0219i transportul solului, f\u00e2nului \u0219i altor materiale. Performan\u021ba sa fiabil\u0103 asigur\u0103 finalizarea eficient\u0103 a sarcinilor, sporind productivitatea \u00een opera\u021biunile agricole. F\u0103r\u0103 un cilindru care func\u021bioneaz\u0103 corect, eficien\u021ba acestor ma\u0219ini ar fi compromis\u0103 semnificativ.<\/p>\n<h3>Excavatoare<\/h3>\n<p>Cilindrul bra\u021bului permite cupei s\u0103 p\u0103trund\u0103 eficient \u00een sol, facilit\u00e2nd procesul de s\u0103pare. Aceast\u0103 func\u021bionalitate este vital\u0103 \u00een diverse scenarii de construc\u021bie, deoarece permite operatorilor s\u0103 ating\u0103 ad\u00e2ncimea dorit\u0103 \u0219i \u00eendep\u0103rtarea materialului cu u\u0219urin\u021b\u0103 \u0219i precizie.<\/p>\n<h3>\u00cenc\u0103rc\u0103toare<\/h3>\n<p>La \u00eenc\u0103rc\u0103toarele frontale, cilindrii bra\u021bului ajut\u0103 la ridicarea \u0219i desc\u0103rcarea eficient\u0103 a materialelor. Aceast\u0103 capacitate este esen\u021bial\u0103 pentru sarcini precum \u00eenc\u0103rcarea camioanelor sau mutarea materialelor vrac \u00een jurul \u0219antierelor, subliniind importan\u021ba sistemelor hidraulice fiabile \u00een opera\u021biunile de zi cu zi.<\/p>\n<h2>Considera\u021bii de proiectare \u0219i standarde de selec\u021bie<\/h2>\n<h3>Capacitate de \u00eenc\u0103rcare<\/h3>\n<p>Capacitatea de \u00eenc\u0103rcare a cilindrului bra\u021bului este un factor crucial \u00een proiectarea sa. Acesta trebuie s\u0103 fie capabil nu numai s\u0103 ridice greutatea materialelor, ci \u0219i s\u0103 suporte solicit\u0103ri suplimentare \u00een timpul func\u021bion\u0103rii. Calculele corecte \u0219i selec\u021bia materialelor sunt esen\u021biale pentru a se asigura c\u0103 cilindrul poate suporta sarcinile prev\u0103zute f\u0103r\u0103 defec\u021biuni.<\/p>\n<h3>Etan\u0219are \u0219i durabilitate<\/h3>\n<p>Etan\u0219area eficient\u0103 este vital\u0103 \u00een sistemele hidraulice pentru a preveni scurgerile de fluide \u0219i contaminarea. Designul cilindrului bra\u021bului \u00eencorporeaz\u0103 etan\u0219\u0103ri de \u00eenalt\u0103 calitate, fabricate din materiale durabile, asigur\u00e2nd longevitatea \u0219i fiabilitatea. Inspec\u021bia \u0219i \u00eentre\u021binerea regulat\u0103 a etan\u0219\u0103rilor sunt necesare pentru a men\u021bine performan\u021ba sistemului hidraulic.<\/p>\n<h3>Caracteristici de siguran\u021b\u0103<\/h3>\n<p>Siguran\u021ba este primordial\u0103 \u00een proiectarea sistemelor hidraulice. Cilindrii bra\u021bului sunt echipa\u021bi cu caracteristici de siguran\u021b\u0103 care previn supraextensia \u0219i asigur\u0103 o func\u021bionare sigur\u0103 sub sarcin\u0103. Incorporarea factorilor de siguran\u021b\u0103 \u00een proiectare ajut\u0103 la atenuarea riscurilor \u00een timpul func\u021bion\u0103rii, protej\u00e2nd at\u00e2t echipamentul, c\u00e2t \u0219i operatorii.<\/p>\n<h3>Accesibilitate pentru \u00eentre\u021binere<\/h3>\n<p>Considera\u021biile de proiectare trebuie s\u0103 includ\u0103 \u0219i accesibilitatea pentru \u00eentre\u021binere. Cilindrii bra\u021bului ar trebui s\u0103 permit\u0103 o inspec\u021bie \u0219i o \u00eentre\u021binere u\u0219oar\u0103 pentru a-i men\u021bine \u00een stare optim\u0103. Caracteristicile de proiectare care faciliteaz\u0103 accesul rapid la piesele critice pot reduce semnificativ timpii de nefunc\u021bionare \u0219i costurile de \u00eentre\u021binere.<\/p>\n<p><img decoding=\"async\" src=\"https:\/\/www.hydraulic-cylinders.net\/wp-content\/uploads\/2025\/04\/songte-oil-pipes-and-spare-parts.webp\" alt=\"Conducte de petrol \u0219i piese de schimb\" \/><\/p>\n<h2>Etan\u0219are \u0219i lubrifiere<\/h2>\n<p>Sistemul de etan\u0219are al cilindrului bra\u021bului este proiectat folosind diverse garnituri, cum ar fi garniturile pistonului \u0219i garniturile tijei, fabricate din materiale rezistente la uzur\u0103, cum ar fi poliuretanul \u0219i cauciucul nitrilic. Aceste garnituri joac\u0103 un rol esen\u021bial \u00een men\u021binerea presiunii \u0219i prevenirea scurgerilor de fluid hidraulic.<\/p>\n<p>Suprafe\u021bele cilindrului \u0219i ale cap\u0103turilor filetate sunt prelucrate meticulos pentru a spori rezisten\u021ba la uzur\u0103, asigur\u00e2nd o func\u021bionare fiabil\u0103 pe toat\u0103 durata de via\u021b\u0103 a cilindrului. Lubrifierea regulat\u0103 cu ulei hidraulic este necesar\u0103 pentru a men\u021bine o func\u021bionare lin\u0103 \u0219i a preveni uzura componentelor interne.<\/p>\n<h2>M\u0103suri de \u00eentre\u021binere preventiv\u0103<\/h2>\n<ul>\n<li><strong>Inspec\u021bii regulate:<\/strong> Inspec\u021biile de rutin\u0103 ale cilindrului bra\u021bului pot ajuta la identificarea uzurii sau a deterior\u0103rii \u00eenainte ca acestea s\u0103 duc\u0103 la defec\u021biuni. C\u0103uta\u021bi semne de scurgeri, coroziune \u0219i zgomote anormale \u00een timpul func\u021bion\u0103rii.<\/li>\n<li><strong>Lubrifiere adecvat\u0103:<\/strong> Asigura\u021bi-v\u0103 c\u0103 uleiul hidraulic este la nivelul corespunz\u0103tor \u0219i c\u0103 utiliza\u021bi tipul corect de ulei. Lubrifierea regulat\u0103 este crucial\u0103 pentru men\u021binerea func\u021bionalit\u0103\u021bii \u0219i a longevit\u0103\u021bii cilindrului.<\/li>\n<li><strong>\u00cenlocuirea garniturii:<\/strong> Garniturile trebuie \u00eenlocuite conform recomand\u0103rilor produc\u0103torului. Garniturile uzate sau deteriorate pot duce la scurgeri de fluid hidraulic, compromi\u021b\u00e2nd performan\u021ba.<\/li>\n<\/ul>\n<h2>Instruc\u021biuni de instalare<\/h2>\n<p>Instalarea corect\u0103 a cilindrului bra\u021bului este esen\u021bial\u0103 pentru o performan\u021b\u0103 optim\u0103. \u00cencepe\u021bi prin a v\u0103 asigura c\u0103 ave\u021bi uneltele \u0219i echipamentul corect pentru instalare. Alinia\u021bi cilindrul cu precizie cu suporturile de montare, asigur\u00e2ndu-v\u0103 c\u0103 este fixat \u00een siguran\u021b\u0103 \u00een pozi\u021bie. Este recomandabil s\u0103 utiliza\u021bi suporturi de montare adecvate pentru a asigura stabilitatea \u0219i a preveni nealinierea \u00een timpul func\u021bion\u0103rii.<\/p>\n<p>Dup\u0103 aliniere, str\u00e2nge\u021bi bine toate elementele de fixare conform specifica\u021biilor produc\u0103torului. Dup\u0103 instalare, efectua\u021bi o inspec\u021bie am\u0103nun\u021bit\u0103 \u0219i testa\u021bi func\u021bionarea cilindrului bra\u021bului f\u0103r\u0103 sarcin\u0103 pentru a v\u0103 asigura c\u0103 totul func\u021bioneaz\u0103 corect. Efectua\u021bi ajust\u0103rile necesare \u00eenainte de a aplica sarcini opera\u021bionale.<\/p>\n<h2>Sarcini comune de \u00eentre\u021binere<\/h2>\n<ul>\n<li><strong>Verific\u0103ri regulate:<\/strong> Efectua\u021bi verific\u0103ri regulate ale cilindrului bra\u021bului pentru a depista orice semne de uzur\u0103 sau scurgeri. \u00centre\u021binerea proactiv\u0103 ajut\u0103 la prevenirea defec\u021biunilor nea\u0219teptate.<\/li>\n<li><strong>Lubrifiere adecvat\u0103:<\/strong> Asigura\u021bi-v\u0103 c\u0103 sistemul hidraulic este lubrifiat corespunz\u0103tor pentru a facilita o func\u021bionare lin\u0103. Aceasta include verificarea regulat\u0103 a nivelului \u0219i calit\u0103\u021bii uleiului.<\/li>\n<li><strong>\u00cenlocuirea garniturii:<\/strong> Monitoriza\u021bi starea garniturilor \u0219i \u00eenlocui\u021bi-le dup\u0103 cum este necesar pentru a men\u021bine presiunea \u0219i a preveni scurgerile. Etan\u0219area corect\u0103 este esen\u021bial\u0103 pentru o func\u021bionare hidraulic\u0103 eficient\u0103.<\/li>\n<\/ul>\n<h2>Considera\u021bii de siguran\u021b\u0103 \u0219i factori de mediu<\/h2>\n<p>La operarea sistemelor hidraulice, m\u0103surile de siguran\u021b\u0103 sunt cruciale. Operatorii trebuie instrui\u021bi s\u0103 \u00een\u021beleag\u0103 limitele opera\u021bionale ale cilindrului bra\u021bului, inclusiv capacit\u0103\u021bile de \u00eenc\u0103rcare \u0219i practicile de manipulare \u00een siguran\u021b\u0103. Echipamentul de siguran\u021b\u0103 adecvat \u0219i respectarea protocoalelor de siguran\u021b\u0103 pot reduce la minimum riscul de accidente.<\/p>\n<h2>Depanare \u0219i probleme frecvente<\/h2>\n<ul>\n<li><strong>Scurgere:<\/strong> O problem\u0103 frecvent\u0103 este scurgerea de fluid hidraulic, adesea cauzat\u0103 de garnituri uzate. Pentru a remedia acest lucru, inspecta\u021bi garniturile \u0219i \u00eenlocui\u021bi-le dup\u0103 cum este necesar, asigur\u00e2ndu-v\u0103 c\u0103 toate conexiunile sunt str\u00e2nse.<\/li>\n<li><strong>Performan\u021b\u0103 redus\u0103:<\/strong> Dac\u0103 cilindrul bra\u021bului nu r\u0103spunde conform a\u0219tept\u0103rilor, verifica\u021bi dac\u0103 exist\u0103 blocaje \u00een conductele hidraulice \u0219i asigura\u021bi-v\u0103 c\u0103 fluidul hidraulic este la nivelul \u0219i calitatea corecte.<\/li>\n<li><strong>Zgomote ciudate:<\/strong> Zgomotele neobi\u0219nuite \u00een timpul func\u021bion\u0103rii pot indica deterior\u0103ri interne sau lips\u0103 de lubrifiere. Verifica\u021bi imediat \u0219i efectua\u021bi repara\u021biile necesare.<\/li>\n<\/ul>\n<h2>Diagnosticarea produsului \u0219i m\u0103surile preventive<\/h2>\n<p>Pentru a diagnostica eficient problemele legate de cilindrul bra\u021bului, operatorii trebuie s\u0103 fie vigilen\u021bi \u00een observarea performan\u021bei \u00een timpul func\u021bion\u0103rii. Verifica\u021bi periodic dac\u0103 exist\u0103 semne de uzur\u0103 \u0219i asculta\u021bi orice sunete neobi\u0219nuite. M\u0103surile preventive, cum ar fi \u00eentre\u021binerea \u0219i inspec\u021biile programate, pot reduce semnificativ probabilitatea unor defec\u021biuni nea\u0219teptate.<\/p>\n<p><img decoding=\"async\" src=\"https:\/\/www.hydraulic-cylinders.net\/wp-content\/uploads\/2025\/04\/songte-bushings-with-all-kinds-of-excavator-models.webp\" alt=\"Buc\u0219e pentru modele de excavatoare\" \/><\/p>\n<h2>Despre compania noastr\u0103<\/h2>\n<p>Suntem un produc\u0103tor specializat \u00een cilindri hidraulici, oferind o gam\u0103 complet\u0103 de produse pentru a satisface diversele nevoi ale pie\u021bei. \u00cen calitate de produc\u0103tor \u0219i distribuitor angro de cilindri hidraulici de top, at\u00e2t pe pia\u021ba intern\u0103, c\u00e2t \u0219i pe cea interna\u021bional\u0103, punem pe primul loc excelen\u021ba \u00een calitate.<\/p>\n<p>Opera\u021biunile noastre se bazeaz\u0103 pe strategii rafinate de management al produc\u021biei, angaj\u00e2nd tehnicieni califica\u021bi, echipamente digitale avansate de produc\u021bie \u0219i sisteme profesionale de testare. Acest angajament fa\u021b\u0103 de \u00eembun\u0103t\u0103\u021birea continu\u0103 \u0219i inovare \u00eembun\u0103t\u0103\u021be\u0219te platforma noastr\u0103 de produc\u021bie, asigur\u00e2nd o eficien\u021b\u0103 ridicat\u0103, precizie \u0219i calitate pentru a satisface cerin\u021bele variate ale clien\u021bilor no\u0219tri.<\/p>\n<p>De asemenea, oferim servicii personalizate pentru a satisface cerin\u021bele specifice ale clien\u021bilor, iar produsele noastre sunt dotate cu certific\u0103ri interna\u021bionale, asigur\u00e2nd c\u0103 respect\u0103 standardele globale. Serviciul nostru dedicat post-v\u00e2nzare sprijin\u0103 clien\u021bii no\u0219tri \u00een maximizarea duratei de via\u021b\u0103 \u0219i a performan\u021bei produselor noastre.<\/p>\n<p><img decoding=\"async\" src=\"https:\/\/www.hydraulic-cylinders.net\/wp-content\/uploads\/2025\/04\/songte-company-4.webp\" alt=\"Prezentare general\u0103 a companiei\" \/><br \/>\n<img decoding=\"async\" src=\"https:\/\/www.hydraulic-cylinders.net\/wp-content\/uploads\/2025\/04\/songte-company-3.webp\" alt=\"Facilit\u0103\u021bi ale companiei\" \/><\/p>\n<p>Autor: lyl<\/p>","protected":false},"excerpt":{"rendered":"<p>Boom Cylinder For Volwa Middle Excavator DLS260 Product Overview The Boom Cylinder for Volwa Middle Excavator DLS260 is a critical component in modern hydraulic systems used in heavy machinery. This hydraulic cylinder is specifically designed to control the movement of the bucket in various heavy-duty equipment such as excavators, backhoe loaders, and front loaders. It [&hellip;]<\/p>","protected":false},"featured_media":17873,"comment_status":"open","ping_status":"closed","template":"","meta":{"_et_pb_use_builder":"","_et_pb_old_content":"","_et_gb_content_width":""},"product_brand":[],"product_cat":[1546],"product_tag":[1547,1496],"class_list":{"0":"post-19610","1":"product","2":"type-product","3":"status-publish","4":"has-post-thumbnail","6":"product_cat-boom-cylinders","7":"product_tag-boom-cylinders","8":"product_tag-hydraulic-cylinders","10":"first","11":"instock","12":"shipping-taxable","13":"product-type-simple"},"amp_enabled":true,"_links":{"self":[{"href":"https:\/\/www.hydraulic-cylinders.net\/ro\/wp-json\/wp\/v2\/product\/19610","targetHints":{"allow":["GET"]}}],"collection":[{"href":"https:\/\/www.hydraulic-cylinders.net\/ro\/wp-json\/wp\/v2\/product"}],"about":[{"href":"https:\/\/www.hydraulic-cylinders.net\/ro\/wp-json\/wp\/v2\/types\/product"}],"replies":[{"embeddable":true,"href":"https:\/\/www.hydraulic-cylinders.net\/ro\/wp-json\/wp\/v2\/comments?post=19610"}],"wp:featuredmedia":[{"embeddable":true,"href":"https:\/\/www.hydraulic-cylinders.net\/ro\/wp-json\/wp\/v2\/media\/17873"}],"wp:attachment":[{"href":"https:\/\/www.hydraulic-cylinders.net\/ro\/wp-json\/wp\/v2\/media?parent=19610"}],"wp:term":[{"taxonomy":"product_brand","embeddable":true,"href":"https:\/\/www.hydraulic-cylinders.net\/ro\/wp-json\/wp\/v2\/product_brand?post=19610"},{"taxonomy":"product_cat","embeddable":true,"href":"https:\/\/www.hydraulic-cylinders.net\/ro\/wp-json\/wp\/v2\/product_cat?post=19610"},{"taxonomy":"product_tag","embeddable":true,"href":"https:\/\/www.hydraulic-cylinders.net\/ro\/wp-json\/wp\/v2\/product_tag?post=19610"}],"curies":[{"name":"wp","href":"https:\/\/api.w.org\/{rel}","templated":true}]}}