{"id":19612,"date":"2025-04-07T06:57:21","date_gmt":"2025-04-07T06:57:21","guid":{"rendered":"https:\/\/www.hydraulic-cylinders.net\/product\/boom-cylinder-for-volwa-middle-excavator-dls230-8h\/"},"modified":"2025-04-07T06:57:24","modified_gmt":"2025-04-07T06:57:24","slug":"boom-cylinder-for-volwa-middle-excavator-dls230-8h","status":"publish","type":"product","link":"https:\/\/www.hydraulic-cylinders.net\/ro\/produs\/boom-cylinder-for-volwa-middle-excavator-dls230-8h\/","title":{"rendered":"Cilindru bra\u021b pentru excavatorul mijlociu Volwa DLS230-8H"},"content":{"rendered":"<h1>Cilindru bra\u021b pentru excavatorul mijlociu Volwa DLS230-8H<\/h1>\n<h2>Introducere \u00een cilindrii bra\u021bului<\/h2>\n<p>Cilindrul bra\u021bului este o component\u0103 crucial\u0103 \u00een sistemele hidraulice ale utilajelor grele, cum ar fi excavatoarele, \u00eenc\u0103rc\u0103toarele cu excavator \u0219i \u00eenc\u0103rc\u0103toarele frontale. Acesta este special conceput pentru a controla mi\u0219carea cupei, permi\u021b\u00e2ndu-i s\u0103 ridice, s\u0103 coboare \u0219i s\u0103 \u00eencline eficient \u00een timpul sarcinilor de manipulare a materialelor. Ace\u0219ti cilindri utilizeaz\u0103 fluid hidraulic pentru a crea for\u021b\u0103, permi\u021b\u00e2nd utilajelor s\u0103 efectueze o varietate de opera\u021biuni cu precizie \u0219i eficien\u021b\u0103.<\/p>\n<p>Ca tip de cilindru hidraulic, cilindrul bra\u021bului joac\u0103 un rol semnificativ \u00een diverse aplica\u021bii din diferite industrii. Prin manipularea pozi\u021biei cupei, operatorii \u00ee\u0219i pot optimiza fluxul de lucru \u0219i pot cre\u0219te productivitatea pe \u0219antiere. Acest sistem hidraulic este esen\u021bial pentru sarcini precum s\u0103parea, \u00eenc\u0103rcarea \u0219i transportul materialelor, ceea ce \u00eel face un atu vital \u00een construc\u021bii, agricultur\u0103 \u0219i minerit.<\/p>\n<p><img decoding=\"async\" src=\"https:\/\/www.hydraulic-cylinders.net\/wp-content\/uploads\/2025\/04\/songte-company-1.webp\" alt=\"Imagine cilindru hidraulic\" \/><\/p>\n<h2>Caracteristici cheie ale cilindrului bra\u021bului<\/h2>\n<ul>\n<li><strong>Rezisten\u021b\u0103 \u0219i durabilitate ridicate:<\/strong> Fabricat din o\u021bel sau aluminiu de \u00eenalt\u0103 rezisten\u021b\u0103, cilindrul bra\u021bului poate rezista la presiuni ridicate \u0219i sarcini grele, fiind potrivit pentru condi\u021bii de lucru dure. Designul s\u0103u include rezisten\u021b\u0103 la uzur\u0103 \u0219i coroziune pentru a-i prelungi durata de via\u021b\u0103.<\/li>\n<li><strong>Func\u021bionare hidraulic\u0103 eficient\u0103:<\/strong> Cilindrul bra\u021bului func\u021bioneaz\u0103 lin folosind presiunea fluidului hidraulic, permi\u021b\u00e2nd un r\u0103spuns rapid la comenzile de control \u0219i oferind o for\u021b\u0103 substan\u021bial\u0103 de \u00eempingere \u0219i tragere, ideal\u0103 pentru manipularea obiectelor grele \u0219i a sarcinilor complexe.<\/li>\n<li><strong>Diverse tipuri:<\/strong> Disponibil \u00een configura\u021bii cu ac\u021biune simpl\u0103 (folosind sistemul hidraulic doar \u00eentr-o singur\u0103 direc\u021bie) sau cu ac\u021biune dubl\u0103 (folosind sistemul hidraulic \u00een ambele direc\u021bii), cilindrul bra\u021bului poate fi adaptat pentru a satisface diverse nevoi opera\u021bionale. Unele modele sunt dotate cu designuri telescopice pentru o extensie mai mare f\u0103r\u0103 a cre\u0219te dimensiunile exterioare, perfecte pentru aplica\u021bii cu spa\u021biu limitat.<\/li>\n<li><strong>Fabrica\u021bie personalizat\u0103:<\/strong> Compania noastr\u0103 este specializat\u0103 \u00een producerea acestor cilindri hidraulici pentru bra\u021b, asigur\u00e2ndu-se c\u0103 sunt \u00eenlocuitori perfec\u021bi pentru cilindrii hidraulici existen\u021bi din utilaje.<\/li>\n<li><strong>Aplica\u021bii versatile:<\/strong> Cilindrul bra\u021bului poate fi adaptat pentru diferite tipuri de utilaje, sporindu-i utilitatea \u00eentr-o gam\u0103 larg\u0103 de sarcini.<\/li>\n<\/ul>\n<p><img decoding=\"async\" src=\"https:\/\/www.hydraulic-cylinders.net\/wp-content\/uploads\/2025\/04\/songte-cylinder-head-with-all-kinds-excavator-models.webp\" alt=\"Imagine cu modele de excavatoare\" \/><\/p>\n<h2>Aplica\u021bii ale cilindrilor bra\u021bului<\/h2>\n<h3>Echipamente de construc\u021bii<\/h3>\n<p>\u00cen excavatoare, cilindrii bra\u021bului sunt esen\u021biali pentru s\u0103pare, \u00eenc\u0103rcare \u0219i mutarea p\u0103m\u00e2ntului sau a resturilor. Ace\u0219tia permit cupei s\u0103 p\u0103trund\u0103 eficient \u00een sol, asigur\u00e2nd procese eficiente de excavare. \u00cen cazul \u00eenc\u0103rc\u0103toarelor excavatoare, ace\u0219ti cilindri faciliteaz\u0103 at\u00e2t opera\u021biunile de s\u0103pare, c\u00e2t \u0219i cele de ridicare, fiind esen\u021biali pentru diverse sarcini de construc\u021bie.<\/p>\n<h3>Ma\u0219ini agricole<\/h3>\n<p>\u00cen \u00eenc\u0103rc\u0103toarele frontale, cilindrii bra\u021bului sunt utiliza\u021bi pentru a scoate, ridica \u0219i transporta solul, f\u00e2nul \u0219i alte materiale. Ace\u0219tia sporesc eficien\u021ba \u0219i eficacitatea opera\u021biunilor agricole, ajut\u00e2nd \u00een sarcini precum \u00eenc\u0103rcarea furajelor \u0219i mutarea materialelor vrac \u00een ferme.<\/p>\n<h3>Excavatoare<\/h3>\n<p>Cilindrul bra\u021bului este crucial \u00een excavatoare, permi\u021b\u00e2nd cupei s\u0103 p\u0103trund\u0103 \u00een sol pentru ac\u021biuni de excavare. Aceast\u0103 capacitate este esen\u021bial\u0103 pentru diverse sarcini de construc\u021bie \u0219i amenajare a teritoriului, oferind operatorilor puterea necesar\u0103 pentru a efectua opera\u021biuni eficiente de excavare.<\/p>\n<h3>\u00cenc\u0103rc\u0103toare<\/h3>\n<p>La \u00eenc\u0103rc\u0103toarele frontale, cilindrii bra\u021bului contribuie la ridicarea \u0219i desc\u0103rcarea eficient\u0103 a sarcinilor. Func\u021bionarea lor hidraulic\u0103 permite tranzi\u021bii line \u0219i mi\u0219c\u0103ri precise, asigur\u00e2nd siguran\u021ba \u0219i eficien\u021ba la manipularea materialelor grele.<\/p>\n<h2>Considera\u021bii de proiectare \u0219i criterii de selec\u021bie<\/h2>\n<h3>Capacitate de \u00eenc\u0103rcare<\/h3>\n<p>La proiectarea unui cilindru pentru bra\u021b, capacitatea de \u00eenc\u0103rcare este o considera\u021bie primordial\u0103. Acesta trebuie s\u0103 poat\u0103 suporta greutatea maxim\u0103 care va fi aplicat\u0103 \u00een timpul func\u021bion\u0103rii. Inginerii calculeaz\u0103 cerin\u021bele de \u00eenc\u0103rcare pe baza specifica\u021biilor utilajului \u0219i a sarcinilor pe care se a\u0219teapt\u0103 s\u0103 le \u00eendeplineasc\u0103. Selectarea unui cilindru cu capacitatea de \u00eenc\u0103rcare adecvat\u0103 asigur\u0103 siguran\u021ba \u0219i eficien\u021ba \u00een timpul opera\u021biunilor.<\/p>\n<h3>Performan\u021ba de etan\u0219are<\/h3>\n<p>Etan\u0219area eficient\u0103 este esen\u021bial\u0103 \u00een sistemele hidraulice. O etan\u0219are bine proiectat\u0103 previne scurgerile de fluid hidraulic, asigur\u00e2nd func\u021bionarea optim\u0103 \u0219i reduc\u00e2nd nevoile de \u00eentre\u021binere. Materialele utilizate pentru etan\u0219\u0103ri, cum ar fi poliuretanul \u0219i cauciucul nitrilic, sunt alese pentru rezisten\u021ba la uzur\u0103 \u0219i durabilitatea lor, contribuind la longevitatea general\u0103 a cilindrului bra\u021bului.<\/p>\n<h3>Durabilitate<\/h3>\n<p>Durabilitatea este esen\u021bial\u0103 pentru cilindrul bra\u021bului, deoarece acesta func\u021bioneaz\u0103 \u00een medii dure. Materialele \u0219i practicile inginere\u0219ti trebuie s\u0103 acorde prioritate rezisten\u021bei la uzur\u0103, coroziune \u0219i oboseal\u0103. Aceast\u0103 considera\u021bie asigur\u0103 c\u0103 cilindrul poate rezista rigorilor utiliz\u0103rii zilnice \u00een aplica\u021bii de construc\u021bii \u0219i agricultur\u0103.<\/p>\n<h3>Caracteristici de siguran\u021b\u0103<\/h3>\n<p>Incorporarea caracteristicilor de siguran\u021b\u0103 \u00een designul cilindrului bra\u021bului este crucial\u0103. Acestea pot include supape de suprapresiune, care previn acumularea excesiv\u0103 de presiune, \u0219i mecanisme de siguran\u021b\u0103 care asigur\u0103 func\u021bionarea \u00een siguran\u021b\u0103 a utilajelor chiar \u0219i \u00een condi\u021bii nefavorabile. Un cilindru bine proiectat prioritizeaz\u0103 siguran\u021ba operatorilor \u0219i a trec\u0103torilor deopotriv\u0103.<\/p>\n<h3>Mentenabilitate<\/h3>\n<p>Proiectarea pentru mentenan\u021b\u0103 permite inspec\u021bii \u0219i repara\u021bii mai u\u0219oare. Caracteristici precum punctele de lubrifiere accesibile \u0219i componentele modulare simplific\u0103 sarcinile de \u00eentre\u021binere, asigur\u00e2nd c\u0103 cilindrul bra\u021bului r\u0103m\u00e2ne \u00een stare bun\u0103 de func\u021bionare pe toat\u0103 durata sa de via\u021b\u0103. Accentul pus pe mentenan\u021b\u0103 reduce timpii de nefunc\u021bionare \u0219i spore\u0219te productivitatea.<\/p>\n<p><img decoding=\"async\" src=\"https:\/\/www.hydraulic-cylinders.net\/wp-content\/uploads\/2025\/04\/songte-oil-pipes-and-spare-parts.webp\" alt=\"Imagine cu \u021bevi de petrol \u0219i piese de schimb\" \/><\/p>\n<h2>Etan\u0219are \u0219i lubrifiere<\/h2>\n<p>Etan\u0219area \u0219i lubrifierea corespunz\u0103toare sunt fundamentale pentru func\u021bionarea eficient\u0103 a cilindrilor bra\u021bului. Diverse elemente de etan\u0219are, cum ar fi etan\u0219\u0103rile pistonului \u0219i etan\u0219\u0103rile tijei, sunt utilizate pentru a preveni scurgerile de fluid hidraulic. Aceste etan\u0219\u0103ri sunt de obicei fabricate din materiale durabile, cum ar fi poliuretanul \u0219i cauciucul nitrilic, care ofer\u0103 o rezisten\u021b\u0103 excelent\u0103 la uzur\u0103.<\/p>\n<p>Corpul cilindrului \u0219i capetele filetate sunt supuse unor procese precise de finisare pentru a le spori durabilitatea \u0219i rezisten\u021ba la uzur\u0103. \u00centre\u021binerea regulat\u0103 include ad\u0103ugarea unei cantit\u0103\u021bi adecvate de ulei hidraulic pentru a asigura o func\u021bionare lin\u0103 \u0219i pentru a reduce frecarea dintre piesele mobile. Aceast\u0103 lubrifiere este esen\u021bial\u0103 pentru prevenirea uzurii premature \u0219i asigurarea longevit\u0103\u021bii cilindrului bra\u021bului.<\/p>\n<h2>Inspec\u021bie regulat\u0103 \u0219i \u00eentre\u021binere preventiv\u0103<\/h2>\n<ul>\n<li><strong>Inspec\u021bii de rutin\u0103:<\/strong> Efectua\u021bi inspec\u021bii regulate pentru a verifica dac\u0103 exist\u0103 scurgeri, uzur\u0103 \u0219i alte semne de deteriorare. Identificarea problemelor din timp poate preveni probleme mai semnificative \u0219i repara\u021bii costisitoare.<\/li>\n<li><strong>Lubrifiere adecvat\u0103:<\/strong> Asigura\u021bi-v\u0103 c\u0103 cilindrul bra\u021bului este lubrifiat corespunz\u0103tor pentru a facilita o func\u021bionare lin\u0103 \u0219i a reduce uzura. Folosi\u021bi ulei hidraulic de \u00eenalt\u0103 calitate \u0219i urma\u021bi instruc\u021biunile produc\u0103torului privind programele de lubrifiere.<\/li>\n<li><strong>\u00cenlocuirea garniturii:<\/strong> Verifica\u021bi periodic starea garniturilor \u0219i \u00eenlocui\u021bi-le dup\u0103 cum este necesar. Garniturile uzate sau deteriorate pot duce la scurgeri de fluid hidraulic, compromi\u021b\u00e2nd func\u021bionarea \u0219i siguran\u021ba cilindrului.<\/li>\n<\/ul>\n<h2>Instruc\u021biuni de instalare<\/h2>\n<p>Instalarea unui cilindru de bra\u021b necesit\u0103 o aten\u021bie deosebit\u0103 detaliilor pentru a asigura o performan\u021b\u0103 optim\u0103. \u00cencepe\u021bi prin a v\u0103 asigura c\u0103 cilindrul este aliniat corect cu punctele de montare ale utilajului. Nealinierea poate duce la uzur\u0103 prematur\u0103 \u0219i defec\u021biuni.<\/p>\n<p>Folosi\u021bi console de montare adecvate pentru a fixa cilindrul \u00een pozi\u021bie, asigur\u00e2ndu-v\u0103 c\u0103 este fixat ferm pe cadrul utilajului. \u00cenainte de a finaliza instalarea, verifica\u021bi din nou toate conexiunile hidraulice pentru scurgeri \u0219i fitinguri corecte. Respectarea specifica\u021biilor produc\u0103torului pentru instalare este crucial\u0103 pentru ob\u021binerea celei mai bune performan\u021be \u0219i a unei durate de via\u021b\u0103 optime pentru cilindrul bra\u021bului.<\/p>\n<h2>Sarcini comune de \u00eentre\u021binere<\/h2>\n<ul>\n<li><strong>Inspec\u021bii regulate:<\/strong> Efectua\u021bi inspec\u021bii pentru a detecta orice semne de uzur\u0103 sau deteriorare. Observarea oric\u0103ror nereguli poate ajuta la remedierea problemelor \u00eenainte ca acestea s\u0103 escaladeze.<\/li>\n<li><strong>Lubrifiere adecvat\u0103:<\/strong> Asigura\u021bi-v\u0103 c\u0103 lubrifierea este efectuat\u0103 conform programului recomandat. Aceast\u0103 practic\u0103 reduce la minimum frecarea \u0219i uzura, prelungind durata de via\u021b\u0103 a cilindrului.<\/li>\n<li><strong>\u00cenlocuirea garniturii:<\/strong> Monitoriza\u021bi periodic starea garniturilor \u0219i \u00eenlocui\u021bi-le dup\u0103 cum este necesar. Garniturile uzate pot duce la scurgeri de lichid hidraulic, afect\u00e2nd performan\u021ba.<\/li>\n<\/ul>\n<h2>Considera\u021bii de siguran\u021b\u0103 \u0219i factori de mediu<\/h2>\n<p>Atunci c\u00e2nd se lucreaz\u0103 cu cilindrii bra\u021bului, m\u0103surile de siguran\u021b\u0103 sunt primordiale. Operatorii trebuie s\u0103 poarte echipament individual de protec\u021bie (EIP) adecvat \u0219i s\u0103 fie instrui\u021bi cu privire la procedurile de operare \u00een siguran\u021b\u0103. De asemenea, este vital s\u0103 se asigure c\u0103 sistemul hidraulic este bine \u00eentre\u021binut pentru a preveni accidentele. Factorii de mediu, cum ar fi expunerea la temperaturi extreme \u0219i materiale corozive, trebuie lua\u021bi \u00een considerare, deoarece ace\u0219tia pot afecta integritatea cilindrului bra\u021bului.<\/p>\n<h2>Depanare \u0219i probleme frecvente<\/h2>\n<ul>\n<li><strong>Scurgere de fluid hidraulic:<\/strong> Dac\u0103 se detecteaz\u0103 o scurgere de fluid hidraulic, verifica\u021bi garniturile \u0219i conexiunile pentru uzur\u0103 sau deteriorare. \u00cenlocuirea garniturilor uzate \u0219i asigurarea etan\u0219eit\u0103\u021bii conexiunilor pot rezolva aceast\u0103 problem\u0103.<\/li>\n<li><strong>Performan\u021b\u0103 slab\u0103:<\/strong> Dac\u0103 cilindrul bra\u021bului nu r\u0103spunde conform a\u0219tept\u0103rilor, verifica\u021bi dac\u0103 exist\u0103 blocaje \u00een conductele hidraulice sau niveluri sc\u0103zute de lichid. Rezolvarea acestor probleme poate restabili func\u021bionarea optim\u0103.<\/li>\n<li><strong>Zgomote neobi\u0219nuite:<\/strong> Zgomotele neobi\u0219nuite \u00een timpul func\u021bion\u0103rii pot indica uzur\u0103 sau deteriorare intern\u0103. Inspecta\u021bi cilindrul pentru semne vizibile de deteriorare \u0219i lua\u021bi \u00een considerare consultarea unui profesionist, dac\u0103 este necesar.<\/li>\n<\/ul>\n<p>Implementarea m\u0103surilor preventive poate minimiza poten\u021bialele probleme \u0219i poate prelungi durata de via\u021b\u0103 a cilindrului bra\u021bului. \u00centre\u021binerea regulat\u0103, inspec\u021biile \u0219i aten\u021bia prompt\u0103 la probleme sunt strategii cheie \u00een asigurarea func\u021bionalit\u0103\u021bii pe termen lung.<\/p>\n<p><img decoding=\"async\" src=\"https:\/\/www.hydraulic-cylinders.net\/wp-content\/uploads\/2025\/04\/songte-bushings-with-all-kinds-of-excavator-models.webp\" alt=\"Imagine buc\u0219\u0103\" \/><\/p>\n<h2>Despre compania noastr\u0103<\/h2>\n<p>Suntem un produc\u0103tor \u0219i distribuitor angro de top de cilindri hidraulici de schimb, cunoscu\u021bi pentru gama noastr\u0103 extins\u0103 de produse \u0219i angajamentul fa\u021b\u0103 de calitate. Compania noastr\u0103 s-a impus ca un juc\u0103tor important at\u00e2t pe pie\u021bele interne, c\u00e2t \u0219i pe cele interna\u021bionale.<\/p>\n<p>Ader\u0103m la o filozofie a excelen\u021bei \u00een calitate, utiliz\u00e2nd strategii avansate de fabrica\u021bie \u0219i echipamente digitale de ultim\u0103 genera\u021bie. Sistemul nostru de management al produc\u021biei se concentreaz\u0103 pe \u00eembun\u0103t\u0103\u021birea continu\u0103, utiliz\u00e2nd personal tehnic calificat \u0219i sisteme profesionale de testare pentru a ne spori capacit\u0103\u021bile de produc\u021bie.<\/p>\n<p>Angajamentul nostru fa\u021b\u0103 de eficien\u021b\u0103 ridicat\u0103, precizie \u0219i calitate ne permite s\u0103 satisfacem diversele nevoi ale clien\u021bilor. Oferim servicii personalizate, adaptate cerin\u021belor specifice, asigur\u00e2ndu-ne c\u0103 produsele noastre sunt nu doar fiabile, ci \u0219i potrivite pentru diverse aplica\u021bii.<\/p>\n<p><img decoding=\"async\" src=\"https:\/\/www.hydraulic-cylinders.net\/wp-content\/uploads\/2025\/04\/songte-company-4.webp\" alt=\"Imaginea companiei\" \/><br \/>\n<img decoding=\"async\" src=\"https:\/\/www.hydraulic-cylinders.net\/wp-content\/uploads\/2025\/04\/songte-company-3.webp\" alt=\"Imaginea companiei\" \/><\/p>\n<p>Autor: lyl<\/p>","protected":false},"excerpt":{"rendered":"<p>Boom Cylinder For Volwa Middle Excavator DLS230-8H Introduction to Boom Cylinders The boom cylinder is a crucial component in the hydraulic systems of heavy machinery such as excavators, backhoe loaders, and front loaders. It is specifically designed to control the movement of the bucket, allowing it to lift, lower, and tilt efficiently during material handling [&hellip;]<\/p>","protected":false},"featured_media":17875,"comment_status":"open","ping_status":"closed","template":"","meta":{"_et_pb_use_builder":"","_et_pb_old_content":"","_et_gb_content_width":""},"product_brand":[],"product_cat":[1546],"product_tag":[1547,1496],"class_list":{"0":"post-19612","1":"product","2":"type-product","3":"status-publish","4":"has-post-thumbnail","6":"product_cat-boom-cylinders","7":"product_tag-boom-cylinders","8":"product_tag-hydraulic-cylinders","10":"first","11":"instock","12":"shipping-taxable","13":"product-type-simple"},"amp_enabled":true,"_links":{"self":[{"href":"https:\/\/www.hydraulic-cylinders.net\/ro\/wp-json\/wp\/v2\/product\/19612","targetHints":{"allow":["GET"]}}],"collection":[{"href":"https:\/\/www.hydraulic-cylinders.net\/ro\/wp-json\/wp\/v2\/product"}],"about":[{"href":"https:\/\/www.hydraulic-cylinders.net\/ro\/wp-json\/wp\/v2\/types\/product"}],"replies":[{"embeddable":true,"href":"https:\/\/www.hydraulic-cylinders.net\/ro\/wp-json\/wp\/v2\/comments?post=19612"}],"wp:featuredmedia":[{"embeddable":true,"href":"https:\/\/www.hydraulic-cylinders.net\/ro\/wp-json\/wp\/v2\/media\/17875"}],"wp:attachment":[{"href":"https:\/\/www.hydraulic-cylinders.net\/ro\/wp-json\/wp\/v2\/media?parent=19612"}],"wp:term":[{"taxonomy":"product_brand","embeddable":true,"href":"https:\/\/www.hydraulic-cylinders.net\/ro\/wp-json\/wp\/v2\/product_brand?post=19612"},{"taxonomy":"product_cat","embeddable":true,"href":"https:\/\/www.hydraulic-cylinders.net\/ro\/wp-json\/wp\/v2\/product_cat?post=19612"},{"taxonomy":"product_tag","embeddable":true,"href":"https:\/\/www.hydraulic-cylinders.net\/ro\/wp-json\/wp\/v2\/product_tag?post=19612"}],"curies":[{"name":"wp","href":"https:\/\/api.w.org\/{rel}","templated":true}]}}